{"id":10247,"date":"2022-02-28T12:10:50","date_gmt":"2022-02-28T18:10:50","guid":{"rendered":"https:\/\/riograndezac.gob.mx\/informatica\/?page_id=10247"},"modified":"2022-02-28T12:35:57","modified_gmt":"2022-02-28T18:35:57","slug":"construccion-cerco-perimetral-del-nuevo-panteon-municipal-de-rio-grande-zac-primera-etapa","status":"publish","type":"page","link":"https:\/\/riograndezac.gob.mx\/informatica\/?page_id=10247","title":{"rendered":"CONSTRUCCION CERCO PERIMETRAL DEL NUEVO PANTEON MUNICIPAL DE RIO GRANDE, ZAC. PRIMERA ETAPA"},"content":{"rendered":"\n<p><strong>DESCRIPCI\u00d3N DE LA LICITACI\u00d3N<\/strong><\/p>\n\n\n\n<ul class=\"wp-block-list\"><li><strong>CONVOCANTE<\/strong><ul><li>R. AYUNTAMIENTO 2021- 2024<\/li><\/ul><\/li><li><strong>LUGAR DONDE SE PUEDEN ADQUIRIR LAS BASES<\/strong><ul><li>El lugar de reuni\u00f3n ser\u00e1 en la Direcci\u00f3n de Obras y Servicios P\u00fablicos, de R. Ayuntamiento R\u00edo Grande localizado en Calle Constituci\u00f3n #36, R\u00edo Grande, Zac, a las\u00a0<strong>09:00<\/strong>\u00a0horas,<\/li><\/ul><\/li><li><strong>FECHA DE VISITA<\/strong><ul><li><strong>jueves 16 diciembre 2021 a las 10:00 hrs<\/strong><\/li><\/ul><\/li><li><strong>FECHA DE JUNTA DE ACLARACIONES<\/strong><ul><li><strong>jueves 16 septiembre 2021 a las 13:00 hrs.<\/strong><\/li><\/ul><\/li><li><strong>FECHA DE APERTURA DE PROPUESTAS<\/strong><ul><li><strong>Mi\u00e9rcoles 22 de diciembre 2021<\/strong> <strong>a las 10:00 hrs.<\/strong><\/li><\/ul><\/li><\/ul>\n\n\n\n<figure class=\"wp-block-table is-style-stripes\"><table><tbody><tr><td><strong>SUFICIENCIA PRESUPUESTARIA<\/strong><\/td><td><strong>BASES DE LICITACION<\/strong><\/td><td class=\"has-text-align-center\" data-align=\"center\"><\/td><\/tr><tr><td><a href=\"https:\/\/riograndezac.gob.mx\/informatica\/wp-content\/uploads\/2022\/02\/ACUERDO-MOD-EJECUCION.pdf\" data-type=\"URL\" data-id=\"https:\/\/riograndezac.gob.mx\/informatica\/wp-content\/uploads\/2022\/02\/ACUERDO-MOD-EJECUCION.pdf\" target=\"_blank\" rel=\"noreferrer noopener\"><img loading=\"lazy\" decoding=\"async\" width=\"120\" height=\"120\" class=\"wp-image-9073\" style=\"width: 120px;\" src=\"https:\/\/riograndezac.gob.mx\/informatica\/wp-content\/uploads\/2021\/07\/PDFITO-1.png\" alt=\"\" srcset=\"https:\/\/riograndezac.gob.mx\/informatica\/wp-content\/uploads\/2021\/07\/PDFITO-1.png 512w, https:\/\/riograndezac.gob.mx\/informatica\/wp-content\/uploads\/2021\/07\/PDFITO-1-365x365.png 365w\" sizes=\"auto, (max-width: 120px) 100vw, 120px\" \/><\/a><\/td><td><a rel=\"noreferrer noopener\" href=\"https:\/\/riograndezac.gob.mx\/informatica\/wp-content\/uploads\/2022\/02\/BASES-DE-LICITACION_CERCO-PANTEON.pdf\" data-type=\"URL\" data-id=\"https:\/\/riograndezac.gob.mx\/informatica\/wp-content\/uploads\/2022\/02\/BASES-DE-LICITACION_CERCO-PANTEON.pdf\" target=\"_blank\"><img loading=\"lazy\" decoding=\"async\" width=\"120\" height=\"120\" class=\"wp-image-9073\" style=\"width: 120px;\" src=\"https:\/\/riograndezac.gob.mx\/informatica\/wp-content\/uploads\/2021\/07\/PDFITO-1.png\" alt=\"\" srcset=\"https:\/\/riograndezac.gob.mx\/informatica\/wp-content\/uploads\/2021\/07\/PDFITO-1.png 512w, https:\/\/riograndezac.gob.mx\/informatica\/wp-content\/uploads\/2021\/07\/PDFITO-1-365x365.png 365w\" sizes=\"auto, (max-width: 120px) 100vw, 120px\" \/><\/a><br>BASES DE LICITACION <br>CERCO PANTEON<\/td><td class=\"has-text-align-center\" data-align=\"center\"><a href=\"https:\/\/riograndezac.gob.mx\/informatica\/wp-content\/uploads\/2022\/02\/ANEXOS-ESTATALES.docx\" data-type=\"URL\" data-id=\"https:\/\/riograndezac.gob.mx\/informatica\/wp-content\/uploads\/2022\/02\/ANEXOS-ESTATALES.docx\" target=\"_blank\" rel=\"noreferrer noopener\"><img loading=\"lazy\" decoding=\"async\" width=\"150\" height=\"113\" class=\"wp-image-9078\" style=\"width: 150px;\" src=\"https:\/\/riograndezac.gob.mx\/informatica\/wp-content\/uploads\/2021\/07\/LOGOWORD.png\" alt=\"\" srcset=\"https:\/\/riograndezac.gob.mx\/informatica\/wp-content\/uploads\/2021\/07\/LOGOWORD.png 1000w, https:\/\/riograndezac.gob.mx\/informatica\/wp-content\/uploads\/2021\/07\/LOGOWORD-487x365.png 487w, https:\/\/riograndezac.gob.mx\/informatica\/wp-content\/uploads\/2021\/07\/LOGOWORD-840x630.png 840w, https:\/\/riograndezac.gob.mx\/informatica\/wp-content\/uploads\/2021\/07\/LOGOWORD-768x576.png 768w\" sizes=\"auto, (max-width: 150px) 100vw, 150px\" \/><\/a><br>ANEXOS ESTATALES<\/td><\/tr><tr><td><strong>INVITACIONES<\/strong> <\/td><td><\/td><td class=\"has-text-align-center\" data-align=\"center\"><strong>CATALOGOS Y PLANOS<\/strong><\/td><\/tr><tr><td><a rel=\"noreferrer noopener\" href=\"https:\/\/riograndezac.gob.mx\/informatica\/wp-content\/uploads\/2022\/02\/INVITACIONES-CONTRATISTAS.pdf\" data-type=\"URL\" data-id=\"https:\/\/riograndezac.gob.mx\/informatica\/wp-content\/uploads\/2022\/02\/INVITACIONES-CONTRATISTAS.pdf\" target=\"_blank\"><img loading=\"lazy\" decoding=\"async\" width=\"120\" height=\"120\" class=\"wp-image-9073\" style=\"width: 120px;\" src=\"https:\/\/riograndezac.gob.mx\/informatica\/wp-content\/uploads\/2021\/07\/PDFITO-1.png\" alt=\"\" srcset=\"https:\/\/riograndezac.gob.mx\/informatica\/wp-content\/uploads\/2021\/07\/PDFITO-1.png 512w, https:\/\/riograndezac.gob.mx\/informatica\/wp-content\/uploads\/2021\/07\/PDFITO-1-365x365.png 365w\" sizes=\"auto, (max-width: 120px) 100vw, 120px\" \/><\/a><br>INVITACIONES <br>CONTRATISTAS<\/td><td><a rel=\"noreferrer noopener\" href=\"https:\/\/riograndezac.gob.mx\/informatica\/wp-content\/uploads\/2022\/02\/INVITACIONES-FUNCIONARIOS.pdf\" data-type=\"URL\" data-id=\"https:\/\/riograndezac.gob.mx\/informatica\/wp-content\/uploads\/2022\/02\/INVITACIONES-FUNCIONARIOS.pdf\" target=\"_blank\"><img loading=\"lazy\" decoding=\"async\" width=\"120\" height=\"120\" class=\"wp-image-9073\" style=\"width: 120px;\" src=\"https:\/\/riograndezac.gob.mx\/informatica\/wp-content\/uploads\/2021\/07\/PDFITO-1.png\" alt=\"\" srcset=\"https:\/\/riograndezac.gob.mx\/informatica\/wp-content\/uploads\/2021\/07\/PDFITO-1.png 512w, https:\/\/riograndezac.gob.mx\/informatica\/wp-content\/uploads\/2021\/07\/PDFITO-1-365x365.png 365w\" sizes=\"auto, (max-width: 120px) 100vw, 120px\" \/><\/a><br>INVITACIONES <br>FUNCIONARIOS<\/td><td class=\"has-text-align-center\" data-align=\"center\"><a href=\"https:\/\/riograndezac.gob.mx\/informatica\/wp-content\/uploads\/2022\/02\/CATAPLANOS.zip\" data-type=\"URL\" data-id=\"https:\/\/riograndezac.gob.mx\/informatica\/wp-content\/uploads\/2022\/02\/CATAPLANOS.zip\" target=\"_blank\" rel=\"noreferrer noopener\"><img loading=\"lazy\" decoding=\"async\" width=\"120\" height=\"120\" class=\"wp-image-9768\" style=\"width: 120px;\" src=\"https:\/\/riograndezac.gob.mx\/informatica\/wp-content\/uploads\/2021\/11\/descarga.jpg\" alt=\"\"><\/a><br>CATALOGOS Y PLANOS .ZIP<\/td><\/tr><tr><td><strong>VISITA DE OBRA<\/strong><\/td><td><strong>JUNTA DE ACLARACIONES<\/strong><\/td><td class=\"has-text-align-center\" data-align=\"center\"><strong>PRESENTACION Y APERTURA<\/strong><\/td><\/tr><tr><td><a href=\"https:\/\/riograndezac.gob.mx\/informatica\/wp-content\/uploads\/2022\/02\/ACTA-VISITA-OBRA.pdf\" data-type=\"URL\" data-id=\"https:\/\/riograndezac.gob.mx\/informatica\/wp-content\/uploads\/2022\/02\/ACTA-VISITA-OBRA.pdf\" target=\"_blank\" rel=\"noreferrer noopener\"><img loading=\"lazy\" decoding=\"async\" width=\"120\" height=\"120\" class=\"wp-image-9073\" style=\"width: 120px;\" src=\"https:\/\/riograndezac.gob.mx\/informatica\/wp-content\/uploads\/2021\/07\/PDFITO-1.png\" alt=\"\" srcset=\"https:\/\/riograndezac.gob.mx\/informatica\/wp-content\/uploads\/2021\/07\/PDFITO-1.png 512w, https:\/\/riograndezac.gob.mx\/informatica\/wp-content\/uploads\/2021\/07\/PDFITO-1-365x365.png 365w\" sizes=\"auto, (max-width: 120px) 100vw, 120px\" \/><\/a><br>ACTA VISITA<\/td><td><a href=\"https:\/\/riograndezac.gob.mx\/informatica\/wp-content\/uploads\/2022\/02\/ACTA-JUNTA-ACLARACIONES.pdf\" data-type=\"URL\" data-id=\"https:\/\/riograndezac.gob.mx\/informatica\/wp-content\/uploads\/2022\/02\/ACTA-JUNTA-ACLARACIONES.pdf\" target=\"_blank\" rel=\"noreferrer noopener\"><img loading=\"lazy\" decoding=\"async\" width=\"120\" height=\"120\" class=\"wp-image-9073\" style=\"width: 120px;\" src=\"https:\/\/riograndezac.gob.mx\/informatica\/wp-content\/uploads\/2021\/07\/PDFITO-1.png\" alt=\"\" srcset=\"https:\/\/riograndezac.gob.mx\/informatica\/wp-content\/uploads\/2021\/07\/PDFITO-1.png 512w, https:\/\/riograndezac.gob.mx\/informatica\/wp-content\/uploads\/2021\/07\/PDFITO-1-365x365.png 365w\" sizes=\"auto, (max-width: 120px) 100vw, 120px\" \/><\/a><br>ACTA JUNTA DE <br>ACLARACIONES<\/td><td class=\"has-text-align-center\" data-align=\"center\"><a href=\"https:\/\/riograndezac.gob.mx\/informatica\/wp-content\/uploads\/2022\/02\/ACTA-JUNTA-ACLARACIONES.pdf\" data-type=\"URL\" data-id=\"https:\/\/riograndezac.gob.mx\/informatica\/wp-content\/uploads\/2022\/02\/ACTA-JUNTA-ACLARACIONES.pdf\" target=\"_blank\" rel=\"noreferrer noopener\"><img loading=\"lazy\" decoding=\"async\" width=\"120\" height=\"120\" class=\"wp-image-9073\" style=\"width: 120px;\" src=\"https:\/\/riograndezac.gob.mx\/informatica\/wp-content\/uploads\/2021\/07\/PDFITO-1.png\" alt=\"\" srcset=\"https:\/\/riograndezac.gob.mx\/informatica\/wp-content\/uploads\/2021\/07\/PDFITO-1.png 512w, https:\/\/riograndezac.gob.mx\/informatica\/wp-content\/uploads\/2021\/07\/PDFITO-1-365x365.png 365w\" sizes=\"auto, (max-width: 120px) 100vw, 120px\" \/><\/a><br>ACTA PRESENTACI\u00d3N<\/td><\/tr><tr><td><strong>FALLO<\/strong><\/td><td><\/td><td class=\"has-text-align-center\" data-align=\"center\"><strong>CONTRATO<\/strong><\/td><\/tr><tr><td><a href=\"https:\/\/riograndezac.gob.mx\/informatica\/wp-content\/uploads\/2022\/02\/ACTA-EMSION-DE-FALLO.pdf\" data-type=\"URL\" data-id=\"https:\/\/riograndezac.gob.mx\/informatica\/wp-content\/uploads\/2022\/02\/ACTA-EMSION-DE-FALLO.pdf\" target=\"_blank\" rel=\"noreferrer noopener\"><img loading=\"lazy\" decoding=\"async\" width=\"120\" height=\"120\" class=\"wp-image-9073\" style=\"width: 120px;\" src=\"https:\/\/riograndezac.gob.mx\/informatica\/wp-content\/uploads\/2021\/07\/PDFITO-1.png\" alt=\"\" srcset=\"https:\/\/riograndezac.gob.mx\/informatica\/wp-content\/uploads\/2021\/07\/PDFITO-1.png 512w, https:\/\/riograndezac.gob.mx\/informatica\/wp-content\/uploads\/2021\/07\/PDFITO-1-365x365.png 365w\" sizes=\"auto, (max-width: 120px) 100vw, 120px\" \/><\/a><br>ACTA EMISION FALLO<\/td><td><a href=\"https:\/\/riograndezac.gob.mx\/informatica\/wp-content\/uploads\/2022\/02\/DICTAMEN-Y-FALLO-DE-ADJUDICACION.pdf\" data-type=\"URL\" data-id=\"https:\/\/riograndezac.gob.mx\/informatica\/wp-content\/uploads\/2022\/02\/DICTAMEN-Y-FALLO-DE-ADJUDICACION.pdf\" target=\"_blank\" rel=\"noreferrer noopener\"><img decoding=\"async\" src=\"https:\/\/riograndezac.gob.mx\/informatica\/wp-content\/uploads\/2021\/07\/PDFITO-1.png\" alt=\"\" style=\"width: 120px;\"><\/a><br>DICTAMEN Y FALLO<\/td><td class=\"has-text-align-center\" data-align=\"center\"><a href=\"https:\/\/riograndezac.gob.mx\/informatica\/wp-content\/uploads\/2022\/02\/CONTRATO.pdf\" data-type=\"URL\" data-id=\"https:\/\/riograndezac.gob.mx\/informatica\/wp-content\/uploads\/2022\/02\/CONTRATO.pdf\" target=\"_blank\" rel=\"noreferrer noopener\"><img loading=\"lazy\" decoding=\"async\" width=\"120\" height=\"120\" class=\"wp-image-9073\" style=\"width: 120px;\" src=\"https:\/\/riograndezac.gob.mx\/informatica\/wp-content\/uploads\/2021\/07\/PDFITO-1.png\" alt=\"\" srcset=\"https:\/\/riograndezac.gob.mx\/informatica\/wp-content\/uploads\/2021\/07\/PDFITO-1.png 512w, https:\/\/riograndezac.gob.mx\/informatica\/wp-content\/uploads\/2021\/07\/PDFITO-1-365x365.png 365w\" sizes=\"auto, (max-width: 120px) 100vw, 120px\" \/><\/a><br>CONTRATO<\/td><\/tr><tr><td><\/td><td><\/td><td class=\"has-text-align-center\" data-align=\"center\"><\/td><\/tr><tr><td><\/td><td><\/td><td class=\"has-text-align-center\" data-align=\"center\"><\/td><\/tr><\/tbody><\/table><\/figure>\n","protected":false},"excerpt":{"rendered":"<p>DESCRIPCI\u00d3N DE LA LICITACI\u00d3N CONVOCANTE R. AYUNTAMIENTO 2021- 2024 LUGAR DONDE SE PUEDEN ADQUIRIR LAS BASES El lugar de reuni\u00f3n ser\u00e1 en la Direcci\u00f3n de Obras y Servicios P\u00fablicos, de R. Ayuntamiento R\u00edo Grande localizado en Calle Constituci\u00f3n #36, R\u00edo Grande, Zac, a las\u00a009:00\u00a0horas, FECHA DE VISITA jueves 16 diciembre 2021 a las 10:00 hrs FECHA DE JUNTA DE ACLARACIONES jueves 16 septiembre 2021 a las 13:00 hrs. FECHA DE APERTURA DE PROPUESTAS Mi\u00e9rcoles 22 de diciembre 2021 a las 10:00 hrs. SUFICIENCIA PRESUPUESTARIA BASES DE LICITACION BASES DE LICITACION&hellip;<\/p>\n","protected":false},"author":1,"featured_media":0,"parent":0,"menu_order":0,"comment_status":"closed","ping_status":"closed","template":"","meta":{"_monsterinsights_skip_tracking":false,"_monsterinsights_sitenote_active":false,"_monsterinsights_sitenote_note":"","_monsterinsights_sitenote_category":0,"footnotes":""},"class_list":["post-10247","page","type-page","status-publish","hentry"],"_links":{"self":[{"href":"https:\/\/riograndezac.gob.mx\/informatica\/index.php?rest_route=\/wp\/v2\/pages\/10247","targetHints":{"allow":["GET"]}}],"collection":[{"href":"https:\/\/riograndezac.gob.mx\/informatica\/index.php?rest_route=\/wp\/v2\/pages"}],"about":[{"href":"https:\/\/riograndezac.gob.mx\/informatica\/index.php?rest_route=\/wp\/v2\/types\/page"}],"author":[{"embeddable":true,"href":"https:\/\/riograndezac.gob.mx\/informatica\/index.php?rest_route=\/wp\/v2\/users\/1"}],"replies":[{"embeddable":true,"href":"https:\/\/riograndezac.gob.mx\/informatica\/index.php?rest_route=%2Fwp%2Fv2%2Fcomments&post=10247"}],"version-history":[{"count":6,"href":"https:\/\/riograndezac.gob.mx\/informatica\/index.php?rest_route=\/wp\/v2\/pages\/10247\/revisions"}],"predecessor-version":[{"id":10269,"href":"https:\/\/riograndezac.gob.mx\/informatica\/index.php?rest_route=\/wp\/v2\/pages\/10247\/revisions\/10269"}],"wp:attachment":[{"href":"https:\/\/riograndezac.gob.mx\/informatica\/index.php?rest_route=%2Fwp%2Fv2%2Fmedia&parent=10247"}],"curies":[{"name":"wp","href":"https:\/\/api.w.org\/{rel}","templated":true}]}}