{"id":10271,"date":"2022-02-28T12:52:06","date_gmt":"2022-02-28T18:52:06","guid":{"rendered":"https:\/\/riograndezac.gob.mx\/informatica\/?page_id=10271"},"modified":"2022-02-28T13:29:05","modified_gmt":"2022-02-28T19:29:05","slug":"rehabilitacion-de-la-red-de-alcantarillado-y-descargas-domiciliarias-en-la-calle-glafiro-aleman-col-la-trinidad-de-la-cabecera-municipal-de-rio-grande-zac-consistente-en-el-sumninistro-e-instalaci","status":"publish","type":"page","link":"https:\/\/riograndezac.gob.mx\/informatica\/?page_id=10271","title":{"rendered":"REHABILITACI\u00d3N DE LA RED DE ALCANTARILLADO Y DESCARGAS DOMICILIARIAS EN LA CALLE GLAFIRO ALEMAN, COL. LA TRINIDAD DE LA CABECERA MUNICIPAL DE R\u00cdO GRANDE, ZAC. CONSISTENTE EN EL SUMNINISTRO E INSTALACI\u00d3N DE 208 MTS. DE TUBERIA DE P.V.C. SERIE 25 DE 12&#8243; DE DIAMETRO, AS\u00cd COMO LA REHABILITACI\u00d3N DE 29 DESCARGAS DOMICILIARIAS."},"content":{"rendered":"\n<p><strong>DESCRIPCI\u00d3N DE LA LICITACI\u00d3N<\/strong><\/p>\n\n\n\n<ul class=\"wp-block-list\"><li><strong>CONVOCANTE<\/strong><ul><li>R. AYUNTAMIENTO 2021- 2024<\/li><\/ul><\/li><li><strong>LUGAR DONDE SE PUEDEN ADQUIRIR LAS BASES<\/strong><ul><li>El lugar de reuni\u00f3n ser\u00e1 en la Direcci\u00f3n de Obras y Servicios P\u00fablicos, de R. Ayuntamiento R\u00edo Grande localizado en Calle Constituci\u00f3n #36, R\u00edo Grande, Zac, a las\u00a0<strong>09:00<\/strong>\u00a0horas,<\/li><\/ul><\/li><li><strong>FECHA DE VISITA<\/strong><ul><li><strong>jueves 27 ENERO 2022 a las 09:00 hrs<\/strong><\/li><\/ul><\/li><li><strong>FECHA DE JUNTA DE ACLARACIONES<\/strong><ul><li><strong>jueves 27 ENERO 2022 a las 13:00 hrs.<\/strong><\/li><\/ul><\/li><\/ul>\n\n\n\n<figure class=\"wp-block-table is-style-stripes\"><table class=\"has-fixed-layout\"><tbody><tr><td><strong>SUFICIENCIA PRESUPUESTARIA<\/strong><\/td><td class=\"has-text-align-center\" data-align=\"center\"><strong>BASES DE LICITACION<\/strong><\/td><td class=\"has-text-align-center\" data-align=\"center\"><\/td><\/tr><tr><td><a href=\"https:\/\/riograndezac.gob.mx\/informatica\/wp-content\/uploads\/2022\/02\/SUFICIENCIA-PRESUPUESTARIA.pdf\" data-type=\"URL\" data-id=\"https:\/\/riograndezac.gob.mx\/informatica\/wp-content\/uploads\/2022\/02\/SUFICIENCIA-PRESUPUESTARIA.pdf\" target=\"_blank\" rel=\"noreferrer noopener\"><img loading=\"lazy\" decoding=\"async\" width=\"120\" height=\"120\" class=\"wp-image-9073\" style=\"width: 120px;\" src=\"https:\/\/riograndezac.gob.mx\/informatica\/wp-content\/uploads\/2021\/07\/PDFITO-1.png\" alt=\"\" srcset=\"https:\/\/riograndezac.gob.mx\/informatica\/wp-content\/uploads\/2021\/07\/PDFITO-1.png 512w, https:\/\/riograndezac.gob.mx\/informatica\/wp-content\/uploads\/2021\/07\/PDFITO-1-365x365.png 365w\" sizes=\"auto, (max-width: 120px) 100vw, 120px\" \/><\/a><\/td><td class=\"has-text-align-center\" data-align=\"center\"><a href=\"https:\/\/riograndezac.gob.mx\/informatica\/wp-content\/uploads\/2022\/02\/1.-BASES-DE-LICITACION-CONAGUA_ALCANTARILLADO-GLAFIRO-ALEMAN.pdf\" data-type=\"URL\" data-id=\"https:\/\/riograndezac.gob.mx\/informatica\/wp-content\/uploads\/2022\/02\/1.-BASES-DE-LICITACION-CONAGUA_ALCANTARILLADO-GLAFIRO-ALEMAN.pdf\" target=\"_blank\" rel=\"noreferrer noopener\"><img decoding=\"async\" src=\"https:\/\/riograndezac.gob.mx\/informatica\/wp-content\/uploads\/2021\/07\/PDFITO-1.png\" alt=\"\" style=\"width: 120px;\"><\/a><br>BASE DE LICITACION CONAGUA<\/td><td class=\"has-text-align-center\" data-align=\"center\"><a href=\"https:\/\/riograndezac.gob.mx\/informatica\/wp-content\/uploads\/2022\/02\/2.-FORMATOS-DE-LICITACION_CM3.docx\" data-type=\"URL\" data-id=\"https:\/\/riograndezac.gob.mx\/informatica\/wp-content\/uploads\/2022\/02\/2.-FORMATOS-DE-LICITACION_CM3.docx\" target=\"_blank\" rel=\"noreferrer noopener\"><img loading=\"lazy\" decoding=\"async\" width=\"150\" height=\"113\" class=\"wp-image-9078\" style=\"width: 150px;\" src=\"https:\/\/riograndezac.gob.mx\/informatica\/wp-content\/uploads\/2021\/07\/LOGOWORD.png\" alt=\"\" srcset=\"https:\/\/riograndezac.gob.mx\/informatica\/wp-content\/uploads\/2021\/07\/LOGOWORD.png 1000w, https:\/\/riograndezac.gob.mx\/informatica\/wp-content\/uploads\/2021\/07\/LOGOWORD-487x365.png 487w, https:\/\/riograndezac.gob.mx\/informatica\/wp-content\/uploads\/2021\/07\/LOGOWORD-840x630.png 840w, https:\/\/riograndezac.gob.mx\/informatica\/wp-content\/uploads\/2021\/07\/LOGOWORD-768x576.png 768w\" sizes=\"auto, (max-width: 150px) 100vw, 150px\" \/><\/a><br>FORMATO DE LICITACION<\/td><\/tr><tr><td><strong>INVITACIONES<\/strong><\/td><td class=\"has-text-align-center\" data-align=\"center\"><\/td><td class=\"has-text-align-center\" data-align=\"center\"><strong>CATALOGOS Y PLANOS<\/strong><\/td><\/tr><tr><td><a href=\"https:\/\/riograndezac.gob.mx\/informatica\/wp-content\/uploads\/2022\/02\/INVITACIONES-CONTRATISTAS-E1.pdf\" data-type=\"URL\" data-id=\"https:\/\/riograndezac.gob.mx\/informatica\/wp-content\/uploads\/2022\/02\/INVITACIONES-CONTRATISTAS-E1.pdf\" target=\"_blank\" rel=\"noreferrer noopener\"><img decoding=\"async\" src=\"https:\/\/riograndezac.gob.mx\/informatica\/wp-content\/uploads\/2021\/07\/PDFITO-1.png\" alt=\"\" style=\"width: 120px;\"><\/a><br>INVITACIONES <br>CONTRATISTAS<\/td><td class=\"has-text-align-center\" data-align=\"center\"><a href=\"https:\/\/riograndezac.gob.mx\/informatica\/wp-content\/uploads\/2022\/02\/INVITACIONES-FUNCIONARIOS-E1.pdf\" data-type=\"URL\" data-id=\"https:\/\/riograndezac.gob.mx\/informatica\/wp-content\/uploads\/2022\/02\/INVITACIONES-FUNCIONARIOS-E1.pdf\" target=\"_blank\" rel=\"noreferrer noopener\"><img decoding=\"async\" src=\"https:\/\/riograndezac.gob.mx\/informatica\/wp-content\/uploads\/2021\/07\/PDFITO-1.png\" alt=\"\" style=\"width: 120px;\"><\/a><br>INVITACIONES <br>FUNCIONARIOS<\/td><td class=\"has-text-align-center\" data-align=\"center\"><a href=\"https:\/\/riograndezac.gob.mx\/informatica\/wp-content\/uploads\/2022\/02\/catalogos-y-planos.zip\" data-type=\"URL\" data-id=\"https:\/\/riograndezac.gob.mx\/informatica\/wp-content\/uploads\/2022\/02\/catalogos-y-planos.zip\" target=\"_blank\" rel=\"noreferrer noopener\"><img loading=\"lazy\" decoding=\"async\" width=\"150\" height=\"150\" class=\"wp-image-9768\" style=\"width: 150px;\" src=\"https:\/\/riograndezac.gob.mx\/informatica\/wp-content\/uploads\/2021\/11\/descarga.jpg\" alt=\"\"><\/a><\/td><\/tr><tr><td><strong>VISITA DE OBRA<\/strong><\/td><td class=\"has-text-align-center\" data-align=\"center\"><strong>JUNTA DE ACLARACIONES<\/strong><\/td><td class=\"has-text-align-center\" data-align=\"center\"><strong>PRESENTACION Y APERTURA<\/strong><\/td><\/tr><tr><td><a rel=\"noreferrer noopener\" href=\"https:\/\/riograndezac.gob.mx\/informatica\/wp-content\/uploads\/2022\/02\/CONSTANCIA-VISITA-OBRA-E1.pdf\" data-type=\"URL\" data-id=\"https:\/\/riograndezac.gob.mx\/informatica\/wp-content\/uploads\/2022\/02\/CONSTANCIA-VISITA-OBRA-E1.pdf\" target=\"_blank\"><img decoding=\"async\" src=\"https:\/\/riograndezac.gob.mx\/informatica\/wp-content\/uploads\/2021\/07\/PDFITO-1.png\" alt=\"\" style=\"width: 120px;\"><\/a><br>CONSTANCIA DE VISITA <br>DE OBRA<\/td><td class=\"has-text-align-center\" data-align=\"center\"><a href=\"https:\/\/riograndezac.gob.mx\/informatica\/wp-content\/uploads\/2022\/02\/ACTA-JUNTA-ACLARACIONES-E1.pdf\" data-type=\"URL\" data-id=\"https:\/\/riograndezac.gob.mx\/informatica\/wp-content\/uploads\/2022\/02\/ACTA-JUNTA-ACLARACIONES-E1.pdf\" target=\"_blank\" rel=\"noreferrer noopener\"><img decoding=\"async\" src=\"https:\/\/riograndezac.gob.mx\/informatica\/wp-content\/uploads\/2021\/07\/PDFITO-1.png\" alt=\"\" style=\"width: 120px;\"><\/a><br>ACTA <\/td><td class=\"has-text-align-center\" data-align=\"center\"><a href=\"https:\/\/riograndezac.gob.mx\/informatica\/wp-content\/uploads\/2022\/02\/ACTA-PRESENTACION-Y-APERTURA-E1.pdf\" data-type=\"URL\" data-id=\"https:\/\/riograndezac.gob.mx\/informatica\/wp-content\/uploads\/2022\/02\/ACTA-PRESENTACION-Y-APERTURA-E1.pdf\" target=\"_blank\" rel=\"noreferrer noopener\"><img decoding=\"async\" src=\"https:\/\/riograndezac.gob.mx\/informatica\/wp-content\/uploads\/2021\/07\/PDFITO-1.png\" alt=\"\" style=\"width: 120px;\"><\/a><br>ACTA PRESENTACION<\/td><\/tr><tr><td><strong>FALLO<\/strong><\/td><td class=\"has-text-align-center\" data-align=\"center\"><\/td><td class=\"has-text-align-center\" data-align=\"center\"><strong>CONTRATO<\/strong><\/td><\/tr><tr><td><a href=\"https:\/\/riograndezac.gob.mx\/informatica\/wp-content\/uploads\/2022\/02\/ACTA-EMISION-DE-FALLO-E1.pdf\" data-type=\"URL\" data-id=\"https:\/\/riograndezac.gob.mx\/informatica\/wp-content\/uploads\/2022\/02\/ACTA-EMISION-DE-FALLO-E1.pdf\" target=\"_blank\" rel=\"noreferrer noopener\"><img decoding=\"async\" src=\"https:\/\/riograndezac.gob.mx\/informatica\/wp-content\/uploads\/2021\/07\/PDFITO-1.png\" alt=\"\" style=\"width: 120px;\"><\/a><br>ACTA EMISI\u00d3N DE<br>FALLO<\/td><td class=\"has-text-align-center\" data-align=\"center\"><a href=\"https:\/\/riograndezac.gob.mx\/informatica\/wp-content\/uploads\/2022\/02\/FALLO-LICITACION-E1.pdf\" data-type=\"URL\" data-id=\"https:\/\/riograndezac.gob.mx\/informatica\/wp-content\/uploads\/2022\/02\/FALLO-LICITACION-E1.pdf\" target=\"_blank\" rel=\"noreferrer noopener\"><img decoding=\"async\" src=\"https:\/\/riograndezac.gob.mx\/informatica\/wp-content\/uploads\/2021\/07\/PDFITO-1.png\" alt=\"\" style=\"width: 120px;\"><\/a><br>FALLO LICITACION<\/td><td class=\"has-text-align-center\" data-align=\"center\"><a href=\"https:\/\/riograndezac.gob.mx\/informatica\/wp-content\/uploads\/2022\/02\/CONTRATO-PRODDER-2021.pdf\" data-type=\"URL\" data-id=\"https:\/\/riograndezac.gob.mx\/informatica\/wp-content\/uploads\/2022\/02\/CONTRATO-PRODDER-2021.pdf\" target=\"_blank\" rel=\"noreferrer noopener\"><img decoding=\"async\" src=\"https:\/\/riograndezac.gob.mx\/informatica\/wp-content\/uploads\/2021\/07\/PDFITO-1.png\" alt=\"\" style=\"width: 120px;\"><\/a><br>CONTRATO PRODDER<\/td><\/tr><tr><td><a href=\"https:\/\/riograndezac.gob.mx\/informatica\/wp-content\/uploads\/2022\/02\/DATOS-RELEVANTES-DEL-CONTRATO.pdf\" data-type=\"URL\" data-id=\"https:\/\/riograndezac.gob.mx\/informatica\/wp-content\/uploads\/2022\/02\/DATOS-RELEVANTES-DEL-CONTRATO.pdf\" target=\"_blank\" rel=\"noreferrer noopener\"><img decoding=\"async\" src=\"https:\/\/riograndezac.gob.mx\/informatica\/wp-content\/uploads\/2021\/07\/PDFITO-1.png\" alt=\"\" style=\"width: 120px;\"><\/a><br>DATOS RELEVANTES<br>DEL CONTRATO<\/td><td class=\"has-text-align-center\" data-align=\"center\"><\/td><td class=\"has-text-align-center\" data-align=\"center\"><\/td><\/tr><\/tbody><tfoot><tr><td><\/td><td class=\"has-text-align-center\" data-align=\"center\"><\/td><td class=\"has-text-align-center\" data-align=\"center\"><\/td><\/tr><\/tfoot><\/table><\/figure>\n","protected":false},"excerpt":{"rendered":"<p>DESCRIPCI\u00d3N DE LA LICITACI\u00d3N CONVOCANTE R. AYUNTAMIENTO 2021- 2024 LUGAR DONDE SE PUEDEN ADQUIRIR LAS BASES El lugar de reuni\u00f3n ser\u00e1 en la Direcci\u00f3n de Obras y Servicios P\u00fablicos, de R. Ayuntamiento R\u00edo Grande localizado en Calle Constituci\u00f3n #36, R\u00edo Grande, Zac, a las\u00a009:00\u00a0horas, FECHA DE VISITA jueves 27 ENERO 2022 a las 09:00 hrs FECHA DE JUNTA DE ACLARACIONES jueves 27 ENERO 2022 a las 13:00 hrs. SUFICIENCIA PRESUPUESTARIA BASES DE LICITACION BASE DE LICITACION CONAGUA FORMATO DE LICITACION INVITACIONES CATALOGOS Y PLANOS INVITACIONES CONTRATISTAS INVITACIONES FUNCIONARIOS VISITA DE&hellip;<\/p>\n","protected":false},"author":1,"featured_media":0,"parent":0,"menu_order":0,"comment_status":"closed","ping_status":"closed","template":"","meta":{"_monsterinsights_skip_tracking":false,"_monsterinsights_sitenote_active":false,"_monsterinsights_sitenote_note":"","_monsterinsights_sitenote_category":0,"footnotes":""},"class_list":["post-10271","page","type-page","status-publish","hentry"],"_links":{"self":[{"href":"https:\/\/riograndezac.gob.mx\/informatica\/index.php?rest_route=\/wp\/v2\/pages\/10271","targetHints":{"allow":["GET"]}}],"collection":[{"href":"https:\/\/riograndezac.gob.mx\/informatica\/index.php?rest_route=\/wp\/v2\/pages"}],"about":[{"href":"https:\/\/riograndezac.gob.mx\/informatica\/index.php?rest_route=\/wp\/v2\/types\/page"}],"author":[{"embeddable":true,"href":"https:\/\/riograndezac.gob.mx\/informatica\/index.php?rest_route=\/wp\/v2\/users\/1"}],"replies":[{"embeddable":true,"href":"https:\/\/riograndezac.gob.mx\/informatica\/index.php?rest_route=%2Fwp%2Fv2%2Fcomments&post=10271"}],"version-history":[{"count":9,"href":"https:\/\/riograndezac.gob.mx\/informatica\/index.php?rest_route=\/wp\/v2\/pages\/10271\/revisions"}],"predecessor-version":[{"id":10301,"href":"https:\/\/riograndezac.gob.mx\/informatica\/index.php?rest_route=\/wp\/v2\/pages\/10271\/revisions\/10301"}],"wp:attachment":[{"href":"https:\/\/riograndezac.gob.mx\/informatica\/index.php?rest_route=%2Fwp%2Fv2%2Fmedia&parent=10271"}],"curies":[{"name":"wp","href":"https:\/\/api.w.org\/{rel}","templated":true}]}}