{"id":11,"date":"2015-04-17T18:34:24","date_gmt":"2015-04-17T18:34:24","guid":{"rendered":"http:\/\/riograndezac.gob.mx\/informatica\/?page_id=11"},"modified":"2015-06-11T17:46:12","modified_gmt":"2015-06-11T17:46:12","slug":"articulo-11","status":"publish","type":"page","link":"https:\/\/riograndezac.gob.mx\/informatica\/?page_id=11","title":{"rendered":"Articulo 11"},"content":{"rendered":"<p style=\"text-align: center;\"><strong>INFORMACI\u00d3N DE OFICIO Art. 11<\/strong><\/p>\n<p><strong><a title=\"I. Leyes, reglamentos, decretos, estatutos, acuerdos de programas y circulares\" href=\"https:\/\/riograndezac.gob.mx\/informatica\/?page_id=4\">I. Leyes, reglamentos, decretos, estatutos, acuerdos de programas y circulares<\/a><\/strong><\/p>\n<p style=\"text-align: left;\"><strong><a title=\"II. Los servicios que se ofrecen, tr\u00e1mites, requisitos y formatos\" href=\"https:\/\/riograndezac.gob.mx\/informatica\/?page_id=14\">II. Los servicios que se ofrecen, tr\u00e1mites, requisitos y formatos<\/a><\/strong><\/p>\n<p><strong><a title=\"III. La estructura org\u00e1nica y sus funciones\" href=\"https:\/\/riograndezac.gob.mx\/informatica\/?page_id=18\">III. La estructura org\u00e1nica y sus funciones<\/a><\/strong><\/p>\n<p><strong><a href=\"https:\/\/riograndezac.gob.mx\/informatica\/?page_id=21\">IV. El directorio de servidores p\u00fablicos<\/a><\/strong><\/p>\n<p><strong><a href=\"https:\/\/riograndezac.gob.mx\/informatica\/?page_id=24\">V. La agenda p\u00fablica de actividades de los titulares de los sujetos obligados<\/a><\/strong><\/p>\n<p><strong><a href=\"https:\/\/riograndezac.gob.mx\/informatica\/?page_id=31\">VI. La informaci\u00f3n acerca de los sistemas electr\u00f3nicos<\/a><\/strong><\/p>\n<p><strong><a href=\"https:\/\/riograndezac.gob.mx\/informatica\/?page_id=34\">VII. De manera general las solicitudes de accesso<\/a><\/strong><\/p>\n<p><strong><a href=\"https:\/\/riograndezac.gob.mx\/informatica\/?page_id=37\">VIII. La informaci\u00f3n contenida en minutas, acuerdos y actas<\/a><\/strong><\/p>\n<p><strong><a href=\"https:\/\/riograndezac.gob.mx\/informatica\/?page_id=41\">IX. Los permisos, licencias, concesiones<\/a><\/strong><\/p>\n<p><strong><a href=\"https:\/\/riograndezac.gob.mx\/informatica\/?page_id=44\">X. Las convocatorias y procedimientos relativos a licitaciones<\/a><\/strong><\/p>\n<p><strong><a href=\"https:\/\/riograndezac.gob.mx\/informatica\/?page_id=47\">XI. La informaci\u00f3n detallada de las obras que directa o indirectamente<\/a><\/strong><\/p>\n<p><strong><a href=\"https:\/\/riograndezac.gob.mx\/informatica\/?page_id=56\">XII. Los contratos relacionados con la adquisici\u00f3n, arrendamientos<\/a><\/strong><\/p>\n<p><strong><a href=\"https:\/\/riograndezac.gob.mx\/informatica\/?page_id=61\">XIII. Los informes anuales de actividades<\/a><\/strong><\/p>\n<p><strong><a href=\"https:\/\/riograndezac.gob.mx\/informatica\/?page_id=64\">XIV. La informaci\u00f3n presupuestal detallada<\/a><\/strong><\/p>\n<p><strong><a href=\"https:\/\/riograndezac.gob.mx\/informatica\/?page_id=67\">XV. La informaci\u00f3n p\u00fablica sobre la ejecuci\u00f3n del presupuesto<\/a><\/strong><\/p>\n<p><strong><a href=\"https:\/\/riograndezac.gob.mx\/informatica\/?page_id=70\">XVI. La informaci\u00f3n P\u00fablica de los padrones de beneficiarios\u00a0<\/a><\/strong><\/p>\n<p><strong><a href=\"https:\/\/riograndezac.gob.mx\/informatica\/?page_id=73\">XVII. Los inventarios de bienes muebles e inmuebles<\/a><\/strong><\/p>\n<p><strong><a href=\"https:\/\/riograndezac.gob.mx\/informatica\/?page_id=76\">XVIII. La informaci\u00f3n p\u00fablica sobre el endeudamiento de los sujetos obligados<\/a><\/strong><\/p>\n<p><strong><a href=\"https:\/\/riograndezac.gob.mx\/informatica\/?page_id=125\">XIX.\u00a0Los convenios que el gobierno celebre con la Federaci\u00f3n, con otros estados y con los municipios<\/a><\/strong><\/p>\n<p><strong><a href=\"https:\/\/riograndezac.gob.mx\/informatica\/?page_id=129\">XX.\u00a0Los convenios que los sujetos obligados celebren con organizaciones no gubernamentales\u00a0<\/a><\/strong><\/p>\n<p><strong><a href=\"https:\/\/riograndezac.gob.mx\/informatica\/?page_id=131\">XXI.\u00a0La informaci\u00f3n contenida en los documentos y expedientes relativos a todo tipo de auditor\u00edas concluidas y realizadas<\/a><\/strong><\/p>\n<p><strong><a href=\"https:\/\/riograndezac.gob.mx\/informatica\/?page_id=133\">XXII.\u00a0Los trabajos, informes, estudios, an\u00e1lisis y reportes generados por despachos de consultor\u00eda privada<\/a><\/strong><\/p>\n<p><strong><a href=\"https:\/\/riograndezac.gob.mx\/informatica\/?page_id=135\">XXIII.\u00a0Los resultados de estudios y encuestas de opini\u00f3n p\u00fablica realizadas o contratadas<\/a><\/strong><\/p>\n<p><strong><a href=\"https:\/\/riograndezac.gob.mx\/informatica\/?page_id=137\">XXIV.\u00a0Listado de la informaci\u00f3n clasificada como reservada o confidencial y su plazo de reserva.<\/a><\/strong><\/p>\n<p><strong><a href=\"https:\/\/riograndezac.gob.mx\/informatica\/?page_id=141\">XXV.\u00a0La informaci\u00f3n completa y actualizada sobre los programas de actividades y los indicadores establecidos por los sujetos<\/a><\/strong><\/p>\n<p><strong><a href=\"https:\/\/riograndezac.gob.mx\/informatica\/?page_id=147\">XXVI.\u00a0Las convocatorias a concursos, licitaciones p\u00fablicas o enajenaciones fuera de licitaci\u00f3n p\u00fablica<\/a><\/strong><\/p>\n","protected":false},"excerpt":{"rendered":"<p>INFORMACI\u00d3N DE OFICIO Art. 11 I. Leyes, reglamentos, decretos, estatutos, acuerdos de programas y circulares II. Los servicios que se ofrecen, tr\u00e1mites, requisitos y formatos III. La estructura org\u00e1nica y sus funciones IV. El directorio de servidores p\u00fablicos V. La agenda p\u00fablica de actividades de los titulares de los sujetos obligados VI. La informaci\u00f3n acerca de los sistemas electr\u00f3nicos VII. De manera general las solicitudes de accesso VIII. La informaci\u00f3n contenida en minutas, acuerdos y actas IX. Los permisos, licencias, concesiones X. Las convocatorias y procedimientos relativos a licitaciones XI.&hellip;<\/p>\n","protected":false},"author":1,"featured_media":0,"parent":7,"menu_order":0,"comment_status":"open","ping_status":"open","template":"","meta":{"_monsterinsights_skip_tracking":false,"_monsterinsights_sitenote_active":false,"_monsterinsights_sitenote_note":"","_monsterinsights_sitenote_category":0,"footnotes":""},"class_list":["post-11","page","type-page","status-publish","hentry"],"_links":{"self":[{"href":"https:\/\/riograndezac.gob.mx\/informatica\/index.php?rest_route=\/wp\/v2\/pages\/11","targetHints":{"allow":["GET"]}}],"collection":[{"href":"https:\/\/riograndezac.gob.mx\/informatica\/index.php?rest_route=\/wp\/v2\/pages"}],"about":[{"href":"https:\/\/riograndezac.gob.mx\/informatica\/index.php?rest_route=\/wp\/v2\/types\/page"}],"author":[{"embeddable":true,"href":"https:\/\/riograndezac.gob.mx\/informatica\/index.php?rest_route=\/wp\/v2\/users\/1"}],"replies":[{"embeddable":true,"href":"https:\/\/riograndezac.gob.mx\/informatica\/index.php?rest_route=%2Fwp%2Fv2%2Fcomments&post=11"}],"version-history":[{"count":28,"href":"https:\/\/riograndezac.gob.mx\/informatica\/index.php?rest_route=\/wp\/v2\/pages\/11\/revisions"}],"predecessor-version":[{"id":3545,"href":"https:\/\/riograndezac.gob.mx\/informatica\/index.php?rest_route=\/wp\/v2\/pages\/11\/revisions\/3545"}],"up":[{"embeddable":true,"href":"https:\/\/riograndezac.gob.mx\/informatica\/index.php?rest_route=\/wp\/v2\/pages\/7"}],"wp:attachment":[{"href":"https:\/\/riograndezac.gob.mx\/informatica\/index.php?rest_route=%2Fwp%2Fv2%2Fmedia&parent=11"}],"curies":[{"name":"wp","href":"https:\/\/api.w.org\/{rel}","templated":true}]}}