{"id":11718,"date":"2022-11-25T09:48:52","date_gmt":"2022-11-25T15:48:52","guid":{"rendered":"https:\/\/riograndezac.gob.mx\/informatica\/?page_id=11718"},"modified":"2022-11-25T10:16:38","modified_gmt":"2022-11-25T16:16:38","slug":"construccion-de-banos-en-la-capilla-nuestra-senora-de-loreto-en-la-comunidad-de-loreto-rio-grande-zac","status":"publish","type":"page","link":"https:\/\/riograndezac.gob.mx\/informatica\/?page_id=11718","title":{"rendered":"CONSTRUCCI\u00d3N DE BA\u00d1OS EN LA CAPILLA NUESTRA SE\u00d1ORA DE LORETO EN LA COMUNIDAD DE LORETO, R\u00cdO GRANDE, ZAC"},"content":{"rendered":"\n<p><strong>DESCRIPCI\u00d3N DE LA LICITACI\u00d3N<\/strong><\/p>\n\n\n\n<ul class=\"wp-block-list\"><li><strong>CONVOCANTE<\/strong><ul><li>R. AYUNTAMIENTO 2021- 2024<\/li><\/ul><\/li><li><strong>LUGAR DONDE SE PUEDEN ADQUIRIR LAS BASES<\/strong><ul><li>El lugar de reuni\u00f3n ser\u00e1 en la Direcci\u00f3n de Obras y Servicios P\u00fablicos, de R. Ayuntamiento R\u00edo Grande localizado en Calle Constituci\u00f3n #36, R\u00edo Grande, Zac, a las\u00a0<strong>13:00<\/strong>\u00a0horas,<\/li><\/ul><\/li><li><strong>APERTURA DE PROPUESTAS<\/strong><ul><li><strong>13:00 horas del<\/strong>\u00a0<strong>4 de Voviembre de 2022<\/strong><\/li><\/ul><\/li><li><strong>FECHA DE JUNTA DE ACLARACIONES<\/strong><ul><li><strong>14:00 horas del 31 de Octubre de 2022.<\/strong><\/li><\/ul><\/li><\/ul>\n\n\n\n<figure class=\"wp-block-table is-style-stripes\"><table class=\"has-fixed-layout\"><thead><tr><th class=\"has-text-align-center\" data-align=\"center\">SUFICIENCIA PRESUPUESTARIA<\/th><th><\/th><th>BASES DE LICITACI\u00d3N<\/th><\/tr><\/thead><tbody><tr><td class=\"has-text-align-center\" data-align=\"center\"><a href=\"https:\/\/riograndezac.gob.mx\/informatica\/wp-content\/uploads\/2022\/11\/ACUERDO-MOD-EJECUCION-2.pdf\" data-type=\"URL\" data-id=\"https:\/\/riograndezac.gob.mx\/informatica\/wp-content\/uploads\/2022\/11\/ACUERDO-MOD-EJECUCION-2.pdf\" target=\"_blank\" rel=\"noreferrer noopener\"><img decoding=\"async\" class=\"wp-image-8458\" style=\"width: 110px;\" src=\"https:\/\/riograndezac.gob.mx\/informatica\/wp-content\/uploads\/2020\/08\/pdf_2.png\" alt=\"\"><\/a><br>ACUERDO MODO <\/td><td><a rel=\"noreferrer noopener\" href=\"https:\/\/riograndezac.gob.mx\/informatica\/wp-content\/uploads\/2022\/11\/COEPLA-OE-17-0015-22-st.pdf\" data-type=\"URL\" data-id=\"https:\/\/riograndezac.gob.mx\/informatica\/wp-content\/uploads\/2022\/11\/COEPLA-OE-17-0015-22-st.pdf\" target=\"_blank\"><img decoding=\"async\" class=\"wp-image-8458\" style=\"width: 110px;\" src=\"https:\/\/riograndezac.gob.mx\/informatica\/wp-content\/uploads\/2020\/08\/pdf_2.png\" alt=\"\"><\/a><br>COEPLA<\/td><td><a href=\"https:\/\/riograndezac.gob.mx\/informatica\/wp-content\/uploads\/2022\/11\/ANEXOS-ESTATALES-2.docx\" data-type=\"URL\" data-id=\"https:\/\/riograndezac.gob.mx\/informatica\/wp-content\/uploads\/2022\/11\/ANEXOS-ESTATALES-2.docx\" target=\"_blank\" rel=\"noreferrer noopener\"><img loading=\"lazy\" decoding=\"async\" width=\"110\" height=\"110\" class=\"wp-image-8457\" style=\"width: 110px;\" src=\"https:\/\/riograndezac.gob.mx\/informatica\/wp-content\/uploads\/2020\/08\/iconfinder_word_272702.png\" alt=\"\" srcset=\"https:\/\/riograndezac.gob.mx\/informatica\/wp-content\/uploads\/2020\/08\/iconfinder_word_272702.png 128w, https:\/\/riograndezac.gob.mx\/informatica\/wp-content\/uploads\/2020\/08\/iconfinder_word_272702-24x24.png 24w, https:\/\/riograndezac.gob.mx\/informatica\/wp-content\/uploads\/2020\/08\/iconfinder_word_272702-36x36.png 36w, https:\/\/riograndezac.gob.mx\/informatica\/wp-content\/uploads\/2020\/08\/iconfinder_word_272702-48x48.png 48w\" sizes=\"auto, (max-width: 110px) 100vw, 110px\" \/><\/a><br>ANEXOS ESTATALES<\/td><\/tr><tr><td class=\"has-text-align-center\" data-align=\"center\"><a href=\"https:\/\/riograndezac.gob.mx\/informatica\/wp-content\/uploads\/2022\/11\/BASES-DE-LICITACION_LORETO.pdf\" data-type=\"URL\" data-id=\"https:\/\/riograndezac.gob.mx\/informatica\/wp-content\/uploads\/2022\/11\/BASES-DE-LICITACION_LORETO.pdf\" target=\"_blank\" rel=\"noreferrer noopener\"><img decoding=\"async\" class=\"wp-image-8458\" style=\"width: 110px;\" src=\"https:\/\/riograndezac.gob.mx\/informatica\/wp-content\/uploads\/2020\/08\/pdf_2.png\" alt=\"\"><\/a><br>BASES LICITACION<br> LORETO<\/td><td><\/td><td><\/td><\/tr><tr><td class=\"has-text-align-center\" data-align=\"center\"><strong>INVITACIONES<\/strong><\/td><td><\/td><td><strong>CATALOGOS Y PLANOS<\/strong><\/td><\/tr><tr><td class=\"has-text-align-center\" data-align=\"center\"><a href=\"https:\/\/riograndezac.gob.mx\/informatica\/wp-content\/uploads\/2022\/11\/INVITACIONES-CONTRATISTAS-2.pdf\" data-type=\"URL\" data-id=\"https:\/\/riograndezac.gob.mx\/informatica\/wp-content\/uploads\/2022\/11\/INVITACIONES-CONTRATISTAS-2.pdf\" target=\"_blank\" rel=\"noreferrer noopener\"><img decoding=\"async\" class=\"wp-image-8458\" style=\"width: 110px;\" src=\"https:\/\/riograndezac.gob.mx\/informatica\/wp-content\/uploads\/2020\/08\/pdf_2.png\" alt=\"\"><\/a><br>INVITACIONES <br>CONTRATISTAS<\/td><td><a href=\"https:\/\/riograndezac.gob.mx\/informatica\/wp-content\/uploads\/2022\/11\/INVITACIONES-FUNCIONARIOS-2.pdf\" data-type=\"URL\" data-id=\"https:\/\/riograndezac.gob.mx\/informatica\/wp-content\/uploads\/2022\/11\/INVITACIONES-FUNCIONARIOS-2.pdf\" target=\"_blank\" rel=\"noreferrer noopener\"><img decoding=\"async\" class=\"wp-image-8458\" style=\"width: 110px;\" src=\"https:\/\/riograndezac.gob.mx\/informatica\/wp-content\/uploads\/2020\/08\/pdf_2.png\" alt=\"\"><\/a><br>INVITACIONES <br>FUNCIONARIOS<\/td><td><img decoding=\"async\" class=\"wp-image-8458\" style=\"width: 110px;\" src=\"https:\/\/riograndezac.gob.mx\/informatica\/wp-content\/uploads\/2020\/08\/pdf_2.png\" alt=\"\"><br>CONCEPTOS PLANOS<\/td><\/tr><tr><td class=\"has-text-align-center\" data-align=\"center\"><strong>VISITA DE OBRA<\/strong><\/td><td><strong>JUNTA DE ACLARACIONES<\/strong><\/td><td><strong>PRESENTACI\u00d3N Y APERTURA<\/strong><\/td><\/tr><tr><td class=\"has-text-align-center\" data-align=\"center\"><a href=\"https:\/\/riograndezac.gob.mx\/informatica\/wp-content\/uploads\/2022\/11\/ACTA-VISITA-OBRA_BANOS-IGLESIA-LORETO.pdf\" data-type=\"URL\" data-id=\"https:\/\/riograndezac.gob.mx\/informatica\/wp-content\/uploads\/2022\/11\/ACTA-VISITA-OBRA_BANOS-IGLESIA-LORETO.pdf\" target=\"_blank\" rel=\"noreferrer noopener\"><img decoding=\"async\" class=\"wp-image-8458\" style=\"width: 110px;\" src=\"https:\/\/riograndezac.gob.mx\/informatica\/wp-content\/uploads\/2020\/08\/pdf_2.png\" alt=\"\"><\/a><br>VISITA<\/td><td><a href=\"https:\/\/riograndezac.gob.mx\/informatica\/wp-content\/uploads\/2022\/11\/ACTA-JUNTA-ACLARACIONES_BANOS-IGLESIA-LORETO.pdf\" data-type=\"URL\" data-id=\"https:\/\/riograndezac.gob.mx\/informatica\/wp-content\/uploads\/2022\/11\/ACTA-JUNTA-ACLARACIONES_BANOS-IGLESIA-LORETO.pdf\" target=\"_blank\" rel=\"noreferrer noopener\"><img decoding=\"async\" class=\"wp-image-8458\" style=\"width: 110px;\" src=\"https:\/\/riograndezac.gob.mx\/informatica\/wp-content\/uploads\/2020\/08\/pdf_2.png\" alt=\"\"><\/a><br>ACTA JUNTA<\/td><td><a rel=\"noreferrer noopener\" href=\"https:\/\/riograndezac.gob.mx\/informatica\/wp-content\/uploads\/2022\/11\/ACTA-PRESENTACION-Y-APERTURA-FRT-062.pdf\" data-type=\"URL\" data-id=\"https:\/\/riograndezac.gob.mx\/informatica\/wp-content\/uploads\/2022\/11\/ACTA-PRESENTACION-Y-APERTURA-FRT-062.pdf\" target=\"_blank\"><img decoding=\"async\" class=\"wp-image-8458\" style=\"width: 110px;\" src=\"https:\/\/riograndezac.gob.mx\/informatica\/wp-content\/uploads\/2020\/08\/pdf_2.png\" alt=\"\"><\/a><br>ACTA PRESENTACI\u00d3N<\/td><\/tr><tr><td class=\"has-text-align-center\" data-align=\"center\"><strong>FALLO<\/strong><\/td><td><\/td><td><strong>CONTRATO<\/strong><\/td><\/tr><tr><td class=\"has-text-align-center\" data-align=\"center\"><a href=\"https:\/\/riograndezac.gob.mx\/informatica\/wp-content\/uploads\/2022\/11\/ACTA-EMISION-FALLO-2.pdf\" data-type=\"URL\" data-id=\"https:\/\/riograndezac.gob.mx\/informatica\/wp-content\/uploads\/2022\/11\/ACTA-EMISION-FALLO-2.pdf\" target=\"_blank\" rel=\"noreferrer noopener\"><img decoding=\"async\" class=\"wp-image-8458\" style=\"width: 110px;\" src=\"https:\/\/riograndezac.gob.mx\/informatica\/wp-content\/uploads\/2020\/08\/pdf_2.png\" alt=\"\"><\/a><br>ACTA EMISI\u00d3N<\/td><td><a href=\"https:\/\/riograndezac.gob.mx\/informatica\/wp-content\/uploads\/2022\/11\/DICTAMEN-Y-FALLO-LICITACION-1.pdf\" data-type=\"URL\" data-id=\"https:\/\/riograndezac.gob.mx\/informatica\/wp-content\/uploads\/2022\/11\/DICTAMEN-Y-FALLO-LICITACION-1.pdf\" target=\"_blank\" rel=\"noreferrer noopener\"><img decoding=\"async\" class=\"wp-image-8458\" style=\"width: 110px;\" src=\"https:\/\/riograndezac.gob.mx\/informatica\/wp-content\/uploads\/2020\/08\/pdf_2.png\" alt=\"\"><\/a><br>DICTAMEN Y FALLO<\/td><td><a href=\"https:\/\/riograndezac.gob.mx\/informatica\/wp-content\/uploads\/2022\/11\/CONTRATO_FORMALIZADO-2.pdf\" data-type=\"URL\" data-id=\"https:\/\/riograndezac.gob.mx\/informatica\/wp-content\/uploads\/2022\/11\/CONTRATO_FORMALIZADO-2.pdf\" target=\"_blank\" rel=\"noreferrer noopener\"><img decoding=\"async\" class=\"wp-image-8458\" style=\"width: 110px;\" src=\"https:\/\/riograndezac.gob.mx\/informatica\/wp-content\/uploads\/2020\/08\/pdf_2.png\" alt=\"\"><\/a><br>CONTRATO FORMALIZADO<\/td><\/tr><tr><td class=\"has-text-align-center\" data-align=\"center\"><a href=\"https:\/\/riograndezac.gob.mx\/informatica\/wp-content\/uploads\/2022\/11\/DISPOSICION-INMUEBLE-2.pdf\" data-type=\"URL\" data-id=\"https:\/\/riograndezac.gob.mx\/informatica\/wp-content\/uploads\/2022\/11\/DISPOSICION-INMUEBLE-2.pdf\" target=\"_blank\" rel=\"noreferrer noopener\"><img decoding=\"async\" class=\"wp-image-8458\" style=\"width: 110px;\" src=\"https:\/\/riograndezac.gob.mx\/informatica\/wp-content\/uploads\/2020\/08\/pdf_2.png\" alt=\"\"><\/a><br>DISPOSICI\u00d3N DE <br>INMUEBLE<\/td><td><a href=\"https:\/\/riograndezac.gob.mx\/informatica\/wp-content\/uploads\/2022\/11\/NOMBRAMIENTO-RESIDENTE-2.pdf\" data-type=\"URL\" data-id=\"https:\/\/riograndezac.gob.mx\/informatica\/wp-content\/uploads\/2022\/11\/NOMBRAMIENTO-RESIDENTE-2.pdf\" target=\"_blank\" rel=\"noreferrer noopener\"><img decoding=\"async\" class=\"wp-image-8458\" style=\"width: 110px;\" src=\"https:\/\/riograndezac.gob.mx\/informatica\/wp-content\/uploads\/2020\/08\/pdf_2.png\" alt=\"\"><\/a><br>NOMBRAMIENTO <br>RESIDENTE<\/td><td><a href=\"https:\/\/riograndezac.gob.mx\/informatica\/wp-content\/uploads\/2022\/11\/PERMISO-CONSTRUCCION-2.pdf\" data-type=\"URL\" data-id=\"https:\/\/riograndezac.gob.mx\/informatica\/wp-content\/uploads\/2022\/11\/PERMISO-CONSTRUCCION-2.pdf\" target=\"_blank\" rel=\"noreferrer noopener\"><img decoding=\"async\" class=\"wp-image-8458\" style=\"width: 110px;\" src=\"https:\/\/riograndezac.gob.mx\/informatica\/wp-content\/uploads\/2020\/08\/pdf_2.png\" alt=\"\"><\/a><br>PERMISO <br>CONSTRUCCI\u00d3N<\/td><\/tr><tr><td class=\"has-text-align-center\" data-align=\"center\"><\/td><td><\/td><td><\/td><\/tr><\/tbody><\/table><\/figure>\n","protected":false},"excerpt":{"rendered":"<p>DESCRIPCI\u00d3N DE LA LICITACI\u00d3N CONVOCANTE R. AYUNTAMIENTO 2021- 2024 LUGAR DONDE SE PUEDEN ADQUIRIR LAS BASES El lugar de reuni\u00f3n ser\u00e1 en la Direcci\u00f3n de Obras y Servicios P\u00fablicos, de R. Ayuntamiento R\u00edo Grande localizado en Calle Constituci\u00f3n #36, R\u00edo Grande, Zac, a las\u00a013:00\u00a0horas, APERTURA DE PROPUESTAS 13:00 horas del\u00a04 de Voviembre de 2022 FECHA DE JUNTA DE ACLARACIONES 14:00 horas del 31 de Octubre de 2022. SUFICIENCIA PRESUPUESTARIA BASES DE LICITACI\u00d3N ACUERDO MODO COEPLA ANEXOS ESTATALES BASES LICITACION LORETO INVITACIONES CATALOGOS Y PLANOS INVITACIONES CONTRATISTAS INVITACIONES FUNCIONARIOS CONCEPTOS PLANOS&hellip;<\/p>\n","protected":false},"author":1,"featured_media":0,"parent":0,"menu_order":0,"comment_status":"closed","ping_status":"closed","template":"","meta":{"_monsterinsights_skip_tracking":false,"_monsterinsights_sitenote_active":false,"_monsterinsights_sitenote_note":"","_monsterinsights_sitenote_category":0,"footnotes":""},"class_list":["post-11718","page","type-page","status-publish","hentry"],"_links":{"self":[{"href":"https:\/\/riograndezac.gob.mx\/informatica\/index.php?rest_route=\/wp\/v2\/pages\/11718","targetHints":{"allow":["GET"]}}],"collection":[{"href":"https:\/\/riograndezac.gob.mx\/informatica\/index.php?rest_route=\/wp\/v2\/pages"}],"about":[{"href":"https:\/\/riograndezac.gob.mx\/informatica\/index.php?rest_route=\/wp\/v2\/types\/page"}],"author":[{"embeddable":true,"href":"https:\/\/riograndezac.gob.mx\/informatica\/index.php?rest_route=\/wp\/v2\/users\/1"}],"replies":[{"embeddable":true,"href":"https:\/\/riograndezac.gob.mx\/informatica\/index.php?rest_route=%2Fwp%2Fv2%2Fcomments&post=11718"}],"version-history":[{"count":11,"href":"https:\/\/riograndezac.gob.mx\/informatica\/index.php?rest_route=\/wp\/v2\/pages\/11718\/revisions"}],"predecessor-version":[{"id":11755,"href":"https:\/\/riograndezac.gob.mx\/informatica\/index.php?rest_route=\/wp\/v2\/pages\/11718\/revisions\/11755"}],"wp:attachment":[{"href":"https:\/\/riograndezac.gob.mx\/informatica\/index.php?rest_route=%2Fwp%2Fv2%2Fmedia&parent=11718"}],"curies":[{"name":"wp","href":"https:\/\/api.w.org\/{rel}","templated":true}]}}