{"id":12041,"date":"2023-01-24T10:31:17","date_gmt":"2023-01-24T16:31:17","guid":{"rendered":"https:\/\/riograndezac.gob.mx\/informatica\/?page_id=12041"},"modified":"2023-01-24T11:28:17","modified_gmt":"2023-01-24T17:28:17","slug":"rehabilitacion-colector-tetillas","status":"publish","type":"page","link":"https:\/\/riograndezac.gob.mx\/informatica\/?page_id=12041","title":{"rendered":"REHABILITACION COLECTOR TETILLAS"},"content":{"rendered":"\n<p><strong>DESCRIPCI\u00d3N DE LA LICITACI\u00d3N<\/strong><\/p>\n\n\n\n<ul class=\"wp-block-list\">\n<li><strong>CONVOCANTE<\/strong>\n<ul class=\"wp-block-list\">\n<li>R. AYUNTAMIENTO 2021- 2024<\/li>\n<\/ul>\n<\/li>\n\n\n\n<li><strong>LUGAR DONDE SE PUEDEN ADQUIRIR LAS BASES<\/strong>\n<ul class=\"wp-block-list\">\n<li>El lugar de reuni\u00f3n ser\u00e1 en la Direcci\u00f3n de Obras y Servicios P\u00fablicos, de R. Ayuntamiento R\u00edo Grande localizado en Calle Constituci\u00f3n #36, R\u00edo Grande, Zac, a las&nbsp;<strong>10:00<\/strong>&nbsp;horas,<\/li>\n<\/ul>\n<\/li>\n\n\n\n<li><strong>APERTURA DE PROPUESTAS<\/strong>\n<ul class=\"wp-block-list\">\n<li><strong>12:00 horas del<\/strong>\u00a0<strong>30 de Noviembre de 2022<\/strong><\/li>\n<\/ul>\n<\/li>\n\n\n\n<li><strong>FECHA DE JUNTA DE ACLARACIONES<\/strong>\n<ul class=\"wp-block-list\">\n<li><strong>10:00 horas del 24 de Noviembre de 2022.<\/strong><\/li>\n<\/ul>\n<\/li>\n<\/ul>\n\n\n\n<figure class=\"wp-block-table is-style-stripes\"><table class=\"has-fixed-layout\"><thead><tr><th>SUFICIENCIA PRESUPUESTARIA<\/th><th>BASES DE LICITACIONES<\/th><th><\/th><\/tr><\/thead><tbody><tr><td><a href=\"https:\/\/riograndezac.gob.mx\/informatica\/wp-content\/uploads\/2023\/01\/ACUERDO-MOD-EJECUCION-1.pdf\" target=\"_blank\" rel=\"noreferrer noopener\"><img decoding=\"async\" class=\"wp-image-8458\" style=\"width: 128px;\" src=\"https:\/\/riograndezac.gob.mx\/informatica\/wp-content\/uploads\/2020\/08\/pdf_2.png\" alt=\"\"><\/a><\/td><td><a href=\"https:\/\/riograndezac.gob.mx\/informatica\/wp-content\/uploads\/2023\/01\/ANEXOS-ESTATALES-1.docx\" target=\"_blank\" rel=\"noreferrer noopener\"><img loading=\"lazy\" decoding=\"async\" width=\"128\" height=\"128\" class=\"wp-image-8457\" style=\"width: 128px;\" src=\"https:\/\/riograndezac.gob.mx\/informatica\/wp-content\/uploads\/2020\/08\/iconfinder_word_272702.png\" alt=\"\" srcset=\"https:\/\/riograndezac.gob.mx\/informatica\/wp-content\/uploads\/2020\/08\/iconfinder_word_272702.png 128w, https:\/\/riograndezac.gob.mx\/informatica\/wp-content\/uploads\/2020\/08\/iconfinder_word_272702-24x24.png 24w, https:\/\/riograndezac.gob.mx\/informatica\/wp-content\/uploads\/2020\/08\/iconfinder_word_272702-36x36.png 36w, https:\/\/riograndezac.gob.mx\/informatica\/wp-content\/uploads\/2020\/08\/iconfinder_word_272702-48x48.png 48w\" sizes=\"auto, (max-width: 128px) 100vw, 128px\" \/><\/a><br>ANEXOS ESTATALES<\/td><td><a href=\"https:\/\/riograndezac.gob.mx\/informatica\/wp-content\/uploads\/2023\/01\/BASES-LICITACION-1.pdf\" target=\"_blank\" rel=\"noreferrer noopener\"><img decoding=\"async\" class=\"wp-image-8458\" style=\"width: 128px;\" src=\"https:\/\/riograndezac.gob.mx\/informatica\/wp-content\/uploads\/2020\/08\/pdf_2.png\" alt=\"\"><\/a><br>BASES<\/td><\/tr><tr><td><strong>INVITACIONES<\/strong><\/td><td><strong>CATALOGOS Y PLANOS<\/strong><\/td><td><strong>VISITA DE OBRA<\/strong><\/td><\/tr><tr><td><a href=\"https:\/\/riograndezac.gob.mx\/informatica\/wp-content\/uploads\/2023\/01\/INVITACIONES-1.pdf\" target=\"_blank\" rel=\"noreferrer noopener\"><img decoding=\"async\" class=\"wp-image-8458\" style=\"width: 128px;\" src=\"https:\/\/riograndezac.gob.mx\/informatica\/wp-content\/uploads\/2020\/08\/pdf_2.png\" alt=\"\"><\/a><\/td><td><a href=\"https:\/\/riograndezac.gob.mx\/informatica\/wp-content\/uploads\/2023\/01\/CATALOGO-DE-CONCEPTOS.pdf\" target=\"_blank\" rel=\"noreferrer noopener\"><img decoding=\"async\" class=\"wp-image-8458\" style=\"width: 128px;\" src=\"https:\/\/riograndezac.gob.mx\/informatica\/wp-content\/uploads\/2020\/08\/pdf_2.png\" alt=\"\"><\/a><\/td><td><a href=\"https:\/\/riograndezac.gob.mx\/informatica\/wp-content\/uploads\/2023\/01\/ACTA-VISITA-OBRA.pdf\" target=\"_blank\" rel=\"noreferrer noopener\"><img decoding=\"async\" class=\"wp-image-8458\" style=\"width: 128px;\" src=\"https:\/\/riograndezac.gob.mx\/informatica\/wp-content\/uploads\/2020\/08\/pdf_2.png\" alt=\"\"><\/a><\/td><\/tr><tr><td><strong>JUNTA DE ACLARACIONES<\/strong><\/td><td><strong>PRESENTACI\u00d3N Y APERTURA<\/strong><\/td><td><strong>FALLO<\/strong><\/td><\/tr><tr><td><a href=\"https:\/\/riograndezac.gob.mx\/informatica\/wp-content\/uploads\/2023\/01\/ACTA-JUNTA-ACLARACIONES-1.pdf\" target=\"_blank\" rel=\"noreferrer noopener\"><img decoding=\"async\" class=\"wp-image-8458\" style=\"width: 128px;\" src=\"https:\/\/riograndezac.gob.mx\/informatica\/wp-content\/uploads\/2020\/08\/pdf_2.png\" alt=\"\"><\/a><\/td><td><a href=\"https:\/\/riograndezac.gob.mx\/informatica\/wp-content\/uploads\/2023\/01\/ACTA-PRESENTACION-Y-APERTURA-1.pdf\" target=\"_blank\" rel=\"noreferrer noopener\"><img decoding=\"async\" class=\"wp-image-8458\" style=\"width: 128px;\" src=\"https:\/\/riograndezac.gob.mx\/informatica\/wp-content\/uploads\/2020\/08\/pdf_2.png\" alt=\"\"><\/a><\/td><td><a href=\"https:\/\/riograndezac.gob.mx\/informatica\/wp-content\/uploads\/2023\/01\/ACTA-EMISION-DE-FALLO.pdf\" target=\"_blank\" rel=\"noreferrer noopener\"><img decoding=\"async\" class=\"wp-image-8458\" style=\"width: 128px;\" src=\"https:\/\/riograndezac.gob.mx\/informatica\/wp-content\/uploads\/2020\/08\/pdf_2.png\" alt=\"\"><\/a><br>ACTA<\/td><\/tr><tr><td><\/td><td><strong>CONTRATO<\/strong><\/td><td><strong>NOMBRAMIENTO RESIDENTE<\/strong><\/td><\/tr><tr><td><a href=\"https:\/\/riograndezac.gob.mx\/informatica\/wp-content\/uploads\/2023\/01\/FALLO-LICITACION.pdf\" target=\"_blank\" rel=\"noreferrer noopener\"><img decoding=\"async\" class=\"wp-image-8458\" style=\"width: 128px;\" src=\"https:\/\/riograndezac.gob.mx\/informatica\/wp-content\/uploads\/2020\/08\/pdf_2.png\" alt=\"\"><\/a><br>FALLO LICITACION<\/td><td><a href=\"https:\/\/riograndezac.gob.mx\/informatica\/wp-content\/uploads\/2023\/01\/CONTRATO-1.pdf\" target=\"_blank\" rel=\"noreferrer noopener\"><img decoding=\"async\" class=\"wp-image-8458\" style=\"width: 128px;\" src=\"https:\/\/riograndezac.gob.mx\/informatica\/wp-content\/uploads\/2020\/08\/pdf_2.png\" alt=\"\"><\/a><\/td><td><a href=\"https:\/\/riograndezac.gob.mx\/informatica\/wp-content\/uploads\/2023\/01\/NOMBRAMIENTO-RESIDENTE-1.pdf\" target=\"_blank\" rel=\"noreferrer noopener\"><img decoding=\"async\" class=\"wp-image-8458\" style=\"width: 128px;\" src=\"https:\/\/riograndezac.gob.mx\/informatica\/wp-content\/uploads\/2020\/08\/pdf_2.png\" alt=\"\"><\/a><\/td><\/tr><tr><td><strong>PERMISO CONSTRUCCION<\/strong><\/td><td><strong>SOLICITUD<\/strong><\/td><td><\/td><\/tr><tr><td><a href=\"https:\/\/riograndezac.gob.mx\/informatica\/wp-content\/uploads\/2023\/01\/PERMISO-CONSTRUCCION-1.pdf\" target=\"_blank\" rel=\"noreferrer noopener\"><img decoding=\"async\" class=\"wp-image-8458\" style=\"width: 128px;\" src=\"https:\/\/riograndezac.gob.mx\/informatica\/wp-content\/uploads\/2020\/08\/pdf_2.png\" alt=\"\"><\/a><\/td><td><a href=\"https:\/\/riograndezac.gob.mx\/informatica\/wp-content\/uploads\/2023\/01\/SOLICITUD.pdf\" target=\"_blank\" rel=\"noreferrer noopener\"><img decoding=\"async\" class=\"wp-image-8458\" style=\"width: 128px;\" src=\"https:\/\/riograndezac.gob.mx\/informatica\/wp-content\/uploads\/2020\/08\/pdf_2.png\" alt=\"\"><\/a><\/td><td><\/td><\/tr><tr><td><\/td><td><\/td><td><\/td><\/tr><\/tbody><\/table><\/figure>\n","protected":false},"excerpt":{"rendered":"<p>DESCRIPCI\u00d3N DE LA LICITACI\u00d3N SUFICIENCIA PRESUPUESTARIA BASES DE LICITACIONES ANEXOS ESTATALES BASES INVITACIONES CATALOGOS Y PLANOS VISITA DE OBRA JUNTA DE ACLARACIONES PRESENTACI\u00d3N Y APERTURA FALLO ACTA CONTRATO NOMBRAMIENTO RESIDENTE FALLO LICITACION PERMISO CONSTRUCCION SOLICITUD<\/p>\n","protected":false},"author":1,"featured_media":0,"parent":0,"menu_order":0,"comment_status":"closed","ping_status":"closed","template":"","meta":{"_monsterinsights_skip_tracking":false,"_monsterinsights_sitenote_active":false,"_monsterinsights_sitenote_note":"","_monsterinsights_sitenote_category":0,"footnotes":""},"class_list":["post-12041","page","type-page","status-publish","hentry"],"_links":{"self":[{"href":"https:\/\/riograndezac.gob.mx\/informatica\/index.php?rest_route=\/wp\/v2\/pages\/12041","targetHints":{"allow":["GET"]}}],"collection":[{"href":"https:\/\/riograndezac.gob.mx\/informatica\/index.php?rest_route=\/wp\/v2\/pages"}],"about":[{"href":"https:\/\/riograndezac.gob.mx\/informatica\/index.php?rest_route=\/wp\/v2\/types\/page"}],"author":[{"embeddable":true,"href":"https:\/\/riograndezac.gob.mx\/informatica\/index.php?rest_route=\/wp\/v2\/users\/1"}],"replies":[{"embeddable":true,"href":"https:\/\/riograndezac.gob.mx\/informatica\/index.php?rest_route=%2Fwp%2Fv2%2Fcomments&post=12041"}],"version-history":[{"count":6,"href":"https:\/\/riograndezac.gob.mx\/informatica\/index.php?rest_route=\/wp\/v2\/pages\/12041\/revisions"}],"predecessor-version":[{"id":12065,"href":"https:\/\/riograndezac.gob.mx\/informatica\/index.php?rest_route=\/wp\/v2\/pages\/12041\/revisions\/12065"}],"wp:attachment":[{"href":"https:\/\/riograndezac.gob.mx\/informatica\/index.php?rest_route=%2Fwp%2Fv2%2Fmedia&parent=12041"}],"curies":[{"name":"wp","href":"https:\/\/api.w.org\/{rel}","templated":true}]}}