{"id":12102,"date":"2023-01-24T12:09:19","date_gmt":"2023-01-24T18:09:19","guid":{"rendered":"https:\/\/riograndezac.gob.mx\/informatica\/?page_id=12102"},"modified":"2023-01-24T12:23:32","modified_gmt":"2023-01-24T18:23:32","slug":"pavimentacion-los-marquez","status":"publish","type":"page","link":"https:\/\/riograndezac.gob.mx\/informatica\/?page_id=12102","title":{"rendered":"PAVIMENTACION LOS MARQUEZ"},"content":{"rendered":"\n<p><strong>DESCRIPCI\u00d3N DE LA LICITACI\u00d3N<\/strong><\/p>\n\n\n\n<ul class=\"wp-block-list\">\n<li><strong>CONVOCANTE<\/strong>\n<ul class=\"wp-block-list\">\n<li>R. AYUNTAMIENTO 2021- 2024<\/li>\n<\/ul>\n<\/li>\n\n\n\n<li><strong>LUGAR DONDE SE PUEDEN ADQUIRIR LAS BASES<\/strong>\n<ul class=\"wp-block-list\">\n<li>El lugar de reuni\u00f3n ser\u00e1 en la Direcci\u00f3n de Obras y Servicios P\u00fablicos, de R. Ayuntamiento R\u00edo Grande localizado en Calle Constituci\u00f3n #36, R\u00edo Grande, Zac, a las&nbsp;<strong>10:00<\/strong>&nbsp;horas,<\/li>\n<\/ul>\n<\/li>\n\n\n\n<li><strong>APERTURA DE PROPUESTAS<\/strong>\n<ul class=\"wp-block-list\">\n<li><strong>12:00 horas del<\/strong>\u00a0<strong>5 de DICIEMBRE de 2022<\/strong><\/li>\n<\/ul>\n<\/li>\n\n\n\n<li><strong>FECHA DE JUNTA DE ACLARACIONES<\/strong>\n<ul class=\"wp-block-list\">\n<li><strong><strong>10:00 horas del<\/strong>\u00a0<strong>29 de NOVIEMBRE de 2022<\/strong><\/strong><\/li>\n<\/ul>\n<\/li>\n<\/ul>\n\n\n\n<figure class=\"wp-block-table is-style-stripes\"><table class=\"has-fixed-layout\"><thead><tr><th>SUFICIENCIA PRESUPUESTARIA<\/th><th><\/th><th>ANEXOS ESTATALES<\/th><\/tr><\/thead><tbody><tr><td><a href=\"https:\/\/riograndezac.gob.mx\/informatica\/wp-content\/uploads\/2023\/01\/ACUERDO-MOD.pdf\" target=\"_blank\" rel=\"noreferrer noopener\"><img decoding=\"async\" class=\"wp-image-8458\" style=\"width: 128px;\" src=\"https:\/\/riograndezac.gob.mx\/informatica\/wp-content\/uploads\/2020\/08\/pdf_2.png\" alt=\"\"><\/a><br>ACUERDO<\/td><td><a href=\"https:\/\/riograndezac.gob.mx\/informatica\/wp-content\/uploads\/2023\/01\/SUFICIENCIA-PRESUPUESTARIA.pdf\" target=\"_blank\" rel=\"noreferrer noopener\"><img decoding=\"async\" class=\"wp-image-8458\" style=\"width: 128px;\" src=\"https:\/\/riograndezac.gob.mx\/informatica\/wp-content\/uploads\/2020\/08\/pdf_2.png\" alt=\"\"><\/a><br>SUFICIENCIA<\/td><td><a href=\"https:\/\/riograndezac.gob.mx\/informatica\/wp-content\/uploads\/2023\/01\/ANEXOS-ESTATALES-3.docx\" target=\"_blank\" rel=\"noreferrer noopener\"><img loading=\"lazy\" decoding=\"async\" width=\"128\" height=\"128\" class=\"wp-image-8457\" style=\"width: 128px;\" src=\"https:\/\/riograndezac.gob.mx\/informatica\/wp-content\/uploads\/2020\/08\/iconfinder_word_272702.png\" alt=\"\" srcset=\"https:\/\/riograndezac.gob.mx\/informatica\/wp-content\/uploads\/2020\/08\/iconfinder_word_272702.png 128w, https:\/\/riograndezac.gob.mx\/informatica\/wp-content\/uploads\/2020\/08\/iconfinder_word_272702-24x24.png 24w, https:\/\/riograndezac.gob.mx\/informatica\/wp-content\/uploads\/2020\/08\/iconfinder_word_272702-36x36.png 36w, https:\/\/riograndezac.gob.mx\/informatica\/wp-content\/uploads\/2020\/08\/iconfinder_word_272702-48x48.png 48w\" sizes=\"auto, (max-width: 128px) 100vw, 128px\" \/><\/a><\/td><\/tr><tr><td>BASES DE LICITACI\u00d3N<\/td><td><strong>INVITACIONES<\/strong><\/td><td><\/td><\/tr><tr><td><a href=\"https:\/\/riograndezac.gob.mx\/informatica\/wp-content\/uploads\/2023\/01\/BASES-DE-LICITACION-1.pdf\" target=\"_blank\" rel=\"noreferrer noopener\"><img decoding=\"async\" class=\"wp-image-8458\" style=\"width: 128px;\" src=\"https:\/\/riograndezac.gob.mx\/informatica\/wp-content\/uploads\/2020\/08\/pdf_2.png\" alt=\"\"><\/a><\/td><td><a href=\"https:\/\/riograndezac.gob.mx\/informatica\/wp-content\/uploads\/2023\/01\/INVITACIONES-FUNCIONARIOS-1.pdf\" target=\"_blank\" rel=\"noreferrer noopener\"><img decoding=\"async\" class=\"wp-image-8458\" style=\"width: 128px;\" src=\"https:\/\/riograndezac.gob.mx\/informatica\/wp-content\/uploads\/2020\/08\/pdf_2.png\" alt=\"\"><\/a><br>FUNCIONARIOS<\/td><td><a href=\"https:\/\/riograndezac.gob.mx\/informatica\/wp-content\/uploads\/2023\/01\/INVITACIONES_CONTRATISTAS.pdf\" target=\"_blank\" rel=\"noreferrer noopener\"><img decoding=\"async\" class=\"wp-image-8458\" style=\"width: 128px;\" src=\"https:\/\/riograndezac.gob.mx\/informatica\/wp-content\/uploads\/2020\/08\/pdf_2.png\" alt=\"\"><\/a><br>CONTRATISTAS<\/td><\/tr><tr><td><strong>CATALOGOS<\/strong><\/td><td><strong>VISITA DE OBRA<\/strong><\/td><td><strong>JUNTA DE ACLARACIONES<\/strong><\/td><\/tr><tr><td><a href=\"https:\/\/riograndezac.gob.mx\/informatica\/wp-content\/uploads\/2023\/01\/CATALOGO-DE-CONCEPTOS-4.pdf\" target=\"_blank\" rel=\"noreferrer noopener\"><img decoding=\"async\" class=\"wp-image-8458\" style=\"width: 128px;\" src=\"https:\/\/riograndezac.gob.mx\/informatica\/wp-content\/uploads\/2020\/08\/pdf_2.png\" alt=\"\"><\/a><\/td><td><a href=\"https:\/\/riograndezac.gob.mx\/informatica\/wp-content\/uploads\/2023\/01\/ACTA-VISITA-OBRA-2.pdf\" target=\"_blank\" rel=\"noreferrer noopener\"><img decoding=\"async\" class=\"wp-image-8458\" style=\"width: 128px;\" src=\"https:\/\/riograndezac.gob.mx\/informatica\/wp-content\/uploads\/2020\/08\/pdf_2.png\" alt=\"\"><\/a><\/td><td><a href=\"https:\/\/riograndezac.gob.mx\/informatica\/wp-content\/uploads\/2023\/01\/ACTA-JUNTA-DE-ACLARACIONES.pdf\" target=\"_blank\" rel=\"noreferrer noopener\"><img decoding=\"async\" class=\"wp-image-8458\" style=\"width: 128px;\" src=\"https:\/\/riograndezac.gob.mx\/informatica\/wp-content\/uploads\/2020\/08\/pdf_2.png\" alt=\"\"><\/a><\/td><\/tr><tr><td><strong>PRESENTACI\u00d3N Y<br>APERTURA<\/strong><\/td><td><strong>FALLO<\/strong><\/td><td><\/td><\/tr><tr><td><a href=\"https:\/\/riograndezac.gob.mx\/informatica\/wp-content\/uploads\/2023\/01\/ACTA-PRESENTACION-Y-APERTURA-2.pdf\" target=\"_blank\" rel=\"noreferrer noopener\"><img decoding=\"async\" class=\"wp-image-8458\" style=\"width: 128px;\" src=\"https:\/\/riograndezac.gob.mx\/informatica\/wp-content\/uploads\/2020\/08\/pdf_2.png\" alt=\"\"><\/a><\/td><td><a href=\"https:\/\/riograndezac.gob.mx\/informatica\/wp-content\/uploads\/2023\/01\/DICTAMEN-Y-FALLO.pdf\" target=\"_blank\" rel=\"noreferrer noopener\"><img decoding=\"async\" class=\"wp-image-8458\" style=\"width: 128px;\" src=\"https:\/\/riograndezac.gob.mx\/informatica\/wp-content\/uploads\/2020\/08\/pdf_2.png\" alt=\"\"><\/a><br>DICTAMEN Y FALLO<\/td><td><a href=\"https:\/\/riograndezac.gob.mx\/informatica\/wp-content\/uploads\/2023\/01\/EMISION-DE-FALLO.pdf\" target=\"_blank\" rel=\"noreferrer noopener\"><img decoding=\"async\" class=\"wp-image-8458\" style=\"width: 128px;\" src=\"https:\/\/riograndezac.gob.mx\/informatica\/wp-content\/uploads\/2020\/08\/pdf_2.png\" alt=\"\"><\/a><br>EMISION DE FALLO<\/td><\/tr><tr><td><strong>CONTRATO<\/strong><\/td><td><strong>INMUEBLE<\/strong><\/td><td><strong>PERMISO<\/strong><\/td><\/tr><tr><td><a href=\"https:\/\/riograndezac.gob.mx\/informatica\/wp-content\/uploads\/2023\/01\/CONTRATO-3.pdf\" target=\"_blank\" rel=\"noreferrer noopener\"><img decoding=\"async\" class=\"wp-image-8458\" style=\"width: 128px;\" src=\"https:\/\/riograndezac.gob.mx\/informatica\/wp-content\/uploads\/2020\/08\/pdf_2.png\" alt=\"\"><\/a><\/td><td><a href=\"https:\/\/riograndezac.gob.mx\/informatica\/wp-content\/uploads\/2023\/01\/INMUEBLE-1.pdf\" target=\"_blank\" rel=\"noreferrer noopener\"><img decoding=\"async\" class=\"wp-image-8458\" style=\"width: 128px;\" src=\"https:\/\/riograndezac.gob.mx\/informatica\/wp-content\/uploads\/2020\/08\/pdf_2.png\" alt=\"\"><\/a><\/td><td><a href=\"https:\/\/riograndezac.gob.mx\/informatica\/wp-content\/uploads\/2023\/01\/PERMISO.pdf\" target=\"_blank\" rel=\"noreferrer noopener\"><img decoding=\"async\" class=\"wp-image-8458\" style=\"width: 128px;\" src=\"https:\/\/riograndezac.gob.mx\/informatica\/wp-content\/uploads\/2020\/08\/pdf_2.png\" alt=\"\"><\/a><\/td><\/tr><tr><td><strong>RESIDENTE<\/strong><\/td><td><\/td><td><\/td><\/tr><tr><td><a href=\"https:\/\/riograndezac.gob.mx\/informatica\/wp-content\/uploads\/2023\/01\/RESIDENTE.pdf\" target=\"_blank\" rel=\"noreferrer noopener\"><img decoding=\"async\" class=\"wp-image-8458\" style=\"width: 128px;\" src=\"https:\/\/riograndezac.gob.mx\/informatica\/wp-content\/uploads\/2020\/08\/pdf_2.png\" alt=\"\"><\/a><\/td><td><\/td><td><\/td><\/tr><\/tbody><\/table><\/figure>\n","protected":false},"excerpt":{"rendered":"<p>DESCRIPCI\u00d3N DE LA LICITACI\u00d3N SUFICIENCIA PRESUPUESTARIA ANEXOS ESTATALES ACUERDO SUFICIENCIA BASES DE LICITACI\u00d3N INVITACIONES FUNCIONARIOS CONTRATISTAS CATALOGOS VISITA DE OBRA JUNTA DE ACLARACIONES PRESENTACI\u00d3N YAPERTURA FALLO DICTAMEN Y FALLO EMISION DE FALLO CONTRATO INMUEBLE PERMISO RESIDENTE<\/p>\n","protected":false},"author":1,"featured_media":0,"parent":0,"menu_order":0,"comment_status":"closed","ping_status":"closed","template":"","meta":{"_monsterinsights_skip_tracking":false,"_monsterinsights_sitenote_active":false,"_monsterinsights_sitenote_note":"","_monsterinsights_sitenote_category":0,"footnotes":""},"class_list":["post-12102","page","type-page","status-publish","hentry"],"_links":{"self":[{"href":"https:\/\/riograndezac.gob.mx\/informatica\/index.php?rest_route=\/wp\/v2\/pages\/12102","targetHints":{"allow":["GET"]}}],"collection":[{"href":"https:\/\/riograndezac.gob.mx\/informatica\/index.php?rest_route=\/wp\/v2\/pages"}],"about":[{"href":"https:\/\/riograndezac.gob.mx\/informatica\/index.php?rest_route=\/wp\/v2\/types\/page"}],"author":[{"embeddable":true,"href":"https:\/\/riograndezac.gob.mx\/informatica\/index.php?rest_route=\/wp\/v2\/users\/1"}],"replies":[{"embeddable":true,"href":"https:\/\/riograndezac.gob.mx\/informatica\/index.php?rest_route=%2Fwp%2Fv2%2Fcomments&post=12102"}],"version-history":[{"count":10,"href":"https:\/\/riograndezac.gob.mx\/informatica\/index.php?rest_route=\/wp\/v2\/pages\/12102\/revisions"}],"predecessor-version":[{"id":12137,"href":"https:\/\/riograndezac.gob.mx\/informatica\/index.php?rest_route=\/wp\/v2\/pages\/12102\/revisions\/12137"}],"wp:attachment":[{"href":"https:\/\/riograndezac.gob.mx\/informatica\/index.php?rest_route=%2Fwp%2Fv2%2Fmedia&parent=12102"}],"curies":[{"name":"wp","href":"https:\/\/api.w.org\/{rel}","templated":true}]}}