{"id":125,"date":"2016-01-11T17:23:08","date_gmt":"2016-01-11T23:23:08","guid":{"rendered":"http:\/\/riograndezac.gob.mx\/informatica\/?page_id=125"},"modified":"2016-02-02T15:19:07","modified_gmt":"2016-02-02T21:19:07","slug":"xix-los-convenios-que-el-gobierno-celebre-con-la-federacion-con-otros-estados-y-con-los-municipios","status":"publish","type":"page","link":"https:\/\/riograndezac.gob.mx\/informatica\/?page_id=125","title":{"rendered":"XIX. Los convenios que el gobierno celebre con la Federaci\u00f3n, con otros estados y con los municipios"},"content":{"rendered":"<p style=\"text-align: justify;\"><strong>Los convenios que el gobierno celebre con la Federaci\u00f3n, con otros estados y con los municipios, siempre que no versen sobre seguridad nacional o seguridad p\u00fablica.<\/strong><\/p>\n<p style=\"text-align: right;\">Informaci\u00f3n actualizada al 4\u00b0 trimestre 2015<\/p>\n<p style=\"text-align: left;\" align=\"left\"><strong>Convenios<\/strong><\/p>\n<table border=\"1\" width=\"611\">\n<tbody>\n<tr>\n<td width=\"388\">\n<div align=\"center\"><strong>Nombre<\/strong><\/div>\n<\/td>\n<td width=\"207\">\n<div align=\"center\"><strong>Departamento que genera la informaci\u00f3n<\/strong><\/div>\n<\/td>\n<\/tr>\n<tr>\n<td>\n<ul>\n<li><a href=\"http:\/\/media.riograndezac.gob.mx\/riograndezac.gob.mx\/archivos\/transparencia\/FraccionXIX\/2015\/1er_trimestre\/CONVENIO ESC. SEC.GRAL. NINOS HEROES.pdf\" target=\"_blank\">Convenio Esc. Prim. Gral. Ni\u00f1os H\u00e9roes<\/a><\/li>\n<\/ul>\n<\/td>\n<td>\n<ul>\n<li>Obras y Servicios P\u00fablicos<\/li>\n<\/ul>\n<\/td>\n<\/tr>\n<tr>\n<td>\n<ul>\n<li><a href=\"http:\/\/media.riograndezac.gob.mx\/riograndezac.gob.mx\/archivos\/transparencia\/FraccionXIX\/2015\/1er_trimestre\/CONVENIO%20ESC.PRIM.%20EMILIANO%20ZAPATA.pdf\" target=\"_blank\">Convenio Esc. Prim. Emiliano Zapata<\/a><\/li>\n<\/ul>\n<\/td>\n<td>\n<ul>\n<li>Obras y Servicios P\u00fablicos<\/li>\n<\/ul>\n<\/td>\n<\/tr>\n<tr>\n<td>\n<ul>\n<li><a href=\"http:\/\/media.riograndezac.gob.mx\/riograndezac.gob.mx\/archivos\/transparencia\/FraccionXIX\/2015\/2do_trimestre\/CONVENIO%20FONDO%20DE%20CONTINGUENCIAS.pdf\" target=\"_blank\">Convenio\u00a0Fondo de Contingencias<\/a><\/li>\n<\/ul>\n<\/td>\n<td>\n<ul>\n<li>Obras y Servicios P\u00fablicos<\/li>\n<\/ul>\n<\/td>\n<\/tr>\n<tr>\n<td>\n<ul>\n<li><a href=\"http:\/\/media.riograndezac.gob.mx\/riograndezac.gob.mx\/archivos\/transparencia\/FraccionXIX\/2015\/2do_trimestre\/CONVENIO%20SINFRA.pdf\" target=\"_blank\">Convenio\u00a0SINFRA<\/a><\/li>\n<\/ul>\n<\/td>\n<td>\n<ul>\n<li>Obras y Servicios P\u00fablicos<\/li>\n<\/ul>\n<\/td>\n<\/tr>\n<tr>\n<td>\n<ul>\n<li><a href=\"http:\/\/media.riograndezac.gob.mx\/riograndezac.gob.mx\/archivos\/transparencia\/FraccionXIX\/2015\/2do_trimestre\/CONVENIO_SINFRA_BULLDOZER.pdf\" target=\"_blank\">Convenio\u00a0SINFRA Bulldozer<\/a><\/li>\n<\/ul>\n<\/td>\n<td>\n<ul>\n<li>Obras y Servicios P\u00fablicos<\/li>\n<\/ul>\n<\/td>\n<\/tr>\n<tr>\n<td>\n<ul>\n<li><a href=\"http:\/\/media.riograndezac.gob.mx\/riograndezac.gob.mx\/archivos\/transparencia\/FraccionXIX\/2015\/2do_trimestre\/CONVENIO_SINFRA_MOTOCONFORMADORA.pdf\" target=\"_blank\">Convenio\u00a0SINFRA Motoconformadora<\/a><\/li>\n<\/ul>\n<\/td>\n<td>\n<ul>\n<li>Obras y Servicios P\u00fablicos<\/li>\n<\/ul>\n<\/td>\n<\/tr>\n<\/tbody>\n<\/table>\n","protected":false},"excerpt":{"rendered":"<p>Los convenios que el gobierno celebre con la Federaci\u00f3n, con otros estados y con los municipios, siempre que no versen sobre seguridad nacional o seguridad p\u00fablica. Informaci\u00f3n actualizada al 4\u00b0 trimestre 2015 Convenios Nombre Departamento que genera la informaci\u00f3n Convenio Esc. Prim. Gral. Ni\u00f1os H\u00e9roes Obras y Servicios P\u00fablicos Convenio Esc. Prim. Emiliano Zapata Obras y Servicios P\u00fablicos Convenio\u00a0Fondo de Contingencias Obras y Servicios P\u00fablicos Convenio\u00a0SINFRA Obras y Servicios P\u00fablicos Convenio\u00a0SINFRA Bulldozer Obras y Servicios P\u00fablicos Convenio\u00a0SINFRA Motoconformadora Obras y Servicios P\u00fablicos<\/p>\n","protected":false},"author":1,"featured_media":0,"parent":7,"menu_order":0,"comment_status":"closed","ping_status":"closed","template":"","meta":{"_monsterinsights_skip_tracking":false,"_monsterinsights_sitenote_active":false,"_monsterinsights_sitenote_note":"","_monsterinsights_sitenote_category":0,"footnotes":""},"class_list":["post-125","page","type-page","status-publish","hentry"],"_links":{"self":[{"href":"https:\/\/riograndezac.gob.mx\/informatica\/index.php?rest_route=\/wp\/v2\/pages\/125","targetHints":{"allow":["GET"]}}],"collection":[{"href":"https:\/\/riograndezac.gob.mx\/informatica\/index.php?rest_route=\/wp\/v2\/pages"}],"about":[{"href":"https:\/\/riograndezac.gob.mx\/informatica\/index.php?rest_route=\/wp\/v2\/types\/page"}],"author":[{"embeddable":true,"href":"https:\/\/riograndezac.gob.mx\/informatica\/index.php?rest_route=\/wp\/v2\/users\/1"}],"replies":[{"embeddable":true,"href":"https:\/\/riograndezac.gob.mx\/informatica\/index.php?rest_route=%2Fwp%2Fv2%2Fcomments&post=125"}],"version-history":[{"count":8,"href":"https:\/\/riograndezac.gob.mx\/informatica\/index.php?rest_route=\/wp\/v2\/pages\/125\/revisions"}],"predecessor-version":[{"id":268,"href":"https:\/\/riograndezac.gob.mx\/informatica\/index.php?rest_route=\/wp\/v2\/pages\/125\/revisions\/268"}],"up":[{"embeddable":true,"href":"https:\/\/riograndezac.gob.mx\/informatica\/index.php?rest_route=\/wp\/v2\/pages\/7"}],"wp:attachment":[{"href":"https:\/\/riograndezac.gob.mx\/informatica\/index.php?rest_route=%2Fwp%2Fv2%2Fmedia&parent=125"}],"curies":[{"name":"wp","href":"https:\/\/api.w.org\/{rel}","templated":true}]}}