{"id":129,"date":"2016-01-11T17:26:34","date_gmt":"2016-01-11T23:26:34","guid":{"rendered":"http:\/\/riograndezac.gob.mx\/informatica\/?page_id=129"},"modified":"2016-02-02T15:36:27","modified_gmt":"2016-02-02T21:36:27","slug":"xx-los-convenios-que-los-sujetos-obligados-celebren-con-organizaciones-no-gubernamentales-sindicatos-partidos-politicos","status":"publish","type":"page","link":"https:\/\/riograndezac.gob.mx\/informatica\/?page_id=129","title":{"rendered":"XX. Los convenios que los sujetos obligados celebren con organizaciones no gubernamentales, sindicatos, partidos pol\u00edticos"},"content":{"rendered":"<div id=\"_mcePaste\" style=\"text-align: justify;\"><strong>Los convenios que los sujetos obligados celebren con organizaciones no gubernamentales, sindicatos, partidos pol\u00edticos, asociaciones pol\u00edticas, instituciones de ense\u00f1anza privada, fundaciones\u00a0e instituciones p\u00fablicas del Estado de Zacatecas, de otra entidad federativa, de la Federaci\u00f3n, o de\u00a0otro pa\u00eds. Cuando se trate de convenios que impliquen transferencias financieras con cargo al\u00a0presupuesto p\u00fablico, en el convenio se establecer\u00e1 el fundamento jur\u00eddico, los responsables de su\u00a0recepci\u00f3n y ejecuci\u00f3n, el programa y los tiempos de aplicaci\u00f3n, y se exigir\u00e1 un informe de ejecuci\u00f3n\u00a0de los fondos, que tambi\u00e9n deber\u00e1 hacerse p\u00fablico.<\/strong><\/div>\n<div><\/div>\n<div style=\"text-align: right;\">\n<p>Informaci\u00f3n actualizada al 4\u00b0 trimestre 2015<\/p>\n<p>&nbsp;<\/p>\n<\/div>\n<div style=\"text-align: left;\">\n<table border=\"0\" width=\"717\">\n<tbody>\n<tr>\n<td width=\"545\">\n<div align=\"center\"><strong>Convenio<\/strong><\/div>\n<\/td>\n<td width=\"162\">\n<div align=\"center\"><strong>Departamento<\/strong><\/div>\n<\/td>\n<\/tr>\n<tr>\n<td>\n<ul>\n<li><a href=\"http:\/\/media.riograndezac.gob.mx\/riograndezac.gob.mx\/archivos\/transparencia\/fraccionXX\/2015\/3er_trimestre\/CONTRATO%20DE%20OBRA%20ALUMBRADO%20PUBLICO%20EN%20CALLE%2016%20DE%20SEPTIEMBRE.pdf\" target=\"_blank\">Contrato de obra alumbrado p\u00fablico en calle 16 de septiembre<\/a><\/li>\n<\/ul>\n<\/td>\n<td>Sindicatura<\/td>\n<\/tr>\n<tr>\n<td>\n<ul>\n<li><a href=\"http:\/\/media.riograndezac.gob.mx\/riograndezac.gob.mx\/archivos\/transparencia\/fraccionXX\/2015\/3er_trimestre\/CONTRATO%20DE%20OBRA%20ALUMBRADO%20PUBLICO%20EN%20CALLE%20GONZALO%20RODRIGUEZ.pdf\" target=\"_blank\">Contrato de obra alumbrado p\u00fablico en calle Gonzalo Rodr\u00edguez, Colonia Aztecas<\/a><\/li>\n<\/ul>\n<\/td>\n<td>Sindicatura<\/td>\n<\/tr>\n<tr>\n<td>\n<ul>\n<li><a href=\"http:\/\/media.riograndezac.gob.mx\/riograndezac.gob.mx\/archivos\/transparencia\/fraccionXX\/2015\/3er_trimestre\/CONTRATO%20DE%20OBRA%20CONSTRUCCION%20DE%20BA\u00d1OS%20EN%20PANTEON%20MUNICIPAL.pdf\" target=\"_blank\">Contrato de obra construcci\u00f3n de ba\u00f1os en pante\u00f3n municipal<\/a><\/li>\n<\/ul>\n<\/td>\n<td>Sindicatura<\/td>\n<\/tr>\n<tr>\n<td>\n<ul>\n<li><a href=\"http:\/\/media.riograndezac.gob.mx\/riograndezac.gob.mx\/archivos\/transparencia\/fraccionXX\/2015\/3er_trimestre\/CONTRATO%20DE%20OBRA%20CONSTRUCCION%20DE%20PAVIMENTO%20CON%20CONCRETO%20HIDRAULICO.pdf\" target=\"_blank\">Contrato de obra construcci\u00f3n de pavimento con concreto hidr\u00e1ulico<\/a><\/li>\n<\/ul>\n<\/td>\n<td>Sindicatura<\/td>\n<\/tr>\n<tr>\n<td>\n<ul>\n<li><a href=\"http:\/\/media.riograndezac.gob.mx\/riograndezac.gob.mx\/archivos\/transparencia\/fraccionXX\/2015\/3er_trimestre\/CONTRATO%20DE%20OBRA%20EQUIPAMIENTO%20DE%20RASTRO%20MUNICIPAL.pdf\" target=\"_blank\">Contrato de obra equipamiento de rastro municipal<\/a><\/li>\n<\/ul>\n<\/td>\n<td>Sindicatura<\/td>\n<\/tr>\n<tr>\n<td>\n<ul>\n<li><a href=\"http:\/\/media.riograndezac.gob.mx\/riograndezac.gob.mx\/archivos\/transparencia\/fraccionXX\/2015\/3er_trimestre\/CONTRATO%20DE%20OBRA%20REHABILITACION%20DE%20PLAZA%20PRINCIPAL.pdf\" target=\"_blank\">Contrato de obra rehabilitaci\u00f3n de plaza principal<\/a><\/li>\n<\/ul>\n<\/td>\n<td>Sindicatura<\/td>\n<\/tr>\n<tr>\n<td>\n<ul>\n<li><a href=\"http:\/\/media.riograndezac.gob.mx\/riograndezac.gob.mx\/archivos\/transparencia\/fraccionXX\/2015\/3er_trimestre\/CONTRATO%20DE%20OBRA%20REHABILITACION%20DE%20SANITARIOS%20EN%20CENDI.pdf\" target=\"_blank\">Contrato de obra rehabilitaci\u00f3n de sanitarios en Cendi, colonia Trinidad<\/a><\/li>\n<\/ul>\n<\/td>\n<td>Sindicatura<\/td>\n<\/tr>\n<tr>\n<td>\n<ul>\n<li><a href=\"http:\/\/media.riograndezac.gob.mx\/riograndezac.gob.mx\/archivos\/transparencia\/fraccionXX\/2015\/3er_trimestre\/CONVENIO%20DE%20COLABORACION%20DE%20SEMUJER.pdf\" target=\"_blank\">Convenio de colaboraci\u00f3n de SEMUJER<\/a><\/li>\n<\/ul>\n<\/td>\n<td>Sindicatura<\/td>\n<\/tr>\n<tr>\n<td>\n<ul>\n<li><a href=\"http:\/\/media.riograndezac.gob.mx\/riograndezac.gob.mx\/archivos\/transparencia\/fraccionXX\/2015\/1er_trimestre\/CONTRATO%20DE%20OBRA.pdf\" target=\"_blank\">Contrato de obra<\/a><\/li>\n<\/ul>\n<\/td>\n<td>\n<ul>\n<li>Sindicatura<\/li>\n<\/ul>\n<\/td>\n<\/tr>\n<tr>\n<td>\n<ul>\n<li><a href=\"http:\/\/media.riograndezac.gob.mx\/riograndezac.gob.mx\/archivos\/transparencia\/fraccionXX\/2015\/1er_trimestre\/CONVENIO%20DE%20COLABORACION%20EN%20COMUNIDAD%20SALINAS.pdf\" target=\"_blank\">Convenio de Colaboraci\u00f3n en la Comunidad de Salinas<\/a><\/li>\n<\/ul>\n<\/td>\n<td>\n<ul>\n<li>Sindicatura<\/li>\n<\/ul>\n<\/td>\n<\/tr>\n<tr>\n<td>\n<ul>\n<li><a href=\"http:\/\/media.riograndezac.gob.mx\/riograndezac.gob.mx\/archivos\/transparencia\/fraccionXX\/2015\/1er_trimestre\/CONVENIO DE COOPERACION CON ESCUELA SECUNDARIA GENERAL NINOS HEROES.pdf\" target=\"_blank\">Convenio de Cooperaci\u00f3n con Escuela Secundaria General Ni\u00f1os H\u00e9roes<\/a><\/li>\n<\/ul>\n<\/td>\n<td>\n<ul>\n<li>Sindicatura<\/li>\n<li>Obras y Servicios P\u00fablicos<\/li>\n<\/ul>\n<\/td>\n<\/tr>\n<tr>\n<td>\n<ul>\n<li><a href=\"http:\/\/media.riograndezac.gob.mx\/riograndezac.gob.mx\/archivos\/transparencia\/fraccionXX\/2015\/1er_trimestre\/CONVENIO%20DE%20COOPERACION%20CON%20SECRETARIA%20DE%20EDUCACION%20Y%20COMUNIDAD%20DE%20LA%20LUZ.pdf\" target=\"_blank\">Convenio de Cooperaci\u00f3n con Secretar\u00eda de Educaci\u00f3n y Comunidad de la Luz<\/a><\/li>\n<\/ul>\n<\/td>\n<td>\n<ul>\n<li>Sindicatura<\/li>\n<\/ul>\n<\/td>\n<\/tr>\n<tr>\n<td>\n<ul>\n<li><a href=\"http:\/\/media.riograndezac.gob.mx\/riograndezac.gob.mx\/archivos\/transparencia\/fraccionXX\/2015\/1er_trimestre\/CONVENIO%20DE%20COOPERACION%20CON%20SECRETARIA%20DE%20EDUCACION%20YCOMUNIDAD%20DE%20TIERRA%20BLANCA.pdf\" target=\"_blank\">Convenio de Cooperacion con Secretar\u00eda de Educaci\u00f3n y Comunidad de Tierra Blanca<\/a><\/li>\n<\/ul>\n<\/td>\n<td>\n<ul>\n<li>Sindicatura<\/li>\n<\/ul>\n<\/td>\n<\/tr>\n<tr>\n<td>\n<ul>\n<li><a href=\"http:\/\/media.riograndezac.gob.mx\/riograndezac.gob.mx\/archivos\/transparencia\/fraccionXX\/2015\/2do_trimestre\/CONVENIO%20ESCUELA%2020%20DE%20NOVIEMBRE%20TETILLAS.pdf\" target=\"_blank\">Convenio Escuela 20 de Noviembre Tetillas<\/a><\/li>\n<\/ul>\n<\/td>\n<td>\n<ul>\n<li>Sindicatura<\/li>\n<\/ul>\n<\/td>\n<\/tr>\n<tr>\n<td>\n<ul>\n<li><a href=\"http:\/\/media.riograndezac.gob.mx\/riograndezac.gob.mx\/archivos\/transparencia\/fraccionXX\/2015\/2do_trimestre\/CONVENIO%20ESCUELA%20NINOS%20HEROS%20SAN%20LORENZO.pdf\" target=\"_blank\">Convenio Escuela Ni\u00f1os H\u00e9roes San Lorenzo<\/a><\/li>\n<\/ul>\n<\/td>\n<td>\n<ul>\n<li>Sindicatura<\/li>\n<\/ul>\n<\/td>\n<\/tr>\n<tr>\n<td>\n<ul>\n<li><a href=\"http:\/\/media.riograndezac.gob.mx\/riograndezac.gob.mx\/archivos\/transparencia\/fraccionXX\/2015\/2do_trimestre\/CONVENIO%20PRIMARIA%20EMILIANO%20ZAPATA%20LAS%20PIEDRAS.pdf\" target=\"_blank\">Convenio Primaria Emiliano Zapata, Las Piedras<\/a><\/li>\n<\/ul>\n<\/td>\n<td>\n<ul>\n<li>Sindicatura<\/li>\n<\/ul>\n<\/td>\n<\/tr>\n<tr>\n<td>\n<ul>\n<li><a href=\"http:\/\/media.riograndezac.gob.mx\/riograndezac.gob.mx\/archivos\/transparencia\/fraccionXX\/2015\/2do_trimestre\/CONVENIO%20PRIMARIA%20JOSE%20MARIA%20MORELOS%20LOS%20CONDE.pdf\" target=\"_blank\">Convenio Primaria Jos\u00e9 Mar\u00eda Morelos, Los Conde<\/a><\/li>\n<\/ul>\n<\/td>\n<td>\n<ul>\n<li>Sindicatura<\/li>\n<\/ul>\n<\/td>\n<\/tr>\n<tr>\n<td>\n<ul>\n<li><a href=\"http:\/\/media.riograndezac.gob.mx\/riograndezac.gob.mx\/archivos\/transparencia\/fraccionXX\/2015\/2do_trimestre\/CONVENIO%20SECRETARIA%20INFRAESTRUCTURA%20VIAL.pdf\" target=\"_blank\">Convenio Secretaria de Infraestructura Vial<\/a><\/li>\n<\/ul>\n<\/td>\n<td>\n<ul>\n<li>Sindicatura<\/li>\n<\/ul>\n<\/td>\n<\/tr>\n<tr>\n<td>\n<ul>\n<li><a href=\"http:\/\/media.riograndezac.gob.mx\/riograndezac.gob.mx\/archivos\/transparencia\/fraccionXX\/2015\/4to_trimestre\/CONTRATO%20DE%20OBRA%20DE%20PAVIMENTO%20CON%20CONCRETO%20320391ME016.pdf\" target=\"_blank\">Convenio de obra 320391ME016<\/a><\/li>\n<\/ul>\n<\/td>\n<td>\n<ul>\n<li>Sindicatura<\/li>\n<\/ul>\n<\/td>\n<\/tr>\n<tr>\n<td>\n<ul>\n<li><a href=\"http:\/\/media.riograndezac.gob.mx\/riograndezac.gob.mx\/archivos\/transparencia\/fraccionXX\/2015\/4to_trimestre\/CONTRATO%20DE%20OBRA%20DE%20TECHO%20FIRMES.pdf\" target=\"_blank\">Convenio de obra techo firmes<\/a><\/li>\n<\/ul>\n<\/td>\n<td>\n<ul>\n<li>Sindicatura<\/li>\n<\/ul>\n<\/td>\n<\/tr>\n<tr>\n<td>\n<ul>\n<li><a href=\"http:\/\/media.riograndezac.gob.mx\/riograndezac.gob.mx\/archivos\/transparencia\/fraccionXX\/2015\/4to_trimestre\/CONVENIO%20DE%20COLABORACION%20CONAVI.pdf\" target=\"_blank\">Convenio de colaboraci\u00f3n CONAVI<\/a><\/li>\n<\/ul>\n<\/td>\n<td>\n<ul>\n<li>Sindicatura<\/li>\n<\/ul>\n<\/td>\n<\/tr>\n<tr>\n<td>\n<ul>\n<li><a href=\"http:\/\/media.riograndezac.gob.mx\/riograndezac.gob.mx\/archivos\/transparencia\/fraccionXX\/2015\/4to_trimestre\/CONVENIO%20DE%20COLABORACION%20PARA%20PROPORCIONAR%20MAQUINARIA.pdf\" target=\"_blank\">Convenio de colaboraci\u00f3n para proporcionar maquinaria<\/a><\/li>\n<\/ul>\n<\/td>\n<td>\n<ul>\n<li>Sindicatura<\/li>\n<\/ul>\n<\/td>\n<\/tr>\n<\/tbody>\n<\/table>\n<p>&nbsp;<\/p>\n<hr \/>\n<p style=\"text-align: center;\"><strong>Informaci\u00f3n 2014<\/strong><\/p>\n<p>&nbsp;<\/p>\n<ul>\n<li><a href=\"http:\/\/media.riograndezac.gob.mx\/riograndezac.gob.mx\/archivos\/transparencia\/fraccionXX\/2014\/3er_trimestre\/CONV_COLAB_SEGURO_DE_VIDA_VOLUNTARIO094.pdf\" target=\"_blank\">Convenio de colaboraci\u00f3n de Seguro de Vida Voluntario<\/a><\/li>\n<li><a href=\"http:\/\/media.riograndezac.gob.mx\/riograndezac.gob.mx\/archivos\/transparencia\/fraccionXX\/2014\/3er_trimestre\/CONVENIO_CONAGUA.PDF\" target=\"_blank\">Convenio CONAGUA<\/a><\/li>\n<li><a href=\"http:\/\/media.riograndezac.gob.mx\/riograndezac.gob.mx\/archivos\/transparencia\/fraccionXX\/2014\/3er_trimestre\/SEDESOL_CONV_COLAB093.pdf\" target=\"_blank\">Convenio SEDESOL \u00a0Suministro de Materiales de Construcci\u00f3n<\/a><\/li>\n<li><a href=\"http:\/\/media.riograndezac.gob.mx\/riograndezac.gob.mx\/archivos\/transparencia\/fraccionXX\/2014\/2o_trimestre\/CONVENIO1050.pdf\" target=\"_blank\">Convenio 01050<\/a><\/li>\n<li><a href=\"http:\/\/media.riograndezac.gob.mx\/riograndezac.gob.mx\/archivos\/transparencia\/fraccionXX\/2014\/2o_trimestre\/CONVENIO2051.pdf\" target=\"_blank\">Convenio 02051<\/a><\/li>\n<li><a href=\"http:\/\/media.riograndezac.gob.mx\/riograndezac.gob.mx\/archivos\/transparencia\/fraccionXX\/2014\/2o_trimestre\/CONVENIO3052.pdf\" target=\"_blank\">Convenio 03052<\/a><\/li>\n<li><a href=\"http:\/\/media.riograndezac.gob.mx\/riograndezac.gob.mx\/archivos\/transparencia\/fraccionXX\/2014\/2o_trimestre\/CONVENIO4053.pdf\" target=\"_blank\">Convenio 04053<\/a><\/li>\n<li><a href=\"http:\/\/media.riograndezac.gob.mx\/riograndezac.gob.mx\/archivos\/transparencia\/fraccionXX\/2014\/2o_trimestre\/CONVENIO5054.pdf\" target=\"_blank\">Convenio 05054<\/a><\/li>\n<li><a href=\"http:\/\/media.riograndezac.gob.mx\/riograndezac.gob.mx\/archivos\/transparencia\/fraccionXX\/2014\/2o_trimestre\/CONVENIO6055.pdf\" target=\"_blank\">Convenio 06055<\/a><\/li>\n<li><a href=\"http:\/\/media.riograndezac.gob.mx\/riograndezac.gob.mx\/archivos\/transparencia\/fraccionXX\/2014\/2o_trimestre\/CONVENIO7056.pdf\" target=\"_blank\">Convenio 07056<\/a><\/li>\n<li><a href=\"http:\/\/media.riograndezac.gob.mx\/riograndezac.gob.mx\/archivos\/transparencia\/fraccionXX\/2014\/CONEVIO_MEJORAMIENTO_VIVIENDA_PESO_A_PESO-12-13.pdf\" target=\"_blank\">Convenio de Mejoramiento a la Vivienda Peso a Peso<\/a><\/li>\n<li><a href=\"http:\/\/media.riograndezac.gob.mx\/riograndezac.gob.mx\/archivos\/transparencia\/fraccionXX\/2014\/CONVENIO_APAZU_NO_031-2013.pdf\" target=\"_blank\">Convenio APAZU No. 031-2013<\/a><\/li>\n<li><a href=\"http:\/\/media.riograndezac.gob.mx\/riograndezac.gob.mx\/archivos\/transparencia\/fraccionXX\/2014\/CONVENIO_MARIANA_TRINITARIA.pdf\" target=\"_blank\">Convenio Mariana Trinitaria<\/a><\/li>\n<li><a href=\"http:\/\/media.riograndezac.gob.mx\/riograndezac.gob.mx\/archivos\/transparencia\/fraccionXX\/2014\/CONVENIO_NO_3X1-06-13.pdf\" target=\"_blank\">Convenio No. 3&#215;1-06-13<\/a><\/li>\n<li><a href=\"http:\/\/media.riograndezac.gob.mx\/riograndezac.gob.mx\/archivos\/transparencia\/fraccionXX\/2014\/CONVENIO_NO_3X1-14-13.pdf\" target=\"_blank\">Convenio No. 3&#215;1-14-13<\/a><\/li>\n<li><a href=\"http:\/\/media.riograndezac.gob.mx\/riograndezac.gob.mx\/archivos\/transparencia\/fraccionXX\/2014\/CONVENIO_NO_3X1-15-13.pdf\" target=\"_blank\">Convenio No. 3&#215;1-15-13<\/a><\/li>\n<li><a href=\"http:\/\/media.riograndezac.gob.mx\/riograndezac.gob.mx\/archivos\/transparencia\/fraccionXX\/2014\/CONVENIOS_DE_ORGANIZACIONES_2014.pdf\" target=\"_blank\">Convenios de Organizaciones<\/a><\/li>\n<\/ul>\n<\/div>\n<div style=\"text-align: right;\">__________________________________________ \u00a0 Enlaces anteriores \u00a0 _________________________________________<\/div>\n<div style=\"text-align: left;\">\n<ul>\n<li><a href=\"http:\/\/media.riograndezac.gob.mx\/riograndezac.gob.mx\/archivos\/transparencia\/fraccionXX\/convenio_infomex_rio_grande(2).pdf\" target=\"_blank\">Convenio INFOMEX<\/a><\/li>\n<li><a href=\"http:\/\/media.riograndezac.gob.mx\/riograndezac.gob.mx\/archivos\/transparencia\/fraccionXX\/convenio_imuza_y_immrg.pdf\" target=\"_blank\">Convenio con INMUZA<\/a><\/li>\n<li><a href=\"http:\/\/media.riograndezac.gob.mx\/riograndezac.gob.mx\/archivos\/transparencia\/fraccionXX\/Contrato_Prestacion_de_Servicios_de_Difusion_Radiodifusoras.pdf\" target=\"_blank\">Convenio Radiodifusoras<\/a><\/li>\n<li><a href=\"http:\/\/media.riograndezac.gob.mx\/riograndezac.gob.mx\/archivos\/transparencia\/fraccionXX\/Contrato_Prestacion_de_Servicios_de_Difusion.pdf\" target=\"_blank\">Convenio servicios de difusi\u00f3n<\/a><\/li>\n<li><a href=\"http:\/\/media.riograndezac.gob.mx\/riograndezac.gob.mx\/archivos\/transparencia\/fraccionXX\/CONVENIO_COOLABORACION_BONO.pdf\" target=\"_blank\">Convenio Farmacias ISSSTEZAC<\/a><\/li>\n<li><a href=\"http:\/\/media.riograndezac.gob.mx\/riograndezac.gob.mx\/archivos\/transparencia\/fraccionXX\/convenio_coordinacion_finanzas.pdf\" target=\"_blank\">CONVENIO DE COORDINACION QUE CELEBRA POR UNA PARTE EL GOBIERNO DEL ESTADO DE ZACATECAS A TRAVES DE LA SECRETARIA DE FINANZAS DEL ESTADO DE ZACATECAS<\/a><\/li>\n<li><a href=\"http:\/\/media.riograndezac.gob.mx\/riograndezac.gob.mx\/archivos\/transparencia\/fraccionXX\/CONVENIO_SECRETARIA_Y_MUNICIPIO_PARA_BECAS.pdf\" target=\"_blank\">CONVENIO SECRETARIA Y MUNICIPIO PARA BECAS<\/a><\/li>\n<li><a href=\"http:\/\/media.riograndezac.gob.mx\/riograndezac.gob.mx\/archivos\/transparencia\/fraccionXX\/FOFAE_DOC.pdf\" target=\"_blank\">Convenio\u00a0FOFAEZ<\/a><\/li>\n<li><a href=\"http:\/\/media.riograndezac.gob.mx\/riograndezac.gob.mx\/archivos\/transparencia\/fraccionXX\/creacion_de_banquetes.pdf\" target=\"_blank\">Convenio para la elaboraci\u00f3n de banquetes.<\/a><\/li>\n<li><a href=\"http:\/\/media.riograndezac.gob.mx\/riograndezac.gob.mx\/archivos\/transparencia\/fraccionXX\/grupo_de_teatro.pdf\" target=\"_blank\">Convenio para dirigir grupo de teatro<\/a><\/li>\n<li><a href=\"http:\/\/media.riograndezac.gob.mx\/riograndezac.gob.mx\/archivos\/transparencia\/fraccionXX\/convenio_profa_eugenia_martinez.pdf\" target=\"_blank\">Convenio con la Profa. Eugenia Mart\u00ednez <\/a><\/li>\n<li><a href=\"http:\/\/media.riograndezac.gob.mx\/riograndezac.gob.mx\/archivos\/transparencia\/fraccionXX\/convenio_abraham_de_jesus_garcia.pdf\" target=\"_blank\">Convenio con Abraham de Jes\u00fas\u00a0Garc\u00eda <\/a><\/li>\n<\/ul>\n<\/div>\n","protected":false},"excerpt":{"rendered":"<p>Los convenios que los sujetos obligados celebren con organizaciones no gubernamentales, sindicatos, partidos pol\u00edticos, asociaciones pol\u00edticas, instituciones de ense\u00f1anza privada, fundaciones\u00a0e instituciones p\u00fablicas del Estado de Zacatecas, de otra entidad federativa, de la Federaci\u00f3n, o de\u00a0otro pa\u00eds. Cuando se trate de convenios que impliquen transferencias financieras con cargo al\u00a0presupuesto p\u00fablico, en el convenio se establecer\u00e1 el fundamento jur\u00eddico, los responsables de su\u00a0recepci\u00f3n y ejecuci\u00f3n, el programa y los tiempos de aplicaci\u00f3n, y se exigir\u00e1 un informe de ejecuci\u00f3n\u00a0de los fondos, que tambi\u00e9n deber\u00e1 hacerse p\u00fablico. Informaci\u00f3n actualizada al 4\u00b0 trimestre&hellip;<\/p>\n","protected":false},"author":1,"featured_media":0,"parent":7,"menu_order":0,"comment_status":"closed","ping_status":"closed","template":"","meta":{"_monsterinsights_skip_tracking":false,"_monsterinsights_sitenote_active":false,"_monsterinsights_sitenote_note":"","_monsterinsights_sitenote_category":0,"footnotes":""},"class_list":["post-129","page","type-page","status-publish","hentry"],"_links":{"self":[{"href":"https:\/\/riograndezac.gob.mx\/informatica\/index.php?rest_route=\/wp\/v2\/pages\/129","targetHints":{"allow":["GET"]}}],"collection":[{"href":"https:\/\/riograndezac.gob.mx\/informatica\/index.php?rest_route=\/wp\/v2\/pages"}],"about":[{"href":"https:\/\/riograndezac.gob.mx\/informatica\/index.php?rest_route=\/wp\/v2\/types\/page"}],"author":[{"embeddable":true,"href":"https:\/\/riograndezac.gob.mx\/informatica\/index.php?rest_route=\/wp\/v2\/users\/1"}],"replies":[{"embeddable":true,"href":"https:\/\/riograndezac.gob.mx\/informatica\/index.php?rest_route=%2Fwp%2Fv2%2Fcomments&post=129"}],"version-history":[{"count":7,"href":"https:\/\/riograndezac.gob.mx\/informatica\/index.php?rest_route=\/wp\/v2\/pages\/129\/revisions"}],"predecessor-version":[{"id":2554,"href":"https:\/\/riograndezac.gob.mx\/informatica\/index.php?rest_route=\/wp\/v2\/pages\/129\/revisions\/2554"}],"up":[{"embeddable":true,"href":"https:\/\/riograndezac.gob.mx\/informatica\/index.php?rest_route=\/wp\/v2\/pages\/7"}],"wp:attachment":[{"href":"https:\/\/riograndezac.gob.mx\/informatica\/index.php?rest_route=%2Fwp%2Fv2%2Fmedia&parent=129"}],"curies":[{"name":"wp","href":"https:\/\/api.w.org\/{rel}","templated":true}]}}