{"id":135,"date":"2016-01-11T17:30:30","date_gmt":"2016-01-11T23:30:30","guid":{"rendered":"http:\/\/riograndezac.gob.mx\/informatica\/?page_id=135"},"modified":"2016-02-02T15:44:25","modified_gmt":"2016-02-02T21:44:25","slug":"xxiii-los-resultados-de-estudios-y-encuestas-de-opinion-publica-realizadas-o-contratadas","status":"publish","type":"page","link":"https:\/\/riograndezac.gob.mx\/informatica\/?page_id=135","title":{"rendered":"XXIII. Los resultados de estudios y encuestas de opini\u00f3n p\u00fablica realizadas o contratadas"},"content":{"rendered":"<p style=\"text-align: justify;\"><strong>Los resultados de estudios y encuestas de opini\u00f3n p\u00fablica realizadas o contratadas excepto que se trate de informaci\u00f3n interna para la toma de decisiones.<\/strong><\/p>\n<p style=\"text-align: right;\">Informaci\u00f3n actualizada al 4\u00b0\u00a0trimestre 2015<\/p>\n<div>\n<div>\n<p><strong><a href=\"http:\/\/media.riograndezac.gob.mx\/riograndezac.gob.mx\/archivos\/transparencia\/FraccionXXIII\/2015\/4to_trimestre\/ARTICULO_11_FRACCION_XXIII_4to_trimestre_2015.pdf\" target=\"_blank\">A la fecha no se ha realizado estudio alguno sobre estudios y encuestas de opini\u00f3n p\u00fablica realizadas o contratadas.<\/a><\/strong><\/p>\n<\/div>\n<\/div>\n","protected":false},"excerpt":{"rendered":"<p>Los resultados de estudios y encuestas de opini\u00f3n p\u00fablica realizadas o contratadas excepto que se trate de informaci\u00f3n interna para la toma de decisiones. Informaci\u00f3n actualizada al 4\u00b0\u00a0trimestre 2015 A la fecha no se ha realizado estudio alguno sobre estudios y encuestas de opini\u00f3n p\u00fablica realizadas o contratadas.<\/p>\n","protected":false},"author":1,"featured_media":0,"parent":7,"menu_order":0,"comment_status":"closed","ping_status":"closed","template":"","meta":{"_monsterinsights_skip_tracking":false,"_monsterinsights_sitenote_active":false,"_monsterinsights_sitenote_note":"","_monsterinsights_sitenote_category":0,"footnotes":""},"class_list":["post-135","page","type-page","status-publish","hentry"],"_links":{"self":[{"href":"https:\/\/riograndezac.gob.mx\/informatica\/index.php?rest_route=\/wp\/v2\/pages\/135","targetHints":{"allow":["GET"]}}],"collection":[{"href":"https:\/\/riograndezac.gob.mx\/informatica\/index.php?rest_route=\/wp\/v2\/pages"}],"about":[{"href":"https:\/\/riograndezac.gob.mx\/informatica\/index.php?rest_route=\/wp\/v2\/types\/page"}],"author":[{"embeddable":true,"href":"https:\/\/riograndezac.gob.mx\/informatica\/index.php?rest_route=\/wp\/v2\/users\/1"}],"replies":[{"embeddable":true,"href":"https:\/\/riograndezac.gob.mx\/informatica\/index.php?rest_route=%2Fwp%2Fv2%2Fcomments&post=135"}],"version-history":[{"count":7,"href":"https:\/\/riograndezac.gob.mx\/informatica\/index.php?rest_route=\/wp\/v2\/pages\/135\/revisions"}],"predecessor-version":[{"id":2557,"href":"https:\/\/riograndezac.gob.mx\/informatica\/index.php?rest_route=\/wp\/v2\/pages\/135\/revisions\/2557"}],"up":[{"embeddable":true,"href":"https:\/\/riograndezac.gob.mx\/informatica\/index.php?rest_route=\/wp\/v2\/pages\/7"}],"wp:attachment":[{"href":"https:\/\/riograndezac.gob.mx\/informatica\/index.php?rest_route=%2Fwp%2Fv2%2Fmedia&parent=135"}],"curies":[{"name":"wp","href":"https:\/\/api.w.org\/{rel}","templated":true}]}}