{"id":13568,"date":"2023-09-27T11:15:35","date_gmt":"2023-09-27T16:15:35","guid":{"rendered":"https:\/\/riograndezac.gob.mx\/informatica\/?page_id=13568"},"modified":"2023-09-27T11:58:02","modified_gmt":"2023-09-27T16:58:02","slug":"rehabilitacion-carpeta-asfaltica-entronque-a-progreso","status":"publish","type":"page","link":"https:\/\/riograndezac.gob.mx\/informatica\/?page_id=13568","title":{"rendered":"REHABILITACION CARPETA ASFALTICA ENTRONQUE A PROGRESO"},"content":{"rendered":"\n<p><strong>DESCRIPCI\u00d3N DE LA LICITACI\u00d3N<\/strong><\/p>\n\n\n\n<ul class=\"wp-block-list\">\n<li><strong>CONVOCANTE<\/strong>\n<ul class=\"wp-block-list\">\n<li>R. AYUNTAMIENTO 2021- 2024<\/li>\n<\/ul>\n<\/li>\n\n\n\n<li><strong>LUGAR DONDE SE PUEDEN ADQUIRIR LAS BASES<\/strong>\n<ul class=\"wp-block-list\">\n<li>El lugar de reuni\u00f3n ser\u00e1 en la Direcci\u00f3n de Obras y Servicios P\u00fablicos, de R. Ayuntamiento R\u00edo Grande localizado en Calle Constituci\u00f3n #36, R\u00edo Grande, Zac, a las&nbsp;<strong>09:00<\/strong>&nbsp;horas,<\/li>\n<\/ul>\n<\/li>\n\n\n\n<li><strong>APERTURA DE PROPUESTAS<\/strong>\n<ul class=\"wp-block-list\">\n<li><strong>10:00 horas del<\/strong>\u00a0<strong>26 de junio de 2023<\/strong><\/li>\n<\/ul>\n<\/li>\n\n\n\n<li><strong>FECHA DE JUNTA DE ACLARACIONES<\/strong>\n<ul class=\"wp-block-list\">\n<li><strong>12:00 horas del 20 de junio de 2023.<\/strong><\/li>\n<\/ul>\n<\/li>\n<\/ul>\n\n\n\n<p><\/p>\n\n\n\n<figure class=\"wp-block-table is-style-stripes\"><table class=\"has-fixed-layout\"><thead><tr><th class=\"has-text-align-center\" data-align=\"center\">bases de licitaci\u00f3n<\/th><th class=\"has-text-align-center\" data-align=\"center\"><\/th><th class=\"has-text-align-center\" data-align=\"center\">Invitaciones<\/th><\/tr><\/thead><tbody><tr><td class=\"has-text-align-center\" data-align=\"center\"><a rel=\"noreferrer noopener\" href=\"https:\/\/riograndezac.gob.mx\/informatica\/wp-content\/uploads\/2023\/09\/BASES-DE-LICITACION_ASFALTO-ENTRONQUE-PROGRESO.pdf\" data-type=\"link\" data-id=\"https:\/\/riograndezac.gob.mx\/informatica\/wp-content\/uploads\/2023\/09\/BASES-DE-LICITACION_ASFALTO-ENTRONQUE-PROGRESO.pdf\" target=\"_blank\"><img decoding=\"async\" class=\"wp-image-8458\" style=\"width: 100px;\" src=\"https:\/\/riograndezac.gob.mx\/informatica\/wp-content\/uploads\/2020\/08\/pdf_2.png\" alt=\"\"><\/a><br>asfalto entronque<\/td><td class=\"has-text-align-center\" data-align=\"center\"><a href=\"https:\/\/riograndezac.gob.mx\/informatica\/wp-content\/uploads\/2023\/09\/MODELO-DE-CONTRATO.pdf\" data-type=\"link\" data-id=\"https:\/\/riograndezac.gob.mx\/informatica\/wp-content\/uploads\/2023\/09\/MODELO-DE-CONTRATO.pdf\" target=\"_blank\" rel=\"noreferrer noopener\"><img decoding=\"async\" class=\"wp-image-8458\" style=\"width: 100px;\" src=\"https:\/\/riograndezac.gob.mx\/informatica\/wp-content\/uploads\/2020\/08\/pdf_2.png\" alt=\"\"><\/a><br>modelo de contrato<\/td><td class=\"has-text-align-center\" data-align=\"center\"><a href=\"https:\/\/riograndezac.gob.mx\/informatica\/wp-content\/uploads\/2023\/09\/INVITACIONES.pdf\" target=\"_blank\" rel=\"noreferrer noopener\"><img decoding=\"async\" class=\"wp-image-8458\" style=\"width: 100px;\" src=\"https:\/\/riograndezac.gob.mx\/informatica\/wp-content\/uploads\/2020\/08\/pdf_2.png\" alt=\"\"><\/a><\/td><\/tr><tr><td class=\"has-text-align-center\" data-align=\"center\"><strong>cat\u00e1logos y planos<\/strong><\/td><td class=\"has-text-align-center\" data-align=\"center\"><\/td><td class=\"has-text-align-center\" data-align=\"center\"><strong>visita de obra<\/strong><\/td><\/tr><tr><td class=\"has-text-align-center\" data-align=\"center\"><a href=\"https:\/\/riograndezac.gob.mx\/informatica\/wp-content\/uploads\/2023\/09\/CATALOGO-EXPEDIENTE-PROGRESO-TRAMO-B.xlsx\" data-type=\"link\" data-id=\"https:\/\/riograndezac.gob.mx\/informatica\/wp-content\/uploads\/2023\/09\/CATALOGO-EXPEDIENTE-PROGRESO-TRAMO-B.xlsx\" target=\"_blank\" rel=\"noreferrer noopener\"><img loading=\"lazy\" decoding=\"async\" width=\"150\" height=\"113\" class=\"wp-image-9092\" style=\"width: 150px;\" src=\"https:\/\/riograndezac.gob.mx\/informatica\/wp-content\/uploads\/2021\/07\/EXCERL.png\" alt=\"\" srcset=\"https:\/\/riograndezac.gob.mx\/informatica\/wp-content\/uploads\/2021\/07\/EXCERL.png 1024w, https:\/\/riograndezac.gob.mx\/informatica\/wp-content\/uploads\/2021\/07\/EXCERL-487x365.png 487w, https:\/\/riograndezac.gob.mx\/informatica\/wp-content\/uploads\/2021\/07\/EXCERL-840x630.png 840w, https:\/\/riograndezac.gob.mx\/informatica\/wp-content\/uploads\/2021\/07\/EXCERL-768x576.png 768w\" sizes=\"auto, (max-width: 150px) 100vw, 150px\" \/><\/a><br>CATALOGO EXPEDIENTE PROGRESO TRAMO B<\/td><td class=\"has-text-align-center\" data-align=\"center\"><a href=\"https:\/\/riograndezac.gob.mx\/informatica\/wp-content\/uploads\/2023\/09\/CATALOGO-EXPEDIENTE-PROGRESO-TRAMO-B_completo.xlsx\" data-type=\"link\" data-id=\"https:\/\/riograndezac.gob.mx\/informatica\/wp-content\/uploads\/2023\/09\/CATALOGO-EXPEDIENTE-PROGRESO-TRAMO-B_completo.xlsx\" target=\"_blank\" rel=\"noreferrer noopener\"><img loading=\"lazy\" decoding=\"async\" width=\"150\" height=\"113\" class=\"wp-image-9092\" style=\"width: 150px;\" src=\"https:\/\/riograndezac.gob.mx\/informatica\/wp-content\/uploads\/2021\/07\/EXCERL.png\" alt=\"\" srcset=\"https:\/\/riograndezac.gob.mx\/informatica\/wp-content\/uploads\/2021\/07\/EXCERL.png 1024w, https:\/\/riograndezac.gob.mx\/informatica\/wp-content\/uploads\/2021\/07\/EXCERL-487x365.png 487w, https:\/\/riograndezac.gob.mx\/informatica\/wp-content\/uploads\/2021\/07\/EXCERL-840x630.png 840w, https:\/\/riograndezac.gob.mx\/informatica\/wp-content\/uploads\/2021\/07\/EXCERL-768x576.png 768w\" sizes=\"auto, (max-width: 150px) 100vw, 150px\" \/><\/a><br>CATALOGO EXPEDIENTE PROGRESO TRAMO B_completo<\/td><td class=\"has-text-align-center\" data-align=\"center\"><a href=\"https:\/\/riograndezac.gob.mx\/informatica\/wp-content\/uploads\/2023\/09\/ACTA-VISITA-OBRA.pdf\" data-type=\"link\" data-id=\"https:\/\/riograndezac.gob.mx\/informatica\/wp-content\/uploads\/2023\/09\/ACTA-VISITA-OBRA.pdf\" target=\"_blank\" rel=\"noreferrer noopener\"><img decoding=\"async\" class=\"wp-image-8458\" style=\"width: 100px;\" src=\"https:\/\/riograndezac.gob.mx\/informatica\/wp-content\/uploads\/2020\/08\/pdf_2.png\" alt=\"\"><\/a><br>acta de visita<\/td><\/tr><tr><td class=\"has-text-align-center\" data-align=\"center\"><strong>Junta de Aclaraciones<\/strong><\/td><td class=\"has-text-align-center\" data-align=\"center\"><strong>ACTA PRESENTACION Y APERTURA<\/strong><\/td><td class=\"has-text-align-center\" data-align=\"center\"><\/td><\/tr><tr><td class=\"has-text-align-center\" data-align=\"center\"><a href=\"https:\/\/riograndezac.gob.mx\/informatica\/wp-content\/uploads\/2023\/09\/ACTA-JUNTA-ACLARACIONES.pdf\" data-type=\"link\" data-id=\"https:\/\/riograndezac.gob.mx\/informatica\/wp-content\/uploads\/2023\/09\/ACTA-JUNTA-ACLARACIONES.pdf\" target=\"_blank\" rel=\"noreferrer noopener\"><img decoding=\"async\" class=\"wp-image-8458\" style=\"width: 100px;\" src=\"https:\/\/riograndezac.gob.mx\/informatica\/wp-content\/uploads\/2020\/08\/pdf_2.png\" alt=\"\"><\/a><\/td><td class=\"has-text-align-center\" data-align=\"center\"><a href=\"https:\/\/riograndezac.gob.mx\/informatica\/wp-content\/uploads\/2023\/09\/ACTA-PRESENTACION-Y-APERTURA.pdf\" data-type=\"link\" data-id=\"https:\/\/riograndezac.gob.mx\/informatica\/wp-content\/uploads\/2023\/09\/ACTA-PRESENTACION-Y-APERTURA.pdf\" target=\"_blank\" rel=\"noreferrer noopener\"><img decoding=\"async\" class=\"wp-image-8458\" style=\"width: 100px;\" src=\"https:\/\/riograndezac.gob.mx\/informatica\/wp-content\/uploads\/2020\/08\/pdf_2.png\" alt=\"\"><\/a><\/td><td class=\"has-text-align-center\" data-align=\"center\"><\/td><\/tr><tr><td class=\"has-text-align-center\" data-align=\"center\"><strong>FALLO<\/strong><\/td><td class=\"has-text-align-center\" data-align=\"center\"><\/td><td class=\"has-text-align-center\" data-align=\"center\"><\/td><\/tr><tr><td class=\"has-text-align-center\" data-align=\"center\"><a href=\"https:\/\/riograndezac.gob.mx\/informatica\/wp-content\/uploads\/2023\/09\/ACTA-EMISION-DE-FALLO.pdf\" data-type=\"link\" data-id=\"https:\/\/riograndezac.gob.mx\/informatica\/wp-content\/uploads\/2023\/09\/ACTA-EMISION-DE-FALLO.pdf\" target=\"_blank\" rel=\"noreferrer noopener\"><img decoding=\"async\" class=\"wp-image-8458\" style=\"width: 100px;\" src=\"https:\/\/riograndezac.gob.mx\/informatica\/wp-content\/uploads\/2020\/08\/pdf_2.png\" alt=\"\"><\/a><br>ACTA EMISION DE FALLO<\/td><td class=\"has-text-align-center\" data-align=\"center\"><a href=\"https:\/\/riograndezac.gob.mx\/informatica\/wp-content\/uploads\/2023\/09\/FALLO-LICITACION.pdf\" data-type=\"link\" data-id=\"https:\/\/riograndezac.gob.mx\/informatica\/wp-content\/uploads\/2023\/09\/FALLO-LICITACION.pdf\" target=\"_blank\" rel=\"noreferrer noopener\"><img decoding=\"async\" class=\"wp-image-8458\" style=\"width: 100px;\" src=\"https:\/\/riograndezac.gob.mx\/informatica\/wp-content\/uploads\/2020\/08\/pdf_2.png\" alt=\"\"><\/a><br>FALLO LICITACION<\/td><td class=\"has-text-align-center\" data-align=\"center\"><a href=\"https:\/\/riograndezac.gob.mx\/informatica\/wp-content\/uploads\/2023\/09\/inf_emision_fallo_c3_estatal.pdf\" data-type=\"link\" data-id=\"https:\/\/riograndezac.gob.mx\/informatica\/wp-content\/uploads\/2023\/09\/inf_emision_fallo_c3_estatal.pdf\" target=\"_blank\" rel=\"noreferrer noopener\"><img decoding=\"async\" class=\"wp-image-8458\" style=\"width: 100px;\" src=\"https:\/\/riograndezac.gob.mx\/informatica\/wp-content\/uploads\/2020\/08\/pdf_2.png\" alt=\"\"><\/a><br>inf_emision_fallo_c3_estatal<\/td><\/tr><tr><td class=\"has-text-align-center\" data-align=\"center\"><a href=\"https:\/\/riograndezac.gob.mx\/informatica\/wp-content\/uploads\/2023\/09\/inf_fallo_c3_estatal.pdf\" data-type=\"link\" data-id=\"https:\/\/riograndezac.gob.mx\/informatica\/wp-content\/uploads\/2023\/09\/inf_fallo_c3_estatal.pdf\" target=\"_blank\" rel=\"noreferrer noopener\"><img decoding=\"async\" class=\"wp-image-8458\" style=\"width: 100px;\" src=\"https:\/\/riograndezac.gob.mx\/informatica\/wp-content\/uploads\/2020\/08\/pdf_2.png\" alt=\"\"><\/a><br>inf_fallo_c3_estatal<\/td><td class=\"has-text-align-center\" data-align=\"center\"><a href=\"https:\/\/riograndezac.gob.mx\/informatica\/wp-content\/uploads\/2023\/09\/CONTRATO.pdf\" data-type=\"link\" data-id=\"https:\/\/riograndezac.gob.mx\/informatica\/wp-content\/uploads\/2023\/09\/CONTRATO.pdf\" target=\"_blank\" rel=\"noreferrer noopener\"><img decoding=\"async\" class=\"wp-image-8458\" style=\"width: 100px;\" src=\"https:\/\/riograndezac.gob.mx\/informatica\/wp-content\/uploads\/2020\/08\/pdf_2.png\" alt=\"\"><\/a><br><strong>CONTRATO<\/strong><\/td><td class=\"has-text-align-center\" data-align=\"center\"><\/td><\/tr><tr><td class=\"has-text-align-center\" data-align=\"center\"><strong>ACUERDO MOD EJECUCION<\/strong><\/td><td class=\"has-text-align-center\" data-align=\"center\"><strong>NOMBRAMIENTO RESIDENTE<\/strong><\/td><td class=\"has-text-align-center\" data-align=\"center\"><strong>PERMISO DE CONSTRUCCION<\/strong><\/td><\/tr><tr><td class=\"has-text-align-center\" data-align=\"center\"><a href=\"https:\/\/riograndezac.gob.mx\/informatica\/wp-content\/uploads\/2023\/09\/ACUERDO-MOD-EJECUCION.pdf\" data-type=\"link\" data-id=\"https:\/\/riograndezac.gob.mx\/informatica\/wp-content\/uploads\/2023\/09\/ACUERDO-MOD-EJECUCION.pdf\" target=\"_blank\" rel=\"noreferrer noopener\"><img decoding=\"async\" class=\"wp-image-8458\" style=\"width: 100px;\" src=\"https:\/\/riograndezac.gob.mx\/informatica\/wp-content\/uploads\/2020\/08\/pdf_2.png\" alt=\"\"><\/a><\/td><td class=\"has-text-align-center\" data-align=\"center\"><a href=\"https:\/\/riograndezac.gob.mx\/informatica\/wp-content\/uploads\/2023\/09\/NOMBRAMIENTO-RESIDENTE.pdf\" data-type=\"link\" data-id=\"https:\/\/riograndezac.gob.mx\/informatica\/wp-content\/uploads\/2023\/09\/NOMBRAMIENTO-RESIDENTE.pdf\" target=\"_blank\" rel=\"noreferrer noopener\"><img decoding=\"async\" class=\"wp-image-8458\" style=\"width: 100px;\" src=\"https:\/\/riograndezac.gob.mx\/informatica\/wp-content\/uploads\/2020\/08\/pdf_2.png\" alt=\"\"><\/a><\/td><td class=\"has-text-align-center\" data-align=\"center\"><a href=\"https:\/\/riograndezac.gob.mx\/informatica\/wp-content\/uploads\/2023\/09\/PERMISO-DE-CONSTRUCCION.pdf\" data-type=\"link\" data-id=\"https:\/\/riograndezac.gob.mx\/informatica\/wp-content\/uploads\/2023\/09\/PERMISO-DE-CONSTRUCCION.pdf\" target=\"_blank\" rel=\"noreferrer noopener\"><img decoding=\"async\" class=\"wp-image-8458\" style=\"width: 100px;\" src=\"https:\/\/riograndezac.gob.mx\/informatica\/wp-content\/uploads\/2020\/08\/pdf_2.png\" alt=\"\"><\/a><\/td><\/tr><tr><td class=\"has-text-align-center\" data-align=\"center\"><\/td><td class=\"has-text-align-center\" data-align=\"center\"><\/td><td class=\"has-text-align-center\" data-align=\"center\"><\/td><\/tr><\/tbody><\/table><\/figure>\n","protected":false},"excerpt":{"rendered":"<p>DESCRIPCI\u00d3N DE LA LICITACI\u00d3N bases de licitaci\u00f3n Invitaciones asfalto entronque modelo de contrato cat\u00e1logos y planos visita de obra CATALOGO EXPEDIENTE PROGRESO TRAMO B CATALOGO EXPEDIENTE PROGRESO TRAMO B_completo acta de visita Junta de Aclaraciones ACTA PRESENTACION Y APERTURA FALLO ACTA EMISION DE FALLO FALLO LICITACION inf_emision_fallo_c3_estatal inf_fallo_c3_estatal CONTRATO ACUERDO MOD EJECUCION NOMBRAMIENTO RESIDENTE PERMISO DE CONSTRUCCION<\/p>\n","protected":false},"author":1,"featured_media":0,"parent":0,"menu_order":0,"comment_status":"closed","ping_status":"closed","template":"","meta":{"_monsterinsights_skip_tracking":false,"_monsterinsights_sitenote_active":false,"_monsterinsights_sitenote_note":"","_monsterinsights_sitenote_category":0,"footnotes":""},"class_list":["post-13568","page","type-page","status-publish","hentry"],"_links":{"self":[{"href":"https:\/\/riograndezac.gob.mx\/informatica\/index.php?rest_route=\/wp\/v2\/pages\/13568","targetHints":{"allow":["GET"]}}],"collection":[{"href":"https:\/\/riograndezac.gob.mx\/informatica\/index.php?rest_route=\/wp\/v2\/pages"}],"about":[{"href":"https:\/\/riograndezac.gob.mx\/informatica\/index.php?rest_route=\/wp\/v2\/types\/page"}],"author":[{"embeddable":true,"href":"https:\/\/riograndezac.gob.mx\/informatica\/index.php?rest_route=\/wp\/v2\/users\/1"}],"replies":[{"embeddable":true,"href":"https:\/\/riograndezac.gob.mx\/informatica\/index.php?rest_route=%2Fwp%2Fv2%2Fcomments&post=13568"}],"version-history":[{"count":10,"href":"https:\/\/riograndezac.gob.mx\/informatica\/index.php?rest_route=\/wp\/v2\/pages\/13568\/revisions"}],"predecessor-version":[{"id":13602,"href":"https:\/\/riograndezac.gob.mx\/informatica\/index.php?rest_route=\/wp\/v2\/pages\/13568\/revisions\/13602"}],"wp:attachment":[{"href":"https:\/\/riograndezac.gob.mx\/informatica\/index.php?rest_route=%2Fwp%2Fv2%2Fmedia&parent=13568"}],"curies":[{"name":"wp","href":"https:\/\/api.w.org\/{rel}","templated":true}]}}