{"id":13604,"date":"2023-09-27T13:30:11","date_gmt":"2023-09-27T18:30:11","guid":{"rendered":"https:\/\/riograndezac.gob.mx\/informatica\/?page_id=13604"},"modified":"2023-09-27T13:53:16","modified_gmt":"2023-09-27T18:53:16","slug":"pavimentacion-con-carpeta-asfaltica-en-bulevard-sur-eva-samano-de-lopez-mateos-acceso-a-rio-grande-tramo-glorieta-col-vista-hermosa-rio-grande-zac","status":"publish","type":"page","link":"https:\/\/riograndezac.gob.mx\/informatica\/?page_id=13604","title":{"rendered":"PAVIMENTACI\u00d3N CON CARPETA ASFALTICA EN BULEVARD SUR EVA SAMANO DE LOPEZ MATEOS ACCESO A R\u00cdO GRANDE (TRAMO GLORIETA), COL. VISTA HERMOSA, R\u00cdO GRANDE, ZAC."},"content":{"rendered":"\n<p><strong>DESCRIPCI\u00d3N DE LA LICITACI\u00d3N<\/strong><\/p>\n\n\n\n<ul class=\"wp-block-list\">\n<li><strong>CONVOCANTE<\/strong>\n<ul class=\"wp-block-list\">\n<li>R. AYUNTAMIENTO 2021- 2024<\/li>\n<\/ul>\n<\/li>\n\n\n\n<li><strong>LUGAR DONDE SE PUEDEN ADQUIRIR LAS BASES<\/strong>\n<ul class=\"wp-block-list\">\n<li>El lugar de reuni\u00f3n ser\u00e1 en la Direcci\u00f3n de Obras y Servicios P\u00fablicos, de R. Ayuntamiento R\u00edo Grande localizado en Calle Constituci\u00f3n #36, R\u00edo Grande, Zac, a las&nbsp;<strong>09:00<\/strong>&nbsp;horas,<\/li>\n<\/ul>\n<\/li>\n\n\n\n<li><strong>APERTURA DE PROPUESTAS<\/strong>\n<ul class=\"wp-block-list\">\n<li><strong>10:00 horas del<\/strong>&nbsp;<strong>26 de junio de 2023<\/strong><\/li>\n<\/ul>\n<\/li>\n\n\n\n<li><strong>FECHA DE JUNTA DE ACLARACIONES<\/strong>\n<ul class=\"wp-block-list\">\n<li><strong>12:00 horas del 20 de junio de 2023.<\/strong><\/li>\n<\/ul>\n<\/li>\n<\/ul>\n\n\n\n<figure class=\"wp-block-table is-style-stripes\"><table class=\"has-fixed-layout\"><thead><tr><th class=\"has-text-align-center\" data-align=\"center\">SUFICIENCIA PRESUPUESTARIA<\/th><th class=\"has-text-align-center\" data-align=\"center\">BASES DE LICITACION<\/th><th class=\"has-text-align-center\" data-align=\"center\">INVITACIONES<\/th><\/tr><\/thead><tbody><tr><td class=\"has-text-align-center\" data-align=\"center\"><a href=\"https:\/\/riograndezac.gob.mx\/informatica\/wp-content\/uploads\/2023\/09\/SUFICIENCIA-PRESUPUESTARIA.pdf\" data-type=\"link\" data-id=\"https:\/\/riograndezac.gob.mx\/informatica\/wp-content\/uploads\/2023\/09\/SUFICIENCIA-PRESUPUESTARIA.pdf\" target=\"_blank\" rel=\"noreferrer noopener\"><img decoding=\"async\" class=\"wp-image-8458\" style=\"width: 100px;\" src=\"https:\/\/riograndezac.gob.mx\/informatica\/wp-content\/uploads\/2020\/08\/pdf_2.png\" alt=\"\"><\/a><\/td><td class=\"has-text-align-center\" data-align=\"center\"><a href=\"https:\/\/riograndezac.gob.mx\/informatica\/wp-content\/uploads\/2023\/09\/1.-BASES-DE-LICITACION_GLORIETA_COMPRANET.pdf\" data-type=\"link\" data-id=\"https:\/\/riograndezac.gob.mx\/informatica\/wp-content\/uploads\/2023\/09\/1.-BASES-DE-LICITACION_GLORIETA_COMPRANET.pdf\" target=\"_blank\" rel=\"noreferrer noopener\"><img decoding=\"async\" class=\"wp-image-8458\" style=\"width: 100px;\" src=\"https:\/\/riograndezac.gob.mx\/informatica\/wp-content\/uploads\/2020\/08\/pdf_2.png\" alt=\"\"><\/a><\/td><td class=\"has-text-align-center\" data-align=\"center\"><a href=\"https:\/\/riograndezac.gob.mx\/informatica\/wp-content\/uploads\/2023\/09\/INVITACIONES-CONTRATISTAS.pdf\" data-type=\"link\" data-id=\"https:\/\/riograndezac.gob.mx\/informatica\/wp-content\/uploads\/2023\/09\/INVITACIONES-CONTRATISTAS.pdf\" target=\"_blank\" rel=\"noreferrer noopener\"><img decoding=\"async\" class=\"wp-image-8458\" style=\"width: 100px;\" src=\"https:\/\/riograndezac.gob.mx\/informatica\/wp-content\/uploads\/2020\/08\/pdf_2.png\" alt=\"\"><\/a><br>INVITACIONES CONTRATISTAS<\/td><\/tr><tr><td class=\"has-text-align-center\" data-align=\"center\"><a href=\"https:\/\/riograndezac.gob.mx\/informatica\/wp-content\/uploads\/2023\/09\/INVITACIONES-FUNCIONARIOS.pdf\" data-type=\"link\" data-id=\"https:\/\/riograndezac.gob.mx\/informatica\/wp-content\/uploads\/2023\/09\/INVITACIONES-FUNCIONARIOS.pdf\" target=\"_blank\" rel=\"noreferrer noopener\"><img decoding=\"async\" class=\"wp-image-8458\" style=\"width: 100px;\" src=\"https:\/\/riograndezac.gob.mx\/informatica\/wp-content\/uploads\/2020\/08\/pdf_2.png\" alt=\"\"><\/a><br>INVITACIONES FUNCIONARIOS<\/td><td class=\"has-text-align-center\" data-align=\"center\"><\/td><td class=\"has-text-align-center\" data-align=\"center\"><\/td><\/tr><tr><td class=\"has-text-align-center\" data-align=\"center\"><strong>CATALOGOS Y PLANOS<\/strong><\/td><td class=\"has-text-align-center\" data-align=\"center\"><\/td><td class=\"has-text-align-center\" data-align=\"center\"><strong>ACTA VISITA OBRA<\/strong><\/td><\/tr><tr><td class=\"has-text-align-center\" data-align=\"center\"><a href=\"https:\/\/riograndezac.gob.mx\/informatica\/wp-content\/uploads\/2023\/09\/Glorieta.csv-Model.pdf\" data-type=\"link\" data-id=\"https:\/\/riograndezac.gob.mx\/informatica\/wp-content\/uploads\/2023\/09\/Glorieta.csv-Model.pdf\" target=\"_blank\" rel=\"noreferrer noopener\"><img decoding=\"async\" class=\"wp-image-8458\" style=\"width: 100px;\" src=\"https:\/\/riograndezac.gob.mx\/informatica\/wp-content\/uploads\/2020\/08\/pdf_2.png\" alt=\"\"><\/a><br>Glorieta.csv-Model<\/td><td class=\"has-text-align-center\" data-align=\"center\"><a href=\"https:\/\/riograndezac.gob.mx\/informatica\/wp-content\/uploads\/2023\/09\/PRESUPUESTO-SIN-PU_GLORIETA.xlsx\" data-type=\"link\" data-id=\"https:\/\/riograndezac.gob.mx\/informatica\/wp-content\/uploads\/2023\/09\/PRESUPUESTO-SIN-PU_GLORIETA.xlsx\" target=\"_blank\" rel=\"noreferrer noopener\"><img loading=\"lazy\" decoding=\"async\" width=\"150\" height=\"113\" class=\"wp-image-9092\" style=\"width: 150px;\" src=\"https:\/\/riograndezac.gob.mx\/informatica\/wp-content\/uploads\/2021\/07\/EXCERL.png\" alt=\"\" srcset=\"https:\/\/riograndezac.gob.mx\/informatica\/wp-content\/uploads\/2021\/07\/EXCERL.png 1024w, https:\/\/riograndezac.gob.mx\/informatica\/wp-content\/uploads\/2021\/07\/EXCERL-487x365.png 487w, https:\/\/riograndezac.gob.mx\/informatica\/wp-content\/uploads\/2021\/07\/EXCERL-840x630.png 840w, https:\/\/riograndezac.gob.mx\/informatica\/wp-content\/uploads\/2021\/07\/EXCERL-768x576.png 768w\" sizes=\"auto, (max-width: 150px) 100vw, 150px\" \/><\/a><br>PRESUPUESTO SIN PU_GLORIETA<\/td><td class=\"has-text-align-center\" data-align=\"center\"><a href=\"https:\/\/riograndezac.gob.mx\/informatica\/wp-content\/uploads\/2023\/09\/ACTA-VISITA-OBRA-1.pdf\" data-type=\"link\" data-id=\"https:\/\/riograndezac.gob.mx\/informatica\/wp-content\/uploads\/2023\/09\/ACTA-VISITA-OBRA-1.pdf\" target=\"_blank\" rel=\"noreferrer noopener\"><img decoding=\"async\" class=\"wp-image-8458\" style=\"width: 100px;\" src=\"https:\/\/riograndezac.gob.mx\/informatica\/wp-content\/uploads\/2020\/08\/pdf_2.png\" alt=\"\"><\/a><\/td><\/tr><tr><td class=\"has-text-align-center\" data-align=\"center\"><strong>ACTA JUNTA ACLARACIONES<\/strong><\/td><td class=\"has-text-align-center\" data-align=\"center\"><strong>ACTA PRESENTACION Y APERTURA<\/strong><\/td><td class=\"has-text-align-center\" data-align=\"center\"><strong>FALLO<\/strong><\/td><\/tr><tr><td class=\"has-text-align-center\" data-align=\"center\"><a href=\"https:\/\/riograndezac.gob.mx\/informatica\/wp-content\/uploads\/2023\/09\/ACTA-JUNTA-ACLARACIONES-1.pdf\" data-type=\"link\" data-id=\"https:\/\/riograndezac.gob.mx\/informatica\/wp-content\/uploads\/2023\/09\/ACTA-JUNTA-ACLARACIONES-1.pdf\" target=\"_blank\" rel=\"noreferrer noopener\"><img decoding=\"async\" class=\"wp-image-8458\" style=\"width: 100px;\" src=\"https:\/\/riograndezac.gob.mx\/informatica\/wp-content\/uploads\/2020\/08\/pdf_2.png\" alt=\"\"><\/a><\/td><td class=\"has-text-align-center\" data-align=\"center\"><a href=\"https:\/\/riograndezac.gob.mx\/informatica\/wp-content\/uploads\/2023\/09\/ACTA-PRESENTACION-Y-APERTURA-1.pdf\" data-type=\"link\" data-id=\"https:\/\/riograndezac.gob.mx\/informatica\/wp-content\/uploads\/2023\/09\/ACTA-PRESENTACION-Y-APERTURA-1.pdf\" target=\"_blank\" rel=\"noreferrer noopener\"><img decoding=\"async\" class=\"wp-image-8458\" style=\"width: 100px;\" src=\"https:\/\/riograndezac.gob.mx\/informatica\/wp-content\/uploads\/2020\/08\/pdf_2.png\" alt=\"\"><\/a><\/td><td class=\"has-text-align-center\" data-align=\"center\"><a href=\"https:\/\/riograndezac.gob.mx\/informatica\/wp-content\/uploads\/2023\/09\/ACTA-EMISION-DE-FALLO-1.pdf\" data-type=\"link\" data-id=\"https:\/\/riograndezac.gob.mx\/informatica\/wp-content\/uploads\/2023\/09\/ACTA-EMISION-DE-FALLO-1.pdf\" target=\"_blank\" rel=\"noreferrer noopener\"><img decoding=\"async\" class=\"wp-image-8458\" style=\"width: 100px;\" src=\"https:\/\/riograndezac.gob.mx\/informatica\/wp-content\/uploads\/2020\/08\/pdf_2.png\" alt=\"\"><\/a><br>ACTA EMISION DE FALLO<\/td><\/tr><tr><td class=\"has-text-align-center\" data-align=\"center\"><a href=\"https:\/\/riograndezac.gob.mx\/informatica\/wp-content\/uploads\/2023\/09\/FALLO-LICITACION-1.pdf\" data-type=\"link\" data-id=\"https:\/\/riograndezac.gob.mx\/informatica\/wp-content\/uploads\/2023\/09\/FALLO-LICITACION-1.pdf\" target=\"_blank\" rel=\"noreferrer noopener\"><img decoding=\"async\" class=\"wp-image-8458\" style=\"width: 100px;\" src=\"https:\/\/riograndezac.gob.mx\/informatica\/wp-content\/uploads\/2020\/08\/pdf_2.png\" alt=\"\"><\/a><br>FALLO LICITACION<\/td><td class=\"has-text-align-center\" data-align=\"center\"><strong>CONTRATO<\/strong><br><a href=\"https:\/\/riograndezac.gob.mx\/informatica\/wp-content\/uploads\/2023\/09\/CONTRATO-1.pdf\" data-type=\"link\" data-id=\"https:\/\/riograndezac.gob.mx\/informatica\/wp-content\/uploads\/2023\/09\/CONTRATO-1.pdf\" target=\"_blank\" rel=\"noreferrer noopener\"><img decoding=\"async\" class=\"wp-image-8458\" style=\"width: 100px;\" src=\"https:\/\/riograndezac.gob.mx\/informatica\/wp-content\/uploads\/2020\/08\/pdf_2.png\" alt=\"\"><\/a><\/td><td class=\"has-text-align-center\" data-align=\"center\"><strong>ACUERDO MOD EJECUCION<\/strong><br><a href=\"https:\/\/riograndezac.gob.mx\/informatica\/wp-content\/uploads\/2023\/09\/ACUERDO-MOD-EJECUCION-1.pdf\" data-type=\"link\" data-id=\"https:\/\/riograndezac.gob.mx\/informatica\/wp-content\/uploads\/2023\/09\/ACUERDO-MOD-EJECUCION-1.pdf\" target=\"_blank\" rel=\"noreferrer noopener\"><img decoding=\"async\" class=\"wp-image-8458\" style=\"width: 100px;\" src=\"https:\/\/riograndezac.gob.mx\/informatica\/wp-content\/uploads\/2020\/08\/pdf_2.png\" alt=\"\"><\/a><\/td><\/tr><tr><td class=\"has-text-align-center\" data-align=\"center\"><strong>NOMBRAMIENTO DE RESIDENTE<\/strong><br><a href=\"https:\/\/riograndezac.gob.mx\/informatica\/wp-content\/uploads\/2023\/09\/NOMBRAMIENTO-DE-RESIDENTE.pdf\" data-type=\"link\" data-id=\"https:\/\/riograndezac.gob.mx\/informatica\/wp-content\/uploads\/2023\/09\/NOMBRAMIENTO-DE-RESIDENTE.pdf\" target=\"_blank\" rel=\"noreferrer noopener\"><img decoding=\"async\" class=\"wp-image-8458\" style=\"width: 100px;\" src=\"https:\/\/riograndezac.gob.mx\/informatica\/wp-content\/uploads\/2020\/08\/pdf_2.png\" alt=\"\"><\/a><br><\/td><td class=\"has-text-align-center\" data-align=\"center\"><strong>PERMISO DE CONSTRUCCION<\/strong><br><a href=\"https:\/\/riograndezac.gob.mx\/informatica\/wp-content\/uploads\/2023\/09\/PERMISO-DE-CONSTRUCCION-1.pdf\" data-type=\"link\" data-id=\"https:\/\/riograndezac.gob.mx\/informatica\/wp-content\/uploads\/2023\/09\/PERMISO-DE-CONSTRUCCION-1.pdf\" target=\"_blank\" rel=\"noreferrer noopener\"><img decoding=\"async\" class=\"wp-image-8458\" style=\"width: 100px;\" src=\"https:\/\/riograndezac.gob.mx\/informatica\/wp-content\/uploads\/2020\/08\/pdf_2.png\" alt=\"\"><\/a><\/td><td class=\"has-text-align-center\" data-align=\"center\"><\/td><\/tr><tr><td class=\"has-text-align-center\" data-align=\"center\"><\/td><td class=\"has-text-align-center\" data-align=\"center\"><\/td><td class=\"has-text-align-center\" data-align=\"center\"><\/td><\/tr><tr><td class=\"has-text-align-center\" data-align=\"center\"><\/td><td class=\"has-text-align-center\" data-align=\"center\"><\/td><td class=\"has-text-align-center\" data-align=\"center\"><\/td><\/tr><\/tbody><\/table><\/figure>\n","protected":false},"excerpt":{"rendered":"<p>DESCRIPCI\u00d3N DE LA LICITACI\u00d3N SUFICIENCIA PRESUPUESTARIA BASES DE LICITACION INVITACIONES INVITACIONES CONTRATISTAS INVITACIONES FUNCIONARIOS CATALOGOS Y PLANOS ACTA VISITA OBRA Glorieta.csv-Model PRESUPUESTO SIN PU_GLORIETA ACTA JUNTA ACLARACIONES ACTA PRESENTACION Y APERTURA FALLO ACTA EMISION DE FALLO FALLO LICITACION CONTRATO ACUERDO MOD EJECUCION NOMBRAMIENTO DE RESIDENTE PERMISO DE CONSTRUCCION<\/p>\n","protected":false},"author":1,"featured_media":0,"parent":0,"menu_order":0,"comment_status":"closed","ping_status":"closed","template":"","meta":{"_monsterinsights_skip_tracking":false,"_monsterinsights_sitenote_active":false,"_monsterinsights_sitenote_note":"","_monsterinsights_sitenote_category":0,"footnotes":""},"class_list":["post-13604","page","type-page","status-publish","hentry"],"_links":{"self":[{"href":"https:\/\/riograndezac.gob.mx\/informatica\/index.php?rest_route=\/wp\/v2\/pages\/13604","targetHints":{"allow":["GET"]}}],"collection":[{"href":"https:\/\/riograndezac.gob.mx\/informatica\/index.php?rest_route=\/wp\/v2\/pages"}],"about":[{"href":"https:\/\/riograndezac.gob.mx\/informatica\/index.php?rest_route=\/wp\/v2\/types\/page"}],"author":[{"embeddable":true,"href":"https:\/\/riograndezac.gob.mx\/informatica\/index.php?rest_route=\/wp\/v2\/users\/1"}],"replies":[{"embeddable":true,"href":"https:\/\/riograndezac.gob.mx\/informatica\/index.php?rest_route=%2Fwp%2Fv2%2Fcomments&post=13604"}],"version-history":[{"count":12,"href":"https:\/\/riograndezac.gob.mx\/informatica\/index.php?rest_route=\/wp\/v2\/pages\/13604\/revisions"}],"predecessor-version":[{"id":13642,"href":"https:\/\/riograndezac.gob.mx\/informatica\/index.php?rest_route=\/wp\/v2\/pages\/13604\/revisions\/13642"}],"wp:attachment":[{"href":"https:\/\/riograndezac.gob.mx\/informatica\/index.php?rest_route=%2Fwp%2Fv2%2Fmedia&parent=13604"}],"curies":[{"name":"wp","href":"https:\/\/api.w.org\/{rel}","templated":true}]}}