{"id":141,"date":"2016-01-11T17:34:34","date_gmt":"2016-01-11T23:34:34","guid":{"rendered":"http:\/\/riograndezac.gob.mx\/informatica\/?page_id=141"},"modified":"2016-02-03T14:44:08","modified_gmt":"2016-02-03T20:44:08","slug":"xxv-las-convocatorias-a-concursos-licitaciones-publicas-o-enajenaciones-fuera-de-licitacion-publica","status":"publish","type":"page","link":"https:\/\/riograndezac.gob.mx\/informatica\/?page_id=141","title":{"rendered":"XXV. La informaci\u00f3n completa y actualizada sobre los programas de actividades y los indicadores establecidos por los sujetos obligados"},"content":{"rendered":"<p style=\"text-align: justify;\"><strong>La informaci\u00f3n completa y actualizada sobre los programas de actividades y los indicadores establecidos por los sujetos obligados para evaluar su gesti\u00f3n y el ejercicio delos recursos p\u00fablicos.<\/strong><\/p>\n<p style=\"text-align: right;\">Informaci\u00f3n actualizada al 4\u00b0 trimestre 2015<\/p>\n<p style=\"text-align: left;\"><strong>Programas de actividades<\/strong><\/p>\n<table border=\"0\" width=\"504\">\n<tbody>\n<tr>\n<td width=\"251\">\n<div align=\"center\"><strong>POA<\/strong><\/div>\n<\/td>\n<td width=\"358\">\n<div align=\"center\"><strong>Departamento que genera la informaci\u00f3n<\/strong><\/div>\n<\/td>\n<\/tr>\n<tr>\n<td>\n<ul>\n<li><a href=\"http:\/\/media.riograndezac.gob.mx\/riograndezac.gob.mx\/archivos\/transparencia\/fraccionXXV\/2015\/1er_trimestre\/POA%202015%20ALCOHOLES.pdf\" target=\"_blank\">Alcoholes<\/a><\/li>\n<\/ul>\n<\/td>\n<td>\n<ul>\n<li>Desarrollo Social y Econ\u00f3mico<\/li>\n<\/ul>\n<\/td>\n<\/tr>\n<tr>\n<td>\n<ul>\n<li><a href=\"http:\/\/media.riograndezac.gob.mx\/riograndezac.gob.mx\/archivos\/transparencia\/fraccionXXV\/2015\/1er_trimestre\/POA%202015%20ARCHIVO%20HISTROICO.pdf\" target=\"_blank\">Archivo Hist\u00f3rico<\/a><\/li>\n<\/ul>\n<\/td>\n<td>\n<ul>\n<li>Desarrollo Social y Econ\u00f3mico<\/li>\n<\/ul>\n<\/td>\n<\/tr>\n<tr>\n<td>\n<ul>\n<li><a href=\"http:\/\/media.riograndezac.gob.mx\/riograndezac.gob.mx\/archivos\/transparencia\/fraccionXXV\/2015\/1er_trimestre\/POA%202015%20BIBLIOTECAS.pdf\" target=\"_blank\">Bibliotecas<\/a><\/li>\n<\/ul>\n<\/td>\n<td>\n<ul>\n<li>Desarrollo Social y Econ\u00f3mico<\/li>\n<\/ul>\n<\/td>\n<\/tr>\n<tr>\n<td>\n<ul>\n<li><a href=\"http:\/\/media.riograndezac.gob.mx\/riograndezac.gob.mx\/archivos\/transparencia\/fraccionXXV\/2015\/1er_trimestre\/POA%202015%20CATASTRO%20Y%20PREDIAL.pdf\" target=\"_blank\">Catastro y Predial<\/a><\/li>\n<\/ul>\n<\/td>\n<td>\n<ul>\n<li>Desarrollo Social y Econ\u00f3mico<\/li>\n<\/ul>\n<\/td>\n<\/tr>\n<tr>\n<td>\n<ul>\n<li><a href=\"http:\/\/media.riograndezac.gob.mx\/riograndezac.gob.mx\/archivos\/transparencia\/fraccionXXV\/2015\/1er_trimestre\/POA%202015%20CDC.pdf\" target=\"_blank\">CDC<\/a><\/li>\n<\/ul>\n<\/td>\n<td>\n<ul>\n<li>Desarrollo Social y Econ\u00f3mico<\/li>\n<\/ul>\n<\/td>\n<\/tr>\n<tr>\n<td>\n<ul>\n<li><a href=\"http:\/\/media.riograndezac.gob.mx\/riograndezac.gob.mx\/archivos\/transparencia\/fraccionXXV\/2015\/1er_trimestre\/POA%202015%20CEBIS.pdf\" target=\"_blank\">CEBIS<\/a><\/li>\n<\/ul>\n<\/td>\n<td>\n<ul>\n<li>Desarrollo Social y Econ\u00f3mico<\/li>\n<\/ul>\n<\/td>\n<\/tr>\n<tr>\n<td>\n<ul>\n<li><a href=\"http:\/\/media.riograndezac.gob.mx\/riograndezac.gob.mx\/archivos\/transparencia\/fraccionXXV\/2015\/1er_trimestre\/POA%202015%20CENTRO%20SUMAR.pdf\" target=\"_blank\">Centro SUMAR<\/a><\/li>\n<\/ul>\n<\/td>\n<td>\n<ul>\n<li>Desarrollo Social y Econ\u00f3mico<\/li>\n<\/ul>\n<\/td>\n<\/tr>\n<tr>\n<td>\n<ul>\n<li><a href=\"http:\/\/media.riograndezac.gob.mx\/riograndezac.gob.mx\/archivos\/transparencia\/fraccionXXV\/2015\/1er_trimestre\/POA%202015%20COMERCIO.pdf\" target=\"_blank\">Comercio<\/a><\/li>\n<\/ul>\n<\/td>\n<td>\n<ul>\n<li>Desarrollo Social y Econ\u00f3mico<\/li>\n<\/ul>\n<\/td>\n<\/tr>\n<tr>\n<td>\n<ul>\n<li><a href=\"http:\/\/media.riograndezac.gob.mx\/riograndezac.gob.mx\/archivos\/transparencia\/fraccionXXV\/2015\/1er_trimestre\/POA%202015%20COORDINACION%20DEL%20DEPORTE.pdf\" target=\"_blank\">Coordinaci\u00f3n del Deporte<\/a><\/li>\n<\/ul>\n<\/td>\n<td>\n<ul>\n<li>Desarrollo Social y Econ\u00f3mico<\/li>\n<\/ul>\n<\/td>\n<\/tr>\n<tr>\n<td>\n<ul>\n<li><a href=\"http:\/\/media.riograndezac.gob.mx\/riograndezac.gob.mx\/archivos\/transparencia\/fraccionXXV\/2015\/1er_trimestre\/POA%202015%20CULTURA.pdf\" target=\"_blank\">Cultura<\/a><\/li>\n<\/ul>\n<\/td>\n<td>\n<ul>\n<li>Desarrollo Social y Econ\u00f3mico<\/li>\n<\/ul>\n<\/td>\n<\/tr>\n<tr>\n<td>\n<ul>\n<li><a href=\"http:\/\/media.riograndezac.gob.mx\/riograndezac.gob.mx\/archivos\/transparencia\/fraccionXXV\/2015\/1er_trimestre\/POA 2015 DESARROLLO AGROPECUARIO.pdf\" target=\"_blank\">Desarrollo Agropecuario<\/a><\/li>\n<\/ul>\n<\/td>\n<td>\n<ul>\n<li>Desarrollo Social y Econ\u00f3mico<\/li>\n<\/ul>\n<\/td>\n<\/tr>\n<tr>\n<td>\n<ul>\n<li><a href=\"http:\/\/media.riograndezac.gob.mx\/riograndezac.gob.mx\/archivos\/transparencia\/fraccionXXV\/2015\/1er_trimestre\/POA%202015%20DESARROLLO%20SOCIAL.pdf\" target=\"_blank\">Desarrollo Social y Econ\u00f3mico<\/a><\/li>\n<\/ul>\n<\/td>\n<td>\n<ul>\n<li>Desarrollo Social y Econ\u00f3mico<\/li>\n<\/ul>\n<\/td>\n<\/tr>\n<tr>\n<td>\n<ul>\n<li><a href=\"http:\/\/media.riograndezac.gob.mx\/riograndezac.gob.mx\/archivos\/transparencia\/fraccionXXV\/2015\/1er_trimestre\/POA%202015%20DIF.pdf\" target=\"_blank\">DIF<\/a><\/li>\n<\/ul>\n<\/td>\n<td>\n<ul>\n<li>Desarrollo Social y Econ\u00f3mico<\/li>\n<\/ul>\n<\/td>\n<\/tr>\n<tr>\n<td>\n<ul>\n<li><a href=\"http:\/\/media.riograndezac.gob.mx\/riograndezac.gob.mx\/archivos\/transparencia\/fraccionXXV\/2015\/1er_trimestre\/POA%202015%20INFORMATICA.pdf\" target=\"_blank\">Inform\u00e1tica<\/a><\/li>\n<\/ul>\n<\/td>\n<td>\n<ul>\n<li>Desarrollo Social y Econ\u00f3mico<\/li>\n<\/ul>\n<\/td>\n<\/tr>\n<tr>\n<td>\n<ul>\n<li><a href=\"http:\/\/media.riograndezac.gob.mx\/riograndezac.gob.mx\/archivos\/transparencia\/fraccionXXV\/2015\/1er_trimestre\/POA 2015 INSTITUTO DE LA MUJER.pdf\" target=\"_blank\">Instituto de la Mujer<\/a><\/li>\n<\/ul>\n<\/td>\n<td>\n<ul>\n<li>Desarrollo Social y Econ\u00f3mico<\/li>\n<\/ul>\n<\/td>\n<\/tr>\n<tr>\n<td>\n<ul>\n<li><a href=\"http:\/\/media.riograndezac.gob.mx\/riograndezac.gob.mx\/archivos\/transparencia\/fraccionXXV\/2015\/1er_trimestre\/POA%202015%20MANTENIMIENTO%20VEHICULAR.pdf\" target=\"_blank\">Mantenimiento Vehicular<\/a><\/li>\n<\/ul>\n<\/td>\n<td>\n<ul>\n<li>Desarrollo Social y Econ\u00f3mico<\/li>\n<\/ul>\n<\/td>\n<\/tr>\n<tr>\n<td>\n<ul>\n<li><a href=\"http:\/\/media.riograndezac.gob.mx\/riograndezac.gob.mx\/archivos\/transparencia\/fraccionXXV\/2015\/1er_trimestre\/POA%202015%20OBRAS%20PUBLICAS.pdf\" target=\"_blank\">Obras y Servicios P\u00fablicos<\/a><\/li>\n<\/ul>\n<\/td>\n<td>\n<ul>\n<li>Desarrollo Social y Econ\u00f3mico<\/li>\n<\/ul>\n<\/td>\n<\/tr>\n<tr>\n<td>\n<ul>\n<li><a href=\"http:\/\/media.riograndezac.gob.mx\/riograndezac.gob.mx\/archivos\/transparencia\/fraccionXXV\/2015\/1er_trimestre\/POA%202015%20OFICIALIA%20MAYOR.pdf\" target=\"_blank\">Oficialia Mayor<\/a><\/li>\n<\/ul>\n<\/td>\n<td>\n<ul>\n<li>Desarrollo Social y Econ\u00f3mico<\/li>\n<\/ul>\n<\/td>\n<\/tr>\n<tr>\n<td>\n<ul>\n<li><a href=\"http:\/\/media.riograndezac.gob.mx\/riograndezac.gob.mx\/archivos\/transparencia\/fraccionXXV\/2015\/1er_trimestre\/POA%202015%20PROSPERA.pdf\" target=\"_blank\">Prospera<\/a><\/li>\n<\/ul>\n<\/td>\n<td>\n<ul>\n<li>Desarrollo Social y Econ\u00f3mico<\/li>\n<\/ul>\n<\/td>\n<\/tr>\n<tr>\n<td>\n<ul>\n<li><a href=\"http:\/\/media.riograndezac.gob.mx\/riograndezac.gob.mx\/archivos\/transparencia\/fraccionXXV\/2015\/1er_trimestre\/POA 2015 PROTECCION CIVIL.pdf\" target=\"_blank\">Protecci\u00f3n Civil<\/a><\/li>\n<\/ul>\n<\/td>\n<td>\n<ul>\n<li>Desarrollo Social y Econ\u00f3mico<\/li>\n<\/ul>\n<\/td>\n<\/tr>\n<tr>\n<td>\n<ul>\n<li><a href=\"http:\/\/media.riograndezac.gob.mx\/riograndezac.gob.mx\/archivos\/transparencia\/fraccionXXV\/2015\/1er_trimestre\/POA%202015%20RASTRO%20MUNICIPAL.pdf\" target=\"_blank\">Rastro Municipal<\/a><\/li>\n<\/ul>\n<\/td>\n<td>\n<ul>\n<li>Desarrollo Social y Econ\u00f3mico<\/li>\n<\/ul>\n<\/td>\n<\/tr>\n<tr>\n<td>\n<ul>\n<li><a href=\"http:\/\/media.riograndezac.gob.mx\/riograndezac.gob.mx\/archivos\/transparencia\/fraccionXXV\/2015\/1er_trimestre\/POA%202015%20RECURSOS%20HUMANOS.pdf\" target=\"_blank\">Recursos Humanos<\/a><\/li>\n<\/ul>\n<\/td>\n<td>\n<ul>\n<li>Desarrollo Social y Econ\u00f3mico<\/li>\n<\/ul>\n<\/td>\n<\/tr>\n<tr>\n<td>\n<ul>\n<li><a href=\"http:\/\/media.riograndezac.gob.mx\/riograndezac.gob.mx\/archivos\/transparencia\/fraccionXXV\/2015\/1er_trimestre\/POA%202015%20REGISTRO%20CIVIL.pdf\" target=\"_blank\">Registro Civil<\/a><\/li>\n<\/ul>\n<\/td>\n<td>\n<ul>\n<li>Desarrollo Social y Econ\u00f3mico<\/li>\n<\/ul>\n<\/td>\n<\/tr>\n<tr>\n<td>\n<ul>\n<li><a href=\"http:\/\/media.riograndezac.gob.mx\/riograndezac.gob.mx\/archivos\/transparencia\/fraccionXXV\/2015\/1er_trimestre\/POA%202015%20SEGURIDAD%20PUBLICA.pdf\" target=\"_blank\">Seguridad P\u00fablica<\/a><\/li>\n<\/ul>\n<\/td>\n<td>\n<ul>\n<li>Desarrollo Social y Econ\u00f3mico<\/li>\n<\/ul>\n<\/td>\n<\/tr>\n<tr>\n<td>\n<ul>\n<li><a href=\"http:\/\/media.riograndezac.gob.mx\/riograndezac.gob.mx\/archivos\/transparencia\/fraccionXXV\/2015\/1er_trimestre\/POA%202015%20SINDICATURA.pdf\" target=\"_blank\">Sindicatura<\/a><\/li>\n<\/ul>\n<\/td>\n<td>\n<ul>\n<li>Desarrollo Social y Econ\u00f3mico<\/li>\n<\/ul>\n<\/td>\n<\/tr>\n<tr>\n<td>\n<ul>\n<li><a href=\"http:\/\/media.riograndezac.gob.mx\/riograndezac.gob.mx\/archivos\/transparencia\/fraccionXXV\/2015\/1er_trimestre\/POA%202015%20TRANSPARENCIA.pdf\" target=\"_blank\">Transparencia<\/a><\/li>\n<\/ul>\n<\/td>\n<td>\n<ul>\n<li>Desarrollo Social y Econ\u00f3mico<\/li>\n<\/ul>\n<\/td>\n<\/tr>\n<\/tbody>\n<\/table>\n<p style=\"text-align: left;\"><strong>Indicadores de gesti\u00f3n<\/strong><\/p>\n<table border=\"0\" width=\"648\">\n<tbody>\n<tr>\n<td width=\"402\">\n<div align=\"center\"><strong>Concepto<\/strong><\/div>\n<\/td>\n<td width=\"230\">\n<div align=\"center\"><strong>Departamento que genera la informaci\u00f3n<\/strong><\/div>\n<\/td>\n<\/tr>\n<tr>\n<td>\n<ul>\n<li><a href=\"http:\/\/media.riograndezac.gob.mx\/riograndezac.gob.mx\/archivos\/transparencia\/fraccionXXV\/2015\/1er_trimestre\/Indicadores_1er_trimestre_2015.pdf\" target=\"_blank\">Indicador de programas<\/a><\/li>\n<\/ul>\n<\/td>\n<td>\n<ul>\n<li>Desarrollo Econ\u00f3mico y Social<\/li>\n<\/ul>\n<\/td>\n<\/tr>\n<tr>\n<td>\n<ul>\n<li><a href=\"http:\/\/media.riograndezac.gob.mx\/riograndezac.gob.mx\/archivos\/transparencia\/fraccionXXV\/2015\/1er_trimestre\/Indicadores_1er_trimestre_2015dos.pdf\" target=\"_blank\">Indicador de obras<\/a><\/li>\n<\/ul>\n<\/td>\n<td>\n<ul>\n<li>Desarrollo Econ\u00f3mico y Social<\/li>\n<\/ul>\n<\/td>\n<\/tr>\n<tr>\n<td>\n<ul>\n<li><a href=\"http:\/\/media.riograndezac.gob.mx\/riograndezac.gob.mx\/archivos\/transparencia\/fraccionXXV\/2015\/2do_trimestre\/Indicadores_gestion_2do_trim_2015.pdf\" target=\"_blank\">Indicadores de gesti\u00f3n 2\u00b0 trimestre<\/a><\/li>\n<\/ul>\n<\/td>\n<td rowspan=\"3\">\n<ul>\n<li>Desarrollo Econ\u00f3mico y Social<\/li>\n<\/ul>\n<\/td>\n<\/tr>\n<tr>\n<td>\n<ul>\n<li><a href=\"http:\/\/media.riograndezac.gob.mx\/riograndezac.gob.mx\/archivos\/transparencia\/fraccionXXV\/2015\/3er_trimestre\/Indicadores_de_gestion_3er_trim_2015.pdf\" target=\"_blank\">Indicadores de gesti\u00f3n 3er trimestre<\/a><\/li>\n<\/ul>\n<\/td>\n<\/tr>\n<tr>\n<td>\n<ul>\n<li><a href=\"http:\/\/media.riograndezac.gob.mx\/riograndezac.gob.mx\/archivos\/transparencia\/fraccionXXV\/2015\/4to_trimestre\/Indicadores_de_gestion_4to_trim_2015.pdf\" target=\"_blank\">Indicadores de gesti\u00f3n 4\u00b0 trimestre<\/a><\/li>\n<\/ul>\n<\/td>\n<\/tr>\n<\/tbody>\n<\/table>\n<hr \/>\n<p style=\"text-align: center;\"><strong>Informaci\u00f3n 2014<\/strong><\/p>\n<p style=\"text-align: left;\"><strong>Programa Operativo Anual 2014 por Departamento<\/strong><\/p>\n<ul>\n<li><a href=\"http:\/\/media.riograndezac.gob.mx\/riograndezac.gob.mx\/archivos\/transparencia\/fraccionXXV\/2014\/POA_Sindico_2014.pdf\" target=\"_blank\">S\u00edndico Municipal<\/a><\/li>\n<li><a href=\"http:\/\/media.riograndezac.gob.mx\/riograndezac.gob.mx\/archivos\/transparencia\/fraccionXXV\/2014\/POA%20_TESORERIA_RIO_2014.pdf\" target=\"_blank\">Tesorer\u00eda Municipal<\/a><\/li>\n<li><a href=\"http:\/\/media.riograndezac.gob.mx\/riograndezac.gob.mx\/archivos\/transparencia\/fraccionXXV\/2014\/POA_de_Obras_Publicas_2014.pdf\" target=\"_blank\">Obras P\u00fablicas y Servicios<\/a><\/li>\n<li><a href=\"http:\/\/media.riograndezac.gob.mx\/riograndezac.gob.mx\/archivos\/transparencia\/fraccionXXV\/2014\/POA_Desarrollo_SE_2014.pdf\" target=\"_blank\">Desarrollo Econ\u00f3mico y Social<\/a><\/li>\n<li><a href=\"http:\/\/media.riograndezac.gob.mx\/riograndezac.gob.mx\/archivos\/transparencia\/fraccionXXV\/2014\/POA_Secretaria_del_HA_2014.pdf\" target=\"_blank\">Secretar\u00eda del H. Ayuntamiento<\/a><\/li>\n<li><a href=\"http:\/\/media.riograndezac.gob.mx\/riograndezac.gob.mx\/archivos\/transparencia\/fraccionXXV\/2014\/POA_2014_SMDIF.pdf\" target=\"_blank\">Sistema Municipal DIF<\/a><\/li>\n<li><a href=\"http:\/\/media.riograndezac.gob.mx\/riograndezac.gob.mx\/archivos\/transparencia\/fraccionXXV\/2014\/POA_Alcoholes_2014.pdf\" target=\"_blank\">Alcoholes<\/a><\/li>\n<li><a href=\"http:\/\/media.riograndezac.gob.mx\/riograndezac.gob.mx\/archivos\/transparencia\/fraccionXXV\/2014\/POA_Archivo_Historico_2014.pdf\" target=\"_blank\">Archivo Hist\u00f3rico<\/a><\/li>\n<li><a href=\"http:\/\/media.riograndezac.gob.mx\/riograndezac.gob.mx\/archivos\/transparencia\/fraccionXXV\/2014\/POA_Biblioteca_2014.pdf\" target=\"_blank\">Biblioteca<\/a><\/li>\n<li><a href=\"http:\/\/media.riograndezac.gob.mx\/riograndezac.gob.mx\/archivos\/transparencia\/fraccionXXV\/2014\/POA_Catastro_2014.pdf\" target=\"_blank\">Catastro y Predial<\/a><\/li>\n<li><a href=\"http:\/\/media.riograndezac.gob.mx\/riograndezac.gob.mx\/archivos\/transparencia\/fraccionXXV\/2014\/POA_Cebis_2014.pdf\" target=\"_blank\">CEBIS<\/a><\/li>\n<li><a href=\"http:\/\/media.riograndezac.gob.mx\/riograndezac.gob.mx\/archivos\/transparencia\/fraccionXXV\/2014\/POA_Comercio_2014.pdf\" target=\"_blank\">Comercio<\/a><\/li>\n<li><a href=\"http:\/\/media.riograndezac.gob.mx\/riograndezac.gob.mx\/archivos\/transparencia\/fraccionXXV\/2014\/POA_Comunicacion_Social_2014.pdf\" target=\"_blank\">Comunicaci\u00f3n Social<\/a><\/li>\n<li><a href=\"http:\/\/media.riograndezac.gob.mx\/riograndezac.gob.mx\/archivos\/transparencia\/fraccionXXV\/2014\/POA_Contraloria_2014.pdf\" target=\"_blank\">Contraloria Municipal<\/a><\/li>\n<li><a href=\"http:\/\/media.riograndezac.gob.mx\/riograndezac.gob.mx\/archivos\/transparencia\/fraccionXXV\/2014\/POA_Cronista_2014.pdf\" target=\"_blank\">Cronista Municipal<\/a><\/li>\n<li><a href=\"http:\/\/media.riograndezac.gob.mx\/riograndezac.gob.mx\/archivos\/transparencia\/fraccionXXV\/2014\/POA_Deporte_2014.pdf\" target=\"_blank\">Coordinaci\u00f3n Municipal del Deporte<\/a><\/li>\n<li><a href=\"http:\/\/media.riograndezac.gob.mx\/riograndezac.gob.mx\/archivos\/transparencia\/fraccionXXV\/2014\/POA_Ecologia_2014.pdf\" target=\"_blank\">Ecolog\u00eda<\/a><\/li>\n<li><a href=\"http:\/\/media.riograndezac.gob.mx\/riograndezac.gob.mx\/archivos\/transparencia\/fraccionXXV\/2014\/POA_IMJUVE_2014.pdf\" target=\"_blank\">IMJUVE<\/a><\/li>\n<li><a href=\"http:\/\/media.riograndezac.gob.mx\/riograndezac.gob.mx\/archivos\/transparencia\/fraccionXXV\/2014\/POA_IMMRG_2014.pdf\" target=\"_blank\">IMMRG<\/a><\/li>\n<li><a href=\"http:\/\/media.riograndezac.gob.mx\/riograndezac.gob.mx\/archivos\/transparencia\/fraccionXXV\/2014\/POA_Informatica_2014.pdf\" target=\"_blank\">Inform\u00e1tica y Sistemas<\/a><\/li>\n<li><a href=\"http:\/\/media.riograndezac.gob.mx\/riograndezac.gob.mx\/archivos\/transparencia\/fraccionXXV\/2014\/POA_MIGRANTE_2014.pdf\" target=\"_blank\">Migrante<\/a><\/li>\n<li><a href=\"http:\/\/media.riograndezac.gob.mx\/riograndezac.gob.mx\/archivos\/transparencia\/fraccionXXV\/2014\/POA_Oficialia_Mayor_2014.pdf\" target=\"_blank\">Oficial\u00eda Mayor<\/a><\/li>\n<li><a href=\"http:\/\/media.riograndezac.gob.mx\/riograndezac.gob.mx\/archivos\/transparencia\/fraccionXXV\/2014\/POA_Oportunidades_70y+_2014.pdf\" target=\"_blank\">Oportunidades, 70 y +<\/a><\/li>\n<li><a href=\"http:\/\/media.riograndezac.gob.mx\/riograndezac.gob.mx\/archivos\/transparencia\/fraccionXXV\/2014\/POA_Proteccion_Civil_2014.pdf\" target=\"_blank\">Protecci\u00f3n Civil y Bomberos<\/a><\/li>\n<li><a href=\"http:\/\/media.riograndezac.gob.mx\/riograndezac.gob.mx\/archivos\/transparencia\/fraccionXXV\/2014\/POA_Rastro_2014.pdf\" target=\"_blank\">Rastro Municipal<\/a><\/li>\n<li><a href=\"http:\/\/media.riograndezac.gob.mx\/riograndezac.gob.mx\/archivos\/transparencia\/fraccionXXV\/2014\/POA_Recursos_Humanos_2014.pdf\" target=\"_blank\">Recursos Humanos<\/a><\/li>\n<li><a href=\"http:\/\/media.riograndezac.gob.mx\/riograndezac.gob.mx\/archivos\/transparencia\/fraccionXXV\/2014\/POA_Recursos_Materiales_2014.pdf\" target=\"_blank\">Recursos Materiales<\/a><\/li>\n<li><a href=\"http:\/\/media.riograndezac.gob.mx\/riograndezac.gob.mx\/archivos\/transparencia\/fraccionXXV\/2014\/POA_Registro_Civil_2014.pdf\" target=\"_blank\">Registro Civil<\/a><\/li>\n<\/ul>\n<p><strong>Listado de Indicadores de Gesti\u00f3n<\/strong><\/p>\n<ul>\n<li><a href=\"http:\/\/media.riograndezac.gob.mx\/riograndezac.gob.mx\/archivos\/transparencia\/fraccionXXV\/2014\/3er_trim\/Indicadores_de_Gestion_3er_trim_2014.pdf\" target=\"_blank\">Indicadores de Gesti\u00f3n<\/a><\/li>\n<\/ul>\n<p>________________________________________ \u00a0 \u00a0 Enlace Anteriores \u00a0 \u00a0 ________________________________________<\/p>\n<ul>\n<li><a href=\"http:\/\/media.riograndezac.gob.mx\/riograndezac.gob.mx\/archivos\/transparencia\/fraccionXXV\/RESUMEN_OBRAS.pdf\" target=\"_blank\">Resumen de Obras 2012<\/a> Obras P\u00fablicas<\/li>\n<li><a href=\"http:\/\/media.riograndezac.gob.mx\/riograndezac.gob.mx\/archivos\/transparencia\/fraccionXXV\/HABITAT_2011.pdf\" target=\"_blank\">Obras HABITAT 2011<\/a> Desarrollo Social<\/li>\n<li><a href=\"http:\/\/media.riograndezac.gob.mx\/riograndezac.gob.mx\/archivos\/transparencia\/fraccionXXV\/HABITAT_2012.pdf\" target=\"_blank\">Obras HABITAT 2012<\/a> Desarrollo Social<\/li>\n<\/ul>\n","protected":false},"excerpt":{"rendered":"<p>La informaci\u00f3n completa y actualizada sobre los programas de actividades y los indicadores establecidos por los sujetos obligados para evaluar su gesti\u00f3n y el ejercicio delos recursos p\u00fablicos. Informaci\u00f3n actualizada al 4\u00b0 trimestre 2015 Programas de actividades POA Departamento que genera la informaci\u00f3n Alcoholes Desarrollo Social y Econ\u00f3mico Archivo Hist\u00f3rico Desarrollo Social y Econ\u00f3mico Bibliotecas Desarrollo Social y Econ\u00f3mico Catastro y Predial Desarrollo Social y Econ\u00f3mico CDC Desarrollo Social y Econ\u00f3mico CEBIS Desarrollo Social y Econ\u00f3mico Centro SUMAR Desarrollo Social y Econ\u00f3mico Comercio Desarrollo Social y Econ\u00f3mico Coordinaci\u00f3n del Deporte&hellip;<\/p>\n","protected":false},"author":1,"featured_media":0,"parent":7,"menu_order":0,"comment_status":"closed","ping_status":"closed","template":"","meta":{"_monsterinsights_skip_tracking":false,"_monsterinsights_sitenote_active":false,"_monsterinsights_sitenote_note":"","_monsterinsights_sitenote_category":0,"footnotes":""},"class_list":["post-141","page","type-page","status-publish","hentry"],"_links":{"self":[{"href":"https:\/\/riograndezac.gob.mx\/informatica\/index.php?rest_route=\/wp\/v2\/pages\/141","targetHints":{"allow":["GET"]}}],"collection":[{"href":"https:\/\/riograndezac.gob.mx\/informatica\/index.php?rest_route=\/wp\/v2\/pages"}],"about":[{"href":"https:\/\/riograndezac.gob.mx\/informatica\/index.php?rest_route=\/wp\/v2\/types\/page"}],"author":[{"embeddable":true,"href":"https:\/\/riograndezac.gob.mx\/informatica\/index.php?rest_route=\/wp\/v2\/users\/1"}],"replies":[{"embeddable":true,"href":"https:\/\/riograndezac.gob.mx\/informatica\/index.php?rest_route=%2Fwp%2Fv2%2Fcomments&post=141"}],"version-history":[{"count":10,"href":"https:\/\/riograndezac.gob.mx\/informatica\/index.php?rest_route=\/wp\/v2\/pages\/141\/revisions"}],"predecessor-version":[{"id":280,"href":"https:\/\/riograndezac.gob.mx\/informatica\/index.php?rest_route=\/wp\/v2\/pages\/141\/revisions\/280"}],"up":[{"embeddable":true,"href":"https:\/\/riograndezac.gob.mx\/informatica\/index.php?rest_route=\/wp\/v2\/pages\/7"}],"wp:attachment":[{"href":"https:\/\/riograndezac.gob.mx\/informatica\/index.php?rest_route=%2Fwp%2Fv2%2Fmedia&parent=141"}],"curies":[{"name":"wp","href":"https:\/\/api.w.org\/{rel}","templated":true}]}}