{"id":147,"date":"2015-10-11T17:45:04","date_gmt":"2015-10-11T17:45:04","guid":{"rendered":"http:\/\/riograndezac.gob.mx\/informatica\/?page_id=147"},"modified":"2016-02-03T10:04:53","modified_gmt":"2016-02-03T16:04:53","slug":"xxvi-las-convocatorias-a-concursos-licitaciones-publicas-o-enajenaciones-fuera-de-licitacion-publica","status":"publish","type":"page","link":"https:\/\/riograndezac.gob.mx\/informatica\/?page_id=147","title":{"rendered":"XXVI. Las convocatorias a concursos, licitaciones p\u00fablicas o enajenaciones fuera de licitaci\u00f3n p\u00fablica"},"content":{"rendered":"<p style=\"text-align: justify;\"><strong>Las convocatorias a concursos, licitaciones p\u00fablicas o enajenaciones fuera de licitaci\u00f3n p\u00fablica, por los que el sujeto obligado transmita la propiedad o el uso de bienes, sus procedimientos y los resultados de los mismos.<\/strong><\/p>\n<div>\n<p style=\"text-align: right;\">Informaci\u00f3n actualizada al 4\u00b0 trimestre 2015<\/p>\n<ul>\n<li><a href=\"http:\/\/media.riograndezac.gob.mx\/riograndezac.gob.mx\/archivos\/transparencia\/FraccionXXVI\/2015\/4to_trimestre\/Articulo_11_Fraccion_XXVI_4to_trim_2015.pdf\" target=\"_blank\">Justificaci\u00f3n por parte de Sindicatura<\/a><\/li>\n<\/ul>\n<hr \/>\n<p style=\"text-align: center;\"><strong>Informaci\u00f3n 2014<\/strong><\/p>\n<p style=\"text-align: left;\"><strong>Listado de Convocatorias<\/strong><\/p>\n<ul>\n<li><a href=\"http:\/\/media.riograndezac.gob.mx\/riograndezac.gob.mx\/archivos\/transparencia\/FraccionXXVI\/BASES_POZO_COM_LOS_CONDE.pdf\" target=\"_blank\">Pozo de agua de la comunidad de los Conde<\/a><\/li>\n<li><a href=\"http:\/\/media.riograndezac.gob.mx\/riograndezac.gob.mx\/archivos\/transparencia\/FraccionXXVI\/BASES_POZO_EN_VICENTE_GUERRERO.pdf\" target=\"_blank\">Pozo de agua de la comunidad de Vicente Guerrero<\/a><\/li>\n<\/ul>\n<p style=\"text-align: left;\"><strong>Listado de licitaciones<\/strong><\/p>\n<ul>\n<li><a href=\"http:\/\/media.riograndezac.gob.mx\/riograndezac.gob.mx\/archivos\/transparencia\/FraccionXXVI\/Licitaciones_de_Obras_2014.pdf\" target=\"_blank\">Licitaciones de Obras 2014<\/a><\/li>\n<li><a href=\"http:\/\/media.riograndezac.gob.mx\/riograndezac.gob.mx\/archivos\/transparencia\/FraccionXXVI\/LICITACION_OBRAS_3er_trim_2014.pdf\" target=\"_blank\">Licitaciones de Obras 3er Trimestre 2014<\/a><\/li>\n<li><a href=\"http:\/\/media.riograndezac.gob.mx\/riograndezac.gob.mx\/archivos\/transparencia\/FraccionXXVI\/LICITACIONES_OBRAS_ADJUDICACION_DIRECTA_4to_TRIM_2014.pdf\" target=\"_blank\">Licitaciones de Obras 4\u00b0 Trimestre 2014<\/a><\/li>\n<\/ul>\n<ul>\n<li><a href=\"http:\/\/media.riograndezac.gob.mx\/riograndezac.gob.mx\/archivos\/transparencia\/FraccionXXVI\/licitaciones_2013.pdf\" target=\"_blank\">Licitaciones 2013<\/a><\/li>\n<\/ul>\n<p style=\"text-align: left;\"><strong>Listado de resultados de convocatorias y licitaciones<\/strong><\/p>\n<ul>\n<li><a href=\"http:\/\/media.riograndezac.gob.mx\/riograndezac.gob.mx\/archivos\/transparencia\/FraccionXXVI\/adjudicaciones_directas_2014.pdf\" target=\"_blank\">Adjudicaciones directas 2014<\/a><\/li>\n<li><a href=\"http:\/\/media.riograndezac.gob.mx\/riograndezac.gob.mx\/archivos\/transparencia\/FraccionXXVI\/LICITACIONES_OBRAS_ADJUDICACION_DIRECTA_3er_t_2014.pdf\" target=\"_blank\">Adjudicaciones directas 3er Trimestre 2014<\/a><\/li>\n<li><a href=\"http:\/\/media.riograndezac.gob.mx\/riograndezac.gob.mx\/archivos\/transparencia\/FraccionXXVI\/LICITACION_OBRA_4TO_TRIM_2014.pdf\" target=\"_blank\">Adjudicaciones directas 4\u00b0 Trimestre 2014<\/a><\/li>\n<\/ul>\n<\/div>\n","protected":false},"excerpt":{"rendered":"<p>Las convocatorias a concursos, licitaciones p\u00fablicas o enajenaciones fuera de licitaci\u00f3n p\u00fablica, por los que el sujeto obligado transmita la propiedad o el uso de bienes, sus procedimientos y los resultados de los mismos. Informaci\u00f3n actualizada al 4\u00b0 trimestre 2015 Justificaci\u00f3n por parte de Sindicatura Informaci\u00f3n 2014 Listado de Convocatorias Pozo de agua de la comunidad de los Conde Pozo de agua de la comunidad de Vicente Guerrero Listado de licitaciones Licitaciones de Obras 2014 Licitaciones de Obras 3er Trimestre 2014 Licitaciones de Obras 4\u00b0 Trimestre 2014 Licitaciones 2013 Listado&hellip;<\/p>\n","protected":false},"author":1,"featured_media":0,"parent":7,"menu_order":0,"comment_status":"closed","ping_status":"closed","template":"","meta":{"_monsterinsights_skip_tracking":false,"_monsterinsights_sitenote_active":false,"_monsterinsights_sitenote_note":"","_monsterinsights_sitenote_category":0,"footnotes":""},"class_list":["post-147","page","type-page","status-publish","hentry"],"_links":{"self":[{"href":"https:\/\/riograndezac.gob.mx\/informatica\/index.php?rest_route=\/wp\/v2\/pages\/147","targetHints":{"allow":["GET"]}}],"collection":[{"href":"https:\/\/riograndezac.gob.mx\/informatica\/index.php?rest_route=\/wp\/v2\/pages"}],"about":[{"href":"https:\/\/riograndezac.gob.mx\/informatica\/index.php?rest_route=\/wp\/v2\/types\/page"}],"author":[{"embeddable":true,"href":"https:\/\/riograndezac.gob.mx\/informatica\/index.php?rest_route=\/wp\/v2\/users\/1"}],"replies":[{"embeddable":true,"href":"https:\/\/riograndezac.gob.mx\/informatica\/index.php?rest_route=%2Fwp%2Fv2%2Fcomments&post=147"}],"version-history":[{"count":8,"href":"https:\/\/riograndezac.gob.mx\/informatica\/index.php?rest_route=\/wp\/v2\/pages\/147\/revisions"}],"predecessor-version":[{"id":1069,"href":"https:\/\/riograndezac.gob.mx\/informatica\/index.php?rest_route=\/wp\/v2\/pages\/147\/revisions\/1069"}],"up":[{"embeddable":true,"href":"https:\/\/riograndezac.gob.mx\/informatica\/index.php?rest_route=\/wp\/v2\/pages\/7"}],"wp:attachment":[{"href":"https:\/\/riograndezac.gob.mx\/informatica\/index.php?rest_route=%2Fwp%2Fv2%2Fmedia&parent=147"}],"curies":[{"name":"wp","href":"https:\/\/api.w.org\/{rel}","templated":true}]}}