{"id":155,"date":"2016-01-11T18:06:12","date_gmt":"2016-01-12T00:06:12","guid":{"rendered":"http:\/\/riograndezac.gob.mx\/informatica\/?page_id=155"},"modified":"2016-03-08T14:52:38","modified_gmt":"2016-03-08T20:52:38","slug":"art15-ii-la-informacion-detallada-que-contengan-los-planes-de-ordenamiento-territorial-y-ecologico","status":"publish","type":"page","link":"https:\/\/riograndezac.gob.mx\/informatica\/?page_id=155","title":{"rendered":"Art15 &#8211; II. La informaci\u00f3n detallada que contengan los planes de ordenamiento territorial y ecol\u00f3gico"},"content":{"rendered":"<div id=\"_mcePaste\" style=\"text-align: justify;\"><strong>La informaci\u00f3n detallada que contengan los planes de ordenamiento territorial y ecol\u00f3gico, los tipos y usos de suelo, licencias de uso y construcci\u00f3n, de transporte, v\u00eda p\u00fablica y toda la informaci\u00f3n sobre permisos y licencias otorgadas por las autoridades municipales.<\/strong><\/div>\n<div><\/div>\n<div style=\"text-align: right;\">Informaci\u00f3n actualizada al 4\u00b0 trimestre 2015<\/div>\n<div style=\"text-align: right;\"><\/div>\n<div style=\"text-align: left;\"><span style=\"font-weight: bold;\">Plan de Ordenamiento Territorial y Ecol\u00f3gico<\/span><\/div>\n<div style=\"text-align: left;\">\n<table border=\"0\" width=\"585\">\n<tbody>\n<tr>\n<td width=\"378\">\n<div align=\"center\"><strong>Nombre<\/strong><\/div>\n<\/td>\n<td width=\"191\">\n<div align=\"center\"><strong>Departamento que genera la informaci\u00f3n<\/strong><\/div>\n<\/td>\n<\/tr>\n<tr>\n<td>\n<ul>\n<li><a href=\"http:\/\/media.riograndezac.gob.mx\/riograndezac.gob.mx\/archivos\/transparencia\/art15\/fraccionII\/2015\/4to_trimestre\/Justificacion_plan_ecologia_4to_trim_2015.pdf\" target=\"_blank\">Plan ecol\u00f3gico<\/a><\/li>\n<\/ul>\n<\/td>\n<td>\n<ul>\n<li>Departamento de Ecolog\u00eda<\/li>\n<\/ul>\n<\/td>\n<\/tr>\n<tr>\n<td>\n<ul>\n<li><a href=\"http:\/\/media.riograndezac.gob.mx\/riograndezac.gob.mx\/archivos\/transparencia\/art15\/fraccionII\/2015\/1er_trimestre\/PLANO%20RIO%20GRANDE.pdf\" target=\"_blank\">Plano de R\u00edo Grande<\/a><\/li>\n<\/ul>\n<\/td>\n<td>\n<ul>\n<li>Direcci\u00f3n de Obras y Servicios P\u00fablicos<\/li>\n<\/ul>\n<\/td>\n<\/tr>\n<tr>\n<td>\n<ul>\n<li><a href=\"http:\/\/media.riograndezac.gob.mx\/riograndezac.gob.mx\/archivos\/transparencia\/art15\/fraccionII\/2015\/1er_trimestre\/RIO%20GRANDE%20COL.pdf\" target=\"_blank\">Colonias de R\u00edo Grande<\/a><\/li>\n<\/ul>\n<\/td>\n<td>\n<ul>\n<li>Direcci\u00f3n de Obras y Servicios P\u00fablicos<\/li>\n<\/ul>\n<\/td>\n<\/tr>\n<\/tbody>\n<\/table>\n<p><strong>Informaci\u00f3n de los tipos y ususo de suelos<\/strong><\/p>\n<table border=\"1\" width=\"586\">\n<tbody>\n<tr>\n<td width=\"316\">\n<div align=\"center\"><strong>Nombre<\/strong><\/div>\n<\/td>\n<td width=\"254\">\n<div align=\"center\"><strong>Departamento que genera la informaci\u00f3n<\/strong><\/div>\n<\/td>\n<\/tr>\n<tr>\n<td>\n<ul>\n<li><a href=\"http:\/\/media.riograndezac.gob.mx\/riograndezac.gob.mx\/archivos\/transparencia\/art15\/fraccionII\/2015\/1er_trimestre\/Programa_de_Desarrollo_Urbano%202006-2016.pdf\" target=\"_blank\">Programa de Desarrollo Urbano<\/a><\/li>\n<\/ul>\n<\/td>\n<td>\n<ul>\n<li>Direcci\u00f3n de Obras y Servicios P\u00fablicos<\/li>\n<\/ul>\n<\/td>\n<\/tr>\n<tr>\n<td>\n<ul>\n<li><a href=\"http:\/\/media.riograndezac.gob.mx\/riograndezac.gob.mx\/archivos\/transparencia\/art15\/fraccionII\/2015\/1er_trimestre\/ORDENAMIENTO%20URBANO.pdf\" target=\"_blank\">Ordenamiento Territorial<\/a><\/li>\n<\/ul>\n<\/td>\n<td>\n<ul>\n<li>Direcci\u00f3n de Obras y Servicios P\u00fablicos<\/li>\n<\/ul>\n<\/td>\n<\/tr>\n<\/tbody>\n<\/table>\n<p>&nbsp;<\/p>\n<p><strong>Permisos y licencias<\/strong><\/p>\n<table border=\"0\" width=\"594\">\n<tbody>\n<tr>\n<td width=\"323\">\n<div align=\"center\"><strong>Nombre<\/strong><\/div>\n<\/td>\n<td width=\"255\">\n<div align=\"center\"><strong>Departamento que genera la informaci\u00f3n<\/strong><\/div>\n<\/td>\n<\/tr>\n<tr>\n<td>\n<ul>\n<li><a href=\"http:\/\/media.riograndezac.gob.mx\/riograndezac.gob.mx\/archivos\/transparencia\/art15\/fraccionII\/2015\/1er_trimestre\/REPORTE%20VENTANILLA%20ENE-MAR%202015.pdf\" target=\"_blank\">Permisos de construcci\u00f3n 1er trimestre 2015<\/a><\/li>\n<li><a href=\"http:\/\/media.riograndezac.gob.mx\/riograndezac.gob.mx\/archivos\/transparencia\/art15\/fraccionII\/2015\/2do_trimestre\/Permisios_construccion_2do_trimestre_2015.pdf\" target=\"_blank\">Permisos de construcci\u00f3n 2\u00b0 trimestre 2015<\/a><\/li>\n<li><a href=\"http:\/\/media.riograndezac.gob.mx\/riograndezac.gob.mx\/archivos\/transparencia\/art15\/fraccionII\/2015\/3er_trimestre\/Permisos_construccion_3er_trimestre_2015.pdf\" target=\"_blank\">Permisos de construcci\u00f3n 3er trimestre 2015<\/a><\/li>\n<li><a href=\"http:\/\/media.riograndezac.gob.mx\/riograndezac.gob.mx\/archivos\/transparencia\/art15\/fraccionII\/2015\/4to_trimestre\/Permisos_construccion_4to_trimestre_2015.pdf\" target=\"_blank\">Permisos de construcci\u00f3n 4\u00b0 trimestre 2015<\/a><\/li>\n<\/ul>\n<\/td>\n<td>\n<ul>\n<li><a href=\"http:\/\/media.riograndezac.gob.mx\/riograndezac.gob.mx\/archivos\/transparencia\/art15\/fraccionII\/2015\/4to_trimestre\/Art15_FII.pdf\" target=\"_blank\">Direcci\u00f3n de Obras y Servicios P\u00fablicos<\/a><\/li>\n<\/ul>\n<\/td>\n<\/tr>\n<\/tbody>\n<\/table>\n<p>&nbsp;<\/p>\n<hr \/>\n<\/div>\n<div style=\"text-align: center;\"><strong>Informaci\u00f3n 2014<\/strong><\/div>\n<div style=\"text-align: center;\"><\/div>\n<div style=\"text-align: left;\"><strong>Plan de Ordenamiento Territorial<\/strong><\/div>\n<div style=\"text-align: right;\">\n<ul style=\"text-align: left;\">\n<li><a href=\"http:\/\/media.riograndezac.gob.mx\/riograndezac.gob.mx\/archivos\/transparencia\/art15\/fraccionII\/Programa_de_Desarrollo_Urbano.pdf\" target=\"_blank\">Programa de Desarrollo Urbano del Centro de Poblaci\u00f3n de R\u00edo Grande<\/a><\/li>\n<li><a href=\"http:\/\/media.riograndezac.gob.mx\/riograndezac.gob.mx\/archivos\/transparencia\/art15\/fraccionII\/Plan_de_Desarrollo_Urbano_y_Ordenamiento_Territorial.pdf\" target=\"_blank\">Plan de Desarrollo Urbano y Ordenamiento Territorial 2014<\/a><\/li>\n<\/ul>\n<\/div>\n<div style=\"text-align: left;\">\n<p><strong>Plan Ecol\u00f3gico<\/strong><\/p>\n<ul>\n<li><a href=\"http:\/\/media.riograndezac.gob.mx\/riograndezac.gob.mx\/archivos\/transparencia\/art15\/fraccionII\/Justificacion_Art15_F2_plan_ecologia.pdf\" target=\"_blank\">Justificaci\u00f3n de la falta del plan de ecolog\u00eda<\/a><\/li>\n<\/ul>\n<\/div>\n<p><strong>Tipos usos y suelos<\/strong><\/p>\n<div style=\"text-align: left;\">\n<ul>\n<li><a href=\"http:\/\/media.riograndezac.gob.mx\/riograndezac.gob.mx\/archivos\/transparencia\/art15\/fraccionII\/UsosRioGrande.pdf\" target=\"_blank\">Usos de Suelo<\/a><\/li>\n<li><a href=\"http:\/\/media.riograndezac.gob.mx\/riograndezac.gob.mx\/archivos\/transparencia\/art15\/fraccionII\/DestinosRioGrande.pdf\" target=\"_blank\">Destinos de Suelo<\/a><\/li>\n<li><a href=\"http:\/\/media.riograndezac.gob.mx\/riograndezac.gob.mx\/archivos\/transparencia\/art15\/fraccionII\/ReservasRioGrande.pdf\" target=\"_blank\">Reservas de Suelo<\/a><\/li>\n<li><a href=\"http:\/\/media.riograndezac.gob.mx\/riograndezac.gob.mx\/archivos\/transparencia\/art15\/fraccionII\/carta_urbana_PDU_Rio Grande.pdf\" target=\"_blank\">Carta Urbana R\u00edo Grande, Zac<\/a>.<\/li>\n<\/ul>\n<\/div>\n<p><strong>Licencias<\/strong><\/p>\n<ul>\n<li><a href=\"http:\/\/media.riograndezac.gob.mx\/riograndezac.gob.mx\/archivos\/transparencia\/art15\/fraccionII\/Permisos_de_construccion_sep_enero_2014.pdf\" target=\"_blank\">Permiso de Construcci\u00f3n de septiembre 2013 a enero 2014<\/a><\/li>\n<li><a href=\"http:\/\/media.riograndezac.gob.mx\/riograndezac.gob.mx\/archivos\/transparencia\/art15\/fraccionII\/Permisos_construccion_febrero_2014.pdf\" target=\"_blank\">Permisos de Construcci\u00f3n del mes de febrero 2014<\/a><\/li>\n<li><a href=\"http:\/\/media.riograndezac.gob.mx\/riograndezac.gob.mx\/archivos\/transparencia\/art15\/fraccionII\/Permisos_construccion_marzo_2014.pdf\" target=\"_blank\">Permisos de Construcci\u00f3n del mes de marzo 2014<\/a><\/li>\n<li><a href=\"http:\/\/media.riograndezac.gob.mx\/riograndezac.gob.mx\/archivos\/transparencia\/art15\/fraccionII\/Permisos_contruccion_Abril_Junio_2014.pdf\" target=\"_blank\">Permisos de Construcci\u00f3n del mes de abril a junio 2014<\/a><\/li>\n<li><a href=\"http:\/\/media.riograndezac.gob.mx\/riograndezac.gob.mx\/archivos\/transparencia\/art15\/fraccionII\/Permisos_de_Construccion_3er_trim_2014.pdf\" target=\"_blank\">Permisos de Construcci\u00f3n 3er Trimestre 2014<\/a><\/li>\n<li><a href=\"http:\/\/media.riograndezac.gob.mx\/riograndezac.gob.mx\/archivos\/transparencia\/art15\/fraccionII\/Permisos_construccion_4to_trim_2014.pdf\" target=\"_blank\">Permisos de Construcci\u00f3n 4\u00b0 Trimestre 2014<\/a><\/li>\n<\/ul>\n","protected":false},"excerpt":{"rendered":"<p>La informaci\u00f3n detallada que contengan los planes de ordenamiento territorial y ecol\u00f3gico, los tipos y usos de suelo, licencias de uso y construcci\u00f3n, de transporte, v\u00eda p\u00fablica y toda la informaci\u00f3n sobre permisos y licencias otorgadas por las autoridades municipales. Informaci\u00f3n actualizada al 4\u00b0 trimestre 2015 Plan de Ordenamiento Territorial y Ecol\u00f3gico Nombre Departamento que genera la informaci\u00f3n Plan ecol\u00f3gico Departamento de Ecolog\u00eda Plano de R\u00edo Grande Direcci\u00f3n de Obras y Servicios P\u00fablicos Colonias de R\u00edo Grande Direcci\u00f3n de Obras y Servicios P\u00fablicos Informaci\u00f3n de los tipos y ususo de&hellip;<\/p>\n","protected":false},"author":1,"featured_media":0,"parent":7,"menu_order":0,"comment_status":"closed","ping_status":"closed","template":"","meta":{"_monsterinsights_skip_tracking":false,"_monsterinsights_sitenote_active":false,"_monsterinsights_sitenote_note":"","_monsterinsights_sitenote_category":0,"footnotes":""},"class_list":["post-155","page","type-page","status-publish","hentry"],"_links":{"self":[{"href":"https:\/\/riograndezac.gob.mx\/informatica\/index.php?rest_route=\/wp\/v2\/pages\/155","targetHints":{"allow":["GET"]}}],"collection":[{"href":"https:\/\/riograndezac.gob.mx\/informatica\/index.php?rest_route=\/wp\/v2\/pages"}],"about":[{"href":"https:\/\/riograndezac.gob.mx\/informatica\/index.php?rest_route=\/wp\/v2\/types\/page"}],"author":[{"embeddable":true,"href":"https:\/\/riograndezac.gob.mx\/informatica\/index.php?rest_route=\/wp\/v2\/users\/1"}],"replies":[{"embeddable":true,"href":"https:\/\/riograndezac.gob.mx\/informatica\/index.php?rest_route=%2Fwp%2Fv2%2Fcomments&post=155"}],"version-history":[{"count":14,"href":"https:\/\/riograndezac.gob.mx\/informatica\/index.php?rest_route=\/wp\/v2\/pages\/155\/revisions"}],"predecessor-version":[{"id":2996,"href":"https:\/\/riograndezac.gob.mx\/informatica\/index.php?rest_route=\/wp\/v2\/pages\/155\/revisions\/2996"}],"up":[{"embeddable":true,"href":"https:\/\/riograndezac.gob.mx\/informatica\/index.php?rest_route=\/wp\/v2\/pages\/7"}],"wp:attachment":[{"href":"https:\/\/riograndezac.gob.mx\/informatica\/index.php?rest_route=%2Fwp%2Fv2%2Fmedia&parent=155"}],"curies":[{"name":"wp","href":"https:\/\/api.w.org\/{rel}","templated":true}]}}