{"id":159,"date":"2016-01-11T18:08:35","date_gmt":"2016-01-12T00:08:35","guid":{"rendered":"http:\/\/riograndezac.gob.mx\/informatica\/?page_id=159"},"modified":"2016-02-23T12:01:05","modified_gmt":"2016-02-23T18:01:05","slug":"art15-iv-las-participaciones-federales-y-todos-los-recursos-que-integran-su-hacienda-y-las-cuotas-y-tarifas-aplicables-a-impuestos","status":"publish","type":"page","link":"https:\/\/riograndezac.gob.mx\/informatica\/?page_id=159","title":{"rendered":"Art15 &#8211; IV. Las participaciones federales y todos los recursos que integran su hacienda; y las cuotas y tarifas aplicables a impuestos"},"content":{"rendered":"<div id=\"_mcePaste\" style=\"text-align: justify;\"><strong>Las participaciones federales y todos los recursos que integran su hacienda; y las cuotas y tarifas aplicables a impuestos, derechos, contribuciones de mejoras y las tablas de valores unitarios desuelo y construcciones, que sirvan de base para el cobro de las contribuciones sobre la propiedad inmobiliaria.<\/strong><\/div>\n<div>\n<p style=\"text-align: right;\">Informaci\u00f3n actualizada al 4\u00b0 trimestre 2015<\/p>\n<p><strong>Participaciones federales<\/strong><\/p>\n<table border=\"0\" width=\"548\">\n<tbody>\n<tr>\n<td width=\"301\">\n<div align=\"center\"><strong>Concepto<\/strong><\/div>\n<\/td>\n<td width=\"231\">\n<div align=\"center\"><strong>Departamento que genera la informaci\u00f3n<\/strong><\/div>\n<\/td>\n<\/tr>\n<tr>\n<td>\n<ul>\n<li><a href=\"http:\/\/media.riograndezac.gob.mx\/riograndezac.gob.mx\/archivos\/transparencia\/art15\/fraccionIV\/2015\/1er_trimestre\/Art.%2015%20fraccion%20IV%20-%20Analitico%20de%20Ingresos.pdf\" target=\"_blank\">Anal\u00edtico de ingresos 1er trimestre 2015<\/a><\/li>\n<li><a href=\"http:\/\/media.riograndezac.gob.mx\/riograndezac.gob.mx\/archivos\/transparencia\/art15\/fraccionIV\/2015\/2do_trimestre\/Art.%2015%20Fracci\u00f3n%20IV%20-%20Anal\u00edtico%20de%20ingresos.pdf\" target=\"_blank\">Anal\u00edtico de ingresos 2\u00b0 trimestre 2015<\/a><\/li>\n<li><a href=\"http:\/\/media.riograndezac.gob.mx\/riograndezac.gob.mx\/archivos\/transparencia\/art15\/fraccionIV\/2015\/3er_trimestre\/Art.%2015%20Fracci\u00f3n%20IV%20-%20Analitica%20de%20ingresos.pdf\" target=\"_blank\">Anal\u00edtico de ingresos 3er trimestre 2015<\/a><\/li>\n<li><a href=\"http:\/\/media.riograndezac.gob.mx\/riograndezac.gob.mx\/archivos\/transparencia\/justi4to2015\/Justificacion_4to_trim_2015.pdf\" target=\"_blank\">Anal\u00edtico de ingresos 4\u00b0 trimestre 2015<\/a><\/li>\n<\/ul>\n<\/td>\n<td>\n<ul>\n<li>Tesorer\u00eda<\/li>\n<\/ul>\n<\/td>\n<\/tr>\n<tr>\n<td>\n<ul>\n<li><a href=\"http:\/\/media.riograndezac.gob.mx\/riograndezac.gob.mx\/archivos\/transparencia\/art15\/fraccionIV\/2015\/1er_trimestre\/Art.%2015%20fraccion%20IV%20-%20Estado%20de%20Origen%20y%20Aplicacion%20de%20Recursos.pdf\" target=\"_blank\">Estado de Origen y Aplicaci\u00f3n de Recurso 1er trimestre 2015<\/a><\/li>\n<li><a href=\"http:\/\/media.riograndezac.gob.mx\/riograndezac.gob.mx\/archivos\/transparencia\/art15\/fraccionIV\/2015\/2do_trimestre\/Art.%2015%20Fracci\u00f3n%20IV%20-%20Estado%20de%20origen%20y%20aplicacion%20de%20recursos.pdf\" target=\"_blank\">Estado de Origen y Aplicaci\u00f3n de Recurso 2\u00b0 trimestre 2015<\/a><\/li>\n<li><a href=\"http:\/\/media.riograndezac.gob.mx\/riograndezac.gob.mx\/archivos\/transparencia\/art15\/fraccionIV\/2015\/3er_trimestre\/Art.%2015%20Fracci\u00f3n%20IV%20-%20Estado%20de%20origen%20y%20apliacion%20de%20recursos.pdf\" target=\"_blank\">Estado de Origen y Aplicaci\u00f3n de Recurso 3er trimestre 2015<\/a><\/li>\n<li><a href=\"http:\/\/media.riograndezac.gob.mx\/riograndezac.gob.mx\/archivos\/transparencia\/justi4to2015\/Justificacion_4to_trim_2015.pdf\" target=\"_blank\">Estado de Origen y Aplicaci\u00f3n de Recurso 4\u00b0\u00a0trimestre 2015<\/a><\/li>\n<\/ul>\n<\/td>\n<td>\n<ul>\n<li>Tesorer\u00eda<\/li>\n<\/ul>\n<\/td>\n<\/tr>\n<\/tbody>\n<\/table>\n<p>&nbsp;<\/p>\n<p><strong>Cuotas y tarifas aplicables<\/strong><\/p>\n<table border=\"0\" width=\"548\">\n<tbody>\n<tr>\n<td width=\"301\">\n<div align=\"center\"><strong>Concepto<\/strong><\/div>\n<\/td>\n<td width=\"231\">\n<div align=\"center\"><strong>Departamento que genera la informaci\u00f3n<\/strong><\/div>\n<\/td>\n<\/tr>\n<tr>\n<td>\n<ul>\n<li><a href=\"http:\/\/media.riograndezac.gob.mx\/riograndezac.gob.mx\/archivos\/transparencia\/art15\/fraccionIV\/2015\/1er_trimestre\/Ley_de_ingresos_Rio_Gde_2015.pdf\" target=\"_blank\">Ley de ingresos del Municipio de R\u00edo Grande 2015<\/a><\/li>\n<\/ul>\n<\/td>\n<td>\n<ul>\n<li>Tesorer\u00eda<\/li>\n<\/ul>\n<\/td>\n<\/tr>\n<\/tbody>\n<\/table>\n<div style=\"text-align: center;\">\n<hr \/>\n<\/div>\n<div style=\"text-align: center;\"><strong>Informaci\u00f3n 2014<\/strong><\/div>\n<p><strong>Participaciones federales<\/strong><\/p>\n<ul>\n<li><a href=\"http:\/\/media.riograndezac.gob.mx\/riograndezac.gob.mx\/archivos\/transparencia\/art15\/fraccionIV\/2014\/1er_trimestre\/Estado_Analitico_de_Ingresos_ene-mzo.pdf\" target=\"_blank\">Anal\u00edtico de ingresos 1er Trimestre 2014<\/a><\/li>\n<li><a href=\"http:\/\/media.riograndezac.gob.mx\/riograndezac.gob.mx\/archivos\/transparencia\/art15\/fraccionIV\/2014\/2o_trimestre\/Estado_Analitico_de_Ingresos_Abr-Jun.pdf\" target=\"_blank\">Anal\u00edtico de ingresos 2\u00b0 trimestre 2014<\/a><\/li>\n<li><a href=\"http:\/\/media.riograndezac.gob.mx\/riograndezac.gob.mx\/archivos\/transparencia\/art15\/fraccionIV\/2014\/3er_trimestre\/Analitico_de_Ingresos_Jul-Ago.pdf\" target=\"_blank\">Anal\u00edtico de ingresos 3er trimestre 2014<\/a><\/li>\n<li><a href=\"http:\/\/media.riograndezac.gob.mx\/riograndezac.gob.mx\/archivos\/transparencia\/art15\/fraccionIV\/2014\/4to_trimestre\/Articulo 15 fraccion IV Analitico de Ingresos.pdf\" target=\"_blank\">Anal\u00edtico de ingresos 4\u00b0 trimestre 2014<\/a><\/li>\n<li><a href=\"http:\/\/media.riograndezac.gob.mx\/riograndezac.gob.mx\/archivos\/transparencia\/art15\/fraccionIV\/2014\/1er_trimestre\/Estado_de_Origen_y_Aplicacion_de_Recursos_Ene-Mzo.pdf\" target=\"_blank\">Estado de Origen y Aplicaci\u00f3n de Recurso 1er trimestre 2014<\/a><\/li>\n<li><a href=\"http:\/\/media.riograndezac.gob.mx\/riograndezac.gob.mx\/archivos\/transparencia\/art15\/fraccionIV\/2014\/2o_trimestre\/Estado_de_Origen_y_Aplicacion_de_Recursos_Abr-Jun.pdf\" target=\"_blank\">Estado de Origen y Aplicaci\u00f3n de Recurso 2\u00b0 trimestre 2014<\/a><\/li>\n<li><a href=\"http:\/\/media.riograndezac.gob.mx\/riograndezac.gob.mx\/archivos\/transparencia\/art15\/fraccionIV\/2014\/3er_trimestre\/Estado_de_Origen_y_Aplicacion_de_Recursos_Jul-Ago.pdf\" target=\"_blank\">Estado de Origen y Aplicaci\u00f3n de Recurso 3er trimestre 2014<\/a><\/li>\n<li><a href=\"http:\/\/media.riograndezac.gob.mx\/riograndezac.gob.mx\/archivos\/transparencia\/art15\/fraccionIV\/2014\/4to_trimestre\/Articulo%2015%20fraccion%20IV%20Estado%20de%20Origen%20y%20Aplicacion%20de%20Recursos.pdf\" target=\"_blank\">Estado de Origen y Aplicaci\u00f3n de Recurso 4\u00b0 trimestre 2014<\/a><\/li>\n<li><a href=\"http:\/\/media.riograndezac.gob.mx\/riograndezac.gob.mx\/archivos\/transparencia\/art15\/fraccionIV\/Analitico_de_ingresos_2013.pdf\" target=\"_blank\">Anal\u00edto de ingresos 2013<\/a><\/li>\n<li><a href=\"http:\/\/media.riograndezac.gob.mx\/riograndezac.gob.mx\/archivos\/transparencia\/art15\/fraccionIV\/Origen_y_Aplicacion_4to_trimestral_2013.pdf\" target=\"_blank\">Estado de Origen y Aplicaci\u00f3n de Recurso 2013<\/a><\/li>\n<\/ul>\n<\/div>\n<p><strong>Cuotas<\/strong><\/p>\n<div>\n<ul>\n<li><a href=\"http:\/\/media.riograndezac.gob.mx\/riograndezac.gob.mx\/archivos\/transparencia\/leyes\/Ley_de_Ingresos_Rio%20Grande_2014.pdf\" target=\"_blank\">Ley de ingresos del \u00a0Municipio de R\u00edo Grande 2014<\/a><\/li>\n<\/ul>\n<\/div>\n<div><strong>Tarifas aplicables a impuestos<\/strong><\/div>\n<ul>\n<li><a href=\"http:\/\/media.riograndezac.gob.mx\/riograndezac.gob.mx\/archivos\/transparencia\/Servicios_2014\/Secretaria_de_Gobierno_Servicios.pdf\" target=\"_blank\">Secretar\u00eda de Gobierno Municipal<\/a><\/li>\n<li><a href=\"http:\/\/media.riograndezac.gob.mx\/riograndezac.gob.mx\/archivos\/transparencia\/Servicios_2014\/Obras_Publicas_Servicios.pdf\" target=\"_blank\">Obras y Servicios P\u00fablicos<\/a><\/li>\n<li><a href=\"http:\/\/media.riograndezac.gob.mx\/riograndezac.gob.mx\/archivos\/transparencia\/Servicios_2014\/Catastro_Servicios.pdf\" target=\"_blank\">Catastro y Predial<\/a><\/li>\n<li><a href=\"http:\/\/media.riograndezac.gob.mx\/riograndezac.gob.mx\/archivos\/transparencia\/Servicios_2014\/Comercio_Servicios.pdf\" target=\"_blank\">Comercio<\/a><\/li>\n<li><a href=\"http:\/\/media.riograndezac.gob.mx\/riograndezac.gob.mx\/archivos\/transparencia\/Servicios_2014\/Rastro_Municiapal_Servicios.pdf\" target=\"_blank\">Rastro Municipal<\/a><\/li>\n<li><a href=\"http:\/\/media.riograndezac.gob.mx\/riograndezac.gob.mx\/archivos\/transparencia\/Servicios_2014\/Registro_Civil_Servicios.pdf\" target=\"_blank\">Registro Civil<\/a><\/li>\n<\/ul>\n<p>___________________________________________ \u00a0 Enlaces Anteriores \u00a0 _________________________________________<\/p>\n<div style=\"text-align: left;\">\n<ul>\n<li><a href=\"http:\/\/media.riograndezac.gob.mx\/riograndezac.gob.mx\/archivos\/transparencia\/art15\/fraccionIV\/aportacionesfederales.pdf\" target=\"_blank\">Aportaciones Federales<\/a><\/li>\n<li><a href=\"http:\/\/media.riograndezac.gob.mx\/riograndezac.gob.mx\/archivos\/transparencia\/art15\/fraccionIV\/2011_TERCER_TRIMESTRE_32-ZACATECASFIII.xlsx\" target=\"_blank\">Aportaciones Fondo III<\/a> formato excel<\/li>\n<li><a href=\"http:\/\/media.riograndezac.gob.mx\/riograndezac.gob.mx\/archivos\/transparencia\/art15\/fraccionIV\/2011_TERCER TRIMESTRE_32-ZACATECASFIV.xlsx\" target=\"_blank\">Aportaciones Fondo IV<\/a> formato excel<\/li>\n<\/ul>\n<\/div>\n<div style=\"text-align: left;\">\n<ul>\n<li><a href=\"http:\/\/media.riograndezac.gob.mx\/riograndezac.gob.mx\/archivos\/transparencia\/art15\/fraccionIV\/aportaciones_federales0001.JPG\" target=\"_blank\">Aportaciones Federales Fondo III y IV julio &#8211; septiembre<\/a> Octubre 2012<\/li>\n<li><a href=\"http:\/\/media.riograndezac.gob.mx\/riograndezac.gob.mx\/archivos\/transparencia\/art15\/fraccionIV\/3ERINFTRIMESTRALFIII2012.pdf\" target=\"_blank\">Aportaciones Fondo III<\/a><\/li>\n<li><a href=\"http:\/\/media.riograndezac.gob.mx\/riograndezac.gob.mx\/archivos\/transparencia\/art15\/fraccionIV\/3erinftrimestralFIV2012.pdf\">Aportaciones Fondo IV<\/a><\/li>\n<\/ul>\n<\/div>\n<h3>3er trimestre 2012<\/h3>\n<div style=\"text-align: left;\">\n<ul>\n<li><a href=\"http:\/\/media.riograndezac.gob.mx\/riograndezac.gob.mx\/archivos\/transparencia\/art15\/fraccionIV\/ingresos_sept.pdf\" target=\"_blank\">Estado\u00a0anal\u00edtico\u00a0de ingresos<\/a><\/li>\n<li><a href=\"http:\/\/media.riograndezac.gob.mx\/riograndezac.gob.mx\/archivos\/transparencia\/art15\/fraccionIV\/origen_y_aplicacion_sept.pdf\" target=\"_blank\">Estado de origen y aplicaci\u00f3n de los recursos<\/a><\/li>\n<li><a href=\"http:\/\/media.riograndezac.gob.mx\/riograndezac.gob.mx\/archivos\/transparencia\/leyes\/ley_ingreso_2012.pdf\" target=\"_blank\">Ley de Ingresos 2012<\/a><\/li>\n<\/ul>\n<\/div>\n<h3><span style=\"font-size: 13px; font-weight: normal;\">TARIFAS:<\/span><\/h3>\n<ul>\n<li><a href=\"http:\/\/media.riograndezac.gob.mx\/riograndezac.gob.mx\/archivos\/transparencia\/art15\/fraccionIV\/tarifa_cobros_alcoholes_2012.pdf\" target=\"_blank\">Alcoholes<\/a><\/li>\n<li><a href=\"http:\/\/media.riograndezac.gob.mx\/riograndezac.gob.mx\/archivos\/transparencia\/art15\/fraccionIV\/PRECIOS_REG_CIVIL_2012.pdf\" target=\"_blank\">Registro Civil<\/a><\/li>\n<li><a href=\"http:\/\/media.riograndezac.gob.mx\/riograndezac.gob.mx\/archivos\/transparencia\/art15\/fraccionIV\/precios_rastro_municipal.pdf\" target=\"_blank\">Rastro Municipal<\/a><\/li>\n<li><a href=\"http:\/\/media.riograndezac.gob.mx\/riograndezac.gob.mx\/archivos\/transparencia\/art15\/fraccionIV\/TARIFAS_2012_SECRETARIA.pdf\" target=\"_blank\">Secretar\u00eda del H. Ayuntamiento<\/a><\/li>\n<\/ul>\n","protected":false},"excerpt":{"rendered":"<p>Las participaciones federales y todos los recursos que integran su hacienda; y las cuotas y tarifas aplicables a impuestos, derechos, contribuciones de mejoras y las tablas de valores unitarios desuelo y construcciones, que sirvan de base para el cobro de las contribuciones sobre la propiedad inmobiliaria. Informaci\u00f3n actualizada al 4\u00b0 trimestre 2015 Participaciones federales Concepto Departamento que genera la informaci\u00f3n Anal\u00edtico de ingresos 1er trimestre 2015 Anal\u00edtico de ingresos 2\u00b0 trimestre 2015 Anal\u00edtico de ingresos 3er trimestre 2015 Anal\u00edtico de ingresos 4\u00b0 trimestre 2015 Tesorer\u00eda Estado de Origen y Aplicaci\u00f3n&hellip;<\/p>\n","protected":false},"author":1,"featured_media":0,"parent":7,"menu_order":0,"comment_status":"closed","ping_status":"closed","template":"","meta":{"_monsterinsights_skip_tracking":false,"_monsterinsights_sitenote_active":false,"_monsterinsights_sitenote_note":"","_monsterinsights_sitenote_category":0,"footnotes":""},"class_list":["post-159","page","type-page","status-publish","hentry"],"_links":{"self":[{"href":"https:\/\/riograndezac.gob.mx\/informatica\/index.php?rest_route=\/wp\/v2\/pages\/159","targetHints":{"allow":["GET"]}}],"collection":[{"href":"https:\/\/riograndezac.gob.mx\/informatica\/index.php?rest_route=\/wp\/v2\/pages"}],"about":[{"href":"https:\/\/riograndezac.gob.mx\/informatica\/index.php?rest_route=\/wp\/v2\/types\/page"}],"author":[{"embeddable":true,"href":"https:\/\/riograndezac.gob.mx\/informatica\/index.php?rest_route=\/wp\/v2\/users\/1"}],"replies":[{"embeddable":true,"href":"https:\/\/riograndezac.gob.mx\/informatica\/index.php?rest_route=%2Fwp%2Fv2%2Fcomments&post=159"}],"version-history":[{"count":9,"href":"https:\/\/riograndezac.gob.mx\/informatica\/index.php?rest_route=\/wp\/v2\/pages\/159\/revisions"}],"predecessor-version":[{"id":2833,"href":"https:\/\/riograndezac.gob.mx\/informatica\/index.php?rest_route=\/wp\/v2\/pages\/159\/revisions\/2833"}],"up":[{"embeddable":true,"href":"https:\/\/riograndezac.gob.mx\/informatica\/index.php?rest_route=\/wp\/v2\/pages\/7"}],"wp:attachment":[{"href":"https:\/\/riograndezac.gob.mx\/informatica\/index.php?rest_route=%2Fwp%2Fv2%2Fmedia&parent=159"}],"curies":[{"name":"wp","href":"https:\/\/api.w.org\/{rel}","templated":true}]}}