{"id":161,"date":"2016-01-11T18:09:48","date_gmt":"2016-01-12T00:09:48","guid":{"rendered":"http:\/\/riograndezac.gob.mx\/informatica\/?page_id=161"},"modified":"2016-02-03T12:20:50","modified_gmt":"2016-02-03T18:20:50","slug":"art15-v-los-criterios-y-mecanismos-de-participacion-ciudadana-en-los-procesos-de-elaboracion-implementacion-y-evaluacion-de-politicas-publicas","status":"publish","type":"page","link":"https:\/\/riograndezac.gob.mx\/informatica\/?page_id=161","title":{"rendered":"Art15 &#8211; V. Los criterios y mecanismos de participaci\u00f3n ciudadana en los procesos de elaboraci\u00f3n, implementaci\u00f3n y evaluaci\u00f3n de pol\u00edticas p\u00fablicas"},"content":{"rendered":"<p style=\"text-align: justify;\"><strong>Los criterios y mecanismos de participaci\u00f3n ciudadana en los procesos de elaboraci\u00f3n, implementaci\u00f3n y evaluaci\u00f3n de pol\u00edticas p\u00fablicas, as\u00ed como en la toma de decisiones de las entidades p\u00fablicas municipales.<\/strong><\/p>\n<div align=\"right\">\n<p>Informaci\u00f3n actualizada al 4\u00b0 trimestre 2015<\/p>\n<div align=\"left\">\n<table border=\"0\" width=\"597\">\n<tbody>\n<tr>\n<td width=\"329\">\n<div align=\"center\"><strong>Nombre del criterio<\/strong><\/div>\n<\/td>\n<td width=\"258\">\n<div align=\"center\"><strong>Departamento que genera la informaci\u00f3n<\/strong><\/div>\n<\/td>\n<\/tr>\n<tr>\n<td>\n<ul>\n<li><a href=\"http:\/\/media.riograndezac.gob.mx\/riograndezac.gob.mx\/archivos\/transparencia\/art15\/fraccionV\/2015\/4to_trimestre\/Lista_de_consejales_y_delegados_4to_trim_2015.pdf\" target=\"_blank\">Lista de Consejales y Delegados Municipales<\/a><\/li>\n<\/ul>\n<\/td>\n<td>\n<ul>\n<li>Desarrollo Econ\u00f3mico y Social<\/li>\n<\/ul>\n<\/td>\n<\/tr>\n<\/tbody>\n<\/table>\n<\/div>\n<p align=\"left\">\n<\/div>\n<hr \/>\n<p style=\"text-align: center;\"><strong>Informaci\u00f3n 2014<\/strong><\/p>\n<ul>\n<li><a href=\"http:\/\/media.riograndezac.gob.mx\/riograndezac.gob.mx\/archivos\/transparencia\/art15\/fraccionV\/Delegados_Municipales_2013-2016.pdf\" target=\"_blank\">Delegados Municipales del H. Ayuntamiento 2013 -2016<\/a><\/li>\n<li><a href=\"http:\/\/media.riograndezac.gob.mx\/riograndezac.gob.mx\/archivos\/transparencia\/art15\/fraccionV\/Consejales_Municipales_2013-2016.pdf\" target=\"_blank\">Concejales de Desarrollo Municipal 2013 &#8211; 2016<\/a><\/li>\n<\/ul>\n","protected":false},"excerpt":{"rendered":"<p>Los criterios y mecanismos de participaci\u00f3n ciudadana en los procesos de elaboraci\u00f3n, implementaci\u00f3n y evaluaci\u00f3n de pol\u00edticas p\u00fablicas, as\u00ed como en la toma de decisiones de las entidades p\u00fablicas municipales. Informaci\u00f3n actualizada al 4\u00b0 trimestre 2015 Nombre del criterio Departamento que genera la informaci\u00f3n Lista de Consejales y Delegados Municipales Desarrollo Econ\u00f3mico y Social Informaci\u00f3n 2014 Delegados Municipales del H. Ayuntamiento 2013 -2016 Concejales de Desarrollo Municipal 2013 &#8211; 2016<\/p>\n","protected":false},"author":1,"featured_media":0,"parent":7,"menu_order":0,"comment_status":"closed","ping_status":"closed","template":"","meta":{"_monsterinsights_skip_tracking":false,"_monsterinsights_sitenote_active":false,"_monsterinsights_sitenote_note":"","_monsterinsights_sitenote_category":0,"footnotes":""},"class_list":["post-161","page","type-page","status-publish","hentry"],"_links":{"self":[{"href":"https:\/\/riograndezac.gob.mx\/informatica\/index.php?rest_route=\/wp\/v2\/pages\/161","targetHints":{"allow":["GET"]}}],"collection":[{"href":"https:\/\/riograndezac.gob.mx\/informatica\/index.php?rest_route=\/wp\/v2\/pages"}],"about":[{"href":"https:\/\/riograndezac.gob.mx\/informatica\/index.php?rest_route=\/wp\/v2\/types\/page"}],"author":[{"embeddable":true,"href":"https:\/\/riograndezac.gob.mx\/informatica\/index.php?rest_route=\/wp\/v2\/users\/1"}],"replies":[{"embeddable":true,"href":"https:\/\/riograndezac.gob.mx\/informatica\/index.php?rest_route=%2Fwp%2Fv2%2Fcomments&post=161"}],"version-history":[{"count":7,"href":"https:\/\/riograndezac.gob.mx\/informatica\/index.php?rest_route=\/wp\/v2\/pages\/161\/revisions"}],"predecessor-version":[{"id":2575,"href":"https:\/\/riograndezac.gob.mx\/informatica\/index.php?rest_route=\/wp\/v2\/pages\/161\/revisions\/2575"}],"up":[{"embeddable":true,"href":"https:\/\/riograndezac.gob.mx\/informatica\/index.php?rest_route=\/wp\/v2\/pages\/7"}],"wp:attachment":[{"href":"https:\/\/riograndezac.gob.mx\/informatica\/index.php?rest_route=%2Fwp%2Fv2%2Fmedia&parent=161"}],"curies":[{"name":"wp","href":"https:\/\/api.w.org\/{rel}","templated":true}]}}