{"id":163,"date":"2016-01-11T18:11:25","date_gmt":"2016-01-12T00:11:25","guid":{"rendered":"http:\/\/riograndezac.gob.mx\/informatica\/?page_id=163"},"modified":"2016-02-03T12:22:37","modified_gmt":"2016-02-03T18:22:37","slug":"art15-vi-en-la-administracion-2013-2016-no-se-ha-elaborado-ningun-informe-de-gobierno-a-la-fecha","status":"publish","type":"page","link":"https:\/\/riograndezac.gob.mx\/informatica\/?page_id=163","title":{"rendered":"Art15 &#8211; VI. Los informes Anuales Municipales"},"content":{"rendered":"<p><strong>Los informes anuales municipales.<\/strong><\/p>\n<p style=\"text-align: right;\">Informaci\u00f3n actualizada al 4\u00b0 trimestre 2015<\/p>\n<p style=\"text-align: left;\" align=\"left\"><strong>Nota:<\/strong> La informaci\u00f3n de esta fracci\u00f3n es proporcionada por Secretar\u00eda del Ayuntamiento<\/p>\n<p><strong>Listado de informes anuales<\/strong><\/p>\n<ul>\n<li><a href=\"http:\/\/media.riograndezac.gob.mx\/riograndezac.gob.mx\/archivos\/transparencia\/art15\/fraccionVI\/2015\/1er_Informe_de_Gobierno_2013-2016.pdf\" target=\"_blank\">Primer Informe de Gobierno Administraci\u00f3n 2013-2016<\/a><\/li>\n<li><a href=\"http:\/\/media.riograndezac.gob.mx\/riograndezac.gob.mx\/archivos\/transparencia\/art15\/fraccionVI\/2015\/2do%20Informe%20de%20Gobierno%202013-2016.pdf\" target=\"_blank\">Segundo Informe de Gobierno Administraci\u00f3n 2013-2016<\/a><\/li>\n<\/ul>\n<p><span style=\"font-weight: bold;\">Administraci\u00f3n 2010-2013<\/span><\/p>\n<ul>\n<li><a href=\"http:\/\/media.riograndezac.gob.mx\/riograndezac.gob.mx\/archivos\/transparencia\/informes_de_gobierno\/primer_informe.pdf\" target=\"_blank\">Primer \u00a0Informe de Gobierno Administraci\u00f3n 2010-2013<\/a><\/li>\n<li><a href=\"http:\/\/media.riograndezac.gob.mx\/riograndezac.gob.mx\/archivos\/transparencia\/informes_de_gobierno\/Informe_2012.pdf\" target=\"_blank\">Segundo Informe de Gobierno Administraci\u00f3n 2010-2013<\/a><\/li>\n<li><a href=\"http:\/\/media.riograndezac.gob.mx\/riograndezac.gob.mx\/archivos\/transparencia\/art15\/fraccionVI\/Tercer_Informe_Municipal_2013.pdf\" target=\"_blank\">Tercer Informe de Gobierno Administraci\u00f3n 2010-2013<\/a><\/li>\n<\/ul>\n","protected":false},"excerpt":{"rendered":"<p>Los informes anuales municipales. Informaci\u00f3n actualizada al 4\u00b0 trimestre 2015 Nota: La informaci\u00f3n de esta fracci\u00f3n es proporcionada por Secretar\u00eda del Ayuntamiento Listado de informes anuales Primer Informe de Gobierno Administraci\u00f3n 2013-2016 Segundo Informe de Gobierno Administraci\u00f3n 2013-2016 Administraci\u00f3n 2010-2013 Primer \u00a0Informe de Gobierno Administraci\u00f3n 2010-2013 Segundo Informe de Gobierno Administraci\u00f3n 2010-2013 Tercer Informe de Gobierno Administraci\u00f3n 2010-2013<\/p>\n","protected":false},"author":1,"featured_media":0,"parent":7,"menu_order":0,"comment_status":"closed","ping_status":"closed","template":"","meta":{"_monsterinsights_skip_tracking":false,"_monsterinsights_sitenote_active":false,"_monsterinsights_sitenote_note":"","_monsterinsights_sitenote_category":0,"footnotes":""},"class_list":["post-163","page","type-page","status-publish","hentry"],"_links":{"self":[{"href":"https:\/\/riograndezac.gob.mx\/informatica\/index.php?rest_route=\/wp\/v2\/pages\/163","targetHints":{"allow":["GET"]}}],"collection":[{"href":"https:\/\/riograndezac.gob.mx\/informatica\/index.php?rest_route=\/wp\/v2\/pages"}],"about":[{"href":"https:\/\/riograndezac.gob.mx\/informatica\/index.php?rest_route=\/wp\/v2\/types\/page"}],"author":[{"embeddable":true,"href":"https:\/\/riograndezac.gob.mx\/informatica\/index.php?rest_route=\/wp\/v2\/users\/1"}],"replies":[{"embeddable":true,"href":"https:\/\/riograndezac.gob.mx\/informatica\/index.php?rest_route=%2Fwp%2Fv2%2Fcomments&post=163"}],"version-history":[{"count":8,"href":"https:\/\/riograndezac.gob.mx\/informatica\/index.php?rest_route=\/wp\/v2\/pages\/163\/revisions"}],"predecessor-version":[{"id":298,"href":"https:\/\/riograndezac.gob.mx\/informatica\/index.php?rest_route=\/wp\/v2\/pages\/163\/revisions\/298"}],"up":[{"embeddable":true,"href":"https:\/\/riograndezac.gob.mx\/informatica\/index.php?rest_route=\/wp\/v2\/pages\/7"}],"wp:attachment":[{"href":"https:\/\/riograndezac.gob.mx\/informatica\/index.php?rest_route=%2Fwp%2Fv2%2Fmedia&parent=163"}],"curies":[{"name":"wp","href":"https:\/\/api.w.org\/{rel}","templated":true}]}}