{"id":165,"date":"2016-01-11T18:15:12","date_gmt":"2016-01-12T00:15:12","guid":{"rendered":"http:\/\/riograndezac.gob.mx\/informatica\/?page_id=165"},"modified":"2016-02-23T12:05:10","modified_gmt":"2016-02-23T18:05:10","slug":"art15-vii-los-montos-recibidos-por-concepto-de-multas-recargos-depositos-fiscales-y-fianzas","status":"publish","type":"page","link":"https:\/\/riograndezac.gob.mx\/informatica\/?page_id=165","title":{"rendered":"art15. VII. Los montos recibidos por concepto de multas, recargos, dep\u00f3sitos fiscales y fianzas."},"content":{"rendered":"<p><strong>Los montos recibidos por concepto de multas, recargos, dep\u00f3sitos fiscales y fianzas.<\/strong><\/p>\n<p style=\"text-align: right;\">Informaci\u00f3n actualizada al 4\u00b0 trimestre 2015<\/p>\n<p style=\"text-align: left;\" align=\"left\"><strong>Montos recibidos<\/strong><\/p>\n<table border=\"0\" width=\"583\">\n<tbody>\n<tr>\n<td width=\"327\">\n<div align=\"center\"><strong>Concepto<\/strong><\/div>\n<\/td>\n<td width=\"240\">\n<div align=\"center\"><strong>Departamento que genera la informaci\u00f3n<\/strong><\/div>\n<\/td>\n<\/tr>\n<tr>\n<td>\n<ul>\n<li><a href=\"http:\/\/media.riograndezac.gob.mx\/riograndezac.gob.mx\/archivos\/transparencia\/art15\/fraccionIV\/2015\/1er_trimestre\/Art.%2015%20fraccion%20IV%20-%20Estado%20de%20Origen%20y%20Aplicacion%20de%20Recursos.pdf\" target=\"_blank\">Multas, recargos y dep\u00f3sitos fiscales 1er trimestre 2015<\/a><\/li>\n<li><a href=\"http:\/\/media.riograndezac.gob.mx\/riograndezac.gob.mx\/archivos\/transparencia\/art15\/fraccionVII\/2015\/2do_trimestre\/Art.%2015%20Fracci\u00f3n%20VII%20-%20Multas,%20recargos%20-%20Anal\u00edtico%20de%20ingresos.pdf\" target=\"_blank\">Multas, recargos y dep\u00f3sitos fiscales 2\u00b0 trimestre 2015<\/a><\/li>\n<li><a href=\"http:\/\/media.riograndezac.gob.mx\/riograndezac.gob.mx\/archivos\/transparencia\/art15\/fraccionVII\/2015\/3er_trimestre\/Art.%2015%20Fracci\u00f3n%20VII%20-%20multas,%20recargos,%20Analitica%20de%20ingresos.pdf\" target=\"_blank\">Multas, recargos y dep\u00f3sitos fiscales 3er trimestre 2015<\/a><\/li>\n<li><a href=\"http:\/\/media.riograndezac.gob.mx\/riograndezac.gob.mx\/archivos\/transparencia\/justi4to2015\/Justificacion_4to_trim_2015.pdf\" target=\"_blank\">Multas, recargos y dep\u00f3sitos fiscales 4\u00b0 trimestre 2015<\/a><\/li>\n<\/ul>\n<\/td>\n<td>\n<ul>\n<li>Tesorer\u00eda<\/li>\n<\/ul>\n<\/td>\n<\/tr>\n<\/tbody>\n<\/table>\n<div style=\"text-align: center;\">\n<hr \/>\n<\/div>\n<div style=\"text-align: center;\"><strong>Informaci\u00f3n 2014<\/strong><\/div>\n<p style=\"text-align: left;\"><strong>Multas<\/strong><\/p>\n<ul>\n<li><a href=\"http:\/\/media.riograndezac.gob.mx\/riograndezac.gob.mx\/archivos\/transparencia\/art15\/fraccionVII\/2014\/1er_trimestre\/Estado_Analitico_de_Ingresos_ene-mzo.pdf\" target=\"_blank\">Multas 1er trimestre<\/a><\/li>\n<li><a href=\"http:\/\/media.riograndezac.gob.mx\/riograndezac.gob.mx\/archivos\/transparencia\/art15\/fraccionVII\/2014\/2o_trimestre\/Estado_Analitico_de_Ingresos_Abr-Jun.pdf\" target=\"_blank\">Multas 2\u00b0 trimestre 2014<\/a><\/li>\n<li><a href=\"http:\/\/media.riograndezac.gob.mx\/riograndezac.gob.mx\/archivos\/transparencia\/art15\/fraccionVII\/2014\/3er_trimestre\/Analitico_de_Ingresos_Jul-Ago.pdf\" target=\"_blank\">Multas 3er trimestre 2014<\/a><\/li>\n<li><a href=\"http:\/\/media.riograndezac.gob.mx\/riograndezac.gob.mx\/archivos\/transparencia\/art15\/fraccionVII\/2014\/4ti_trimestre\/Articulo%2015%20fraccion%20VII%20Multas,%20Recargos%20y%20Rep.%20Fiscal%20%20Analitico%20de%20Ingresos.pdf\" target=\"_blank\">Multas 4\u00b0 trimestre 2014<\/a><\/li>\n<\/ul>\n<ul>\n<li><a href=\"http:\/\/media.riograndezac.gob.mx\/riograndezac.gob.mx\/archivos\/transparencia\/art15\/fraccionVII\/Multas\/multas_4to_trimestre_2013.pdf\" target=\"_blank\">Multas 4to trimestres 2013<\/a><\/li>\n<\/ul>\n<p><span style=\"font-weight: bold;\">Recargos y dep\u00f3sitos fiscales<\/span><\/p>\n<ul>\n<li><a href=\"http:\/\/media.riograndezac.gob.mx\/riograndezac.gob.mx\/archivos\/transparencia\/art15\/fraccionVII\/2014\/1er_trimestre\/Estado_de_Ejercicio_del_Presupuesto_Ene-Mzo.pdf\" target=\"_blank\">Recargos 1er \u00a0trimestre 2014<\/a><\/li>\n<li><a href=\"http:\/\/media.riograndezac.gob.mx\/riograndezac.gob.mx\/archivos\/transparencia\/art15\/fraccionVII\/2014\/2o_trimestre\/Estado_de_Origen_y_Aplicacion_de_Recursos_Abr-Jun.pdf\" target=\"_blank\">Recargos 2\u00b0 trimestre 2014<\/a><\/li>\n<li><a href=\"http:\/\/media.riograndezac.gob.mx\/riograndezac.gob.mx\/archivos\/transparencia\/art15\/fraccionVII\/2014\/3er_trimestre\/Estado_de_Origen_y_Aplicacion_de_Recursos_Jul-Ago.pdf\" target=\"_blank\">Recargos 3er trimestre 2014<\/a><\/li>\n<li><a href=\"http:\/\/media.riograndezac.gob.mx\/riograndezac.gob.mx\/archivos\/transparencia\/art15\/fraccionVII\/2014\/4ti_trimestre\/Articulo%2015%20fraccion%20VII%20Multas,%20Recargos%20y%20Rep.%20Fiscal%20%20Analitico%20de%20Ingresos.pdf\" target=\"_blank\">Recargos 4\u00b0 trimestre 2014<\/a><\/li>\n<\/ul>\n<ul>\n<li><a href=\"http:\/\/media.riograndezac.gob.mx\/riograndezac.gob.mx\/archivos\/transparencia\/art15\/fraccionVII\/Recargos%20y%20Depositos%20fiscales\/recargos_4to_trimestre_2013.pdf\" target=\"_blank\">Recargos 4to trimestre 2013<\/a><\/li>\n<\/ul>\n<p>______________________________________ \u00a0 \u00a0 ENLACES ANTERIORES \u00a0 \u00a0 \u00a0______________________________________<\/p>\n<ul>\n<li><a href=\"http:\/\/media.riograndezac.gob.mx\/riograndezac.gob.mx\/archivos\/transparencia\/fraccionXV\/ingresos.pdf\" target=\"_blank\">Ingresos Septiembre 2011<\/a> aprobados por cabildo<\/li>\n<li><a href=\"http:\/\/media.riograndezac.gob.mx\/riograndezac.gob.mx\/archivos\/transparencia\/fraccionXV\/ene_jul\/presupuesto_ingresos12.pdf\" target=\"_blank\">Ingresos Enero &#8211; Julio 2012<\/a><\/li>\n<li><a href=\"http:\/\/media.riograndezac.gob.mx\/riograndezac.gob.mx\/archivos\/transparencia\/art15\/fraccionXV\/ingresos_sept.pdf\" target=\"_blank\">Ingresos Septiembre 2012<\/a><\/li>\n<\/ul>\n","protected":false},"excerpt":{"rendered":"<p>Los montos recibidos por concepto de multas, recargos, dep\u00f3sitos fiscales y fianzas. Informaci\u00f3n actualizada al 4\u00b0 trimestre 2015 Montos recibidos Concepto Departamento que genera la informaci\u00f3n Multas, recargos y dep\u00f3sitos fiscales 1er trimestre 2015 Multas, recargos y dep\u00f3sitos fiscales 2\u00b0 trimestre 2015 Multas, recargos y dep\u00f3sitos fiscales 3er trimestre 2015 Multas, recargos y dep\u00f3sitos fiscales 4\u00b0 trimestre 2015 Tesorer\u00eda Informaci\u00f3n 2014 Multas Multas 1er trimestre Multas 2\u00b0 trimestre 2014 Multas 3er trimestre 2014 Multas 4\u00b0 trimestre 2014 Multas 4to trimestres 2013 Recargos y dep\u00f3sitos fiscales Recargos 1er \u00a0trimestre 2014 Recargos&hellip;<\/p>\n","protected":false},"author":1,"featured_media":0,"parent":7,"menu_order":0,"comment_status":"closed","ping_status":"closed","template":"","meta":{"_monsterinsights_skip_tracking":false,"_monsterinsights_sitenote_active":false,"_monsterinsights_sitenote_note":"","_monsterinsights_sitenote_category":0,"footnotes":""},"class_list":["post-165","page","type-page","status-publish","hentry"],"_links":{"self":[{"href":"https:\/\/riograndezac.gob.mx\/informatica\/index.php?rest_route=\/wp\/v2\/pages\/165","targetHints":{"allow":["GET"]}}],"collection":[{"href":"https:\/\/riograndezac.gob.mx\/informatica\/index.php?rest_route=\/wp\/v2\/pages"}],"about":[{"href":"https:\/\/riograndezac.gob.mx\/informatica\/index.php?rest_route=\/wp\/v2\/types\/page"}],"author":[{"embeddable":true,"href":"https:\/\/riograndezac.gob.mx\/informatica\/index.php?rest_route=\/wp\/v2\/users\/1"}],"replies":[{"embeddable":true,"href":"https:\/\/riograndezac.gob.mx\/informatica\/index.php?rest_route=%2Fwp%2Fv2%2Fcomments&post=165"}],"version-history":[{"count":10,"href":"https:\/\/riograndezac.gob.mx\/informatica\/index.php?rest_route=\/wp\/v2\/pages\/165\/revisions"}],"predecessor-version":[{"id":299,"href":"https:\/\/riograndezac.gob.mx\/informatica\/index.php?rest_route=\/wp\/v2\/pages\/165\/revisions\/299"}],"up":[{"embeddable":true,"href":"https:\/\/riograndezac.gob.mx\/informatica\/index.php?rest_route=\/wp\/v2\/pages\/7"}],"wp:attachment":[{"href":"https:\/\/riograndezac.gob.mx\/informatica\/index.php?rest_route=%2Fwp%2Fv2%2Fmedia&parent=165"}],"curies":[{"name":"wp","href":"https:\/\/api.w.org\/{rel}","templated":true}]}}