{"id":167,"date":"2016-01-11T18:16:29","date_gmt":"2016-01-12T00:16:29","guid":{"rendered":"http:\/\/riograndezac.gob.mx\/informatica\/?page_id=167"},"modified":"2016-02-23T12:18:42","modified_gmt":"2016-02-23T18:18:42","slug":"art15-viii-los-emprestitos-deudas-contraidas-asi-como-la-enajenacion-de-bienes","status":"publish","type":"page","link":"https:\/\/riograndezac.gob.mx\/informatica\/?page_id=167","title":{"rendered":"Art15 &#8211; VIII. Los empr\u00e9stitos, deudas contra\u00eddas, as\u00ed como la enajenaci\u00f3n de bienes."},"content":{"rendered":"<p style=\"text-align: justify;\"><strong>Los empr\u00e9stitos, deudas contra\u00eddas, as\u00ed como la enajenaci\u00f3n de bienes.<\/strong><\/p>\n<p style=\"text-align: right;\">Informaci\u00f3n actualizada al 4\u00b0 trimestre 2015<\/p>\n<p style=\"text-align: left;\" align=\"left\"><strong>Emprestitio y deudas<\/strong><\/p>\n<table border=\"0\" width=\"588\">\n<tbody>\n<tr>\n<td width=\"338\">\n<div align=\"center\"><strong>Concepto<\/strong><\/div>\n<\/td>\n<td width=\"234\">\n<div align=\"center\"><strong>Departamento que genera la informaci\u00f3n<\/strong><\/div>\n<\/td>\n<\/tr>\n<tr>\n<td>\n<ul>\n<li><a href=\"http:\/\/media.riograndezac.gob.mx\/riograndezac.gob.mx\/archivos\/transparencia\/art15\/fraccionVIII\/2015\/1er_trimestre\/Art.%2015%20fraccion%20VIII%20-%20Emprestitos%20-%20Balanza%20de%20Comprobacion.pdf\" target=\"_blank\">Emprestitos 1er trimestre 2015<\/a><\/li>\n<li><a href=\"http:\/\/media.riograndezac.gob.mx\/riograndezac.gob.mx\/archivos\/transparencia\/art15\/fraccionVIII\/2015\/2do_trimestre\/Art.%2015%20Fracci\u00f3n%20VIII%20-%20Emprestitos%20-%20balanza%20de%20comprobacion.pdf\" target=\"_blank\">Emprestitos 2\u00b0 trimestre 2015<\/a><\/li>\n<li><a href=\"http:\/\/media.riograndezac.gob.mx\/riograndezac.gob.mx\/archivos\/transparencia\/art15\/fraccionVIII\/2015\/3er_trimestre\/Art.%2015%20Fracci\u00f3n%20VIII%20-%20Emprestitos%20-%20Balanza%20de%20comprobacion.pdf\" target=\"_blank\">Emprestitos 3er trimestre 2015<\/a><\/li>\n<li><a href=\"http:\/\/media.riograndezac.gob.mx\/riograndezac.gob.mx\/archivos\/transparencia\/justi4to2015\/Justificacion_4to_trim_2015.pdf\" target=\"_blank\">Emprestitos 4\u00b0 trimestre 2015<\/a><\/li>\n<\/ul>\n<\/td>\n<td>\n<ul>\n<li>Tesorer\u00eda<\/li>\n<\/ul>\n<\/td>\n<\/tr>\n<tr>\n<td>\n<ul>\n<li><a href=\"http:\/\/media.riograndezac.gob.mx\/riograndezac.gob.mx\/archivos\/transparencia\/art15\/fraccionVIII\/2015\/1er_trimestre\/Art.%2015%20fraccion%20VIII%20-%20Deudas%20contraidas%20-%20Analitico%20de%20Pasivos.pdf\" target=\"_blank\">Deudas contra\u00eddas 1er trimestre 2015<\/a><\/li>\n<li><a href=\"http:\/\/media.riograndezac.gob.mx\/riograndezac.gob.mx\/archivos\/transparencia\/art15\/fraccionVIII\/2015\/2do_trimestre\/Art.%2015%20Fracci\u00f3n%20VIII%20-%20Deudas%20contraidas%20-%20analitico%20de%20pasivos.pdf\" target=\"_blank\">Deudas contra\u00eddas 2\u00b0 trimestre 2015<\/a><\/li>\n<li><a href=\"http:\/\/media.riograndezac.gob.mx\/riograndezac.gob.mx\/archivos\/transparencia\/art15\/fraccionVIII\/2015\/3er_trimestre\/Art.%2015%20Fracci\u00f3n%20VIII%20-%20deudas%20contraidas%20-%20Analitica%20de%20pasivos.pdf\" target=\"_blank\">Deudas contra\u00eddas 3er trimestre 2015<\/a><\/li>\n<li><a href=\"http:\/\/media.riograndezac.gob.mx\/riograndezac.gob.mx\/archivos\/transparencia\/justi4to2015\/Justificacion_4to_trim_2015.pdf\" target=\"_blank\">Deudas contra\u00eddas 4\u00b0 trimestre 2015<\/a><\/li>\n<\/ul>\n<\/td>\n<td>\n<ul>\n<li>Tesorer\u00eda<\/li>\n<\/ul>\n<\/td>\n<\/tr>\n<\/tbody>\n<\/table>\n<p style=\"text-align: left;\" align=\"left\"><strong>Enajenaci\u00f3n de bienes<\/strong><\/p>\n<table border=\"0\" width=\"587\">\n<tbody>\n<tr>\n<td width=\"342\">\n<div align=\"center\"><strong>Concepto<\/strong><\/div>\n<\/td>\n<td width=\"229\">\n<div align=\"center\"><strong>Departamento que genera la informaci\u00f3n<\/strong><\/div>\n<\/td>\n<\/tr>\n<tr>\n<td>\n<ul>\n<li><a href=\"http:\/\/media.riograndezac.gob.mx\/riograndezac.gob.mx\/archivos\/transparencia\/art15\/fraccionVIII\/2015\/1er_trimestre\/Art.%2015%20fraccion%20VIII%20-%20Enagenacion%20de%20bienes%20-%20Analitico%20de%20Ingresos.pdf\" target=\"_blank\">Enajenaci\u00f3n de bienes 1er trimestre 2015<\/a><\/li>\n<li><a href=\"http:\/\/media.riograndezac.gob.mx\/riograndezac.gob.mx\/archivos\/transparencia\/art15\/fraccionVIII\/2015\/2do_trimestre\/Art.%2015%20Fracci\u00f3n%20VIII%20-%20Enagenacion%20de%20bienes%20-%20analitico%20de%20ingresos.pdf\" target=\"_blank\">Enajenaci\u00f3n de bienes 2\u00b0 trimestre 2015<\/a><\/li>\n<li><a href=\"http:\/\/media.riograndezac.gob.mx\/riograndezac.gob.mx\/archivos\/transparencia\/art15\/fraccionVIII\/2015\/3er_trimestre\/Art.%2015%20Fracci\u00f3n%20VIII%20-%20Enagenacion%20de%20bienes%20-%20analitica%20de%20ingresos.pdf\" target=\"_blank\">Enajenaci\u00f3n de bienes 3er trimestre 2015<\/a><\/li>\n<li><a href=\"http:\/\/media.riograndezac.gob.mx\/riograndezac.gob.mx\/archivos\/transparencia\/justi4to2015\/Justificacion_4to_trim_2015.pdf\" target=\"_blank\">Enajenaci\u00f3n de bienes 4\u00b0 trimestre 2015<\/a><\/li>\n<\/ul>\n<\/td>\n<td>\n<ul>\n<li>Tesorer\u00eda<\/li>\n<\/ul>\n<\/td>\n<\/tr>\n<\/tbody>\n<\/table>\n<hr \/>\n<p style=\"text-align: center;\"><strong>Informaci\u00f3n 2014<\/strong><\/p>\n<p style=\"text-align: left;\"><strong>Emprestitos<\/strong><\/p>\n<ul>\n<li><a href=\"http:\/\/media.riograndezac.gob.mx\/riograndezac.gob.mx\/archivos\/transparencia\/art15\/fraccionVIII\/2014\/1er_trimestre\/Balanza_Comprobacion_Ene-Mzo.pdf\" target=\"_blank\">Emprestitos 1er enero 2014<\/a><\/li>\n<li><a href=\"http:\/\/media.riograndezac.gob.mx\/riograndezac.gob.mx\/archivos\/transparencia\/art15\/fraccionVIII\/2014\/2o_trimestre\/Balanza_de_Comrpobacion_Abr-Jun.pdf\" target=\"_blank\">Emprestitos 2\u00b0 trimestre 2014<\/a><\/li>\n<li><a href=\"http:\/\/media.riograndezac.gob.mx\/riograndezac.gob.mx\/archivos\/transparencia\/art15\/fraccionVIII\/2014\/3er_trimestre\/Balanza_de_Comrobacion_Jul-Ago.pdf\" target=\"_blank\">Emprestitos 3er trimestre 2014<\/a><\/li>\n<li><a href=\"http:\/\/media.riograndezac.gob.mx\/riograndezac.gob.mx\/archivos\/transparencia\/art15\/fraccionVIII\/2014\/4to_trimestre\/Articulo%2015%20fraccion%20VIII%20Emprestitos%20Balanza%20de%20Comprobacion.pdf\" target=\"_blank\">Emprestitos 4\u00b0 trimestre 2014<\/a><\/li>\n<\/ul>\n<ul>\n<li><a href=\"http:\/\/media.riograndezac.gob.mx\/riograndezac.gob.mx\/archivos\/transparencia\/art15\/fraccionVIII\/Emprestitos\/emprestito_4to_trimestre_2013.pdf\" target=\"_blank\">Emprestitos 4to trimestre 2013<\/a><\/li>\n<\/ul>\n<p style=\"text-align: left;\"><strong>Deudas contra\u00eddas<\/strong><\/p>\n<ul>\n<li><a href=\"http:\/\/media.riograndezac.gob.mx\/riograndezac.gob.mx\/archivos\/transparencia\/art15\/fraccionVIII\/2014\/1er_trimestre\/Estado_Analitico_del_Pasivo_Ene-Mzo.pdf\" target=\"_blank\">Anal\u00edtico de pasivos 1er trimestre 2014<\/a><\/li>\n<li><a href=\"http:\/\/media.riograndezac.gob.mx\/riograndezac.gob.mx\/archivos\/transparencia\/art15\/fraccionVIII\/2014\/2o_trimestre\/Estado_Analitico_del_Pasivo_Abr-Jun.pdf\" target=\"_blank\">Anal\u00edtico de pasivos 2\u00b0 trimestre 2014<\/a><\/li>\n<li><a href=\"http:\/\/media.riograndezac.gob.mx\/riograndezac.gob.mx\/archivos\/transparencia\/art15\/fraccionVIII\/2014\/3er_trimestre\/Estado_Analitico_del_Pasivo-Jul-Ago.pdf\" target=\"_blank\">Anal\u00edtico de pasivos 3er trimestre 2014<\/a><\/li>\n<li><a href=\"http:\/\/media.riograndezac.gob.mx\/riograndezac.gob.mx\/archivos\/transparencia\/art15\/fraccionVIII\/2014\/4to_trimestre\/Articulo%2015%20fraccion%20VIII%20Deudas%20Contraidas%20Analisis%20de%20Pasivos.pdf\" target=\"_blank\">Anal\u00edtico de pasivos 4\u00b0 trimestre 2014<\/a><\/li>\n<\/ul>\n<ul>\n<li><a href=\"http:\/\/media.riograndezac.gob.mx\/riograndezac.gob.mx\/archivos\/transparencia\/art15\/fraccionVIII\/Deudas_contraidas\/analitico_de_pasivos_4to_trimestral_2013.pdf\" target=\"_blank\">Anal\u00edtico de pasivos 4to trimestre 2013<\/a><\/li>\n<\/ul>\n<p style=\"text-align: left;\"><strong>Enajenaci\u00f3n de bienes<\/strong><\/p>\n<ul>\n<li><a href=\"http:\/\/media.riograndezac.gob.mx\/riograndezac.gob.mx\/archivos\/transparencia\/art15\/fraccionVIII\/2014\/1er_trimestre\/Balanza_Comprobacion_Ene-Mzo.pdf\" target=\"_blank\">Enajenaci\u00f3n de bienes 1er trimestre 2014<\/a><\/li>\n<li><a href=\"http:\/\/media.riograndezac.gob.mx\/riograndezac.gob.mx\/archivos\/transparencia\/art15\/fraccionVIII\/2014\/2o_trimestre\/Estado_Analitico_de_Ingresos_Abr-Jun.pdf\" target=\"_blank\">Enajenaci\u00f3n de bienes 2\u00b0 trimestre 2014<\/a><\/li>\n<li><a href=\"http:\/\/media.riograndezac.gob.mx\/riograndezac.gob.mx\/archivos\/transparencia\/art15\/fraccionVIII\/2014\/3er_trimestre\/Analitico_de_Ingresos_Jul-Ago.pdf\" target=\"_blank\">Enajenaci\u00f3n de bienes 3er trimestre 2014<\/a><\/li>\n<li><a href=\"http:\/\/media.riograndezac.gob.mx\/riograndezac.gob.mx\/archivos\/transparencia\/art15\/fraccionVIII\/2014\/4to_trimestre\/Articulo%2015%20fraccion%20VIII%20Enajenacion%20de%20Bienes%20Analitico%20de%20Ingresos.pdf\" target=\"_blank\">Enajenaci\u00f3n de bienes 4\u00b0 trimestre 2014<\/a><\/li>\n<\/ul>\n<ul>\n<li>En la enajenaci\u00f3n de bienes del a\u00f1os 2013 no se tuvo ning\u00fan ingreso por este concepto<\/li>\n<\/ul>\n<p><span style=\"text-decoration: underline;\"><br \/>\n<\/span><\/p>\n<p style=\"text-align: left;\">_______________________________________ \u00a0 Enlaces Anteriores \u00a0 _______________________________________<\/p>\n<ul style=\"text-align: left;\">\n<li style=\"text-align: left;\"><a href=\"http:\/\/media.riograndezac.gob.mx\/riograndezac.gob.mx\/archivos\/transparencia\/art15\/fraccionVIII\/deuda_sept 12.pdf\" target=\"_blank\">Pasivos 2 enero al 30 de septiembre<\/a><\/li>\n<li><a href=\"http:\/\/media.riograndezac.gob.mx\/riograndezac.gob.mx\/archivos\/transparencia\/art15\/fraccionVIII\/balanza_sept.pdf\" target=\"_blank\">Balanza de Comprobaci\u00f3n Septiembre 2012<\/a><\/li>\n<\/ul>\n","protected":false},"excerpt":{"rendered":"<p>Los empr\u00e9stitos, deudas contra\u00eddas, as\u00ed como la enajenaci\u00f3n de bienes. Informaci\u00f3n actualizada al 4\u00b0 trimestre 2015 Emprestitio y deudas Concepto Departamento que genera la informaci\u00f3n Emprestitos 1er trimestre 2015 Emprestitos 2\u00b0 trimestre 2015 Emprestitos 3er trimestre 2015 Emprestitos 4\u00b0 trimestre 2015 Tesorer\u00eda Deudas contra\u00eddas 1er trimestre 2015 Deudas contra\u00eddas 2\u00b0 trimestre 2015 Deudas contra\u00eddas 3er trimestre 2015 Deudas contra\u00eddas 4\u00b0 trimestre 2015 Tesorer\u00eda Enajenaci\u00f3n de bienes Concepto Departamento que genera la informaci\u00f3n Enajenaci\u00f3n de bienes 1er trimestre 2015 Enajenaci\u00f3n de bienes 2\u00b0 trimestre 2015 Enajenaci\u00f3n de bienes 3er trimestre 2015&hellip;<\/p>\n","protected":false},"author":1,"featured_media":0,"parent":7,"menu_order":0,"comment_status":"closed","ping_status":"closed","template":"","meta":{"_monsterinsights_skip_tracking":false,"_monsterinsights_sitenote_active":false,"_monsterinsights_sitenote_note":"","_monsterinsights_sitenote_category":0,"footnotes":""},"class_list":["post-167","page","type-page","status-publish","hentry"],"_links":{"self":[{"href":"https:\/\/riograndezac.gob.mx\/informatica\/index.php?rest_route=\/wp\/v2\/pages\/167","targetHints":{"allow":["GET"]}}],"collection":[{"href":"https:\/\/riograndezac.gob.mx\/informatica\/index.php?rest_route=\/wp\/v2\/pages"}],"about":[{"href":"https:\/\/riograndezac.gob.mx\/informatica\/index.php?rest_route=\/wp\/v2\/types\/page"}],"author":[{"embeddable":true,"href":"https:\/\/riograndezac.gob.mx\/informatica\/index.php?rest_route=\/wp\/v2\/users\/1"}],"replies":[{"embeddable":true,"href":"https:\/\/riograndezac.gob.mx\/informatica\/index.php?rest_route=%2Fwp%2Fv2%2Fcomments&post=167"}],"version-history":[{"count":11,"href":"https:\/\/riograndezac.gob.mx\/informatica\/index.php?rest_route=\/wp\/v2\/pages\/167\/revisions"}],"predecessor-version":[{"id":2835,"href":"https:\/\/riograndezac.gob.mx\/informatica\/index.php?rest_route=\/wp\/v2\/pages\/167\/revisions\/2835"}],"up":[{"embeddable":true,"href":"https:\/\/riograndezac.gob.mx\/informatica\/index.php?rest_route=\/wp\/v2\/pages\/7"}],"wp:attachment":[{"href":"https:\/\/riograndezac.gob.mx\/informatica\/index.php?rest_route=%2Fwp%2Fv2%2Fmedia&parent=167"}],"curies":[{"name":"wp","href":"https:\/\/api.w.org\/{rel}","templated":true}]}}