{"id":172,"date":"2016-01-11T18:19:11","date_gmt":"2016-01-12T00:19:11","guid":{"rendered":"http:\/\/riograndezac.gob.mx\/informatica\/?page_id=172"},"modified":"2016-02-03T15:10:07","modified_gmt":"2016-02-03T21:10:07","slug":"art15-x-las-iniciativas-de-ley-decretos-bandos-reglamentos-o-disposiciones-de-caracter-general-o-particular-en-materia-municipal","status":"publish","type":"page","link":"https:\/\/riograndezac.gob.mx\/informatica\/?page_id=172","title":{"rendered":"Art15 &#8211; X. Las iniciativas de ley, decretos, bandos, reglamentos o disposiciones de car\u00e1cter general o particular en materia municipal"},"content":{"rendered":"<p style=\"text-align: justify;\"><strong>Las iniciativas de ley, decretos, bandos, reglamentos o disposiciones de car\u00e1cter general o particular en materia municipal.<\/strong><\/p>\n<p style=\"text-align: right;\">Informaci\u00f3n actualizada al 4\u00b0 trimestre 2015<\/p>\n<p style=\"text-align: left;\"><strong>Iniciativas<\/strong><\/p>\n<table border=\"0\" width=\"617\">\n<tbody>\n<tr>\n<td width=\"370\">\n<div align=\"center\"><strong>Concepto<\/strong><\/div>\n<\/td>\n<td width=\"231\">\n<div align=\"center\"><strong>Departamento que genera la informaci\u00f3n<\/strong><\/div>\n<\/td>\n<\/tr>\n<tr>\n<td>\n<ul>\n<li><a href=\"http:\/\/media.riograndezac.gob.mx\/riograndezac.gob.mx\/archivos\/transparencia\/art15\/fraccionX\/2015\/4to_trimestre\/Justificacion_art15_frac10_4to_trim_2015.pdf\" target=\"_blank\">Iniciativas por parte del ayuntamiento<\/a><\/li>\n<\/ul>\n<\/td>\n<td>\n<ul>\n<li>Secretar\u00eda del Ayuntamiento<\/li>\n<\/ul>\n<\/td>\n<\/tr>\n<tr>\n<td>\n<ul>\n<li><a href=\"http:\/\/media.riograndezac.gob.mx\/riograndezac.gob.mx\/archivos\/transparencia\/art15\/fraccionX\/2015\/2do_trimestre\/Reglamento_Unidad_Deportiva.pdf\" target=\"_blank\">Reglamento Unidad Deportiva<\/a><\/li>\n<\/ul>\n<\/td>\n<td>\n<ul>\n<li>Secretar\u00eda del Ayuntamiento<\/li>\n<\/ul>\n<\/td>\n<\/tr>\n<\/tbody>\n<\/table>\n<div style=\"text-align: center;\">\n<hr \/>\n<\/div>\n<div style=\"text-align: center;\"><strong>Informaci\u00f3n 2014<\/strong><\/div>\n<p style=\"text-align: left;\"><strong>Listado de leyes<\/strong><\/p>\n<ul>\n<li>No se cuentan con iniciativas de ley a la fecha<\/li>\n<\/ul>\n<p style=\"text-align: left;\"><span style=\"font-weight: bold;\">Listado de decretos y bandos<\/span><\/p>\n<ul>\n<li>No se cuenta con iniciativas de decretos ni bandos<\/li>\n<\/ul>\n<p style=\"text-align: left;\"><strong>Listado de reglamentos<\/strong><\/p>\n<ul>\n<li>Por el momento no se cuenta con informaci\u00f3n digital para esta apartado<\/li>\n<\/ul>\n<p style=\"text-align: left;\"><strong>Listado de disposiciones de\u00a0car\u00e1cter\u00a0general<\/strong><\/p>\n<ul>\n<li>No se cuenta con informaci\u00f3n por el momento para este apartado<\/li>\n<\/ul>\n","protected":false},"excerpt":{"rendered":"<p>Las iniciativas de ley, decretos, bandos, reglamentos o disposiciones de car\u00e1cter general o particular en materia municipal. Informaci\u00f3n actualizada al 4\u00b0 trimestre 2015 Iniciativas Concepto Departamento que genera la informaci\u00f3n Iniciativas por parte del ayuntamiento Secretar\u00eda del Ayuntamiento Reglamento Unidad Deportiva Secretar\u00eda del Ayuntamiento Informaci\u00f3n 2014 Listado de leyes No se cuentan con iniciativas de ley a la fecha Listado de decretos y bandos No se cuenta con iniciativas de decretos ni bandos Listado de reglamentos Por el momento no se cuenta con informaci\u00f3n digital para esta apartado Listado de&hellip;<\/p>\n","protected":false},"author":1,"featured_media":0,"parent":7,"menu_order":0,"comment_status":"closed","ping_status":"closed","template":"","meta":{"_monsterinsights_skip_tracking":false,"_monsterinsights_sitenote_active":false,"_monsterinsights_sitenote_note":"","_monsterinsights_sitenote_category":0,"footnotes":""},"class_list":["post-172","page","type-page","status-publish","hentry"],"_links":{"self":[{"href":"https:\/\/riograndezac.gob.mx\/informatica\/index.php?rest_route=\/wp\/v2\/pages\/172","targetHints":{"allow":["GET"]}}],"collection":[{"href":"https:\/\/riograndezac.gob.mx\/informatica\/index.php?rest_route=\/wp\/v2\/pages"}],"about":[{"href":"https:\/\/riograndezac.gob.mx\/informatica\/index.php?rest_route=\/wp\/v2\/types\/page"}],"author":[{"embeddable":true,"href":"https:\/\/riograndezac.gob.mx\/informatica\/index.php?rest_route=\/wp\/v2\/users\/1"}],"replies":[{"embeddable":true,"href":"https:\/\/riograndezac.gob.mx\/informatica\/index.php?rest_route=%2Fwp%2Fv2%2Fcomments&post=172"}],"version-history":[{"count":11,"href":"https:\/\/riograndezac.gob.mx\/informatica\/index.php?rest_route=\/wp\/v2\/pages\/172\/revisions"}],"predecessor-version":[{"id":2590,"href":"https:\/\/riograndezac.gob.mx\/informatica\/index.php?rest_route=\/wp\/v2\/pages\/172\/revisions\/2590"}],"up":[{"embeddable":true,"href":"https:\/\/riograndezac.gob.mx\/informatica\/index.php?rest_route=\/wp\/v2\/pages\/7"}],"wp:attachment":[{"href":"https:\/\/riograndezac.gob.mx\/informatica\/index.php?rest_route=%2Fwp%2Fv2%2Fmedia&parent=172"}],"curies":[{"name":"wp","href":"https:\/\/api.w.org\/{rel}","templated":true}]}}