{"id":21,"date":"2016-01-12T13:56:48","date_gmt":"2016-01-12T19:56:48","guid":{"rendered":"http:\/\/riograndezac.gob.mx\/informatica\/?page_id=21"},"modified":"2016-06-20T11:32:22","modified_gmt":"2016-06-20T16:32:22","slug":"iv-el-directorio-de-servidores-publicos","status":"publish","type":"page","link":"https:\/\/riograndezac.gob.mx\/informatica\/?page_id=21","title":{"rendered":"IV. El directorio de servidores p\u00fablicos"},"content":{"rendered":"<div id=\"_mcePaste\" style=\"text-align: justify;\"><strong>El directorio de servidores p\u00fablicos con referencia a su nombramiento oficial y la clave presupuestaria que le corresponda en atenci\u00f3n al tabulador que publiquen los presupuestos de egresos de cada a\u00f1o. Los vi\u00e1ticos, viajes, gastos de representaci\u00f3n, as\u00ed como cualquier remuneraci\u00f3n que reciban los servidores en ejercicio de sus funciones; no debi\u00e9ndose apelar, en este caso, al derecho de protecci\u00f3n de datos personales.<\/strong><\/div>\n<div style=\"text-align: left;\"><\/div>\n<div style=\"text-align: left;\"><\/div>\n<div style=\"text-align: left;\">\n<div style=\"text-align: right;\">\n<p style=\"text-align: right;\" align=\"center\">Informaci\u00f3n actualizada al 1er trimestre 2016<\/p>\n<p style=\"text-align: left;\" align=\"left\"><strong>El Directorio de Servidores P\u00fablicos<\/strong><\/p>\n<div align=\"left\">\n<table border=\"1\" width=\"627\">\n<tbody>\n<tr>\n<td width=\"411\">\n<div align=\"center\"><strong>Concepto<\/strong><\/div>\n<\/td>\n<td width=\"200\">\n<div align=\"center\"><strong>Departamento que genera la informaci\u00f3n<\/strong><\/div>\n<\/td>\n<\/tr>\n<tr>\n<td>\n<ul>\n<li><a href=\"http:\/\/media.riograndezac.gob.mx\/riograndezac.gob.mx\/archivos\/transparencia\/fraccion4\/2016\/1er_trimestre\/Directorio_funcionarios_1er_trim_2016.pdf\" target=\"_blank\">Directorio de Servidores P\u00fablicos<\/a><\/li>\n<\/ul>\n<\/td>\n<td>\n<ul>\n<li>Cada uno de los departamentos<\/li>\n<\/ul>\n<\/td>\n<\/tr>\n<\/tbody>\n<\/table>\n<\/div>\n<p style=\"text-align: left;\" align=\"left\"><strong>Remuneraciones de Servidores P\u00fablicos<\/strong><\/p>\n<div align=\"left\">\n<table border=\"1\" width=\"627\">\n<tbody>\n<tr>\n<td width=\"411\">\n<div align=\"center\"><strong>Concepto<\/strong><\/div>\n<\/td>\n<td width=\"200\">\n<div align=\"center\"><strong>Departamento que genera la informaci\u00f3n<\/strong><\/div>\n<\/td>\n<\/tr>\n<tr>\n<td>\n<ul>\n<li><a href=\"http:\/\/media.riograndezac.gob.mx\/riograndezac.gob.mx\/archivos\/transparencia\/fraccion4\/2016\/1er_trimestre\/Nomina_1er_trim_2016.pdf\" target=\"_blank\">Nomina 1er trimestre 2016<\/a><\/li>\n<\/ul>\n<\/td>\n<td>\n<ul>\n<li>Recursos Humanos<\/li>\n<\/ul>\n<\/td>\n<\/tr>\n<\/tbody>\n<\/table>\n<\/div>\n<p style=\"text-align: left;\" align=\"left\"><strong>Los Vi\u00e1ticos de Viajes<\/strong><\/p>\n<div align=\"left\">\n<table border=\"0\" width=\"631\">\n<tbody>\n<tr>\n<td width=\"415\">\n<div align=\"center\"><strong>Concepto<\/strong><\/div>\n<\/td>\n<td width=\"206\">\n<div align=\"center\"><strong>Departamento que genera la informaci\u00f3n<\/strong><\/div>\n<\/td>\n<\/tr>\n<tr>\n<td>\n<ul>\n<li><a href=\"http:\/\/media.riograndezac.gob.mx\/riograndezac.gob.mx\/archivos\/transparencia\/fraccion4\/2016\/1er_trimestre\/Justificacion_tesoreria_1er_trim_2016.pdf\" target=\"_blank\">V\u00edaticos 1er trimestre 2016<\/a><\/li>\n<\/ul>\n<\/td>\n<td>\n<ul>\n<li>Tesorer\u00eda<\/li>\n<\/ul>\n<\/td>\n<\/tr>\n<\/tbody>\n<\/table>\n<\/div>\n<p style=\"text-align: left;\" align=\"left\"><strong>Gastos de Representaci\u00f3n<\/strong><\/p>\n<div align=\"left\">\n<table border=\"0\" width=\"631\">\n<tbody>\n<tr>\n<td width=\"415\">\n<div align=\"center\"><strong>Concepto<\/strong><\/div>\n<\/td>\n<td width=\"206\">\n<div align=\"center\"><strong>Departamento que genera la informaci\u00f3n<\/strong><\/div>\n<\/td>\n<\/tr>\n<tr>\n<td>\n<ul>\n<li><a href=\"http:\/\/media.riograndezac.gob.mx\/riograndezac.gob.mx\/archivos\/transparencia\/fraccion4\/2016\/1er_trimestre\/Justificacion_tesoreria_1er_trim_2016.pdf\" target=\"_blank\">Gastos de representaci\u00f3n 1er trimestre 2016<\/a><\/li>\n<\/ul>\n<\/td>\n<td>\n<ul>\n<li>Tesorer\u00eda<\/li>\n<\/ul>\n<\/td>\n<\/tr>\n<\/tbody>\n<\/table>\n<\/div>\n<\/div>\n<\/div>\n<div style=\"text-align: left;\"><\/div>\n<div style=\"text-align: left;\"><\/div>\n<div style=\"text-align: left;\"><\/div>\n<div style=\"text-align: left;\"><\/div>\n<div style=\"text-align: left;\">\n<hr \/>\n<\/div>\n<div style=\"text-align: left;\"><\/div>\n<div style=\"text-align: center;\"><strong>Informaci\u00f3n 2015<\/strong><\/div>\n<div style=\"text-align: right;\">\n<p style=\"text-align: left;\" align=\"left\"><strong>El Directorio de Servidores P\u00fablicos<\/strong><\/p>\n<div align=\"left\">\n<table border=\"1\" width=\"627\">\n<tbody>\n<tr>\n<td width=\"411\">\n<div align=\"center\"><strong>Concepto<\/strong><\/div>\n<\/td>\n<td width=\"200\">\n<div align=\"center\"><strong>Departamento que genera la informaci\u00f3n<\/strong><\/div>\n<\/td>\n<\/tr>\n<tr>\n<td>\n<ul>\n<li><a href=\"http:\/\/media.riograndezac.gob.mx\/riograndezac.gob.mx\/archivos\/transparencia\/fraccion4\/2015\/4to_trimestre\/Directorio_funcionarios_4to_trimestre2.pdf\" target=\"_blank\">Directorio de Servidores P\u00fablicos<\/a><\/li>\n<\/ul>\n<\/td>\n<td>\n<ul>\n<li>Cada uno de los departamentos<\/li>\n<\/ul>\n<\/td>\n<\/tr>\n<\/tbody>\n<\/table>\n<\/div>\n<p style=\"text-align: left;\" align=\"left\"><strong>Remuneraciones de Servidores P\u00fablicos<\/strong><\/p>\n<div align=\"left\">\n<table border=\"1\" width=\"627\">\n<tbody>\n<tr>\n<td width=\"411\">\n<div align=\"center\"><strong>Concepto<\/strong><\/div>\n<\/td>\n<td width=\"200\">\n<div align=\"center\"><strong>Departamento que genera la informaci\u00f3n<\/strong><\/div>\n<\/td>\n<\/tr>\n<tr>\n<td>\n<ul>\n<li><a href=\"http:\/\/media.riograndezac.gob.mx\/riograndezac.gob.mx\/archivos\/transparencia\/fraccion4\/2015\/1er_trimestre\/Nomina_funcionarios_1er_trimestre_2015.pdf\" target=\"_blank\">Nomina Funcionarios 1er trimestre 2015<\/a><\/li>\n<li><a href=\"http:\/\/media.riograndezac.gob.mx\/riograndezac.gob.mx\/archivos\/transparencia\/fraccion4\/2015\/2do_trimestre\/Nomina_funcionarios_2do_trimestre_2015.pdf\" target=\"_blank\">Nomina Funcionarios 2\u00b0 trimestre 2015<\/a><\/li>\n<li><a href=\"http:\/\/media.riograndezac.gob.mx\/riograndezac.gob.mx\/archivos\/transparencia\/fraccion4\/2015\/3er_trimestre\/Nomina_funcionarios_3er_trimestre_2015.pdf\" target=\"_blank\">Nomina Funcionarios 3er trimestre 2015<\/a><\/li>\n<li><a href=\"http:\/\/media.riograndezac.gob.mx\/riograndezac.gob.mx\/archivos\/transparencia\/fraccion4\/2015\/4to_trimestre\/Nomina_funcionarios_4to_trimestre_20152.pdf\" target=\"_blank\">Nomina Funcionarios 4to trimestre 2015<\/a><\/li>\n<\/ul>\n<\/td>\n<td>\n<ul>\n<li>Recursos Humanos<\/li>\n<\/ul>\n<\/td>\n<\/tr>\n<tr>\n<td>\n<ul>\n<li><a href=\"http:\/\/media.riograndezac.gob.mx\/riograndezac.gob.mx\/archivos\/transparencia\/fraccion4\/2015\/1er_trimestre\/Nomina_puestos_1er_trimestre_2015.pdf\" target=\"_blank\">Nomina por puesto 1er trimestre 2015<\/a><\/li>\n<li><a href=\"http:\/\/media.riograndezac.gob.mx\/riograndezac.gob.mx\/archivos\/transparencia\/fraccion4\/2015\/2do_trimestre\/Nomina_puestos_2do_trimestre_2015.pdf\" target=\"_blank\">Nomina por puesto 2\u00b0 trimestre 2015<\/a><\/li>\n<li><a href=\"http:\/\/media.riograndezac.gob.mx\/riograndezac.gob.mx\/archivos\/transparencia\/fraccion4\/2015\/3er_trimestre\/Nomina_3er_trim_2015.pdf\" target=\"_blank\">Nomina por puesto 3er trimestre 2015<\/a><\/li>\n<li><a href=\"http:\/\/media.riograndezac.gob.mx\/riograndezac.gob.mx\/archivos\/transparencia\/fraccion4\/2015\/4to_trimestre\/Nomina_4to_trim_2015.pdf\" target=\"_blank\">Nomina por puesto 4to trimestre 2015<\/a><\/li>\n<\/ul>\n<\/td>\n<td>\n<ul>\n<li>Recursos Humanos<\/li>\n<\/ul>\n<\/td>\n<\/tr>\n<\/tbody>\n<\/table>\n<\/div>\n<p style=\"text-align: left;\" align=\"left\"><strong>Los Vi\u00e1ticos de Viajes<\/strong><\/p>\n<div align=\"left\">\n<table border=\"0\" width=\"631\">\n<tbody>\n<tr>\n<td width=\"415\">\n<div align=\"center\"><strong>Concepto<\/strong><\/div>\n<\/td>\n<td width=\"206\">\n<div align=\"center\"><strong>Departamento que genera la informaci\u00f3n<\/strong><\/div>\n<\/td>\n<\/tr>\n<tr>\n<td>\n<ul>\n<li>\n<div align=\"left\"><a href=\"http:\/\/media.riograndezac.gob.mx\/riograndezac.gob.mx\/archivos\/transparencia\/fraccion4\/2015\/1er_trimestre\/Art.%2011%20fraccion%20IV%20-%20Viaticos%20-%20Estado%20del%20Ejercico%20del%20Presupuesto.pdf\" target=\"_blank\">Vi\u00e1ticos 1er trimestre 2015<\/a><\/div>\n<\/li>\n<li><a href=\"http:\/\/media.riograndezac.gob.mx\/riograndezac.gob.mx\/archivos\/transparencia\/fraccion4\/2015\/2do_trimestre\/Art.%2011%20Fracci\u00f3n%20IV%20-%20Vi\u00e1ticos%20-%20Estado%20del%20ejercicio%20del%20presupuesto.pdf\" target=\"_blank\">Vi\u00e1ticos 2\u00b0 trimestre 2015<\/a><\/li>\n<li><a href=\"http:\/\/media.riograndezac.gob.mx\/riograndezac.gob.mx\/archivos\/transparencia\/fraccion4\/2015\/3er_trimestre\/Art.%2011%20Fracci\u00f3n%20IV%20-%20viaticos%20-%20Estado%20del%20ejercicio%20del%20presupuesto%20de%20egreesos.pdf\" target=\"_blank\">Vi\u00e1ticos 3er trimestre 2015<\/a><\/li>\n<li><a href=\"http:\/\/media.riograndezac.gob.mx\/riograndezac.gob.mx\/archivos\/transparencia\/justi4to2015\/Justificacion_4to_trim_2015.pdf\" target=\"_blank\">Vi\u00e1ticos 4to trimestre 2015<\/a><\/li>\n<\/ul>\n<\/td>\n<td>\n<ul>\n<li>Tesorer\u00eda<\/li>\n<\/ul>\n<\/td>\n<\/tr>\n<\/tbody>\n<\/table>\n<\/div>\n<p style=\"text-align: left;\" align=\"left\"><strong>Gastos de Representaci\u00f3n<\/strong><\/p>\n<div align=\"left\">\n<table border=\"0\" width=\"631\">\n<tbody>\n<tr>\n<td width=\"415\">\n<div align=\"center\"><strong>Concepto<\/strong><\/div>\n<\/td>\n<td width=\"206\">\n<div align=\"center\"><strong>Departamento que genera la informaci\u00f3n<\/strong><\/div>\n<\/td>\n<\/tr>\n<tr>\n<td>\n<ul>\n<li>\n<div align=\"left\"><a href=\"http:\/\/media.riograndezac.gob.mx\/riograndezac.gob.mx\/archivos\/transparencia\/fraccion4\/2015\/1er_trimestre\/Art.%2011%20fraccion%20IV%20-%20Gastos%20Indirectos%20-%20Estado%20del%20ejercicio%20del%20presupuesto.pdf\" target=\"_blank\">Gastos de representaci\u00f3n 1er trimestre 2015<\/a><\/div>\n<\/li>\n<li><a href=\"http:\/\/media.riograndezac.gob.mx\/riograndezac.gob.mx\/archivos\/transparencia\/fraccion4\/2015\/2do_trimestre\/Art.%2011%20Fracci\u00f3n%20IV%20-%20Gastos%20indirectos%20-%20Estado%20del%20Ejercicio%20del%20Presupuesto%20de%20egresos.pdf\" target=\"_blank\">Gastos de representaci\u00f3n 2\u00b0 trimestre 2015<\/a><\/li>\n<li><a href=\"http:\/\/media.riograndezac.gob.mx\/riograndezac.gob.mx\/archivos\/transparencia\/fraccion4\/2015\/3er_trimestre\/Art.%2011%20Fracci\u00f3n%20IV%20-%20Gastos%20indirectos%20-%20Estado%20del%20ejercicio%20del%20presupuesto%20de%20egresos.pdf\" target=\"_blank\">Gastos de representaci\u00f3n 3er trimestre 2015<\/a><\/li>\n<li><a href=\"http:\/\/media.riograndezac.gob.mx\/riograndezac.gob.mx\/archivos\/transparencia\/justi4to2015\/Justificacion_4to_trim_2015.pdf\" target=\"_blank\">Gastos de representaci\u00f3n 4to trimestre 2015<\/a><\/li>\n<\/ul>\n<\/td>\n<td>\n<ul>\n<li>Tesorer\u00eda<\/li>\n<\/ul>\n<\/td>\n<\/tr>\n<\/tbody>\n<\/table>\n<\/div>\n<\/div>\n<p>&nbsp;<\/p>\n<p>&nbsp;<\/p>\n<hr \/>\n<div style=\"text-align: right;\">\n<p style=\"text-align: center;\"><strong>Informaci\u00f3n 2014<\/strong><\/p>\n<p style=\"text-align: left;\"><strong>Directorio de Directores P\u00fablicos<\/strong><\/p>\n<\/div>\n<div style=\"text-align: left;\">\n<ul>\n<li><a href=\"http:\/\/media.riograndezac.gob.mx\/riograndezac.gob.mx\/archivos\/transparencia\/fraccion4\/2014\/Directorio_de_funcionarios_2014.pdf\" target=\"_blank\">Directorio de Servidores P\u00fablicos<\/a><\/li>\n<\/ul>\n<\/div>\n<p><strong>Listado de Remuneraciones de los Servidores P\u00fablicos<\/strong><\/p>\n<div style=\"text-align: left;\">\n<ul>\n<li><a href=\"http:\/\/media.riograndezac.gob.mx\/riograndezac.gob.mx\/archivos\/transparencia\/fraccion4\/Sueldos_Funcionarios_2014.pdf\" target=\"_blank\">Tabulador de Salarios 07\/02\/2014<\/a><\/li>\n<li><a href=\"http:\/\/media.riograndezac.gob.mx\/riograndezac.gob.mx\/archivos\/transparencia\/fraccion4\/2014\/4to_trimestre\/Nomina_4to_trim_2014.pdf\" target=\"_blank\">Nomina 2014<\/a><\/li>\n<\/ul>\n<\/div>\n<p><strong>Listado de Vi\u00e1ticos<\/strong><\/p>\n<ul>\n<li><a href=\"http:\/\/media.riograndezac.gob.mx\/riograndezac.gob.mx\/archivos\/transparencia\/fraccion4\/2014\/Viaticos_2013.pdf\" target=\"_blank\">Vi\u00e1ticos\u00a002\/01\/2013 &#8211;\u00a031\/12\/2013<\/a><\/li>\n<li><a href=\"http:\/\/media.riograndezac.gob.mx\/riograndezac.gob.mx\/archivos\/transparencia\/fraccion4\/2014\/1er_trimestre\/Estado_de_Ejercicio_del_Presupuesto_Ene-Mzo.pdf\" target=\"_blank\">Vi\u00e1ticos 1er trimestre 2014<\/a><\/li>\n<li><a href=\"http:\/\/media.riograndezac.gob.mx\/riograndezac.gob.mx\/archivos\/transparencia\/fraccion4\/2014\/2o_trimestre\/Estado_de_Ejercicio_del_Presupuesto_Abr-Jun.pdf\" target=\"_blank\">Vi\u00e1ticos 2\u00b0 trimestre 2014<\/a><\/li>\n<li><a href=\"http:\/\/media.riograndezac.gob.mx\/riograndezac.gob.mx\/archivos\/transparencia\/fraccion4\/2014\/3er_trimestre\/Estado_de_Ejercicio_del_Presupuesto_Jul-Ago.pdf\" target=\"_blank\">Vi\u00e1ticos 3er trimestre 2014<\/a><\/li>\n<li><a href=\"http:\/\/media.riograndezac.gob.mx\/riograndezac.gob.mx\/archivos\/transparencia\/fraccion4\/2014\/4to_trimestre\/Articulo%2011%20fraccion%20IV%20Viaticos%20Estado%20del%20Ejercicio%20del%20Presupuesto.pdf\" target=\"_blank\">Vi\u00e1ticos 4\u00b0 trimestre 2014<\/a><\/li>\n<\/ul>\n<p><strong>Listado de viajes, gatos de representaci\u00f3n<\/strong><\/p>\n<ul>\n<li><a href=\"http:\/\/media.riograndezac.gob.mx\/riograndezac.gob.mx\/archivos\/transparencia\/fraccion4\/2014\/1er_trimestre\/Estado_de_Ejercicio_del_Presupuesto_Ene-Mzo.pdf\" target=\"_blank\">Listado de viajes, gastos de representaci\u00f3n 1er trimestre<\/a><\/li>\n<li><a href=\"http:\/\/media.riograndezac.gob.mx\/riograndezac.gob.mx\/archivos\/transparencia\/fraccion4\/2014\/2o_trimestre\/Estado_de_Ejercicio_del_Presupuesto_Abr-Jun.pdf\" target=\"_blank\">Listado de viajes, gastos de representaci\u00f3n 2\u00b0 trimestre 2014<\/a><\/li>\n<li><a href=\"http:\/\/media.riograndezac.gob.mx\/riograndezac.gob.mx\/archivos\/transparencia\/fraccion4\/2014\/3er_trimestre\/Estado_de_Ejercicio_del_Presupuesto_Jul-Ago.pdf\" target=\"_blank\">Listado de viajes, gastos de representaci\u00f3n 3er trimestre 2014<\/a><\/li>\n<li><a href=\"http:\/\/media.riograndezac.gob.mx\/riograndezac.gob.mx\/archivos\/transparencia\/fraccion4\/2014\/4to_trimestre\/Articulo%2011%20fraccion%20IV%20Analitico%20de%20Ingresos.pdf\" target=\"_blank\">Listado de viajes 4\u00b0 trimestre 2014<\/a><\/li>\n<li><a href=\"http:\/\/media.riograndezac.gob.mx\/riograndezac.gob.mx\/archivos\/transparencia\/fraccion4\/2014\/4to_trimestre\/Articulo%2011%20fraccion%20IV%20Gastos%20Indirectos%20Estado%20de%20Ejercicio%20del%20Presupuesto.pdf\" target=\"_blank\">Listado de gastos de representaci\u00f3n 4\u00b0 trimestre 2014<\/a><\/li>\n<\/ul>\n<p>_________________________________________ \u00a0 \u00a0 ENLACES ANTERIORES \u00a0 \u00a0 _____________________________________<\/p>\n<div style=\"text-align: left;\">\n<ul>\n<li><a href=\"http:\/\/media.riograndezac.gob.mx\/riograndezac.gob.mx\/archivos\/transparencia\/fraccion4\/viaticos.pdf\" target=\"_blank\">Vi\u00e1ticos<\/a><\/li>\n<li><a href=\"http:\/\/media.riograndezac.gob.mx\/riograndezac.gob.mx\/archivos\/transparencia\/fraccion4\/viaticos_1jul-30sep2012.pdf\" target=\"_blank\">Vi\u00e1ticos 1ro jul &#8211; 30 sep 2012<\/a><\/li>\n<\/ul>\n<\/div>\n","protected":false},"excerpt":{"rendered":"<p>El directorio de servidores p\u00fablicos con referencia a su nombramiento oficial y la clave presupuestaria que le corresponda en atenci\u00f3n al tabulador que publiquen los presupuestos de egresos de cada a\u00f1o. Los vi\u00e1ticos, viajes, gastos de representaci\u00f3n, as\u00ed como cualquier remuneraci\u00f3n que reciban los servidores en ejercicio de sus funciones; no debi\u00e9ndose apelar, en este caso, al derecho de protecci\u00f3n de datos personales. Informaci\u00f3n actualizada al 1er trimestre 2016 El Directorio de Servidores P\u00fablicos Concepto Departamento que genera la informaci\u00f3n Directorio de Servidores P\u00fablicos Cada uno de los departamentos Remuneraciones&hellip;<\/p>\n","protected":false},"author":1,"featured_media":0,"parent":7,"menu_order":0,"comment_status":"open","ping_status":"open","template":"","meta":{"_monsterinsights_skip_tracking":false,"_monsterinsights_sitenote_active":false,"_monsterinsights_sitenote_note":"","_monsterinsights_sitenote_category":0,"footnotes":""},"class_list":["post-21","page","type-page","status-publish","hentry"],"_links":{"self":[{"href":"https:\/\/riograndezac.gob.mx\/informatica\/index.php?rest_route=\/wp\/v2\/pages\/21","targetHints":{"allow":["GET"]}}],"collection":[{"href":"https:\/\/riograndezac.gob.mx\/informatica\/index.php?rest_route=\/wp\/v2\/pages"}],"about":[{"href":"https:\/\/riograndezac.gob.mx\/informatica\/index.php?rest_route=\/wp\/v2\/types\/page"}],"author":[{"embeddable":true,"href":"https:\/\/riograndezac.gob.mx\/informatica\/index.php?rest_route=\/wp\/v2\/users\/1"}],"replies":[{"embeddable":true,"href":"https:\/\/riograndezac.gob.mx\/informatica\/index.php?rest_route=%2Fwp%2Fv2%2Fcomments&post=21"}],"version-history":[{"count":24,"href":"https:\/\/riograndezac.gob.mx\/informatica\/index.php?rest_route=\/wp\/v2\/pages\/21\/revisions"}],"predecessor-version":[{"id":3400,"href":"https:\/\/riograndezac.gob.mx\/informatica\/index.php?rest_route=\/wp\/v2\/pages\/21\/revisions\/3400"}],"up":[{"embeddable":true,"href":"https:\/\/riograndezac.gob.mx\/informatica\/index.php?rest_route=\/wp\/v2\/pages\/7"}],"wp:attachment":[{"href":"https:\/\/riograndezac.gob.mx\/informatica\/index.php?rest_route=%2Fwp%2Fv2%2Fmedia&parent=21"}],"curies":[{"name":"wp","href":"https:\/\/api.w.org\/{rel}","templated":true}]}}