{"id":24,"date":"2016-04-12T14:00:04","date_gmt":"2016-04-12T19:00:04","guid":{"rendered":"http:\/\/riograndezac.gob.mx\/informatica\/?page_id=24"},"modified":"2016-05-03T17:51:25","modified_gmt":"2016-05-03T22:51:25","slug":"v-la-agenda-publica-de-actividades-de-los-titulares-de-los-sujetos-obligados","status":"publish","type":"page","link":"https:\/\/riograndezac.gob.mx\/informatica\/?page_id=24","title":{"rendered":"V. La agenda p\u00fablica de actividades de los titulares de los sujetos obligados"},"content":{"rendered":"<p style=\"text-align: justify;\"><strong>La agenda p\u00fablica de actividades de los titulares de los sujetos obligados, reuniones p\u00fablicas de los diversos consejos, gabinetes, cabildos, sesiones plenarias y sesiones de trabajo a las que \u00e9stos convoquen.<\/strong><\/p>\n<p style=\"text-align: right;\">Informaci\u00f3n actualizada al 1er trimestre 2016<\/p>\n<p style=\"text-align: left;\"><strong>Agenda P\u00fablica del Presidente Municipal de R\u00edo Grande<\/strong><\/p>\n<blockquote>\n<p style=\"text-align: left;\"><strong>Nota: <\/strong>Esta informaci\u00f3n es proporcionada por Recepci\u00f3n.<\/p>\n<\/blockquote>\n<ul>\n<li style=\"text-align: left;\"><a href=\"http:\/\/media.riograndezac.gob.mx\/riograndezac.gob.mx\/archivos\/transparencia\/fraccionV\/2016\/1er_trimestre\/Agenda_Presidente_enero_2016.pdf\" target=\"_blank\">Mes de enero 2016<\/a><\/li>\n<li style=\"text-align: left;\"><a href=\"http:\/\/media.riograndezac.gob.mx\/riograndezac.gob.mx\/archivos\/transparencia\/fraccionV\/2016\/1er_trimestre\/Agenda_Presidente_febrero_2016.pdf\" target=\"_blank\">Mes de febrero 2016<\/a><\/li>\n<li style=\"text-align: left;\"><a href=\"http:\/\/media.riograndezac.gob.mx\/riograndezac.gob.mx\/archivos\/transparencia\/fraccionV\/2016\/1er_trimestre\/Agenda_Presidente_marzo_2016.pdf\" target=\"_blank\">Mes de marzo 2016<\/a><\/li>\n<\/ul>\n<p>&nbsp;<\/p>\n<hr \/>\n<p style=\"text-align: center;\"><strong>Informaci\u00f3n 2015<\/strong><\/p>\n<p style=\"text-align: left;\"><strong>Agenda P\u00fablica del Presidente Municipal de R\u00edo Grande<\/strong><\/p>\n<blockquote>\n<p style=\"text-align: left;\"><strong>Nota: <\/strong>Esta informaci\u00f3n es proporcionada por Recepci\u00f3n.<\/p>\n<\/blockquote>\n<ul>\n<li style=\"text-align: left;\"><a href=\"http:\/\/media.riograndezac.gob.mx\/riograndezac.gob.mx\/archivos\/transparencia\/fraccionV\/2015\/1er_trimestre\/Agenda_Enero_2015.pdf\" target=\"_blank\">Mes de enero 2015<\/a><\/li>\n<li style=\"text-align: left;\"><a href=\"http:\/\/media.riograndezac.gob.mx\/riograndezac.gob.mx\/archivos\/transparencia\/fraccionV\/2015\/1er_trimestre\/Agenda_Febrero_2015.pdf\" target=\"_blank\">Mes de febrero 2015<\/a><\/li>\n<li style=\"text-align: left;\"><a href=\"http:\/\/media.riograndezac.gob.mx\/riograndezac.gob.mx\/archivos\/transparencia\/fraccionV\/2015\/1er_trimestre\/Agenda_Marzo_2015.pdf\" target=\"_blank\">Mes de\u00a0marzo 2015<\/a><\/li>\n<li style=\"text-align: left;\"><a href=\"http:\/\/media.riograndezac.gob.mx\/riograndezac.gob.mx\/archivos\/transparencia\/fraccionV\/2015\/2do_trimestre\/Agenda_Abril_2015.pdf\" target=\"_blank\">Mes de abril 2015<\/a><\/li>\n<li style=\"text-align: left;\"><a href=\"http:\/\/media.riograndezac.gob.mx\/riograndezac.gob.mx\/archivos\/transparencia\/fraccionV\/2015\/2do_trimestre\/Agenda_Mayo_2015.pdf\" target=\"_blank\">Mes de mayo 2015<\/a><\/li>\n<li style=\"text-align: left;\"><a href=\"http:\/\/media.riograndezac.gob.mx\/riograndezac.gob.mx\/archivos\/transparencia\/fraccionV\/2015\/2do_trimestre\/Agenda_junio_2015.pdf\" target=\"_blank\">Mes de junio 2015<\/a><\/li>\n<li style=\"text-align: left;\"><a href=\"http:\/\/media.riograndezac.gob.mx\/riograndezac.gob.mx\/archivos\/transparencia\/fraccionV\/2015\/3er_trimestre\/Agenda_Julio_2015.pdf\" target=\"_blank\">Mes de julio 2015<\/a><\/li>\n<li style=\"text-align: left;\"><a href=\"http:\/\/media.riograndezac.gob.mx\/riograndezac.gob.mx\/archivos\/transparencia\/fraccionV\/2015\/3er_trimestre\/Agenda_Agosto_2015.pdf\" target=\"_blank\">Mes de agosto 2015<\/a><\/li>\n<li style=\"text-align: left;\"><a href=\"http:\/\/media.riograndezac.gob.mx\/riograndezac.gob.mx\/archivos\/transparencia\/fraccionV\/2015\/3er_trimestre\/Agenda_Septiembre_2015.pdf\" target=\"_blank\">Mes de septiembre 2015<\/a><\/li>\n<li style=\"text-align: left;\"><a href=\"http:\/\/media.riograndezac.gob.mx\/riograndezac.gob.mx\/archivos\/transparencia\/fraccionV\/2015\/4to_trimestre\/Agenda_Octubre_2015.pdf\" target=\"_blank\">Mes de octubre 2015<\/a><\/li>\n<li style=\"text-align: left;\"><a href=\"http:\/\/media.riograndezac.gob.mx\/riograndezac.gob.mx\/archivos\/transparencia\/fraccionV\/2015\/4to_trimestre\/Agenda_Noviembre_2015.pdf\" target=\"_blank\">Mes de noviembre 2015<\/a><\/li>\n<li style=\"text-align: left;\"><a href=\"http:\/\/media.riograndezac.gob.mx\/riograndezac.gob.mx\/archivos\/transparencia\/fraccionV\/2015\/4to_trimestre\/Agenda_Diciembre_2015.pdf\" target=\"_blank\">Mes de diciembre 2015<\/a><\/li>\n<\/ul>\n<hr \/>\n<p style=\"text-align: center;\"><strong>Informaci\u00f3n 2014<\/strong><\/p>\n<p style=\"text-align: left;\"><strong>Agenda P\u00fablica del Presidente Municiapal de R\u00edo Grande<\/strong><\/p>\n<ul>\n<li style=\"text-align: left;\"><a href=\"http:\/\/media.riograndezac.gob.mx\/riograndezac.gob.mx\/archivos\/transparencia\/fraccionV\/AgendaPresienero2014.pdf\" target=\"_blank\">Mes de enero 2014<\/a><\/li>\n<li style=\"text-align: left;\"><a href=\"http:\/\/media.riograndezac.gob.mx\/riograndezac.gob.mx\/archivos\/transparencia\/fraccionV\/AgendaPresifebrero2014.pdf\" target=\"_blank\">Mes de febrero 2014<\/a><\/li>\n<li style=\"text-align: left;\"><a href=\"http:\/\/media.riograndezac.gob.mx\/riograndezac.gob.mx\/archivos\/transparencia\/fraccionV\/AgendaPresimarzo2014.pdf\" target=\"_blank\">Mes de\u00a0marzo 2014<\/a><\/li>\n<li style=\"text-align: left;\"><a href=\"http:\/\/media.riograndezac.gob.mx\/riograndezac.gob.mx\/archivos\/transparencia\/fraccionV\/Agenda_Presidente_abril_2014.pdf\" target=\"_blank\">Mes de abril 2014<\/a><\/li>\n<li><a href=\"http:\/\/media.riograndezac.gob.mx\/riograndezac.gob.mx\/archivos\/transparencia\/fraccionV\/Agenda_Presidente_mayo_2014.pdf\" target=\"_blank\">Mes de mayo 2014<\/a><\/li>\n<li><a href=\"http:\/\/media.riograndezac.gob.mx\/riograndezac.gob.mx\/archivos\/transparencia\/fraccionV\/Agenda_Presidente_junio_2014.pdf\" target=\"_blank\">Mes de junio 2014<\/a><\/li>\n<li><a href=\"http:\/\/media.riograndezac.gob.mx\/riograndezac.gob.mx\/archivos\/transparencia\/fraccionV\/Agenda_Presidente_julio_2014.pdf\" target=\"_blank\">Mes de julio 2014<\/a><\/li>\n<li><a href=\"http:\/\/media.riograndezac.gob.mx\/riograndezac.gob.mx\/archivos\/transparencia\/fraccionV\/Agenda_Presidente_agosto_2014.pdf\" target=\"_blank\">Mes de agosto 2014<\/a><\/li>\n<li><a href=\"http:\/\/media.riograndezac.gob.mx\/riograndezac.gob.mx\/archivos\/transparencia\/fraccionV\/Agenda_Presidente_septiembre_2014.pdf\" target=\"_blank\">Mes de septiembre 2014<\/a><\/li>\n<li><a href=\"http:\/\/media.riograndezac.gob.mx\/riograndezac.gob.mx\/archivos\/transparencia\/fraccionV\/Agenda_Presidente_octubre_2014.pdf\" target=\"_blank\">Mes de octubre 2014<\/a><\/li>\n<li><a href=\"http:\/\/media.riograndezac.gob.mx\/riograndezac.gob.mx\/archivos\/transparencia\/fraccionV\/Agenda_Presidente_noviembre_2014.pdf\" target=\"_blank\">Mes de noviembre 2014<\/a><\/li>\n<li><a href=\"http:\/\/media.riograndezac.gob.mx\/riograndezac.gob.mx\/archivos\/transparencia\/fraccionV\/Agenda_Presidente_diciembre_2014.pdf\" target=\"_blank\">Mes de diciembre 2014<\/a><\/li>\n<\/ul>\n","protected":false},"excerpt":{"rendered":"<p>La agenda p\u00fablica de actividades de los titulares de los sujetos obligados, reuniones p\u00fablicas de los diversos consejos, gabinetes, cabildos, sesiones plenarias y sesiones de trabajo a las que \u00e9stos convoquen. Informaci\u00f3n actualizada al 1er trimestre 2016 Agenda P\u00fablica del Presidente Municipal de R\u00edo Grande Nota: Esta informaci\u00f3n es proporcionada por Recepci\u00f3n. Mes de enero 2016 Mes de febrero 2016 Mes de marzo 2016 &nbsp; Informaci\u00f3n 2015 Agenda P\u00fablica del Presidente Municipal de R\u00edo Grande Nota: Esta informaci\u00f3n es proporcionada por Recepci\u00f3n. Mes de enero 2015 Mes de febrero 2015&hellip;<\/p>\n","protected":false},"author":1,"featured_media":0,"parent":7,"menu_order":0,"comment_status":"open","ping_status":"open","template":"","meta":{"_monsterinsights_skip_tracking":false,"_monsterinsights_sitenote_active":false,"_monsterinsights_sitenote_note":"","_monsterinsights_sitenote_category":0,"footnotes":""},"class_list":["post-24","page","type-page","status-publish","hentry"],"_links":{"self":[{"href":"https:\/\/riograndezac.gob.mx\/informatica\/index.php?rest_route=\/wp\/v2\/pages\/24","targetHints":{"allow":["GET"]}}],"collection":[{"href":"https:\/\/riograndezac.gob.mx\/informatica\/index.php?rest_route=\/wp\/v2\/pages"}],"about":[{"href":"https:\/\/riograndezac.gob.mx\/informatica\/index.php?rest_route=\/wp\/v2\/types\/page"}],"author":[{"embeddable":true,"href":"https:\/\/riograndezac.gob.mx\/informatica\/index.php?rest_route=\/wp\/v2\/users\/1"}],"replies":[{"embeddable":true,"href":"https:\/\/riograndezac.gob.mx\/informatica\/index.php?rest_route=%2Fwp%2Fv2%2Fcomments&post=24"}],"version-history":[{"count":11,"href":"https:\/\/riograndezac.gob.mx\/informatica\/index.php?rest_route=\/wp\/v2\/pages\/24\/revisions"}],"predecessor-version":[{"id":3383,"href":"https:\/\/riograndezac.gob.mx\/informatica\/index.php?rest_route=\/wp\/v2\/pages\/24\/revisions\/3383"}],"up":[{"embeddable":true,"href":"https:\/\/riograndezac.gob.mx\/informatica\/index.php?rest_route=\/wp\/v2\/pages\/7"}],"wp:attachment":[{"href":"https:\/\/riograndezac.gob.mx\/informatica\/index.php?rest_route=%2Fwp%2Fv2%2Fmedia&parent=24"}],"curies":[{"name":"wp","href":"https:\/\/api.w.org\/{rel}","templated":true}]}}