{"id":31,"date":"2016-04-08T19:23:15","date_gmt":"2016-04-09T00:23:15","guid":{"rendered":"http:\/\/riograndezac.gob.mx\/informatica\/?page_id=31"},"modified":"2016-06-20T11:34:52","modified_gmt":"2016-06-20T16:34:52","slug":"vi-la-informacion-acerca-de-los-sistemas-electronicos","status":"publish","type":"page","link":"https:\/\/riograndezac.gob.mx\/informatica\/?page_id=31","title":{"rendered":"VI. La informaci\u00f3n acerca de los sistemas electr\u00f3nicos"},"content":{"rendered":"<div id=\"_mcePaste\" style=\"text-align: justify;\"><strong>La informaci\u00f3n acerca de los sistemas electr\u00f3nicos, procesos, oficinas, ubicaci\u00f3n, tel\u00e9fonos,\u00a0horario de atenci\u00f3n, p\u00e1gina electr\u00f3nica, cuotas y responsables de atender las solicitudes de acceso\u00a0a la informaci\u00f3n.<\/strong><\/div>\n<div><\/div>\n<div><\/div>\n<div>\n<p style=\"text-align: right;\">Informaci\u00f3n actualizada al 1er trimestre 2016<\/p>\n<\/div>\n<div style=\"text-align: center;\">\n<p>&nbsp;<\/p>\n<p><strong>L.I. Omar Flores Mu\u00f1oz<\/strong><\/p>\n<p style=\"text-align: center;\"><strong>Unidad de Enlace de la Transparencia<\/strong><\/p>\n<p style=\"text-align: center;\"><strong>Correo Electr\u00f3nico: transparencia@riograndezac.gob.mx<\/strong><\/p>\n<p style=\"text-align: center;\"><strong>Constituci\u00f3n # 36, C. P. 98420<\/strong><\/p>\n<p style=\"text-align: center;\"><span style=\"font-style: italic; font-weight: bold;\">Horario de atenci\u00f3n al p\u00fablico: de 8:30 a 15:30 hrs. de Lunes a Viernes<\/span><\/p>\n<p style=\"text-align: center;\"><span style=\"font-weight: bold;\">tel: 498 98 2 20 44 Ext. 21<\/span><\/p>\n<hr \/>\n<p>&nbsp;<\/p>\n<\/div>\n<div style=\"text-align: center;\"><strong><strong><em>Para realizar solicitudes de informaci\u00f3n v\u00eda Internet:<\/em><\/strong><\/strong><strong> SISTEMA INFORM\u00c1TICO INFOMEX<\/strong><\/div>\n<div style=\"text-align: center;\"><strong><br \/>\n<\/strong><\/div>\n<div style=\"text-align: center;\">\n<h3 style=\"text-align: center;\"><a style=\"color: #666666;\" href=\"http:\/\/infomex.zacatecas.gob.mx\/InfomexZacatecas\" target=\"_blank\">http:\/\/infomex.zacatecas.gob.mx\/InfomexZacatecas<\/a><\/h3>\n<\/div>\n<p>&nbsp;<\/p>\n<hr \/>\n<p>&nbsp;<\/p>\n<p><strong>Proceso para recibir y dar respuesta a solicitudes de informaci\u00f3n.<\/strong><\/p>\n<p>&nbsp;<\/p>\n<p>Existen dos formas de realizarlo:<\/p>\n<ol>\n<li>Por v\u00eda Sistema INFOMEX:<\/li>\n<\/ol>\n<p>Esto es registr\u00e1ndose la p\u00e1gina <a href=\"http:\/\/infomex.zacatecas.gob.mx\/Infomex\/\">http:\/\/infomex.zacatecas.gob.mx\/Infomex\/<\/a> en la cual pueden realizar su\u00a0solicitud en l\u00ednea.<\/p>\n<p>&nbsp;<\/p>\n<ol start=\"2\">\n<li>De manera Presencial:<\/li>\n<\/ol>\n<p>Esto es acudiendo a la Presidencia Municipal al departamento de Transparencia y solicitar un formato para hacer una solicitud de informaci\u00f3n, o bien descarg\u00e1ndole de este <a href=\"http:\/\/media.riograndezac.gob.mx\/riograndezac.gob.mx\/archivos\/transparencia\/fraccion_2\/formatos\/solicitud.docx\">link<\/a><\/p>\n<p>&nbsp;<\/p>\n<p>El cual tambi\u00e9n se encueta en la p\u00e1gina del Municipio en la secci\u00f3n de transparencia\/Art\u00edculo 11\/ Fracci\u00f3n II<\/p>\n<p>Despu\u00e9s de haber recibido la solicitud por cualquiera de estos dos medios se analiza para checar que no sea una solicitud ambigua, en caso de ser as\u00ed se le hace saber al solicitante, en caso contrario se le hace llegar al o los departamentos que pueden dar respuesta a la solicitud.<\/p>\n<p>El Municipio cuenta con 10 d\u00edas h\u00e1biles para dar respuesta al solicitante por el medio que se haya solicitado.<\/p>\n<p>&nbsp;<\/p>\n<hr \/>\n<p>&nbsp;<\/p>\n<div style=\"text-align: center;\">\n<p style=\"text-align: center;\"><span style=\"font-weight: bold;\">Costo por Reproducci\u00f3n<\/span><\/p>\n<p>Los costos de material por la reproducci\u00f3n de informaci\u00f3n se establecen con\u00a0fundamento en el Art\u00edculo 82 de La Ley de Acceso a la Informaci\u00f3n P\u00fablica del Estado de\u00a0Zacatecas que textualmente dice:<\/p>\n<p style=\"margin: 10px 0px 15px; padding: 0px; color: #646464; font-family: Arial, Helvetica, sans-serif; font-size: 12px; font-weight: normal; line-height: 18px; text-align: justify;\">&#8230;- El sujeto obligado podr\u00e1 efectuar el cobro de derechos por la reproducci\u00f3n de informaci\u00f3n p\u00fablica, cuyas cuotas determinen las correspondientes leyes tributarias.<\/p>\n<p style=\"margin: 10px 0px 15px; padding: 0px; color: #646464; font-family: Arial, Helvetica, sans-serif; font-size: 12px; font-weight: normal; line-height: 18px; text-align: justify;\">Los costos por obtener informaci\u00f3n p\u00fablica deber\u00e1n ser a precio comercial promedio del lugar de residencia del sujeto obligado, los cuales no podr\u00e1n ser superiores a la suma de:<\/p>\n<ul style=\"margin: 10px 0px; padding: 0px 0px 0px 30px; color: #646464; font-family: Arial, Helvetica, sans-serif; font-size: 12px; font-weight: normal; line-height: 18px; text-align: start;\">\n<li style=\"margin: 0px; padding: 0px; text-align: justify;\">El costo de los materiales utilizados en la reproducci\u00f3n de la informaci\u00f3n;<\/li>\n<li style=\"margin: 0px; padding: 0px; text-align: justify;\">y\u00a0El costo de env\u00edo<\/li>\n<\/ul>\n<p style=\"margin: 10px 0px 15px; padding: 0px; color: #646464; font-family: Arial, Helvetica, sans-serif; font-size: 12px; font-weight: normal; line-height: 18px; text-align: justify;\">&#8230;- El sujeto obligado podr\u00e1 efectuar el cobro de derechos por la reproducci\u00f3n de informaci\u00f3n p\u00fablica, cuyas cuotas determinen las correspondientes leyes tributarias.<\/p>\n<p style=\"margin: 10px 0px 15px; padding: 0px; color: #646464; font-family: Arial, Helvetica, sans-serif; font-size: 12px; font-weight: normal; line-height: 18px; text-align: justify;\">Las copias certificadas tendr\u00e1n el costo que se determine conforme a la legislaci\u00f3n aplicable.<\/p>\n<h4 style=\"margin: 15px 0px 10px; padding: 0px; font-weight: normal; font-size: 16px; line-height: 16px; font-family: Arial, Helvetica, sans-serif; color: #323232; text-align: justify;\">As\u00ed mismo la Ley de Hacienda del Estado de Zacatecas para tal efecto establece:<\/h4>\n<p style=\"margin: 10px 0px 15px; padding: 0px; color: #646464; font-family: Arial, Helvetica, sans-serif; font-size: 12px; font-weight: normal; line-height: 18px; text-align: justify;\">ART\u00cdCULO 69 bis.-Los servicios que prestan las dependencias de la Administraci\u00f3n P\u00fablica\u00a0Centralizada a que se refiere el art\u00edculo 10 de la Ley Org\u00e1nica de la Administraci\u00f3n P\u00fablica del\u00a0Estado de Zacatecas, por los documentos f\u00edsicos o que en medios magn\u00e9ticos le sean solicitados\u00a0en materia del derecho a la informaci\u00f3n p\u00fablica, se cobrar\u00e1n conforme a lo siguiente:<\/p>\n<table style=\"color: #646464; font-family: Arial, Helvetica, sans-serif; font-size: 12px; line-height: 18px; text-align: start;\" border=\"0\">\n<tbody>\n<tr>\n<td style=\"margin: 0px; padding: 1px;\">\n<h4 style=\"margin: 15px 0px 10px; padding: 0px; font-weight: normal; font-size: 16px; line-height: 16px; color: #323232;\">Descripci\u00f3n<\/h4>\n<\/td>\n<td style=\"margin: 0px; padding: 1px; text-align: center;\">\n<h4 style=\"margin: 15px 0px 10px; padding: 0px; font-weight: normal; font-size: 16px; line-height: 16px; color: #323232;\">Costo<\/h4>\n<\/td>\n<\/tr>\n<tr>\n<td style=\"margin: 0px; padding: 1px;\">\n<p style=\"margin: 10px 0px 15px; padding: 0px;\">I) Por la expedici\u00f3n de copia simple por hoja<\/p>\n<\/td>\n<td style=\"margin: 0px; padding: 1px; text-align: center;\">\n<p style=\"margin: 10px 0px 15px; padding: 0px;\">$1.00<\/p>\n<\/td>\n<\/tr>\n<tr>\n<td style=\"margin: 0px; padding: 1px;\">\n<p style=\"margin: 10px 0px 15px; padding: 0px;\">II) Por expedici\u00f3n de copia certificada por hoja<\/p>\n<\/td>\n<td style=\"margin: 0px; padding: 1px; text-align: center;\">\n<p style=\"margin: 10px 0px 15px; padding: 0px;\">$10.00<\/p>\n<\/td>\n<\/tr>\n<tr>\n<td style=\"margin: 0px; padding: 1px;\">\n<p style=\"margin: 10px 0px 15px; padding: 0px;\">III) Por la expedici\u00f3n de copia a color por hoja<\/p>\n<\/td>\n<td style=\"margin: 0px; padding: 1px; text-align: center;\">\n<p style=\"margin: 10px 0px 15px; padding: 0px;\">$15.00<\/p>\n<\/td>\n<\/tr>\n<tr>\n<td style=\"margin: 0px; padding: 1px;\">\n<p style=\"margin: 10px 0px 15px; padding: 0px;\">IV) Por cada disco flexible de 3.5 pulgadas que contenga la \u00a0Informaci\u00f3n\u00a0requerida<\/p>\n<\/td>\n<td style=\"margin: 0px; padding: 1px; text-align: center;\">\n<p style=\"margin: 10px 0px 15px; padding: 0px;\">$10.00<\/p>\n<\/td>\n<\/tr>\n<tr>\n<td style=\"margin: 0px; padding: 1px;\">\n<p style=\"margin: 10px 0px 15px; padding: 0px;\">V) Por cada disco compacto que contenga la informaci\u00f3n requerida<\/p>\n<\/td>\n<td style=\"margin: 0px; padding: 1px; text-align: center;\">\n<p style=\"margin: 10px 0px 15px; padding: 0px;\">$15.00<\/p>\n<\/td>\n<\/tr>\n<tr>\n<td style=\"margin: 0px; padding: 1px;\">\n<p style=\"margin: 10px 0px 15px; padding: 0px;\">VI) Por expedici\u00f3n de copia simple de planos por metro cuadrado de\u00a0papel<\/p>\n<\/td>\n<td style=\"margin: 0px; padding: 1px; text-align: center;\">\n<p style=\"margin: 10px 0px 15px; padding: 0px;\">$60.00<\/p>\n<\/td>\n<\/tr>\n<tr>\n<td style=\"margin: 0px; padding: 1px;\">\n<p style=\"margin: 10px 0px 15px; padding: 0px;\">VII) Por expedici\u00f3n de copia certificada de planos por metro cuadrado\u00a0de papel<\/p>\n<\/td>\n<td style=\"margin: 0px; padding: 1px; text-align: center;\">\n<p style=\"margin: 10px 0px 15px; padding: 0px;\">$80.00<\/p>\n<\/td>\n<\/tr>\n<tr>\n<td style=\"margin: 0px; padding: 1px;\">\n<p style=\"margin: 10px 0px 15px; padding: 0px;\">Remisi\u00f3n de informaci\u00f3n solicitada, s\u00f3lo en aquellos casos en que se\u00a0requiera que el env\u00edo de la informaci\u00f3n se realice por servicio de\u00a0paqueter\u00eda<\/p>\n<\/td>\n<td style=\"margin: 0px; padding: 1px; text-align: center;\">\n<p style=\"margin: 10px 0px 15px; padding: 0px;\">Servicio Postal Mexicano:<br \/>\n1 cuota<br \/>\nServicio Postal de\u00a0empresas privadas: 3\u00a0cuotas<\/p>\n<\/td>\n<\/tr>\n<tr>\n<td style=\"margin: 0px; padding: 1px;\" colspan=\"2\">\n<p style=\"margin: 10px 0px 15px; padding: 0px; text-align: justify;\">Las mismas cuotas y tarifas ser\u00e1n aplicables por la expedici\u00f3n de los documentos f\u00edsicos o\u00a0que el medio magn\u00e9tico u \u00f3ptico realicen los poderes legislativo y judicial y que les sea solicitados\u00a0en materia de acceso a la informaci\u00f3n p\u00fablica. Lo anterior sin perjuicio de las exenciones o no\u00a0causaci\u00f3n de derechos por estos conceptos previstas en otras leyes<\/p>\n<p style=\"margin: 10px 0px 15px; padding: 0px; text-align: justify;\">(Reformado P.O.G. n\u00famero 105, de fecha 31 de diciembre de 2005; Decreto n\u00famero 226.)<\/p>\n<\/td>\n<\/tr>\n<\/tbody>\n<\/table>\n<\/div>\n","protected":false},"excerpt":{"rendered":"<p>La informaci\u00f3n acerca de los sistemas electr\u00f3nicos, procesos, oficinas, ubicaci\u00f3n, tel\u00e9fonos,\u00a0horario de atenci\u00f3n, p\u00e1gina electr\u00f3nica, cuotas y responsables de atender las solicitudes de acceso\u00a0a la informaci\u00f3n. Informaci\u00f3n actualizada al 1er trimestre 2016 &nbsp; L.I. Omar Flores Mu\u00f1oz Unidad de Enlace de la Transparencia Correo Electr\u00f3nico: transparencia@riograndezac.gob.mx Constituci\u00f3n # 36, C. P. 98420 Horario de atenci\u00f3n al p\u00fablico: de 8:30 a 15:30 hrs. de Lunes a Viernes tel: 498 98 2 20 44 Ext. 21 &nbsp; Para realizar solicitudes de informaci\u00f3n v\u00eda Internet: SISTEMA INFORM\u00c1TICO INFOMEX http:\/\/infomex.zacatecas.gob.mx\/InfomexZacatecas &nbsp; &nbsp; Proceso para&hellip;<\/p>\n","protected":false},"author":1,"featured_media":0,"parent":7,"menu_order":0,"comment_status":"open","ping_status":"open","template":"","meta":{"_monsterinsights_skip_tracking":false,"_monsterinsights_sitenote_active":false,"_monsterinsights_sitenote_note":"","_monsterinsights_sitenote_category":0,"footnotes":""},"class_list":["post-31","page","type-page","status-publish","hentry"],"_links":{"self":[{"href":"https:\/\/riograndezac.gob.mx\/informatica\/index.php?rest_route=\/wp\/v2\/pages\/31","targetHints":{"allow":["GET"]}}],"collection":[{"href":"https:\/\/riograndezac.gob.mx\/informatica\/index.php?rest_route=\/wp\/v2\/pages"}],"about":[{"href":"https:\/\/riograndezac.gob.mx\/informatica\/index.php?rest_route=\/wp\/v2\/types\/page"}],"author":[{"embeddable":true,"href":"https:\/\/riograndezac.gob.mx\/informatica\/index.php?rest_route=\/wp\/v2\/users\/1"}],"replies":[{"embeddable":true,"href":"https:\/\/riograndezac.gob.mx\/informatica\/index.php?rest_route=%2Fwp%2Fv2%2Fcomments&post=31"}],"version-history":[{"count":9,"href":"https:\/\/riograndezac.gob.mx\/informatica\/index.php?rest_route=\/wp\/v2\/pages\/31\/revisions"}],"predecessor-version":[{"id":3402,"href":"https:\/\/riograndezac.gob.mx\/informatica\/index.php?rest_route=\/wp\/v2\/pages\/31\/revisions\/3402"}],"up":[{"embeddable":true,"href":"https:\/\/riograndezac.gob.mx\/informatica\/index.php?rest_route=\/wp\/v2\/pages\/7"}],"wp:attachment":[{"href":"https:\/\/riograndezac.gob.mx\/informatica\/index.php?rest_route=%2Fwp%2Fv2%2Fmedia&parent=31"}],"curies":[{"name":"wp","href":"https:\/\/api.w.org\/{rel}","templated":true}]}}