{"id":34,"date":"2016-01-10T16:32:21","date_gmt":"2016-01-10T22:32:21","guid":{"rendered":"http:\/\/riograndezac.gob.mx\/informatica\/?page_id=34"},"modified":"2016-06-20T12:49:50","modified_gmt":"2016-06-20T17:49:50","slug":"vii-de-manera-general-las-solicitudes-de-acceso","status":"publish","type":"page","link":"https:\/\/riograndezac.gob.mx\/informatica\/?page_id=34","title":{"rendered":"VII. DE MANERA GENERAL LAS SOLICITUDES DE ACCESO A LA INFORMACI\u00d3N P\u00daBLICA RECIBIDAS"},"content":{"rendered":"<div id=\"_mcePaste\">De manera general las solicitudes de acceso a la informaci\u00f3n p\u00fablica recibidas y la fecha que corresponda a las respuestas emitidas por los servidores p\u00fablicos.<\/div>\n<div style=\"text-align: right;\">\n<p style=\"text-align: right;\">Informaci\u00f3n actualizada al 4\u00b0 trimestre 2015<\/p>\n<p style=\"text-align: left;\">SOLICITUDES DE INFORMACI\u00d3N DEL 2015<\/p>\n<ul>\n<li style=\"text-align: left;\"><a href=\"http:\/\/media.riograndezac.gob.mx\/riograndezac.gob.mx\/archivos\/transparencia\/fraccionVII\/2015\/01_Informe_Enero_2015_Rio_Grande2.pdf\" target=\"_blank\">Solicitudes de informaci\u00f3n INFOMEX enero 2015<\/a><\/li>\n<li style=\"text-align: left;\"><span style=\"text-align: left;\">Solicitudes de informaci\u00f3n INFOMEX febrero 2015<\/span> (No se tuvo solicitudes durante este mes)<\/li>\n<li style=\"text-align: left;\"><a href=\"http:\/\/media.riograndezac.gob.mx\/riograndezac.gob.mx\/archivos\/transparencia\/fraccionVII\/2015\/03_Informe_Marzo_2015_Rio_Grande2.pdf\" target=\"_blank\"><span style=\"text-align: left;\">Solicitudes de informaci\u00f3n INFOMEX marzo 2015<\/span><\/a><\/li>\n<li style=\"text-align: left;\">Solici<span style=\"text-align: left;\">tudes de informaci\u00f3n INFOMEX abril 2015<\/span> (No se tuvo solicitudes durante este mes)<\/li>\n<li style=\"text-align: left;\"><a href=\"http:\/\/media.riograndezac.gob.mx\/riograndezac.gob.mx\/archivos\/transparencia\/fraccionVII\/2015\/05_Informe_Mayo_2015_Rio_Grande.pdf\" target=\"_blank\">S<span style=\"text-align: left;\">olicitudes de informaci\u00f3n INFOMEX mayo 2015<\/span><\/a><\/li>\n<li style=\"text-align: left;\"><a href=\"http:\/\/media.riograndezac.gob.mx\/riograndezac.gob.mx\/archivos\/transparencia\/fraccionVII\/2015\/06_Informe_Junio_2015_Rio_Grande.pdf\" target=\"_blank\">S<span style=\"text-align: left;\">olicitudes de informaci\u00f3n INFOMEX junio 2015<\/span><\/a><\/li>\n<li style=\"text-align: left;\"><a href=\"http:\/\/media.riograndezac.gob.mx\/riograndezac.gob.mx\/archivos\/transparencia\/fraccionVII\/2015\/07_Informe_Julio_2015_Rio_Grande.pdf\" target=\"_blank\">Solicitudes de informaci\u00f3n INFOMEZ julio 2015<\/a><\/li>\n<li style=\"text-align: left;\"><a href=\"http:\/\/media.riograndezac.gob.mx\/riograndezac.gob.mx\/archivos\/transparencia\/fraccionVII\/2015\/08_Informe_Agosto_2015_Rio_Grande.pdf\" target=\"_blank\">Solicitudes de informaci\u00f3n INFOMEX agosto 2015<\/a><\/li>\n<li style=\"text-align: left;\"><a href=\"http:\/\/media.riograndezac.gob.mx\/riograndezac.gob.mx\/archivos\/transparencia\/fraccionVII\/2015\/09_Informe_Septiembre_2015_Rio_Grande.pdf\" target=\"_blank\">Solicitudes de informaci\u00f3n INFOMEX septiembre 2015<\/a><\/li>\n<li style=\"text-align: left;\"><a href=\"http:\/\/media.riograndezac.gob.mx\/riograndezac.gob.mx\/archivos\/transparencia\/fraccionVII\/2015\/10_Informe_Octubre_2015_Rio_Grande.pdf\" target=\"_blank\">Solicitudes de informaci\u00f3n INFOMEX octubre 2015<\/a><\/li>\n<li style=\"text-align: left;\"><a href=\"http:\/\/media.riograndezac.gob.mx\/riograndezac.gob.mx\/archivos\/transparencia\/fraccionVII\/2015\/11_Informe_Noviembre_2015_Rio_Grande.pdf\" target=\"_blank\">Solicitudes de informaci\u00f3n INFOMEX noviembre 2015<\/a><\/li>\n<li style=\"text-align: left;\">Solici<span style=\"text-align: left;\">tudes de informaci\u00f3n INFOMEX diciembre 2015<\/span> (No se tuvo solicitudes durante este mes)<\/li>\n<\/ul>\n<p>&nbsp;<\/p>\n<div style=\"text-align: left;\"><\/div>\n<div align=\"left\"><em>Nota: Solo se han tenido solicitudes via INFOMEX, ya que no se han hecho solicitudes de informaci\u00f3n prescenciales en esta oficina de Transparencia<\/em><\/div>\n<hr \/>\n<p style=\"text-align: center;\"><strong>Informaci\u00f3n 2014<\/strong><\/p>\n<p>&nbsp;<\/p>\n<\/div>\n<div style=\"text-align: right;\">\n<p style=\"text-align: left;\">SOLICITUDES DE INFORMACI\u00d3N DEL 2014<\/p>\n<\/div>\n<div style=\"text-align: left;\">\n<ul>\n<li><a class=\"aligncenter\" style=\"display: inline !important;\" href=\"http:\/\/media.riograndezac.gob.mx\/riograndezac.gob.mx\/archivos\/transparencia\/fraccionVII\/Informe_Enero_Rio_Grande_2014.pdf\" target=\"_blank\">Solicitudes de informaci\u00f3n INFOMEX enero 2014<\/a><\/li>\n<li><a href=\"http:\/\/media.riograndezac.gob.mx\/riograndezac.gob.mx\/archivos\/transparencia\/fraccionVII\/Informe_Febrero_2014.pdf\" target=\"_blank\">Solicitudes de informaci\u00f3n INFOMEX febrero 2014<\/a><\/li>\n<li><a href=\"http:\/\/media.riograndezac.gob.mx\/riograndezac.gob.mx\/archivos\/transparencia\/fraccionVII\/Informe_Marzo_Rio_Grande_2014.pdf\" target=\"_blank\">Solicitudes de informaci\u00f3n INFOMEX marzo 2014<\/a><\/li>\n<li><a href=\"http:\/\/media.riograndezac.gob.mx\/riograndezac.gob.mx\/archivos\/transparencia\/fraccionVII\/Informe_Abril_Rio%20Grande_2014.pdf\" target=\"_blank\">Solicitudes de informaci\u00f3n INFOMEX abril 2014<\/a><\/li>\n<li><a href=\"http:\/\/media.riograndezac.gob.mx\/riograndezac.gob.mx\/archivos\/transparencia\/fraccionVII\/Informe_Mayo_2014_Rio_Grande.pdf\" target=\"_blank\">Solicitudes de informaci\u00f3n INFOMEX mayo 2014<\/a><\/li>\n<li><a href=\"http:\/\/media.riograndezac.gob.mx\/riograndezac.gob.mx\/archivos\/transparencia\/fraccionVII\/Informe_Junio_2014_Rio_Grande.pdf\" target=\"_blank\">Solicitudes de informaci\u00f3n INFOMEX junio 2014<\/a><\/li>\n<li><a href=\"http:\/\/media.riograndezac.gob.mx\/riograndezac.gob.mx\/archivos\/transparencia\/fraccionVII\/07_Informe_Julio_2014_Rio_Grande.pdf\" target=\"_blank\">Solicitudes de informaci\u00f3n INFOMEX julio 2014<\/a><\/li>\n<li><a href=\"http:\/\/media.riograndezac.gob.mx\/riograndezac.gob.mx\/archivos\/transparencia\/fraccionVII\/08_Informe_Agosto_2014_Rio_Grande.pdf\" target=\"_blank\">Solicitudes de informaci\u00f3n INFOMEX agosto 2014<\/a><\/li>\n<li>Solicitudes de informaci\u00f3n INFOMEX septiembre 2014\u00a0(No se tuvo solicitudes durante este \u00a0mes)<\/li>\n<li><a href=\"http:\/\/media.riograndezac.gob.mx\/riograndezac.gob.mx\/archivos\/transparencia\/fraccionVII\/10_Informe_Octubre_2014_Rio_Grande.pdf\" target=\"_blank\">Solicitudes de informaci\u00f3n INFOMEX octubre 2014<\/a><\/li>\n<li><a href=\"http:\/\/media.riograndezac.gob.mx\/riograndezac.gob.mx\/archivos\/transparencia\/fraccionVII\/11_Informe_Noviembre_2014_Rio_Grande.pdf\" target=\"_blank\">Solicitudes de informaci\u00f3n INFOMEX noviembre 2014<\/a><\/li>\n<li><a href=\"http:\/\/media.riograndezac.gob.mx\/riograndezac.gob.mx\/archivos\/transparencia\/fraccionVII\/12_Informe_Dicieembre_2015_Rio_Grande.pdf\" target=\"_blank\">Solicitudes de informaci\u00f3n INFOMEX diciembre 2014<\/a><\/li>\n<\/ul>\n<\/div>\n","protected":false},"excerpt":{"rendered":"<p>De manera general las solicitudes de acceso a la informaci\u00f3n p\u00fablica recibidas y la fecha que corresponda a las respuestas emitidas por los servidores p\u00fablicos. Informaci\u00f3n actualizada al 4\u00b0 trimestre 2015 SOLICITUDES DE INFORMACI\u00d3N DEL 2015 Solicitudes de informaci\u00f3n INFOMEX enero 2015 Solicitudes de informaci\u00f3n INFOMEX febrero 2015 (No se tuvo solicitudes durante este mes) Solicitudes de informaci\u00f3n INFOMEX marzo 2015 Solicitudes de informaci\u00f3n INFOMEX abril 2015 (No se tuvo solicitudes durante este mes) Solicitudes de informaci\u00f3n INFOMEX mayo 2015 Solicitudes de informaci\u00f3n INFOMEX junio 2015 Solicitudes de informaci\u00f3n INFOMEZ&hellip;<\/p>\n","protected":false},"author":1,"featured_media":0,"parent":7,"menu_order":0,"comment_status":"open","ping_status":"open","template":"","meta":{"_monsterinsights_skip_tracking":false,"_monsterinsights_sitenote_active":false,"_monsterinsights_sitenote_note":"","_monsterinsights_sitenote_category":0,"footnotes":""},"class_list":["post-34","page","type-page","status-publish","hentry"],"_links":{"self":[{"href":"https:\/\/riograndezac.gob.mx\/informatica\/index.php?rest_route=\/wp\/v2\/pages\/34","targetHints":{"allow":["GET"]}}],"collection":[{"href":"https:\/\/riograndezac.gob.mx\/informatica\/index.php?rest_route=\/wp\/v2\/pages"}],"about":[{"href":"https:\/\/riograndezac.gob.mx\/informatica\/index.php?rest_route=\/wp\/v2\/types\/page"}],"author":[{"embeddable":true,"href":"https:\/\/riograndezac.gob.mx\/informatica\/index.php?rest_route=\/wp\/v2\/users\/1"}],"replies":[{"embeddable":true,"href":"https:\/\/riograndezac.gob.mx\/informatica\/index.php?rest_route=%2Fwp%2Fv2%2Fcomments&post=34"}],"version-history":[{"count":15,"href":"https:\/\/riograndezac.gob.mx\/informatica\/index.php?rest_route=\/wp\/v2\/pages\/34\/revisions"}],"predecessor-version":[{"id":3404,"href":"https:\/\/riograndezac.gob.mx\/informatica\/index.php?rest_route=\/wp\/v2\/pages\/34\/revisions\/3404"}],"up":[{"embeddable":true,"href":"https:\/\/riograndezac.gob.mx\/informatica\/index.php?rest_route=\/wp\/v2\/pages\/7"}],"wp:attachment":[{"href":"https:\/\/riograndezac.gob.mx\/informatica\/index.php?rest_route=%2Fwp%2Fv2%2Fmedia&parent=34"}],"curies":[{"name":"wp","href":"https:\/\/api.w.org\/{rel}","templated":true}]}}