{"id":3475,"date":"2016-09-22T10:04:35","date_gmt":"2016-09-22T15:04:35","guid":{"rendered":"http:\/\/riograndezac.gob.mx\/informatica\/?page_id=3475"},"modified":"2018-10-30T08:58:56","modified_gmt":"2018-10-30T14:58:56","slug":"h-ayuntamiento-2016-2018","status":"publish","type":"page","link":"https:\/\/riograndezac.gob.mx\/informatica\/?page_id=3475","title":{"rendered":"R. AYUNTAMIENTO 2018 -2021"},"content":{"rendered":"<h1 style=\"text-align: center;\"><img loading=\"lazy\" decoding=\"async\" class=\"aligncenter wp-image-6705\" src=\"https:\/\/riograndezac.gob.mx\/informatica\/wp-content\/uploads\/2018\/10\/gobierno.png\" alt=\"\" width=\"911\" height=\"197\" srcset=\"https:\/\/riograndezac.gob.mx\/informatica\/wp-content\/uploads\/2018\/10\/gobierno.png 1165w, https:\/\/riograndezac.gob.mx\/informatica\/wp-content\/uploads\/2018\/10\/gobierno-660x143.png 660w, https:\/\/riograndezac.gob.mx\/informatica\/wp-content\/uploads\/2018\/10\/gobierno-768x166.png 768w, https:\/\/riograndezac.gob.mx\/informatica\/wp-content\/uploads\/2018\/10\/gobierno-840x182.png 840w, https:\/\/riograndezac.gob.mx\/informatica\/wp-content\/uploads\/2018\/10\/gobierno-24x5.png 24w, https:\/\/riograndezac.gob.mx\/informatica\/wp-content\/uploads\/2018\/10\/gobierno-36x8.png 36w, https:\/\/riograndezac.gob.mx\/informatica\/wp-content\/uploads\/2018\/10\/gobierno-48x10.png 48w\" sizes=\"auto, (max-width: 911px) 100vw, 911px\" \/><\/h1>\n<h1 style=\"text-align: center;\"><strong>ING. JULIO C\u00c9SAR RAM\u00cdREZ L\u00d3PEZ<\/strong><\/h1>\n<h2 style=\"text-align: center;\"><em><strong>Presidente Municipal<\/strong><\/em><\/h2>\n<p style=\"text-align: center;\"><a href=\"https:\/\/riograndezac.gob.mx\/informatica\/wp-content\/uploads\/2016\/09\/presiente.png\"><img loading=\"lazy\" decoding=\"async\" class=\"aligncenter size-full wp-image-3476\" src=\"https:\/\/riograndezac.gob.mx\/informatica\/wp-content\/uploads\/2016\/09\/presiente.png\" alt=\"presiente\" width=\"500\" height=\"750\" srcset=\"https:\/\/riograndezac.gob.mx\/informatica\/wp-content\/uploads\/2016\/09\/presiente.png 500w, https:\/\/riograndezac.gob.mx\/informatica\/wp-content\/uploads\/2016\/09\/presiente-200x300.png 200w, https:\/\/riograndezac.gob.mx\/informatica\/wp-content\/uploads\/2016\/09\/presiente-16x24.png 16w, https:\/\/riograndezac.gob.mx\/informatica\/wp-content\/uploads\/2016\/09\/presiente-24x36.png 24w, https:\/\/riograndezac.gob.mx\/informatica\/wp-content\/uploads\/2016\/09\/presiente-32x48.png 32w\" sizes=\"auto, (max-width: 500px) 100vw, 500px\" \/><\/a><\/p>\n<h1 style=\"text-align: center;\"><strong>ING. SILVIA ORT\u00cdZ SILVA<\/strong><\/h1>\n<h2 style=\"text-align: center;\"><strong>SINDICA MUNICIPAL<\/strong><\/h2>\n<p style=\"text-align: center;\"><a href=\"https:\/\/riograndezac.gob.mx\/informatica\/wp-content\/uploads\/2016\/09\/SINDICA.png\"><img loading=\"lazy\" decoding=\"async\" class=\"aligncenter size-full wp-image-3482\" src=\"https:\/\/riograndezac.gob.mx\/informatica\/wp-content\/uploads\/2016\/09\/SINDICA.png\" alt=\"sindica\" width=\"500\" height=\"750\" srcset=\"https:\/\/riograndezac.gob.mx\/informatica\/wp-content\/uploads\/2016\/09\/SINDICA.png 500w, https:\/\/riograndezac.gob.mx\/informatica\/wp-content\/uploads\/2016\/09\/SINDICA-200x300.png 200w, https:\/\/riograndezac.gob.mx\/informatica\/wp-content\/uploads\/2016\/09\/SINDICA-16x24.png 16w, https:\/\/riograndezac.gob.mx\/informatica\/wp-content\/uploads\/2016\/09\/SINDICA-24x36.png 24w, https:\/\/riograndezac.gob.mx\/informatica\/wp-content\/uploads\/2016\/09\/SINDICA-32x48.png 32w\" sizes=\"auto, (max-width: 500px) 100vw, 500px\" \/><\/a><\/p>\n<h1 style=\"text-align: center;\"><strong>LIC. SERGIO GARC\u00cdA CASTA\u00d1EDA<\/strong><\/h1>\n<h2 style=\"text-align: center;\"><strong>SECRETARIO DEL R. AYUNTAMIENTO<\/strong><\/h2>\n<p style=\"text-align: center;\"><a href=\"https:\/\/riograndezac.gob.mx\/informatica\/wp-content\/uploads\/2016\/09\/sergio-garcia.png\"><img loading=\"lazy\" decoding=\"async\" class=\"aligncenter size-full wp-image-3505\" src=\"https:\/\/riograndezac.gob.mx\/informatica\/wp-content\/uploads\/2016\/09\/sergio-garcia.png\" alt=\"sergio-garcia\" width=\"500\" height=\"750\" srcset=\"https:\/\/riograndezac.gob.mx\/informatica\/wp-content\/uploads\/2016\/09\/sergio-garcia.png 500w, https:\/\/riograndezac.gob.mx\/informatica\/wp-content\/uploads\/2016\/09\/sergio-garcia-200x300.png 200w, https:\/\/riograndezac.gob.mx\/informatica\/wp-content\/uploads\/2016\/09\/sergio-garcia-16x24.png 16w, https:\/\/riograndezac.gob.mx\/informatica\/wp-content\/uploads\/2016\/09\/sergio-garcia-24x36.png 24w, https:\/\/riograndezac.gob.mx\/informatica\/wp-content\/uploads\/2016\/09\/sergio-garcia-32x48.png 32w\" sizes=\"auto, (max-width: 500px) 100vw, 500px\" \/><\/a><\/p>\n<p style=\"text-align: center;\"><img loading=\"lazy\" decoding=\"async\" class=\"aligncenter size-full wp-image-6699\" src=\"https:\/\/riograndezac.gob.mx\/informatica\/wp-content\/uploads\/2018\/10\/profr-jose-luis-1.png\" alt=\"\" width=\"618\" height=\"774\" srcset=\"https:\/\/riograndezac.gob.mx\/informatica\/wp-content\/uploads\/2018\/10\/profr-jose-luis-1.png 618w, https:\/\/riograndezac.gob.mx\/informatica\/wp-content\/uploads\/2018\/10\/profr-jose-luis-1-291x365.png 291w, https:\/\/riograndezac.gob.mx\/informatica\/wp-content\/uploads\/2018\/10\/profr-jose-luis-1-19x24.png 19w, https:\/\/riograndezac.gob.mx\/informatica\/wp-content\/uploads\/2018\/10\/profr-jose-luis-1-29x36.png 29w, https:\/\/riograndezac.gob.mx\/informatica\/wp-content\/uploads\/2018\/10\/profr-jose-luis-1-38x48.png 38w\" sizes=\"auto, (max-width: 618px) 100vw, 618px\" \/><\/p>\n<p style=\"text-align: center;\"><img loading=\"lazy\" decoding=\"async\" class=\"aligncenter size-full wp-image-6671\" src=\"https:\/\/riograndezac.gob.mx\/informatica\/wp-content\/uploads\/2018\/10\/Mara-1.png\" alt=\"\" width=\"618\" height=\"772\" srcset=\"https:\/\/riograndezac.gob.mx\/informatica\/wp-content\/uploads\/2018\/10\/Mara-1.png 618w, https:\/\/riograndezac.gob.mx\/informatica\/wp-content\/uploads\/2018\/10\/Mara-1-292x365.png 292w, https:\/\/riograndezac.gob.mx\/informatica\/wp-content\/uploads\/2018\/10\/Mara-1-19x24.png 19w, https:\/\/riograndezac.gob.mx\/informatica\/wp-content\/uploads\/2018\/10\/Mara-1-29x36.png 29w, https:\/\/riograndezac.gob.mx\/informatica\/wp-content\/uploads\/2018\/10\/Mara-1-38x48.png 38w\" sizes=\"auto, (max-width: 618px) 100vw, 618px\" \/><\/p>\n<p style=\"text-align: center;\"><img loading=\"lazy\" decoding=\"async\" class=\"aligncenter size-full wp-image-6676\" src=\"https:\/\/riograndezac.gob.mx\/informatica\/wp-content\/uploads\/2018\/10\/pedro-miguel.png\" alt=\"\" width=\"618\" height=\"773\" srcset=\"https:\/\/riograndezac.gob.mx\/informatica\/wp-content\/uploads\/2018\/10\/pedro-miguel.png 618w, https:\/\/riograndezac.gob.mx\/informatica\/wp-content\/uploads\/2018\/10\/pedro-miguel-292x365.png 292w, https:\/\/riograndezac.gob.mx\/informatica\/wp-content\/uploads\/2018\/10\/pedro-miguel-19x24.png 19w, https:\/\/riograndezac.gob.mx\/informatica\/wp-content\/uploads\/2018\/10\/pedro-miguel-29x36.png 29w, https:\/\/riograndezac.gob.mx\/informatica\/wp-content\/uploads\/2018\/10\/pedro-miguel-38x48.png 38w\" sizes=\"auto, (max-width: 618px) 100vw, 618px\" \/><\/p>\n<p style=\"text-align: center;\"><img loading=\"lazy\" decoding=\"async\" class=\"aligncenter size-full wp-image-6800\" src=\"https:\/\/riograndezac.gob.mx\/informatica\/wp-content\/uploads\/2018\/10\/yanet-gutierrez.png\" alt=\"\" width=\"618\" height=\"774\" srcset=\"https:\/\/riograndezac.gob.mx\/informatica\/wp-content\/uploads\/2018\/10\/yanet-gutierrez.png 618w, https:\/\/riograndezac.gob.mx\/informatica\/wp-content\/uploads\/2018\/10\/yanet-gutierrez-291x365.png 291w, https:\/\/riograndezac.gob.mx\/informatica\/wp-content\/uploads\/2018\/10\/yanet-gutierrez-19x24.png 19w, https:\/\/riograndezac.gob.mx\/informatica\/wp-content\/uploads\/2018\/10\/yanet-gutierrez-29x36.png 29w, https:\/\/riograndezac.gob.mx\/informatica\/wp-content\/uploads\/2018\/10\/yanet-gutierrez-38x48.png 38w\" sizes=\"auto, (max-width: 618px) 100vw, 618px\" \/><\/p>\n<p style=\"text-align: center;\"><img loading=\"lazy\" decoding=\"async\" class=\"aligncenter size-full wp-image-6678\" src=\"https:\/\/riograndezac.gob.mx\/informatica\/wp-content\/uploads\/2018\/10\/simon-montes.png\" alt=\"\" width=\"618\" height=\"773\" srcset=\"https:\/\/riograndezac.gob.mx\/informatica\/wp-content\/uploads\/2018\/10\/simon-montes.png 618w, https:\/\/riograndezac.gob.mx\/informatica\/wp-content\/uploads\/2018\/10\/simon-montes-292x365.png 292w, https:\/\/riograndezac.gob.mx\/informatica\/wp-content\/uploads\/2018\/10\/simon-montes-19x24.png 19w, https:\/\/riograndezac.gob.mx\/informatica\/wp-content\/uploads\/2018\/10\/simon-montes-29x36.png 29w, https:\/\/riograndezac.gob.mx\/informatica\/wp-content\/uploads\/2018\/10\/simon-montes-38x48.png 38w\" sizes=\"auto, (max-width: 618px) 100vw, 618px\" \/><\/p>\n<p style=\"text-align: center;\"><img loading=\"lazy\" decoding=\"async\" class=\"aligncenter size-full wp-image-6680\" src=\"https:\/\/riograndezac.gob.mx\/informatica\/wp-content\/uploads\/2018\/10\/nancy-jimena.png\" alt=\"\" width=\"618\" height=\"773\" srcset=\"https:\/\/riograndezac.gob.mx\/informatica\/wp-content\/uploads\/2018\/10\/nancy-jimena.png 618w, https:\/\/riograndezac.gob.mx\/informatica\/wp-content\/uploads\/2018\/10\/nancy-jimena-292x365.png 292w, https:\/\/riograndezac.gob.mx\/informatica\/wp-content\/uploads\/2018\/10\/nancy-jimena-19x24.png 19w, https:\/\/riograndezac.gob.mx\/informatica\/wp-content\/uploads\/2018\/10\/nancy-jimena-29x36.png 29w, https:\/\/riograndezac.gob.mx\/informatica\/wp-content\/uploads\/2018\/10\/nancy-jimena-38x48.png 38w\" sizes=\"auto, (max-width: 618px) 100vw, 618px\" \/><\/p>\n<p style=\"text-align: center;\"><img loading=\"lazy\" decoding=\"async\" class=\"aligncenter size-full wp-image-6682\" src=\"https:\/\/riograndezac.gob.mx\/informatica\/wp-content\/uploads\/2018\/10\/luis-angel.png\" alt=\"\" width=\"618\" height=\"773\" srcset=\"https:\/\/riograndezac.gob.mx\/informatica\/wp-content\/uploads\/2018\/10\/luis-angel.png 618w, https:\/\/riograndezac.gob.mx\/informatica\/wp-content\/uploads\/2018\/10\/luis-angel-292x365.png 292w, https:\/\/riograndezac.gob.mx\/informatica\/wp-content\/uploads\/2018\/10\/luis-angel-19x24.png 19w, https:\/\/riograndezac.gob.mx\/informatica\/wp-content\/uploads\/2018\/10\/luis-angel-29x36.png 29w, https:\/\/riograndezac.gob.mx\/informatica\/wp-content\/uploads\/2018\/10\/luis-angel-38x48.png 38w\" sizes=\"auto, (max-width: 618px) 100vw, 618px\" \/><\/p>\n<p style=\"text-align: center;\"><img loading=\"lazy\" decoding=\"async\" class=\"aligncenter size-full wp-image-6684\" src=\"https:\/\/riograndezac.gob.mx\/informatica\/wp-content\/uploads\/2018\/10\/francisca-roman.png\" alt=\"\" width=\"618\" height=\"773\" srcset=\"https:\/\/riograndezac.gob.mx\/informatica\/wp-content\/uploads\/2018\/10\/francisca-roman.png 618w, https:\/\/riograndezac.gob.mx\/informatica\/wp-content\/uploads\/2018\/10\/francisca-roman-292x365.png 292w, https:\/\/riograndezac.gob.mx\/informatica\/wp-content\/uploads\/2018\/10\/francisca-roman-19x24.png 19w, https:\/\/riograndezac.gob.mx\/informatica\/wp-content\/uploads\/2018\/10\/francisca-roman-29x36.png 29w, https:\/\/riograndezac.gob.mx\/informatica\/wp-content\/uploads\/2018\/10\/francisca-roman-38x48.png 38w\" sizes=\"auto, (max-width: 618px) 100vw, 618px\" \/><\/p>\n<p style=\"text-align: center;\"><img loading=\"lazy\" decoding=\"async\" class=\"aligncenter size-full wp-image-6686\" src=\"https:\/\/riograndezac.gob.mx\/informatica\/wp-content\/uploads\/2018\/10\/leonardo-froylan.png\" alt=\"\" width=\"618\" height=\"773\" srcset=\"https:\/\/riograndezac.gob.mx\/informatica\/wp-content\/uploads\/2018\/10\/leonardo-froylan.png 618w, https:\/\/riograndezac.gob.mx\/informatica\/wp-content\/uploads\/2018\/10\/leonardo-froylan-292x365.png 292w, https:\/\/riograndezac.gob.mx\/informatica\/wp-content\/uploads\/2018\/10\/leonardo-froylan-19x24.png 19w, https:\/\/riograndezac.gob.mx\/informatica\/wp-content\/uploads\/2018\/10\/leonardo-froylan-29x36.png 29w, https:\/\/riograndezac.gob.mx\/informatica\/wp-content\/uploads\/2018\/10\/leonardo-froylan-38x48.png 38w\" sizes=\"auto, (max-width: 618px) 100vw, 618px\" \/><\/p>\n<p style=\"text-align: center;\"><img loading=\"lazy\" decoding=\"async\" class=\"aligncenter size-full wp-image-6688\" src=\"https:\/\/riograndezac.gob.mx\/informatica\/wp-content\/uploads\/2018\/10\/zuleyka-catalina.png\" alt=\"\" width=\"618\" height=\"773\" srcset=\"https:\/\/riograndezac.gob.mx\/informatica\/wp-content\/uploads\/2018\/10\/zuleyka-catalina.png 618w, https:\/\/riograndezac.gob.mx\/informatica\/wp-content\/uploads\/2018\/10\/zuleyka-catalina-292x365.png 292w, https:\/\/riograndezac.gob.mx\/informatica\/wp-content\/uploads\/2018\/10\/zuleyka-catalina-19x24.png 19w, https:\/\/riograndezac.gob.mx\/informatica\/wp-content\/uploads\/2018\/10\/zuleyka-catalina-29x36.png 29w, https:\/\/riograndezac.gob.mx\/informatica\/wp-content\/uploads\/2018\/10\/zuleyka-catalina-38x48.png 38w\" sizes=\"auto, (max-width: 618px) 100vw, 618px\" \/><\/p>\n<p style=\"text-align: center;\"><img loading=\"lazy\" decoding=\"async\" class=\"aligncenter size-full wp-image-6689\" src=\"https:\/\/riograndezac.gob.mx\/informatica\/wp-content\/uploads\/2018\/10\/miguel-lopez.png\" alt=\"\" width=\"618\" height=\"773\" srcset=\"https:\/\/riograndezac.gob.mx\/informatica\/wp-content\/uploads\/2018\/10\/miguel-lopez.png 618w, https:\/\/riograndezac.gob.mx\/informatica\/wp-content\/uploads\/2018\/10\/miguel-lopez-292x365.png 292w, https:\/\/riograndezac.gob.mx\/informatica\/wp-content\/uploads\/2018\/10\/miguel-lopez-19x24.png 19w, https:\/\/riograndezac.gob.mx\/informatica\/wp-content\/uploads\/2018\/10\/miguel-lopez-29x36.png 29w, https:\/\/riograndezac.gob.mx\/informatica\/wp-content\/uploads\/2018\/10\/miguel-lopez-38x48.png 38w\" sizes=\"auto, (max-width: 618px) 100vw, 618px\" \/><\/p>\n<p style=\"text-align: center;\"><img loading=\"lazy\" decoding=\"async\" class=\"aligncenter size-full wp-image-6691\" src=\"https:\/\/riograndezac.gob.mx\/informatica\/wp-content\/uploads\/2018\/10\/marciana-diaz.png\" alt=\"\" width=\"618\" height=\"773\" srcset=\"https:\/\/riograndezac.gob.mx\/informatica\/wp-content\/uploads\/2018\/10\/marciana-diaz.png 618w, https:\/\/riograndezac.gob.mx\/informatica\/wp-content\/uploads\/2018\/10\/marciana-diaz-292x365.png 292w, https:\/\/riograndezac.gob.mx\/informatica\/wp-content\/uploads\/2018\/10\/marciana-diaz-19x24.png 19w, https:\/\/riograndezac.gob.mx\/informatica\/wp-content\/uploads\/2018\/10\/marciana-diaz-29x36.png 29w, https:\/\/riograndezac.gob.mx\/informatica\/wp-content\/uploads\/2018\/10\/marciana-diaz-38x48.png 38w\" sizes=\"auto, (max-width: 618px) 100vw, 618px\" \/><\/p>\n<p style=\"text-align: center;\"><img loading=\"lazy\" decoding=\"async\" class=\"aligncenter size-full wp-image-6693\" src=\"https:\/\/riograndezac.gob.mx\/informatica\/wp-content\/uploads\/2018\/10\/gumaro-elias.png\" alt=\"\" width=\"618\" height=\"774\" srcset=\"https:\/\/riograndezac.gob.mx\/informatica\/wp-content\/uploads\/2018\/10\/gumaro-elias.png 618w, https:\/\/riograndezac.gob.mx\/informatica\/wp-content\/uploads\/2018\/10\/gumaro-elias-291x365.png 291w, https:\/\/riograndezac.gob.mx\/informatica\/wp-content\/uploads\/2018\/10\/gumaro-elias-19x24.png 19w, https:\/\/riograndezac.gob.mx\/informatica\/wp-content\/uploads\/2018\/10\/gumaro-elias-29x36.png 29w, https:\/\/riograndezac.gob.mx\/informatica\/wp-content\/uploads\/2018\/10\/gumaro-elias-38x48.png 38w\" sizes=\"auto, (max-width: 618px) 100vw, 618px\" \/><\/p>\n<p style=\"text-align: center;\"><img loading=\"lazy\" decoding=\"async\" class=\"aligncenter size-full wp-image-6694\" src=\"https:\/\/riograndezac.gob.mx\/informatica\/wp-content\/uploads\/2018\/10\/veronica-gamez.png\" alt=\"\" width=\"618\" height=\"774\" srcset=\"https:\/\/riograndezac.gob.mx\/informatica\/wp-content\/uploads\/2018\/10\/veronica-gamez.png 618w, https:\/\/riograndezac.gob.mx\/informatica\/wp-content\/uploads\/2018\/10\/veronica-gamez-291x365.png 291w, https:\/\/riograndezac.gob.mx\/informatica\/wp-content\/uploads\/2018\/10\/veronica-gamez-19x24.png 19w, https:\/\/riograndezac.gob.mx\/informatica\/wp-content\/uploads\/2018\/10\/veronica-gamez-29x36.png 29w, https:\/\/riograndezac.gob.mx\/informatica\/wp-content\/uploads\/2018\/10\/veronica-gamez-38x48.png 38w\" sizes=\"auto, (max-width: 618px) 100vw, 618px\" \/><\/p>\n<p>&nbsp;<\/p>\n","protected":false},"excerpt":{"rendered":"<p>ING. JULIO C\u00c9SAR RAM\u00cdREZ L\u00d3PEZ Presidente Municipal ING. SILVIA ORT\u00cdZ SILVA SINDICA MUNICIPAL LIC. SERGIO GARC\u00cdA CASTA\u00d1EDA SECRETARIO DEL R. AYUNTAMIENTO &nbsp;<\/p>\n","protected":false},"author":1,"featured_media":0,"parent":0,"menu_order":0,"comment_status":"closed","ping_status":"closed","template":"","meta":{"_monsterinsights_skip_tracking":false,"_monsterinsights_sitenote_active":false,"_monsterinsights_sitenote_note":"","_monsterinsights_sitenote_category":0,"footnotes":""},"class_list":["post-3475","page","type-page","status-publish","hentry"],"_links":{"self":[{"href":"https:\/\/riograndezac.gob.mx\/informatica\/index.php?rest_route=\/wp\/v2\/pages\/3475","targetHints":{"allow":["GET"]}}],"collection":[{"href":"https:\/\/riograndezac.gob.mx\/informatica\/index.php?rest_route=\/wp\/v2\/pages"}],"about":[{"href":"https:\/\/riograndezac.gob.mx\/informatica\/index.php?rest_route=\/wp\/v2\/types\/page"}],"author":[{"embeddable":true,"href":"https:\/\/riograndezac.gob.mx\/informatica\/index.php?rest_route=\/wp\/v2\/users\/1"}],"replies":[{"embeddable":true,"href":"https:\/\/riograndezac.gob.mx\/informatica\/index.php?rest_route=%2Fwp%2Fv2%2Fcomments&post=3475"}],"version-history":[{"count":44,"href":"https:\/\/riograndezac.gob.mx\/informatica\/index.php?rest_route=\/wp\/v2\/pages\/3475\/revisions"}],"predecessor-version":[{"id":6801,"href":"https:\/\/riograndezac.gob.mx\/informatica\/index.php?rest_route=\/wp\/v2\/pages\/3475\/revisions\/6801"}],"wp:attachment":[{"href":"https:\/\/riograndezac.gob.mx\/informatica\/index.php?rest_route=%2Fwp%2Fv2%2Fmedia&parent=3475"}],"curies":[{"name":"wp","href":"https:\/\/api.w.org\/{rel}","templated":true}]}}