{"id":3549,"date":"2016-09-29T10:57:03","date_gmt":"2016-09-29T15:57:03","guid":{"rendered":"http:\/\/riograndezac.gob.mx\/informatica\/?page_id=3549"},"modified":"2019-08-27T12:15:49","modified_gmt":"2019-08-27T17:15:49","slug":"comisiones-h-ayuntamiento-2016-2018","status":"publish","type":"page","link":"https:\/\/riograndezac.gob.mx\/informatica\/?page_id=3549","title":{"rendered":"Comisiones R. Ayuntamiento 2018 &#8211; 2021"},"content":{"rendered":"<p><a href=\"https:\/\/riograndezac.gob.mx\/informatica\/wp-content\/uploads\/2016\/09\/logo2small.jpg\"><img loading=\"lazy\" decoding=\"async\" class=\"aligncenter size-full wp-image-6489\" src=\"https:\/\/riograndezac.gob.mx\/informatica\/wp-content\/uploads\/2018\/09\/header-pagok.png\" alt=\"\" width=\"903\" height=\"164\" srcset=\"https:\/\/riograndezac.gob.mx\/informatica\/wp-content\/uploads\/2018\/09\/header-pagok.png 903w, https:\/\/riograndezac.gob.mx\/informatica\/wp-content\/uploads\/2018\/09\/header-pagok-660x120.png 660w, https:\/\/riograndezac.gob.mx\/informatica\/wp-content\/uploads\/2018\/09\/header-pagok-768x139.png 768w, https:\/\/riograndezac.gob.mx\/informatica\/wp-content\/uploads\/2018\/09\/header-pagok-840x153.png 840w, https:\/\/riograndezac.gob.mx\/informatica\/wp-content\/uploads\/2018\/09\/header-pagok-24x4.png 24w, https:\/\/riograndezac.gob.mx\/informatica\/wp-content\/uploads\/2018\/09\/header-pagok-36x7.png 36w, https:\/\/riograndezac.gob.mx\/informatica\/wp-content\/uploads\/2018\/09\/header-pagok-48x9.png 48w\" sizes=\"auto, (max-width: 903px) 100vw, 903px\" \/><\/a><\/p>\n<h1 style=\"text-align: center;\"><strong>DESIGNACI\u00d3N DE COMISIONES<\/strong><\/h1>\n<p style=\"text-align: center;\"><strong>AYUNTAMIENTO 2018 &#8211; 2021<\/strong><\/p>\n<h2><strong>COMISI\u00d3N DE GOBIERNO Y SEGURIDAD P\u00daBLICA<\/strong><\/h2>\n<p>Presidente: ING. JULIO C\u00c9SAR RAM\u00cdREZ L\u00d3PEZ<\/p>\n<p><strong>Presidente Municipal<\/strong><\/p>\n<ol>\n<li>LICENCIADA EN DERECHO YANETT GUTI\u00c9RREZ LUNA<\/li>\n<li>ARQUITECTO SIM\u00d3N MONTES GONZ\u00c1LEZ<\/li>\n<li>MARCIANA D\u00cdAZ RAM\u00cdREZ<\/li>\n<li>PROFESOR MIGUEL L\u00d3PEZ CASTRUITA<\/li>\n<li>PSIC\u00d3LOGA VER\u00d3NICA G\u00c1MEZ C\u00c1RDENAS<\/li>\n<li>FRANCISCA ROM\u00c1N TORRES<\/li>\n<li>DOCTOR GUMARO EL\u00cdAS HERN\u00c1NDEZ Z\u00da\u00d1IGA<\/li>\n<\/ol>\n<h2><strong>COMISI\u00d3N DE HACIENDA Y VIGILANCIA<\/strong><\/h2>\n<p>Presidenta: ING. SILVIA ORT\u00cdZ SILVA<\/p>\n<p><strong>S\u00edndica Municipal<\/strong><\/p>\n<ol>\n<li>LICENCIADA EN INFORM\u00c1TICA MARA ESPARZA CASTILLO<\/li>\n<li>ARQUITECTO SIM\u00d3N MONTES GONZ\u00c1LEZ<\/li>\n<li>PROFESOR MIGUEL L\u00d3PEZ CASTRUITA<\/li>\n<li>PSIC\u00d3LOGA VER\u00d3NICA G\u00c1MEZ C\u00c1RDENAS<\/li>\n<li>MARCIANA D\u00cdAZ RAM\u00cdREZ<\/li>\n<li>FRANCISCA ROM\u00c1N TORRES<\/li>\n<li>LICENCIADA EN PSICOLOG\u00cdA SULEIKA SIOMAHARA CATALINA JASSO BERM\u00daDEZ<\/li>\n<li>LICENCIADA EN DERECHO YANETT GUTI\u00c9RREZ LUNA<\/li>\n<li>DOCTOR GUMARO EL\u00cdAS HERN\u00c1NDEZ Z\u00da\u00d1IGA<\/li>\n<\/ol>\n<h2><strong>COMISI\u00d3N DE OBRAS Y SERVICIOS P\u00daBLICOS <\/strong><\/h2>\n<p>Presidenta:\u00a0 LICENCIADA EN INFORM\u00c1TICA MARA ESPARZA CASTILLO<\/p>\n<ol>\n<li>LICENCIADA EN INFORM\u00c1TICA MARA ESPARZA CASTILLO<\/li>\n<li>ARQUITECTO SIM\u00d3N MONTES GONZ\u00c1LEZ<\/li>\n<li>LICENCIADA EN PSICOLOG\u00cdA SULEIKA SIOMAHARA CATALINA JASSO BERM\u00daDEZ<\/li>\n<li>DOCTOR GUMARO EL\u00cdAS HERN\u00c1NDEZ Z\u00da\u00d1IGA<\/li>\n<li>MARCIANA D\u00cdAZ RAM\u00cdREZ<\/li>\n<li>FRANCISCA ROM\u00c1N TORRES<\/li>\n<li>PROFESOR MIGUEL L\u00d3PEZ CASTRUITA<\/li>\n<li>LICENCIADA EN DERECHO YANETT GUTI\u00c9RREZ LUNA<\/li>\n<\/ol>\n<h2><strong>COMISI\u00d3N DE DESARROLLO ECON\u00d3MICO SOCIAL Y TURISMO<\/strong><\/h2>\n<p>Presidenta: MA. MARCIANA D\u00cdAZ RAM\u00cdREZ<\/p>\n<ol>\n<li>PROFESOR JOS\u00c9 LUIS DOM\u00cdNGUEZ MORENO<\/li>\n<li>NANCY JIMENA RAM\u00cdREZ DUARTE<\/li>\n<li>INGENIERO LEONARDO FROYLAN LEYVA CAMPOS<\/li>\n<li>PSIC\u00d3LOGA VER\u00d3NICA G\u00c1MEZ C\u00c1RDENAS<\/li>\n<li>MARCIANA D\u00cdAZ RAM\u00cdREZ<\/li>\n<li>FRANCISCA ROM\u00c1N TORRES<\/li>\n<li>PROFESOR MIGUEL L\u00d3PEZ CASTRUITA<\/li>\n<li>LICENCIADA EN PSICOLOG\u00cdA SULEIKA SIOMAHARA CATALINA JASSO BERM\u00daDEZ<\/li>\n<li>LICENCIADA EN INFORM\u00c1TICA MARA ESPARZA CASTILLO<\/li>\n<li>LICENCIADA EN DERECHO YANETT GUTI\u00c9RREZ LUNA<\/li>\n<\/ol>\n<h2><\/h2>\n<h2><strong>COMISI\u00d3N DE DERECHOS HUMANOS E IGUALDAD DE G\u00c9NERO<\/strong><\/h2>\n<p>Presidenta: PSIC\u00d3LOGA VER\u00d3NICA G\u00c1MEZ C\u00c1RDENAS<strong>\u00a0<\/strong><\/p>\n<ol>\n<li>LICENCIADA EN DERECHO YANETT GUTI\u00c9RREZ LUNA<\/li>\n<li>NANCY JIMENA RAM\u00cdREZ DUARTE<\/li>\n<li>LICENCIADA EN PSICOLOG\u00cdA SULEIKA SIOMAHARA CATALINA JASSO BERM\u00daDEZ<\/li>\n<li>PSIC\u00d3LOGA VER\u00d3NICA G\u00c1MEZ C\u00c1RDENAS<\/li>\n<li>MARCIANA D\u00cdAZ RAM\u00cdREZ<\/li>\n<li>FRANCISCA ROM\u00c1N TORRES<\/li>\n<\/ol>\n<h2><\/h2>\n<h2><strong>COMISI\u00d3N DE ALCOHOLES<\/strong><\/h2>\n<p>Presidente: DOCTOR GUMARO EL\u00cdAS HERN\u00c1NDEZ Z\u00da\u00d1IGA<\/p>\n<ol>\n<li>PROFESOR JOS\u00c9 LUIS DOM\u00cdNGUEZ MORENO<\/li>\n<li>INGENIERO LUIS ANGEL G\u00c1MEZ CUEVAS<\/li>\n<li>INGENIERO LEONARDO FROYLAN LEYVA CAMPOS<\/li>\n<li>DOCTOR GUMARO EL\u00cdAS HERN\u00c1NDEZ Z\u00da\u00d1IGA<\/li>\n<li>MARCIANA D\u00cdAZ RAM\u00cdREZ<\/li>\n<li>FRANCISCA ROM\u00c1N TORRES<\/li>\n<\/ol>\n<h2><\/h2>\n<h2><strong>COMISI\u00d3N DE DEPORTE Y RECREACI\u00d3N<\/strong><\/h2>\n<p>Presidente: INGENIERO LUIS ANGEL G\u00c1MEZ CUEVAS<\/p>\n<ol>\n<li>PEDRO MIGUEL CEDANO OVALLE<\/li>\n<li>INGENIERO LUIS ANGEL G\u00c1MEZ CUEVAS<\/li>\n<li>LICENCIADA EN PSICOLOG\u00cdA SULEIKA SIOMAHARA CATALINA JASSO BERM\u00daDEZ<\/li>\n<li>PSIC\u00d3LOGA VER\u00d3NICA G\u00c1MEZ C\u00c1RDENAS<\/li>\n<li>MARCIANA D\u00cdAZ RAM\u00cdREZ<\/li>\n<li>FRANCISCA ROM\u00c1N TORRES<\/li>\n<li>INGENIERO LEONARDO FROYLAN LEYVA CAMPOS<\/li>\n<\/ol>\n<h2><strong>COMISI\u00d3N DE COMERCIO Y MERCADOS <\/strong><\/h2>\n<p>Presidenta: LICENCIADA EN DERECHO YANETT GUTI\u00c9RREZ LUNA<strong>\u00a0<\/strong><\/p>\n<ol>\n<li>LICENCIADA EN DERECHO YANETT GUTI\u00c9RREZ LUNA<\/li>\n<li>ARQUITECTO SIM\u00d3N MONTES GONZ\u00c1LEZ<\/li>\n<li>PROFESOR MIGUEL L\u00d3PEZ CASTRUITA<\/li>\n<li>PSIC\u00d3LOGA VER\u00d3NICA G\u00c1MEZ C\u00c1RDENAS<\/li>\n<li>MARCIANA D\u00cdAZ RAM\u00cdREZ<\/li>\n<li>FRANCISCA ROM\u00c1N TORRES<\/li>\n<\/ol>\n<h2><strong>COMISI\u00d3N DE EDUCACI\u00d3N Y CULTURA <\/strong><\/h2>\n<p>Presidente: PROFESOR JOS\u00c9 LUIS DOM\u00cdNGUEZ MORENO<strong>\u00a0<\/strong><\/p>\n<ol>\n<li>PROFESOR JOS\u00c9 LUIS DOM\u00cdNGUEZ MORENO<\/li>\n<li>INGENIERO LUIS ANGEL G\u00c1MEZ CUEVAS<\/li>\n<li>INGENIERO LEONARDO FROYLAN LEYVA CAMPOS<\/li>\n<li>PSIC\u00d3LOGA VER\u00d3NICA G\u00c1MEZ C\u00c1RDENAS<\/li>\n<li>MARCIANA D\u00cdAZ RAM\u00cdREZ<\/li>\n<li>LICENCIADA EN EDUCACI\u00d3N NANCY JIMENA RAM\u00cdREZ DUARTE<\/li>\n<li>FRANCISCA ROM\u00c1N TORRES<\/li>\n<\/ol>\n<h2><strong>COMISI\u00d3N DE SALUD P\u00daBLICA <\/strong><\/h2>\n<p>Presidente: DOCTOR GUMARO EL\u00cdAS HERN\u00c1NDEZ Z\u00da\u00d1IGA<strong>\u00a0<\/strong><\/p>\n<ol>\n<li>PEDRO MIGUEL CEDANO OVALLE<\/li>\n<li>NANCY JIMENA RAM\u00cdREZ DUARTE<\/li>\n<li>LICENCIADA EN PSICOLOG\u00cdA SULEIKA SIOMAHARA CATALINA JASSO BERM\u00daDEZ<\/li>\n<li>DOCTOR GUMARO EL\u00cdAS HERN\u00c1NDEZ Z\u00da\u00d1IGA<\/li>\n<li>MARCIANA D\u00cdAZ RAM\u00cdREZ<\/li>\n<li>FRANCISCA ROM\u00c1N TORRES<\/li>\n<\/ol>\n<h2><strong>COMISI\u00d3N DE CONTRALOR\u00cdA PARTICIPACI\u00d3N CIUDADANA <\/strong><\/h2>\n<p>Presidente: PROFESOR MIGUEL L\u00d3PEZ CASTRUITA<\/p>\n<ol>\n<li>LICENCIADA EN DERECHO YANETT GUTI\u00c9RREZ LUNA<\/li>\n<li>NANCY JIMENA RAM\u00cdREZ DUARTE<\/li>\n<li>PROFESOR MIGUEL L\u00d3PEZ CASTRUITA<\/li>\n<li>DOCTOR GUMARO EL\u00cdAS HERN\u00c1NDEZ Z\u00da\u00d1IGA<\/li>\n<li>MARCIANA D\u00cdAZ RAM\u00cdREZ<\/li>\n<li>FRANCISCA ROM\u00c1N TORRES<\/li>\n<\/ol>\n<h2><strong>COMISI\u00d3N DE LA JUVENTUD<\/strong><\/h2>\n<p>Presidenta: PEDRO MIGUEL CEDANO OVALLE<\/p>\n<ol>\n<li>PEDRO MIGUEL CEDANO OVALLE<\/li>\n<li>INGENIERO LUIS ANGEL G\u00c1MEZ CUEVAS<\/li>\n<li>LICENCIADA EN PSICOLOG\u00cdA SULEIKA SIOMAHARA CATALINA JASSO BERM\u00daDEZ<\/li>\n<li>PSIC\u00d3LOGA VER\u00d3NICA G\u00c1MEZ C\u00c1RDENAS<\/li>\n<li>MARCIANA D\u00cdAZ RAM\u00cdREZ<\/li>\n<li>FRANCISCA ROM\u00c1N TORRES<strong>\u00a0<\/strong><\/li>\n<\/ol>\n<p><strong>\u00a0<\/strong><\/p>\n<h2><strong>COMISI\u00d3N DE EQUIDAD Y GRUPOS VULNERABLES<\/strong><\/h2>\n<p>Presidenta: LICENCIADA EN DERECHO YANETT GUTI\u00c9RREZ LUNA<\/p>\n<p><strong>Regidora\u00a0<\/strong><\/p>\n<ol>\n<li>LICENCIADA EN DERECHO YANETT GUTI\u00c9RREZ LUNA<\/li>\n<li>NANCY JIMENA RAM\u00cdREZ DUARTE<\/li>\n<li>LICENCIADA EN PSICOLOG\u00cdA SULEIKA SIOMAHARA CATALINA JASSO BERM\u00daDEZ<\/li>\n<li>PSIC\u00d3LOGA VER\u00d3NICA G\u00c1MEZ C\u00c1RDENAS<\/li>\n<li>MARCIANA D\u00cdAZ RAM\u00cdREZ<\/li>\n<li>FRANCISCA ROM\u00c1N TORRES<\/li>\n<\/ol>\n<h2><strong>COMISI\u00d3N DE DESARROLLO AGROPECUARIO<\/strong><\/h2>\n<p>Presidente: INGENIERO LEONARDO FROYLAN LEYVA CAMPOS<\/p>\n<ol>\n<li>PROFESOR JOS\u00c9 LUIS DOM\u00cdNGUEZ MORENO<\/li>\n<li>INGENIERO LUIS ANGEL G\u00c1MEZ CUEVAS<\/li>\n<li>INGENIERO LEONARDO FROYLAN LEYVA CAMPOS<\/li>\n<li>PSIC\u00d3LOGA VER\u00d3NICA G\u00c1MEZ C\u00c1RDENAS<\/li>\n<li>MARCIANA D\u00cdAZ RAM\u00cdREZ<\/li>\n<li>FRANCISCA ROM\u00c1N TORRES<\/li>\n<\/ol>\n<h2><strong>COMISI\u00d3N DE RASTRO MUNICIPAL<\/strong><\/h2>\n<p>Presidente: INGENIERO LEONARDO FROYLAN LEYVA CAMPOS<strong>\u00a0<\/strong><\/p>\n<ol>\n<li>PROFESOR JOS\u00c9 LUIS DOM\u00cdNGUEZ MORENO<\/li>\n<li>NANCY JIMENA RAM\u00cdREZ DUARTE<\/li>\n<li>INGENIERO LEONARDO FROYLAN LEYVA CAMPOS<\/li>\n<li>DOCTOR GUMARO EL\u00cdAS HERN\u00c1NDEZ Z\u00da\u00d1IGA<\/li>\n<li>MARCIANA D\u00cdAZ RAM\u00cdREZ<\/li>\n<li>FRANCISCA ROM\u00c1N TORRES<strong>\u00a0<\/strong><\/li>\n<\/ol>\n<p><strong>\u00a0<\/strong><\/p>\n<h2><strong>COMISI\u00d3N DE ESPECT\u00c1CULOS<\/strong><\/h2>\n<p>Presidenta: LICENCIADA EN INFORM\u00c1TICA MARA ESPARZA CASTILLO<\/p>\n<ol>\n<li>LICENCIADA EN INFORM\u00c1TICA MARA ESPARZA CASTILLO<\/li>\n<li>NANCY JIMENA RAM\u00cdREZ DUARTE<\/li>\n<li>INGENIERO LEONARDO FROYLAN LEYVA CAMPOS<\/li>\n<li>DOCTOR GUMARO EL\u00cdAS HERN\u00c1NDEZ Z\u00da\u00d1IGA<\/li>\n<li>MARCIANA D\u00cdAZ RAM\u00cdREZ<\/li>\n<li>FRANCISCA ROM\u00c1N TORRES<\/li>\n<\/ol>\n<h2><strong>COMISI\u00d3N DE ATENCI\u00d3N AL MIGRANTE<\/strong><\/h2>\n<p>Presidenta: LICENCIADA EN DERECHO YANETT GUTI\u00c9RREZ LUNA<\/p>\n<ol>\n<li>LICENCIADA EN DERECHO YANETT GUTI\u00c9RREZ LUNA<\/li>\n<li>ARQUITECTO SIM\u00d3N MONTES GONZ\u00c1LEZ<\/li>\n<li>PROFESOR MIGUEL L\u00d3PEZ CASTRUITA<\/li>\n<li>DOCTOR GUMARO EL\u00cdAS HERN\u00c1NDEZ Z\u00da\u00d1IGA<\/li>\n<li>MARCIANA D\u00cdAZ RAM\u00cdREZ<\/li>\n<li>FRANCISCA ROM\u00c1N TORRES.<\/li>\n<li>LICENCIADA EN INFORM\u00c1TICA MARA ESPARZA CASTILLO<\/li>\n<\/ol>\n<h2><strong>COMISI\u00d3N DE AGUA, MEDIO AMBIENTE Y SUSTENTABILIDAD<\/strong><\/h2>\n<p>Presidente: C. PEDRO MIGUEL CEDANO OVALLE<\/p>\n<ol>\n<li>PROFESOR MIGUEL L\u00d3PEZ CASTRUITA<\/li>\n<li>ARQUITECTO SIM\u00d3N MONTES GONZALEZ<\/li>\n<li>MARCIANA DIAZ RAM\u00cdREZ<\/li>\n<li>FRANCISCA ROM\u00c1N TORRES<\/li>\n<li>GUMARO ELIAS HERN\u00c1NDEZ ZU\u00d1IGA<\/li>\n<\/ol>\n","protected":false},"excerpt":{"rendered":"<p>DESIGNACI\u00d3N DE COMISIONES AYUNTAMIENTO 2018 &#8211; 2021 COMISI\u00d3N DE GOBIERNO Y SEGURIDAD P\u00daBLICA Presidente: ING. JULIO C\u00c9SAR RAM\u00cdREZ L\u00d3PEZ Presidente Municipal LICENCIADA EN DERECHO YANETT GUTI\u00c9RREZ LUNA ARQUITECTO SIM\u00d3N MONTES GONZ\u00c1LEZ MARCIANA D\u00cdAZ RAM\u00cdREZ PROFESOR MIGUEL L\u00d3PEZ CASTRUITA PSIC\u00d3LOGA VER\u00d3NICA G\u00c1MEZ C\u00c1RDENAS FRANCISCA ROM\u00c1N TORRES DOCTOR GUMARO EL\u00cdAS HERN\u00c1NDEZ Z\u00da\u00d1IGA COMISI\u00d3N DE HACIENDA Y VIGILANCIA Presidenta: ING. SILVIA ORT\u00cdZ SILVA S\u00edndica Municipal LICENCIADA EN INFORM\u00c1TICA MARA ESPARZA CASTILLO ARQUITECTO SIM\u00d3N MONTES GONZ\u00c1LEZ PROFESOR MIGUEL L\u00d3PEZ CASTRUITA PSIC\u00d3LOGA VER\u00d3NICA G\u00c1MEZ C\u00c1RDENAS MARCIANA D\u00cdAZ RAM\u00cdREZ FRANCISCA ROM\u00c1N TORRES LICENCIADA EN PSICOLOG\u00cdA SULEIKA&hellip;<\/p>\n","protected":false},"author":1,"featured_media":0,"parent":0,"menu_order":0,"comment_status":"closed","ping_status":"closed","template":"","meta":{"_monsterinsights_skip_tracking":false,"_monsterinsights_sitenote_active":false,"_monsterinsights_sitenote_note":"","_monsterinsights_sitenote_category":0,"footnotes":""},"class_list":["post-3549","page","type-page","status-publish","hentry"],"_links":{"self":[{"href":"https:\/\/riograndezac.gob.mx\/informatica\/index.php?rest_route=\/wp\/v2\/pages\/3549","targetHints":{"allow":["GET"]}}],"collection":[{"href":"https:\/\/riograndezac.gob.mx\/informatica\/index.php?rest_route=\/wp\/v2\/pages"}],"about":[{"href":"https:\/\/riograndezac.gob.mx\/informatica\/index.php?rest_route=\/wp\/v2\/types\/page"}],"author":[{"embeddable":true,"href":"https:\/\/riograndezac.gob.mx\/informatica\/index.php?rest_route=\/wp\/v2\/users\/1"}],"replies":[{"embeddable":true,"href":"https:\/\/riograndezac.gob.mx\/informatica\/index.php?rest_route=%2Fwp%2Fv2%2Fcomments&post=3549"}],"version-history":[{"count":17,"href":"https:\/\/riograndezac.gob.mx\/informatica\/index.php?rest_route=\/wp\/v2\/pages\/3549\/revisions"}],"predecessor-version":[{"id":7648,"href":"https:\/\/riograndezac.gob.mx\/informatica\/index.php?rest_route=\/wp\/v2\/pages\/3549\/revisions\/7648"}],"wp:attachment":[{"href":"https:\/\/riograndezac.gob.mx\/informatica\/index.php?rest_route=%2Fwp%2Fv2%2Fmedia&parent=3549"}],"curies":[{"name":"wp","href":"https:\/\/api.w.org\/{rel}","templated":true}]}}