{"id":3707,"date":"2017-04-29T13:38:48","date_gmt":"2017-04-29T18:38:48","guid":{"rendered":"http:\/\/riograndezac.gob.mx\/informatica\/?page_id=3707"},"modified":"2017-05-29T13:04:54","modified_gmt":"2017-05-29T18:04:54","slug":"vii-directorio","status":"publish","type":"page","link":"https:\/\/riograndezac.gob.mx\/informatica\/?page_id=3707","title":{"rendered":"VII. Directorio"},"content":{"rendered":"<p><strong>El directorio de todos los Servidores P\u00fablicos, a partir del nivel de jefe de departamento o su equivalente, o de menor nivel, cuando se brinde atenci\u00f3n al p\u00fablico; manejen o apliquen recursos p\u00fablicos; realicen actos de autoridad o presten servicios profesionales bajo el r\u00e9gimen de confianza u honorarios y personal de base. El directorio deber\u00e1 incluir, al menos el nombre, cargo o nombramiento asignado, nivel del puesto en la estructura org\u00e1nica, fecha de alta en el cargo, n\u00famero telef\u00f3nico, domicilio para recibir correspondencia y direcci\u00f3n de correo electr\u00f3nico oficiales;<\/strong><\/p>\n<hr \/>\n<p style=\"text-align: center;\"><b>Informaci\u00f3n<\/b><strong>\u00a02017<\/strong><\/p>\n<p style=\"text-align: right;\">Informaci\u00f3n actualizada al 1er trimestre 2017<\/p>\n<p style=\"text-align: left;\"><a href=\"http:\/\/media.riograndezac.gob.mx\/riograndezac.gob.mx\/archivos\/transparencia\/OT\/Articulo%2039\/F7\/2017\/07%20Formato%20Directorio%20de%20servidores%20p%C3%BAblicos%201%20T%202017.xls\" target=\"_blank\" rel=\"noopener noreferrer\">El directorio de todos los funcionarios p\u00fablicos 1\u00b0 Trimestre<\/a><\/p>\n<hr \/>\n<p style=\"text-align: center;\"><b>Informaci\u00f3n<\/b><strong>\u00a02016<\/strong><\/p>\n<p style=\"text-align: right;\">Informaci\u00f3n actualizada al 4\u00b0 trimestre 2016<\/p>\n<p style=\"text-align: left;\"><a href=\"http:\/\/media.riograndezac.gob.mx\/riograndezac.gob.mx\/archivos\/transparencia\/OT\/Articulo%2039\/F7\/2016\/07%20Formato%20Directorio%20de%20servidores%20p%C3%BAblicos%204%20T%202016.xls\" target=\"_blank\" rel=\"noopener noreferrer\">El directorio de todos los funcionarios p\u00fablicos 4\u00b0 Trimestre<\/a><\/p>\n<p style=\"text-align: right;\">Informaci\u00f3n actualizada al 3er trimestre 2016<\/p>\n<p style=\"text-align: left;\"><a href=\"http:\/\/media.riograndezac.gob.mx\/riograndezac.gob.mx\/archivos\/transparencia\/OT\/Articulo%2039\/F7\/2016\/07%20Formato%20Directorio%20de%20servidores%20p%C3%BAblicos%203%20T%202016.xls\" target=\"_blank\" rel=\"noopener noreferrer\">El directorio de todos los funcionarios p\u00fablicos 3er Trimestre<\/a><\/p>\n<p style=\"text-align: right;\">Informaci\u00f3n actualizada al 2\u00b0 trimestre 2016<\/p>\n<p style=\"text-align: left;\"><a href=\"http:\/\/media.riograndezac.gob.mx\/riograndezac.gob.mx\/archivos\/transparencia\/OT\/Articulo%2039\/F7\/2016\/07%20Formato%20Directorio%20de%20servidores%20p%C3%BAblicos%202%20T%202016.xls\" target=\"_blank\" rel=\"noopener noreferrer\">El directorio de todos los funcionarios p\u00fablicos 2\u00b0 Trimestre<\/a><\/p>\n<p style=\"text-align: right;\">Informaci\u00f3n actualizada al 1er trimestre 2016<\/p>\n<p style=\"text-align: left;\"><a href=\"http:\/\/media.riograndezac.gob.mx\/riograndezac.gob.mx\/archivos\/transparencia\/OT\/Articulo%2039\/F7\/2016\/07%20Formato%20Directorio%20de%20servidores%20p%C3%BAblicos%201%20T%202016.xls\" target=\"_blank\" rel=\"noopener noreferrer\">El directorio de todos los funcionarios p\u00fablicos 1er Trimestre<\/a><\/p>\n<hr \/>\n<p style=\"text-align: center;\"><b>Informaci\u00f3n<\/b><strong>\u00a02015<\/strong><\/p>\n<p style=\"text-align: right;\">Informaci\u00f3n actualizada al 4\u00b0 trimestre 2015<\/p>\n<p style=\"text-align: left;\"><a href=\"http:\/\/media.riograndezac.gob.mx\/riograndezac.gob.mx\/archivos\/transparencia\/OT\/Articulo%2039\/F7\/2015\/07%20Formato%20Directorio%20de%20servidores%20p%C3%BAblicos%204%20T%202015.xls\" target=\"_blank\" rel=\"noopener noreferrer\">El directorio de todos los funcionarios p\u00fablicos 4\u00b0 Trimestre<\/a><\/p>\n<p style=\"text-align: right;\">Informaci\u00f3n actualizada al 3er trimestre 2015<\/p>\n<p style=\"text-align: left;\"><a href=\"http:\/\/media.riograndezac.gob.mx\/riograndezac.gob.mx\/archivos\/transparencia\/OT\/Articulo%2039\/F7\/2015\/07%20Formato%20Directorio%20de%20servidores%20p%C3%BAblicos%203%20T%202015.xls\" target=\"_blank\" rel=\"noopener noreferrer\">El directorio de todos los funcionarios p\u00fablicos 3er Trimestre<\/a><\/p>\n<p style=\"text-align: right;\">Informaci\u00f3n actualizada al 2\u00b0 trimestre 2015<\/p>\n<p style=\"text-align: left;\"><a href=\"http:\/\/media.riograndezac.gob.mx\/riograndezac.gob.mx\/archivos\/transparencia\/OT\/Articulo%2039\/F7\/2015\/07%20Formato%20Directorio%20de%20servidores%20p%C3%BAblicos%202%20T%202015.xls\" target=\"_blank\" rel=\"noopener noreferrer\">El directorio de todos los funcionarios p\u00fablicos 2\u00b0 Trimestre<\/a><\/p>\n","protected":false},"excerpt":{"rendered":"<p>El directorio de todos los Servidores P\u00fablicos, a partir del nivel de jefe de departamento o su equivalente, o de menor nivel, cuando se brinde atenci\u00f3n al p\u00fablico; manejen o apliquen recursos p\u00fablicos; realicen actos de autoridad o presten servicios profesionales bajo el r\u00e9gimen de confianza u honorarios y personal de base. El directorio deber\u00e1 incluir, al menos el nombre, cargo o nombramiento asignado, nivel del puesto en la estructura org\u00e1nica, fecha de alta en el cargo, n\u00famero telef\u00f3nico, domicilio para recibir correspondencia y direcci\u00f3n de correo electr\u00f3nico oficiales; Informaci\u00f3n\u00a02017&hellip;<\/p>\n","protected":false},"author":1,"featured_media":0,"parent":3676,"menu_order":0,"comment_status":"closed","ping_status":"closed","template":"","meta":{"_monsterinsights_skip_tracking":false,"_monsterinsights_sitenote_active":false,"_monsterinsights_sitenote_note":"","_monsterinsights_sitenote_category":0,"footnotes":""},"class_list":["post-3707","page","type-page","status-publish","hentry"],"_links":{"self":[{"href":"https:\/\/riograndezac.gob.mx\/informatica\/index.php?rest_route=\/wp\/v2\/pages\/3707","targetHints":{"allow":["GET"]}}],"collection":[{"href":"https:\/\/riograndezac.gob.mx\/informatica\/index.php?rest_route=\/wp\/v2\/pages"}],"about":[{"href":"https:\/\/riograndezac.gob.mx\/informatica\/index.php?rest_route=\/wp\/v2\/types\/page"}],"author":[{"embeddable":true,"href":"https:\/\/riograndezac.gob.mx\/informatica\/index.php?rest_route=\/wp\/v2\/users\/1"}],"replies":[{"embeddable":true,"href":"https:\/\/riograndezac.gob.mx\/informatica\/index.php?rest_route=%2Fwp%2Fv2%2Fcomments&post=3707"}],"version-history":[{"count":6,"href":"https:\/\/riograndezac.gob.mx\/informatica\/index.php?rest_route=\/wp\/v2\/pages\/3707\/revisions"}],"predecessor-version":[{"id":4808,"href":"https:\/\/riograndezac.gob.mx\/informatica\/index.php?rest_route=\/wp\/v2\/pages\/3707\/revisions\/4808"}],"up":[{"embeddable":true,"href":"https:\/\/riograndezac.gob.mx\/informatica\/index.php?rest_route=\/wp\/v2\/pages\/3676"}],"wp:attachment":[{"href":"https:\/\/riograndezac.gob.mx\/informatica\/index.php?rest_route=%2Fwp%2Fv2%2Fmedia&parent=3707"}],"curies":[{"name":"wp","href":"https:\/\/api.w.org\/{rel}","templated":true}]}}