{"id":44,"date":"2016-01-10T12:59:52","date_gmt":"2016-01-10T18:59:52","guid":{"rendered":"http:\/\/riograndezac.gob.mx\/informatica\/?page_id=44"},"modified":"2016-02-03T14:32:43","modified_gmt":"2016-02-03T20:32:43","slug":"x-las-convocatorias-y-procedimientos-relativos-a-licitaciones","status":"publish","type":"page","link":"https:\/\/riograndezac.gob.mx\/informatica\/?page_id=44","title":{"rendered":"X. LAS CONVOCATORIAS Y PROCEDIMIENTOS RELATIVOS A LICITACIONES"},"content":{"rendered":"<div id=\"_mcePaste\" style=\"text-align: justify;\"><strong>Las convocatorias y procedimientos relativos a licitaciones de obras, adquisiciones, arrendamientosy prestaci\u00f3n de servicios; as\u00ed como las opiniones, argumentos y datos finales incluidos en los expedientes y documentos que contengan los resultados de tales procesos licitatorios.<\/strong><\/div>\n<div style=\"text-align: right;\">\n<p>Informaci\u00f3n actualizada al 4\u00b0 trimestre 2015<\/p>\n<p>&nbsp;<\/p>\n<p align=\"left\"><strong>Convocatoria de licitaciones<\/strong><\/p>\n<div align=\"left\">\n<table border=\"0\" width=\"562\">\n<tbody>\n<tr>\n<td width=\"301\" height=\"41\">\n<div align=\"center\"><strong>Lista<\/strong><\/div>\n<\/td>\n<td width=\"251\">\n<div align=\"center\"><strong>Departamento que genera informaci\u00f3n<\/strong><\/div>\n<\/td>\n<\/tr>\n<tr>\n<td style=\"text-align: center;\" colspan=\"2\">1er trimestre 2015<\/td>\n<\/tr>\n<tr>\n<td>\n<ul>\n<li><a href=\"http:\/\/media.riograndezac.gob.mx\/riograndezac.gob.mx\/archivos\/transparencia\/fraccionX\/2015\/1er_timestre\/convoatoria_licitaciones\/INVITACIONES_N2_CONTRATISTAS.pdf\" target=\"_blank\">Construcci\u00f3n de emisor norte 1er etapa<\/a><\/li>\n<\/ul>\n<\/td>\n<td>\n<ul>\n<li>Obras y Servicios P\u00fablicos<\/li>\n<\/ul>\n<\/td>\n<\/tr>\n<tr>\n<td>\n<ul>\n<li><a href=\"http:\/\/media.riograndezac.gob.mx\/riograndezac.gob.mx\/archivos\/transparencia\/fraccionX\/2015\/1er_timestre\/convoatoria_licitaciones\/INVITACION N4_CONTRATISTAS.pdf\" target=\"_blank\">Alumbrado acceso a maquiladora<\/a><\/li>\n<\/ul>\n<\/td>\n<td>\n<ul>\n<li>Obras y Servicios P\u00fablicos<\/li>\n<\/ul>\n<\/td>\n<\/tr>\n<tr>\n<td>\n<ul>\n<li><a href=\"http:\/\/media.riograndezac.gob.mx\/riograndezac.gob.mx\/archivos\/transparencia\/fraccionX\/2015\/1er_timestre\/convoatoria_licitaciones\/INVITACION%20N5_CONTRATISTAS.pdf\" target=\"_blank\">Urbanizaci\u00f3n de acceso a maquiladora<\/a><\/li>\n<\/ul>\n<\/td>\n<td>\n<ul>\n<li>Obras y Servicios P\u00fablicos<\/li>\n<\/ul>\n<\/td>\n<\/tr>\n<tr>\n<td style=\"text-align: center;\" colspan=\"2\">2\u00b0 trimestre 2015<\/td>\n<\/tr>\n<tr>\n<td>\n<ul>\n<li><a href=\"http:\/\/media.riograndezac.gob.mx\/riograndezac.gob.mx\/archivos\/transparencia\/fraccionX\/2015\/2do_trimestre\/INVITACIONES_CONTRATISTAS.pdf\" target=\"_blank\">Equipamiento pozo de los Conde, Tierra blanca y la Luz<\/a><\/li>\n<\/ul>\n<\/td>\n<td>\n<ul>\n<li>Obras y Servicios P\u00fablicos<\/li>\n<\/ul>\n<\/td>\n<\/tr>\n<tr>\n<td>\n<ul>\n<li><a href=\"http:\/\/media.riograndezac.gob.mx\/riograndezac.gob.mx\/archivos\/transparencia\/fraccionX\/2015\/2do_trimestre\/INVITACIONES_CONTRATISTAS_do.pdf\" target=\"_blank\">Construcci\u00f3n de domo en Esc. Prim. &#8220;Vicente Riva Palacio&#8221; de Los Ram\u00edrez<\/a><\/li>\n<\/ul>\n<\/td>\n<td>\n<ul>\n<li>Obras y Servicios P\u00fablicos<\/li>\n<\/ul>\n<\/td>\n<\/tr>\n<tr>\n<td>\n<ul>\n<li><a href=\"http:\/\/media.riograndezac.gob.mx\/riograndezac.gob.mx\/archivos\/transparencia\/fraccionX\/2015\/2do_trimestre\/INVITACIONES_CONTRATISTAS_Pavimentacion.pdf\" target=\"_blank\">Pavimentaci\u00f3n de las calles Insurgentes, Alfonso Medina y 16 \u00a0de Septiembre en R\u00edo Grande<\/a><\/li>\n<\/ul>\n<\/td>\n<td>\n<ul>\n<li>Obras y Servicios P\u00fablicos<\/li>\n<\/ul>\n<\/td>\n<\/tr>\n<tr>\n<td>\n<ul>\n<li><a href=\"http:\/\/media.riograndezac.gob.mx\/riograndezac.gob.mx\/archivos\/transparencia\/fraccionX\/2015\/2do_trimestre\/INVITACIONES_CONTRATISTAS_N9.pdf\" target=\"_blank\">Pavimentaci\u00f3n de las calles Zaragoza, Independencia y Jaral de Barrios en R\u00edo Grande.<\/a><\/li>\n<\/ul>\n<\/td>\n<td>\n<ul>\n<li>Obras y Servicios P\u00fablicos<\/li>\n<\/ul>\n<\/td>\n<\/tr>\n<tr>\n<td>\n<ul>\n<li><a href=\"http:\/\/media.riograndezac.gob.mx\/riograndezac.gob.mx\/archivos\/transparencia\/fraccionX\/2015\/2do_trimestre\/INVITACIONES_CONTRATISTAS_N10.pdf\" target=\"_blank\">Pavimentaci\u00f3n de Avenida Tobias Palacios, comunidad de Jos\u00e9 Mar\u00eda Morelos y Pav\u00f3n<\/a><\/li>\n<\/ul>\n<\/td>\n<td>\n<ul>\n<li>Obras y Servicios P\u00fablicos<\/li>\n<\/ul>\n<\/td>\n<\/tr>\n<tr>\n<td>\n<ul>\n<li><a href=\"http:\/\/media.riograndezac.gob.mx\/riograndezac.gob.mx\/archivos\/transparencia\/fraccionX\/2015\/2do_trimestre\/INVITACIONES_CONTRATISTAS_N11.pdf\" target=\"_blank\">Construcci\u00f3n de gimnansio 1er. estapa en el I.T.S.Z.N, R\u00edo Grande<\/a><\/li>\n<\/ul>\n<\/td>\n<td>\n<ul>\n<li>Obras y Servicios P\u00fablicos<\/li>\n<\/ul>\n<\/td>\n<\/tr>\n<tr>\n<td>\n<ul>\n<li><a href=\"http:\/\/media.riograndezac.gob.mx\/riograndezac.gob.mx\/archivos\/transparencia\/fraccionX\/2015\/2do_trimestre\/INVITACIONES%20CONTRATISTAS_N14.pdf\" target=\"_blank\">Alumbrado p\u00fablico en calle Vicente Guerrero, Col. halc\u00f3nes, R\u00edo Grande<\/a><\/li>\n<\/ul>\n<\/td>\n<td>\n<ul>\n<li>Obras y Servicios P\u00fablicos<\/li>\n<\/ul>\n<\/td>\n<\/tr>\n<tr>\n<td>\n<ul>\n<li><a href=\"http:\/\/media.riograndezac.gob.mx\/riograndezac.gob.mx\/archivos\/transparencia\/fraccionX\/2015\/2do_trimestre\/INVITACIONES%20CONTRATISTAS_N15.pdf\" target=\"_blank\">Construcci\u00f3n de calle Galeana, Col. Ignacio Allende<\/a><\/li>\n<\/ul>\n<\/td>\n<td>\n<ul>\n<li>Obras y Servicios P\u00fablicos<\/li>\n<\/ul>\n<\/td>\n<\/tr>\n<tr>\n<td>\n<ul>\n<li><a href=\"http:\/\/media.riograndezac.gob.mx\/riograndezac.gob.mx\/archivos\/transparencia\/fraccionX\/2015\/2do_trimestre\/INVITACIONES%20CONTRATISTAS_N16.pdf\" target=\"_blank\">Readecuaci\u00f3n de calle Zacatecas, Col. Centro, R\u00edo Grande<\/a><\/li>\n<\/ul>\n<\/td>\n<td>\n<ul>\n<li>Obras y Servicios P\u00fablicos<\/li>\n<\/ul>\n<\/td>\n<\/tr>\n<tr>\n<td>\n<ul>\n<li><a href=\"http:\/\/media.riograndezac.gob.mx\/riograndezac.gob.mx\/archivos\/transparencia\/fraccionX\/2015\/2do_trimestre\/INVITACIONES%20CONTRATISTAS_N17.pdf\" target=\"_blank\">Pavimento en calle Anastacio V. Hinojosa, Col. Ignacio Allende<\/a><\/li>\n<\/ul>\n<\/td>\n<td>\n<ul>\n<li>Obras y Servicios P\u00fablicos<\/li>\n<\/ul>\n<\/td>\n<\/tr>\n<tr>\n<td style=\"text-align: center;\" colspan=\"2\">3er trimestre 2015<\/td>\n<\/tr>\n<tr>\n<td>\n<ul>\n<li><a href=\"http:\/\/media.riograndezac.gob.mx\/riograndezac.gob.mx\/archivos\/transparencia\/fraccionX\/2015\/3er_trimestre\/LICITACION%20DE%20OBRAS%20A%20CUANDO%20MENOS%20TRES.pdf\" target=\"_blank\">Licitaciones de obras a cuando menos tres<\/a><\/li>\n<\/ul>\n<\/td>\n<td>\n<ul>\n<li>Obras y Servicios P\u00fablicos<\/li>\n<\/ul>\n<\/td>\n<\/tr>\n<tr>\n<td style=\"text-align: center;\" colspan=\"2\">4\u00b0 trimestre 2015<\/td>\n<\/tr>\n<tr>\n<td>\n<ul>\n<li><a href=\"http:\/\/media.riograndezac.gob.mx\/riograndezac.gob.mx\/archivos\/transparencia\/fraccionX\/2015\/4to_trimestre\/LICITACION%20DE%20OBRAS%20A%20CUANDO%20MENOS%20TRES.pdf\" target=\"_blank\">Licitaciones de obras a cuando menos tres<\/a><\/li>\n<\/ul>\n<\/td>\n<td>\n<ul>\n<li>Obras y Servicios P\u00fablicos<\/li>\n<\/ul>\n<\/td>\n<\/tr>\n<\/tbody>\n<\/table>\n<\/div>\n<p align=\"left\"><strong>Procedimientos a licitaciones<\/strong><\/p>\n<div align=\"left\">\n<table border=\"0\" width=\"563\">\n<tbody>\n<tr>\n<td width=\"303\">\n<div align=\"center\"><strong>Lista<\/strong><\/div>\n<\/td>\n<td width=\"250\">\n<div align=\"center\"><strong>Departamento que genera informaci\u00f3n<\/strong><\/div>\n<\/td>\n<\/tr>\n<tr>\n<td>\n<div align=\"left\">\n<ul>\n<li><a href=\"http:\/\/media.riograndezac.gob.mx\/riograndezac.gob.mx\/archivos\/transparencia\/fraccionX\/2015\/1er_timestre\/Procedimientos_licitaciones\/Propuestas_N2_P1.pdf\" target=\"_blank\">Propuesta N2 P1<\/a><\/li>\n<\/ul>\n<\/div>\n<\/td>\n<td>\n<ul>\n<li>Obras y Servicios P\u00fablicos<\/li>\n<\/ul>\n<div align=\"left\"><\/div>\n<\/td>\n<\/tr>\n<tr>\n<td>\n<div align=\"left\">\n<ul>\n<li><a href=\"http:\/\/media.riograndezac.gob.mx\/riograndezac.gob.mx\/archivos\/transparencia\/fraccionX\/2015\/1er_timestre\/Procedimientos_licitaciones\/Propuestas_N2_P2.pdf\" target=\"_blank\">Propuesta N2 P2<\/a><\/li>\n<\/ul>\n<\/div>\n<\/td>\n<td>\n<ul>\n<li>Obras y Servicios P\u00fablicos<\/li>\n<\/ul>\n<div align=\"left\"><\/div>\n<\/td>\n<\/tr>\n<tr>\n<td style=\"text-align: justify;\">\n<ul>\n<li><a href=\"http:\/\/media.riograndezac.gob.mx\/riograndezac.gob.mx\/archivos\/transparencia\/fraccionX\/2015\/1er_timestre\/Procedimientos_licitaciones\/Propuestas_N2_P3.pdf\" target=\"_blank\">Propuesta N2 P3<\/a><\/li>\n<\/ul>\n<\/td>\n<td style=\"text-align: justify;\">\n<ul>\n<li>Obras y Servicios P\u00fablicos<\/li>\n<\/ul>\n<\/td>\n<\/tr>\n<tr>\n<td style=\"text-align: center;\" colspan=\"2\">2\u00b0 trimestre 2015<\/td>\n<\/tr>\n<tr>\n<td>\n<ul>\n<li>Propuestas equipamiento pozo de los Conde, Tierra blanca y la Luz\n<ul>\n<li><a href=\"http:\/\/media.riograndezac.gob.mx\/riograndezac.gob.mx\/archivos\/transparencia\/fraccionX\/2015\/2do_trimestre\/PROPN6_P1.pdf\" target=\"_blank\">Propuesta 1<\/a><\/li>\n<li><a href=\"http:\/\/media.riograndezac.gob.mx\/riograndezac.gob.mx\/archivos\/transparencia\/fraccionX\/2015\/2do_trimestre\/PROPN6_P2.pdf\" target=\"_blank\">Propuesta 2<\/a><\/li>\n<li><a href=\"http:\/\/media.riograndezac.gob.mx\/riograndezac.gob.mx\/archivos\/transparencia\/fraccionX\/2015\/2do_trimestre\/PROPN6_P3.pdf\" target=\"_blank\">Propuesta 3<\/a><\/li>\n<\/ul>\n<\/li>\n<\/ul>\n<\/td>\n<td>\n<ul>\n<li>Obras y Servicios P\u00fablicos<\/li>\n<\/ul>\n<\/td>\n<\/tr>\n<tr>\n<td><\/td>\n<td><\/td>\n<\/tr>\n<\/tbody>\n<\/table>\n<\/div>\n<p align=\"left\"><strong>Resultado de licitaciones<\/strong><\/p>\n<div align=\"left\">\n<table border=\"0\" width=\"560\">\n<tbody>\n<tr>\n<td width=\"305\">\n<div align=\"center\"><strong>Lista<\/strong><\/div>\n<\/td>\n<td width=\"245\">\n<div align=\"center\"><strong>Departamento que genera informaci\u00f3n<\/strong><\/div>\n<\/td>\n<\/tr>\n<tr>\n<td>\n<ul>\n<li><a href=\"http:\/\/media.riograndezac.gob.mx\/riograndezac.gob.mx\/archivos\/transparencia\/fraccionX\/2015\/1er_timestre\/Resultado_licitaciones\/ACTA%20DE%20FALLO%20_N2.pdf\" target=\"_blank\">Fallo Construcci\u00f3n de emisor norte 1er etapa<\/a><\/li>\n<\/ul>\n<\/td>\n<td>\n<ul>\n<li>Obras y Servicios P\u00fablicos<\/li>\n<\/ul>\n<\/td>\n<\/tr>\n<tr>\n<td style=\"text-align: center;\" colspan=\"2\">2\u00b0 trimestre 2015<\/td>\n<\/tr>\n<tr>\n<td>\n<ul>\n<li><a href=\"http:\/\/media.riograndezac.gob.mx\/riograndezac.gob.mx\/archivos\/transparencia\/fraccionX\/2015\/2do_trimestre\/FALLO_DE_LICITACION_N7.pdf\" target=\"_blank\">Fallo\u00a0Construcci\u00f3n de domo en Esc. Prim. &#8220;Vicente Riva Palacio&#8221; de Los Ram\u00edrez<\/a><\/li>\n<\/ul>\n<\/td>\n<td>\n<ul>\n<li>Obras y Servicios P\u00fablicos<\/li>\n<\/ul>\n<\/td>\n<\/tr>\n<tr>\n<td>\n<ul>\n<li><a href=\"http:\/\/media.riograndezac.gob.mx\/riograndezac.gob.mx\/archivos\/transparencia\/fraccionX\/2015\/2do_trimestre\/FALLO_DE_LICITACION_N8.pdf\" target=\"_blank\">Fallo pavimentaci\u00f3n de las calles Insurgentes, Alfonso Medina y 16 \u00a0de Septiembre en R\u00edo Grande<\/a><\/li>\n<\/ul>\n<\/td>\n<td>\n<ul>\n<li>Obras y Servicios P\u00fablicos<\/li>\n<\/ul>\n<\/td>\n<\/tr>\n<tr>\n<td>\n<ul>\n<li><a href=\"http:\/\/media.riograndezac.gob.mx\/riograndezac.gob.mx\/archivos\/transparencia\/fraccionX\/2015\/2do_trimestre\/FALLO_DE_LICITACION_N9.pdf\" target=\"_blank\">Fallo pavimentaci\u00f3n de las calles Zaragoza, Independencia y Jaral de Barrios en R\u00edo Grande.<\/a><\/li>\n<\/ul>\n<\/td>\n<td>\n<ul>\n<li>Obras y Servicios P\u00fablicos<\/li>\n<\/ul>\n<\/td>\n<\/tr>\n<tr>\n<td>\n<ul>\n<li><a href=\"http:\/\/media.riograndezac.gob.mx\/riograndezac.gob.mx\/archivos\/transparencia\/fraccionX\/2015\/2do_trimestre\/FALLO_DE_LICITACION_N10.pdf\" target=\"_blank\">Fallo pavimentaci\u00f3n de Avenida Tobias Palacios, comunidad de Jos\u00e9 Mar\u00eda Morelos y Pav\u00f3n<\/a><\/li>\n<\/ul>\n<\/td>\n<td>\n<ul>\n<li>Obras y Servicios P\u00fablicos<\/li>\n<\/ul>\n<\/td>\n<\/tr>\n<tr>\n<td>\n<ul>\n<li><a href=\"http:\/\/media.riograndezac.gob.mx\/riograndezac.gob.mx\/archivos\/transparencia\/fraccionX\/2015\/2do_trimestre\/FALLO_DE_LICITACION_N11.pdf\" target=\"_blank\">Fallo\u00a0Construcci\u00f3n de gimnansio 1er. estapa en el I.T.S.Z.N, R\u00edo Grande<\/a><\/li>\n<\/ul>\n<\/td>\n<td>\n<ul>\n<li>Obras y Servicios P\u00fablicos<\/li>\n<\/ul>\n<\/td>\n<\/tr>\n<tr>\n<td>\n<ul>\n<li><a href=\"http:\/\/media.riograndezac.gob.mx\/riograndezac.gob.mx\/archivos\/transparencia\/fraccionX\/2015\/2do_trimestre\/FALLO_DE_LICITACION_N14.pdf\" target=\"_blank\">Fallo alumbrado p\u00fablico en calle Vicente Guerrero, Col. halc\u00f3nes, R\u00edo Grande<\/a><\/li>\n<\/ul>\n<\/td>\n<td>\n<ul>\n<li>Obras y Servicios P\u00fablicos<\/li>\n<\/ul>\n<\/td>\n<\/tr>\n<tr>\n<td>\n<ul>\n<li><a href=\"http:\/\/media.riograndezac.gob.mx\/riograndezac.gob.mx\/archivos\/transparencia\/fraccionX\/2015\/2do_trimestre\/FALLO_DE_LICITACION_N15.pdf\" target=\"_blank\">Fallo construcci\u00f3n de calle Galeana, Col. Ignacio Allende<\/a><\/li>\n<\/ul>\n<\/td>\n<td>\n<ul>\n<li>Obras y Servicios P\u00fablicos<\/li>\n<\/ul>\n<\/td>\n<\/tr>\n<tr>\n<td>\n<ul>\n<li><a href=\"http:\/\/media.riograndezac.gob.mx\/riograndezac.gob.mx\/archivos\/transparencia\/fraccionX\/2015\/2do_trimestre\/FALLO_DE_LICITACION_N16.pdf\" target=\"_blank\">Fallo readecuaci\u00f3n de calle Zacatecas, Col. Centro, R\u00edo Grande<\/a><\/li>\n<\/ul>\n<\/td>\n<td>\n<ul>\n<li>Obras y Servicios P\u00fablicos<\/li>\n<\/ul>\n<\/td>\n<\/tr>\n<tr>\n<td>\n<ul>\n<li><a href=\"http:\/\/media.riograndezac.gob.mx\/riograndezac.gob.mx\/archivos\/transparencia\/fraccionX\/2015\/2do_trimestre\/FALLO_DE_LICITACION_N17.pdf\" target=\"_blank\">Fallo pavimento en calle Anastacio V. Hinojosa, Col. Ignacio Allende<\/a><\/li>\n<\/ul>\n<\/td>\n<td>\n<ul>\n<li>Obras y Servicios P\u00fablicos<\/li>\n<\/ul>\n<\/td>\n<\/tr>\n<tr>\n<td style=\"text-align: center;\" colspan=\"2\">3er trimestre<\/td>\n<\/tr>\n<tr>\n<td>\n<ul>\n<li><a href=\"http:\/\/media.riograndezac.gob.mx\/riograndezac.gob.mx\/archivos\/transparencia\/fraccionX\/2015\/3er_trimestre\/LICITACION%20DE%20OBRA%20POR%20ADJ%20DIRECTA%20NACIONAL.pdf\" target=\"_blank\">Licitaci\u00f3n \u00a0de obra por adjudicaci\u00f3n directa nacional<\/a><\/li>\n<\/ul>\n<\/td>\n<td>\n<ul>\n<li>Obras y Servicios P\u00fablicos<\/li>\n<\/ul>\n<\/td>\n<\/tr>\n<tr>\n<td>\n<ul>\n<li><a href=\"http:\/\/media.riograndezac.gob.mx\/riograndezac.gob.mx\/archivos\/transparencia\/fraccionX\/2015\/3er_trimestre\/LICITACION%20DE%20OBRA%20POR%20ADJUDICACION%20DIRECTA.pdf\" target=\"_blank\">Licitaci\u00f3n de obra por adjudicaci\u00f3n directa<\/a><\/li>\n<\/ul>\n<\/td>\n<td>\n<ul>\n<li>Obras y Servicios P\u00fablicos<\/li>\n<\/ul>\n<\/td>\n<\/tr>\n<tr>\n<td>\n<ul>\n<li><a href=\"http:\/\/media.riograndezac.gob.mx\/riograndezac.gob.mx\/archivos\/transparencia\/fraccionX\/2015\/3er_trimestre\/LICITACION%20DE%20OBRA%20PUBLICA%20NACIONAL.pdf\" target=\"_blank\">Licitaci\u00f3n de obra p\u00fablica nacional<\/a><\/li>\n<\/ul>\n<\/td>\n<td>\n<ul>\n<li>Obras y Servicios P\u00fablicos<\/li>\n<\/ul>\n<\/td>\n<\/tr>\n<tr>\n<td style=\"text-align: center;\" colspan=\"2\">4\u00b0 trimestre<\/td>\n<\/tr>\n<tr>\n<td style=\"text-align: center;\">\n<ul>\n<li style=\"text-align: left;\"><a href=\"http:\/\/media.riograndezac.gob.mx\/riograndezac.gob.mx\/archivos\/transparencia\/fraccionX\/2015\/4to_trimestre\/LICITACION%20DE%20OBRA%20POR%20ADJUDICACION%20DIRECTA.pdf\" target=\"_blank\">Licitaci\u00f3n de obra por adjudicaci\u00f3n directa<\/a><\/li>\n<\/ul>\n<\/td>\n<td style=\"text-align: center;\">\n<ul>\n<li style=\"text-align: left;\">Obras y Servicios P\u00fablicos<\/li>\n<\/ul>\n<\/td>\n<\/tr>\n<tr>\n<td>\n<ul>\n<li><a href=\"http:\/\/media.riograndezac.gob.mx\/riograndezac.gob.mx\/archivos\/transparencia\/fraccionX\/2015\/4to_trimestre\/LICITACION%20DE%20OBRA%20PUBLICA%20NACIONAL.pdf\" target=\"_blank\">Licitaci\u00f3n de obra p\u00fablica nacional<\/a><\/li>\n<\/ul>\n<\/td>\n<td>\n<ul>\n<li>Obras y Servicios P\u00fablicos<\/li>\n<\/ul>\n<\/td>\n<\/tr>\n<\/tbody>\n<\/table>\n<\/div>\n<\/div>\n<div style=\"text-align: right;\">\n<hr \/>\n<p style=\"text-align: center;\"><strong>Informaci\u00f3n 2014<\/strong><\/p>\n<h2 style=\"text-align: center;\"><\/h2>\n<p style=\"text-align: left;\"><strong>Convocatorias<\/strong><\/p>\n<ul>\n<li style=\"text-align: left;\"><a href=\"http:\/\/media.riograndezac.gob.mx\/riograndezac.gob.mx\/archivos\/transparencia\/fraccionX\/2014\/BASES_POZO_COM_LOS_CONDE.pdf\" target=\"_blank\">Pozo de agua de la comunidad de los Conde<\/a><\/li>\n<li style=\"text-align: left;\"><a href=\"http:\/\/media.riograndezac.gob.mx\/riograndezac.gob.mx\/archivos\/transparencia\/fraccionX\/2014\/BASES_POZO_EN_VICENTE_GUERRERO.pdf\" target=\"_blank\">Pozo de agua de la comunidad de Vicente Guerrero<\/a><\/li>\n<\/ul>\n<p style=\"text-align: left;\"><strong>Procedimientos a licitaciones<\/strong><\/p>\n<ul>\n<li style=\"text-align: left;\">Los procedimientos a licitaciones se encuentran en etapa de recopilaci\u00f3n, por lo cual a\u00fan no se pueden presentar<\/li>\n<\/ul>\n<p style=\"text-align: left;\"><strong>Resultado de licitaciones<\/strong><\/p>\n<ul style=\"text-align: left;\">\n<li><a href=\"http:\/\/media.riograndezac.gob.mx\/riograndezac.gob.mx\/archivos\/transparencia\/fraccionX\/2014\/licitaciones_2013.pdf\" target=\"_blank\">Licitaciones 2013<\/a><\/li>\n<li><a href=\"http:\/\/media.riograndezac.gob.mx\/riograndezac.gob.mx\/archivos\/transparencia\/fraccionX\/2014\/Licitaciones_de_Obras_2014.pdf\" target=\"_blank\">Licitaciones de obras 2014<\/a><\/li>\n<li><a href=\"http:\/\/media.riograndezac.gob.mx\/riograndezac.gob.mx\/archivos\/transparencia\/fraccionX\/2014\/Licitaciones_obras_2o_trim_2014.pdf\" target=\"_blank\">Licitaciones de obras abril-junio 2014<\/a><\/li>\n<li><a href=\"http:\/\/media.riograndezac.gob.mx\/riograndezac.gob.mx\/archivos\/transparencia\/fraccionX\/2014\/3er_trimestre\/LICITACION_OBRAS_3er_trim_2014.pdf\" target=\"_blank\">Licitaciones de obras 3er Trimestre 2014<\/a><\/li>\n<li><a href=\"http:\/\/media.riograndezac.gob.mx\/riograndezac.gob.mx\/archivos\/transparencia\/fraccionX\/2014\/4to_trimestre\/LICITACION_OBRA_4TO_TRIM_2014.pdf\" target=\"_blank\">Licitaciones de obras 4\u00b0 Trimestre 2014<\/a><\/li>\n<li><a href=\"http:\/\/media.riograndezac.gob.mx\/riograndezac.gob.mx\/archivos\/transparencia\/fraccionX\/2014\/3er_trimestre\/LICITACIONES_OBRAS_ADJUDICACION_DIRECTA_3er_t_2014.pdf\" target=\"_blank\">Licitaciones de obra por adjudicaci\u00f3n directa 3er Trimestre 2014<\/a><\/li>\n<li><a href=\"http:\/\/media.riograndezac.gob.mx\/riograndezac.gob.mx\/archivos\/transparencia\/fraccionX\/2014\/4to_trimestre\/LICITACIONES_OBRAS_ADJUDICACION_DIRECTA_4to_TRIM_2014.pdf\" target=\"_blank\">Licitaciones de obra por adjudicaci\u00f3n directa 4\u00b0 Trimestre 2014<\/a><\/li>\n<\/ul>\n<p style=\"text-align: left;\"><strong>Adjudicaciones directas o invitaciones restringidas<\/strong><\/p>\n<div style=\"text-align: left;\">\n<ul>\n<li><a href=\"http:\/\/media.riograndezac.gob.mx\/riograndezac.gob.mx\/archivos\/transparencia\/fraccionX\/2014\/adjudicaciones_directas_2014.pdf\" target=\"_blank\">Adjudicaciones directas 2014<\/a><\/li>\n<\/ul>\n<\/div>\n<\/div>\n<div style=\"text-align: right;\">15\/Noviembre\/2012<\/div>\n<h2 style=\"text-align: center;\">INVITACIONES<\/h2>\n<div style=\"text-align: left;\">\n<ul>\n<li><a href=\"http:\/\/media.riograndezac.gob.mx\/riograndezac.gob.mx\/archivos\/transparencia\/fraccionX\/Ampliaciondereddeaguayalcant.pdf\" target=\"_blank\">Ampliacion de red de agua y alcantarillado en Calle Flores Garcia Adolfo Lopez Mateos I<\/a><\/li>\n<li><a href=\"http:\/\/media.riograndezac.gob.mx\/riograndezac.gob.mx\/archivos\/transparencia\/fraccionX\/aulatelesecluisdonaldocolosioprogreso.pdf\" target=\"_blank\">Construccion de aula en telesecundaria Luis Donaldo Colosio Col. Progreso<\/a><\/li>\n<li><a href=\"http:\/\/media.riograndezac.gob.mx\/riograndezac.gob.mx\/archivos\/transparencia\/fraccionX\/canchaenprimariadelaColProgreso.pdf\" target=\"_blank\">Construccion de cancha en primaria de la Col Progreso<\/a><\/li>\n<li><a href=\"http:\/\/media.riograndezac.gob.mx\/riograndezac.gob.mx\/archivos\/transparencia\/fraccionX\/CentroDeportivoColAzteca.pdf\" target=\"_blank\">Construccion de Centro Deportivo Col. Azteca<\/a><\/li>\n<li><a href=\"http:\/\/media.riograndezac.gob.mx\/riograndezac.gob.mx\/archivos\/transparencia\/fraccionX\/DomoCOBACElFuerte.pdf\" target=\"_blank\">Construccion de Domo en COBACH El Fuerte<\/a><\/li>\n<li><a href=\"http:\/\/media.riograndezac.gob.mx\/riograndezac.gob.mx\/archivos\/transparencia\/fraccionX\/DomoEscTecnica52Almoloya.pdf\" target=\"_blank\">Construccion de Domo en Esc Tecnica 52 Almoloya<\/a><\/li>\n<li><a href=\"http:\/\/media.riograndezac.gob.mx\/riograndezac.gob.mx\/archivos\/transparencia\/fraccionX\/pavimento_CalleFlores.pdf\" target=\"_blank\">Pavimento en Calle Flores Garcia Adolfo Lopez Mateos I<\/a><\/li>\n<\/ul>\n<\/div>\n<h2>LICITACIONES<\/h2>\n<p>26\/OCTUBRE\/2012<\/p>\n<ul>\n<li><a href=\"http:\/\/media.riograndezac.gob.mx\/riograndezac.gob.mx\/archivos\/transparencia\/fraccionX\/licitaciones_compranet.pdf\" target=\"_blank\">Licitaciones Compranet<\/a><\/li>\n<li><a href=\"http:\/\/media.riograndezac.gob.mx\/riograndezac.gob.mx\/archivos\/transparencia\/fraccionX\/listado_compranet.pdf\" target=\"_blank\">Expediente de Contrataci\u00f3n Compranet<\/a><\/li>\n<li><a href=\"http:\/\/media.riograndezac.gob.mx\/riograndezac.gob.mx\/archivos\/transparencia\/fraccionX\/Bases_2012.pdf\" target=\"_blank\">Convocatorias 2012 formato<\/a><\/li>\n<\/ul>\n<p>Enlace a <strong><a href=\"https:\/\/compranet.funcionpublica.gob.mx\/web\/login.html\" target=\"_blank\">COMPRANET<\/a><\/strong><\/p>\n<div><\/div>\n","protected":false},"excerpt":{"rendered":"<p>Las convocatorias y procedimientos relativos a licitaciones de obras, adquisiciones, arrendamientosy prestaci\u00f3n de servicios; as\u00ed como las opiniones, argumentos y datos finales incluidos en los expedientes y documentos que contengan los resultados de tales procesos licitatorios. Informaci\u00f3n actualizada al 4\u00b0 trimestre 2015 &nbsp; Convocatoria de licitaciones Lista Departamento que genera informaci\u00f3n 1er trimestre 2015 Construcci\u00f3n de emisor norte 1er etapa Obras y Servicios P\u00fablicos Alumbrado acceso a maquiladora Obras y Servicios P\u00fablicos Urbanizaci\u00f3n de acceso a maquiladora Obras y Servicios P\u00fablicos 2\u00b0 trimestre 2015 Equipamiento pozo de los Conde, Tierra&hellip;<\/p>\n","protected":false},"author":1,"featured_media":0,"parent":7,"menu_order":0,"comment_status":"open","ping_status":"open","template":"","meta":{"_monsterinsights_skip_tracking":false,"_monsterinsights_sitenote_active":false,"_monsterinsights_sitenote_note":"","_monsterinsights_sitenote_category":0,"footnotes":""},"class_list":["post-44","page","type-page","status-publish","hentry"],"_links":{"self":[{"href":"https:\/\/riograndezac.gob.mx\/informatica\/index.php?rest_route=\/wp\/v2\/pages\/44","targetHints":{"allow":["GET"]}}],"collection":[{"href":"https:\/\/riograndezac.gob.mx\/informatica\/index.php?rest_route=\/wp\/v2\/pages"}],"about":[{"href":"https:\/\/riograndezac.gob.mx\/informatica\/index.php?rest_route=\/wp\/v2\/types\/page"}],"author":[{"embeddable":true,"href":"https:\/\/riograndezac.gob.mx\/informatica\/index.php?rest_route=\/wp\/v2\/users\/1"}],"replies":[{"embeddable":true,"href":"https:\/\/riograndezac.gob.mx\/informatica\/index.php?rest_route=%2Fwp%2Fv2%2Fcomments&post=44"}],"version-history":[{"count":26,"href":"https:\/\/riograndezac.gob.mx\/informatica\/index.php?rest_route=\/wp\/v2\/pages\/44\/revisions"}],"predecessor-version":[{"id":2589,"href":"https:\/\/riograndezac.gob.mx\/informatica\/index.php?rest_route=\/wp\/v2\/pages\/44\/revisions\/2589"}],"up":[{"embeddable":true,"href":"https:\/\/riograndezac.gob.mx\/informatica\/index.php?rest_route=\/wp\/v2\/pages\/7"}],"wp:attachment":[{"href":"https:\/\/riograndezac.gob.mx\/informatica\/index.php?rest_route=%2Fwp%2Fv2%2Fmedia&parent=44"}],"curies":[{"name":"wp","href":"https:\/\/api.w.org\/{rel}","templated":true}]}}