{"id":47,"date":"2016-01-10T19:41:14","date_gmt":"2016-01-11T01:41:14","guid":{"rendered":"http:\/\/riograndezac.gob.mx\/informatica\/?page_id=47"},"modified":"2016-02-02T12:26:28","modified_gmt":"2016-02-02T18:26:28","slug":"xi-la-informacion-detallada-de-las-obras","status":"publish","type":"page","link":"https:\/\/riograndezac.gob.mx\/informatica\/?page_id=47","title":{"rendered":"XI. LA INFORMACI\u00d3N DETALLADA DE LAS OBRAS QUE DIRECTA O INDIRECTAMENTE"},"content":{"rendered":"<p style=\"text-align: justify;\"><strong>La informaci\u00f3n detallada de las obras que directa o indirectamente se ejecuten con cargo al presupuesto p\u00fablico, con pr\u00e9stamos, subvenciones o aportaciones privadas de car\u00e1cter nacional e internacional. En este caso, deber\u00e1 precisarse el nombre de la persona f\u00edsica o moral responsable dela obra, monto, lugar, plazo de ejecuci\u00f3n, entidad p\u00fablica y servidores p\u00fablicos responsables de la obra y mecanismos de vigilancia ciudadana.<\/strong><\/p>\n<div style=\"text-align: right;\">\n<p>Informaci\u00f3n actualizada al 4\u00b0 trimestre 2015<\/p>\n<p style=\"text-align: left;\"><strong>Nota:<\/strong> La informaci\u00f3n de esta fracci\u00f3n es proporcionada por Obras y Servicios P\u00fablicos<\/p>\n<ul>\n<li>\n<div align=\"left\"><a href=\"http:\/\/media.riograndezac.gob.mx\/riograndezac.gob.mx\/archivos\/transparencia\/fraccionXI\/2015\/1er_trimestre\/OBRAS%20ENERO-MARZO%202015.pdf\" target=\"_blank\">Listado de obras 1er trimestre 2015<\/a><\/div>\n<\/li>\n<li style=\"text-align: left;\"><a href=\"http:\/\/media.riograndezac.gob.mx\/riograndezac.gob.mx\/archivos\/transparencia\/fraccionXI\/2015\/2do_trimestre\/OBRAS%20ABRIL-JUNIO%202015.pdf\" target=\"_blank\">Listado de obras 2\u00b0 trimestre 2015<\/a><\/li>\n<li style=\"text-align: left;\"><a href=\"http:\/\/media.riograndezac.gob.mx\/riograndezac.gob.mx\/archivos\/transparencia\/fraccionXI\/2015\/3er_trimeste\/Listado_de_obras_3er_trim_2015.pdf\" target=\"_blank\">Listado de obras 3er trimestre 2015<\/a><\/li>\n<li style=\"text-align: left;\"><a href=\"http:\/\/media.riograndezac.gob.mx\/riograndezac.gob.mx\/archivos\/transparencia\/fraccionXI\/2015\/4to_trimestre\/Listado_de_obras_4to_trim_2015.pdf\" target=\"_blank\">Listado de obras 4\u00b0 trimestre 2015<\/a><\/li>\n<\/ul>\n<\/div>\n<div style=\"text-align: left;\">\n<hr \/>\n<p style=\"text-align: center;\"><strong>Informaci\u00f3n 2014<\/strong><\/p>\n<ul>\n<li><a href=\"http:\/\/media.riograndezac.gob.mx\/riograndezac.gob.mx\/archivos\/transparencia\/fraccionXI\/2014\/listado_de_obras_publicas.pdf\" target=\"_blank\">Listado de obras administraci\u00f3n 2013-2016<\/a><\/li>\n<li><a href=\"http:\/\/media.riograndezac.gob.mx\/riograndezac.gob.mx\/archivos\/transparencia\/fraccionXI\/2014\/Listado_de_Obras_EM2014.pdf\" target=\"_blank\">Listado de obras 1er trimestres 2014<\/a><\/li>\n<li><a href=\"http:\/\/media.riograndezac.gob.mx\/riograndezac.gob.mx\/archivos\/transparencia\/fraccionXI\/2014\/Listado_de_obras_2o_trim_2014.pdf\" target=\"_blank\">Listado de obras 2\u00b0 trimestres 2014<\/a><\/li>\n<li><a href=\"http:\/\/media.riograndezac.gob.mx\/riograndezac.gob.mx\/archivos\/transparencia\/fraccionXI\/2014\/LISTADO_OBRAS_3ER_TRIMESTRE_2014.pdf\" target=\"_blank\">Listado de obras 3er trimestres 2014<\/a><\/li>\n<li><a href=\"http:\/\/media.riograndezac.gob.mx\/riograndezac.gob.mx\/archivos\/transparencia\/fraccionXI\/2014\/Listado_obras_4to_trim_2014.pdf\" target=\"_blank\">Listado de obras 4\u00b0 trimestres 2014<\/a><\/li>\n<\/ul>\n<\/div>\n<hr \/>\n<p>&nbsp;<\/p>\n<div style=\"text-align: left;\">\n<ul>\n<li><a href=\"http:\/\/media.riograndezac.gob.mx\/riograndezac.gob.mx\/archivos\/transparencia\/fraccionXI\/programa_mpal_obra-2011.pdf\" target=\"_blank\">Programa Municipal de Obras 2011<\/a><\/li>\n<li><a href=\"http:\/\/media.riograndezac.gob.mx\/riograndezac.gob.mx\/archivos\/transparencia\/fraccionXI\/INFORMACION_DE_OBRAS_HABITAT.pdf\" target=\"_blank\">Obras Habitat 2011<\/a><\/li>\n<li><a href=\"http:\/\/desarrollo.riograndezac.gob.mx\/informes-de-obras\/consultar-obras-3x1\/2011\" target=\"_blank\">Obras 3&#215;1<\/a><\/li>\n<li><a href=\"http:\/\/media.riograndezac.gob.mx\/riograndezac.gob.mx\/archivos\/transparencia\/fraccionXI\/INFORMACION_INFRAESTRUCTURA_DEPORTIVA.pdf\" target=\"_blank\">Infraestructura Deportiva<\/a><\/li>\n<li><a href=\"http:\/\/media.riograndezac.gob.mx\/riograndezac.gob.mx\/archivos\/transparencia\/fraccionXI\/INFORMACION_DE_OBRAS_FONDO_III.pdf\" target=\"_blank\">Fondo III<\/a><\/li>\n<li><a href=\"http:\/\/media.riograndezac.gob.mx\/riograndezac.gob.mx\/archivos\/transparencia\/fraccionXI\/INFORMACION_DE_OBRAS_FONDO_IV.pdf\" target=\"_blank\">Fondo IV<\/a><\/li>\n<li><a href=\"http:\/\/media.riograndezac.gob.mx\/riograndezac.gob.mx\/archivos\/transparencia\/fraccionXI\/FOPAM_2011_OBRASPuBLICAS.pdf\" target=\"_blank\">FOPAM OBRAS PUBLICAS<\/a><\/li>\n<\/ul>\n<\/div>\n<p>Tambi\u00e9n puede consultar en:<\/p>\n<p>Enlace para ver obras del Fondo III 2011 &#8212;&#8211; <em><a href=\"http:\/\/desarrollo.riograndezac.gob.mx\/informes-de-obras\/consultar\/2011\" target=\"_blank\">Click\u00a0Aqu\u00ed<\/a><\/em><\/p>\n<h3><em><strong>Trimestres oct-dic<\/strong><\/em><\/h3>\n<ul>\n<li><a href=\"http:\/\/media.riograndezac.gob.mx\/riograndezac.gob.mx\/archivos\/transparencia\/fraccionXI\/4to_tirm_fIII.pdf\" target=\"_blank\">Obras Fondo III<\/a><\/li>\n<li><a href=\"http:\/\/media.riograndezac.gob.mx\/riograndezac.gob.mx\/archivos\/transparencia\/fraccionXI\/4to_trim_FIV.pdf\" target=\"_blank\">Obras Fondo IV<\/a><\/li>\n<\/ul>\n<h3>Tercer Trimestre 2012<\/h3>\n<ul>\n<li><a href=\"http:\/\/media.riograndezac.gob.mx\/riograndezac.gob.mx\/archivos\/transparencia\/fraccionXI\/2012_TERCER_TRIMESTRE_32.pdf\" target=\"_blank\">Obras Fondo III<\/a><\/li>\n<li><a href=\"http:\/\/media.riograndezac.gob.mx\/riograndezac.gob.mx\/archivos\/transparencia\/fraccionXI\/2012_TERCER TRIMESTRE_32_fiv.pdf\" target=\"_blank\">Obras Fondo IV<\/a><\/li>\n<\/ul>\n<hr \/>\n<p>&nbsp;<\/p>\n<ul>\n<li><a href=\"http:\/\/media.riograndezac.gob.mx\/riograndezac.gob.mx\/archivos\/transparencia\/fraccionXI\/coprovi_2012.pdf\" target=\"_blank\">Apoyos COPROVI 2012<\/a><\/li>\n<li><a href=\"http:\/\/media.riograndezac.gob.mx\/riograndezac.gob.mx\/archivos\/transparencia\/fraccionXI\/auxiliar_de_obra_transparencia.pdf\" target=\"_blank\">auxiliar FOPADEM<\/a> 2012<\/li>\n<li><a href=\"http:\/\/media.riograndezac.gob.mx\/riograndezac.gob.mx\/archivos\/transparencia\/fraccionXI\/RESUMEN_OBRAS_CONADE_FIDEM_FOPADEM.pdf\" target=\"_blank\">RESUMEN PROGRAMAS CONADE, FIDEM Y FOPADEM\u00a02012<\/a><\/li>\n<\/ul>\n","protected":false},"excerpt":{"rendered":"<p>La informaci\u00f3n detallada de las obras que directa o indirectamente se ejecuten con cargo al presupuesto p\u00fablico, con pr\u00e9stamos, subvenciones o aportaciones privadas de car\u00e1cter nacional e internacional. En este caso, deber\u00e1 precisarse el nombre de la persona f\u00edsica o moral responsable dela obra, monto, lugar, plazo de ejecuci\u00f3n, entidad p\u00fablica y servidores p\u00fablicos responsables de la obra y mecanismos de vigilancia ciudadana. Informaci\u00f3n actualizada al 4\u00b0 trimestre 2015 Nota: La informaci\u00f3n de esta fracci\u00f3n es proporcionada por Obras y Servicios P\u00fablicos Listado de obras 1er trimestre 2015 Listado de&hellip;<\/p>\n","protected":false},"author":1,"featured_media":0,"parent":7,"menu_order":0,"comment_status":"open","ping_status":"open","template":"","meta":{"_monsterinsights_skip_tracking":false,"_monsterinsights_sitenote_active":false,"_monsterinsights_sitenote_note":"","_monsterinsights_sitenote_category":0,"footnotes":""},"class_list":["post-47","page","type-page","status-publish","hentry"],"_links":{"self":[{"href":"https:\/\/riograndezac.gob.mx\/informatica\/index.php?rest_route=\/wp\/v2\/pages\/47","targetHints":{"allow":["GET"]}}],"collection":[{"href":"https:\/\/riograndezac.gob.mx\/informatica\/index.php?rest_route=\/wp\/v2\/pages"}],"about":[{"href":"https:\/\/riograndezac.gob.mx\/informatica\/index.php?rest_route=\/wp\/v2\/types\/page"}],"author":[{"embeddable":true,"href":"https:\/\/riograndezac.gob.mx\/informatica\/index.php?rest_route=\/wp\/v2\/users\/1"}],"replies":[{"embeddable":true,"href":"https:\/\/riograndezac.gob.mx\/informatica\/index.php?rest_route=%2Fwp%2Fv2%2Fcomments&post=47"}],"version-history":[{"count":16,"href":"https:\/\/riograndezac.gob.mx\/informatica\/index.php?rest_route=\/wp\/v2\/pages\/47\/revisions"}],"predecessor-version":[{"id":2532,"href":"https:\/\/riograndezac.gob.mx\/informatica\/index.php?rest_route=\/wp\/v2\/pages\/47\/revisions\/2532"}],"up":[{"embeddable":true,"href":"https:\/\/riograndezac.gob.mx\/informatica\/index.php?rest_route=\/wp\/v2\/pages\/7"}],"wp:attachment":[{"href":"https:\/\/riograndezac.gob.mx\/informatica\/index.php?rest_route=%2Fwp%2Fv2%2Fmedia&parent=47"}],"curies":[{"name":"wp","href":"https:\/\/api.w.org\/{rel}","templated":true}]}}