{"id":5192,"date":"2019-07-23T13:59:10","date_gmt":"2019-07-23T18:59:10","guid":{"rendered":"http:\/\/riograndezac.gob.mx\/informatica\/?page_id=5192"},"modified":"2023-09-21T09:51:12","modified_gmt":"2023-09-21T14:51:12","slug":"aviso-de-privacidad","status":"publish","type":"page","link":"https:\/\/riograndezac.gob.mx\/informatica\/?page_id=5192","title":{"rendered":"Aviso de Privacidad"},"content":{"rendered":"\n<p class=\"has-text-align-center\"><\/p>\n\n\n\n<p><strong>Aviso de Privacidad Actas Registro Civil<\/strong><\/p>\n\n\n<a href=\"https:\/\/riograndezac.gob.mx\/informatica\/wp-content\/uploads\/2023\/09\/Aviso-de-Privacidad-Actas-Registro-Civil.pdf\" class=\"pdfemb-viewer\" style=\"\" data-width=\"max\" data-height=\"max\" data-toolbar=\"bottom\" data-toolbar-fixed=\"off\">Aviso-de-Privacidad-Actas-Registro-Civil<\/a>\n<p class=\"wp-block-pdfemb-pdf-embedder-viewer\"><\/p>\n\n\n\n<p><strong>Aviso de Privacidad Agropecuario<\/strong><\/p>\n\n\n<a href=\"https:\/\/riograndezac.gob.mx\/informatica\/wp-content\/uploads\/2023\/09\/Aviso-de-Privacidad-Agropecuario.pdf\" class=\"pdfemb-viewer\" style=\"\" data-width=\"max\" data-height=\"max\" data-toolbar=\"bottom\" data-toolbar-fixed=\"off\">Aviso-de-Privacidad-Agropecuario<\/a>\n<p class=\"wp-block-pdfemb-pdf-embedder-viewer\"><\/p>\n\n\n\n<p><strong>Aviso de Privacidad Biblioteca<\/strong><\/p>\n\n\n<a href=\"https:\/\/riograndezac.gob.mx\/informatica\/wp-content\/uploads\/2023\/09\/Aviso-de-Privacidad-Biblioteca.pdf\" class=\"pdfemb-viewer\" style=\"\" data-width=\"max\" data-height=\"max\" data-toolbar=\"bottom\" data-toolbar-fixed=\"off\">Aviso-de-Privacidad-Biblioteca<\/a>\n<p class=\"wp-block-pdfemb-pdf-embedder-viewer\"><\/p>\n\n\n\n<p><strong>Aviso de Privacidad Cartilla Militar Secretar\u00eda<\/strong><\/p>\n\n\n<a href=\"https:\/\/riograndezac.gob.mx\/informatica\/wp-content\/uploads\/2023\/09\/Aviso-de-Privacidad-Cartilla-Militar-Secretaria.pdf\" class=\"pdfemb-viewer\" style=\"\" data-width=\"max\" data-height=\"max\" data-toolbar=\"bottom\" data-toolbar-fixed=\"off\">Aviso-de-Privacidad-Cartilla-Militar-Secretaria<\/a>\n<p class=\"wp-block-pdfemb-pdf-embedder-viewer\"><\/p>\n\n\n\n<p><strong>Aviso de Privacidad Catastro y predial<\/strong><\/p>\n\n\n<a href=\"https:\/\/riograndezac.gob.mx\/informatica\/wp-content\/uploads\/2023\/09\/Aviso-de-Privacidad-Catastro-y-predial.pdf\" class=\"pdfemb-viewer\" style=\"\" data-width=\"max\" data-height=\"max\" data-toolbar=\"bottom\" data-toolbar-fixed=\"off\">Aviso-de-Privacidad-Catastro-y-predial<\/a>\n<p class=\"wp-block-pdfemb-pdf-embedder-viewer\"><\/p>\n\n\n\n<p><strong>Aviso de Privacidad CDC Estrella<\/strong><\/p>\n\n\n<a href=\"https:\/\/riograndezac.gob.mx\/informatica\/wp-content\/uploads\/2023\/09\/Aviso-de-Privacidad-CDC-Estrella.pdf\" class=\"pdfemb-viewer\" style=\"\" data-width=\"max\" data-height=\"max\" data-toolbar=\"bottom\" data-toolbar-fixed=\"off\">Aviso-de-Privacidad-CDC-Estrella<\/a>\n<p class=\"wp-block-pdfemb-pdf-embedder-viewer\"><\/p>\n\n\n\n<p><strong>Aviso de Privacidad CDC Olimpico<\/strong><\/p>\n\n\n<a href=\"https:\/\/riograndezac.gob.mx\/informatica\/wp-content\/uploads\/2023\/09\/Aviso-de-Privacidad-CDC-Olimpico.pdf\" class=\"pdfemb-viewer\" style=\"\" data-width=\"max\" data-height=\"max\" data-toolbar=\"bottom\" data-toolbar-fixed=\"off\">Aviso-de-Privacidad-CDC-Olimpico<\/a>\n<p class=\"wp-block-pdfemb-pdf-embedder-viewer\"><\/p>\n\n\n\n<p><strong>Aviso de Privacidad CEBIS<\/strong><\/p>\n\n\n<a href=\"https:\/\/riograndezac.gob.mx\/informatica\/wp-content\/uploads\/2023\/09\/Aviso-de-Privacidad-CEBIS.pdf\" class=\"pdfemb-viewer\" style=\"\" data-width=\"max\" data-height=\"max\" data-toolbar=\"bottom\" data-toolbar-fixed=\"off\">Aviso-de-Privacidad-CEBIS<\/a>\n<p class=\"wp-block-pdfemb-pdf-embedder-viewer\"><\/p>\n\n\n\n<p><strong>Aviso de Privacidad Comercio<\/strong><\/p>\n\n\n<a href=\"https:\/\/riograndezac.gob.mx\/informatica\/wp-content\/uploads\/2023\/09\/Aviso-de-Privacidad-Comercio.pdf\" class=\"pdfemb-viewer\" style=\"\" data-width=\"max\" data-height=\"max\" data-toolbar=\"bottom\" data-toolbar-fixed=\"off\">Aviso-de-Privacidad-Comercio<\/a>\n<p class=\"wp-block-pdfemb-pdf-embedder-viewer\"><\/p>\n\n\n\n<p><strong>Aviso de Privacidad Comunicaci\u00f3n Social<\/strong><\/p>\n\n\n<a href=\"https:\/\/riograndezac.gob.mx\/informatica\/wp-content\/uploads\/2023\/09\/Aviso-de-Privacidad-Comunicacion-Social.pdf\" class=\"pdfemb-viewer\" style=\"\" data-width=\"max\" data-height=\"max\" data-toolbar=\"bottom\" data-toolbar-fixed=\"off\">Aviso-de-Privacidad-Comunicacion-Social<\/a>\n<p class=\"wp-block-pdfemb-pdf-embedder-viewer\"><\/p>\n\n\n\n<p><strong>Aviso de Privacidad Constancias Secretar\u00eda<\/strong><\/p>\n\n\n<a href=\"https:\/\/riograndezac.gob.mx\/informatica\/wp-content\/uploads\/2023\/09\/Aviso-de-Privacidad-Constancias-Secretaria.pdf\" class=\"pdfemb-viewer\" style=\"\" data-width=\"max\" data-height=\"max\" data-toolbar=\"bottom\" data-toolbar-fixed=\"off\">Aviso-de-Privacidad-Constancias-Secretaria<\/a>\n<p class=\"wp-block-pdfemb-pdf-embedder-viewer\"><\/p>\n\n\n\n<p><strong>Aviso de Privacidad Contratos RH<\/strong><\/p>\n\n\n<a href=\"https:\/\/riograndezac.gob.mx\/informatica\/wp-content\/uploads\/2023\/09\/Aviso-de-Privacidad-Contratos-RH.pdf\" class=\"pdfemb-viewer\" style=\"\" data-width=\"max\" data-height=\"max\" data-toolbar=\"bottom\" data-toolbar-fixed=\"off\">Aviso-de-Privacidad-Contratos-RH<\/a>\n<p class=\"wp-block-pdfemb-pdf-embedder-viewer\"><\/p>\n\n\n\n<p><strong>Aviso de Privacidad Coordinaci\u00f3n de Educaci\u00f3n<\/strong><\/p>\n\n\n<a href=\"https:\/\/riograndezac.gob.mx\/informatica\/wp-content\/uploads\/2023\/09\/Aviso-de-Privacidad-Coordinacion-de-Educacion.pdf\" class=\"pdfemb-viewer\" style=\"\" data-width=\"max\" data-height=\"max\" data-toolbar=\"bottom\" data-toolbar-fixed=\"off\">Aviso-de-Privacidad-Coordinacion-de-Educacion<\/a>\n<p class=\"wp-block-pdfemb-pdf-embedder-viewer\"><\/p>\n\n\n\n<p><strong>Aviso de Privacidad Cultura<\/strong><\/p>\n\n\n<a href=\"https:\/\/riograndezac.gob.mx\/informatica\/wp-content\/uploads\/2023\/09\/Aviso-de-Privacidad-Cultura.pdf\" class=\"pdfemb-viewer\" style=\"\" data-width=\"max\" data-height=\"max\" data-toolbar=\"bottom\" data-toolbar-fixed=\"off\">Aviso-de-Privacidad-Cultura<\/a>\n<p class=\"wp-block-pdfemb-pdf-embedder-viewer\"><\/p>\n\n\n\n<p><strong>Aviso de Privacidad CURP Registro Civil<\/strong><\/p>\n\n\n<a href=\"https:\/\/riograndezac.gob.mx\/informatica\/wp-content\/uploads\/2023\/09\/Aviso-de-Privacidad-CURP-Registro-Civil.pdf\" class=\"pdfemb-viewer\" style=\"\" data-width=\"max\" data-height=\"max\" data-toolbar=\"bottom\" data-toolbar-fixed=\"off\">Aviso-de-Privacidad-CURP-Registro-Civil<\/a>\n<p class=\"wp-block-pdfemb-pdf-embedder-viewer\"><\/p>\n\n\n\n<p><strong>Aviso de Privacidad Departamento de Alcoholes<\/strong><\/p>\n\n\n<a href=\"https:\/\/riograndezac.gob.mx\/informatica\/wp-content\/uploads\/2023\/09\/Aviso-de-Privacidad-Departamento-de-Alcoholes.pdf\" class=\"pdfemb-viewer\" style=\"\" data-width=\"max\" data-height=\"max\" data-toolbar=\"bottom\" data-toolbar-fixed=\"off\">Aviso-de-Privacidad-Departamento-de-Alcoholes<\/a>\n<p class=\"wp-block-pdfemb-pdf-embedder-viewer\"><\/p>\n\n\n\n<p><strong>Aviso de Privacidad Deporte<\/strong><\/p>\n\n\n<a href=\"https:\/\/riograndezac.gob.mx\/informatica\/wp-content\/uploads\/2023\/09\/Aviso-de-Privacidad-Deporte.pdf\" class=\"pdfemb-viewer\" style=\"\" data-width=\"max\" data-height=\"max\" data-toolbar=\"bottom\" data-toolbar-fixed=\"off\">Aviso-de-Privacidad-Deporte<\/a>\n<p class=\"wp-block-pdfemb-pdf-embedder-viewer\"><\/p>\n\n\n\n<p><strong>Aviso de Privacidad Desarrollo Econ\u00f3mico y Social<\/strong><\/p>\n\n\n<a href=\"https:\/\/riograndezac.gob.mx\/informatica\/wp-content\/uploads\/2023\/09\/Aviso-de-Privacidad-Desarrollo-Economico-y-Social.pdf\" class=\"pdfemb-viewer\" style=\"\" data-width=\"max\" data-height=\"max\" data-toolbar=\"bottom\" data-toolbar-fixed=\"off\">Aviso-de-Privacidad-Desarrollo-Economico-y-Social<\/a>\n<p class=\"wp-block-pdfemb-pdf-embedder-viewer\"><\/p>\n\n\n\n<p><strong>Aviso de Privacidad Despacho del Presidente<\/strong><\/p>\n\n\n<a href=\"https:\/\/riograndezac.gob.mx\/informatica\/wp-content\/uploads\/2023\/09\/Aviso-de-Privacidad-Despacho-del-Presidente.pdf\" class=\"pdfemb-viewer\" style=\"\" data-width=\"max\" data-height=\"max\" data-toolbar=\"bottom\" data-toolbar-fixed=\"off\">Aviso-de-Privacidad-Despacho-del-Presidente<\/a>\n<p class=\"wp-block-pdfemb-pdf-embedder-viewer\"><\/p>\n\n\n\n<p><strong>Aviso de Privacidad DIF<\/strong><\/p>\n\n\n<a href=\"https:\/\/riograndezac.gob.mx\/informatica\/wp-content\/uploads\/2023\/09\/Aviso-de-Privacidad-DIF.pdf\" class=\"pdfemb-viewer\" style=\"\" data-width=\"max\" data-height=\"max\" data-toolbar=\"bottom\" data-toolbar-fixed=\"off\">Aviso-de-Privacidad-DIF<\/a>\n<p class=\"wp-block-pdfemb-pdf-embedder-viewer\"><\/p>\n\n\n\n<p><strong>Aviso de Privacidad Divorcio Registro Civil<\/strong><\/p>\n\n\n<a href=\"https:\/\/riograndezac.gob.mx\/informatica\/wp-content\/uploads\/2023\/09\/Aviso-de-Privacidad-Divorcio-Registro-Civil.pdf\" class=\"pdfemb-viewer\" style=\"\" data-width=\"max\" data-height=\"max\" data-toolbar=\"bottom\" data-toolbar-fixed=\"off\">Aviso-de-Privacidad-Divorcio-Registro-Civil<\/a>\n<p class=\"wp-block-pdfemb-pdf-embedder-viewer\"><\/p>\n\n\n\n<p><strong>Aviso de Privacidad Ecolog\u00eda<\/strong><\/p>\n\n\n<a href=\"https:\/\/riograndezac.gob.mx\/informatica\/wp-content\/uploads\/2023\/09\/Aviso-de-Privacidad-Ecologia.pdf\" class=\"pdfemb-viewer\" style=\"\" data-width=\"max\" data-height=\"max\" data-toolbar=\"bottom\" data-toolbar-fixed=\"off\">Aviso-de-Privacidad-Ecologia<\/a>\n<p class=\"wp-block-pdfemb-pdf-embedder-viewer\"><\/p>\n\n\n\n<p><strong>Aviso de Privacidad IMMRG<\/strong><\/p>\n\n\n<a href=\"https:\/\/riograndezac.gob.mx\/informatica\/wp-content\/uploads\/2023\/09\/Aviso-de-Privacidad-IMMRG.pdf\" class=\"pdfemb-viewer\" style=\"\" data-width=\"max\" data-height=\"max\" data-toolbar=\"bottom\" data-toolbar-fixed=\"off\">Aviso-de-Privacidad-IMMRG<\/a>\n<p class=\"wp-block-pdfemb-pdf-embedder-viewer\"><\/p>\n\n\n\n<p><strong>Aviso de Privacidad Inform\u00e1tica<\/strong><\/p>\n\n\n<a href=\"https:\/\/riograndezac.gob.mx\/informatica\/wp-content\/uploads\/2023\/09\/Aviso-de-Privacidad-Informatica.pdf\" class=\"pdfemb-viewer\" style=\"\" data-width=\"max\" data-height=\"max\" data-toolbar=\"bottom\" data-toolbar-fixed=\"off\">Aviso-de-Privacidad-Informatica<\/a>\n<p class=\"wp-block-pdfemb-pdf-embedder-viewer\"><\/p>\n\n\n\n<p><strong>Aviso de Privacidad Juventud<\/strong><\/p>\n\n\n<a href=\"https:\/\/riograndezac.gob.mx\/informatica\/wp-content\/uploads\/2023\/09\/Aviso-de-Privacidad-Juventud.pdf\" class=\"pdfemb-viewer\" style=\"\" data-width=\"max\" data-height=\"max\" data-toolbar=\"bottom\" data-toolbar-fixed=\"off\">Aviso-de-Privacidad-Juventud<\/a>\n<p class=\"wp-block-pdfemb-pdf-embedder-viewer\"><\/p>\n\n\n\n<p><strong>Aviso de Privacidad Matrimonio Registro Civil<\/strong><\/p>\n\n\n<a href=\"https:\/\/riograndezac.gob.mx\/informatica\/wp-content\/uploads\/2023\/09\/Aviso-de-Privacidad-Nacimiento-Registro-Civil.pdf\" class=\"pdfemb-viewer\" style=\"\" data-width=\"max\" data-height=\"max\" data-toolbar=\"bottom\" data-toolbar-fixed=\"off\">Aviso-de-Privacidad-Nacimiento-Registro-Civil<\/a>\n<p class=\"wp-block-pdfemb-pdf-embedder-viewer\"><\/p>\n\n\n\n<p><strong>Aviso de Privacidad Migrante<\/strong><\/p>\n\n\n<a href=\"https:\/\/riograndezac.gob.mx\/informatica\/wp-content\/uploads\/2023\/09\/Aviso-de-Privacidad-Migrante.pdf\" class=\"pdfemb-viewer\" style=\"\" data-width=\"max\" data-height=\"max\" data-toolbar=\"bottom\" data-toolbar-fixed=\"off\">Aviso-de-Privacidad-Migrante<\/a>\n<p class=\"wp-block-pdfemb-pdf-embedder-viewer\"><\/p>\n\n\n\n<p><strong>Aviso de Privacidad Nacimiento Registro Civil<\/strong><\/p>\n\n\n<a href=\"https:\/\/riograndezac.gob.mx\/informatica\/wp-content\/uploads\/2023\/09\/Aviso-de-Privacidad-Matrimonio-Registro-Civil.pdf\" class=\"pdfemb-viewer\" style=\"\" data-width=\"max\" data-height=\"max\" data-toolbar=\"bottom\" data-toolbar-fixed=\"off\">Aviso-de-Privacidad-Matrimonio-Registro-Civil<\/a>\n<p class=\"wp-block-pdfemb-pdf-embedder-viewer\"><\/p>\n\n\n\n<p><strong>Aviso de Privacidad Obras P\u00fablicas<\/strong><\/p>\n\n\n<a href=\"https:\/\/riograndezac.gob.mx\/informatica\/wp-content\/uploads\/2023\/09\/Aviso-de-Privacidad-Obras-Publicas.pdf\" class=\"pdfemb-viewer\" style=\"\" data-width=\"max\" data-height=\"max\" data-toolbar=\"bottom\" data-toolbar-fixed=\"off\">Aviso-de-Privacidad-Obras-Publicas<\/a>\n<p class=\"wp-block-pdfemb-pdf-embedder-viewer\"><\/p>\n\n\n\n<p><strong>Aviso de Privacidad OIC<\/strong><\/p>\n\n\n<a href=\"https:\/\/riograndezac.gob.mx\/informatica\/wp-content\/uploads\/2023\/09\/Aviso-de-Privacidad-OIC.pdf\" class=\"pdfemb-viewer\" style=\"\" data-width=\"max\" data-height=\"max\" data-toolbar=\"bottom\" data-toolbar-fixed=\"off\">Aviso-de-Privacidad-OIC<\/a>\n<p class=\"wp-block-pdfemb-pdf-embedder-viewer\"><\/p>\n\n\n\n<p><strong>Aviso de Privacidad Permiso Eventos Secretar\u00eda<\/strong><\/p>\n\n\n<a href=\"https:\/\/riograndezac.gob.mx\/informatica\/wp-content\/uploads\/2023\/09\/Aviso-de-Privacidad-Permiso-Eventos-Secretaria.pdf\" class=\"pdfemb-viewer\" style=\"\" data-width=\"max\" data-height=\"max\" data-toolbar=\"bottom\" data-toolbar-fixed=\"off\">Aviso-de-Privacidad-Permiso-Eventos-Secretaria<\/a>\n<p class=\"wp-block-pdfemb-pdf-embedder-viewer\"><\/p>\n\n\n\n<p><strong>Aviso de Privacidad Protecci\u00f3n Civil<\/strong><\/p>\n\n\n<a href=\"https:\/\/riograndezac.gob.mx\/informatica\/wp-content\/uploads\/2023\/09\/Aviso-de-Privacidad-Proteccion-Civil.pdf\" class=\"pdfemb-viewer\" style=\"\" data-width=\"max\" data-height=\"max\" data-toolbar=\"bottom\" data-toolbar-fixed=\"off\">Aviso-de-Privacidad-Proteccion-Civil<\/a>\n<p class=\"wp-block-pdfemb-pdf-embedder-viewer\"><\/p>\n\n\n\n<p><strong>Aviso de Privacidad Rastro<\/strong><\/p>\n\n\n<a href=\"https:\/\/riograndezac.gob.mx\/informatica\/wp-content\/uploads\/2023\/09\/Aviso-de-Privacidad-Rastro.pdf\" class=\"pdfemb-viewer\" style=\"\" data-width=\"max\" data-height=\"max\" data-toolbar=\"bottom\" data-toolbar-fixed=\"off\">Aviso-de-Privacidad-Rastro<\/a>\n<p class=\"wp-block-pdfemb-pdf-embedder-viewer\"><\/p>\n\n\n\n<p><strong>Aviso de Privacidad Recibos RH<\/strong>.<\/p>\n\n\n<a href=\"https:\/\/riograndezac.gob.mx\/informatica\/wp-content\/uploads\/2023\/09\/Aviso-de-Privacidad-Recibos-RH.pdf\" class=\"pdfemb-viewer\" style=\"\" data-width=\"max\" data-height=\"max\" data-toolbar=\"bottom\" data-toolbar-fixed=\"off\">Aviso-de-Privacidad-Recibos-RH<\/a>\n<p class=\"wp-block-pdfemb-pdf-embedder-viewer\"><\/p>\n\n\n\n<p><strong>Aviso de Privacidad Seguridad P\u00fablica<\/strong><\/p>\n\n\n<a href=\"https:\/\/riograndezac.gob.mx\/informatica\/wp-content\/uploads\/2023\/09\/Aviso-de-Privacidad-Seguridad-Publica.pdf\" class=\"pdfemb-viewer\" style=\"\" data-width=\"max\" data-height=\"max\" data-toolbar=\"bottom\" data-toolbar-fixed=\"off\">Aviso-de-Privacidad-Seguridad-Publica<\/a>\n<p class=\"wp-block-pdfemb-pdf-embedder-viewer\"><\/p>\n\n\n\n<p><strong>Aviso de Privacidad Servicios P\u00fablicos<\/strong><\/p>\n\n\n<a href=\"https:\/\/riograndezac.gob.mx\/informatica\/wp-content\/uploads\/2023\/09\/Aviso-de-Privacidad-Servicios-Publicos.pdf\" class=\"pdfemb-viewer\" style=\"\" data-width=\"max\" data-height=\"max\" data-toolbar=\"bottom\" data-toolbar-fixed=\"off\">Aviso-de-Privacidad-Servicios-Publicos<\/a>\n<p class=\"wp-block-pdfemb-pdf-embedder-viewer\"><\/p>\n\n\n\n<p><strong>Aviso de Privacidad Sindicatura<\/strong><\/p>\n\n\n<a href=\"https:\/\/riograndezac.gob.mx\/informatica\/wp-content\/uploads\/2023\/09\/Aviso-de-Privacidad-Sindicatura.pdf\" class=\"pdfemb-viewer\" style=\"\" data-width=\"max\" data-height=\"max\" data-toolbar=\"bottom\" data-toolbar-fixed=\"off\">Aviso-de-Privacidad-Sindicatura<\/a>\n<p class=\"wp-block-pdfemb-pdf-embedder-viewer\"><\/p>\n\n\n\n<p><strong>Aviso de Privacidad Solter\u00eda Registro Civil<\/strong><\/p>\n\n\n<a href=\"https:\/\/riograndezac.gob.mx\/informatica\/wp-content\/uploads\/2023\/09\/Aviso-de-Privacidad-Solteria-Registro-Civil.pdf\" class=\"pdfemb-viewer\" style=\"\" data-width=\"max\" data-height=\"max\" data-toolbar=\"bottom\" data-toolbar-fixed=\"off\">Aviso-de-Privacidad-Solteria-Registro-Civil<\/a>\n<p class=\"wp-block-pdfemb-pdf-embedder-viewer\"><\/p>\n\n\n\n<p><strong>Aviso de Privacidad Tesorer\u00eda<\/strong><\/p>\n\n\n<a href=\"https:\/\/riograndezac.gob.mx\/informatica\/wp-content\/uploads\/2023\/09\/Aviso-de-Privacidad-Tesoreria.pdf\" class=\"pdfemb-viewer\" style=\"\" data-width=\"max\" data-height=\"max\" data-toolbar=\"bottom\" data-toolbar-fixed=\"off\">Aviso-de-Privacidad-Tesoreria<\/a>\n<p class=\"wp-block-pdfemb-pdf-embedder-viewer\"><\/p>\n\n\n\n<p><strong>Aviso de Privacidad Urbano y Territorial(integral y simplificado)<\/strong><\/p>\n\n\n<a href=\"https:\/\/riograndezac.gob.mx\/informatica\/wp-content\/uploads\/2023\/09\/Aviso-de-Privacidad-Urbano-y-Territorialintegral-y-simplificado.pdf\" class=\"pdfemb-viewer\" style=\"\" data-width=\"max\" data-height=\"max\" data-toolbar=\"bottom\" data-toolbar-fixed=\"off\">Aviso-de-Privacidad-Urbano-y-Territorialintegral-y-simplificado<\/a>\n<p class=\"wp-block-pdfemb-pdf-embedder-viewer\"><\/p>\n\n\n\n<p><strong>Aviso de Privacidad UT<\/strong><\/p>\n\n\n<a href=\"https:\/\/riograndezac.gob.mx\/informatica\/wp-content\/uploads\/2023\/09\/Aviso-de-Privacidad-UT.pdf\" class=\"pdfemb-viewer\" style=\"\" data-width=\"max\" data-height=\"max\" data-toolbar=\"bottom\" data-toolbar-fixed=\"off\">Aviso-de-Privacidad-UT<\/a>\n<p class=\"wp-block-pdfemb-pdf-embedder-viewer\"><\/p>\n","protected":false},"excerpt":{"rendered":"<p>Aviso de Privacidad Actas Registro Civil Aviso de Privacidad Agropecuario Aviso de Privacidad Biblioteca Aviso de Privacidad Cartilla Militar Secretar\u00eda Aviso de Privacidad Catastro y predial Aviso de Privacidad CDC Estrella Aviso de Privacidad CDC Olimpico Aviso de Privacidad CEBIS Aviso de Privacidad Comercio Aviso de Privacidad Comunicaci\u00f3n Social Aviso de Privacidad Constancias Secretar\u00eda Aviso de Privacidad Contratos RH Aviso de Privacidad Coordinaci\u00f3n de Educaci\u00f3n Aviso de Privacidad Cultura Aviso de Privacidad CURP Registro Civil Aviso de Privacidad Departamento de Alcoholes Aviso de Privacidad Deporte Aviso de Privacidad Desarrollo Econ\u00f3mico&hellip;<\/p>\n","protected":false},"author":2,"featured_media":0,"parent":7,"menu_order":0,"comment_status":"closed","ping_status":"closed","template":"","meta":{"_monsterinsights_skip_tracking":false,"_monsterinsights_sitenote_active":false,"_monsterinsights_sitenote_note":"","_monsterinsights_sitenote_category":0,"footnotes":""},"class_list":["post-5192","page","type-page","status-publish","hentry"],"_links":{"self":[{"href":"https:\/\/riograndezac.gob.mx\/informatica\/index.php?rest_route=\/wp\/v2\/pages\/5192","targetHints":{"allow":["GET"]}}],"collection":[{"href":"https:\/\/riograndezac.gob.mx\/informatica\/index.php?rest_route=\/wp\/v2\/pages"}],"about":[{"href":"https:\/\/riograndezac.gob.mx\/informatica\/index.php?rest_route=\/wp\/v2\/types\/page"}],"author":[{"embeddable":true,"href":"https:\/\/riograndezac.gob.mx\/informatica\/index.php?rest_route=\/wp\/v2\/users\/2"}],"replies":[{"embeddable":true,"href":"https:\/\/riograndezac.gob.mx\/informatica\/index.php?rest_route=%2Fwp%2Fv2%2Fcomments&post=5192"}],"version-history":[{"count":82,"href":"https:\/\/riograndezac.gob.mx\/informatica\/index.php?rest_route=\/wp\/v2\/pages\/5192\/revisions"}],"predecessor-version":[{"id":13550,"href":"https:\/\/riograndezac.gob.mx\/informatica\/index.php?rest_route=\/wp\/v2\/pages\/5192\/revisions\/13550"}],"up":[{"embeddable":true,"href":"https:\/\/riograndezac.gob.mx\/informatica\/index.php?rest_route=\/wp\/v2\/pages\/7"}],"wp:attachment":[{"href":"https:\/\/riograndezac.gob.mx\/informatica\/index.php?rest_route=%2Fwp%2Fv2%2Fmedia&parent=5192"}],"curies":[{"name":"wp","href":"https:\/\/api.w.org\/{rel}","templated":true}]}}