{"id":56,"date":"2016-01-10T19:57:56","date_gmt":"2016-01-11T01:57:56","guid":{"rendered":"http:\/\/riograndezac.gob.mx\/informatica\/?page_id=56"},"modified":"2016-02-23T09:54:37","modified_gmt":"2016-02-23T15:54:37","slug":"xi-los-contratos-relacionados-con-la-adquisicion-arrendamientos","status":"publish","type":"page","link":"https:\/\/riograndezac.gob.mx\/informatica\/?page_id=56","title":{"rendered":"XII. LOS CONTRATOS RELACIONADOS CON LA ADQUISICI\u00d3N, ARRENDAMIENTOS"},"content":{"rendered":"<div id=\"_mcePaste\" style=\"text-align: justify;\"><strong>Los contratos relacionados con la adquisici\u00f3n, arrendamientos, concesiones, prestaci\u00f3n de bienes y servicios y sus respectivos anexos.<\/strong><\/div>\n<div style=\"text-align: right;\">\n<p>Informaci\u00f3n actualizada al 4\u00b0 trimestre 2015<\/p>\n<p style=\"text-align: left;\"><strong>Nota:<\/strong> La informaci\u00f3n de esta fracci\u00f3n es proporcionado por Sindicatura<\/p>\n<\/div>\n<div style=\"text-align: right;\"><\/div>\n<div style=\"text-align: right;\">\n<p>&nbsp;<\/p>\n<table style=\"height: 581px;\" border=\"1\" width=\"699\" cellspacing=\"0\" cellpadding=\"0\" align=\"left\">\n<tbody>\n<tr>\n<td valign=\"top\" width=\"10%\" height=\"40\">\n<p align=\"center\"><strong>Ubicaci\u00f3n del inmueble<\/strong><\/p>\n<\/td>\n<td valign=\"top\" width=\"20%\">\n<p align=\"center\"><strong>Descripci\u00f3n<\/strong><\/p>\n<\/td>\n<td valign=\"top\" width=\"16%\">\n<p align=\"center\"><strong>Ubicaci\u00f3n f\u00edsica<\/strong><\/p>\n<\/td>\n<td valign=\"top\" width=\"9%\">\n<p align=\"center\"><strong>Monto<\/strong><\/p>\n<\/td>\n<td valign=\"top\" width=\"19%\">\n<p align=\"center\"><strong>Nombre del Proveedor<\/strong><\/p>\n<\/td>\n<td valign=\"top\" width=\"26%\">\n<div align=\"center\"><strong>Archivo Digital<\/strong><\/div>\n<\/td>\n<\/tr>\n<tr>\n<td valign=\"top\" width=\"10%\">Rio Grande, Zacatecas<\/td>\n<td valign=\"top\" width=\"20%\">Enlace programa OportunidadesApoyo institucional<\/td>\n<td valign=\"top\" width=\"16%\">Calle Nueva No 18-B<\/td>\n<td valign=\"top\" width=\"9%\">$4,640.00 mensuales<\/td>\n<td valign=\"top\" width=\"19%\">Jos\u00e9 \u00c1ngel Villarreal Rend\u00f3n<\/td>\n<td valign=\"top\" width=\"26%\"><a href=\"http:\/\/media.riograndezac.gob.mx\/riograndezac.gob.mx\/archivos\/transparencia\/fraccionXII\/2015\/1er_trimestre\/CONTRATO_ARRENDAMIENTO_JOSE%20ANGEL_VILLARREAL_RENDON.pdf\" target=\"_blank\">Contrato de Arrendamiento<\/a><\/td>\n<\/tr>\n<tr>\n<td valign=\"top\" width=\"10%\">R\u00edo Grande, Zacatecas<\/td>\n<td valign=\"top\" width=\"20%\">Servicio Estatal de EmpleoApoyo institucional<\/td>\n<td valign=\"top\" width=\"16%\">Calle Hidalgo No 64centro<\/td>\n<td valign=\"top\" width=\"9%\">$2,900.00<br \/>\nmensuales<\/td>\n<td valign=\"top\" width=\"19%\">Alejandro Barrios Barrios<\/td>\n<td valign=\"top\" width=\"26%\"><a href=\"http:\/\/media.riograndezac.gob.mx\/riograndezac.gob.mx\/archivos\/transparencia\/fraccionXII\/2015\/1er_trimestre\/CONTRATO_ARRENDAMIENTO_ALEJANDRO_BARRIOS_BARRIOS.pdf\" target=\"_blank\">Contrato de Arrendamiento<\/a><\/td>\n<\/tr>\n<tr>\n<td valign=\"top\" width=\"10%\">R\u00edo Grande, Zacatecas<\/td>\n<td valign=\"top\" width=\"20%\">Bodega de almacenamiento de Materiales<\/td>\n<td valign=\"top\" width=\"16%\">Carretera a Fresnillo km 58 +60<\/td>\n<td valign=\"top\" width=\"9%\">$4,500.00 mensuales<\/td>\n<td valign=\"top\" width=\"19%\">Grecia Isabel P\u00e9rez Mendoza<\/td>\n<td valign=\"top\" width=\"26%\"><a href=\"http:\/\/media.riograndezac.gob.mx\/riograndezac.gob.mx\/archivos\/transparencia\/fraccionXII\/2015\/1er_trimestre\/CONVENIO_DE_ARRENDAMIENTO_DE_GRECIA_ISABEL_PEREZ2.pdf\" target=\"_blank\">Contrato de Arrendamiento<\/a><\/td>\n<\/tr>\n<tr>\n<td valign=\"top\" width=\"10%\">Zacatecas, Zacatecas<\/td>\n<td valign=\"top\" width=\"20%\">Casa habitaci\u00f3n<\/td>\n<td valign=\"top\" width=\"16%\">C. Felix U. G\u00f3mez 413<\/td>\n<td valign=\"top\" width=\"9%\">$20,000.00 mensuales<\/td>\n<td valign=\"top\" width=\"19%\">Carlos Alvarado Campa<\/td>\n<td valign=\"top\" width=\"26%\"><a href=\"http:\/\/media.riograndezac.gob.mx\/riograndezac.gob.mx\/archivos\/transparencia\/fraccionXII\/2015\/4to_trimestre\/CONVENIO_ARRENDAMIENTO_%20DE_CASA_HABITACION.pdf\" target=\"_blank\">Contrato de Arrendamiento<\/a><\/td>\n<\/tr>\n<\/tbody>\n<\/table>\n<p>&nbsp;<\/p>\n<p><em><strong><br \/>\n<\/strong><\/em><\/p>\n<p style=\"text-align: center;\">\n<\/div>\n<table>\n<tbody>\n<tr>\n<td style=\"text-align: center;\" colspan=\"2\">Listado de Adquisiciones<\/td>\n<\/tr>\n<tr>\n<td>\n<ul>\n<li><a href=\"http:\/\/media.riograndezac.gob.mx\/riograndezac.gob.mx\/archivos\/transparencia\/fraccionXII\/2015\/1er_trimestre\/Art.%2011%20fraccion%20XII%20-%20Listado%20de%20Adquisiciones%20%20-%20Analitico%20de%20Activo.pdf\" target=\"_blank\">1er trimestre<\/a><\/li>\n<li><a href=\"http:\/\/media.riograndezac.gob.mx\/riograndezac.gob.mx\/archivos\/transparencia\/fraccionXII\/2015\/2do_trimestre\/Art.%2011%20Fracci\u00f3n%20XII%20-%20Listado%20de%20Adquisiciones%20-%20Analitico%20del%20activo.pdf\" target=\"_blank\">2\u00b0 trimestre<\/a><\/li>\n<li><a href=\"http:\/\/media.riograndezac.gob.mx\/riograndezac.gob.mx\/archivos\/transparencia\/fraccionXII\/2015\/3er_trimestre\/Art.%2011%20Fracci\u00f3n%20XII%20-%20Listado%20de%20adquisiciones%20-%20analitica%20de%20activo.pdf\" target=\"_blank\">3er trimestre<\/a><\/li>\n<li><a href=\"http:\/\/media.riograndezac.gob.mx\/riograndezac.gob.mx\/archivos\/transparencia\/justi4to2015\/Justificacion_4to_trim_2015.pdf\" target=\"_blank\">4\u00b0 trimestre<\/a><\/li>\n<\/ul>\n<\/td>\n<td>\n<ul>\n<li>Tesorer\u00eda<\/li>\n<\/ul>\n<\/td>\n<\/tr>\n<\/tbody>\n<\/table>\n<hr \/>\n<div style=\"text-align: right;\">\n<p style=\"text-align: center;\"><strong>Informaci\u00f3n 2014<\/strong><\/p>\n<p>&nbsp;<\/p>\n<p style=\"text-align: left;\"><span style=\"font-style: normal;\">Listado de adquisiciones<\/span><\/p>\n<ul style=\"text-align: left;\">\n<li style=\"font-weight: bold; font-style: italic;\"><span style=\"font-style: normal; font-weight: normal;\"><a href=\"http:\/\/media.riograndezac.gob.mx\/riograndezac.gob.mx\/archivos\/transparencia\/fraccionXII\/2014\/Adquisiciones_1er_trimestre\/Estado_Analitico_del_Activo_Ene-Mzo.pdf\" target=\"_blank\">1er Trimestre 2014<\/a><\/span><\/li>\n<li style=\"font-weight: bold; font-style: italic;\"><span style=\"font-style: normal; font-weight: normal;\"><a href=\"http:\/\/media.riograndezac.gob.mx\/riograndezac.gob.mx\/archivos\/transparencia\/fraccionXII\/2014\/Adquisiciones_2o_trimestre\/Estado_Analitico_del_Activo_Abri-Jun.pdf\" target=\"_blank\">2\u00b0 trimestgre 2014<\/a><\/span><\/li>\n<li style=\"font-weight: bold; font-style: italic;\"><span style=\"font-style: normal; font-weight: normal;\"><a href=\"http:\/\/media.riograndezac.gob.mx\/riograndezac.gob.mx\/archivos\/transparencia\/fraccionXII\/2014\/3er_trimestre\/Estado_Analitico_del_Activo_Jul-Ago.pdf\" target=\"_blank\">3er trimestre 2014<\/a><\/span><\/li>\n<li style=\"font-weight: bold; font-style: italic;\"><span style=\"font-style: normal; font-weight: normal;\"><a href=\"http:\/\/media.riograndezac.gob.mx\/riograndezac.gob.mx\/archivos\/transparencia\/fraccionXII\/2014\/4to_trimestre\/Articulo%2011%20fraccion%20XII%20Listado%20de%20Adquisiciones%20Analisis%20del%20Activo.pdf\" target=\"_blank\">4\u00b0\u00a0trimestre 2014<\/a><\/span><\/li>\n<li style=\"font-weight: bold; font-style: italic;\"><span style=\"font-style: normal; font-weight: normal;\"><a href=\"http:\/\/media.riograndezac.gob.mx\/riograndezac.gob.mx\/archivos\/transparencia\/fraccionXII\/2014\/3er_trimestre\/Adquisiciones_%202014.pdf\" target=\"_blank\">Listado de Adquisiciones Almacen<\/a><\/span><\/li>\n<\/ul>\n<p>&nbsp;<\/p>\n<ul>\n<li style=\"text-align: left;\"><a href=\"http:\/\/media.riograndezac.gob.mx\/riograndezac.gob.mx\/archivos\/transparencia\/fraccionXII\/2014\/Contratos\/2o%20trimestre%202014\/HONDA%20%20CR-V%20PREMIUM.pdf\" target=\"_blank\">Honda CR-V Premium<\/a><\/li>\n<\/ul>\n<\/div>\n<p><span style=\"font-weight: bold;\">Listado de arrendamientos 2014<\/span><\/p>\n<div style=\"text-align: left;\">\n<ul>\n<li><a href=\"http:\/\/media.riograndezac.gob.mx\/riograndezac.gob.mx\/archivos\/transparencia\/fraccionXII\/2014\/Contratos\/Contrato_C_Alejandro_Barrios_Barrios.pdf\" target=\"_blank\">Contrato de arrendamiento con el C. Alejandro Barrios Barrientos<\/a><\/li>\n<li style=\"text-align: left;\"><a href=\"http:\/\/media.riograndezac.gob.mx\/riograndezac.gob.mx\/archivos\/transparencia\/fraccionXII\/2014\/Contratos\/Contrato_C_Jose_Angel_Villarreal_Redon.pdf\" target=\"_blank\">Contrato de arrendamiento con el C. Jos\u00e9 \u00c1ngel Villareal Red\u00f3n<\/a><\/li>\n<li style=\"text-align: left;\"><a href=\"http:\/\/media.riograndezac.gob.mx\/riograndezac.gob.mx\/archivos\/transparencia\/fraccionXII\/2014\/Contratos\/Contrato_C_Ma_Dolores_Hernandez_Ramirez.pdf\" target=\"_blank\">Contrato de arrendamiento con la C. Ma. Dolores Hern\u00e1ndez Ram\u00edrez<\/a><\/li>\n<li style=\"text-align: left;\"><a href=\"http:\/\/media.riograndezac.gob.mx\/riograndezac.gob.mx\/archivos\/transparencia\/fraccionXII\/2014\/Contratos\/Contrato_C_Raul_Zuniga_Flores.pdf\" target=\"_blank\">Contrato de arrendamiento con el C. Ra\u00fal Z\u00fa\u00f1iga Flores<\/a><\/li>\n<li style=\"text-align: left;\"><a href=\"http:\/\/media.riograndezac.gob.mx\/riograndezac.gob.mx\/archivos\/transparencia\/fraccionXII\/2014\/Contratos\/Contrato_C_Rosa_Maria_Aguilera_Rodriguez.pdf\" target=\"_blank\">Contrato de arrendamiento con la C. Rosa Mar\u00eda Aguilera Rodr\u00edguez<\/a><\/li>\n<li style=\"text-align: left;\"><a href=\"http:\/\/media.riograndezac.gob.mx\/riograndezac.gob.mx\/archivos\/transparencia\/fraccionXII\/2014\/Contratos\/Contrato_C_Sergio_Hernandez_Cuevas.pdf\" target=\"_blank\">Contrato de arrendamiento con el C. Sergio Hern\u00e1ndez Cuevas<\/a><\/li>\n<li style=\"text-align: left;\"><a href=\"http:\/\/media.riograndezac.gob.mx\/riograndezac.gob.mx\/archivos\/transparencia\/fraccionXII\/2014\/3er_trimestre\/Contrato_arrendamiento_Grecia_Isabel097.pdf\" target=\"_blank\">Contrato de arrendamiento con la C. Grecia Isabel P\u00e9rez Mendoza<\/a><\/li>\n<li style=\"text-align: left;\"><a href=\"http:\/\/media.riograndezac.gob.mx\/riograndezac.gob.mx\/archivos\/transparencia\/fraccionXII\/2014\/Contratos\/CONTRATO_ADQUISICION_VEHICULOS.pdf\" target=\"_blank\">Contrato de adquisici\u00f3n de Veh\u00edculos<\/a><\/li>\n<\/ul>\n<div style=\"text-align: left;\"><strong>Listado de concesiones<\/strong><\/div>\n<div style=\"text-align: left;\">\n<ul>\n<li>Por el momento en la presente administraci\u00f3n no se cuenta con concesiones, motivo por el cual no hay informaci\u00f3n en este apartado.<\/li>\n<\/ul>\n<\/div>\n<div style=\"text-align: left;\"><strong><br \/>\n<\/strong><\/div>\n<div style=\"text-align: left;\"><strong>Listado de presentaci\u00f3n de bienes y servicios<\/strong><\/div>\n<div style=\"text-align: left;\">\n<ul>\n<li>A la fecha no se cuenta con un listado de contratos por bienes y servicios<\/li>\n<\/ul>\n<\/div>\n<\/div>\n<div style=\"text-align: center;\"><strong>___________________________________________________________________________________________<\/strong><\/div>\n<div style=\"text-align: right;\"><em><strong>Fecha Actualizaci\u00f3n: 30\/Octubre\/2012<\/strong><\/em><\/div>\n<div style=\"text-align: center;\">\n<ul>\n<li style=\"text-align: left;\"><a href=\"http:\/\/media.riograndezac.gob.mx\/riograndezac.gob.mx\/archivos\/transparencia\/fraccionXII\/RELACION_DE_CONVENIOS_DE_ARRENDAMIENTO.pdf\" target=\"_blank\">Relaci\u00f3n de convenios de arrendamiento<\/a><\/li>\n<li style=\"text-align: left;\"><a href=\"http:\/\/media.riograndezac.gob.mx\/riograndezac.gob.mx\/archivos\/transparencia\/fraccionXII\/CONVENIO_DE_PRESTACION_DE_SERVICIOS.pdf\" target=\"_blank\">Convenio de Prestaci\u00f3n de Servicios<\/a><\/li>\n<\/ul>\n<\/div>\n<h2 style=\"text-align: center;\">CONTRATOS<\/h2>\n<ul style=\"text-align: center;\">\n<li style=\"text-align: left;\"><a href=\"http:\/\/media.riograndezac.gob.mx\/riograndezac.gob.mx\/archivos\/transparencia\/fraccionXII\/contratos\/ADQUISICIONDEMOTOBOMBAPARAPOZODEAGUAPOTABLECANONRIOGRANDEZAC.pdf\" target=\"_blank\">ADQUISICION DE MOTOBOMBA PARA POZO DE AGUA POTABLE EN EL CA\u00d1\u00d3N, RIO GRANDE, ZAC<\/a><\/li>\n<li style=\"text-align: left;\"><a href=\"http:\/\/media.riograndezac.gob.mx\/riograndezac.gob.mx\/archivos\/transparencia\/fraccionXII\/contratos\/AMPLIACIONDEREDDEAGUAPOTABLEENCALLE12DEDICIEMBRE2aETAPACOLTEPEYAC.pdf\" target=\"_blank\">AMPLIACI\u00d3N DE RED DE AGUA POTABLE EN CALLE 12 DE DICIEMBRE, 2a. ETAPA, COL. TEPEYAC, R\u00cdO GRANDE, ZAC.<\/a><\/li>\n<li style=\"text-align: left;\"><a href=\"http:\/\/media.riograndezac.gob.mx\/riograndezac.gob.mx\/archivos\/transparencia\/fraccionXII\/contratos\/AMPLIACIONDEREDDEAGUAPOTABLEENCALLEBENITOJUAREZLOSRAMIREZ.pdf\" target=\"_blank\">AMPLIACI\u00d3N DE RED DE AGUA POTABLE EN CALLE BENITO JU\u00c1REZ, LOS RAM\u00cdREZ, R\u00cdO GRANDE, ZAC.<\/a><\/li>\n<li style=\"text-align: left;\"><a href=\"http:\/\/media.riograndezac.gob.mx\/riograndezac.gob.mx\/archivos\/transparencia\/fraccionXII\/contratos\/AMPLIACIONDEREDDEAGUAPOTABLEENCALLEFERROCARRILSURIGNACIOZARAGOZA.pdf\" target=\"_blank\">AMPLIACI\u00d3N DE RED DE AGUA POTABLE EN CALLE FERROCARRIL SUR, IGNACIO ZARAGOZA, R\u00cdO GRANDE, ZAC.<\/a><\/li>\n<li style=\"text-align: left;\"><a href=\"http:\/\/media.riograndezac.gob.mx\/riograndezac.gob.mx\/archivos\/transparencia\/fraccionXII\/contratos\/AMPLIACIONDEREDDEAGUAPOTABLEENCALLETACUBACOLAZTECA.pdf\" target=\"_blank\">AMPLIACI\u00d3N DE RED DE AGUA POTABLE EN CALLE TACUBA, COL. AZTECA, R\u00cdO GRANDE, ZAC.<\/a><\/li>\n<li style=\"text-align: left;\"><a href=\"http:\/\/media.riograndezac.gob.mx\/riograndezac.gob.mx\/archivos\/transparencia\/fraccionXII\/contratos\/AMPLIACIONDEREDDEALCANTARILLADOENCALLEGUANAJUATILLOCOLELBAJIO.pdf\" target=\"_blank\">AMPLIACI\u00d3N DE RED DE ALCANTARILLADO EN CALLE GUANAJUATILLO, COL. EL BAJ\u00cdO, R\u00cdO GRANDE, ZAC<\/a><\/li>\n<li style=\"text-align: left;\"><a href=\"http:\/\/media.riograndezac.gob.mx\/riograndezac.gob.mx\/archivos\/transparencia\/fraccionXII\/contratos\/AMPLIACIONDEREDDEALCANTARILLADOENPRIVADAORDAZLORETO.pdf\" target=\"_blank\">AMPLIACI\u00d3N DE RED DE ALCANTARILLADO EN PRIVADA ORDAZ, LORETO, R\u00cdO GRANDE, ZAC<\/a><\/li>\n<li style=\"text-align: left;\"><a href=\"http:\/\/media.riograndezac.gob.mx\/riograndezac.gob.mx\/archivos\/transparencia\/fraccionXII\/contratos\/CONSTRUCCIONDEPUENTEVEHICULARENCANALDEACCESOACOLONIAELCARDENCHALLORETO.pdf\" target=\"_blank\">CONSTRUCCI\u00d3N DE PUENTE VEHICULAR EN CANAL DE ACCESO A COLONIA EL CARDENCHAL, LORETO, R\u00cdO GRANDE, ZAC.<\/a><\/li>\n<li style=\"text-align: left;\"><a href=\"http:\/\/media.riograndezac.gob.mx\/riograndezac.gob.mx\/archivos\/transparencia\/fraccionXII\/contratos\/DESAZOLVEYEQUIPAMIENTODEPOZODEAGUAPOTABLE2Y4DELSISTEMAVICENTEGUERREROLALUZ.pdf\" target=\"_blank\">DESAZOLVE Y EQUIPAMIENTO DE POZO DE AGUA POTABLE 2 Y 4 DEL SISTEMA VICENTE GUERRERO, LA LUZ, R\u00cdO GRANDE, ZAC<\/a><\/li>\n<li style=\"text-align: left;\"><a href=\"http:\/\/media.riograndezac.gob.mx\/riograndezac.gob.mx\/archivos\/transparencia\/fraccionXII\/contratos\/PAVIMENTACIONCONCONCRETOHIDRAULICOENCALLEFRANCISCOIMADEROLA LUZ.pdf\" target=\"_blank\">PAVIMENTACI\u00d3N CON CONCRETO HIDR\u00c1ULICO EN CALLE FRANCISCO I. MADERO, LA LUZ, R\u00cdO GRANDE<\/a><\/li>\n<li style=\"text-align: left;\"><a href=\"http:\/\/media.riograndezac.gob.mx\/riograndezac.gob.mx\/archivos\/transparencia\/fraccionXII\/contratos\/PAVIMENTACIONCONCONCRETOHIDRAULICOENCALLEGUADALUPEVICTORIAVICENTEGUERRERO.pdf\" target=\"_blank\">PAVIMENTACI\u00d3N CON CONCRETO HIDR\u00c1ULICO EN CALLE GUADALUPE VICTORIA, VICENTE GUERRERO, R\u00cdO GRANDE, ZAC.<\/a><\/li>\n<li style=\"text-align: left;\"><a href=\"http:\/\/media.riograndezac.gob.mx\/riograndezac.gob.mx\/archivos\/transparencia\/fraccionXII\/contratos\/PAVIMENTACIONCONCONCRETOHIDRAULICOENCALLEPEDRORUIZGONZALEZIGNACIOZARAGOZA.pdf\" target=\"_blank\">PAVIMENTACI\u00d3N CON CONCRETO HIDR\u00c1ULICO EN CALLE PEDRO RU\u00cdZ GONZ\u00c1LEZ, IGNACIO ZARAGOZA, R\u00cdO GRANDE, ZAC.<\/a><\/li>\n<li style=\"text-align: left;\"><a href=\"http:\/\/media.riograndezac.gob.mx\/riograndezac.gob.mx\/archivos\/transparencia\/fraccionXII\/contratos\/PAVIMENTACIONCONCONCRETOHIDRAULICOENCALLEREFORMA2aETAPALOSRAMIREZ.pdf\" target=\"_blank\">PAVIMENTACI\u00d3N CON CONCRETO HIDR\u00c1ULICO EN CALLE REFORMA, 2a. ETAPA, LOS RAM\u00cdREZ R\u00cdO GRANDE, ZAC<\/a><\/li>\n<li style=\"text-align: left;\"><a href=\"http:\/\/media.riograndezac.gob.mx\/riograndezac.gob.mx\/archivos\/transparencia\/fraccionXII\/contratos\/SUMINISTROEINSTALACIONDEPIEZASESPECIALESENELSISTEMADEAGUAPOTABLEJOSEMAMORELOS.pdf\" target=\"_blank\">SUMINISTRO E INSTALACI\u00d3N DE PIEZAS ESPECIALES EN EL SISTEMA DE AGUA POTABLE, JOS\u00c9 MA. MORELOS, R\u00cdO GRANDE, ZAC<\/a><\/li>\n<\/ul>\n<h2 style=\"text-align: center;\">PRESTACI\u00d3N DE SERVICIOS Y ARRENDAMIENTO<\/h2>\n<p style=\"text-align: right;\">30\/10\/2012<\/p>\n<ul>\n<li><a href=\"http:\/\/media.riograndezac.gob.mx\/riograndezac.gob.mx\/archivos\/transparencia\/fraccionXII\/convenios2012\/contrato_arrendamiento_madolores_hdz.pdf\" target=\"_blank\">Contrato Arrendamiento con la C. Ma. Dolores Hernandez<\/a><\/li>\n<li><a href=\"http:\/\/media.riograndezac.gob.mx\/riograndezac.gob.mx\/archivos\/transparencia\/fraccionXII\/convenios2012\/contrato_prestacion_servicio_limpieza.pdf\" target=\"_blank\">Contrato Servicio de Limpieza<\/a><\/li>\n<li><a href=\"http:\/\/media.riograndezac.gob.mx\/riograndezac.gob.mx\/archivos\/transparencia\/fraccionXII\/convenios2012\/convenio_cruzgamez0001.pdf\" target=\"_blank\">Convenio para trabajos de herreria con el C. Cruz Gamez<\/a><\/li>\n<li><a href=\"http:\/\/media.riograndezac.gob.mx\/riograndezac.gob.mx\/archivos\/transparencia\/fraccionXII\/convenios2012\/convenio_felipepantoja0001.pdf\" target=\"_blank\">Convenio para la elaboraci\u00f3n de una Taquiza con el C. Felipe Pantoja<\/a><\/li>\n<li><a href=\"http:\/\/media.riograndezac.gob.mx\/riograndezac.gob.mx\/archivos\/transparencia\/fraccionXII\/convenios2012\/convenio_orlandobenjamin0001.pdf\">Convenio para la presentaci\u00f3n y exposici\u00f3n de obras pict\u00f3ricas con el C. Orlando Benjam\u00edn<\/a><\/li>\n<li><a href=\"http:\/\/media.riograndezac.gob.mx\/riograndezac.gob.mx\/archivos\/transparencia\/fraccionXII\/convenios2012\/convenio_oveocastillo0001.pdf\" target=\"_blank\">Convenio Finiquito con el C. Oveo Castillo<\/a><\/li>\n<li><a href=\"http:\/\/media.riograndezac.gob.mx\/riograndezac.gob.mx\/archivos\/transparencia\/fraccionXII\/convenios2012\/convenio_profra_juliaeugenia.pdf\" target=\"_blank\">Convenio con la Profra. Julia Eugenia Flores Mart\u00ednez<\/a><\/li>\n<li><a href=\"http:\/\/media.riograndezac.gob.mx\/riograndezac.gob.mx\/archivos\/transparencia\/fraccionXII\/convenios2012\/convenio_reparacion_da\u00f1os0001.pdf\">Convenio con el C. Ivan Ceniceros Aguilar por reparaci\u00f3n de da\u00f1os<\/a><\/li>\n<li><a href=\"http:\/\/media.riograndezac.gob.mx\/riograndezac.gob.mx\/archivos\/transparencia\/fraccionXII\/convenios2012\/convenio_telefonia_celular0001.pdf\">Convenio para la colocaci\u00f3n de servicios de telefon\u00eda celular<\/a><\/li>\n<\/ul>\n<p><strong>De servicios:<\/strong><\/p>\n<ul>\n<li><a href=\"http:\/\/media.riograndezac.gob.mx\/riograndezac.gob.mx\/archivos\/transparencia\/fraccionXII\/arrendamientoprestaserv2012\/convenio_consuelofemat_prestacion_serv.pdf\" target=\"_blank\">Convenio Consuelo Femat<\/a><\/li>\n<li><a href=\"http:\/\/media.riograndezac.gob.mx\/riograndezac.gob.mx\/archivos\/transparencia\/fraccionXII\/arrendamientoprestaserv2012\/convenio_cruzroja_prestacion_serv.pdf\" target=\"_blank\">Convenio Cruz Roja<\/a><\/li>\n<li><a href=\"http:\/\/media.riograndezac.gob.mx\/riograndezac.gob.mx\/archivos\/transparencia\/fraccionXII\/arrendamientoprestaserv2012\/convenio_eladiocastillo_prestacion_serv.pdf\" target=\"_blank\">Convenio con el C. Eladio Castillo<\/a><\/li>\n<li><a href=\"http:\/\/media.riograndezac.gob.mx\/riograndezac.gob.mx\/archivos\/transparencia\/fraccionXII\/arrendamientoprestaserv2012\/convenio_jose_jesussantacruz_prestacion_serv.pdf\" target=\"_blank\">Convenio con el C. Jos\u00e9 Jes\u00fas Santacruz<\/a><\/li>\n<li><a href=\"http:\/\/media.riograndezac.gob.mx\/riograndezac.gob.mx\/archivos\/transparencia\/fraccionXII\/arrendamientoprestaserv2012\/convenio_joseangelvillareal_arrendamiento.pdf\" target=\"_blank\">Convenio con el C. Jos\u00e9 Angel Villareal (Arrendamiento)<\/a><\/li>\n<li><a href=\"http:\/\/media.riograndezac.gob.mx\/riograndezac.gob.mx\/archivos\/transparencia\/fraccionXII\/arrendamientoprestaserv2012\/convenio_nancy_denise_prestacion_serv.pdf\" target=\"_blank\">Convenio con la C. Nancy Denise<\/a><\/li>\n<li><a href=\"http:\/\/media.riograndezac.gob.mx\/riograndezac.gob.mx\/archivos\/transparencia\/fraccionXII\/arrendamientoprestaserv2012\/Convenio_rafaelrodgzpaniagua_prestacion_serv.pdf\" target=\"_blank\">Convenio con el C. Rafael Rodriguez Paniagua<\/a><\/li>\n<li><a href=\"http:\/\/media.riograndezac.gob.mx\/riograndezac.gob.mx\/archivos\/transparencia\/fraccionXII\/arrendamientoprestaserv2012\/convenio_raul_zunigaflores_arrendamiento.pdf\" target=\"_blank\">Convenio con el C. Ra\u00fal Zu\u00f1iga Flores (Arrendamiento)<\/a><\/li>\n<li><a href=\"http:\/\/media.riograndezac.gob.mx\/riograndezac.gob.mx\/archivos\/transparencia\/fraccionXII\/arrendamientoprestaserv2012\/convenio_teresagaramendi_prestacion_serv.pdf\" target=\"_blank\">Convenio con la C. Teresa Garamendi<\/a><\/li>\n<\/ul>\n<p><strong><br \/>\n<\/strong><\/p>\n","protected":false},"excerpt":{"rendered":"<p>Los contratos relacionados con la adquisici\u00f3n, arrendamientos, concesiones, prestaci\u00f3n de bienes y servicios y sus respectivos anexos. Informaci\u00f3n actualizada al 4\u00b0 trimestre 2015 Nota: La informaci\u00f3n de esta fracci\u00f3n es proporcionado por Sindicatura &nbsp; Ubicaci\u00f3n del inmueble Descripci\u00f3n Ubicaci\u00f3n f\u00edsica Monto Nombre del Proveedor Archivo Digital Rio Grande, Zacatecas Enlace programa OportunidadesApoyo institucional Calle Nueva No 18-B $4,640.00 mensuales Jos\u00e9 \u00c1ngel Villarreal Rend\u00f3n Contrato de Arrendamiento R\u00edo Grande, Zacatecas Servicio Estatal de EmpleoApoyo institucional Calle Hidalgo No 64centro $2,900.00 mensuales Alejandro Barrios Barrios Contrato de Arrendamiento R\u00edo Grande, Zacatecas Bodega&hellip;<\/p>\n","protected":false},"author":1,"featured_media":0,"parent":7,"menu_order":0,"comment_status":"open","ping_status":"open","template":"","meta":{"_monsterinsights_skip_tracking":false,"_monsterinsights_sitenote_active":false,"_monsterinsights_sitenote_note":"","_monsterinsights_sitenote_category":0,"footnotes":""},"class_list":["post-56","page","type-page","status-publish","hentry"],"_links":{"self":[{"href":"https:\/\/riograndezac.gob.mx\/informatica\/index.php?rest_route=\/wp\/v2\/pages\/56","targetHints":{"allow":["GET"]}}],"collection":[{"href":"https:\/\/riograndezac.gob.mx\/informatica\/index.php?rest_route=\/wp\/v2\/pages"}],"about":[{"href":"https:\/\/riograndezac.gob.mx\/informatica\/index.php?rest_route=\/wp\/v2\/types\/page"}],"author":[{"embeddable":true,"href":"https:\/\/riograndezac.gob.mx\/informatica\/index.php?rest_route=\/wp\/v2\/users\/1"}],"replies":[{"embeddable":true,"href":"https:\/\/riograndezac.gob.mx\/informatica\/index.php?rest_route=%2Fwp%2Fv2%2Fcomments&post=56"}],"version-history":[{"count":14,"href":"https:\/\/riograndezac.gob.mx\/informatica\/index.php?rest_route=\/wp\/v2\/pages\/56\/revisions"}],"predecessor-version":[{"id":2828,"href":"https:\/\/riograndezac.gob.mx\/informatica\/index.php?rest_route=\/wp\/v2\/pages\/56\/revisions\/2828"}],"up":[{"embeddable":true,"href":"https:\/\/riograndezac.gob.mx\/informatica\/index.php?rest_route=\/wp\/v2\/pages\/7"}],"wp:attachment":[{"href":"https:\/\/riograndezac.gob.mx\/informatica\/index.php?rest_route=%2Fwp%2Fv2%2Fmedia&parent=56"}],"curies":[{"name":"wp","href":"https:\/\/api.w.org\/{rel}","templated":true}]}}