{"id":5820,"date":"2017-12-05T10:02:41","date_gmt":"2017-12-05T16:02:41","guid":{"rendered":"http:\/\/riograndezac.gob.mx\/informatica\/?page_id=5820"},"modified":"2017-12-05T10:04:06","modified_gmt":"2017-12-05T16:04:06","slug":"rescate-de-espacios-publicos-rep","status":"publish","type":"page","link":"https:\/\/riograndezac.gob.mx\/informatica\/?page_id=5820","title":{"rendered":"Rescate de Espacios P\u00fablicos REP"},"content":{"rendered":"<p>Con un Recurso Federal asignado por la cantidad de $ 557,210.00 y otra parte municipal por la cantidad de $ 557, 210.00 del cual se llevar\u00e1n a cabo 2 obras que llevan por nombre:<\/p>\n<ul>\n<li>parque de skate R\u00edo Grande, Colonia Centro, R\u00edo Grande, Zac.<\/li>\n<li>parque San Pedro, calle prolongaci\u00f3n zaragoza s\/n colonia san pedro, R\u00edo Grande, Zac.<\/li>\n<\/ul>\n<p>&nbsp;<\/p>\n<p><iframe loading=\"lazy\" style=\"width: 800px; height: 400px;\" src=\"https:\/\/riograndezac.gob.mx\/informatica\/wp-content\/uploads\/2017\/12\/rescate-de-espacios-publicos.pdf\" width=\"800\" height=\"400\" frameborder=\"0\"><\/iframe><\/p>\n","protected":false},"excerpt":{"rendered":"<p>Con un Recurso Federal asignado por la cantidad de $ 557,210.00 y otra parte municipal por la cantidad de $ 557, 210.00 del cual se llevar\u00e1n a cabo 2 obras que llevan por nombre: parque de skate R\u00edo Grande, Colonia Centro, R\u00edo Grande, Zac. parque San Pedro, calle prolongaci\u00f3n zaragoza s\/n colonia san pedro, R\u00edo Grande, Zac. &nbsp;<\/p>\n","protected":false},"author":1,"featured_media":0,"parent":0,"menu_order":0,"comment_status":"closed","ping_status":"closed","template":"","meta":{"_monsterinsights_skip_tracking":false,"_monsterinsights_sitenote_active":false,"_monsterinsights_sitenote_note":"","_monsterinsights_sitenote_category":0,"footnotes":""},"class_list":["post-5820","page","type-page","status-publish","hentry"],"_links":{"self":[{"href":"https:\/\/riograndezac.gob.mx\/informatica\/index.php?rest_route=\/wp\/v2\/pages\/5820","targetHints":{"allow":["GET"]}}],"collection":[{"href":"https:\/\/riograndezac.gob.mx\/informatica\/index.php?rest_route=\/wp\/v2\/pages"}],"about":[{"href":"https:\/\/riograndezac.gob.mx\/informatica\/index.php?rest_route=\/wp\/v2\/types\/page"}],"author":[{"embeddable":true,"href":"https:\/\/riograndezac.gob.mx\/informatica\/index.php?rest_route=\/wp\/v2\/users\/1"}],"replies":[{"embeddable":true,"href":"https:\/\/riograndezac.gob.mx\/informatica\/index.php?rest_route=%2Fwp%2Fv2%2Fcomments&post=5820"}],"version-history":[{"count":3,"href":"https:\/\/riograndezac.gob.mx\/informatica\/index.php?rest_route=\/wp\/v2\/pages\/5820\/revisions"}],"predecessor-version":[{"id":5823,"href":"https:\/\/riograndezac.gob.mx\/informatica\/index.php?rest_route=\/wp\/v2\/pages\/5820\/revisions\/5823"}],"wp:attachment":[{"href":"https:\/\/riograndezac.gob.mx\/informatica\/index.php?rest_route=%2Fwp%2Fv2%2Fmedia&parent=5820"}],"curies":[{"name":"wp","href":"https:\/\/api.w.org\/{rel}","templated":true}]}}