{"id":61,"date":"2016-01-10T20:03:46","date_gmt":"2016-01-11T02:03:46","guid":{"rendered":"http:\/\/riograndezac.gob.mx\/informatica\/?page_id=61"},"modified":"2018-05-22T10:52:25","modified_gmt":"2018-05-22T15:52:25","slug":"xiii-los-informes-anuales-de-actividades","status":"publish","type":"page","link":"https:\/\/riograndezac.gob.mx\/informatica\/?page_id=61","title":{"rendered":"XIII. LOS INFORMES ANUALES DE ACTIVIDADES"},"content":{"rendered":"<p><strong>Los informes anuales de actividades<\/strong><\/p>\n<p style=\"text-align: right;\">Informaci\u00f3n actualizada al 4\u00b0 trimestre 2015<\/p>\n<p style=\"text-align: left;\" align=\"left\"><strong>Nota: <\/strong>La informaci\u00f3n de esta fracci\u00f3n es proporcionada por Secretar\u00eda del Ayuntamiento<\/p>\n<p style=\"text-align: left;\"><strong>Listado de informes anuales<\/strong><\/p>\n<p style=\"text-align: left;\"><strong>Administraci\u00f3n 2013-2016<\/strong><\/p>\n<ul>\n<li><a href=\"http:\/\/media.riograndezac.gob.mx\/riograndezac.gob.mx\/archivos\/transparencia\/fraccionXIII\/Informes_2013_2016\/1er%20Informe%20de%20Gobierno%202013-2016.pdf\" target=\"_blank\" rel=\"noopener\">Primer Informe de Gobierno Administraci\u00f3n 2013-2016<\/a><\/li>\n<li><a href=\"http:\/\/media.riograndezac.gob.mx\/riograndezac.gob.mx\/archivos\/transparencia\/fraccionXIII\/Informes_2013_2016\/2do%20Informe%20de%20Gobierno%202013-2016.pdf\" target=\"_blank\" rel=\"noopener\">Segundo Informe de Gobierno Administraci\u00f3n 2013-2016<\/a><\/li>\n<li><a href=\"http:\/\/media.riograndezac.gob.mx\/riograndezac.gob.mx\/archivos\/transparencia\/fraccionXIII\/Informes_2013_2016\/3er%20Informe%20de%20Gobierno%202013-2016.pdf\" target=\"_blank\" rel=\"noopener\">Tercer Informe de Gobierno Administraci\u00f3n 2013-2016<\/a><\/li>\n<\/ul>\n<p style=\"text-align: left;\"><strong>Administraci\u00f3n 2010-2013<\/strong><\/p>\n<ul>\n<li><a href=\"http:\/\/media.riograndezac.gob.mx\/riograndezac.gob.mx\/archivos\/transparencia\/informes_de_gobierno\/primer_informe.pdf\" target=\"_blank\" rel=\"noopener\">Primer Informe de Gobierno Administraci\u00f3n 2010-2013<\/a><\/li>\n<li><a href=\"http:\/\/media.riograndezac.gob.mx\/riograndezac.gob.mx\/archivos\/transparencia\/informes_de_gobierno\/Informe_2012.pdf\" target=\"_blank\" rel=\"noopener\">Segundo Informe de Gobierno Administraci\u00f3n 2010-2013<\/a><\/li>\n<li><a href=\"http:\/\/media.riograndezac.gob.mx\/riograndezac.gob.mx\/archivos\/transparencia\/fraccionXIII\/Tercer_Informe_Municipal_2013.pdf\" target=\"_blank\" rel=\"noopener\">Tercer Informe de Gobierno Administraci\u00f3n 2010-2013<\/a><\/li>\n<\/ul>\n","protected":false},"excerpt":{"rendered":"<p>Los informes anuales de actividades Informaci\u00f3n actualizada al 4\u00b0 trimestre 2015 Nota: La informaci\u00f3n de esta fracci\u00f3n es proporcionada por Secretar\u00eda del Ayuntamiento Listado de informes anuales Administraci\u00f3n 2013-2016 Primer Informe de Gobierno Administraci\u00f3n 2013-2016 Segundo Informe de Gobierno Administraci\u00f3n 2013-2016 Tercer Informe de Gobierno Administraci\u00f3n 2013-2016 Administraci\u00f3n 2010-2013 Primer Informe de Gobierno Administraci\u00f3n 2010-2013 Segundo Informe de Gobierno Administraci\u00f3n 2010-2013 Tercer Informe de Gobierno Administraci\u00f3n 2010-2013<\/p>\n","protected":false},"author":1,"featured_media":0,"parent":7,"menu_order":0,"comment_status":"open","ping_status":"open","template":"","meta":{"_monsterinsights_skip_tracking":false,"_monsterinsights_sitenote_active":false,"_monsterinsights_sitenote_note":"","_monsterinsights_sitenote_category":0,"footnotes":""},"class_list":["post-61","page","type-page","status-publish","hentry"],"_links":{"self":[{"href":"https:\/\/riograndezac.gob.mx\/informatica\/index.php?rest_route=\/wp\/v2\/pages\/61","targetHints":{"allow":["GET"]}}],"collection":[{"href":"https:\/\/riograndezac.gob.mx\/informatica\/index.php?rest_route=\/wp\/v2\/pages"}],"about":[{"href":"https:\/\/riograndezac.gob.mx\/informatica\/index.php?rest_route=\/wp\/v2\/types\/page"}],"author":[{"embeddable":true,"href":"https:\/\/riograndezac.gob.mx\/informatica\/index.php?rest_route=\/wp\/v2\/users\/1"}],"replies":[{"embeddable":true,"href":"https:\/\/riograndezac.gob.mx\/informatica\/index.php?rest_route=%2Fwp%2Fv2%2Fcomments&post=61"}],"version-history":[{"count":8,"href":"https:\/\/riograndezac.gob.mx\/informatica\/index.php?rest_route=\/wp\/v2\/pages\/61\/revisions"}],"predecessor-version":[{"id":6108,"href":"https:\/\/riograndezac.gob.mx\/informatica\/index.php?rest_route=\/wp\/v2\/pages\/61\/revisions\/6108"}],"up":[{"embeddable":true,"href":"https:\/\/riograndezac.gob.mx\/informatica\/index.php?rest_route=\/wp\/v2\/pages\/7"}],"wp:attachment":[{"href":"https:\/\/riograndezac.gob.mx\/informatica\/index.php?rest_route=%2Fwp%2Fv2%2Fmedia&parent=61"}],"curies":[{"name":"wp","href":"https:\/\/api.w.org\/{rel}","templated":true}]}}