{"id":64,"date":"2016-01-11T20:06:15","date_gmt":"2016-01-12T02:06:15","guid":{"rendered":"http:\/\/riograndezac.gob.mx\/informatica\/?page_id=64"},"modified":"2016-02-23T11:05:46","modified_gmt":"2016-02-23T17:05:46","slug":"xiv-la-informacion-presupuestal-detallada","status":"publish","type":"page","link":"https:\/\/riograndezac.gob.mx\/informatica\/?page_id=64","title":{"rendered":"XIV. LA INFORMACI\u00d3N PRESUPUESTAL DETALLADA"},"content":{"rendered":"<div id=\"_mcePaste\" style=\"text-align: justify;\"><strong>La informaci\u00f3n presupuestal detallada que contenga, por lo menos, los datos acerca de los destinatarios, usos, montos, criterios de asignaci\u00f3n, mecanismos de evaluaci\u00f3n e informes sobre su ejecuci\u00f3n.<\/strong><\/div>\n<div>\n<div style=\"text-align: right;\">\n<p>Informaci\u00f3n actualizada al 4\u00b0 trimestre 2015<\/p>\n<p align=\"left\"><strong>Informaci\u00f3n presupuestal<\/strong><\/p>\n<div align=\"left\">\n<table border=\"1\" width=\"539\">\n<tbody>\n<tr>\n<td width=\"257\">\n<div align=\"center\"><strong>Concepto<\/strong><\/div>\n<\/td>\n<td width=\"266\">\n<div align=\"center\"><strong>Departamento que genera la informaci\u00f3n<\/strong><\/div>\n<\/td>\n<\/tr>\n<tr>\n<td>\n<ul>\n<li><a href=\"http:\/\/media.riograndezac.gob.mx\/riograndezac.gob.mx\/archivos\/transparencia\/fraccionXIV\/2015\/1er_trimestre\/Art.%2011%20fraccion%20XIV%20-%20Analitico%20de%20Ingresos.pdf\" target=\"_blank\">Estado Anal\u00edtico de Ingresos 1er trimestre 2015<\/a><\/li>\n<li><a href=\"http:\/\/media.riograndezac.gob.mx\/riograndezac.gob.mx\/archivos\/transparencia\/fraccionXIV\/2015\/2do_trimestre\/Art.%2011%20Fracci\u00f3n%20XIV%20-%20Anal\u00edtico%20de%20Ingresos.pdf\" target=\"_blank\">Estado Anal\u00edtico de Ingresos 2\u00b0 trimestre 2015<\/a><\/li>\n<li><a href=\"http:\/\/media.riograndezac.gob.mx\/riograndezac.gob.mx\/archivos\/transparencia\/fraccionXIV\/2015\/3er_trimestre\/Art.%2011%20Fracci\u00f3n%20XIV%20-%20Analitica%20de%20ingresos.pdf\" target=\"_blank\">Estado Anal\u00edtico de Ingresos 3er trimestre 2015<\/a><\/li>\n<li><a href=\"http:\/\/media.riograndezac.gob.mx\/riograndezac.gob.mx\/archivos\/transparencia\/justi4to2015\/Justificacion_4to_trim_2015.pdf\" target=\"_blank\">Estado Anal\u00edtico de Ingresos 4\u00b0 trimestre 2015<\/a><\/li>\n<\/ul>\n<\/td>\n<td>\n<ul>\n<li>Tesorer\u00eda<\/li>\n<\/ul>\n<\/td>\n<\/tr>\n<tr>\n<td>\n<ul>\n<li><a href=\"http:\/\/media.riograndezac.gob.mx\/riograndezac.gob.mx\/archivos\/transparencia\/fraccionXIV\/2015\/1er_trimestre\/Art.%2011%20fraccion%20XIV%20-%20Analitico%20de%20Egresos.pdf\" target=\"_blank\">Estado Anal\u00edtico de Egresos 1er trimestre 2015<\/a><\/li>\n<li>E<a href=\"http:\/\/media.riograndezac.gob.mx\/riograndezac.gob.mx\/archivos\/transparencia\/fraccionXIV\/2015\/2do_trimestre\/Art.%2011%20Fracci\u00f3n%20XIV%20-%20Anal\u00edtico%20de%20Egresos.pdf\" target=\"_blank\">stado Anal\u00edtico de Egresos 2\u00b0 trimestre 2015<\/a><\/li>\n<li><a href=\"http:\/\/media.riograndezac.gob.mx\/riograndezac.gob.mx\/archivos\/transparencia\/fraccionXIV\/2015\/3er_trimestre\/Art.%2011%20Fracci\u00f3n%20XIV%20-%20Analitica%20de%20Egresos.pdf\" target=\"_blank\">Estado Anal\u00edtico de Egresos 3er trimestre 2015<\/a><\/li>\n<li><a href=\"http:\/\/media.riograndezac.gob.mx\/riograndezac.gob.mx\/archivos\/transparencia\/justi4to2015\/Justificacion_4to_trim_2015.pdf\" target=\"_blank\">Estado Anal\u00edtico de Egresos 4\u00b0 trimestre 2015<\/a><\/li>\n<\/ul>\n<\/td>\n<td>\n<ul>\n<li>Tesorer\u00eda<\/li>\n<\/ul>\n<\/td>\n<\/tr>\n<\/tbody>\n<\/table>\n<\/div>\n<p>&nbsp;<\/p>\n<\/div>\n<div style=\"text-align: right;\">\n<hr \/>\n<p style=\"text-align: center;\"><strong>Informaci\u00f3n 2014<\/strong><\/p>\n<p>&nbsp;<\/p>\n<ul style=\"text-align: left;\">\n<li><a href=\"http:\/\/media.riograndezac.gob.mx\/riograndezac.gob.mx\/archivos\/transparencia\/fraccionXIV\/2014\/Analitico_de_ingresos_2013.pdf\" target=\"_blank\">Estado\u00a0Anal\u00edtico\u00a0de Ingresos 02\/01\/2013 al 31\/12\/2013<\/a><\/li>\n<li><a href=\"http:\/\/media.riograndezac.gob.mx\/riograndezac.gob.mx\/archivos\/transparencia\/fraccionXIV\/2014\/1er_trimestre_2014\/Estado_Analitico_de_Ingresos_ene-mzo.pdf\" target=\"_blank\">Estado Anal\u00edtico de Ingresos 1er Trimestre 2014<\/a><\/li>\n<li><a href=\"http:\/\/media.riograndezac.gob.mx\/riograndezac.gob.mx\/archivos\/transparencia\/fraccionXIV\/2014\/2o_trimestre_2014\/Estado_Analitico_de_Ingresos_Abr-Jun.pdf\" target=\"_blank\">Estado Anal\u00edtico de Ingresos 2\u00b0 Trimestre 2014<\/a><\/li>\n<li><a href=\"http:\/\/media.riograndezac.gob.mx\/riograndezac.gob.mx\/archivos\/transparencia\/fraccionXIV\/2014\/3er_trimestre\/Estado_Analitico_de_Ingresos_Abr-Jun.pdf\" target=\"_blank\">Estado Anal\u00edtico de Ingresos 3er Trimestre 2014<\/a><\/li>\n<li><a href=\"http:\/\/media.riograndezac.gob.mx\/riograndezac.gob.mx\/archivos\/transparencia\/fraccionXIV\/2014\/4to_trimestre\/Articulo%2011%20fraccion%20XIV%20Analitico%20de%20Ingresos.pdf\" target=\"_blank\">Estado Anal\u00edtico de Ingresos 4\u00b0 Trimestre 2014<\/a><\/li>\n<\/ul>\n<\/div>\n<div style=\"text-align: right;\">\n<ul style=\"text-align: left;\">\n<li><a href=\"http:\/\/media.riograndezac.gob.mx\/riograndezac.gob.mx\/archivos\/transparencia\/fraccionXIV\/2014\/1er_trimestre_2014\/Estado_de_Ejercicio_del_Presupuesto_Ene-Mzo.pdf\" target=\"_blank\">Estado Anal\u00edtico de Egresos 1er Trimestre 2014<\/a><\/li>\n<li><a href=\"http:\/\/media.riograndezac.gob.mx\/riograndezac.gob.mx\/archivos\/transparencia\/fraccionXIV\/2014\/2o_trimestre_2014\/Estado_de_Ejercicio_del_Presupuesto_Abr-Jun.pdf\" target=\"_blank\">Estado Anal\u00edtico de Egresos 2\u00b0 Trimestre 2014<\/a><\/li>\n<li><a href=\"http:\/\/media.riograndezac.gob.mx\/riograndezac.gob.mx\/archivos\/transparencia\/fraccionXIV\/2014\/3er_trimestre\/Estado_de_Ejercicio_del_Presupuesto_de_Ingresos_Jul-Ago.pdf\" target=\"_blank\">Estado Anal\u00edtico de Egresos 3er Trimestre 2014<\/a><\/li>\n<li><a href=\"http:\/\/media.riograndezac.gob.mx\/riograndezac.gob.mx\/archivos\/transparencia\/fraccionXIV\/2014\/4to_trimestre\/Articulo%2011%20fraccion%20XIV%20Analitico%20de%20Egresos.pdf\" target=\"_blank\">Estado Anal\u00edtico de Egresos 4\u00b0 Trimestre 2014<\/a><\/li>\n<\/ul>\n<\/div>\n<div style=\"text-align: right;\">\n<ul style=\"text-align: left;\">\n<li><a href=\"http:\/\/media.riograndezac.gob.mx\/riograndezac.gob.mx\/archivos\/transparencia\/leyes\/Ley_de_Ingresos_Rio%20Grande_2014.pdf\" target=\"_blank\">Ley de ingresos 2014<\/a><\/li>\n<\/ul>\n<\/div>\n<div style=\"text-align: left;\"><span style=\"text-align: start;\">__________________________________________________ Enlaces anteriores _____________________________________<\/span><\/div>\n<div style=\"text-align: left;\">\n<ul>\n<li><a href=\"http:\/\/media.riograndezac.gob.mx\/riograndezac.gob.mx\/archivos\/transparencia\/fraccionXV\/egresos.pdf\" target=\"_blank\">Presupuesto de Egresos<\/a> (aprobado hasta Septiembre)<\/li>\n<li><a href=\"http:\/\/media.riograndezac.gob.mx\/riograndezac.gob.mx\/archivos\/transparencia\/fraccionXV\/ingresos.pdf\" target=\"_blank\">Presupuestos de Ingresos<\/a> (aprobado hasta Septiembre)<\/li>\n<\/ul>\n<\/div>\n<div style=\"text-align: left;\">\n<ul>\n<li><a href=\"http:\/\/media.riograndezac.gob.mx\/riograndezac.gob.mx\/archivos\/transparencia\/fraccionXV\/ingresos_2012.pdf\" target=\"_blank\">Presupuesto de ingresos<\/a> trimestre octubre -diciembre<\/li>\n<li><a href=\"http:\/\/media.riograndezac.gob.mx\/riograndezac.gob.mx\/archivos\/transparencia\/fraccionXV\/egresos_2012.pdf\" target=\"_blank\">Presupuesto de egresos<\/a> trimestre octubre -diciembre<\/li>\n<li><a href=\"http:\/\/media.riograndezac.gob.mx\/riograndezac.gob.mx\/archivos\/transparencia\/fraccionXV\/estado_res_4to_trim.pdf\" target=\"_blank\">Estado de Resultados<\/a><\/li>\n<li><a href=\"http:\/\/media.riograndezac.gob.mx\/riograndezac.gob.mx\/archivos\/transparencia\/fraccionXIV\/ingresos_4to_trim.pdf\" target=\"_blank\">Estado\u00a0Anal\u00edtico\u00a0de Ingresos<\/a><\/li>\n<\/ul>\n<\/div>\n<p>_______________________________________________________________<\/p>\n<ul>\n<li><a href=\"http:\/\/media.riograndezac.gob.mx\/riograndezac.gob.mx\/archivos\/transparencia\/leyes\/ley_ingreso_2012.pdf\" target=\"_blank\">Ley de Ingresos<\/a><\/li>\n<li><a href=\"http:\/\/media.riograndezac.gob.mx\/riograndezac.gob.mx\/archivos\/transparencia\/fraccionXIV\/presupuesto_ingresos12.pdf\" target=\"_blank\">Ingresos 2012<\/a> Enero-Julio<\/li>\n<li><a href=\"http:\/\/media.riograndezac.gob.mx\/riograndezac.gob.mx\/archivos\/transparencia\/fraccionXIV\/ingresos_sept.pdf\" target=\"_blank\">Ingresos 2012<\/a> Septiembre<\/li>\n<\/ul>\n<\/div>\n","protected":false},"excerpt":{"rendered":"<p>La informaci\u00f3n presupuestal detallada que contenga, por lo menos, los datos acerca de los destinatarios, usos, montos, criterios de asignaci\u00f3n, mecanismos de evaluaci\u00f3n e informes sobre su ejecuci\u00f3n. Informaci\u00f3n actualizada al 4\u00b0 trimestre 2015 Informaci\u00f3n presupuestal Concepto Departamento que genera la informaci\u00f3n Estado Anal\u00edtico de Ingresos 1er trimestre 2015 Estado Anal\u00edtico de Ingresos 2\u00b0 trimestre 2015 Estado Anal\u00edtico de Ingresos 3er trimestre 2015 Estado Anal\u00edtico de Ingresos 4\u00b0 trimestre 2015 Tesorer\u00eda Estado Anal\u00edtico de Egresos 1er trimestre 2015 Estado Anal\u00edtico de Egresos 2\u00b0 trimestre 2015 Estado Anal\u00edtico de Egresos 3er&hellip;<\/p>\n","protected":false},"author":1,"featured_media":0,"parent":7,"menu_order":0,"comment_status":"open","ping_status":"open","template":"","meta":{"_monsterinsights_skip_tracking":false,"_monsterinsights_sitenote_active":false,"_monsterinsights_sitenote_note":"","_monsterinsights_sitenote_category":0,"footnotes":""},"class_list":["post-64","page","type-page","status-publish","hentry"],"_links":{"self":[{"href":"https:\/\/riograndezac.gob.mx\/informatica\/index.php?rest_route=\/wp\/v2\/pages\/64","targetHints":{"allow":["GET"]}}],"collection":[{"href":"https:\/\/riograndezac.gob.mx\/informatica\/index.php?rest_route=\/wp\/v2\/pages"}],"about":[{"href":"https:\/\/riograndezac.gob.mx\/informatica\/index.php?rest_route=\/wp\/v2\/types\/page"}],"author":[{"embeddable":true,"href":"https:\/\/riograndezac.gob.mx\/informatica\/index.php?rest_route=\/wp\/v2\/users\/1"}],"replies":[{"embeddable":true,"href":"https:\/\/riograndezac.gob.mx\/informatica\/index.php?rest_route=%2Fwp%2Fv2%2Fcomments&post=64"}],"version-history":[{"count":9,"href":"https:\/\/riograndezac.gob.mx\/informatica\/index.php?rest_route=\/wp\/v2\/pages\/64\/revisions"}],"predecessor-version":[{"id":2829,"href":"https:\/\/riograndezac.gob.mx\/informatica\/index.php?rest_route=\/wp\/v2\/pages\/64\/revisions\/2829"}],"up":[{"embeddable":true,"href":"https:\/\/riograndezac.gob.mx\/informatica\/index.php?rest_route=\/wp\/v2\/pages\/7"}],"wp:attachment":[{"href":"https:\/\/riograndezac.gob.mx\/informatica\/index.php?rest_route=%2Fwp%2Fv2%2Fmedia&parent=64"}],"curies":[{"name":"wp","href":"https:\/\/api.w.org\/{rel}","templated":true}]}}