{"id":6497,"date":"2018-09-19T15:06:00","date_gmt":"2018-09-19T20:06:00","guid":{"rendered":"http:\/\/riograndezac.gob.mx\/informatica\/?page_id=6497"},"modified":"2018-09-26T10:59:39","modified_gmt":"2018-09-26T15:59:39","slug":"gaceta-municipal-2018-2021","status":"publish","type":"page","link":"https:\/\/riograndezac.gob.mx\/informatica\/?page_id=6497","title":{"rendered":"GACETA MUNICIPAL 2018 &#8211; 2021"},"content":{"rendered":"<p><img loading=\"lazy\" decoding=\"async\" class=\"aligncenter size-full wp-image-6557\" src=\"https:\/\/riograndezac.gob.mx\/informatica\/wp-content\/uploads\/2018\/09\/dise\u00f1o-gaceta-encabezado.png\" alt=\"\" width=\"1078\" height=\"409\" \/><\/p>\n<p>&nbsp;<\/p>\n<p style=\"text-align: center;\">\n<table id=\"tablepress-3\" class=\"tablepress tablepress-id-3\">\n<thead>\n<tr class=\"row-1\">\n\t<th class=\"column-1\">Men\u00fa Gaceta Municipal <\/th>\n<\/tr>\n<\/thead>\n<tbody class=\"row-striping row-hover\">\n<tr class=\"row-2\">\n\t<td class=\"column-1\"><a href=\"http:\/\/riograndezac.gob.mx\/informatica\/?page_id=6548\" rel=\"noopener noreferrer\" target=\"_blank\">Acuerdos de Cabildo Sesi\u00f3n Ordinaria<\/a><\/td>\n<\/tr>\n<tr class=\"row-3\">\n\t<td class=\"column-1\"><a href=\"http:\/\/riograndezac.gob.mx\/informatica\/?page_id=6613\" rel=\"noopener noreferrer\" target=\"_blank\">Acuerdos de Cabildo Sesi\u00f3n Extraordinaria<\/a><\/td>\n<\/tr>\n<tr class=\"row-4\">\n\t<td class=\"column-1\"><a href=\"http:\/\/riograndezac.gob.mx\/informatica\/?page_id=6601\" rel=\"noopener noreferrer\" target=\"_blank\">Acuerdos de Cabildo Sesi\u00f3n Solemne<\/a><\/td>\n<\/tr>\n<tr class=\"row-5\">\n\t<td class=\"column-1\"><a href=\"http:\/\/riograndezac.gob.mx\/informatica\/?page_id=6752\" rel=\"noopener noreferrer\" target=\"_blank\">Actas de Cabildo Sesi\u00f3n Extraordinaria<\/a><\/td>\n<\/tr>\n<tr class=\"row-6\">\n\t<td class=\"column-1\"><a href=\"http:\/\/riograndezac.gob.mx\/informatica\/?page_id=6660\" rel=\"noopener noreferrer\" target=\"_blank\">Actas de Cabildo Sesi\u00f3n Ordinaria<\/a><\/td>\n<\/tr>\n<tr class=\"row-7\">\n\t<td class=\"column-1\"><a href=\"http:\/\/riograndezac.gob.mx\/informatica\/?page_id=6581\" rel=\"noopener noreferrer\" target=\"_blank\">Manuales y Reglamentos<\/a><\/td>\n<\/tr>\n<tr class=\"row-8\">\n\t<td class=\"column-1\"><a href=\"http:\/\/riograndezac.gob.mx\/informatica\/?page_id=6562\" rel=\"noopener noreferrer\" target=\"_blank\">Sesi\u00f3n Solemne de Cabildo<\/a><\/td>\n<\/tr>\n<tr class=\"row-9\">\n\t<td class=\"column-1\"><a href=\"http:\/\/riograndezac.gob.mx\/informatica\/?page_id=4\" rel=\"noopener noreferrer\" target=\"_blank\">Leyes <\/a><\/td>\n<\/tr>\n<tr class=\"row-10\">\n\t<td class=\"column-1\"><a href=\"http:\/\/riograndezac.gob.mx\/informatica\/?page_id=6874\" rel=\"noopener noreferrer\" target=\"_blank\">Convocatorias <\/a><\/td>\n<\/tr>\n<tr class=\"row-11\">\n\t<td class=\"column-1\"><a href=\"http:\/\/riograndezac.gob.mx\/informatica\/?page_id=7172\" rel=\"noopener noreferrer\" target=\"_blank\">Memor\u00e1ndum, Diversos Escritos y Convenios<\/a><\/td>\n<\/tr>\n<tr class=\"row-12\">\n\t<td class=\"column-1\"><a href=\"http:\/\/riograndezac.gob.mx\/informatica\/?page_id=7962\" rel=\"noopener noreferrer\" target=\"_blank\">Licitaci\u00f3n P\u00fablica Presentaci\u00f3n Elenco Art\u00edstico Feria de Carnaval 2020<\/a><\/td>\n<\/tr>\n<tr class=\"row-13\">\n\t<td class=\"column-1\"><a href=\"http:\/\/riograndezac.gob.mx\/informatica\/wp-content\/uploads\/2020\/12\/DICTAMEN-MANUALES-DE-ORGANIZACION-Y-ORGANIGRAMA-GENERAL.pdf\" rel=\"noopener noreferrer\" target=\"_blank\">DICTAMEN MANUALES DE ORGANIZACION Y ORGANIGRAMA GENERAL<\/a><\/td>\n<\/tr>\n<tr class=\"row-14\">\n\t<td class=\"column-1\"><a href=\"http:\/\/riograndezac.gob.mx\/informatica\/wp-content\/uploads\/2021\/03\/Rayuntamiento-1.pdf\" rel=\"noopener\" target=\"_blank\">ORGANIGRAMA 2018 - 2021<\/a><\/td>\n<\/tr>\n<tr class=\"row-15\">\n\t<td class=\"column-1\"><a href=\"http:\/\/riograndezac.gob.mx\/informatica\/?page_id=8849\" rel=\"noopener\" target=\"_blank\">Manual de Organizaci\u00f3n R. Ayuntamiento 2018 - 2021<\/a><\/td>\n<\/tr>\n<tr class=\"row-16\">\n\t<td class=\"column-1\"><a href=\"http:\/\/riograndezac.gob.mx\/informatica\/wp-content\/uploads\/2019\/08\/PLAN-DE-DESARROLLO-MUNICIPAL.pdf\" rel=\"noopener\" target=\"_blank\">Plan de desarrollo municipal 2018-2021<\/a><\/td>\n<\/tr>\n<tr class=\"row-17\">\n\t<td class=\"column-1\"><a href=\"https:\/\/riograndezac.gob.mx\/informatica\/wp-content\/uploads\/2021\/04\/programa-anual-de-evaluacion-2021.pdf\" rel=\"noopener\" target=\"_blank\">Programa Anual de Evaluaci\u00f3n 2021<\/a><\/td>\n<\/tr>\n<tr class=\"row-18\">\n\t<td class=\"column-1\"><a href=\"https:\/\/riograndezac.gob.mx\/informatica\/wp-content\/uploads\/2021\/11\/TERMINOS-DE-REFERENCIA-PARA-LA-EVALUACION-DE-DESEMPENO-DEL-FONDO-III.pdf\" rel=\"noopener\" target=\"_blank\">T\u00c9RMINOS DE REFERENCIA PARA LA EVALUACI\u00d3N DE DESEMPE\u00d1O DEL FONDO III<\/a><\/td>\n<\/tr>\n<\/tbody>\n<\/table>\n<!-- #tablepress-3 from cache --><\/p>\n","protected":false},"excerpt":{"rendered":"<p>&nbsp;<\/p>\n","protected":false},"author":1,"featured_media":0,"parent":4294,"menu_order":0,"comment_status":"closed","ping_status":"closed","template":"","meta":{"_monsterinsights_skip_tracking":false,"_monsterinsights_sitenote_active":false,"_monsterinsights_sitenote_note":"","_monsterinsights_sitenote_category":0,"footnotes":""},"class_list":["post-6497","page","type-page","status-publish","hentry"],"_links":{"self":[{"href":"https:\/\/riograndezac.gob.mx\/informatica\/index.php?rest_route=\/wp\/v2\/pages\/6497","targetHints":{"allow":["GET"]}}],"collection":[{"href":"https:\/\/riograndezac.gob.mx\/informatica\/index.php?rest_route=\/wp\/v2\/pages"}],"about":[{"href":"https:\/\/riograndezac.gob.mx\/informatica\/index.php?rest_route=\/wp\/v2\/types\/page"}],"author":[{"embeddable":true,"href":"https:\/\/riograndezac.gob.mx\/informatica\/index.php?rest_route=\/wp\/v2\/users\/1"}],"replies":[{"embeddable":true,"href":"https:\/\/riograndezac.gob.mx\/informatica\/index.php?rest_route=%2Fwp%2Fv2%2Fcomments&post=6497"}],"version-history":[{"count":6,"href":"https:\/\/riograndezac.gob.mx\/informatica\/index.php?rest_route=\/wp\/v2\/pages\/6497\/revisions"}],"predecessor-version":[{"id":6567,"href":"https:\/\/riograndezac.gob.mx\/informatica\/index.php?rest_route=\/wp\/v2\/pages\/6497\/revisions\/6567"}],"up":[{"embeddable":true,"href":"https:\/\/riograndezac.gob.mx\/informatica\/index.php?rest_route=\/wp\/v2\/pages\/4294"}],"wp:attachment":[{"href":"https:\/\/riograndezac.gob.mx\/informatica\/index.php?rest_route=%2Fwp%2Fv2%2Fmedia&parent=6497"}],"curies":[{"name":"wp","href":"https:\/\/api.w.org\/{rel}","templated":true}]}}