{"id":6581,"date":"2018-09-27T14:08:42","date_gmt":"2018-09-27T19:08:42","guid":{"rendered":"http:\/\/riograndezac.gob.mx\/informatica\/?page_id=6581"},"modified":"2018-09-27T14:37:22","modified_gmt":"2018-09-27T19:37:22","slug":"manuales-y-reglamentos-2018-2021","status":"publish","type":"page","link":"https:\/\/riograndezac.gob.mx\/informatica\/?page_id=6581","title":{"rendered":"Manuales y Reglamentos 2018 &#8211; 2021"},"content":{"rendered":"<p style=\"text-align: center;\">\n<table id=\"tablepress-5\" class=\"tablepress tablepress-id-5\">\n<thead>\n<tr class=\"row-1\">\n\t<th class=\"column-1\">MANUALES Y REGLAMENTOS<\/th><th class=\"column-2\">FECHA PUBLICACI\u00d3N<\/th><th class=\"column-3\">DESCARGAR<\/th>\n<\/tr>\n<\/thead>\n<tbody class=\"row-striping row-hover\">\n<tr class=\"row-2\">\n\t<td class=\"column-1\">REGLAMENTO DE CARNICER\u00cdAS Y SIMILARES<\/td><td class=\"column-2\">8-08-2018<\/td><td class=\"column-3\"><a href=\"http:\/\/riograndezac.gob.mx\/informatica\/wp-content\/uploads\/2018\/09\/REGLAMENTO-DE-CARNICER%C3%8DAS-Y-SIMILARES-28-08-2018.pdf\" rel=\"noopener noreferrer\" target=\"_blank\"><img loading=\"lazy\" decoding=\"async\" src=\"http:\/\/riograndezac.gob.mx\/informatica\/wp-content\/uploads\/2018\/09\/pdf-icon-e1537915507553.png\" alt=\"\" width=\"46\" height=\"45\" class=\"aligncenter size-full wp-image-6540\" \/><\/a><\/td>\n<\/tr>\n<tr class=\"row-3\">\n\t<td class=\"column-1\">REGLAMENTO DEL RASTRO RIO GRANDE, ZACATECAS <\/td><td class=\"column-2\">12-09-2018<\/td><td class=\"column-3\"><a href=\"http:\/\/riograndezac.gob.mx\/informatica\/wp-content\/uploads\/2018\/09\/REGLAMENTO-DEL-RASTRO-RIO-GRANDE-ZACATECAS-12-09-2018.pdf\" rel=\"noopener noreferrer\" target=\"_blank\"><img loading=\"lazy\" decoding=\"async\" src=\"http:\/\/riograndezac.gob.mx\/informatica\/wp-content\/uploads\/2018\/09\/pdf-icon-e1537915507553.png\" alt=\"\" width=\"46\" height=\"45\" class=\"aligncenter size-full wp-image-6540\" \/><\/a><\/td>\n<\/tr>\n<tr class=\"row-4\">\n\t<td class=\"column-1\">MANUAL DE CONTABILIDAD GUBERNAMENTAL<\/td><td class=\"column-2\">28\/06\/18<\/td><td class=\"column-3\"><a href=\"http:\/\/riograndezac.gob.mx\/informatica\/wp-content\/uploads\/2018\/07\/MANUAL-DE-CONTABILIDAD-GUBERNAMENTAL.pdf\" rel=\"noopener noreferrer\" target=\"_blank\"><img loading=\"lazy\" decoding=\"async\" src=\"http:\/\/riograndezac.gob.mx\/informatica\/wp-content\/uploads\/2018\/09\/pdf-icon-e1537915507553.png\" alt=\"\" width=\"46\" height=\"45\" class=\"aligncenter size-full wp-image-6540\" \/><\/a><\/td>\n<\/tr>\n<tr class=\"row-5\">\n\t<td class=\"column-1\">Reglamento Interior del Republicano Ayuntamiento de R\u00edo Grande <\/td><td class=\"column-2\">09\/03\/18<\/td><td class=\"column-3\"><a href=\"http:\/\/riograndezac.gob.mx\/informatica\/wp-content\/uploads\/2018\/03\/Reglamento-Interior-del-Republicano-Ayuntamiento-de-Rio-Grande-GACETA.pdf\" rel=\"noopener noreferrer\" target=\"_blank\"><img loading=\"lazy\" decoding=\"async\" src=\"http:\/\/riograndezac.gob.mx\/informatica\/wp-content\/uploads\/2018\/09\/pdf-icon-e1537915507553.png\" alt=\"\" width=\"46\" height=\"45\" class=\"aligncenter size-full wp-image-6540\" \/><\/a><\/td>\n<\/tr>\n<tr class=\"row-6\">\n\t<td class=\"column-1\">REGLAMENTO DE ALCOHOLES DEL MUNICIPIO DE RIO GRANDE, ZAC. <\/td><td class=\"column-2\">14\/02\/18<\/td><td class=\"column-3\"><a href=\"http:\/\/riograndezac.gob.mx\/informatica\/wp-content\/uploads\/2018\/02\/Reglamento-de-Alcoholes-del-Municipio-de-Rio-Grande.pdf\" rel=\"noopener noreferrer\" target=\"_blank\"><img loading=\"lazy\" decoding=\"async\" src=\"http:\/\/riograndezac.gob.mx\/informatica\/wp-content\/uploads\/2018\/09\/pdf-icon-e1537915507553.png\" alt=\"\" width=\"46\" height=\"45\" class=\"aligncenter size-full wp-image-6540\" \/><\/a><\/td>\n<\/tr>\n<tr class=\"row-7\">\n\t<td class=\"column-1\">BANDO DE POLICIA Y BUEN GOBIERNO <\/td><td class=\"column-2\">07\/12\/17<\/td><td class=\"column-3\"><a href=\"http:\/\/riograndezac.gob.mx\/informatica\/wp-content\/uploads\/2019\/06\/BANDO-DE-POLICIA-Y-BUEN-GOBIERNO-DEL-MUNICIPIO-DE-RIO-GRANDE-ZACATECAS-2019.pdf\" rel=\"noopener noreferrer\" target=\"_blank\"><img loading=\"lazy\" decoding=\"async\" src=\"http:\/\/riograndezac.gob.mx\/informatica\/wp-content\/uploads\/2018\/09\/pdf-icon-e1537915507553.png\" alt=\"\" width=\"46\" height=\"45\" class=\"aligncenter size-full wp-image-6540\" \/><\/a><\/td>\n<\/tr>\n<tr class=\"row-8\">\n\t<td class=\"column-1\">Reglamento de \u00c9tica de los Servidores P\u00fablicos del Ayuntamiento de R\u00edo Grande  fecha de publicaci\u00f3n <\/td><td class=\"column-2\">06\/09\/17<\/td><td class=\"column-3\"><a href=\"http:\/\/riograndezac.gob.mx\/informatica\/wp-content\/uploads\/2017\/10\/Reglamento-de-%C3%89tica-de-los-Servidores-P%C3%BAblicos-del-Ayuntamiento-de-Rio-Grande-v2.pdf\" rel=\"noopener noreferrer\" target=\"_blank\"><img loading=\"lazy\" decoding=\"async\" src=\"http:\/\/riograndezac.gob.mx\/informatica\/wp-content\/uploads\/2018\/09\/pdf-icon-e1537915507553.png\" alt=\"\" width=\"46\" height=\"45\" class=\"aligncenter size-full wp-image-6540\" \/><\/a><\/td>\n<\/tr>\n<tr class=\"row-9\">\n\t<td class=\"column-1\">REGLAMENTO DEL SISTEMA MUNICIPAL DE PROTECCI\u00d3N INTEGRAL DE R\u00cdO GRANDE, ZACATECAS <\/td><td class=\"column-2\">12\/10\/17<\/td><td class=\"column-3\"><a href=\"http:\/\/riograndezac.gob.mx\/informatica\/wp-content\/uploads\/2017\/10\/REGLAMENTO-INTERNO-DEL-SISTEMA-MUNICIPAL-DE-PROTECCION-INTEGRAL.pdf\" rel=\"noopener noreferrer\" target=\"_blank\"><img loading=\"lazy\" decoding=\"async\" src=\"http:\/\/riograndezac.gob.mx\/informatica\/wp-content\/uploads\/2018\/09\/pdf-icon-e1537915507553.png\" alt=\"\" width=\"46\" height=\"45\" class=\"aligncenter size-full wp-image-6540\" \/><\/a><\/td>\n<\/tr>\n<tr class=\"row-10\">\n\t<td class=\"column-1\">REGLAMENTO DEL SERVICIO CIVIL DE CARRERAS <\/td><td class=\"column-2\">09\/08\/16<\/td><td class=\"column-3\"><a href=\"http:\/\/riograndezac.gob.mx\/informatica\/wp-content\/uploads\/2017\/10\/Reglamento-del-Servicio-Civil-de-Carrera.pdf\" rel=\"noopener noreferrer\" target=\"_blank\"><img loading=\"lazy\" decoding=\"async\" src=\"http:\/\/riograndezac.gob.mx\/informatica\/wp-content\/uploads\/2018\/09\/pdf-icon-e1537915507553.png\" alt=\"\" width=\"46\" height=\"45\" class=\"aligncenter size-full wp-image-6540\" \/><\/a><\/td>\n<\/tr>\n<tr class=\"row-11\">\n\t<td class=\"column-1\">REGLAMENTO DEL SERVICIO PROFESIONAL DE CARRERA POLICIAL DE LA DIRECCI\u00d3N DE SEGURIDAD P\u00daBLICA MUNICIPAL DE R\u00cdO GRANDE ZACATECAS  25\/04\/2017<\/td><td class=\"column-2\">25\/04\/2017<\/td><td class=\"column-3\"><a href=\"http:\/\/riograndezac.gob.mx\/informatica\/wp-content\/uploads\/2017\/10\/ReglamentoSPC_RIO_GDE_ZAC.docx.pdf\" rel=\"noopener noreferrer\" target=\"_blank\"><img loading=\"lazy\" decoding=\"async\" src=\"http:\/\/riograndezac.gob.mx\/informatica\/wp-content\/uploads\/2018\/09\/pdf-icon-e1537915507553.png\" alt=\"\" width=\"46\" height=\"45\" class=\"aligncenter size-full wp-image-6540\" \/><\/a><\/td>\n<\/tr>\n<tr class=\"row-12\">\n\t<td class=\"column-1\">MANUAL DE PROCEDIMIENTOS    (DIRECCI\u00d3N DE SEGURIDAD PUBLICA DE R\u00cdO GRANDE ZACATECAS)  <\/td><td class=\"column-2\">28\/04\/2017<\/td><td class=\"column-3\"><a href=\"http:\/\/riograndezac.gob.mx\/informatica\/wp-content\/uploads\/2017\/04\/MANUAL_PROCED_RIO_GDE_2017.docx.pdf\" rel=\"noopener noreferrer\" target=\"_blank\"><img loading=\"lazy\" decoding=\"async\" src=\"http:\/\/riograndezac.gob.mx\/informatica\/wp-content\/uploads\/2018\/09\/pdf-icon-e1537915507553.png\" alt=\"\" width=\"46\" height=\"45\" class=\"aligncenter size-full wp-image-6540\" \/><\/a><\/td>\n<\/tr>\n<tr class=\"row-13\">\n\t<td class=\"column-1\">MANUAL DE ORGANIZACI\u00d3N     (DIRECCI\u00d3N DE SEGURIDAD PUBLICA DE R\u00cdO GRANDE ZACATECAS) <\/td><td class=\"column-2\">28\/04\/2017<\/td><td class=\"column-3\"><a href=\"http:\/\/riograndezac.gob.mx\/informatica\/wp-content\/uploads\/2017\/04\/MANUAL_ORGANIZACI__N_RIO_GDE_zAC.docx.pdf\" rel=\"noopener noreferrer\" target=\"_blank\"><img loading=\"lazy\" decoding=\"async\" src=\"http:\/\/riograndezac.gob.mx\/informatica\/wp-content\/uploads\/2018\/09\/pdf-icon-e1537915507553.png\" alt=\"\" width=\"46\" height=\"45\" class=\"aligncenter size-full wp-image-6540\" \/><\/a><\/td>\n<\/tr>\n<tr class=\"row-14\">\n\t<td class=\"column-1\">CATALOGO DE PUESTOS     (DIRECCI\u00d3N DE SEGURIDAD PUBLICA DE R\u00cdO GRANDE ZACATECAS)  <\/td><td class=\"column-2\">28\/04\/2017<\/td><td class=\"column-3\"><a href=\"http:\/\/riograndezac.gob.mx\/informatica\/wp-content\/uploads\/2017\/04\/CATALOGO_-PUESTOS_RIO_GRANDE_17.pdf\" rel=\"noopener noreferrer\" target=\"_blank\"><img loading=\"lazy\" decoding=\"async\" src=\"http:\/\/riograndezac.gob.mx\/informatica\/wp-content\/uploads\/2018\/09\/pdf-icon-e1537915507553.png\" alt=\"\" width=\"46\" height=\"45\" class=\"aligncenter size-full wp-image-6540\" \/><\/a><\/td>\n<\/tr>\n<tr class=\"row-15\">\n\t<td class=\"column-1\">CATALOGO DE PUESTOS     (DIRECCI\u00d3N DE SEGURIDAD PUBLICA DE R\u00cdO GRANDE ZACATECAS) 2018<\/td><td class=\"column-2\">08\/05\/2018<\/td><td class=\"column-3\"><a href=\"http:\/\/riograndezac.gob.mx\/informatica\/wp-content\/uploads\/2020\/04\/CATALOGO_-PUESTOS_RIO_GRANDE_2018-.pdf\" rel=\"noopener noreferrer\" target=\"_blank\"><img loading=\"lazy\" decoding=\"async\" src=\"http:\/\/riograndezac.gob.mx\/informatica\/wp-content\/uploads\/2018\/09\/pdf-icon-e1537915507553.png\" alt=\"\" width=\"46\" height=\"45\" class=\"aligncenter size-full wp-image-6540\" \/><\/a><\/td>\n<\/tr>\n<tr class=\"row-16\">\n\t<td class=\"column-1\">CATALOGO DE PUESTOS     (DIRECCI\u00d3N DE SEGURIDAD PUBLICA DE R\u00cdO GRANDE ZACATECAS) 2019<\/td><td class=\"column-2\">28\/03\/2019<\/td><td class=\"column-3\"><a href=\"http:\/\/riograndezac.gob.mx\/informatica\/wp-content\/uploads\/2020\/04\/CATALOGO_-PUESTOS_RIO_GRANDE_2019.pdf\" rel=\"noopener noreferrer\" target=\"_blank\"><img loading=\"lazy\" decoding=\"async\" src=\"http:\/\/riograndezac.gob.mx\/informatica\/wp-content\/uploads\/2018\/09\/pdf-icon-e1537915507553.png\" alt=\"\" width=\"46\" height=\"45\" class=\"aligncenter size-full wp-image-6540\" \/><\/a><\/td>\n<\/tr>\n<tr class=\"row-17\">\n\t<td class=\"column-1\">CATALOGO DE PUESTOS     (DIRECCI\u00d3N DE SEGURIDAD PUBLICA DE R\u00cdO GRANDE ZACATECAS) 2020<\/td><td class=\"column-2\">29\/04\/20<\/td><td class=\"column-3\"><a href=\"http:\/\/riograndezac.gob.mx\/informatica\/wp-content\/uploads\/2020\/04\/CATALOGO_-PUESTOS_RIO_GRANDE_-2020.pdf\" rel=\"noopener noreferrer\" target=\"_blank\"><img loading=\"lazy\" decoding=\"async\" src=\"http:\/\/riograndezac.gob.mx\/informatica\/wp-content\/uploads\/2018\/09\/pdf-icon-e1537915507553.png\" alt=\"\" width=\"46\" height=\"45\" class=\"aligncenter size-full wp-image-6540\" \/><\/a><\/td>\n<\/tr>\n<tr class=\"row-18\">\n\t<td class=\"column-1\">Cat\u00e1logo de Puestos de Protecci\u00f3n Civil y Bomberos 2020<\/td><td class=\"column-2\">28\/04\/20<\/td><td class=\"column-3\"><a href=\"http:\/\/riograndezac.gob.mx\/informatica\/wp-content\/uploads\/2020\/05\/Cat\u00e1logo-de-Puestos-de-Protecci\u00f3n-Civil-y-Bomberos-2020.pdf\" rel=\"noopener noreferrer\" target=\"_blank\"><img loading=\"lazy\" decoding=\"async\" src=\"http:\/\/riograndezac.gob.mx\/informatica\/wp-content\/uploads\/2018\/09\/pdf-icon-e1537915507553.png\" alt=\"\" width=\"46\" height=\"45\" class=\"aligncenter size-full wp-image-6540\" \/><\/a><\/td>\n<\/tr>\n<tr class=\"row-19\">\n\t<td class=\"column-1\">REGLAMENTO INTERNO DE LA DIRECCI\u00d3N DE SEGURIDAD PUBLICA 29\/08\/17<\/td><td class=\"column-2\">29\/08\/17<\/td><td class=\"column-3\"><a href=\"http:\/\/riograndezac.gob.mx\/informatica\/wp-content\/uploads\/2017\/08\/REGLAMENTO-INTERIOR-DE-LA-DIRECCI%C3%93N-DE-SEGURIDAD-PUBLICA.pdf\" rel=\"noopener noreferrer\" target=\"_blank\"><img loading=\"lazy\" decoding=\"async\" src=\"http:\/\/riograndezac.gob.mx\/informatica\/wp-content\/uploads\/2018\/09\/pdf-icon-e1537915507553.png\" alt=\"\" width=\"46\" height=\"45\" class=\"aligncenter size-full wp-image-6540\" \/><\/a><\/td>\n<\/tr>\n<tr class=\"row-20\">\n\t<td class=\"column-1\">REGLAMENTO INTERNO PROTECCI\u00d3N CIVIL Y BOMBEROS <\/td><td class=\"column-2\">30\/05\/2017<\/td><td class=\"column-3\"><a href=\"http:\/\/riograndezac.gob.mx\/informatica\/wp-content\/uploads\/2017\/10\/REGLAMENTO-INTERNO-DELA-UNIDAD-MUNICIPAL-DE-PROTECCI%C3%93N-CIVIL-Y-BOMBEROS-DE-R%C3%8DO-GRANDE.pdf\" rel=\"noopener noreferrer\" target=\"_blank\"><img loading=\"lazy\" decoding=\"async\" src=\"http:\/\/riograndezac.gob.mx\/informatica\/wp-content\/uploads\/2018\/09\/pdf-icon-e1537915507553.png\" alt=\"\" width=\"46\" height=\"45\" class=\"aligncenter size-full wp-image-6540\" \/><\/a><\/td>\n<\/tr>\n<tr class=\"row-21\">\n\t<td class=\"column-1\">REGLAMENTO DE VI\u00c1TICOS <\/td><td class=\"column-2\"> 21\/09\/16<\/td><td class=\"column-3\"><a href=\"http:\/\/riograndezac.gob.mx\/informatica\/wp-content\/uploads\/2017\/10\/REGLAMENTO-DE-VIATICOS.pdf\" rel=\"noopener noreferrer\" target=\"_blank\"><img loading=\"lazy\" decoding=\"async\" src=\"http:\/\/riograndezac.gob.mx\/informatica\/wp-content\/uploads\/2018\/09\/pdf-icon-e1537915507553.png\" alt=\"\" width=\"46\" height=\"45\" class=\"aligncenter size-full wp-image-6540\" \/><\/a><\/td>\n<\/tr>\n<tr class=\"row-22\">\n\t<td class=\"column-1\">CONSEJO MUNICIPAL DE PROTECCI\u00d3N CIVIL <\/td><td class=\"column-2\">23\/12\/2016<\/td><td class=\"column-3\"><a href=\"http:\/\/riograndezac.gob.mx\/informatica\/wp-content\/uploads\/2016\/12\/CONSEJO-MUNICIPAL-DE-P.C.-CORRECTO.pdf\" rel=\"noopener noreferrer\" target=\"_blank\"><img loading=\"lazy\" decoding=\"async\" src=\"http:\/\/riograndezac.gob.mx\/informatica\/wp-content\/uploads\/2018\/09\/pdf-icon-e1537915507553.png\" alt=\"\" width=\"46\" height=\"45\" class=\"aligncenter size-full wp-image-6540\" \/><\/a><\/td>\n<\/tr>\n<tr class=\"row-23\">\n\t<td class=\"column-1\">REGLAMENTO DE LA GACETA MUNICIPAL <\/td><td class=\"column-2\">23\/12\/2016<\/td><td class=\"column-3\"><a href=\"http:\/\/riograndezac.gob.mx\/informatica\/wp-content\/uploads\/2017\/10\/REGLAMENTO-DE-GACETA-MUNICIPAL.pdf\" rel=\"noopener noreferrer\" target=\"_blank\"><img loading=\"lazy\" decoding=\"async\" src=\"http:\/\/riograndezac.gob.mx\/informatica\/wp-content\/uploads\/2018\/09\/pdf-icon-e1537915507553.png\" alt=\"\" width=\"46\" height=\"45\" class=\"aligncenter size-full wp-image-6540\" \/><\/a><\/td>\n<\/tr>\n<tr class=\"row-24\">\n\t<td class=\"column-1\">REGLAMENTO DE COMERCIO 2018<\/td><td class=\"column-2\">15\/05\/2018<\/td><td class=\"column-3\"><a href=\"http:\/\/riograndezac.gob.mx\/informatica\/wp-content\/uploads\/2019\/06\/REGLAMENTO-COMERCIO-2018-GACETA-.pdf\" rel=\"noopener noreferrer\" target=\"_blank\"><img loading=\"lazy\" decoding=\"async\" src=\"http:\/\/riograndezac.gob.mx\/informatica\/wp-content\/uploads\/2018\/09\/pdf-icon-e1537915507553.png\" alt=\"\" width=\"46\" height=\"45\" class=\"aligncenter size-full wp-image-6540\" \/><\/a><\/td>\n<\/tr>\n<tr class=\"row-25\">\n\t<td class=\"column-1\">REGLAMENTO INTERNO DEL INSTITUTO<br \/>\nMUNICIPAL DE LA MUJER DE R\u00cdO GRANDE,<br \/>\nZACATECAS.<\/td><td class=\"column-2\">11\/02\/2019<\/td><td class=\"column-3\"><a href=\"http:\/\/riograndezac.gob.mx\/informatica\/wp-content\/uploads\/2019\/06\/Reglamento-immrg-2019-GACETA.pdf\" rel=\"noopener noreferrer\" target=\"_blank\"><img loading=\"lazy\" decoding=\"async\" src=\"http:\/\/riograndezac.gob.mx\/informatica\/wp-content\/uploads\/2018\/09\/pdf-icon-e1537915507553.png\" alt=\"\" width=\"46\" height=\"45\" class=\"aligncenter size-full wp-image-6540\" \/><\/a><\/td>\n<\/tr>\n<tr class=\"row-26\">\n\t<td class=\"column-1\">Reglamento para los Delegados Municipales de R\u00edo Grande<\/td><td class=\"column-2\">15\/04\/2019<\/td><td class=\"column-3\"><a href=\"http:\/\/riograndezac.gob.mx\/informatica\/wp-content\/uploads\/2021\/06\/Reglamento-para-los-Delegados-Municipales-de-Rio-Grande.pdf\" rel=\"noopener\" target=\"_blank\"><img loading=\"lazy\" decoding=\"async\" src=\"http:\/\/riograndezac.gob.mx\/informatica\/wp-content\/uploads\/2018\/09\/pdf-icon-e1537915507553.png\" alt=\"\" width=\"46\" height=\"45\" class=\"aligncenter size-full wp-image-6540\" \/><\/a><\/td>\n<\/tr>\n<tr class=\"row-27\">\n\t<td class=\"column-1\">PLAN MUNICIPAL DE DESARROLLO 2018 - 2021<\/td><td class=\"column-2\">15\/01\/19<\/td><td class=\"column-3\"><a href=\"http:\/\/riograndezac.gob.mx\/informatica\/wp-content\/uploads\/2019\/08\/PLAN-DE-DESARROLLO-MUNICIPAL.pdf\" rel=\"noopener noreferrer\" target=\"_blank\"><img loading=\"lazy\" decoding=\"async\" src=\"http:\/\/riograndezac.gob.mx\/informatica\/wp-content\/uploads\/2018\/09\/pdf-icon-e1537915507553.png\" alt=\"\" width=\"46\" height=\"45\" class=\"aligncenter size-full wp-image-6540\" \/><\/a><\/td>\n<\/tr>\n<tr class=\"row-28\">\n\t<td class=\"column-1\">REGLAMENTO ORG\u00c1NICO DEL INSTITUTO MUNICIPAL DE LA JUVENTUD DE R\u00cdO GRANDE, ZACATECAS.<\/td><td class=\"column-2\">29\/04\/19<\/td><td class=\"column-3\"><a href=\"http:\/\/riograndezac.gob.mx\/informatica\/wp-content\/uploads\/2020\/07\/Reglamento-Org\u00e1nico-del-Instituto-de-la-Juventud-de-RGZGACETA-1.pdf\" rel=\"noopener noreferrer\" target=\"_blank\"><img loading=\"lazy\" decoding=\"async\" src=\"http:\/\/riograndezac.gob.mx\/informatica\/wp-content\/uploads\/2018\/09\/pdf-icon-e1537915507553.png\" alt=\"\" width=\"46\" height=\"45\" class=\"aligncenter size-full wp-image-6540\" \/><\/a><\/td>\n<\/tr>\n<tr class=\"row-29\">\n\t<td class=\"column-1\">POLITICAS DE OPERACI\u00d3N DEL PROGRAMA U008 <\/td><td class=\"column-2\">2020<\/td><td class=\"column-3\"><a href=\"http:\/\/riograndezac.gob.mx\/informatica\/wp-content\/uploads\/2020\/07\/P.O.-U008.pdf\" rel=\"noopener noreferrer\" target=\"_blank\"><img loading=\"lazy\" decoding=\"async\" src=\"http:\/\/riograndezac.gob.mx\/informatica\/wp-content\/uploads\/2018\/09\/pdf-icon-e1537915507553.png\" alt=\"\" width=\"46\" height=\"45\" class=\"aligncenter size-full wp-image-6540\" \/><\/a><\/td>\n<\/tr>\n<tr class=\"row-30\">\n\t<td class=\"column-1\">REGLAMENTOS DE PANTEONES DE RIO GRANDE, ZAC.<\/td><td class=\"column-2\">04\/01\/21<\/td><td class=\"column-3\"><a href=\"http:\/\/riograndezac.gob.mx\/informatica\/wp-content\/uploads\/2021\/01\/Reglamento-de-Panteones-Rio-Grande.pdf\" rel=\"noopener noreferrer\" target=\"_blank\"><img loading=\"lazy\" decoding=\"async\" src=\"http:\/\/riograndezac.gob.mx\/informatica\/wp-content\/uploads\/2018\/09\/pdf-icon-e1537915507553.png\" alt=\"\" width=\"46\" height=\"45\" class=\"aligncenter size-full wp-image-6540\" \/><\/a><\/td>\n<\/tr>\n<\/tbody>\n<\/table>\n<!-- #tablepress-5 from cache --><\/p>\n","protected":false},"excerpt":{"rendered":"","protected":false},"author":1,"featured_media":0,"parent":6497,"menu_order":0,"comment_status":"closed","ping_status":"closed","template":"","meta":{"_monsterinsights_skip_tracking":false,"_monsterinsights_sitenote_active":false,"_monsterinsights_sitenote_note":"","_monsterinsights_sitenote_category":0,"footnotes":""},"class_list":["post-6581","page","type-page","status-publish","hentry"],"_links":{"self":[{"href":"https:\/\/riograndezac.gob.mx\/informatica\/index.php?rest_route=\/wp\/v2\/pages\/6581","targetHints":{"allow":["GET"]}}],"collection":[{"href":"https:\/\/riograndezac.gob.mx\/informatica\/index.php?rest_route=\/wp\/v2\/pages"}],"about":[{"href":"https:\/\/riograndezac.gob.mx\/informatica\/index.php?rest_route=\/wp\/v2\/types\/page"}],"author":[{"embeddable":true,"href":"https:\/\/riograndezac.gob.mx\/informatica\/index.php?rest_route=\/wp\/v2\/users\/1"}],"replies":[{"embeddable":true,"href":"https:\/\/riograndezac.gob.mx\/informatica\/index.php?rest_route=%2Fwp%2Fv2%2Fcomments&post=6581"}],"version-history":[{"count":3,"href":"https:\/\/riograndezac.gob.mx\/informatica\/index.php?rest_route=\/wp\/v2\/pages\/6581\/revisions"}],"predecessor-version":[{"id":6587,"href":"https:\/\/riograndezac.gob.mx\/informatica\/index.php?rest_route=\/wp\/v2\/pages\/6581\/revisions\/6587"}],"up":[{"embeddable":true,"href":"https:\/\/riograndezac.gob.mx\/informatica\/index.php?rest_route=\/wp\/v2\/pages\/6497"}],"wp:attachment":[{"href":"https:\/\/riograndezac.gob.mx\/informatica\/index.php?rest_route=%2Fwp%2Fv2%2Fmedia&parent=6581"}],"curies":[{"name":"wp","href":"https:\/\/api.w.org\/{rel}","templated":true}]}}