{"id":67,"date":"2016-04-17T20:08:06","date_gmt":"2016-04-18T01:08:06","guid":{"rendered":"http:\/\/riograndezac.gob.mx\/informatica\/?page_id=67"},"modified":"2016-07-06T12:38:16","modified_gmt":"2016-07-06T17:38:16","slug":"xv-la-informacion-publica-sobre-la-ejecucion-del-presupuesto","status":"publish","type":"page","link":"https:\/\/riograndezac.gob.mx\/informatica\/?page_id=67","title":{"rendered":"XV. LA INFORMACI\u00d3N P\u00daBLICA SOBRE LA EJECUCI\u00d3N DEL PRESUPUESTO"},"content":{"rendered":"<div id=\"_mcePaste\" style=\"text-align: justify;\"><strong>La informaci\u00f3n p\u00fablica sobre la ejecuci\u00f3n del presupuesto aprobado a las entidades p\u00fablicas,misma que deber\u00e1 actualizarse trimestralmente; as\u00ed como los criterios de asignaci\u00f3n, el tiempo de ejecuci\u00f3n, los mecanismos de evaluaci\u00f3n y los responsables de su recepci\u00f3n y ejecuci\u00f3n final.<\/strong><\/div>\n<div><\/div>\n<div><\/div>\n<div><\/div>\n<div style=\"text-align: right;\"><\/div>\n<div style=\"text-align: right;\">Informaci\u00f3n actualizada al 1er trimestre 2016<\/div>\n<div style=\"text-align: right;\"><\/div>\n<div style=\"text-align: right;\"><\/div>\n<div style=\"text-align: right;\"><\/div>\n<div style=\"text-align: right;\">\n<p style=\"text-align: left;\"><strong>Ejecuci\u00f3n del presupuesto<\/strong><\/p>\n<table border=\"1\" width=\"616\">\n<tbody>\n<tr>\n<td width=\"346\">\n<div align=\"center\"><strong>Concepto<\/strong><\/div>\n<\/td>\n<td width=\"254\">\n<div align=\"center\"><strong>Departamento que genera la informaci\u00f3n<\/strong><\/div>\n<\/td>\n<\/tr>\n<tr>\n<td>\n<ul>\n<li><a href=\"http:\/\/media.riograndezac.gob.mx\/riograndezac.gob.mx\/archivos\/transparencia\/fraccionXV\/2016\/1er_trimestre\/Presupuesto_Egresos_Rio_Grande_2016.pdf\" target=\"_blank\">Presupuesto de Egresos 2016<\/a><\/li>\n<\/ul>\n<\/td>\n<td>\n<ul>\n<li>Tesorer\u00eda<\/li>\n<\/ul>\n<\/td>\n<\/tr>\n<tr>\n<td>\n<ul>\n<li>Anal\u00edtico de Egresos 1er Trimestre 2016<\/li>\n<\/ul>\n<\/td>\n<td>\n<ul>\n<li>Tesorer\u00eda<\/li>\n<\/ul>\n<\/td>\n<\/tr>\n<tr>\n<td>\n<ul>\n<li>Anal\u00edtico de Ingresos 1er Trimestre 2016<\/li>\n<\/ul>\n<\/td>\n<td>\n<ul>\n<li>Tesorer\u00eda<\/li>\n<\/ul>\n<\/td>\n<\/tr>\n<\/tbody>\n<\/table>\n<\/div>\n<div style=\"text-align: left;\"><\/div>\n<div style=\"text-align: right;\">\n<div style=\"text-align: left;\">\n<hr \/>\n<\/div>\n<div style=\"text-align: left;\"><\/div>\n<div style=\"text-align: center;\"><strong>Informaci\u00f3n 2015<\/strong><\/div>\n<\/div>\n<div style=\"text-align: left;\"><\/div>\n<p><strong>Ejecuci\u00f3n del presupuesto<\/strong><\/p>\n<table border=\"1\" width=\"616\">\n<tbody>\n<tr>\n<td width=\"346\">\n<div align=\"center\"><strong>Concepto<\/strong><\/div>\n<\/td>\n<td width=\"254\">\n<div align=\"center\"><strong>Departamento que genera la informaci\u00f3n<\/strong><\/div>\n<\/td>\n<\/tr>\n<tr>\n<td>\n<ul>\n<li><a href=\"http:\/\/media.riograndezac.gob.mx\/riograndezac.gob.mx\/archivos\/transparencia\/fraccionXV\/2015\/1er_trimestre\/Presupuesto_de_egresos_2015.pdf\" target=\"_blank\">Presupuesto de Egresos 2015<\/a><\/li>\n<\/ul>\n<\/td>\n<td>\n<ul>\n<li>Tesorer\u00eda<\/li>\n<\/ul>\n<\/td>\n<\/tr>\n<tr>\n<td>\n<ul>\n<li><a href=\"http:\/\/media.riograndezac.gob.mx\/riograndezac.gob.mx\/archivos\/transparencia\/fraccionXV\/2015\/1er_trimestre\/Art.%2011%20fraccion%20XV%20-%20Analitico%20de%20Egresos.pdf\" target=\"_blank\">Anal\u00edtico de Egresos 1er Trimestre 2015<\/a><\/li>\n<li><a href=\"http:\/\/media.riograndezac.gob.mx\/riograndezac.gob.mx\/archivos\/transparencia\/fraccionXV\/2015\/2do_trimestre\/Art.%2011%20Fracci\u00f3n%20XV%20-%20Anal\u00edtica%20de%20Egresos.pdf\" target=\"_blank\">Anal\u00edtico de Egresos 2\u00b0 Trimestre 2015<\/a><\/li>\n<li><a href=\"http:\/\/media.riograndezac.gob.mx\/riograndezac.gob.mx\/archivos\/transparencia\/fraccionXV\/2015\/3er_trimestre\/Art.%2011%20Fracci\u00f3n%20XV%20-%20Analitica%20de%20Egresos.pdf\" target=\"_blank\">Anal\u00edtico de Egresos 3er Trimestre 2015<\/a><\/li>\n<li><a href=\"http:\/\/media.riograndezac.gob.mx\/riograndezac.gob.mx\/archivos\/transparencia\/justi4to2015\/Justificacion_4to_trim_2015.pdf\" target=\"_blank\">Anal\u00edtico de Egresos 4\u00b0 Trimestre 2015<\/a><\/li>\n<\/ul>\n<\/td>\n<td>\n<ul>\n<li>Tesorer\u00eda<\/li>\n<\/ul>\n<\/td>\n<\/tr>\n<tr>\n<td>\n<ul>\n<li><a href=\"http:\/\/media.riograndezac.gob.mx\/riograndezac.gob.mx\/archivos\/transparencia\/fraccionXV\/2015\/1er_trimestre\/Art.%2011%20fraccion%20XV%20-%20Analitico%20de%20Ingresos.pdf\" target=\"_blank\">Anal\u00edtico de Ingresos 1er Trimestre 2015<\/a><\/li>\n<li><a href=\"http:\/\/media.riograndezac.gob.mx\/riograndezac.gob.mx\/archivos\/transparencia\/fraccionXV\/2015\/2do_trimestre\/Art.%2011%20Fracci\u00f3n%20XV%20-%20Anal\u00edtica%20de%20Ingresos.pdf\" target=\"_blank\">Anal\u00edtico de Ingresos 2\u00b0 Trimestre 2015<\/a><\/li>\n<li><a href=\"http:\/\/media.riograndezac.gob.mx\/riograndezac.gob.mx\/archivos\/transparencia\/fraccionXV\/2015\/3er_trimestre\/Art.%2011%20Fracci\u00f3n%20XV%20-%20Analitica%20de%20ingresos.pdf\" target=\"_blank\">Anal\u00edtico de Ingresos 3er Trimestre 2015<\/a><\/li>\n<li><a href=\"http:\/\/media.riograndezac.gob.mx\/riograndezac.gob.mx\/archivos\/transparencia\/justi4to2015\/Justificacion_4to_trim_2015.pdf\" target=\"_blank\">Anal\u00edtico de Ingresos 4\u00b0 Trimestre 2015<\/a><\/li>\n<\/ul>\n<\/td>\n<td>\n<ul>\n<li>Tesorer\u00eda<\/li>\n<\/ul>\n<\/td>\n<\/tr>\n<\/tbody>\n<\/table>\n<p>&nbsp;<\/p>\n<div style=\"text-align: left;\">\n<hr \/>\n<p style=\"text-align: center;\"><strong>Informaci\u00f3n 2014<\/strong><\/p>\n<p>&nbsp;<\/p>\n<ul>\n<li><a href=\"http:\/\/media.riograndezac.gob.mx\/riograndezac.gob.mx\/archivos\/transparencia\/fraccionXV\/2014\/PRESUPUESTO_EGRESOS_2014.pdf\" target=\"_blank\">Presupuesto de Egresos de R\u00edo Grande 2014<\/a><\/li>\n<li><a href=\"http:\/\/media.riograndezac.gob.mx\/riograndezac.gob.mx\/archivos\/transparencia\/fraccionXV\/2014\/1er_trimestre\/Estado_de_Ejercicio_del_Presupuesto_Ene-Mzo.pdf\" target=\"_blank\">Anal\u00edtico de egresos 1er trimestre 2014<\/a><\/li>\n<li><a href=\"http:\/\/media.riograndezac.gob.mx\/riograndezac.gob.mx\/archivos\/transparencia\/fraccionXV\/2014\/2do_trimestre\/Estado_de_Ejercicio_del_Presupuesto_Abr-Jun.pdf\" target=\"_blank\">Anal\u00edtico de egresos 2\u00b0 trimestre 2014<\/a><\/li>\n<li><a href=\"http:\/\/media.riograndezac.gob.mx\/riograndezac.gob.mx\/archivos\/transparencia\/fraccionXV\/2014\/3er_trimestre\/Estado_de_Ejercicio_del_Presupuesto_Jul-Ago.pdf\" target=\"_blank\">Anal\u00edtico de egresos 3er trimestre 2014<\/a><\/li>\n<li><a href=\"http:\/\/media.riograndezac.gob.mx\/riograndezac.gob.mx\/archivos\/transparencia\/fraccionXV\/2014\/4to_trimestre\/Articulo 11 fraccion XV Estado Analitico.pdf\" target=\"_blank\">Anal\u00edtico de egresos 4\u00b0 trimestre 2014<\/a><\/li>\n<\/ul>\n<\/div>\n<div style=\"text-align: left;\">\n<ul>\n<li><a href=\"http:\/\/media.riograndezac.gob.mx\/riograndezac.gob.mx\/archivos\/transparencia\/fraccionXV\/2014\/1er_trimestre\/Estado_Analitico_de_Ingresos_ene-mzo.pdf\" target=\"_blank\">Anal\u00edtico de ingresos 1er trimestre 2014<\/a><\/li>\n<li><a href=\"http:\/\/media.riograndezac.gob.mx\/riograndezac.gob.mx\/archivos\/transparencia\/fraccionXV\/2014\/2do_trimestre\/Estado_Analitico_de_Ingresos_Abr-Jun.pdf\" target=\"_blank\">Anal\u00edtico de ingresos 2\u00b0 trimestre 2014<\/a><\/li>\n<li><a href=\"http:\/\/media.riograndezac.gob.mx\/riograndezac.gob.mx\/archivos\/transparencia\/fraccionXV\/2014\/3er_trimestre\/Estado_de_Ejercicio_del_Presupuesto_de_Ingresos_Jul-Ago.pdf\" target=\"_blank\">Anal\u00edtico de ingresos 3er trimestre 2014<\/a><\/li>\n<li><a href=\"http:\/\/media.riograndezac.gob.mx\/riograndezac.gob.mx\/archivos\/transparencia\/fraccionXV\/2014\/4to_trimestre\/Articulo 11 fraccion XV Analitico de Ingresos.pdf\" target=\"_blank\">Anal\u00edtico de ingresos 4\u00b0 trimestre 2014<\/a><\/li>\n<\/ul>\n<\/div>\n<div style=\"text-align: left;\">\n<ul>\n<li><a href=\"http:\/\/media.riograndezac.gob.mx\/riograndezac.gob.mx\/archivos\/transparencia\/fraccionXV\/2014\/Analitico_de_ingresos_2013.pdf\" target=\"_blank\">Anal\u00edtico de ingresos del 02\/01\/2013 al 31\/12\/2013<\/a><\/li>\n<\/ul>\n<\/div>\n<div style=\"text-align: right;\">________________________________________ \u00a0 \u00a0Enlaces Anteriores \u00a0 \u00a0___________________________________________<\/div>\n<div style=\"text-align: left;\">\n<ul>\n<li><a href=\"http:\/\/media.riograndezac.gob.mx\/riograndezac.gob.mx\/archivos\/transparencia\/fraccionXV\/egresos.pdf\" target=\"_blank\">Presupuesto de Egresos<\/a> (aprobado hasta Septiembre)<\/li>\n<li><a href=\"http:\/\/media.riograndezac.gob.mx\/riograndezac.gob.mx\/archivos\/transparencia\/fraccionXV\/ingresos.pdf\" target=\"_blank\">Presupuestos de Ingresos<\/a> (aprobado hasta Septiembre)<\/li>\n<li><a href=\"http:\/\/media.riograndezac.gob.mx\/riograndezac.gob.mx\/archivos\/transparencia\/fraccionXV\/balance.pdf\" target=\"_blank\">balance<\/a><\/li>\n<li><a href=\"http:\/\/media.riograndezac.gob.mx\/riograndezac.gob.mx\/archivos\/transparencia\/fraccionXV\/balanza.pdf\" target=\"_blank\">balanza<\/a><\/li>\n<li><a href=\"http:\/\/media.riograndezac.gob.mx\/riograndezac.gob.mx\/archivos\/transparencia\/fraccionXV\/estado_de_resultados.pdf\" target=\"_blank\">estado de resultados<\/a><\/li>\n<li><a href=\"http:\/\/media.riograndezac.gob.mx\/riograndezac.gob.mx\/archivos\/transparencia\/fraccionXV\/origen_y_aplicacion.pdf\" target=\"_blank\">origen y aplicaci\u00f3n<\/a><\/li>\n<\/ul>\n<\/div>\n<div style=\"text-align: left;\">(Trimestre octubre &#8211; diciembre 2011)<\/div>\n<div style=\"text-align: left;\">\n<ul>\n<li><a href=\"http:\/\/media.riograndezac.gob.mx\/riograndezac.gob.mx\/archivos\/transparencia\/fraccionXV\/ingresos_2012.pdf\" target=\"_blank\">Presupuesto de ingresos<\/a><\/li>\n<li><a href=\"http:\/\/media.riograndezac.gob.mx\/riograndezac.gob.mx\/archivos\/transparencia\/fraccionXV\/egresos_2012.pdf\" target=\"_blank\">Presupuesto de egresos<\/a><\/li>\n<li><a href=\"http:\/\/media.riograndezac.gob.mx\/riograndezac.gob.mx\/archivos\/transparencia\/fraccionXV\/balance_4to_trim.pdf\" target=\"_blank\">Balance<\/a><\/li>\n<li><a href=\"http:\/\/media.riograndezac.gob.mx\/riograndezac.gob.mx\/archivos\/transparencia\/fraccionXV\/balanza_4to_trim.pdf\" target=\"_blank\">Balanza<\/a><\/li>\n<li><a href=\"http:\/\/media.riograndezac.gob.mx\/riograndezac.gob.mx\/archivos\/transparencia\/fraccionXV\/estado_res_4to_trim.pdf\" target=\"_blank\">Estado de Resultados<\/a><\/li>\n<li><a href=\"http:\/\/media.riograndezac.gob.mx\/riograndezac.gob.mx\/archivos\/transparencia\/fraccionXV\/origen_aplicacion_4to_trim.pdf\" target=\"_blank\">Origen y Aplicaci\u00f3n<\/a><\/li>\n<li><a href=\"http:\/\/media.riograndezac.gob.mx\/riograndezac.gob.mx\/archivos\/transparencia\/fraccionXV\/flujo_operacional_4to_trim.pdf\" target=\"_blank\">Flujo Operacional<\/a><\/li>\n<li><a href=\"http:\/\/media.riograndezac.gob.mx\/riograndezac.gob.mx\/archivos\/transparencia\/fraccionXV\/edo_egresos_2011.pdf\" target=\"_blank\">Presupuesto Anual 2011<\/a><\/li>\n<\/ul>\n<\/div>\n<p>Informaci\u00f3n Enero &#8211; julio 2012<\/p>\n<ul>\n<li><a href=\"http:\/\/media.riograndezac.gob.mx\/riograndezac.gob.mx\/archivos\/transparencia\/fraccionXV\/ene_jul\/presupuesto_ingresos12.pdf\" target=\"_blank\">Presupuesto de Ingresos<\/a><\/li>\n<li><a href=\"http:\/\/media.riograndezac.gob.mx\/riograndezac.gob.mx\/archivos\/transparencia\/fraccionXV\/ene_jul\/presupuesto_egresos 12.pdf\" target=\"_blank\">Presupuesto de Egresos<\/a><\/li>\n<li><a href=\"http:\/\/media.riograndezac.gob.mx\/riograndezac.gob.mx\/archivos\/transparencia\/fraccionXV\/ene_jul\/balance_enero_julio_2012.pdf\" target=\"_blank\">Balance<\/a><\/li>\n<li><a href=\"http:\/\/media.riograndezac.gob.mx\/riograndezac.gob.mx\/archivos\/transparencia\/fraccionXV\/ene_jul\/balanza_comprobacion_mayo12.pdf\" target=\"_blank\">Balanza<\/a> (1 may &#8211; 31 may)<\/li>\n<li><a href=\"http:\/\/media.riograndezac.gob.mx\/riograndezac.gob.mx\/archivos\/transparencia\/fraccionXV\/ene_jul\/balanza_comprobacion_junio12.pdf\" target=\"_blank\">Balanza<\/a> (1 jun &#8211; 30 jun)<\/li>\n<li><a href=\"http:\/\/media.riograndezac.gob.mx\/riograndezac.gob.mx\/archivos\/transparencia\/fraccionXV\/ene_jul\/balanza_comprobacion_julio12.pdf\" target=\"_blank\">Balanza<\/a> (1 jul &#8211; 31 jul)<\/li>\n<li><a href=\"http:\/\/media.riograndezac.gob.mx\/riograndezac.gob.mx\/archivos\/transparencia\/fraccionXV\/ene_jul\/estado_de_resultados_enero_julio_2012.pdf\" target=\"_blank\">Estado de Resultados<\/a><\/li>\n<li><a href=\"http:\/\/media.riograndezac.gob.mx\/riograndezac.gob.mx\/archivos\/transparencia\/fraccionXV\/ene_jul\/origen_aplicacion_enero_a_julio_2012.pdf\" target=\"_blank\">Origen y aplicaci\u00f3n<\/a><\/li>\n<li><a href=\"http:\/\/media.riograndezac.gob.mx\/riograndezac.gob.mx\/archivos\/transparencia\/fraccionXV\/ene_jul\/flujo_operacional_enero_a_julio_2012.pdf\" target=\"_blank\">Flujo Operacional<\/a><\/li>\n<\/ul>\n<p>SEPTIEMBRE 2012<\/p>\n<ul>\n<li><a href=\"http:\/\/media.riograndezac.gob.mx\/riograndezac.gob.mx\/archivos\/transparencia\/fraccionXV\/ingresos_sept.pdf\" target=\"_blank\">Presupuesto de Ingresos<\/a><\/li>\n<li><a href=\"http:\/\/media.riograndezac.gob.mx\/riograndezac.gob.mx\/archivos\/transparencia\/fraccionXV\/egresos_sept.pdf\" target=\"_blank\">Presupuesto de Egresos<\/a><\/li>\n<li><a href=\"http:\/\/media.riograndezac.gob.mx\/riograndezac.gob.mx\/archivos\/transparencia\/fraccionXV\/balance_sept.pdf\" target=\"_blank\">Balance<\/a><\/li>\n<li><a href=\"http:\/\/media.riograndezac.gob.mx\/riograndezac.gob.mx\/archivos\/transparencia\/fraccionXV\/balanza_sept.pdf\" target=\"_blank\">Balanza<\/a><\/li>\n<li><a href=\"http:\/\/media.riograndezac.gob.mx\/riograndezac.gob.mx\/archivos\/transparencia\/fraccionXV\/estado_de_resultados_sept.pdf\" target=\"_blank\">Estado de Resultados<\/a><\/li>\n<li><a href=\"http:\/\/media.riograndezac.gob.mx\/riograndezac.gob.mx\/archivos\/transparencia\/fraccionXV\/origen_y_aplicacion_sept.pdf\" target=\"_blank\">Origen y aplicaci\u00f3n<\/a><\/li>\n<li><a href=\"http:\/\/media.riograndezac.gob.mx\/riograndezac.gob.mx\/archivos\/transparencia\/fraccionXV\/flujo_operacional_sept.pdf\" target=\"_blank\">Flujo Operacional<\/a><\/li>\n<\/ul>\n","protected":false},"excerpt":{"rendered":"<p>La informaci\u00f3n p\u00fablica sobre la ejecuci\u00f3n del presupuesto aprobado a las entidades p\u00fablicas,misma que deber\u00e1 actualizarse trimestralmente; as\u00ed como los criterios de asignaci\u00f3n, el tiempo de ejecuci\u00f3n, los mecanismos de evaluaci\u00f3n y los responsables de su recepci\u00f3n y ejecuci\u00f3n final. Informaci\u00f3n actualizada al 1er trimestre 2016 Ejecuci\u00f3n del presupuesto Concepto Departamento que genera la informaci\u00f3n Presupuesto de Egresos 2016 Tesorer\u00eda Anal\u00edtico de Egresos 1er Trimestre 2016 Tesorer\u00eda Anal\u00edtico de Ingresos 1er Trimestre 2016 Tesorer\u00eda Informaci\u00f3n 2015 Ejecuci\u00f3n del presupuesto Concepto Departamento que genera la informaci\u00f3n Presupuesto de Egresos 2015 Tesorer\u00eda&hellip;<\/p>\n","protected":false},"author":1,"featured_media":0,"parent":7,"menu_order":0,"comment_status":"open","ping_status":"open","template":"","meta":{"_monsterinsights_skip_tracking":false,"_monsterinsights_sitenote_active":false,"_monsterinsights_sitenote_note":"","_monsterinsights_sitenote_category":0,"footnotes":""},"class_list":["post-67","page","type-page","status-publish","hentry"],"_links":{"self":[{"href":"https:\/\/riograndezac.gob.mx\/informatica\/index.php?rest_route=\/wp\/v2\/pages\/67","targetHints":{"allow":["GET"]}}],"collection":[{"href":"https:\/\/riograndezac.gob.mx\/informatica\/index.php?rest_route=\/wp\/v2\/pages"}],"about":[{"href":"https:\/\/riograndezac.gob.mx\/informatica\/index.php?rest_route=\/wp\/v2\/types\/page"}],"author":[{"embeddable":true,"href":"https:\/\/riograndezac.gob.mx\/informatica\/index.php?rest_route=\/wp\/v2\/users\/1"}],"replies":[{"embeddable":true,"href":"https:\/\/riograndezac.gob.mx\/informatica\/index.php?rest_route=%2Fwp%2Fv2%2Fcomments&post=67"}],"version-history":[{"count":10,"href":"https:\/\/riograndezac.gob.mx\/informatica\/index.php?rest_route=\/wp\/v2\/pages\/67\/revisions"}],"predecessor-version":[{"id":3413,"href":"https:\/\/riograndezac.gob.mx\/informatica\/index.php?rest_route=\/wp\/v2\/pages\/67\/revisions\/3413"}],"up":[{"embeddable":true,"href":"https:\/\/riograndezac.gob.mx\/informatica\/index.php?rest_route=\/wp\/v2\/pages\/7"}],"wp:attachment":[{"href":"https:\/\/riograndezac.gob.mx\/informatica\/index.php?rest_route=%2Fwp%2Fv2%2Fmedia&parent=67"}],"curies":[{"name":"wp","href":"https:\/\/api.w.org\/{rel}","templated":true}]}}