{"id":7172,"date":"2019-03-26T14:37:50","date_gmt":"2019-03-26T20:37:50","guid":{"rendered":"http:\/\/riograndezac.gob.mx\/informatica\/?page_id=7172"},"modified":"2019-03-26T14:52:09","modified_gmt":"2019-03-26T20:52:09","slug":"memorandum-y-diversos-escritos","status":"publish","type":"page","link":"https:\/\/riograndezac.gob.mx\/informatica\/?page_id=7172","title":{"rendered":"Memor\u00e1ndum y Diversos Escritos"},"content":{"rendered":"\n<table id=\"tablepress-10\" class=\"tablepress tablepress-id-10\">\n<thead>\n<tr class=\"row-1\">\n\t<th class=\"column-1\">NO.<\/th><th class=\"column-2\">DOCUMENTOS<\/th><th class=\"column-3\">FECHA<\/th><th class=\"column-4\">DESCARGAR<\/th>\n<\/tr>\n<\/thead>\n<tbody class=\"row-striping row-hover\">\n<tr class=\"row-2\">\n\t<td class=\"column-1\">1<\/td><td class=\"column-2\">CIRCULAR 09 OFICIALIA MAYOR, OFICIO SOBRE LA LEYENDA \"2019, CENTENARIO DE LA PROMULGACI\u00d3N DE LA LEY ORGANICA DEL MUNICIPIO LIBRE DEL ESTADO.\"<\/td><td class=\"column-3\">26\/03\/19<\/td><td class=\"column-4\"><a href=\"http:\/\/riograndezac.gob.mx\/informatica\/wp-content\/uploads\/2019\/03\/img20190326_14422274.pdf\" rel=\"noopener noreferrer\" target=\"_blank\"><img loading=\"lazy\" decoding=\"async\" src=\"http:\/\/riograndezac.gob.mx\/informatica\/wp-content\/uploads\/2018\/09\/pdf-icon-e1537915507553.png\" alt=\"\" width=\"46\" height=\"45\" class=\"aligncenter size-full wp-image-6540\" \/><\/a><\/td>\n<\/tr>\n<tr class=\"row-3\">\n\t<td class=\"column-1\">2<\/td><td class=\"column-2\">CIRCULAR 12 OFICIALIA MAYOR, SE OTORGA LA SEMANA MAYOR A TODOS LOS EMPLEADOS DE ESTE PRESIDENCIA MUNICIPAL, DEJANDO GUARDIAS D\u00cdAS: LUNES 15, MARTES 16 Y MIERCOLES 17, EL N\u00daMERO DE EMPLEADOS QUE CUBRIRAN LA GUARDIA LO CONSIDERARA EL DIRECTOR DE LAS SIGUIENTES AREAS:<br \/>\nREGISTRO CIVIL<br \/>\nCATASTRO Y PREDIAL<br \/>\nCOMERCIO<br \/>\nCAJA<\/td><td class=\"column-3\">10\/04\/19<\/td><td class=\"column-4\"><a href=\"http:\/\/riograndezac.gob.mx\/informatica\/wp-content\/uploads\/2019\/04\/img20190410_13453114.pdf\" rel=\"noopener noreferrer\" target=\"_blank\"><img loading=\"lazy\" decoding=\"async\" src=\"http:\/\/riograndezac.gob.mx\/informatica\/wp-content\/uploads\/2018\/09\/pdf-icon-e1537915507553.png\" alt=\"\" width=\"46\" height=\"45\" class=\"aligncenter size-full wp-image-6540\" \/><\/a><\/td>\n<\/tr>\n<tr class=\"row-4\">\n\t<td class=\"column-1\">3<\/td><td class=\"column-2\">Circular no.15<br \/>\ndando cumplimiento a la cl\u00e1usula VIG\u00c9SIMA PRIMERA el pliego de prestaciones del SUTSEMOP, se otorga el d\u00eda 10 de mayo a las madres trabajadoras sindicalizadas de esta presidencia municipal.<\/td><td class=\"column-3\">08\/05\/19<\/td><td class=\"column-4\"><a href=\"http:\/\/riograndezac.gob.mx\/informatica\/wp-content\/uploads\/2019\/05\/escaneogaceta.pdf\" rel=\"noopener noreferrer\" target=\"_blank\"><img loading=\"lazy\" decoding=\"async\" src=\"http:\/\/riograndezac.gob.mx\/informatica\/wp-content\/uploads\/2018\/09\/pdf-icon-e1537915507553.png\" alt=\"\" width=\"46\" height=\"45\" class=\"aligncenter size-full wp-image-6540\" \/><\/a><\/td>\n<\/tr>\n<tr class=\"row-5\">\n\t<td class=\"column-1\">4<\/td><td class=\"column-2\">Convenio Pante\u00f3n Nuevo, comunidad tierra blanca<\/td><td class=\"column-3\">01\/02\/20<\/td><td class=\"column-4\"><a href=\"http:\/\/riograndezac.gob.mx\/informatica\/wp-content\/uploads\/2020\/02\/CONVENIO.pdf\" rel=\"noopener noreferrer\" target=\"_blank\"><img loading=\"lazy\" decoding=\"async\" src=\"http:\/\/riograndezac.gob.mx\/informatica\/wp-content\/uploads\/2018\/09\/pdf-icon-e1537915507553.png\" alt=\"\" width=\"46\" height=\"45\" class=\"aligncenter size-full wp-image-6540\" \/><\/a><\/td>\n<\/tr>\n<tr class=\"row-6\">\n\t<td class=\"column-1\">5<\/td><td class=\"column-2\">COMUNICADO - El gobierno Municipal se adhiere a los lineamientos marcados por el Gobierno Federal y Estatal en relaci\u00f3n a las medidas tomadas para evitar el contagio del COVID-19.<\/td><td class=\"column-3\">20\/03\/20<\/td><td class=\"column-4\"><a href=\"http:\/\/riograndezac.gob.mx\/informatica\/wp-content\/uploads\/2020\/03\/lineamientos-marcados-para-evitar-el-contagio-covid-19.pdf\" rel=\"noopener noreferrer\" target=\"_blank\"><img loading=\"lazy\" decoding=\"async\" src=\"http:\/\/riograndezac.gob.mx\/informatica\/wp-content\/uploads\/2018\/09\/pdf-icon-e1537915507553.png\" alt=\"\" width=\"46\" height=\"45\" class=\"aligncenter size-full wp-image-6540\" \/><\/a><\/td>\n<\/tr>\n<tr class=\"row-7\">\n\t<td class=\"column-1\">6<\/td><td class=\"column-2\">COMUNICADO - A partir del 25 de marzo y hasta el 20 de abril se tomar\u00e1n las siguientes medidas:<\/td><td class=\"column-3\">25\/03\/20<\/td><td class=\"column-4\"><a href=\"http:\/\/riograndezac.gob.mx\/informatica\/wp-content\/uploads\/2020\/03\/COMUNICADO-25-MARZO.pdf\" rel=\"noopener noreferrer\" target=\"_blank\"><img loading=\"lazy\" decoding=\"async\" src=\"http:\/\/riograndezac.gob.mx\/informatica\/wp-content\/uploads\/2018\/09\/pdf-icon-e1537915507553.png\" alt=\"\" width=\"46\" height=\"45\" class=\"aligncenter size-full wp-image-6540\" \/><\/a><\/td>\n<\/tr>\n<tr class=\"row-8\">\n\t<td class=\"column-1\">7<\/td><td class=\"column-2\">COMUNICADO:<br \/>\nCANTINAS, BARES, CENTROS NOCTURNOS, CENTROS BOTANEROS, MODELORAMAS, DEP\u00d3SITOS DE CERVEZA, CENTROS COMERCIALES QUE VENDAN BEBIDAS ALCOH\u00d3LICAS,  OXXO\u00b4S, SORIANA, AURERA Y BILLARES.<\/td><td class=\"column-3\">03\/04\/20<\/td><td class=\"column-4\"><a href=\"http:\/\/riograndezac.gob.mx\/informatica\/wp-content\/uploads\/2020\/04\/medidas-03-abril.pdf\" rel=\"noopener noreferrer\" target=\"_blank\"><img loading=\"lazy\" decoding=\"async\" src=\"http:\/\/riograndezac.gob.mx\/informatica\/wp-content\/uploads\/2018\/09\/pdf-icon-e1537915507553.png\" alt=\"\" width=\"46\" height=\"45\" class=\"aligncenter size-full wp-image-6540\" \/><\/a><\/td>\n<\/tr>\n<tr class=\"row-9\">\n\t<td class=\"column-1\">8<\/td><td class=\"column-2\">COMUNICADO: CONTINGENCIA 6 DE ABRIL<br \/>\nESTE ACUERDO ENTRA EN VIGOR A PARTIR DE LAS 18:00 HORAS DEL D\u00cdA 6 DE<br \/>\nABRIL DEL 2020 Y HASTA QUE SE LEVANTE LA CONTINGENCIA SANITARIA.<\/td><td class=\"column-3\">06\/04\/20<\/td><td class=\"column-4\"><a href=\"http:\/\/riograndezac.gob.mx\/informatica\/wp-content\/uploads\/2020\/04\/CONTINGENCIA-06-DE-ABRIL.pdf\" rel=\"noopener noreferrer\" target=\"_blank\"><img loading=\"lazy\" decoding=\"async\" src=\"http:\/\/riograndezac.gob.mx\/informatica\/wp-content\/uploads\/2018\/09\/pdf-icon-e1537915507553.png\" alt=\"\" width=\"46\" height=\"45\" class=\"aligncenter size-full wp-image-6540\" \/><\/a><\/td>\n<\/tr>\n<tr class=\"row-10\">\n\t<td class=\"column-1\">9<\/td><td class=\"column-2\">COMUNICADO: CONTINGENCIA 6 DE ABRIL PARA LOS COMERCIOS<br \/>\nSe les solicita de la manera m\u00e1s atenta dar servicio en sus centros<br \/>\ncomerciales a los adultos mayores en la primera hora de su actividad<br \/>\ncomercial. para as\u00ed evitar un posibie contagio.<br \/>\nEsta medida se tomar\u00e1 en cuenta a partir del 7 de abril hasta que se<br \/>\nlevante la contingencia sanitaria<\/td><td class=\"column-3\">06\/04\/20<\/td><td class=\"column-4\"><a href=\"http:\/\/riograndezac.gob.mx\/informatica\/wp-content\/uploads\/2020\/04\/covid-19-comercio-06-abril.pdf\" rel=\"noopener noreferrer\" target=\"_blank\"><img loading=\"lazy\" decoding=\"async\" src=\"http:\/\/riograndezac.gob.mx\/informatica\/wp-content\/uploads\/2018\/09\/pdf-icon-e1537915507553.png\" alt=\"\" width=\"46\" height=\"45\" class=\"aligncenter size-full wp-image-6540\" \/><\/a><\/td>\n<\/tr>\n<tr class=\"row-11\">\n\t<td class=\"column-1\">10<\/td><td class=\"column-2\">Se les solicita de la manera m\u00e1s atenta de no transportar a personas que muestren<br \/>\ns\u00edntomas de problemas respiratorios o temperatura, y por favor de cumplir con las<br \/>\nprevenciones de Seguridad y de Salud que ha implementado la Secretaria de Salud.<\/td><td class=\"column-3\">06\/04\/20<\/td><td class=\"column-4\"><a href=\"http:\/\/riograndezac.gob.mx\/informatica\/wp-content\/uploads\/2020\/04\/COVID-19-TRANSPORTES.pdf\" rel=\"noopener noreferrer\" target=\"_blank\"><img loading=\"lazy\" decoding=\"async\" src=\"http:\/\/riograndezac.gob.mx\/informatica\/wp-content\/uploads\/2018\/09\/pdf-icon-e1537915507553.png\" alt=\"\" width=\"46\" height=\"45\" class=\"aligncenter size-full wp-image-6540\" \/><\/a><\/td>\n<\/tr>\n<tr class=\"row-12\">\n\t<td class=\"column-1\">11<\/td><td class=\"column-2\">comunicado turismo 20 abril.<br \/>\n<br \/>\nPor este conducto me dirijo a ustedes que dado al estado de emergencia de salud que<br \/>\nestamos Viviendo y en virtud a la pandemia suscitada por el COVID19, y, dado al comunicado de fecha 03\/04\/2020 del Centro Zacatecas de la Secretar\u00eda de Comunicaciones y Transportes (SCT).<br \/>\n<br \/>\nSE LES ORDENA SUSPENDER TEMPORALMENTE EL SERVICIO DE TRANSPORTE DE<br \/>\nTURISMO EN ZACATECAS. Y PARTICULARMENTE AQU\u00cd EN R\u00cdO GRANDE, ZACATECAS.<br \/>\nHASTA QUE SE LEVANTE LA CONTINGENCIA SANITARIA.<\/td><td class=\"column-3\">20\/04\/20<\/td><td class=\"column-4\"><a href=\"http:\/\/riograndezac.gob.mx\/informatica\/wp-content\/uploads\/2020\/04\/turismo-covid-19.pdf\" rel=\"noopener noreferrer\" target=\"_blank\"><img loading=\"lazy\" decoding=\"async\" src=\"http:\/\/riograndezac.gob.mx\/informatica\/wp-content\/uploads\/2018\/09\/pdf-icon-e1537915507553.png\" alt=\"\" width=\"46\" height=\"45\" class=\"aligncenter size-full wp-image-6540\" \/><\/a><\/td>\n<\/tr>\n<tr class=\"row-13\">\n\t<td class=\"column-1\">12<\/td><td class=\"column-2\">Por este conducto me dirijo a ustedes que dado al estado de emergencia de Salud que<br \/>\nestamos Viviendo y en virtud a la pandemia suscitada por el COVID-19.<br \/>\n<br \/>\nSE LES DA A CONOCER QUE TODAS LAS PLAZAS, PARQUES, GIMNASIOS,<br \/>\nCENTROS DEPORTIVOS Y DE RECREACI\u00d3N P\u00daBLICOS DONDE NO SE DESARROLLE<br \/>\nALGUNA ACTIVIDAD ESENCIAL, DEBER\u00c1N DE PERMANECER CERRADOS AL<br \/>\nPUBLICO, DURANTE LAS 24 HORAS DEL D\u00cdA. ESTO A PARTIR DEL 21 DE ABRIL DEL<br \/>\nPRESENTE A\u00d1O HASTA QUE SE LEVANTE LA CONTINGENCIA SANITARIA.<\/td><td class=\"column-3\">20\/04\/20<\/td><td class=\"column-4\"><a href=\"http:\/\/riograndezac.gob.mx\/informatica\/wp-content\/uploads\/2020\/04\/covid-19-Poblacion-en-general.pdf\" rel=\"noopener noreferrer\" target=\"_blank\"><img loading=\"lazy\" decoding=\"async\" src=\"http:\/\/riograndezac.gob.mx\/informatica\/wp-content\/uploads\/2018\/09\/pdf-icon-e1537915507553.png\" alt=\"\" width=\"46\" height=\"45\" class=\"aligncenter size-full wp-image-6540\" \/><\/a><\/td>\n<\/tr>\n<tr class=\"row-14\">\n\t<td class=\"column-1\">13<\/td><td class=\"column-2\">Restricciones de Mayo <\/td><td class=\"column-3\">08\/05\/20<\/td><td class=\"column-4\"><a href=\"http:\/\/riograndezac.gob.mx\/informatica\/wp-content\/uploads\/2020\/05\/restricciones-mayo-2020-ok.pdf\" rel=\"noopener noreferrer\" target=\"_blank\"><img loading=\"lazy\" decoding=\"async\" src=\"http:\/\/riograndezac.gob.mx\/informatica\/wp-content\/uploads\/2018\/09\/pdf-icon-e1537915507553.png\" alt=\"\" width=\"46\" height=\"45\" class=\"aligncenter size-full wp-image-6540\" \/><\/a><\/td>\n<\/tr>\n<tr class=\"row-15\">\n\t<td class=\"column-1\">14<\/td><td class=\"column-2\">Decreto # 384 Para el personal de la presidencia municipal<\/td><td class=\"column-3\">14\/05\/20<\/td><td class=\"column-4\"><a href=\"http:\/\/riograndezac.gob.mx\/informatica\/wp-content\/uploads\/2020\/05\/decreto-384.pdf\" rel=\"noopener noreferrer\" target=\"_blank\"><img loading=\"lazy\" decoding=\"async\" src=\"http:\/\/riograndezac.gob.mx\/informatica\/wp-content\/uploads\/2018\/09\/pdf-icon-e1537915507553.png\" alt=\"\" width=\"46\" height=\"45\" class=\"aligncenter size-full wp-image-6540\" \/><\/a><\/td>\n<\/tr>\n<tr class=\"row-16\">\n\t<td class=\"column-1\">15<\/td><td class=\"column-2\">PROTOCOLO MUNICIPAL DE INICIO A LA NUEVA NORMALIDAD R\u00cdO GRANDE, ZAC.<\/td><td class=\"column-3\">02\/06\/20<\/td><td class=\"column-4\"><a href=\"http:\/\/riograndezac.gob.mx\/informatica\/wp-content\/uploads\/2020\/06\/Nueva-Normalidad-2020.pdf\" rel=\"noopener noreferrer\" target=\"_blank\"><img loading=\"lazy\" decoding=\"async\" src=\"http:\/\/riograndezac.gob.mx\/informatica\/wp-content\/uploads\/2018\/09\/pdf-icon-e1537915507553.png\" alt=\"\" width=\"46\" height=\"45\" class=\"aligncenter size-full wp-image-6540\" \/><\/a><\/td>\n<\/tr>\n<tr class=\"row-17\">\n\t<td class=\"column-1\">16<\/td><td class=\"column-2\">PARA TODO EL PERSONAL DE LA PRESIDENCIA MUNICIPAL NO. CIRCULAR 09 - OFICIALIA MAYOR<\/td><td class=\"column-3\">15\/06\/20<\/td><td class=\"column-4\"><a href=\"https:\/\/drive.google.com\/file\/d\/1HkgllLEKDpgtBla8dipFMyr0yrU_cbEZ\/view?usp=sharing\" rel=\"noopener noreferrer\" target=\"_blank\"><img loading=\"lazy\" decoding=\"async\" src=\"http:\/\/riograndezac.gob.mx\/informatica\/wp-content\/uploads\/2018\/09\/pdf-icon-e1537915507553.png\" alt=\"\" width=\"46\" height=\"45\" class=\"aligncenter size-full wp-image-6540\" \/><\/a><\/td>\n<\/tr>\n<tr class=\"row-18\">\n\t<td class=\"column-1\">17<\/td><td class=\"column-2\">LINEAMIENTOS PARROQUIAS<\/td><td class=\"column-3\">01\/07\/20<\/td><td class=\"column-4\"><a href=\"http:\/\/riograndezac.gob.mx\/informatica\/wp-content\/uploads\/2020\/07\/LINEAMIENTOS-PARROQUIAS.pdf\" rel=\"noopener noreferrer\" target=\"_blank\"><img loading=\"lazy\" decoding=\"async\" src=\"http:\/\/riograndezac.gob.mx\/informatica\/wp-content\/uploads\/2018\/09\/pdf-icon-e1537915507553.png\" alt=\"\" width=\"46\" height=\"45\" class=\"aligncenter size-full wp-image-6540\" \/><\/a><\/td>\n<\/tr>\n<tr class=\"row-19\">\n\t<td class=\"column-1\">18<\/td><td class=\"column-2\">CONVENIO DE COORDINACI\u00d3N PARA LA IMPLEMENTACI\u00d3N DE ACCIONES EN MATERIA DE CONTROL SANITARIO QUE CELEBRAN, POR UNA PARTE, EL GOBIERNO DEL ESTADO DE ZACATECAS, REPRESENTADO EN ESTE ACTO POR EL C. ALEJANDRO TELLO CRISTERNA, GOBERNADOR DEL ESTADO, ASISTIDO POR LOS CC. JEH\u00da EDUI SALAS D\u00c1VILA, ISMAEL CAMBEROS HERN\u00c1NDEZ Y GILBERTO BRE\u00d1A CANT\u00da, SECRETARIO GENERAL DE GOBIERNO, SECRETARIO DE SEGURIDAD P\u00daBLICA Y SECRETARIO DE SALUD, RESPECTIVAMENTE, EN LO SUCESIVO \"GOBIERNO DEL ESTADO\", Y POR OTRO EL MUNICIPIO DE RIO GRANDE, ZACATECAS<\/td><td class=\"column-3\">27\/07\/20<\/td><td class=\"column-4\"><a href=\"https:\/\/drive.google.com\/file\/d\/14WHghrrEXv3hyPT7KYacpTrN0GaPR9YX\/view?usp=sharing\" rel=\"noopener noreferrer\" target=\"_blank\"><img loading=\"lazy\" decoding=\"async\" src=\"http:\/\/riograndezac.gob.mx\/informatica\/wp-content\/uploads\/2018\/09\/pdf-icon-e1537915507553.png\" alt=\"\" width=\"46\" height=\"45\" class=\"aligncenter size-full wp-image-6540\" \/><\/a><\/td>\n<\/tr>\n<tr class=\"row-20\">\n\t<td class=\"column-1\">19<\/td><td class=\"column-2\">CONVENIO DE COLABORACI\u00d3N CDHEZ<\/td><td class=\"column-3\">08\/10\/20<\/td><td class=\"column-4\"><a href=\"http:\/\/riograndezac.gob.mx\/informatica\/wp-content\/uploads\/2020\/10\/convenio-CNDH.pdf\" rel=\"noopener noreferrer\" target=\"_blank\"><img loading=\"lazy\" decoding=\"async\" src=\"http:\/\/riograndezac.gob.mx\/informatica\/wp-content\/uploads\/2018\/09\/pdf-icon-e1537915507553.png\" alt=\"\" width=\"46\" height=\"45\" class=\"aligncenter size-full wp-image-6540\" \/><\/a><\/td>\n<\/tr>\n<tr class=\"row-21\">\n\t<td class=\"column-1\">20<\/td><td class=\"column-2\">COMUNICADO: debido al incremento de p\u00e9rdidas humanas por contagios de COVID-19, se llevaran a cabo las siguientes medidas para todo el municipio.<\/td><td class=\"column-3\">09\/11\/20<\/td><td class=\"column-4\"><a href=\"http:\/\/riograndezac.gob.mx\/informatica\/wp-content\/uploads\/2020\/11\/covid-19-09nov2020.pdf\" rel=\"noopener noreferrer\" target=\"_blank\"><img loading=\"lazy\" decoding=\"async\" src=\"http:\/\/riograndezac.gob.mx\/informatica\/wp-content\/uploads\/2018\/09\/pdf-icon-e1537915507553.png\" alt=\"\" width=\"46\" height=\"45\" class=\"aligncenter size-full wp-image-6540\" \/><\/a><\/td>\n<\/tr>\n<tr class=\"row-22\">\n\t<td class=\"column-1\">21<\/td><td class=\"column-2\">PROYECTO RESOLUCI\u00d3N EXP. 02-R.R.\/2020<\/td><td class=\"column-3\">22\/12\/20<\/td><td class=\"column-4\"><a href=\"http:\/\/riograndezac.gob.mx\/informatica\/wp-content\/uploads\/2021\/01\/PROYECTO-RESOLUCION-02.pdf\" rel=\"noopener noreferrer\" target=\"_blank\"><img loading=\"lazy\" decoding=\"async\" src=\"http:\/\/riograndezac.gob.mx\/informatica\/wp-content\/uploads\/2018\/09\/pdf-icon-e1537915507553.png\" alt=\"\" width=\"46\" height=\"45\" class=\"aligncenter size-full wp-image-6540\" \/><\/a><\/td>\n<\/tr>\n<tr class=\"row-23\">\n\t<td class=\"column-1\">22<\/td><td class=\"column-2\">PROYECTO RESOLUCI\u00d3N EXP. 03-R.R.\/2020<\/td><td class=\"column-3\">22\/12\/20<\/td><td class=\"column-4\"><a href=\"http:\/\/riograndezac.gob.mx\/informatica\/wp-content\/uploads\/2021\/01\/PROYECTO-RESOLUCION-03.pdf\" rel=\"noopener noreferrer\" target=\"_blank\"><img loading=\"lazy\" decoding=\"async\" src=\"http:\/\/riograndezac.gob.mx\/informatica\/wp-content\/uploads\/2018\/09\/pdf-icon-e1537915507553.png\" alt=\"\" width=\"46\" height=\"45\" class=\"aligncenter size-full wp-image-6540\" \/><\/a><\/td>\n<\/tr>\n<tr class=\"row-24\">\n\t<td class=\"column-1\">23<\/td><td class=\"column-2\">Calendario Oficial dias de descanso y vacaciones 2021<\/td><td class=\"column-3\">29\/01\/20<\/td><td class=\"column-4\"><a href=\"http:\/\/riograndezac.gob.mx\/informatica\/wp-content\/uploads\/2021\/01\/Calendario-Oficial-dias-de-descanso-y-vacaciones-2021.pdf\" rel=\"noopener noreferrer\" target=\"_blank\"><img loading=\"lazy\" decoding=\"async\" src=\"http:\/\/riograndezac.gob.mx\/informatica\/wp-content\/uploads\/2018\/09\/pdf-icon-e1537915507553.png\" alt=\"\" width=\"46\" height=\"45\" class=\"aligncenter size-full wp-image-6540\" \/><\/a><\/td>\n<\/tr>\n<tr class=\"row-25\">\n\t<td class=\"column-1\">24<\/td><td class=\"column-2\">CATALOGO DE PUESTOS Y TABULADOR DE SALARIOS CORRD. PROTECCION CIVIL Y BOMBEROS  2021<\/td><td class=\"column-3\">29\/01\/20<\/td><td class=\"column-4\"><a href=\"http:\/\/riograndezac.gob.mx\/informatica\/wp-content\/uploads\/2021\/01\/CATALOGO-DE-PUESTOS-Y-TABULADOR-DE-SALARIOS-CORRD.-PROTECCION-CIVIL-Y-BOMBEROS-2021.pdf\" rel=\"noopener noreferrer\" target=\"_blank\"><img loading=\"lazy\" decoding=\"async\" src=\"http:\/\/riograndezac.gob.mx\/informatica\/wp-content\/uploads\/2018\/09\/pdf-icon-e1537915507553.png\" alt=\"\" width=\"46\" height=\"45\" class=\"aligncenter size-full wp-image-6540\" \/><\/a><\/td>\n<\/tr>\n<tr class=\"row-26\">\n\t<td class=\"column-1\">25<\/td><td class=\"column-2\">Cat\u00e1logo Seguridad P\u00fablica 2021<\/td><td class=\"column-3\">29\/01\/20<\/td><td class=\"column-4\"><a href=\"http:\/\/riograndezac.gob.mx\/informatica\/wp-content\/uploads\/2021\/01\/Catalogo-Seg.-Pub-2021.pdf\" rel=\"noopener noreferrer\" target=\"_blank\"><img loading=\"lazy\" decoding=\"async\" src=\"http:\/\/riograndezac.gob.mx\/informatica\/wp-content\/uploads\/2018\/09\/pdf-icon-e1537915507553.png\" alt=\"\" width=\"46\" height=\"45\" class=\"aligncenter size-full wp-image-6540\" \/><\/a><\/td>\n<\/tr>\n<tr class=\"row-27\">\n\t<td class=\"column-1\">26<\/td><td class=\"column-2\">Acta de la sesi\u00f3n de instalaci\u00f3n del grupo interdisciplinario del R. Ayuntamiento del municipio de R\u00edo Grande, Zac. efectuada el doce de febrero del dos mil veintiuno. <\/td><td class=\"column-3\">12\/02\/21<\/td><td class=\"column-4\"><a href=\"http:\/\/riograndezac.gob.mx\/informatica\/wp-content\/uploads\/2021\/03\/departamento-de-archivo-acta.pdf\" rel=\"noopener noreferrer\" target=\"_blank\"><img loading=\"lazy\" decoding=\"async\" src=\"http:\/\/riograndezac.gob.mx\/informatica\/wp-content\/uploads\/2018\/09\/pdf-icon-e1537915507553.png\" alt=\"\" width=\"46\" height=\"45\" class=\"aligncenter size-full wp-image-6540\" \/><\/a><\/td>\n<\/tr>\n<tr class=\"row-28\">\n\t<td class=\"column-1\">27<\/td><td class=\"column-2\">Comunicado 21 de Marzo<\/td><td class=\"column-3\">21\/03\/21<\/td><td class=\"column-4\"><a href=\"http:\/\/riograndezac.gob.mx\/informatica\/wp-content\/uploads\/2021\/03\/comunicado-marzo-2021.pdf\" rel=\"noopener\" target=\"_blank\"><img loading=\"lazy\" decoding=\"async\" src=\"http:\/\/riograndezac.gob.mx\/informatica\/wp-content\/uploads\/2018\/09\/pdf-icon-e1537915507553.png\" alt=\"\" width=\"46\" height=\"45\" class=\"aligncenter size-full wp-image-6540\" \/><\/a><\/td>\n<\/tr>\n<tr class=\"row-29\">\n\t<td class=\"column-1\">28<\/td><td class=\"column-2\">COMUNICADO 06 DE JUNIO 2021<\/td><td class=\"column-3\">6\/06\/21<\/td><td class=\"column-4\"><a href=\"http:\/\/riograndezac.gob.mx\/informatica\/wp-content\/uploads\/2021\/06\/Escaneo0005.pdf\" rel=\"noopener\" target=\"_blank\"><img loading=\"lazy\" decoding=\"async\" src=\"http:\/\/riograndezac.gob.mx\/informatica\/wp-content\/uploads\/2018\/09\/pdf-icon-e1537915507553.png\" alt=\"\" width=\"46\" height=\"45\" class=\"aligncenter size-full wp-image-6540\" \/><\/a><\/td>\n<\/tr>\n<\/tbody>\n<\/table>\n<!-- #tablepress-10 from cache -->\n","protected":false},"excerpt":{"rendered":"","protected":false},"author":1,"featured_media":0,"parent":0,"menu_order":0,"comment_status":"closed","ping_status":"closed","template":"","meta":{"_monsterinsights_skip_tracking":false,"_monsterinsights_sitenote_active":false,"_monsterinsights_sitenote_note":"","_monsterinsights_sitenote_category":0,"footnotes":""},"class_list":["post-7172","page","type-page","status-publish","hentry"],"_links":{"self":[{"href":"https:\/\/riograndezac.gob.mx\/informatica\/index.php?rest_route=\/wp\/v2\/pages\/7172","targetHints":{"allow":["GET"]}}],"collection":[{"href":"https:\/\/riograndezac.gob.mx\/informatica\/index.php?rest_route=\/wp\/v2\/pages"}],"about":[{"href":"https:\/\/riograndezac.gob.mx\/informatica\/index.php?rest_route=\/wp\/v2\/types\/page"}],"author":[{"embeddable":true,"href":"https:\/\/riograndezac.gob.mx\/informatica\/index.php?rest_route=\/wp\/v2\/users\/1"}],"replies":[{"embeddable":true,"href":"https:\/\/riograndezac.gob.mx\/informatica\/index.php?rest_route=%2Fwp%2Fv2%2Fcomments&post=7172"}],"version-history":[{"count":2,"href":"https:\/\/riograndezac.gob.mx\/informatica\/index.php?rest_route=\/wp\/v2\/pages\/7172\/revisions"}],"predecessor-version":[{"id":7177,"href":"https:\/\/riograndezac.gob.mx\/informatica\/index.php?rest_route=\/wp\/v2\/pages\/7172\/revisions\/7177"}],"wp:attachment":[{"href":"https:\/\/riograndezac.gob.mx\/informatica\/index.php?rest_route=%2Fwp%2Fv2%2Fmedia&parent=7172"}],"curies":[{"name":"wp","href":"https:\/\/api.w.org\/{rel}","templated":true}]}}