{"id":76,"date":"2016-01-17T20:16:21","date_gmt":"2016-01-18T02:16:21","guid":{"rendered":"http:\/\/riograndezac.gob.mx\/informatica\/?page_id=76"},"modified":"2016-02-23T11:18:57","modified_gmt":"2016-02-23T17:18:57","slug":"xviii-la-informacion-publica-sobre-el-endeudamiento-de-los-sujetos-obligados","status":"publish","type":"page","link":"https:\/\/riograndezac.gob.mx\/informatica\/?page_id=76","title":{"rendered":"XVIII. LA INFORMACI\u00d3N P\u00daBLICA SOBRE EL ENDEUDAMIENTO DE LOS SUJETOS OBLIGADOS"},"content":{"rendered":"<p><strong>La informaci\u00f3n p\u00fablica sobre el endeudamiento de los sujetos obligados.<\/strong><\/p>\n<p style=\"text-align: right;\">Informaci\u00f3n actualizada al 4\u00b0 trimestre 2015<\/p>\n<p style=\"text-align: left;\" align=\"left\"><strong>Endeudamiento<\/strong><\/p>\n<table border=\"1\" width=\"462\">\n<tbody>\n<tr>\n<td width=\"279\">\n<div align=\"center\"><strong>Concepto<\/strong><\/div>\n<\/td>\n<td width=\"167\">\n<div align=\"center\"><strong>Departamento que genera la informaci\u00f3n<\/strong><\/div>\n<\/td>\n<\/tr>\n<tr>\n<td>\n<ul>\n<li><a href=\"http:\/\/media.riograndezac.gob.mx\/riograndezac.gob.mx\/archivos\/transparencia\/fraccionXVIII\/2015\/1er_trimestre\/Art.%2011%20fraccion%20XVIII%20-%20Pasivos.pdf\" target=\"_blank\">Anal\u00edtico de pasivos 1er trimestre 2015<\/a><\/li>\n<li><a href=\"http:\/\/media.riograndezac.gob.mx\/riograndezac.gob.mx\/archivos\/transparencia\/fraccionXVIII\/2015\/2do_trimestre\/Art.%2011%20Fracci\u00f3n%20XVIII%20-%20Pasivos.pdf\" target=\"_blank\">Anal\u00edtico de pasivos 2\u00b0 trimestre\u00a02015<\/a><\/li>\n<li><a href=\"http:\/\/media.riograndezac.gob.mx\/riograndezac.gob.mx\/archivos\/transparencia\/fraccionXVIII\/2015\/3er_trimestre\/Art.%2011%20Fracci\u00f3n%20XVIII%20-%20Pasivos.pdf\" target=\"_blank\">Anal\u00edtico de pasivos 3er trimestre\u00a02015<\/a><\/li>\n<li><a href=\"http:\/\/media.riograndezac.gob.mx\/riograndezac.gob.mx\/archivos\/transparencia\/justi4to2015\/Justificacion_4to_trim_2015.pdf\" target=\"_blank\">Anal\u00edtico de pasivos 4\u00b0 trimestre\u00a02015<\/a><\/li>\n<\/ul>\n<\/td>\n<td>\n<ul>\n<li>Tesorer\u00eda<\/li>\n<\/ul>\n<\/td>\n<\/tr>\n<\/tbody>\n<\/table>\n<hr \/>\n<p style=\"text-align: center;\"><strong>Informaci\u00f3n 2014<\/strong><\/p>\n<p style=\"text-align: left;\"><strong>Endeudamiento del Sujeto Obligado<\/strong><\/p>\n<ul>\n<li><a href=\"http:\/\/media.riograndezac.gob.mx\/riograndezac.gob.mx\/archivos\/transparencia\/fraccionXVIII\/2014\/1er_trimestre\/Estado_Analitico_del_Pasivo_Ene-Mzo.pdf\" target=\"_blank\">Anal\u00edtico de pasivos 1er trimestre 2014<\/a><\/li>\n<li><a href=\"http:\/\/media.riograndezac.gob.mx\/riograndezac.gob.mx\/archivos\/transparencia\/fraccionXVIII\/2014\/2o_trimestre\/Estado_Analitico_del_Pasivo_Abr-Jun.pdf\" target=\"_blank\">Anal\u00edtico de pasivos 2\u00b0 trimestre\u00a02014<\/a><\/li>\n<li><a href=\"http:\/\/media.riograndezac.gob.mx\/riograndezac.gob.mx\/archivos\/transparencia\/fraccionXVIII\/2014\/3er_trimestre\/Estado_Analitico_del_Pasivo-Jul-Ago.pdf\" target=\"_blank\">Anal\u00edtico de pasivos 3er trimestre 2014<\/a><\/li>\n<li><a href=\"http:\/\/media.riograndezac.gob.mx\/riograndezac.gob.mx\/archivos\/transparencia\/fraccionXVIII\/2014\/4to_trimestre\/Articulo 11 fraccion XVIII Analisis de Pasivos.pdf\" target=\"_blank\">Anal\u00edtico de pasivos 4\u00b0 trimestre 2014<\/a><\/li>\n<\/ul>\n<ul>\n<li><a href=\"http:\/\/media.riograndezac.gob.mx\/riograndezac.gob.mx\/archivos\/transparencia\/fraccionXVIII\/2014\/1er_trimestre\/Balanza_Comprobacion_Ene-Mzo.pdf\" target=\"_blank\">Balanza de comprobaci\u00f3n 1er trimestre 2014<\/a><\/li>\n<li><a href=\"http:\/\/media.riograndezac.gob.mx\/riograndezac.gob.mx\/archivos\/transparencia\/fraccionXVIII\/2014\/2o_trimestre\/Balanza_de_Comrpobacion_Abr-Jun.pdf\" target=\"_blank\">Balanza de comprobaci\u00f3n 2\u00b0 trimestre 2014<\/a><\/li>\n<li><a href=\"http:\/\/media.riograndezac.gob.mx\/riograndezac.gob.mx\/archivos\/transparencia\/fraccionXVIII\/2014\/3er_trimestre\/Balanza_de_Comrobacion_Jul-Ago.pdf\" target=\"_blank\">Balanza de comprobaci\u00f3n 3er trimestre 2014<\/a><\/li>\n<li><a href=\"http:\/\/media.riograndezac.gob.mx\/riograndezac.gob.mx\/archivos\/transparencia\/fraccionXVIII\/2014\/4to_trimestre\/Articulo%2011%20fraccion%20XVIII%20Balanza%20de%20Comprobacion.pdf\" target=\"_blank\">Balanza de comprobaci\u00f3n 4\u00b0 trimestre 2014<\/a><\/li>\n<\/ul>\n<ul>\n<li><a href=\"http:\/\/media.riograndezac.gob.mx\/riograndezac.gob.mx\/archivos\/transparencia\/fraccionXVIII\/analitico_de_pasivos_4to_trimestral_2013.pdf\" target=\"_blank\">Anal\u00edtico de pasivos 4to trimestr 2013<\/a><\/li>\n<\/ul>\n<ul>\n<li><a href=\"http:\/\/media.riograndezac.gob.mx\/riograndezac.gob.mx\/archivos\/transparencia\/fraccionXVIII\/balanza_4to_trimestre_2013.pdf\" target=\"_blank\">Balanza de comprobaci\u00f3n 4to trimestre 2013<\/a><\/li>\n<\/ul>\n<p style=\"text-align: right;\">_______________________________________ \u00a0 \u00a0 ENLACES ANTERIORES \u00a0 \u00a0 _______________________________________<\/p>\n<ul>\n<li><a href=\"http:\/\/media.riograndezac.gob.mx\/riograndezac.gob.mx\/archivos\/transparencia\/fraccionXVIII\/analitico_pas_4to_trim.pdf\" target=\"_blank\">Deuda P\u00fablica<\/a><\/li>\n<\/ul>\n<p><strong>Del 1 jul \u00a0al 30 sept<\/strong><\/p>\n<ul>\n<li><a href=\"http:\/\/media.riograndezac.gob.mx\/riograndezac.gob.mx\/archivos\/transparencia\/fraccionXVIII\/deuda_publica.pdf\" target=\"_blank\">Deuda P\u00fablica<\/a><\/li>\n<li><a href=\"http:\/\/media.riograndezac.gob.mx\/riograndezac.gob.mx\/archivos\/transparencia\/fraccionXV\/ene_jul\/balanza_comprobacion_mayo12.pdf\" target=\"_blank\">Balanza de Comprobaci\u00f3n Mayo 2012<\/a><\/li>\n<li><a href=\"http:\/\/media.riograndezac.gob.mx\/riograndezac.gob.mx\/archivos\/transparencia\/fraccionXV\/ene_jul\/balanza_comprobacion_junio12.pdf\" target=\"_blank\">Balanza de Comprobaci\u00f3n Junio 2012<\/a><\/li>\n<li><a href=\"http:\/\/media.riograndezac.gob.mx\/riograndezac.gob.mx\/archivos\/transparencia\/fraccionXV\/ene_jul\/balanza_comprobacion_julio12.pdf\" target=\"_blank\">Balanza de Comprobaci\u00f3n Julio 2012<\/a><\/li>\n<li><a href=\"http:\/\/media.riograndezac.gob.mx\/riograndezac.gob.mx\/archivos\/transparencia\/fraccionXVIII\/balanza_sept.pdf\" target=\"_blank\">Balanza de Comprobaci\u00f3n Septiembre 2012<\/a><\/li>\n<li><a href=\"http:\/\/media.riograndezac.gob.mx\/riograndezac.gob.mx\/archivos\/transparencia\/fraccionXVIII\/pasivos_sept.pdf\" target=\"_blank\">Pasivos Septiembre 2012<\/a><\/li>\n<\/ul>\n","protected":false},"excerpt":{"rendered":"<p>La informaci\u00f3n p\u00fablica sobre el endeudamiento de los sujetos obligados. Informaci\u00f3n actualizada al 4\u00b0 trimestre 2015 Endeudamiento Concepto Departamento que genera la informaci\u00f3n Anal\u00edtico de pasivos 1er trimestre 2015 Anal\u00edtico de pasivos 2\u00b0 trimestre\u00a02015 Anal\u00edtico de pasivos 3er trimestre\u00a02015 Anal\u00edtico de pasivos 4\u00b0 trimestre\u00a02015 Tesorer\u00eda Informaci\u00f3n 2014 Endeudamiento del Sujeto Obligado Anal\u00edtico de pasivos 1er trimestre 2014 Anal\u00edtico de pasivos 2\u00b0 trimestre\u00a02014 Anal\u00edtico de pasivos 3er trimestre 2014 Anal\u00edtico de pasivos 4\u00b0 trimestre 2014 Balanza de comprobaci\u00f3n 1er trimestre 2014 Balanza de comprobaci\u00f3n 2\u00b0 trimestre 2014 Balanza de comprobaci\u00f3n 3er&hellip;<\/p>\n","protected":false},"author":1,"featured_media":0,"parent":7,"menu_order":0,"comment_status":"open","ping_status":"open","template":"","meta":{"_monsterinsights_skip_tracking":false,"_monsterinsights_sitenote_active":false,"_monsterinsights_sitenote_note":"","_monsterinsights_sitenote_category":0,"footnotes":""},"class_list":["post-76","page","type-page","status-publish","hentry"],"_links":{"self":[{"href":"https:\/\/riograndezac.gob.mx\/informatica\/index.php?rest_route=\/wp\/v2\/pages\/76","targetHints":{"allow":["GET"]}}],"collection":[{"href":"https:\/\/riograndezac.gob.mx\/informatica\/index.php?rest_route=\/wp\/v2\/pages"}],"about":[{"href":"https:\/\/riograndezac.gob.mx\/informatica\/index.php?rest_route=\/wp\/v2\/types\/page"}],"author":[{"embeddable":true,"href":"https:\/\/riograndezac.gob.mx\/informatica\/index.php?rest_route=\/wp\/v2\/users\/1"}],"replies":[{"embeddable":true,"href":"https:\/\/riograndezac.gob.mx\/informatica\/index.php?rest_route=%2Fwp%2Fv2%2Fcomments&post=76"}],"version-history":[{"count":9,"href":"https:\/\/riograndezac.gob.mx\/informatica\/index.php?rest_route=\/wp\/v2\/pages\/76\/revisions"}],"predecessor-version":[{"id":2832,"href":"https:\/\/riograndezac.gob.mx\/informatica\/index.php?rest_route=\/wp\/v2\/pages\/76\/revisions\/2832"}],"up":[{"embeddable":true,"href":"https:\/\/riograndezac.gob.mx\/informatica\/index.php?rest_route=\/wp\/v2\/pages\/7"}],"wp:attachment":[{"href":"https:\/\/riograndezac.gob.mx\/informatica\/index.php?rest_route=%2Fwp%2Fv2%2Fmedia&parent=76"}],"curies":[{"name":"wp","href":"https:\/\/api.w.org\/{rel}","templated":true}]}}