{"id":8242,"date":"2020-05-14T00:18:21","date_gmt":"2020-05-14T05:18:21","guid":{"rendered":"http:\/\/riograndezac.gob.mx\/informatica\/?page_id=8242"},"modified":"2020-05-14T00:26:18","modified_gmt":"2020-05-14T05:26:18","slug":"10-mitos-sobre-el-corona-virus","status":"publish","type":"page","link":"https:\/\/riograndezac.gob.mx\/informatica\/?page_id=8242","title":{"rendered":"10 mitos sobre el corona virus"},"content":{"rendered":"\n<h4 class=\"wp-block-heading\">La falsa informaci\u00f3n sobre la COVID-19 (Coronavirus) ha creado p\u00e1nico entre la poblaci\u00f3n mundial. Te contamos algunos rumores y&nbsp;las verdades sobre esta nueva enfermedad infecciosa.&nbsp;<\/h4>\n\n\n\n<p>Durante estos meses hemos visto circular en redes sociales e Internet informaci\u00f3n falsa que s\u00f3lo alarma y preocupa a la poblaci\u00f3n.<\/p>\n\n\n\n<p>Desde finales de 2019, han sido muchos los rumores: que si no tiene cura, que si la gente se est\u00e1 muriendo, que si se transmite por el aire, que debemos usar cubrebocas, etc.<\/p>\n\n\n\n<p>Te contamos realmente qu\u00e9 cosas son falsas y qu\u00e9 es verdad sobre este nuevo virus, basados en datos de la Organizaci\u00f3n Mundial de la Salud y CDC.<\/p>\n\n\n\n<h2 class=\"wp-block-heading\"><strong>Mitos y realidades sobre el Coronavirus (COVID-19)<\/strong><\/h2>\n\n\n\n<h4 class=\"wp-block-heading\"><strong>Mito 1:<\/strong><strong>&nbsp;El Coronavirus es mortal y no tiene cura. Cualquiera puede morir.<\/strong><\/h4>\n\n\n\n<h4 class=\"wp-block-heading\"><strong>Realidad:<\/strong><\/h4>\n\n\n\n<p>La tasa de mortalidad es del 3.5%.&nbsp; La mayor\u00eda de las personas que se contagian presentan s\u00edntomas leves y moderados, similares a los de la influenza, pero con tratamiento y cuidados logran recuperarse.<\/p>\n\n\n\n<p>Recuerda que los s\u00edntomas m\u00e1s comunes son tos, dolor de garganta, dolor de cabeza, fiebre, dificultad para respirar, entre otros.<\/p>\n\n\n\n<p>Las personas m\u00e1s susceptibles y que llegan a presentar complicaciones son las que tienen un sistema inmune d\u00e9bil, enfermedades cr\u00f3nicas, los adultos mayores a 70 a\u00f1os y los ni\u00f1os.<\/p>\n\n\n\n<h4 class=\"wp-block-heading\"><strong>Mito 2:<\/strong><strong>&nbsp;Debemos vacunarnos contra la influenza para evitar el Coronavirus<\/strong><\/h4>\n\n\n\n<h4 class=\"wp-block-heading\"><strong>Realidad:<\/strong><\/h4>\n\n\n\n<p>Sabemos que las vacunas son muy importantes para evitar enfermedades pero el COVID-19 necesitar\u00eda de su propia vacuna, la cual, a\u00fan no existe.&nbsp;<strong>Sin embargo, es una medida que muchos pa\u00edses est\u00e1n tomando en cuenta.&nbsp;<\/strong><\/p>\n\n\n\n<p>Aunque siguen las investigaciones, podr\u00eda pasar m\u00e1s de un a\u00f1o para que alguna vacuna est\u00e9 disponible para los seres humanos.<\/p>\n\n\n\n<h4 class=\"wp-block-heading\"><strong>Mito 3:<\/strong><strong>&nbsp;El Coronavirus est\u00e1 en el aire y puedo enfermarme al respirar<\/strong><\/h4>\n\n\n\n<h4 class=\"wp-block-heading\"><strong>Realidad:<\/strong><\/h4>\n\n\n\n<p>Este nuevo tipo de virus&nbsp;<strong>se transmite de persona a persona<\/strong>, es decir, si tienes contacto cercano con una persona infectada al estornudar, toser o si tocas&nbsp;alguna superficie contaminada por el virus y luego te tocas la boca, nariz u ojos.<\/p>\n\n\n\n<h4 class=\"wp-block-heading\"><strong>Mito 4:<\/strong>&nbsp;<strong>Si uso un cubrebocas me proteger\u00e9 del Coronavirus<\/strong><\/h4>\n\n\n\n<h4 class=\"wp-block-heading\"><strong>Realidad:<\/strong><\/h4>\n\n\n\n<p>Si est\u00e1s sano, no necesitas usar cubrebocas o m\u00e1scara quir\u00fargica. Te recordamos que<strong>&nbsp;la mejor medida de prevenci\u00f3n es lavarse las manos frecuentemente.<\/strong><\/p>\n\n\n\n<p>Los cubrebocas o mascarillas deben ser utilizadas solamente por personas con alguna infecci\u00f3n respiratoria y\/o por el personal de salud.&nbsp;<\/p>\n\n\n\n<h4 class=\"wp-block-heading\"><strong>Mito 5:<\/strong>&nbsp;<strong>Puedo contagiarme si recibo paquetes del extranjero<\/strong><\/h4>\n\n\n\n<h4 class=\"wp-block-heading\"><strong>Realidad:<\/strong><\/h4>\n\n\n\n<p>El virus no sobrevive mucho tiempo en objetos como paquetes o cartas, por lo que no corres ning\u00fan riesgo si haces compras por Internet o te env\u00edan algo desde China, Jap\u00f3n, Italia o alg\u00fan otro pa\u00eds.<\/p>\n\n\n\n<h4 class=\"wp-block-heading\"><strong>Mito 6:<\/strong>&nbsp;<strong>El ajo o los antibi\u00f3ticos pueden evitar que me contagie<\/strong><\/h4>\n\n\n\n<p>Por m\u00e1s beneficios para la salud que contengan ciertos alimentos o vitaminas, no hay evidencia de te protejan de este nuevo tipo de virus.<\/p>\n\n\n\n<p><strong>Los antibi\u00f3ticos atacan a las infecciones bacterianas, no a los virus como el COVID-19.<\/strong><\/p>\n\n\n\n<h4 class=\"wp-block-heading\"><strong>Mito 7:<\/strong>&nbsp;<strong>Los gatos o perros pueden transmitir el Coronavirus<\/strong><\/h4>\n\n\n\n<p>Tampoco hay evidencia de que las mascotas transmitan esta enfermedad.<\/p>\n\n\n\n<p>Aunque te recomendamos que mantengas una buena higiene con tus perros y gatos y te laves frecuentemente las manos para evitar cualquier tipo de enfermedad.<\/p>\n\n\n\n<h4 class=\"wp-block-heading\"><strong>Mito 8:<\/strong>&nbsp;<strong>El Coronavirus s\u00f3lo afecta a las personas mayores<\/strong><\/h4>\n\n\n\n<p>Este nuevo tipo de virus puede entrar al sistema de cualquier ser humano, sin importar la edad, g\u00e9nero o estado de salud.<\/p>\n\n\n\n<p>Es verdad que los adultos mayores a 70 a\u00f1os, las personas con enfermedades cr\u00f3nicas y los ni\u00f1os son los que pueden sufrir mayores complicaciones, por lo que hay que estar pendientes en estos sectores de la poblaci\u00f3n.<\/p>\n\n\n\n<h4 class=\"wp-block-heading\"><strong>Mito 9:<\/strong>&nbsp;<strong>El calor o el fr\u00edo mata al virus&nbsp;<\/strong><\/h4>\n\n\n\n<h4 class=\"wp-block-heading\"><strong>Realidad:<\/strong><\/h4>\n\n\n\n<p>No hay suficiente evidencia de que esto suceda al 100%.<\/p>\n\n\n\n<p>La mejor forma de&nbsp; prevenir el virus es mediante agua y jab\u00f3n, lav\u00e1ndote muy bien las manos frecuentemente.<\/p>\n\n\n\n<h4 class=\"wp-block-heading\"><strong>Mito 10:<\/strong>&nbsp;<strong>El Coronavirus se transmite por picaduras de mosquitos<\/strong><\/h4>\n\n\n\n<h4 class=\"wp-block-heading\"><strong>Realidad:<\/strong><\/h4>\n\n\n\n<p>El virus se transmite de persona a persona y no mediante picaduras de mosquitos u otro insecto.&nbsp;<\/p>\n\n\n\n<h4 class=\"wp-block-heading\">Recuerda que lo m\u00e1s importante es adoptar las medidas de prevenci\u00f3n y en caso de tener alg\u00fan s\u00edntoma, acudas al m\u00e9dico inmediatamente.<\/h4>\n\n\n\n<figure class=\"wp-block-image\"><img loading=\"lazy\" decoding=\"async\" width=\"674\" height=\"840\" src=\"https:\/\/riograndezac.gob.mx\/informatica\/wp-content\/uploads\/2020\/05\/infograf\u00eda_coronavirus-674x840.png\" alt=\"\" class=\"wp-image-8243\" srcset=\"https:\/\/riograndezac.gob.mx\/informatica\/wp-content\/uploads\/2020\/05\/infograf\u00eda_coronavirus-674x840.png 674w, https:\/\/riograndezac.gob.mx\/informatica\/wp-content\/uploads\/2020\/05\/infograf\u00eda_coronavirus-293x365.png 293w, https:\/\/riograndezac.gob.mx\/informatica\/wp-content\/uploads\/2020\/05\/infograf\u00eda_coronavirus.png 737w\" sizes=\"auto, (max-width: 674px) 100vw, 674px\" \/><\/figure>\n","protected":false},"excerpt":{"rendered":"<p>La falsa informaci\u00f3n sobre la COVID-19 (Coronavirus) ha creado p\u00e1nico entre la poblaci\u00f3n mundial. Te contamos algunos rumores y&nbsp;las verdades sobre esta nueva enfermedad infecciosa.&nbsp; Durante estos meses hemos visto circular en redes sociales e Internet informaci\u00f3n falsa que s\u00f3lo alarma y preocupa a la poblaci\u00f3n. Desde finales de 2019, han sido muchos los rumores: que si no tiene cura, que si la gente se est\u00e1 muriendo, que si se transmite por el aire, que debemos usar cubrebocas, etc. Te contamos realmente qu\u00e9 cosas son falsas y qu\u00e9 es verdad&hellip;<\/p>\n","protected":false},"author":1,"featured_media":0,"parent":0,"menu_order":0,"comment_status":"closed","ping_status":"closed","template":"","meta":{"_monsterinsights_skip_tracking":false,"_monsterinsights_sitenote_active":false,"_monsterinsights_sitenote_note":"","_monsterinsights_sitenote_category":0,"footnotes":""},"class_list":["post-8242","page","type-page","status-publish","hentry"],"_links":{"self":[{"href":"https:\/\/riograndezac.gob.mx\/informatica\/index.php?rest_route=\/wp\/v2\/pages\/8242","targetHints":{"allow":["GET"]}}],"collection":[{"href":"https:\/\/riograndezac.gob.mx\/informatica\/index.php?rest_route=\/wp\/v2\/pages"}],"about":[{"href":"https:\/\/riograndezac.gob.mx\/informatica\/index.php?rest_route=\/wp\/v2\/types\/page"}],"author":[{"embeddable":true,"href":"https:\/\/riograndezac.gob.mx\/informatica\/index.php?rest_route=\/wp\/v2\/users\/1"}],"replies":[{"embeddable":true,"href":"https:\/\/riograndezac.gob.mx\/informatica\/index.php?rest_route=%2Fwp%2Fv2%2Fcomments&post=8242"}],"version-history":[{"count":1,"href":"https:\/\/riograndezac.gob.mx\/informatica\/index.php?rest_route=\/wp\/v2\/pages\/8242\/revisions"}],"predecessor-version":[{"id":8244,"href":"https:\/\/riograndezac.gob.mx\/informatica\/index.php?rest_route=\/wp\/v2\/pages\/8242\/revisions\/8244"}],"wp:attachment":[{"href":"https:\/\/riograndezac.gob.mx\/informatica\/index.php?rest_route=%2Fwp%2Fv2%2Fmedia&parent=8242"}],"curies":[{"name":"wp","href":"https:\/\/api.w.org\/{rel}","templated":true}]}}