{"id":8443,"date":"2020-08-19T12:56:17","date_gmt":"2020-08-19T17:56:17","guid":{"rendered":"http:\/\/riograndezac.gob.mx\/informatica\/?page_id=8443"},"modified":"2020-08-19T13:06:30","modified_gmt":"2020-08-19T18:06:30","slug":"obras-publicas","status":"publish","type":"page","link":"https:\/\/riograndezac.gob.mx\/informatica\/?page_id=8443","title":{"rendered":"Obras P\u00fablicas"},"content":{"rendered":"\n<p class=\"has-text-align-center\"><strong>LICITACIONES<\/strong><\/p>\n\n\n\n\n<table id=\"tablepress-14\" class=\"tablepress tablepress-id-14\">\n<thead>\n<tr class=\"row-1\">\n\t<th class=\"column-1\">NO.<\/th><th class=\"column-2\">LICITACION<\/th><th class=\"column-3\">FECHA<\/th>\n<\/tr>\n<\/thead>\n<tbody class=\"row-striping row-hover\">\n<tr class=\"row-2\">\n\t<td class=\"column-1\">1<\/td><td class=\"column-2\"><a href=\"https:\/\/riograndezac.gob.mx\/informatica\/?page_id=8452\" rel=\"noopener noreferrer\" target=\"_blank\">CONSTRUCCI\u00d3N DEL EDIFICIO DEL INSTITUTO MUNICIPAL DEL DEPORTE, INCLUYE EQUIPAMIENTO DE AUDITORIO Y \u00c1REAS VERDES, PRIMER ETAPA EN UNIDAD DEPORTIVA, R\u00cdO GRANDE, ZAC. OBRA QUE OFRECER\u00c1 ESPACIOS DIGNOS PARA REALIZAR DIFERENTES ACTIVIDADES RELACIONADAS AL DEPORTE<\/a><\/td><td class=\"column-3\">AGOSTO 2020<\/td>\n<\/tr>\n<tr class=\"row-3\">\n\t<td class=\"column-1\">2<\/td><td class=\"column-2\"><a href=\"https:\/\/riograndezac.gob.mx\/informatica\/?page_id=8632\" rel=\"noopener noreferrer\" target=\"_blank\">REHABILITACI\u00d3N DE PUENTE VADO EN ACCESO A LA COMUNIDAD DE LOS RAM\u00cdREZ, R\u00cdO GRANDE,ZAC.<\/a><\/td><td class=\"column-3\">14 FEBRERO 2020<\/td>\n<\/tr>\n<tr class=\"row-4\">\n\t<td class=\"column-1\">3<\/td><td class=\"column-2\"><a href=\"https:\/\/riograndezac.gob.mx\/informatica\/?page_id=9807\" rel=\"noopener\" target=\"_blank\">CONSTRUCCION DE LA RED DE ALCANTARILLADO SANITARIO, CONSISTENTE EN: 2, 814 METROS DE RED DE ATARJEAS DE 8\" DE DIAMETRO EN PVC SERIE 25, CONSTRUCCION DE 38 POZOS DE VISITAY 150 DESCARGAS DOMICILIARIAS (ETAPA 2 DE 3) RIO GRANDE, ZAC.<\/a><\/td><td class=\"column-3\">17 julio 2020<\/td>\n<\/tr>\n<tr class=\"row-5\">\n\t<td class=\"column-1\">4<\/td><td class=\"column-2\"><a href=\"https:\/\/riograndezac.gob.mx\/informatica\/?page_id=9827\" rel=\"noopener\" target=\"_blank\">MEJORA DE COLECTOR CONSISTENTE EN:60 METROS DE EMISOR DE 60 CM (24\") DE DIAMETRO, 2,290 DE TUBERIA PVC CON JUNTA HERMETICA DE 40 CM (60\"9) DE DIAMETRO DE SERIE 25 Y 20 DESCARGAS DOMICILIARIAS, RIO GRANDE, ZAC.<\/a><\/td><td class=\"column-3\"><\/td>\n<\/tr>\n<tr class=\"row-6\">\n\t<td class=\"column-1\">5<\/td><td class=\"column-2\"><a href=\"http:\/\/riograndezac.gob.mx\/informatica\/?page_id=9066\" rel=\"noopener\" target=\"_blank\"> CONSTRUCCI\u00d3N DE MURO PERIMETRAL Y P\u00d3RTICO EN ACCESO DEL PANTE\u00d3N DE LA COMUNIDAD IGNACIO ZARAGOZA, R\u00cdO GRANDE, ZACATECAS. OBRA QUE MEJORAR\u00c1 LAS INSTALACIONES DEL PANTE\u00d3N, OFRECIENDO A LA COMUNIDAD UN ESPACIO DIGNO.<\/a><\/td><td class=\"column-3\">21 junio 2021<\/td>\n<\/tr>\n<tr class=\"row-7\">\n\t<td class=\"column-1\">6<\/td><td class=\"column-2\"><a href=\"http:\/\/riograndezac.gob.mx\/informatica\/?page_id=9129\" rel=\"noopener\" target=\"_blank\">HIDR\u00c1ULICO DE 833.12 M2, 181.35 ML DE GUARNICIONES Y 181.35 M2 DE BANQUETA EN CALLE 2 DE ABRIL, ENTRE CALLE MORELOS Y CALLE ALDAMA, COLONIA AZTECA, R\u00cdO GRANDE,ZAC. OBRA QUE MEJORAR\u00c1 LA VIALIDAD PARA PROPORCIONAR UN TRASLADO DIGNO. <\/a><\/td><td class=\"column-3\">17 JUNIO 2021<\/td>\n<\/tr>\n<tr class=\"row-8\">\n\t<td class=\"column-1\">7<\/td><td class=\"column-2\"><a href=\"http:\/\/riograndezac.gob.mx\/informatica\/?page_id=9164\" rel=\"noopener\" target=\"_blank\">REHABILITACI\u00d3N DE CAPILLA \"NUESTRA SE\u00d1ORA DE LORETO\" EN LA COMUNIDAD DE LORETO, R\u00cdO GRANDE, ZACATECAS. OBRA QUE MEJORAR\u00c1 LAS INSTALACIONES PARA BENEFICIO DE LOS FELIGRESES QUE ACUDEN A LA CAPILLA.<\/a><\/td><td class=\"column-3\">15 JUNIO 2021<\/td>\n<\/tr>\n<tr class=\"row-9\">\n\t<td class=\"column-1\">8<\/td><td class=\"column-2\"><a href=\"http:\/\/riograndezac.gob.mx\/informatica\/?page_id=9206\" rel=\"noopener\" target=\"_blank\">2021-FRT-01\/050, RELATIVA A ADQUISICI\u00d3N DE MATERIAL ELECTRICO PARA LA OBRA (21OFIII39021-24,27,61-63 AMPLIACI\u00d3N DE 80 POSTES DE ALUMBRADO P\u00daBLICO EN VARIAS CALLES, COLONIAS Y COMUNIDADES DEL MUNICIPIO DE R\u00cdO GRANDE, ZAC.)<\/a><\/td><td class=\"column-3\">16 JUNIO 2021<\/td>\n<\/tr>\n<tr class=\"row-10\">\n\t<td class=\"column-1\">9<\/td><td class=\"column-2\"><a href=\"http:\/\/riograndezac.gob.mx\/informatica\/?page_id=9230\" rel=\"noopener\" target=\"_blank\">CONSTRUCCI\u00d3N DE COLECTOR ORIENTE ETAPA DOS CABECERA MUNICIPAL, R\u00cdO GRANDE, ZAC.<\/a><\/td><td class=\"column-3\">25 JUNIO 2021<\/td>\n<\/tr>\n<tr class=\"row-11\">\n\t<td class=\"column-1\">10<\/td><td class=\"column-2\"><a href=\"http:\/\/riograndezac.gob.mx\/informatica\/?page_id=9264\" rel=\"noopener\" target=\"_blank\">AMPLIACI\u00d3N DE RED EL\u00c9CTRICA PRIMARIA Y SECUNDARIA CON 26 POSTES DE 12-750, 7 DE 9-400 Y 3TRANSFORMADORES DE 15 KVA EN VARIAS CALLES DE LA COLONIA EL CHAPARRAL DE LA COMUNIDAD DELAS PIEDRAS R\u00cdO GRANDE, ZAC. OBRA QUE CONTRIBUIR\u00c1 A LA AMPLIACI\u00d3N DEL SERVICIO DEELECTRICIDAD DE LA COMUNIDAD.AMPLIACI\u00d3N DE RED EL\u00c9CTRICA PRIMARIA Y SECUNDARIA CON 26 POSTES DE 12-750, 7 DE 9-400 Y 3<br \/>\nTRANSFORMADORES DE 15 KVA EN VARIAS CALLES DE LA COLONIA EL CHAPARRAL DE LA COMUNIDAD DE<br \/>\nLAS PIEDRAS R\u00cdO GRANDE, ZAC. OBRA QUE CONTRIBUIR\u00c1 A LA AMPLIACI\u00d3N DEL SERVICIO DE<br \/>\nELECTRICIDAD DE LA COMUNIDAD.<\/a><\/td><td class=\"column-3\">12 AGOSTO 2021<\/td>\n<\/tr>\n<tr class=\"row-12\">\n\t<td class=\"column-1\">11<\/td><td class=\"column-2\"><a href=\"http:\/\/riograndezac.gob.mx\/informatica\/?page_id=9757\" rel=\"noopener\" target=\"_blank\">CONSTRUCCI\u00d3N DE DOMO, INCLUYE TABLERO Y ARO DE BASQUETBOL EN ESCUELA PRIMARIA \u201cEMILIANO ZAPATA\u201d COMUNIDAD LAS PIEDRAS, R\u00cdO GRANDE, ZAC. OBRA QUE MEJORAR\u00c1 LAS INSTALACIONES DEL PLANTEL EDUCATIVO, OFRECIENDO A LOS ALUMNOS ESPACIOS DIGNOS.<\/a><\/td><td class=\"column-3\">1 de Septiembre de 2021<\/td>\n<\/tr>\n<tr class=\"row-13\">\n\t<td class=\"column-1\">12<\/td><td class=\"column-2\"><a href=\"https:\/\/riograndezac.gob.mx\/informatica\/?page_id=9782\" rel=\"noopener\" target=\"_blank\">CONSTRUCCI\u00d3N DE COLECTOR (3RA ETAPA) CONSISTENTE EN: 900 M DE TUBERIA DE PVC DE 16\u2033; Y 60 M DE TUBER\u00cdA DE 12\u2033; SERIE 20, 18 POZOS DE VISITA. RED DE ALCANTARILLADO: 534 M DE TUBERIA DE PVC DE 8\u2033 SERIE 25, 9 POZOS DE VISITA Y 11 DESCARGAS DOMICILIARIAS EN CABECERA MUNICIPAL, R\u00cdO GRANDE, ZAC.<\/a><\/td><td class=\"column-3\">24 agosto 2021<\/td>\n<\/tr>\n<tr class=\"row-14\">\n\t<td class=\"column-1\">13<\/td><td class=\"column-2\"><a href=\"http:\/\/riograndezac.gob.mx\/informatica\/?page_id=9851\" rel=\"noopener\" target=\"_blank\">CONSTRUCCI\u00d3N RED DE ALCANTARILLADO (2A ETAPA DE 2) CONSISTENTE EN: 2942 M DE TUBER\u00cdA DE PVC DE 8\u201d SERIE 25, 53 POZOS DE VISITA, 720 M DE TUBER\u00cdA DE PVC DE 6\u201d SERIE 20 Y 90 DESCARGAS DOMICILIARIAS DE LA COMUNIDAD DE BOQUILLA DE ARRIBA, R\u00cdO GRANDE, ZAC.<\/a><\/td><td class=\"column-3\">24 AGOSTO 2021<\/td>\n<\/tr>\n<tr class=\"row-15\">\n\t<td class=\"column-1\">14<\/td><td class=\"column-2\"><a href=\"https:\/\/riograndezac.gob.mx\/informatica\/?page_id=10247\" rel=\"noopener\" target=\"_blank\">CONSTRUCCION CERCO PERIMETRAL DEL NUEVO PANTEON MUNICIPAL DE RIO GRANDE, ZAC. PRIMERA ETAPA.<\/a><\/td><td class=\"column-3\">12 diciembre 2021<\/td>\n<\/tr>\n<tr class=\"row-16\">\n\t<td class=\"column-1\">15<\/td><td class=\"column-2\"><a href=\"https:\/\/riograndezac.gob.mx\/informatica\/?page_id=10271\" rel=\"noopener\" target=\"_blank\">REHABILITACI\u00d3N DE LA RED DE ALCANTARILLADO Y DESCARGAS DOMICILIARIAS EN LA CALLE GLAFIRO ALEMAN, COL. LA TRINIDAD DE LA CABECERA MUNICIPAL DE R\u00cdO GRANDE, ZAC. CONSISTENTE EN EL SUMNINISTRO E INSTALACI\u00d3N DE 208 MTS. DE TUBERIA DE P.V.C. SERIE 25 DE 12\" DE DIAMETRO, AS\u00cd COMO LA REHABILITACI\u00d3N DE 29 DESCARGAS DOMICILIARIAS.<\/a><\/td><td class=\"column-3\">19 ENERO 2022<\/td>\n<\/tr>\n<tr class=\"row-17\">\n\t<td class=\"column-1\">16<\/td><td class=\"column-2\"><a href=\"https:\/\/riograndezac.gob.mx\/informatica\/?page_id=10738\" rel=\"noopener\" target=\"_blank\">ADQUISICI\u00d3N DE AMBULANCIA PEIGEOT MANAGER MANUAL DI\u00c9SEL 2021 MODELO CHIEF.<\/a><\/td><td class=\"column-3\">11\/08\/22<\/td>\n<\/tr>\n<tr class=\"row-18\">\n\t<td class=\"column-1\">17<\/td><td class=\"column-2\"><a href=\"https:\/\/riograndezac.gob.mx\/informatica\/?page_id=10765\" rel=\"noopener\" target=\"_blank\">DESCANSO Y MUROS PERIMETRALES PANTEON MUNICIPAL FRACTO. LOS INDIOS<\/a><\/td><td class=\"column-3\">21\/07\/22<\/td>\n<\/tr>\n<tr class=\"row-19\">\n\t<td class=\"column-1\">18<\/td><td class=\"column-2\"><a href=\"https:\/\/riograndezac.gob.mx\/informatica\/?page_id=10861\" rel=\"noopener\" target=\"_blank\">ADQUISICI\u00d3N DE TROMPO HORMIGUERA<\/a><\/td><td class=\"column-3\">29\/07\/22<\/td>\n<\/tr>\n<tr class=\"row-20\">\n\t<td class=\"column-1\">19<\/td><td class=\"column-2\"><a href=\"https:\/\/riograndezac.gob.mx\/informatica\/?page_id=11647\" rel=\"noopener\" target=\"_blank\">REHABILITACI\u00d3N DE 240 ML DE ALCANTARILLADO, 5 POZOS DE VISITA EN CALLE MICHOAC\u00c1N DE LA COMUNIDAD EL FUERTE.<\/a><\/td><td class=\"column-3\">25\/11\/22<\/td>\n<\/tr>\n<tr class=\"row-21\">\n\t<td class=\"column-1\">20<\/td><td class=\"column-2\"><a href=\"https:\/\/riograndezac.gob.mx\/informatica\/?page_id=11676\" rel=\"noopener\" target=\"_blank\">CONSTRUCCI\u00d3N DE ANDADOR Y PAVIMENTACI\u00d3N CON CONCRETO HIDR\u00c1ULICO EN ACCESO AL PANTE\u00d3N SAN FERNANDO SEGUNDA ETAPA, DE LA COMUNIDAD DE ANASTASIO V HINOJOSA, RIO GRANDE, ZAC OBRA QUE FACILITAR\u00c1 EL ACCESO A LOS USUARIOS Y MEJORAR\u00c1 EL ASPECTO DEL PANTE\u00d3N<\/a><\/td><td class=\"column-3\">26\/10\/22<\/td>\n<\/tr>\n<tr class=\"row-22\">\n\t<td class=\"column-1\">21<\/td><td class=\"column-2\"><a href=\"https:\/\/riograndezac.gob.mx\/informatica\/?page_id=11718\" rel=\"noopener\" target=\"_blank\">CONSTRUCCI\u00d3N DE BA\u00d1OS EN LA CAPILLA NUESTRA SE\u00d1ORA DE LORETO EN LA COMUNIDAD DE LORETO, R\u00cdO GRANDE, ZAC<\/a><\/td><td class=\"column-3\">04\/11\/22<\/td>\n<\/tr>\n<tr class=\"row-23\">\n\t<td class=\"column-1\">22<\/td><td class=\"column-2\"><a href=\"https:\/\/riograndezac.gob.mx\/informatica\/?page_id=12005(abre en una nueva pesta\u00f1a)\" rel=\"noopener\" target=\"_blank\">PAVIMENTO CON PAVIMENTO HIDRAULICO ISABEL ROBLES<\/a><\/td><td class=\"column-3\">13\/12\/22<\/td>\n<\/tr>\n<tr class=\"row-24\">\n\t<td class=\"column-1\">23<\/td><td class=\"column-2\"><a href=\"https:\/\/riograndezac.gob.mx\/informatica\/?page_id=12041\" rel=\"noopener\" target=\"_blank\">REHABILITACION COLECTOR TETILLAS<\/a><\/td><td class=\"column-3\">24\/11\/22<\/td>\n<\/tr>\n<tr class=\"row-25\">\n\t<td class=\"column-1\">24<\/td><td class=\"column-2\"><a href=\"https:\/\/riograndezac.gob.mx\/informatica\/?page_id=12067(abre en una nueva pesta\u00f1a)\" rel=\"noopener\" target=\"_blank\">REHABILITACION DE TECHO SANTA ELENA<\/a><\/td><td class=\"column-3\">11\/11\/22<\/td>\n<\/tr>\n<tr class=\"row-26\">\n\t<td class=\"column-1\">25<\/td><td class=\"column-2\"><a href=\"https:\/\/riograndezac.gob.mx\/informatica\/?page_id=12102\" rel=\"noopener\" target=\"_blank\">PAVIMENTACION LOS MARQUEZ<\/a><\/td><td class=\"column-3\">29\/11\/22<\/td>\n<\/tr>\n<tr class=\"row-27\">\n\t<td class=\"column-1\">26<\/td><td class=\"column-2\"><a href=\"https:\/\/riograndezac.gob.mx\/informatica\/?page_id=12139\" rel=\"noopener\" target=\"_blank\">PAVIMENTO PASTELERA<\/a><\/td><td class=\"column-3\">23\/11\/22<\/td>\n<\/tr>\n<tr class=\"row-28\">\n\t<td class=\"column-1\">27<\/td><td class=\"column-2\"><a href=\"https:\/\/riograndezac.gob.mx\/informatica\/?page_id=12859\" rel=\"noopener\" target=\"_blank\">INSTALACI\u00d3N DE PANELES SOLARES EN POZOS DE RIO GRANDE ZAC<\/a><\/td><td class=\"column-3\">12\/04\/23<\/td>\n<\/tr>\n<tr class=\"row-29\">\n\t<td class=\"column-1\">28<\/td><td class=\"column-2\"><a href=\"https:\/\/riograndezac.gob.mx\/informatica\/?page_id=13053\" rel=\"noopener\" target=\"_blank\">PAVIMENTACI\u00d3N CON CARPETA ASFALTICA EN BOULEVARD SUR EVA SAMANO<\/a><\/td><td class=\"column-3\"><\/td>\n<\/tr>\n<tr class=\"row-30\">\n\t<td class=\"column-1\">29<\/td><td class=\"column-2\"><a href=\"https:\/\/riograndezac.gob.mx\/informatica\/?page_id=13568\" rel=\"noopener\" target=\"_blank\">REHABILITACION CARPETA ASFALTICA ENTRONQUE A PROGRESO<\/a><\/td><td class=\"column-3\">15\/06\/23<\/td>\n<\/tr>\n<tr class=\"row-31\">\n\t<td class=\"column-1\">30<\/td><td class=\"column-2\"><a href=\"https:\/\/riograndezac.gob.mx\/informatica\/?page_id=13604\" rel=\"noopener\" target=\"_blank\">GLORIETA COL. VISTA HERMOSA<\/a><\/td><td class=\"column-3\">11\/04\/23<\/td>\n<\/tr>\n<\/tbody>\n<\/table>\n<!-- #tablepress-14 from cache -->\n","protected":false},"excerpt":{"rendered":"<p>LICITACIONES<\/p>\n","protected":false},"author":1,"featured_media":0,"parent":0,"menu_order":0,"comment_status":"closed","ping_status":"closed","template":"","meta":{"_monsterinsights_skip_tracking":false,"_monsterinsights_sitenote_active":false,"_monsterinsights_sitenote_note":"","_monsterinsights_sitenote_category":0,"footnotes":""},"class_list":["post-8443","page","type-page","status-publish","hentry"],"_links":{"self":[{"href":"https:\/\/riograndezac.gob.mx\/informatica\/index.php?rest_route=\/wp\/v2\/pages\/8443","targetHints":{"allow":["GET"]}}],"collection":[{"href":"https:\/\/riograndezac.gob.mx\/informatica\/index.php?rest_route=\/wp\/v2\/pages"}],"about":[{"href":"https:\/\/riograndezac.gob.mx\/informatica\/index.php?rest_route=\/wp\/v2\/types\/page"}],"author":[{"embeddable":true,"href":"https:\/\/riograndezac.gob.mx\/informatica\/index.php?rest_route=\/wp\/v2\/users\/1"}],"replies":[{"embeddable":true,"href":"https:\/\/riograndezac.gob.mx\/informatica\/index.php?rest_route=%2Fwp%2Fv2%2Fcomments&post=8443"}],"version-history":[{"count":2,"href":"https:\/\/riograndezac.gob.mx\/informatica\/index.php?rest_route=\/wp\/v2\/pages\/8443\/revisions"}],"predecessor-version":[{"id":8449,"href":"https:\/\/riograndezac.gob.mx\/informatica\/index.php?rest_route=\/wp\/v2\/pages\/8443\/revisions\/8449"}],"wp:attachment":[{"href":"https:\/\/riograndezac.gob.mx\/informatica\/index.php?rest_route=%2Fwp%2Fv2%2Fmedia&parent=8443"}],"curies":[{"name":"wp","href":"https:\/\/api.w.org\/{rel}","templated":true}]}}