{"id":8452,"date":"2020-08-21T09:25:02","date_gmt":"2020-08-21T14:25:02","guid":{"rendered":"http:\/\/riograndezac.gob.mx\/informatica\/?page_id=8452"},"modified":"2020-09-08T19:07:08","modified_gmt":"2020-09-09T00:07:08","slug":"construccion-de-edificio-del-instituto-municipal-del-deporte-incluye-equipamiento-de-auditorio-y-areas-verdes-primer-etapa-en-unidad-deportiva-rio-grande-zac-obra-que-ofrecera-espacios-dignos-para","status":"publish","type":"page","link":"https:\/\/riograndezac.gob.mx\/informatica\/?page_id=8452","title":{"rendered":"CONSTRUCCI\u00d3N DE EDIFICIO DEL INSTITUTO MUNICIPAL DEL DEPORTE, INCLUYE EQUIPAMIENTO DE AUDITORIO Y \u00c1REAS VERDES, PRIMER ETAPA EN UNIDAD DEPORTIVA R\u00cdO GRANDE, ZAC. OBRA QUE OFRECER\u00c1 ESPACIOS DIGNOS PARA REALIZAR DIFERENTES ACTIVIDADES RELACIONADAS AL DEPORTE"},"content":{"rendered":"\n<p><strong>DESCRIPCI\u00d3N DE LA LICITACI\u00d3N<\/strong><\/p>\n\n\n\n<ul class=\"wp-block-list\"><li><strong>CONVOCANTE<\/strong><ul><li>R. AYUNTAMIENTO 2018- 2021<\/li><\/ul><\/li><li><strong>LUGAR DONDE SE PUEDEN ADQUIRIR LAS BASES<\/strong><ul><li>El lugar de reuni\u00f3n ser\u00e1 en la Direcci\u00f3n de Obras y Servicios P\u00fablicos, de R. Ayuntamiento R\u00edo Grande localizado en Calle Constituci\u00f3n #36, R\u00edo Grande, Zac, a las <strong>09:00<\/strong> horas, <\/li><\/ul><\/li><li><strong>FECHA DE VISITA<\/strong><ul><li> <strong>27 de agosto de 2020<\/strong><\/li><\/ul><\/li><li><strong>FECHA DE JUNTA DE ACLARACIONES<\/strong><ul><li><strong>10:00 horas del 28 de agosto de 2020.<\/strong><\/li><\/ul><\/li><\/ul>\n\n\n\n<figure class=\"wp-block-table is-style-stripes\"><table><tbody><tr><td class=\"has-text-align-left\" data-align=\"left\"><strong>CATALOGO EDIFICIO<\/strong><br><a href=\"https:\/\/riograndezac.gob.mx\/informatica\/wp-content\/uploads\/2020\/08\/CATALOGO-EDIFICIO-DEL-DEPORTE.pdf\" target=\"_blank\" rel=\"noreferrer noopener\"><img decoding=\"async\" class=\"wp-image-8458\" style=\"width: 121px;\" src=\"https:\/\/riograndezac.gob.mx\/informatica\/wp-content\/uploads\/2020\/08\/pdf_2.png\" alt=\"\"><\/a><\/td><td class=\"has-text-align-left\" data-align=\"left\"><strong>ANEXOS ESTATALES<\/strong><br><a href=\"https:\/\/riograndezac.gob.mx\/informatica\/wp-content\/uploads\/2020\/08\/ANEXOS-ESTATALES.docx\" target=\"_blank\" rel=\"noreferrer noopener\"><img loading=\"lazy\" decoding=\"async\" width=\"128\" height=\"128\" class=\"wp-image-8457\" style=\"width: 128px;\" src=\"https:\/\/riograndezac.gob.mx\/informatica\/wp-content\/uploads\/2020\/08\/iconfinder_word_272702.png\" alt=\"\" srcset=\"https:\/\/riograndezac.gob.mx\/informatica\/wp-content\/uploads\/2020\/08\/iconfinder_word_272702.png 128w, https:\/\/riograndezac.gob.mx\/informatica\/wp-content\/uploads\/2020\/08\/iconfinder_word_272702-24x24.png 24w, https:\/\/riograndezac.gob.mx\/informatica\/wp-content\/uploads\/2020\/08\/iconfinder_word_272702-36x36.png 36w, https:\/\/riograndezac.gob.mx\/informatica\/wp-content\/uploads\/2020\/08\/iconfinder_word_272702-48x48.png 48w\" sizes=\"auto, (max-width: 128px) 100vw, 128px\" \/><\/a><\/td><td class=\"has-text-align-center\" data-align=\"center\"><strong>BASE PUBLICA ESTATAL<\/strong><br><strong><a href=\"https:\/\/riograndezac.gob.mx\/informatica\/wp-content\/uploads\/2020\/08\/BASES-PUBLICA-ESTATAL.docx\" target=\"_blank\" rel=\"noreferrer noopener\"><img loading=\"lazy\" decoding=\"async\" width=\"128\" height=\"128\" class=\"wp-image-8457\" style=\"width: 128px;\" src=\"https:\/\/riograndezac.gob.mx\/informatica\/wp-content\/uploads\/2020\/08\/iconfinder_word_272702.png\" alt=\"\" srcset=\"https:\/\/riograndezac.gob.mx\/informatica\/wp-content\/uploads\/2020\/08\/iconfinder_word_272702.png 128w, https:\/\/riograndezac.gob.mx\/informatica\/wp-content\/uploads\/2020\/08\/iconfinder_word_272702-24x24.png 24w, https:\/\/riograndezac.gob.mx\/informatica\/wp-content\/uploads\/2020\/08\/iconfinder_word_272702-36x36.png 36w, https:\/\/riograndezac.gob.mx\/informatica\/wp-content\/uploads\/2020\/08\/iconfinder_word_272702-48x48.png 48w\" sizes=\"auto, (max-width: 128px) 100vw, 128px\" \/><\/a><\/strong><\/td><\/tr><tr><td class=\"has-text-align-left\" data-align=\"left\"><strong>CONVOCATORIA<\/strong><br><a href=\"https:\/\/riograndezac.gob.mx\/informatica\/wp-content\/uploads\/2020\/08\/CONVOCATORIA-CASA-DEL-DEPORTE.pdf\" target=\"_blank\" rel=\"noreferrer noopener\"><img decoding=\"async\" class=\"wp-image-8458\" style=\"width: 128px;\" src=\"https:\/\/riograndezac.gob.mx\/informatica\/wp-content\/uploads\/2020\/08\/pdf_2.png\" alt=\"\"><\/a><\/td><td class=\"has-text-align-left\" data-align=\"left\"><strong>NORMAS DE CALIDAD<\/strong><br><a href=\"https:\/\/riograndezac.gob.mx\/informatica\/wp-content\/uploads\/2020\/08\/Normas-de-calidad-de-mats.pdf\" target=\"_blank\" rel=\"noreferrer noopener\"><img decoding=\"async\" class=\"wp-image-8458\" style=\"width: 128px;\" src=\"https:\/\/riograndezac.gob.mx\/informatica\/wp-content\/uploads\/2020\/08\/pdf_2.png\" alt=\"\"><\/a><\/td><td class=\"has-text-align-center\" data-align=\"center\"><strong>PLANOS<\/strong><br><a href=\"https:\/\/riograndezac.gob.mx\/informatica\/wp-content\/uploads\/2020\/08\/PLANOS.pdf\" target=\"_blank\" rel=\"noreferrer noopener\"><img decoding=\"async\" class=\"wp-image-8458\" style=\"width: 128px;\" src=\"https:\/\/riograndezac.gob.mx\/informatica\/wp-content\/uploads\/2020\/08\/pdf_2.png\" alt=\"\"><\/a><\/td><\/tr><tr><td class=\"has-text-align-left\" data-align=\"left\"><strong>ACUERDO DE LA JUNTA<\/strong><br><a href=\"https:\/\/riograndezac.gob.mx\/informatica\/wp-content\/uploads\/2020\/08\/ACTA-JUNTA-ACLARCIONES-E3.pdf\" target=\"_blank\" rel=\"noreferrer noopener\"><img decoding=\"async\" class=\"wp-image-8458\" style=\"width: 128px;\" src=\"https:\/\/riograndezac.gob.mx\/informatica\/wp-content\/uploads\/2020\/08\/pdf_2.png\" alt=\"\"><\/a><\/td><td class=\"has-text-align-left\" data-align=\"left\"><strong>CONSTANCIA DE VISITA<\/strong><br><a href=\"https:\/\/riograndezac.gob.mx\/informatica\/wp-content\/uploads\/2020\/08\/ACTA-VISITA-OBRA-E3-12.pdf\" target=\"_blank\" rel=\"noreferrer noopener\"><img decoding=\"async\" class=\"wp-image-8458\" style=\"width: 128px;\" src=\"https:\/\/riograndezac.gob.mx\/informatica\/wp-content\/uploads\/2020\/08\/pdf_2.png\" alt=\"\"><\/a><\/td><td class=\"has-text-align-center\" data-align=\"center\"><strong>ACTA DE PRESENTACI\u00d3N Y APERTURA<\/strong><br><a href=\"https:\/\/riograndezac.gob.mx\/informatica\/wp-content\/uploads\/2020\/09\/ACTA-DE-PRESENTACION-Y-APERTURA-E3.pdf\" target=\"_blank\" rel=\"noreferrer noopener\"><img decoding=\"async\" class=\"wp-image-8458\" style=\"width: 128px;\" src=\"https:\/\/riograndezac.gob.mx\/informatica\/wp-content\/uploads\/2020\/08\/pdf_2.png\" alt=\"\"><\/a><\/td><\/tr><\/tbody><\/table><\/figure>\n\n\n\n<figure class=\"wp-block-table is-style-stripes\"><table class=\"has-fixed-layout\"><tbody><tr><td><strong>EMISI\u00d3N DE FALLO<\/strong><br><a href=\"https:\/\/riograndezac.gob.mx\/informatica\/wp-content\/uploads\/2020\/09\/EMISION-DE-FALLO-E3.pdf\" target=\"_blank\" rel=\"noreferrer noopener\"><img decoding=\"async\" class=\"wp-image-8458\" style=\"width: 128px;\" src=\"https:\/\/riograndezac.gob.mx\/informatica\/wp-content\/uploads\/2020\/08\/pdf_2.png\" alt=\"\"><\/a><\/td><td><\/td><td><\/td><\/tr><tr><td><\/td><td><\/td><td><\/td><\/tr><\/tbody><\/table><\/figure>\n","protected":false},"excerpt":{"rendered":"<p>DESCRIPCI\u00d3N DE LA LICITACI\u00d3N CONVOCANTE R. AYUNTAMIENTO 2018- 2021 LUGAR DONDE SE PUEDEN ADQUIRIR LAS BASES El lugar de reuni\u00f3n ser\u00e1 en la Direcci\u00f3n de Obras y Servicios P\u00fablicos, de R. Ayuntamiento R\u00edo Grande localizado en Calle Constituci\u00f3n #36, R\u00edo Grande, Zac, a las 09:00 horas, FECHA DE VISITA 27 de agosto de 2020 FECHA DE JUNTA DE ACLARACIONES 10:00 horas del 28 de agosto de 2020. CATALOGO EDIFICIO ANEXOS ESTATALES BASE PUBLICA ESTATAL CONVOCATORIA NORMAS DE CALIDAD PLANOS ACUERDO DE LA JUNTA CONSTANCIA DE VISITA ACTA DE PRESENTACI\u00d3N Y&hellip;<\/p>\n","protected":false},"author":1,"featured_media":0,"parent":0,"menu_order":0,"comment_status":"closed","ping_status":"closed","template":"","meta":{"_monsterinsights_skip_tracking":false,"_monsterinsights_sitenote_active":false,"_monsterinsights_sitenote_note":"","_monsterinsights_sitenote_category":0,"footnotes":""},"class_list":["post-8452","page","type-page","status-publish","hentry"],"_links":{"self":[{"href":"https:\/\/riograndezac.gob.mx\/informatica\/index.php?rest_route=\/wp\/v2\/pages\/8452","targetHints":{"allow":["GET"]}}],"collection":[{"href":"https:\/\/riograndezac.gob.mx\/informatica\/index.php?rest_route=\/wp\/v2\/pages"}],"about":[{"href":"https:\/\/riograndezac.gob.mx\/informatica\/index.php?rest_route=\/wp\/v2\/types\/page"}],"author":[{"embeddable":true,"href":"https:\/\/riograndezac.gob.mx\/informatica\/index.php?rest_route=\/wp\/v2\/users\/1"}],"replies":[{"embeddable":true,"href":"https:\/\/riograndezac.gob.mx\/informatica\/index.php?rest_route=%2Fwp%2Fv2%2Fcomments&post=8452"}],"version-history":[{"count":22,"href":"https:\/\/riograndezac.gob.mx\/informatica\/index.php?rest_route=\/wp\/v2\/pages\/8452\/revisions"}],"predecessor-version":[{"id":8633,"href":"https:\/\/riograndezac.gob.mx\/informatica\/index.php?rest_route=\/wp\/v2\/pages\/8452\/revisions\/8633"}],"wp:attachment":[{"href":"https:\/\/riograndezac.gob.mx\/informatica\/index.php?rest_route=%2Fwp%2Fv2%2Fmedia&parent=8452"}],"curies":[{"name":"wp","href":"https:\/\/api.w.org\/{rel}","templated":true}]}}