{"id":8632,"date":"2020-12-14T14:14:43","date_gmt":"2020-12-14T20:14:43","guid":{"rendered":"http:\/\/riograndezac.gob.mx\/informatica\/?page_id=8632"},"modified":"2020-12-14T14:14:45","modified_gmt":"2020-12-14T20:14:45","slug":"rehabilitacion-de-puente-vado-en-acceso-a-la-comunidad-de-los-ramirez-rio-grandezac","status":"publish","type":"page","link":"https:\/\/riograndezac.gob.mx\/informatica\/?page_id=8632","title":{"rendered":"REHABILITACI\u00d3N DE PUENTE VADO EN ACCESO A LA COMUNIDAD DE LOS RAM\u00cdREZ, R\u00cdO GRANDE,ZAC"},"content":{"rendered":"\n<figure class=\"wp-block-table aligncenter is-style-stripes\"><table><tbody><tr><td>EXPEDIENTE<br><a href=\"https:\/\/drive.google.com\/file\/d\/1l7238TWHvVovwQywNLwSgxJQFyi3ZjEp\/view?usp=sharing\" target=\"_blank\" rel=\"noreferrer noopener\"><img decoding=\"async\" class=\"wp-image-8458\" style=\"width: 128px;\" src=\"https:\/\/riograndezac.gob.mx\/informatica\/wp-content\/uploads\/2020\/08\/pdf_2.png\" alt=\"\"><\/a><br><\/td><td><\/td><td><\/td><td><\/td><\/tr><tr><td><\/td><td><\/td><td><\/td><td><\/td><\/tr><tr><td><\/td><td><\/td><td><\/td><td><\/td><\/tr><tr><td><\/td><td><\/td><td><\/td><td><\/td><\/tr><\/tbody><\/table><\/figure>\n","protected":false},"excerpt":{"rendered":"<p>EXPEDIENTE<\/p>\n","protected":false},"author":1,"featured_media":0,"parent":0,"menu_order":0,"comment_status":"closed","ping_status":"closed","template":"","meta":{"_monsterinsights_skip_tracking":false,"_monsterinsights_sitenote_active":false,"_monsterinsights_sitenote_note":"","_monsterinsights_sitenote_category":0,"footnotes":""},"class_list":["post-8632","page","type-page","status-publish","hentry"],"_links":{"self":[{"href":"https:\/\/riograndezac.gob.mx\/informatica\/index.php?rest_route=\/wp\/v2\/pages\/8632","targetHints":{"allow":["GET"]}}],"collection":[{"href":"https:\/\/riograndezac.gob.mx\/informatica\/index.php?rest_route=\/wp\/v2\/pages"}],"about":[{"href":"https:\/\/riograndezac.gob.mx\/informatica\/index.php?rest_route=\/wp\/v2\/types\/page"}],"author":[{"embeddable":true,"href":"https:\/\/riograndezac.gob.mx\/informatica\/index.php?rest_route=\/wp\/v2\/users\/1"}],"replies":[{"embeddable":true,"href":"https:\/\/riograndezac.gob.mx\/informatica\/index.php?rest_route=%2Fwp%2Fv2%2Fcomments&post=8632"}],"version-history":[{"count":2,"href":"https:\/\/riograndezac.gob.mx\/informatica\/index.php?rest_route=\/wp\/v2\/pages\/8632\/revisions"}],"predecessor-version":[{"id":8635,"href":"https:\/\/riograndezac.gob.mx\/informatica\/index.php?rest_route=\/wp\/v2\/pages\/8632\/revisions\/8635"}],"wp:attachment":[{"href":"https:\/\/riograndezac.gob.mx\/informatica\/index.php?rest_route=%2Fwp%2Fv2%2Fmedia&parent=8632"}],"curies":[{"name":"wp","href":"https:\/\/api.w.org\/{rel}","templated":true}]}}