{"id":9164,"date":"2021-07-08T13:50:56","date_gmt":"2021-07-08T18:50:56","guid":{"rendered":"http:\/\/riograndezac.gob.mx\/informatica\/?page_id=9164"},"modified":"2021-07-08T14:16:20","modified_gmt":"2021-07-08T19:16:20","slug":"rehabilitacion-de-capilla-nuestra-senora-de-loreto-en-la-comunidad-de-loreto-rio-grande-zacatecas-obra-que-mejorara-las-instalaciones-para-beneficio-de-los-feligreses-que-acuden-a-la-capilla","status":"publish","type":"page","link":"https:\/\/riograndezac.gob.mx\/informatica\/?page_id=9164","title":{"rendered":"REHABILITACI\u00d3N DE CAPILLA &#8220;NUESTRA SE\u00d1ORA DE LORETO&#8221; EN LA COMUNIDAD DE LORETO, R\u00cdO GRANDE, ZACATECAS. OBRA QUE MEJORAR\u00c1 LAS INSTALACIONES PARA BENEFICIO DE LOS FELIGRESES QUE ACUDEN A LA CAPILLA."},"content":{"rendered":"\n<figure class=\"wp-block-table is-style-stripes\"><table><thead><tr><th><\/th><th><\/th><th><\/th><\/tr><\/thead><tbody><tr><td><strong>SUFICIENCIA PRESUPUESTARIA<\/strong><\/td><td><\/td><td><\/td><\/tr><tr><td><a href=\"https:\/\/riograndezac.gob.mx\/informatica\/wp-content\/uploads\/2021\/07\/SUFICIENCIA-PRESUPUESTARIA_REHABILITACION-CAPILLA_LORETO.pdf\" data-type=\"URL\" data-id=\"https:\/\/riograndezac.gob.mx\/informatica\/wp-content\/uploads\/2021\/07\/SUFICIENCIA-PRESUPUESTARIA_REHABILITACION-CAPILLA_LORETO.pdf\" target=\"_blank\" rel=\"noreferrer noopener\">SUFICIENCIA PRESUPUESTARIA <br>REHABILITACI\u00d3N CAPILLA LORETO<br><img loading=\"lazy\" decoding=\"async\" width=\"100\" height=\"100\" class=\"wp-image-9073\" style=\"width: 100px;\" src=\"https:\/\/riograndezac.gob.mx\/informatica\/wp-content\/uploads\/2021\/07\/PDFITO-1.png\" alt=\"\" srcset=\"https:\/\/riograndezac.gob.mx\/informatica\/wp-content\/uploads\/2021\/07\/PDFITO-1.png 512w, https:\/\/riograndezac.gob.mx\/informatica\/wp-content\/uploads\/2021\/07\/PDFITO-1-365x365.png 365w\" sizes=\"auto, (max-width: 100px) 100vw, 100px\" \/><\/a><\/td><td><\/td><td><\/td><\/tr><tr><td><strong>BASES DE LICITACI\u00d3N<\/strong><\/td><td><\/td><td><\/td><\/tr><tr><td><a href=\"https:\/\/riograndezac.gob.mx\/informatica\/wp-content\/uploads\/2021\/07\/ANEXOS-ESTATALES-2.docx\" data-type=\"URL\" data-id=\"https:\/\/riograndezac.gob.mx\/informatica\/wp-content\/uploads\/2021\/07\/ANEXOS-ESTATALES-2.docx\" target=\"_blank\" rel=\"noreferrer noopener\">ANEXOS ESTATALES<br><img loading=\"lazy\" decoding=\"async\" width=\"150\" height=\"113\" class=\"wp-image-9078\" style=\"width: 150px;\" src=\"https:\/\/riograndezac.gob.mx\/informatica\/wp-content\/uploads\/2021\/07\/LOGOWORD.png\" alt=\"\" srcset=\"https:\/\/riograndezac.gob.mx\/informatica\/wp-content\/uploads\/2021\/07\/LOGOWORD.png 1000w, https:\/\/riograndezac.gob.mx\/informatica\/wp-content\/uploads\/2021\/07\/LOGOWORD-487x365.png 487w, https:\/\/riograndezac.gob.mx\/informatica\/wp-content\/uploads\/2021\/07\/LOGOWORD-840x630.png 840w, https:\/\/riograndezac.gob.mx\/informatica\/wp-content\/uploads\/2021\/07\/LOGOWORD-768x576.png 768w\" sizes=\"auto, (max-width: 150px) 100vw, 150px\" \/><\/a><\/td><td><a href=\"https:\/\/riograndezac.gob.mx\/informatica\/wp-content\/uploads\/2021\/07\/BASES-DE-LICITACION.pdf\" data-type=\"URL\" data-id=\"https:\/\/riograndezac.gob.mx\/informatica\/wp-content\/uploads\/2021\/07\/BASES-DE-LICITACION.pdf\" target=\"_blank\" rel=\"noreferrer noopener\">BASES DE LICITACI\u00d3N<br><img loading=\"lazy\" decoding=\"async\" width=\"100\" height=\"100\" class=\"wp-image-9073\" style=\"width: 100px;\" src=\"https:\/\/riograndezac.gob.mx\/informatica\/wp-content\/uploads\/2021\/07\/PDFITO-1.png\" alt=\"\" srcset=\"https:\/\/riograndezac.gob.mx\/informatica\/wp-content\/uploads\/2021\/07\/PDFITO-1.png 512w, https:\/\/riograndezac.gob.mx\/informatica\/wp-content\/uploads\/2021\/07\/PDFITO-1-365x365.png 365w\" sizes=\"auto, (max-width: 100px) 100vw, 100px\" \/><\/a><\/td><td><\/td><\/tr><tr><td><strong>INVITACIONES<\/strong><\/td><td><\/td><td><\/td><\/tr><tr><td><a href=\"https:\/\/riograndezac.gob.mx\/informatica\/wp-content\/uploads\/2021\/07\/INVITACIONES-CONTRATISTAS-2.pdf\" data-type=\"URL\" data-id=\"https:\/\/riograndezac.gob.mx\/informatica\/wp-content\/uploads\/2021\/07\/INVITACIONES-CONTRATISTAS-2.pdf\" target=\"_blank\" rel=\"noreferrer noopener\">INVITACIONES CONTRATISTAS<br><img loading=\"lazy\" decoding=\"async\" width=\"100\" height=\"100\" class=\"wp-image-9073\" style=\"width: 100px;\" src=\"https:\/\/riograndezac.gob.mx\/informatica\/wp-content\/uploads\/2021\/07\/PDFITO-1.png\" alt=\"\" srcset=\"https:\/\/riograndezac.gob.mx\/informatica\/wp-content\/uploads\/2021\/07\/PDFITO-1.png 512w, https:\/\/riograndezac.gob.mx\/informatica\/wp-content\/uploads\/2021\/07\/PDFITO-1-365x365.png 365w\" sizes=\"auto, (max-width: 100px) 100vw, 100px\" \/><\/a><\/td><td><a href=\"https:\/\/riograndezac.gob.mx\/informatica\/wp-content\/uploads\/2021\/07\/INVITACIONES-FUNCIONARIOS-2.pdf\" data-type=\"URL\" data-id=\"https:\/\/riograndezac.gob.mx\/informatica\/wp-content\/uploads\/2021\/07\/INVITACIONES-FUNCIONARIOS-2.pdf\" target=\"_blank\" rel=\"noreferrer noopener\">INVITACIONES FUNCIONARIOS<br><img loading=\"lazy\" decoding=\"async\" width=\"100\" height=\"100\" class=\"wp-image-9073\" style=\"width: 100px;\" src=\"https:\/\/riograndezac.gob.mx\/informatica\/wp-content\/uploads\/2021\/07\/PDFITO-1.png\" alt=\"\" srcset=\"https:\/\/riograndezac.gob.mx\/informatica\/wp-content\/uploads\/2021\/07\/PDFITO-1.png 512w, https:\/\/riograndezac.gob.mx\/informatica\/wp-content\/uploads\/2021\/07\/PDFITO-1-365x365.png 365w\" sizes=\"auto, (max-width: 100px) 100vw, 100px\" \/><\/a><\/td><td><\/td><\/tr><tr><td><strong>CATALOGOS Y PLANOS<\/strong><\/td><td><\/td><td><\/td><\/tr><tr><td><a href=\"https:\/\/riograndezac.gob.mx\/informatica\/wp-content\/uploads\/2021\/07\/04.CATALOGO-Y-PLANOS.rar\" data-type=\"URL\" data-id=\"https:\/\/riograndezac.gob.mx\/informatica\/wp-content\/uploads\/2021\/07\/04.CATALOGO-Y-PLANOS.rar\" target=\"_blank\" rel=\"noreferrer noopener\">CATALOGOS Y PLANOS (.RAR)<br><img loading=\"lazy\" decoding=\"async\" width=\"100\" height=\"100\" class=\"wp-image-9177\" style=\"width: 100px;\" src=\"https:\/\/riograndezac.gob.mx\/informatica\/wp-content\/uploads\/2021\/07\/RARICONO.jpg\" alt=\"\"><\/a><\/td><td><a href=\"https:\/\/riograndezac.gob.mx\/informatica\/wp-content\/uploads\/2021\/07\/CATALOGO-DE-CONCEPTOS-2.xlsx\" data-type=\"URL\" data-id=\"https:\/\/riograndezac.gob.mx\/informatica\/wp-content\/uploads\/2021\/07\/CATALOGO-DE-CONCEPTOS-2.xlsx\" target=\"_blank\" rel=\"noreferrer noopener\">CATALOGO DE CONCEPTOS<br><img loading=\"lazy\" decoding=\"async\" width=\"150\" height=\"113\" class=\"wp-image-9093\" style=\"width: 150px;\" src=\"https:\/\/riograndezac.gob.mx\/informatica\/wp-content\/uploads\/2021\/07\/EXCERL-1.png\" alt=\"\" srcset=\"https:\/\/riograndezac.gob.mx\/informatica\/wp-content\/uploads\/2021\/07\/EXCERL-1.png 1024w, https:\/\/riograndezac.gob.mx\/informatica\/wp-content\/uploads\/2021\/07\/EXCERL-1-487x365.png 487w, https:\/\/riograndezac.gob.mx\/informatica\/wp-content\/uploads\/2021\/07\/EXCERL-1-840x630.png 840w, https:\/\/riograndezac.gob.mx\/informatica\/wp-content\/uploads\/2021\/07\/EXCERL-1-768x576.png 768w\" sizes=\"auto, (max-width: 150px) 100vw, 150px\" \/><\/a><\/td><td><\/td><\/tr><tr><td><strong>VISITA DE OBRA<\/strong><\/td><td><\/td><td><\/td><\/tr><tr><td><a href=\"https:\/\/riograndezac.gob.mx\/informatica\/wp-content\/uploads\/2021\/07\/ACTA-JUNTA-ACLARACIONES-2.pdf\" data-type=\"URL\" data-id=\"https:\/\/riograndezac.gob.mx\/informatica\/wp-content\/uploads\/2021\/07\/ACTA-JUNTA-ACLARACIONES-2.pdf\" target=\"_blank\" rel=\"noreferrer noopener\">ACTA JUNTA DE ACLARACIONES<br><img loading=\"lazy\" decoding=\"async\" width=\"100\" height=\"100\" class=\"wp-image-9073\" style=\"width: 100px;\" src=\"https:\/\/riograndezac.gob.mx\/informatica\/wp-content\/uploads\/2021\/07\/PDFITO-1.png\" alt=\"\" srcset=\"https:\/\/riograndezac.gob.mx\/informatica\/wp-content\/uploads\/2021\/07\/PDFITO-1.png 512w, https:\/\/riograndezac.gob.mx\/informatica\/wp-content\/uploads\/2021\/07\/PDFITO-1-365x365.png 365w\" sizes=\"auto, (max-width: 100px) 100vw, 100px\" \/><\/a><\/td><td><a href=\"https:\/\/riograndezac.gob.mx\/informatica\/wp-content\/uploads\/2021\/07\/ACTA-VISITA-OBRA-2.pdf\" data-type=\"URL\" data-id=\"https:\/\/riograndezac.gob.mx\/informatica\/wp-content\/uploads\/2021\/07\/ACTA-VISITA-OBRA-2.pdf\" target=\"_blank\" rel=\"noreferrer noopener\">ACTA VISITA DE OBRA<br><img loading=\"lazy\" decoding=\"async\" width=\"100\" height=\"100\" class=\"wp-image-9073\" style=\"width: 100px;\" src=\"https:\/\/riograndezac.gob.mx\/informatica\/wp-content\/uploads\/2021\/07\/PDFITO-1.png\" alt=\"\" srcset=\"https:\/\/riograndezac.gob.mx\/informatica\/wp-content\/uploads\/2021\/07\/PDFITO-1.png 512w, https:\/\/riograndezac.gob.mx\/informatica\/wp-content\/uploads\/2021\/07\/PDFITO-1-365x365.png 365w\" sizes=\"auto, (max-width: 100px) 100vw, 100px\" \/><\/a><\/td><td><\/td><\/tr><tr><td><strong>JUNTA DE ACLARACIONES<\/strong><\/td><td><strong>PRESENTACI\u00d3N Y APERTURA<\/strong><\/td><td><\/td><\/tr><tr><td><a href=\"https:\/\/riograndezac.gob.mx\/informatica\/wp-content\/uploads\/2021\/07\/ACTA-JUNTA-ACLARACIONES-2.pdf\" data-type=\"URL\" data-id=\"https:\/\/riograndezac.gob.mx\/informatica\/wp-content\/uploads\/2021\/07\/ACTA-JUNTA-ACLARACIONES-2.pdf\" target=\"_blank\" rel=\"noreferrer noopener\">ACTA JUNTA DE ACLARACIONES<br><img loading=\"lazy\" decoding=\"async\" width=\"100\" height=\"100\" class=\"wp-image-9073\" style=\"width: 100px;\" src=\"https:\/\/riograndezac.gob.mx\/informatica\/wp-content\/uploads\/2021\/07\/PDFITO-1.png\" alt=\"\" srcset=\"https:\/\/riograndezac.gob.mx\/informatica\/wp-content\/uploads\/2021\/07\/PDFITO-1.png 512w, https:\/\/riograndezac.gob.mx\/informatica\/wp-content\/uploads\/2021\/07\/PDFITO-1-365x365.png 365w\" sizes=\"auto, (max-width: 100px) 100vw, 100px\" \/><\/a><\/td><td><a href=\"https:\/\/riograndezac.gob.mx\/informatica\/wp-content\/uploads\/2021\/07\/ACTA-PRESENTACION-Y-APERTURA-FRT-32.pdf\" data-type=\"URL\" data-id=\"https:\/\/riograndezac.gob.mx\/informatica\/wp-content\/uploads\/2021\/07\/ACTA-PRESENTACION-Y-APERTURA-FRT-32.pdf\" target=\"_blank\" rel=\"noreferrer noopener\">ACTA DE PRESENTACI\u00d3N Y APERTURA <br><img loading=\"lazy\" decoding=\"async\" width=\"100\" height=\"100\" class=\"wp-image-9073\" style=\"width: 100px;\" src=\"https:\/\/riograndezac.gob.mx\/informatica\/wp-content\/uploads\/2021\/07\/PDFITO-1.png\" alt=\"\" srcset=\"https:\/\/riograndezac.gob.mx\/informatica\/wp-content\/uploads\/2021\/07\/PDFITO-1.png 512w, https:\/\/riograndezac.gob.mx\/informatica\/wp-content\/uploads\/2021\/07\/PDFITO-1-365x365.png 365w\" sizes=\"auto, (max-width: 100px) 100vw, 100px\" \/><\/a><\/td><td><\/td><\/tr><tr><td><strong>FALLO<\/strong> <\/td><td><\/td><td><\/td><\/tr><tr><td><a href=\"https:\/\/riograndezac.gob.mx\/informatica\/wp-content\/uploads\/2021\/07\/ACTA-EMISION-FALLO-FRT-32.pdf\" data-type=\"URL\" data-id=\"https:\/\/riograndezac.gob.mx\/informatica\/wp-content\/uploads\/2021\/07\/ACTA-EMISION-FALLO-FRT-32.pdf\" target=\"_blank\" rel=\"noreferrer noopener\">ACTA DE EMISI\u00d3N DE FALLO FRT-32<br><img loading=\"lazy\" decoding=\"async\" width=\"100\" height=\"100\" class=\"wp-image-9073\" style=\"width: 100px;\" src=\"https:\/\/riograndezac.gob.mx\/informatica\/wp-content\/uploads\/2021\/07\/PDFITO-1.png\" alt=\"\" srcset=\"https:\/\/riograndezac.gob.mx\/informatica\/wp-content\/uploads\/2021\/07\/PDFITO-1.png 512w, https:\/\/riograndezac.gob.mx\/informatica\/wp-content\/uploads\/2021\/07\/PDFITO-1-365x365.png 365w\" sizes=\"auto, (max-width: 100px) 100vw, 100px\" \/><\/a><\/td><td><a href=\"https:\/\/riograndezac.gob.mx\/informatica\/wp-content\/uploads\/2021\/07\/DICTAMEN-Y-FALLO-DE-ADJUDICACION-FRT-32.pdf\" data-type=\"URL\" data-id=\"https:\/\/riograndezac.gob.mx\/informatica\/wp-content\/uploads\/2021\/07\/DICTAMEN-Y-FALLO-DE-ADJUDICACION-FRT-32.pdf\" target=\"_blank\" rel=\"noreferrer noopener\">DICTAMEN Y FALLO DE ADJUDICACI\u00d3N FRT-32<br><img loading=\"lazy\" decoding=\"async\" width=\"100\" height=\"100\" class=\"wp-image-9073\" style=\"width: 100px;\" src=\"https:\/\/riograndezac.gob.mx\/informatica\/wp-content\/uploads\/2021\/07\/PDFITO-1.png\" alt=\"\" srcset=\"https:\/\/riograndezac.gob.mx\/informatica\/wp-content\/uploads\/2021\/07\/PDFITO-1.png 512w, https:\/\/riograndezac.gob.mx\/informatica\/wp-content\/uploads\/2021\/07\/PDFITO-1-365x365.png 365w\" sizes=\"auto, (max-width: 100px) 100vw, 100px\" \/><\/a><\/td><td><\/td><\/tr><tr><td><strong>CONTRATO<\/strong><\/td><td><\/td><td><\/td><\/tr><tr><td><a href=\"https:\/\/riograndezac.gob.mx\/informatica\/wp-content\/uploads\/2021\/07\/CONTRATO-2.pdf\" data-type=\"URL\" data-id=\"https:\/\/riograndezac.gob.mx\/informatica\/wp-content\/uploads\/2021\/07\/CONTRATO-2.pdf\" target=\"_blank\" rel=\"noreferrer noopener\">CONTRATO<br><img loading=\"lazy\" decoding=\"async\" width=\"100\" height=\"100\" class=\"wp-image-9073\" style=\"width: 100px;\" src=\"https:\/\/riograndezac.gob.mx\/informatica\/wp-content\/uploads\/2021\/07\/PDFITO-1.png\" alt=\"\" srcset=\"https:\/\/riograndezac.gob.mx\/informatica\/wp-content\/uploads\/2021\/07\/PDFITO-1.png 512w, https:\/\/riograndezac.gob.mx\/informatica\/wp-content\/uploads\/2021\/07\/PDFITO-1-365x365.png 365w\" sizes=\"auto, (max-width: 100px) 100vw, 100px\" \/><\/a><\/td><td><\/td><td><\/td><\/tr><\/tbody><\/table><\/figure>\n","protected":false},"excerpt":{"rendered":"<p>SUFICIENCIA PRESUPUESTARIA SUFICIENCIA PRESUPUESTARIA REHABILITACI\u00d3N CAPILLA LORETO BASES DE LICITACI\u00d3N ANEXOS ESTATALES BASES DE LICITACI\u00d3N INVITACIONES INVITACIONES CONTRATISTAS INVITACIONES FUNCIONARIOS CATALOGOS Y PLANOS CATALOGOS Y PLANOS (.RAR) CATALOGO DE CONCEPTOS VISITA DE OBRA ACTA JUNTA DE ACLARACIONES ACTA VISITA DE OBRA JUNTA DE ACLARACIONES PRESENTACI\u00d3N Y APERTURA ACTA JUNTA DE ACLARACIONES ACTA DE PRESENTACI\u00d3N Y APERTURA FALLO ACTA DE EMISI\u00d3N DE FALLO FRT-32 DICTAMEN Y FALLO DE ADJUDICACI\u00d3N FRT-32 CONTRATO CONTRATO<\/p>\n","protected":false},"author":1,"featured_media":0,"parent":0,"menu_order":0,"comment_status":"closed","ping_status":"closed","template":"","meta":{"_monsterinsights_skip_tracking":false,"_monsterinsights_sitenote_active":false,"_monsterinsights_sitenote_note":"","_monsterinsights_sitenote_category":0,"footnotes":""},"class_list":["post-9164","page","type-page","status-publish","hentry"],"_links":{"self":[{"href":"https:\/\/riograndezac.gob.mx\/informatica\/index.php?rest_route=\/wp\/v2\/pages\/9164","targetHints":{"allow":["GET"]}}],"collection":[{"href":"https:\/\/riograndezac.gob.mx\/informatica\/index.php?rest_route=\/wp\/v2\/pages"}],"about":[{"href":"https:\/\/riograndezac.gob.mx\/informatica\/index.php?rest_route=\/wp\/v2\/types\/page"}],"author":[{"embeddable":true,"href":"https:\/\/riograndezac.gob.mx\/informatica\/index.php?rest_route=\/wp\/v2\/users\/1"}],"replies":[{"embeddable":true,"href":"https:\/\/riograndezac.gob.mx\/informatica\/index.php?rest_route=%2Fwp%2Fv2%2Fcomments&post=9164"}],"version-history":[{"count":8,"href":"https:\/\/riograndezac.gob.mx\/informatica\/index.php?rest_route=\/wp\/v2\/pages\/9164\/revisions"}],"predecessor-version":[{"id":9196,"href":"https:\/\/riograndezac.gob.mx\/informatica\/index.php?rest_route=\/wp\/v2\/pages\/9164\/revisions\/9196"}],"wp:attachment":[{"href":"https:\/\/riograndezac.gob.mx\/informatica\/index.php?rest_route=%2Fwp%2Fv2%2Fmedia&parent=9164"}],"curies":[{"name":"wp","href":"https:\/\/api.w.org\/{rel}","templated":true}]}}