{"id":9230,"date":"2021-07-09T10:16:53","date_gmt":"2021-07-09T15:16:53","guid":{"rendered":"http:\/\/riograndezac.gob.mx\/informatica\/?page_id=9230"},"modified":"2021-07-09T10:55:21","modified_gmt":"2021-07-09T15:55:21","slug":"construccion-de-colector-oriente-etapa-dos-cabecera-municipal-rio-grande-zac","status":"publish","type":"page","link":"https:\/\/riograndezac.gob.mx\/informatica\/?page_id=9230","title":{"rendered":"CONSTRUCCI\u00d3N DE COLECTOR ORIENTE ETAPA DOS CABECERA MUNICIPAL, R\u00cdO GRANDE, ZAC."},"content":{"rendered":"\n<figure class=\"wp-block-table is-style-stripes\"><table class=\"has-fixed-layout\"><thead><tr><th><\/th><th><\/th><th><\/th><\/tr><\/thead><tbody><tr><td><strong>SUFICIENCIA PRESUPUESTARIA<\/strong><\/td><td><strong>BASES DE LICITACI\u00d3N<\/strong><\/td><td><strong>INVITACIONES<\/strong><\/td><\/tr><tr><td><a rel=\"noreferrer noopener\" href=\"https:\/\/riograndezac.gob.mx\/informatica\/wp-content\/uploads\/2021\/07\/ACUERDO-MOD-EJECUCION.pdf\" data-type=\"URL\" data-id=\"https:\/\/riograndezac.gob.mx\/informatica\/wp-content\/uploads\/2021\/07\/ACUERDO-MOD-EJECUCION.pdf\" target=\"_blank\">ACUERDO DE MODALIDAD DE EJECUCI\u00d3N<\/a><br><a href=\"https:\/\/riograndezac.gob.mx\/informatica\/wp-content\/uploads\/2021\/07\/ACUERDO-MOD-EJECUCION.pdf\" data-type=\"URL\" data-id=\"https:\/\/riograndezac.gob.mx\/informatica\/wp-content\/uploads\/2021\/07\/ACUERDO-MOD-EJECUCION.pdf\" target=\"_blank\" rel=\"noreferrer noopener\"><img loading=\"lazy\" decoding=\"async\" width=\"100\" height=\"100\" class=\"wp-image-9073\" style=\"width: 100px;\" src=\"https:\/\/riograndezac.gob.mx\/informatica\/wp-content\/uploads\/2021\/07\/PDFITO-1.png\" alt=\"\" srcset=\"https:\/\/riograndezac.gob.mx\/informatica\/wp-content\/uploads\/2021\/07\/PDFITO-1.png 512w, https:\/\/riograndezac.gob.mx\/informatica\/wp-content\/uploads\/2021\/07\/PDFITO-1-365x365.png 365w\" sizes=\"auto, (max-width: 100px) 100vw, 100px\" \/><\/a><a rel=\"noreferrer noopener\" href=\"https:\/\/riograndezac.gob.mx\/informatica\/wp-content\/uploads\/2021\/07\/ACUERDO-MOD-EJECUCION.pdf\" data-type=\"URL\" data-id=\"https:\/\/riograndezac.gob.mx\/informatica\/wp-content\/uploads\/2021\/07\/ACUERDO-MOD-EJECUCION.pdf\" target=\"_blank\"><br><\/a><\/td><td><a href=\"https:\/\/riograndezac.gob.mx\/informatica\/wp-content\/uploads\/2021\/07\/BASES-DE-LICITACION-1.pdf\" data-type=\"URL\" data-id=\"https:\/\/riograndezac.gob.mx\/informatica\/wp-content\/uploads\/2021\/07\/BASES-DE-LICITACION-1.pdf\" target=\"_blank\" rel=\"noreferrer noopener\">BASES DE LICITACI\u00d3N<br><img loading=\"lazy\" decoding=\"async\" width=\"100\" height=\"100\" class=\"wp-image-9073\" style=\"width: 100px;\" src=\"https:\/\/riograndezac.gob.mx\/informatica\/wp-content\/uploads\/2021\/07\/PDFITO-1.png\" alt=\"\" srcset=\"https:\/\/riograndezac.gob.mx\/informatica\/wp-content\/uploads\/2021\/07\/PDFITO-1.png 512w, https:\/\/riograndezac.gob.mx\/informatica\/wp-content\/uploads\/2021\/07\/PDFITO-1-365x365.png 365w\" sizes=\"auto, (max-width: 100px) 100vw, 100px\" \/><\/a><br><\/td><td><a href=\"https:\/\/riograndezac.gob.mx\/informatica\/wp-content\/uploads\/2021\/07\/FRT-044_INVITACIONES.pdf\" data-type=\"URL\" data-id=\"https:\/\/riograndezac.gob.mx\/informatica\/wp-content\/uploads\/2021\/07\/FRT-044_INVITACIONES.pdf\" target=\"_blank\" rel=\"noreferrer noopener\">FRT-044 INVITACIONES<br><img loading=\"lazy\" decoding=\"async\" width=\"100\" height=\"100\" class=\"wp-image-9073\" style=\"width: 100px;\" src=\"https:\/\/riograndezac.gob.mx\/informatica\/wp-content\/uploads\/2021\/07\/PDFITO-1.png\" alt=\"\" srcset=\"https:\/\/riograndezac.gob.mx\/informatica\/wp-content\/uploads\/2021\/07\/PDFITO-1.png 512w, https:\/\/riograndezac.gob.mx\/informatica\/wp-content\/uploads\/2021\/07\/PDFITO-1-365x365.png 365w\" sizes=\"auto, (max-width: 100px) 100vw, 100px\" \/><\/a><\/td><\/tr><tr><td><strong>CATALOGO Y PLANOS <\/strong><\/td><td><strong>VISITA DE OBRA<\/strong><\/td><td><strong>ACTA JUNTA DE ACLARACIONES<\/strong><\/td><\/tr><tr><td><a href=\"https:\/\/riograndezac.gob.mx\/informatica\/wp-content\/uploads\/2021\/07\/CATALOGO-2021-FRT-01-044-1.xlsx\" data-type=\"URL\" data-id=\"https:\/\/riograndezac.gob.mx\/informatica\/wp-content\/uploads\/2021\/07\/CATALOGO-2021-FRT-01-044-1.xlsx\" target=\"_blank\" rel=\"noreferrer noopener\">CATALOGO Y PLANOS<br><img loading=\"lazy\" decoding=\"async\" width=\"150\" height=\"113\" class=\"wp-image-9093\" style=\"width: 150px;\" src=\"https:\/\/riograndezac.gob.mx\/informatica\/wp-content\/uploads\/2021\/07\/EXCERL-1.png\" alt=\"\" srcset=\"https:\/\/riograndezac.gob.mx\/informatica\/wp-content\/uploads\/2021\/07\/EXCERL-1.png 1024w, https:\/\/riograndezac.gob.mx\/informatica\/wp-content\/uploads\/2021\/07\/EXCERL-1-487x365.png 487w, https:\/\/riograndezac.gob.mx\/informatica\/wp-content\/uploads\/2021\/07\/EXCERL-1-840x630.png 840w, https:\/\/riograndezac.gob.mx\/informatica\/wp-content\/uploads\/2021\/07\/EXCERL-1-768x576.png 768w\" sizes=\"auto, (max-width: 150px) 100vw, 150px\" \/><\/a><\/td><td><a href=\"https:\/\/riograndezac.gob.mx\/informatica\/wp-content\/uploads\/2021\/07\/FRT-044_ACTA-VISITA-OBRA.pdf\" data-type=\"URL\" data-id=\"https:\/\/riograndezac.gob.mx\/informatica\/wp-content\/uploads\/2021\/07\/FRT-044_ACTA-VISITA-OBRA.pdf\" target=\"_blank\" rel=\"noreferrer noopener\">ACTA VISITA DE OBRA<br><img loading=\"lazy\" decoding=\"async\" width=\"100\" height=\"100\" class=\"wp-image-9073\" style=\"width: 100px;\" src=\"https:\/\/riograndezac.gob.mx\/informatica\/wp-content\/uploads\/2021\/07\/PDFITO-1.png\" alt=\"\" srcset=\"https:\/\/riograndezac.gob.mx\/informatica\/wp-content\/uploads\/2021\/07\/PDFITO-1.png 512w, https:\/\/riograndezac.gob.mx\/informatica\/wp-content\/uploads\/2021\/07\/PDFITO-1-365x365.png 365w\" sizes=\"auto, (max-width: 100px) 100vw, 100px\" \/><\/a><\/td><td><a href=\"https:\/\/riograndezac.gob.mx\/informatica\/wp-content\/uploads\/2021\/07\/FRT-044_ACTA-JUNTA-ACLARACIONES.pdf\" data-type=\"URL\" data-id=\"https:\/\/riograndezac.gob.mx\/informatica\/wp-content\/uploads\/2021\/07\/FRT-044_ACTA-JUNTA-ACLARACIONES.pdf\" target=\"_blank\" rel=\"noreferrer noopener\">ACTA JUNTA DE ACLARACIONES<br><img loading=\"lazy\" decoding=\"async\" width=\"100\" height=\"100\" class=\"wp-image-9073\" style=\"width: 100px;\" src=\"https:\/\/riograndezac.gob.mx\/informatica\/wp-content\/uploads\/2021\/07\/PDFITO-1.png\" alt=\"\" srcset=\"https:\/\/riograndezac.gob.mx\/informatica\/wp-content\/uploads\/2021\/07\/PDFITO-1.png 512w, https:\/\/riograndezac.gob.mx\/informatica\/wp-content\/uploads\/2021\/07\/PDFITO-1-365x365.png 365w\" sizes=\"auto, (max-width: 100px) 100vw, 100px\" \/><\/a><\/td><\/tr><tr><td><strong>PRESENTACI\u00d3N Y APERTURA<\/strong><\/td><td><\/td><td><\/td><\/tr><tr><td><a href=\"https:\/\/riograndezac.gob.mx\/informatica\/wp-content\/uploads\/2021\/07\/FRT-044_ACTA-PRESENTACION-Y-APERTURA.pdf\" data-type=\"URL\" data-id=\"https:\/\/riograndezac.gob.mx\/informatica\/wp-content\/uploads\/2021\/07\/FRT-044_ACTA-PRESENTACION-Y-APERTURA.pdf\" target=\"_blank\" rel=\"noreferrer noopener\">ACTA PRESENTACI\u00d3N Y APERTURA<br><img loading=\"lazy\" decoding=\"async\" width=\"100\" height=\"100\" class=\"wp-image-9073\" style=\"width: 100px;\" src=\"https:\/\/riograndezac.gob.mx\/informatica\/wp-content\/uploads\/2021\/07\/PDFITO-1.png\" alt=\"\" srcset=\"https:\/\/riograndezac.gob.mx\/informatica\/wp-content\/uploads\/2021\/07\/PDFITO-1.png 512w, https:\/\/riograndezac.gob.mx\/informatica\/wp-content\/uploads\/2021\/07\/PDFITO-1-365x365.png 365w\" sizes=\"auto, (max-width: 100px) 100vw, 100px\" \/><\/a><\/td><td><\/td><td><\/td><\/tr><tr><td><strong>FALLO<\/strong><\/td><td><\/td><td><strong>CONTRATO<\/strong><\/td><\/tr><tr><td><a href=\"https:\/\/riograndezac.gob.mx\/informatica\/wp-content\/uploads\/2021\/07\/FRT-044_ACTA-EMISION-FALLO.pdf\" data-type=\"URL\" data-id=\"https:\/\/riograndezac.gob.mx\/informatica\/wp-content\/uploads\/2021\/07\/FRT-044_ACTA-EMISION-FALLO.pdf\" target=\"_blank\" rel=\"noreferrer noopener\">ACTA EMISI\u00d3N FALLO<br><img loading=\"lazy\" decoding=\"async\" width=\"100\" height=\"100\" class=\"wp-image-9073\" style=\"width: 100px;\" src=\"https:\/\/riograndezac.gob.mx\/informatica\/wp-content\/uploads\/2021\/07\/PDFITO-1.png\" alt=\"\" srcset=\"https:\/\/riograndezac.gob.mx\/informatica\/wp-content\/uploads\/2021\/07\/PDFITO-1.png 512w, https:\/\/riograndezac.gob.mx\/informatica\/wp-content\/uploads\/2021\/07\/PDFITO-1-365x365.png 365w\" sizes=\"auto, (max-width: 100px) 100vw, 100px\" \/><\/a><\/td><td><a href=\"https:\/\/riograndezac.gob.mx\/informatica\/wp-content\/uploads\/2021\/07\/FRT-044_DICTAMEN-Y-FALLO-DE-ADJUDICACION.pdf\" data-type=\"URL\" data-id=\"https:\/\/riograndezac.gob.mx\/informatica\/wp-content\/uploads\/2021\/07\/FRT-044_DICTAMEN-Y-FALLO-DE-ADJUDICACION.pdf\" target=\"_blank\" rel=\"noreferrer noopener\">DICTAMEN Y FALLO DE ADJUDICACI\u00d3N<br><img loading=\"lazy\" decoding=\"async\" width=\"100\" height=\"100\" class=\"wp-image-9073\" style=\"width: 100px;\" src=\"https:\/\/riograndezac.gob.mx\/informatica\/wp-content\/uploads\/2021\/07\/PDFITO-1.png\" alt=\"\" srcset=\"https:\/\/riograndezac.gob.mx\/informatica\/wp-content\/uploads\/2021\/07\/PDFITO-1.png 512w, https:\/\/riograndezac.gob.mx\/informatica\/wp-content\/uploads\/2021\/07\/PDFITO-1-365x365.png 365w\" sizes=\"auto, (max-width: 100px) 100vw, 100px\" \/><\/a><\/td><td><a href=\"https:\/\/riograndezac.gob.mx\/informatica\/wp-content\/uploads\/2021\/07\/FRT-044_CONTRATO.pdf\" data-type=\"URL\" data-id=\"https:\/\/riograndezac.gob.mx\/informatica\/wp-content\/uploads\/2021\/07\/FRT-044_CONTRATO.pdf\" target=\"_blank\" rel=\"noreferrer noopener\">CONTRATO<br><img loading=\"lazy\" decoding=\"async\" width=\"100\" height=\"100\" class=\"wp-image-9073\" style=\"width: 100px;\" src=\"https:\/\/riograndezac.gob.mx\/informatica\/wp-content\/uploads\/2021\/07\/PDFITO-1.png\" alt=\"\" srcset=\"https:\/\/riograndezac.gob.mx\/informatica\/wp-content\/uploads\/2021\/07\/PDFITO-1.png 512w, https:\/\/riograndezac.gob.mx\/informatica\/wp-content\/uploads\/2021\/07\/PDFITO-1-365x365.png 365w\" sizes=\"auto, (max-width: 100px) 100vw, 100px\" \/><\/a><\/td><\/tr><tr><td><\/td><td><\/td><td><\/td><\/tr><tr><td><\/td><td><\/td><td><\/td><\/tr><tr><td><\/td><td><\/td><td><\/td><\/tr><tr><td><\/td><td><\/td><td><\/td><\/tr><\/tbody><\/table><\/figure>\n","protected":false},"excerpt":{"rendered":"<p>SUFICIENCIA PRESUPUESTARIA BASES DE LICITACI\u00d3N INVITACIONES ACUERDO DE MODALIDAD DE EJECUCI\u00d3N BASES DE LICITACI\u00d3N FRT-044 INVITACIONES CATALOGO Y PLANOS VISITA DE OBRA ACTA JUNTA DE ACLARACIONES CATALOGO Y PLANOS ACTA VISITA DE OBRA ACTA JUNTA DE ACLARACIONES PRESENTACI\u00d3N Y APERTURA ACTA PRESENTACI\u00d3N Y APERTURA FALLO CONTRATO ACTA EMISI\u00d3N FALLO DICTAMEN Y FALLO DE ADJUDICACI\u00d3N CONTRATO<\/p>\n","protected":false},"author":1,"featured_media":0,"parent":0,"menu_order":0,"comment_status":"closed","ping_status":"closed","template":"","meta":{"_monsterinsights_skip_tracking":false,"_monsterinsights_sitenote_active":false,"_monsterinsights_sitenote_note":"","_monsterinsights_sitenote_category":0,"footnotes":""},"class_list":["post-9230","page","type-page","status-publish","hentry"],"_links":{"self":[{"href":"https:\/\/riograndezac.gob.mx\/informatica\/index.php?rest_route=\/wp\/v2\/pages\/9230","targetHints":{"allow":["GET"]}}],"collection":[{"href":"https:\/\/riograndezac.gob.mx\/informatica\/index.php?rest_route=\/wp\/v2\/pages"}],"about":[{"href":"https:\/\/riograndezac.gob.mx\/informatica\/index.php?rest_route=\/wp\/v2\/types\/page"}],"author":[{"embeddable":true,"href":"https:\/\/riograndezac.gob.mx\/informatica\/index.php?rest_route=\/wp\/v2\/users\/1"}],"replies":[{"embeddable":true,"href":"https:\/\/riograndezac.gob.mx\/informatica\/index.php?rest_route=%2Fwp%2Fv2%2Fcomments&post=9230"}],"version-history":[{"count":8,"href":"https:\/\/riograndezac.gob.mx\/informatica\/index.php?rest_route=\/wp\/v2\/pages\/9230\/revisions"}],"predecessor-version":[{"id":9255,"href":"https:\/\/riograndezac.gob.mx\/informatica\/index.php?rest_route=\/wp\/v2\/pages\/9230\/revisions\/9255"}],"wp:attachment":[{"href":"https:\/\/riograndezac.gob.mx\/informatica\/index.php?rest_route=%2Fwp%2Fv2%2Fmedia&parent=9230"}],"curies":[{"name":"wp","href":"https:\/\/api.w.org\/{rel}","templated":true}]}}