{"id":9264,"date":"2021-08-24T12:41:15","date_gmt":"2021-08-24T17:41:15","guid":{"rendered":"http:\/\/riograndezac.gob.mx\/informatica\/?page_id=9264"},"modified":"2021-08-24T13:08:17","modified_gmt":"2021-08-24T18:08:17","slug":"ampliacion-de-red-electrica-primaria-y-secundaria-con-26-postes-de-12-750-7-de-9-400-y-3-transformadores-de-15-kva-en-varias-calles-de-la-colonia-el-chaparral-de-la-comunidad-de-las-piedras-rio-grand","status":"publish","type":"page","link":"https:\/\/riograndezac.gob.mx\/informatica\/?page_id=9264","title":{"rendered":"AMPLIACI\u00d3N DE RED EL\u00c9CTRICA PRIMARIA Y SECUNDARIA CON 26 POSTES DE 12-750, 7 DE 9-400 Y 3 TRANSFORMADORES DE 15 KVA EN VARIAS CALLES DE LA COLONIA EL CHAPARRAL DE LA COMUNIDAD DE LAS PIEDRAS R\u00cdO GRANDE, ZAC. OBRA QUE CONTRIBUIR\u00c1 A LA AMPLIACI\u00d3N DEL SERVICIO DE ELECTRICIDAD DE LA COMUNIDAD."},"content":{"rendered":"\n<figure class=\"wp-block-table is-style-stripes\"><table class=\"has-fixed-layout\"><thead><tr><th class=\"has-text-align-center\" data-align=\"center\"><\/th><th class=\"has-text-align-center\" data-align=\"center\"><\/th><th class=\"has-text-align-center\" data-align=\"center\"><\/th><\/tr><\/thead><tbody><tr><td class=\"has-text-align-center\" data-align=\"center\"><strong>SUFICIENCIA PRESUPUESTARIA<\/strong><\/td><td class=\"has-text-align-center\" data-align=\"center\"><strong>BASES DE LICITACI\u00d3N<\/strong><\/td><td class=\"has-text-align-center\" data-align=\"center\"><strong>ANEXOS ESTATALES<\/strong><\/td><\/tr><tr><td class=\"has-text-align-center\" data-align=\"center\"><strong>OFICIO DE EJECUCION-AMPLIACI\u00d3N DE RED EL\u00c9CTRICA<\/strong><br><a rel=\"noreferrer noopener\" href=\"https:\/\/riograndezac.gob.mx\/informatica\/wp-content\/uploads\/2021\/08\/OFICIO-DE-EJECUCION-AMPLIACION-DE-RED-ELECTRICA.pdf\" target=\"_blank\"><img loading=\"lazy\" decoding=\"async\" width=\"95\" height=\"95\" class=\"wp-image-9073\" style=\"width: 95px;\" src=\"https:\/\/riograndezac.gob.mx\/informatica\/wp-content\/uploads\/2021\/07\/PDFITO-1.png\" alt=\"\" srcset=\"https:\/\/riograndezac.gob.mx\/informatica\/wp-content\/uploads\/2021\/07\/PDFITO-1.png 512w, https:\/\/riograndezac.gob.mx\/informatica\/wp-content\/uploads\/2021\/07\/PDFITO-1-365x365.png 365w\" sizes=\"auto, (max-width: 95px) 100vw, 95px\" \/><\/a><\/td><td class=\"has-text-align-center\" data-align=\"center\"><strong>BASES DE LICITACION<\/strong><br><a rel=\"noreferrer noopener\" href=\"https:\/\/riograndezac.gob.mx\/informatica\/wp-content\/uploads\/2021\/08\/BASES-DE-LICITACION.pdf\" target=\"_blank\"><img loading=\"lazy\" decoding=\"async\" width=\"95\" height=\"95\" class=\"wp-image-9073\" style=\"width: 95px;\" src=\"https:\/\/riograndezac.gob.mx\/informatica\/wp-content\/uploads\/2021\/07\/PDFITO-1.png\" alt=\"\" srcset=\"https:\/\/riograndezac.gob.mx\/informatica\/wp-content\/uploads\/2021\/07\/PDFITO-1.png 512w, https:\/\/riograndezac.gob.mx\/informatica\/wp-content\/uploads\/2021\/07\/PDFITO-1-365x365.png 365w\" sizes=\"auto, (max-width: 95px) 100vw, 95px\" \/><\/a><\/td><td class=\"has-text-align-center\" data-align=\"center\"><strong>ANEXOS ESTATALES<\/strong><br><a rel=\"noreferrer noopener\" href=\"https:\/\/riograndezac.gob.mx\/informatica\/wp-content\/uploads\/2021\/08\/ANEXOS-ESTATALES.docx\" target=\"_blank\"><img loading=\"lazy\" decoding=\"async\" width=\"95\" height=\"71\" class=\"wp-image-9078\" style=\"width: 95px;\" src=\"https:\/\/riograndezac.gob.mx\/informatica\/wp-content\/uploads\/2021\/07\/LOGOWORD.png\" alt=\"\" srcset=\"https:\/\/riograndezac.gob.mx\/informatica\/wp-content\/uploads\/2021\/07\/LOGOWORD.png 1000w, https:\/\/riograndezac.gob.mx\/informatica\/wp-content\/uploads\/2021\/07\/LOGOWORD-487x365.png 487w, https:\/\/riograndezac.gob.mx\/informatica\/wp-content\/uploads\/2021\/07\/LOGOWORD-840x630.png 840w, https:\/\/riograndezac.gob.mx\/informatica\/wp-content\/uploads\/2021\/07\/LOGOWORD-768x576.png 768w\" sizes=\"auto, (max-width: 95px) 100vw, 95px\" \/><\/a><\/td><\/tr><tr><td class=\"has-text-align-center\" data-align=\"center\"><strong>INVITACIONES<\/strong><\/td><td class=\"has-text-align-center\" data-align=\"center\"><\/td><td class=\"has-text-align-center\" data-align=\"center\"><\/td><\/tr><tr><td class=\"has-text-align-center\" data-align=\"center\"><strong>INVITACIONES CONTRATISTAS<\/strong><br><a rel=\"noreferrer noopener\" href=\"https:\/\/riograndezac.gob.mx\/informatica\/wp-content\/uploads\/2021\/08\/INVITACIONES-CONTRATISTAS.pdf\" target=\"_blank\"><img loading=\"lazy\" decoding=\"async\" width=\"95\" height=\"95\" class=\"wp-image-9073\" style=\"width: 95px;\" src=\"https:\/\/riograndezac.gob.mx\/informatica\/wp-content\/uploads\/2021\/07\/PDFITO-1.png\" alt=\"\" srcset=\"https:\/\/riograndezac.gob.mx\/informatica\/wp-content\/uploads\/2021\/07\/PDFITO-1.png 512w, https:\/\/riograndezac.gob.mx\/informatica\/wp-content\/uploads\/2021\/07\/PDFITO-1-365x365.png 365w\" sizes=\"auto, (max-width: 95px) 100vw, 95px\" \/><\/a><\/td><td class=\"has-text-align-center\" data-align=\"center\"><strong>INVITACIONES FUNCIONARIOS<\/strong><br><a rel=\"noreferrer noopener\" href=\"https:\/\/riograndezac.gob.mx\/informatica\/wp-content\/uploads\/2021\/08\/INVITACIONES-FUNCIONARIOS.pdf\" target=\"_blank\"><img loading=\"lazy\" decoding=\"async\" width=\"95\" height=\"95\" class=\"wp-image-9073\" style=\"width: 95px;\" src=\"https:\/\/riograndezac.gob.mx\/informatica\/wp-content\/uploads\/2021\/07\/PDFITO-1.png\" alt=\"\" srcset=\"https:\/\/riograndezac.gob.mx\/informatica\/wp-content\/uploads\/2021\/07\/PDFITO-1.png 512w, https:\/\/riograndezac.gob.mx\/informatica\/wp-content\/uploads\/2021\/07\/PDFITO-1-365x365.png 365w\" sizes=\"auto, (max-width: 95px) 100vw, 95px\" \/><\/a><\/td><td class=\"has-text-align-center\" data-align=\"center\"><\/td><\/tr><tr><td class=\"has-text-align-center\" data-align=\"center\"><strong>CATALOGOS Y PLANOS<\/strong><\/td><td class=\"has-text-align-center\" data-align=\"center\"><\/td><td class=\"has-text-align-center\" data-align=\"center\"><\/td><\/tr><tr><td class=\"has-text-align-center\" data-align=\"center\"><strong>Electrificaci\u00f3n las piedras<\/strong><br><a rel=\"noreferrer noopener\" href=\"https:\/\/riograndezac.gob.mx\/informatica\/wp-content\/uploads\/2021\/08\/Electrificacion-las-piedras-.pdf\" target=\"_blank\"><img loading=\"lazy\" decoding=\"async\" width=\"95\" height=\"95\" class=\"wp-image-9073\" style=\"width: 95px;\" src=\"https:\/\/riograndezac.gob.mx\/informatica\/wp-content\/uploads\/2021\/07\/PDFITO-1.png\" alt=\"\" srcset=\"https:\/\/riograndezac.gob.mx\/informatica\/wp-content\/uploads\/2021\/07\/PDFITO-1.png 512w, https:\/\/riograndezac.gob.mx\/informatica\/wp-content\/uploads\/2021\/07\/PDFITO-1-365x365.png 365w\" sizes=\"auto, (max-width: 95px) 100vw, 95px\" \/><\/a><\/td><td class=\"has-text-align-center\" data-align=\"center\"><strong>NORMAS DE CALIDAD<\/strong><br><a href=\"https:\/\/riograndezac.gob.mx\/informatica\/wp-content\/uploads\/2021\/08\/Normas-de-calidad-de-mats.pdf\" target=\"_blank\" rel=\"noreferrer noopener\"><img loading=\"lazy\" decoding=\"async\" width=\"85\" height=\"85\" class=\"wp-image-9073\" style=\"width: 85px;\" src=\"https:\/\/riograndezac.gob.mx\/informatica\/wp-content\/uploads\/2021\/07\/PDFITO-1.png\" alt=\"\" srcset=\"https:\/\/riograndezac.gob.mx\/informatica\/wp-content\/uploads\/2021\/07\/PDFITO-1.png 512w, https:\/\/riograndezac.gob.mx\/informatica\/wp-content\/uploads\/2021\/07\/PDFITO-1-365x365.png 365w\" sizes=\"auto, (max-width: 85px) 100vw, 85px\" \/><\/a><\/td><td class=\"has-text-align-center\" data-align=\"center\"><strong>CATALOGO AMPLIACION DE RED ELECTRICA<\/strong><br><a href=\"https:\/\/riograndezac.gob.mx\/informatica\/wp-content\/uploads\/2021\/08\/CATALOGO-AMPLIACION-DE-RED-ELECTRICA.xlsx\" target=\"_blank\" rel=\"noreferrer noopener\"><img loading=\"lazy\" decoding=\"async\" width=\"105\" height=\"79\" class=\"wp-image-9093\" style=\"width: 105px;\" src=\"https:\/\/riograndezac.gob.mx\/informatica\/wp-content\/uploads\/2021\/07\/EXCERL-1.png\" alt=\"\" srcset=\"https:\/\/riograndezac.gob.mx\/informatica\/wp-content\/uploads\/2021\/07\/EXCERL-1.png 1024w, https:\/\/riograndezac.gob.mx\/informatica\/wp-content\/uploads\/2021\/07\/EXCERL-1-487x365.png 487w, https:\/\/riograndezac.gob.mx\/informatica\/wp-content\/uploads\/2021\/07\/EXCERL-1-840x630.png 840w, https:\/\/riograndezac.gob.mx\/informatica\/wp-content\/uploads\/2021\/07\/EXCERL-1-768x576.png 768w\" sizes=\"auto, (max-width: 105px) 100vw, 105px\" \/><\/a><\/td><\/tr><tr><td class=\"has-text-align-center\" data-align=\"center\"><strong>ACTA VISITA DE OBRA<\/strong><\/td><td class=\"has-text-align-center\" data-align=\"center\"><strong>ACTA JUNTA ACLARACIONES<\/strong><\/td><td class=\"has-text-align-center\" data-align=\"center\"><strong>PRESENTACION Y APERTURA<\/strong><\/td><\/tr><tr><td class=\"has-text-align-center\" data-align=\"center\"><a href=\"https:\/\/riograndezac.gob.mx\/informatica\/wp-content\/uploads\/2021\/08\/CONSTANCIA-VISITA-OBRA.pdf\" target=\"_blank\" rel=\"noreferrer noopener\">CONSTANCIA VISITA OBRA<br><img loading=\"lazy\" decoding=\"async\" width=\"95\" height=\"95\" class=\"wp-image-9073\" style=\"width: 95px;\" src=\"https:\/\/riograndezac.gob.mx\/informatica\/wp-content\/uploads\/2021\/07\/PDFITO-1.png\" alt=\"\" srcset=\"https:\/\/riograndezac.gob.mx\/informatica\/wp-content\/uploads\/2021\/07\/PDFITO-1.png 512w, https:\/\/riograndezac.gob.mx\/informatica\/wp-content\/uploads\/2021\/07\/PDFITO-1-365x365.png 365w\" sizes=\"auto, (max-width: 95px) 100vw, 95px\" \/><\/a><\/td><td class=\"has-text-align-center\" data-align=\"center\">ACTA JUNTA ACLARACIONES<br><a href=\"https:\/\/riograndezac.gob.mx\/informatica\/wp-content\/uploads\/2021\/08\/ACTA-JUNTA-ACLARACIONES.pdf\" target=\"_blank\" rel=\"noreferrer noopener\"><img loading=\"lazy\" decoding=\"async\" width=\"95\" height=\"95\" class=\"wp-image-9073\" style=\"width: 95px;\" src=\"https:\/\/riograndezac.gob.mx\/informatica\/wp-content\/uploads\/2021\/07\/PDFITO-1.png\" alt=\"\" srcset=\"https:\/\/riograndezac.gob.mx\/informatica\/wp-content\/uploads\/2021\/07\/PDFITO-1.png 512w, https:\/\/riograndezac.gob.mx\/informatica\/wp-content\/uploads\/2021\/07\/PDFITO-1-365x365.png 365w\" sizes=\"auto, (max-width: 95px) 100vw, 95px\" \/><\/a><\/td><td class=\"has-text-align-center\" data-align=\"center\"><a href=\"https:\/\/riograndezac.gob.mx\/informatica\/wp-content\/uploads\/2021\/08\/PRESENTACION-Y-APERTURA.pdf\" target=\"_blank\" rel=\"noreferrer noopener\"><img loading=\"lazy\" decoding=\"async\" width=\"95\" height=\"95\" class=\"wp-image-9073\" style=\"width: 95px;\" src=\"https:\/\/riograndezac.gob.mx\/informatica\/wp-content\/uploads\/2021\/07\/PDFITO-1.png\" alt=\"\" srcset=\"https:\/\/riograndezac.gob.mx\/informatica\/wp-content\/uploads\/2021\/07\/PDFITO-1.png 512w, https:\/\/riograndezac.gob.mx\/informatica\/wp-content\/uploads\/2021\/07\/PDFITO-1-365x365.png 365w\" sizes=\"auto, (max-width: 95px) 100vw, 95px\" \/><\/a><\/td><\/tr><tr><td class=\"has-text-align-center\" data-align=\"center\"><strong>FALLO Y ACTA EMISION FALLO<\/strong><\/td><td class=\"has-text-align-center\" data-align=\"center\"><\/td><td class=\"has-text-align-center\" data-align=\"center\"><strong>CONTRATO<\/strong><\/td><\/tr><tr><td class=\"has-text-align-center\" data-align=\"center\">ACTA DE EMISION DE FALLO<br><a href=\"https:\/\/riograndezac.gob.mx\/informatica\/wp-content\/uploads\/2021\/08\/ACTA-DE-EMISION-DE-FALLO.pdf\" target=\"_blank\" rel=\"noreferrer noopener\"><img loading=\"lazy\" decoding=\"async\" width=\"95\" height=\"95\" class=\"wp-image-9073\" style=\"width: 95px;\" src=\"https:\/\/riograndezac.gob.mx\/informatica\/wp-content\/uploads\/2021\/07\/PDFITO-1.png\" alt=\"\" srcset=\"https:\/\/riograndezac.gob.mx\/informatica\/wp-content\/uploads\/2021\/07\/PDFITO-1.png 512w, https:\/\/riograndezac.gob.mx\/informatica\/wp-content\/uploads\/2021\/07\/PDFITO-1-365x365.png 365w\" sizes=\"auto, (max-width: 95px) 100vw, 95px\" \/><\/a><\/td><td class=\"has-text-align-center\" data-align=\"center\">DICTAMEN Y FALLO DE LICITACION<br><a href=\"https:\/\/riograndezac.gob.mx\/informatica\/wp-content\/uploads\/2021\/08\/DICTAMEN-Y-FALLO-DE-LICITACION.pdf\" target=\"_blank\" rel=\"noreferrer noopener\"><img loading=\"lazy\" decoding=\"async\" width=\"95\" height=\"95\" class=\"wp-image-9073\" style=\"width: 95px;\" src=\"https:\/\/riograndezac.gob.mx\/informatica\/wp-content\/uploads\/2021\/07\/PDFITO-1.png\" alt=\"\" srcset=\"https:\/\/riograndezac.gob.mx\/informatica\/wp-content\/uploads\/2021\/07\/PDFITO-1.png 512w, https:\/\/riograndezac.gob.mx\/informatica\/wp-content\/uploads\/2021\/07\/PDFITO-1-365x365.png 365w\" sizes=\"auto, (max-width: 95px) 100vw, 95px\" \/><\/a><\/td><td class=\"has-text-align-center\" data-align=\"center\"><a href=\"https:\/\/riograndezac.gob.mx\/informatica\/wp-content\/uploads\/2021\/08\/CONTRATO.pdf\" target=\"_blank\" rel=\"noreferrer noopener\"><img loading=\"lazy\" decoding=\"async\" width=\"95\" height=\"95\" class=\"wp-image-9073\" style=\"width: 95px;\" src=\"https:\/\/riograndezac.gob.mx\/informatica\/wp-content\/uploads\/2021\/07\/PDFITO-1.png\" alt=\"\" srcset=\"https:\/\/riograndezac.gob.mx\/informatica\/wp-content\/uploads\/2021\/07\/PDFITO-1.png 512w, https:\/\/riograndezac.gob.mx\/informatica\/wp-content\/uploads\/2021\/07\/PDFITO-1-365x365.png 365w\" sizes=\"auto, (max-width: 95px) 100vw, 95px\" \/><\/a><\/td><\/tr><tr><td class=\"has-text-align-center\" data-align=\"center\"><\/td><td class=\"has-text-align-center\" data-align=\"center\"><\/td><td class=\"has-text-align-center\" data-align=\"center\"><\/td><\/tr><\/tbody><\/table><\/figure>\n","protected":false},"excerpt":{"rendered":"<p>SUFICIENCIA PRESUPUESTARIA BASES DE LICITACI\u00d3N ANEXOS ESTATALES OFICIO DE EJECUCION-AMPLIACI\u00d3N DE RED EL\u00c9CTRICA BASES DE LICITACION ANEXOS ESTATALES INVITACIONES INVITACIONES CONTRATISTAS INVITACIONES FUNCIONARIOS CATALOGOS Y PLANOS Electrificaci\u00f3n las piedras NORMAS DE CALIDAD CATALOGO AMPLIACION DE RED ELECTRICA ACTA VISITA DE OBRA ACTA JUNTA ACLARACIONES PRESENTACION Y APERTURA CONSTANCIA VISITA OBRA ACTA JUNTA ACLARACIONES FALLO Y ACTA EMISION FALLO CONTRATO ACTA DE EMISION DE FALLO DICTAMEN Y FALLO DE LICITACION<\/p>\n","protected":false},"author":1,"featured_media":0,"parent":0,"menu_order":0,"comment_status":"closed","ping_status":"closed","template":"","meta":{"_monsterinsights_skip_tracking":false,"_monsterinsights_sitenote_active":false,"_monsterinsights_sitenote_note":"","_monsterinsights_sitenote_category":0,"footnotes":""},"class_list":["post-9264","page","type-page","status-publish","hentry"],"_links":{"self":[{"href":"https:\/\/riograndezac.gob.mx\/informatica\/index.php?rest_route=\/wp\/v2\/pages\/9264","targetHints":{"allow":["GET"]}}],"collection":[{"href":"https:\/\/riograndezac.gob.mx\/informatica\/index.php?rest_route=\/wp\/v2\/pages"}],"about":[{"href":"https:\/\/riograndezac.gob.mx\/informatica\/index.php?rest_route=\/wp\/v2\/types\/page"}],"author":[{"embeddable":true,"href":"https:\/\/riograndezac.gob.mx\/informatica\/index.php?rest_route=\/wp\/v2\/users\/1"}],"replies":[{"embeddable":true,"href":"https:\/\/riograndezac.gob.mx\/informatica\/index.php?rest_route=%2Fwp%2Fv2%2Fcomments&post=9264"}],"version-history":[{"count":6,"href":"https:\/\/riograndezac.gob.mx\/informatica\/index.php?rest_route=\/wp\/v2\/pages\/9264\/revisions"}],"predecessor-version":[{"id":9289,"href":"https:\/\/riograndezac.gob.mx\/informatica\/index.php?rest_route=\/wp\/v2\/pages\/9264\/revisions\/9289"}],"wp:attachment":[{"href":"https:\/\/riograndezac.gob.mx\/informatica\/index.php?rest_route=%2Fwp%2Fv2%2Fmedia&parent=9264"}],"curies":[{"name":"wp","href":"https:\/\/api.w.org\/{rel}","templated":true}]}}