{"id":9757,"date":"2021-11-16T13:24:27","date_gmt":"2021-11-16T19:24:27","guid":{"rendered":"http:\/\/riograndezac.gob.mx\/informatica\/?page_id=9757"},"modified":"2021-11-16T14:46:54","modified_gmt":"2021-11-16T20:46:54","slug":"construccion-de-domo-incluye-tablero-y-aro-de-basquetbol-en-escuela-primaria-emiliano-zapata-comunidad-las-piedras-rio-grande-zac-obra-que-mejorara-las-instalaciones-del-plantel-educativo-ofr","status":"publish","type":"page","link":"https:\/\/riograndezac.gob.mx\/informatica\/?page_id=9757","title":{"rendered":"CONSTRUCCI\u00d3N DE DOMO, INCLUYE TABLERO Y ARO DE BASQUETBOL EN ESCUELA PRIMARIA &#8220;EMILIANO ZAPATA&#8221; COMUNIDAD LAS PIEDRAS, R\u00cdO GRANDE, ZAC. OBRA QUE MEJORAR\u00c1 LAS INSTALACIONES DEL PLANTEL EDUCATIVO, OFRECIENDO A LOS ALUMNOS ESPACIOS DIGNOS."},"content":{"rendered":"\n<p><strong>DESCRIPCI\u00d3N DE LA LICITACI\u00d3N<\/strong><\/p>\n\n\n\n<ul class=\"wp-block-list\"><li><strong>CONVOCANTE<\/strong><ul><li><strong>R. AYUNTAMIENTO 2018- 2021<\/strong><\/li><\/ul><\/li><li><strong>LUGAR DONDE SE PUEDEN ADQUIRIR LAS BASES<\/strong><ul><li>El lugar de reuni\u00f3n ser\u00e1 en la Direcci\u00f3n de Obras y Servicios P\u00fablicos, de R. Ayuntamiento R\u00edo Grande localizado en Calle Constituci\u00f3n #36, R\u00edo Grande, Zac, a las&nbsp;<strong>09:00<\/strong>&nbsp;horas,<\/li><\/ul><\/li><li><strong>FECHA DE VISITA<\/strong><ul><li><strong>1 de septiembre de 2021 a las 10:00 hrs.<\/strong><\/li><\/ul><\/li><li><strong>FECHA DE JUNTA DE ACLARACIONES<\/strong><ul><li><strong>10:00 horas del 1 de Septiembre de 2021.<\/strong><\/li><\/ul><\/li><\/ul>\n\n\n\n<figure class=\"wp-block-table is-style-stripes\"><table><thead><tr><th class=\"has-text-align-center\" data-align=\"center\"><\/th><th class=\"has-text-align-center\" data-align=\"center\"><\/th><th class=\"has-text-align-center\" data-align=\"center\"><\/th><\/tr><\/thead><tbody><tr><td class=\"has-text-align-center\" data-align=\"center\"><strong>SUFICIENCIA PRESUPUESTARIA<\/strong><\/td><td class=\"has-text-align-center\" data-align=\"center\"><\/td><td class=\"has-text-align-center\" data-align=\"center\"><\/td><\/tr><tr><td class=\"has-text-align-center\" data-align=\"center\"><a rel=\"noreferrer noopener\" href=\"https:\/\/riograndezac.gob.mx\/informatica\/wp-content\/uploads\/2021\/11\/SUFICIENCIA-PRESUPUESTARIA_DOMO-EMILIANO-ZAPATA-MORONES.pdf\" data-type=\"URL\" data-id=\"https:\/\/riograndezac.gob.mx\/informatica\/wp-content\/uploads\/2021\/11\/SUFICIENCIA-PRESUPUESTARIA_DOMO-EMILIANO-ZAPATA-MORONES.pdf\" target=\"_blank\"><img loading=\"lazy\" decoding=\"async\" width=\"100\" height=\"100\" class=\"wp-image-9073\" style=\"width: 100px;\" src=\"https:\/\/riograndezac.gob.mx\/informatica\/wp-content\/uploads\/2021\/07\/PDFITO-1.png\" alt=\"\" srcset=\"https:\/\/riograndezac.gob.mx\/informatica\/wp-content\/uploads\/2021\/07\/PDFITO-1.png 512w, https:\/\/riograndezac.gob.mx\/informatica\/wp-content\/uploads\/2021\/07\/PDFITO-1-365x365.png 365w\" sizes=\"auto, (max-width: 100px) 100vw, 100px\" \/><\/a><br>SUFICIENCIA PRESUPUESTARIA <br>DOMO EMILIANO ZAPATA MORONES<\/td><td class=\"has-text-align-center\" data-align=\"center\"><a href=\"https:\/\/riograndezac.gob.mx\/informatica\/wp-content\/uploads\/2021\/11\/OFICO-DE-EJECUCION_DOMO-EMILIANO-ZAPATA-MORONES.pdf\" data-type=\"URL\" data-id=\"https:\/\/riograndezac.gob.mx\/informatica\/wp-content\/uploads\/2021\/11\/OFICO-DE-EJECUCION_DOMO-EMILIANO-ZAPATA-MORONES.pdf\" target=\"_blank\" rel=\"noreferrer noopener\"><img loading=\"lazy\" decoding=\"async\" width=\"100\" height=\"100\" class=\"wp-image-9073\" style=\"width: 100px;\" src=\"https:\/\/riograndezac.gob.mx\/informatica\/wp-content\/uploads\/2021\/07\/PDFITO-1.png\" alt=\"\" srcset=\"https:\/\/riograndezac.gob.mx\/informatica\/wp-content\/uploads\/2021\/07\/PDFITO-1.png 512w, https:\/\/riograndezac.gob.mx\/informatica\/wp-content\/uploads\/2021\/07\/PDFITO-1-365x365.png 365w\" sizes=\"auto, (max-width: 100px) 100vw, 100px\" \/><\/a><br>Oficio de Ejecuci\u00f3n <br>Emiliano Zapata Morones<\/td><td class=\"has-text-align-center\" data-align=\"center\"><\/td><\/tr><tr><td class=\"has-text-align-center\" data-align=\"center\"><strong>BASES DE LICITACION<\/strong><\/td><td class=\"has-text-align-center\" data-align=\"center\"><\/td><td class=\"has-text-align-center\" data-align=\"center\"><strong>INVITACIONES<\/strong><\/td><\/tr><tr><td class=\"has-text-align-center\" data-align=\"center\"><a rel=\"noreferrer noopener\" href=\"https:\/\/riograndezac.gob.mx\/informatica\/wp-content\/uploads\/2021\/11\/BASES-ESTATALES_DOMO-EMILIANO-ZAPATA-.pdf\" target=\"_blank\" data-type=\"URL\" data-id=\"https:\/\/riograndezac.gob.mx\/informatica\/wp-content\/uploads\/2021\/11\/BASES-ESTATALES_DOMO-EMILIANO-ZAPATA-.pdf\"><img decoding=\"async\" src=\"https:\/\/riograndezac.gob.mx\/informatica\/wp-content\/uploads\/2021\/07\/PDFITO-1.png\" alt=\"\" style=\"width: 100px;\"><\/a><br>BASES ESTATALES<br>DOMO EMILIANO ZAPATA<\/td><td class=\"has-text-align-center\" data-align=\"center\"><a href=\"https:\/\/riograndezac.gob.mx\/informatica\/wp-content\/uploads\/2021\/11\/ANEXOS-ESTATALES.docx\" data-type=\"URL\" data-id=\"https:\/\/riograndezac.gob.mx\/informatica\/wp-content\/uploads\/2021\/11\/ANEXOS-ESTATALES.docx\" target=\"_blank\" rel=\"noreferrer noopener\"><img loading=\"lazy\" decoding=\"async\" width=\"150\" height=\"113\" class=\"wp-image-9078\" style=\"width: 150px;\" src=\"https:\/\/riograndezac.gob.mx\/informatica\/wp-content\/uploads\/2021\/07\/LOGOWORD.png\" alt=\"\" srcset=\"https:\/\/riograndezac.gob.mx\/informatica\/wp-content\/uploads\/2021\/07\/LOGOWORD.png 1000w, https:\/\/riograndezac.gob.mx\/informatica\/wp-content\/uploads\/2021\/07\/LOGOWORD-487x365.png 487w, https:\/\/riograndezac.gob.mx\/informatica\/wp-content\/uploads\/2021\/07\/LOGOWORD-840x630.png 840w, https:\/\/riograndezac.gob.mx\/informatica\/wp-content\/uploads\/2021\/07\/LOGOWORD-768x576.png 768w\" sizes=\"auto, (max-width: 150px) 100vw, 150px\" \/><\/a><br>ANEXOS ESTATALES<\/td><td class=\"has-text-align-center\" data-align=\"center\"><a rel=\"noreferrer noopener\" href=\"https:\/\/riograndezac.gob.mx\/informatica\/wp-content\/uploads\/2021\/11\/INVITACIONES-RECIBIDAS_DOMO-LAS-PIEDRAS.pdf\" data-type=\"URL\" data-id=\"https:\/\/riograndezac.gob.mx\/informatica\/wp-content\/uploads\/2021\/11\/INVITACIONES-RECIBIDAS_DOMO-LAS-PIEDRAS.pdf\" target=\"_blank\"><img loading=\"lazy\" decoding=\"async\" width=\"100\" height=\"100\" class=\"wp-image-9073\" style=\"width: 100px;\" src=\"https:\/\/riograndezac.gob.mx\/informatica\/wp-content\/uploads\/2021\/07\/PDFITO-1.png\" alt=\"\" srcset=\"https:\/\/riograndezac.gob.mx\/informatica\/wp-content\/uploads\/2021\/07\/PDFITO-1.png 512w, https:\/\/riograndezac.gob.mx\/informatica\/wp-content\/uploads\/2021\/07\/PDFITO-1-365x365.png 365w\" sizes=\"auto, (max-width: 100px) 100vw, 100px\" \/><\/a><br>INVITACIONES RECIBIDAS<br>DOMO LAS PIEDRAS<\/td><\/tr><tr><td class=\"has-text-align-center\" data-align=\"center\"><strong>CATALOGOS Y PLANOS<\/strong><\/td><td class=\"has-text-align-center\" data-align=\"center\"><\/td><td class=\"has-text-align-center\" data-align=\"center\"><\/td><\/tr><tr><td class=\"has-text-align-center\" data-align=\"center\"><a rel=\"noreferrer noopener\" href=\"https:\/\/riograndezac.gob.mx\/informatica\/wp-content\/uploads\/2021\/11\/1-RIO-GRANDE-2-PROYECTO-ARQUITECTONICO.zip\" data-type=\"URL\" data-id=\"https:\/\/riograndezac.gob.mx\/informatica\/wp-content\/uploads\/2021\/11\/1-RIO-GRANDE-2-PROYECTO-ARQUITECTONICO.zip\" target=\"_blank\"><img loading=\"lazy\" decoding=\"async\" width=\"100\" height=\"100\" class=\"wp-image-9768\" style=\"width: 100px;\" src=\"https:\/\/riograndezac.gob.mx\/informatica\/wp-content\/uploads\/2021\/11\/descarga.jpg\" alt=\"\"><\/a><br>Proyecto Arquitect\u00f3nico<\/td><td class=\"has-text-align-center\" data-align=\"center\"><a href=\"https:\/\/riograndezac.gob.mx\/informatica\/wp-content\/uploads\/2021\/11\/2-RIO-GRANDE-2-PROYECTO-ESTRUCTURAL.zip\" data-type=\"URL\" data-id=\"https:\/\/riograndezac.gob.mx\/informatica\/wp-content\/uploads\/2021\/11\/2-RIO-GRANDE-2-PROYECTO-ESTRUCTURAL.zip\" target=\"_blank\" rel=\"noreferrer noopener\"><img loading=\"lazy\" decoding=\"async\" width=\"100\" height=\"100\" class=\"wp-image-9768\" style=\"width: 100px;\" src=\"https:\/\/riograndezac.gob.mx\/informatica\/wp-content\/uploads\/2021\/11\/descarga.jpg\" alt=\"\"><\/a><br>Proyecto Estructural<\/td><td class=\"has-text-align-center\" data-align=\"center\"><a rel=\"noreferrer noopener\" href=\"https:\/\/riograndezac.gob.mx\/informatica\/wp-content\/uploads\/2021\/11\/CATALOGO-DE-CONCEPTOS.pdf\" data-type=\"URL\" data-id=\"https:\/\/riograndezac.gob.mx\/informatica\/wp-content\/uploads\/2021\/11\/CATALOGO-DE-CONCEPTOS.pdf\" target=\"_blank\"><img loading=\"lazy\" decoding=\"async\" width=\"100\" height=\"100\" class=\"wp-image-9073\" style=\"width: 100px;\" src=\"https:\/\/riograndezac.gob.mx\/informatica\/wp-content\/uploads\/2021\/07\/PDFITO-1.png\" alt=\"\" srcset=\"https:\/\/riograndezac.gob.mx\/informatica\/wp-content\/uploads\/2021\/07\/PDFITO-1.png 512w, https:\/\/riograndezac.gob.mx\/informatica\/wp-content\/uploads\/2021\/07\/PDFITO-1-365x365.png 365w\" sizes=\"auto, (max-width: 100px) 100vw, 100px\" \/><\/a><br>Catalogo de conceptos<\/td><\/tr><tr><td class=\"has-text-align-center\" data-align=\"center\"><strong>VISITA DE OBRA<\/strong><\/td><td class=\"has-text-align-center\" data-align=\"center\"><strong>ACLARACIONES<\/strong><\/td><td class=\"has-text-align-center\" data-align=\"center\"><strong>PRESENTACION<br>Y APERTURA<\/strong><\/td><\/tr><tr><td class=\"has-text-align-center\" data-align=\"center\"><a rel=\"noreferrer noopener\" href=\"https:\/\/riograndezac.gob.mx\/informatica\/wp-content\/uploads\/2021\/11\/CONSTANCIA-VISITA-OBRA.pdf\" data-type=\"URL\" data-id=\"https:\/\/riograndezac.gob.mx\/informatica\/wp-content\/uploads\/2021\/11\/CONSTANCIA-VISITA-OBRA.pdf\" target=\"_blank\"><img loading=\"lazy\" decoding=\"async\" width=\"100\" height=\"100\" class=\"wp-image-9073\" style=\"width: 100px;\" src=\"https:\/\/riograndezac.gob.mx\/informatica\/wp-content\/uploads\/2021\/07\/PDFITO-1.png\" alt=\"\" srcset=\"https:\/\/riograndezac.gob.mx\/informatica\/wp-content\/uploads\/2021\/07\/PDFITO-1.png 512w, https:\/\/riograndezac.gob.mx\/informatica\/wp-content\/uploads\/2021\/07\/PDFITO-1-365x365.png 365w\" sizes=\"auto, (max-width: 100px) 100vw, 100px\" \/><\/a><br>CONSTANCIA DE VISITA <br>DE OBRA<\/td><td class=\"has-text-align-center\" data-align=\"center\"><a href=\"https:\/\/riograndezac.gob.mx\/informatica\/wp-content\/uploads\/2021\/11\/ACTA-JUNTA-ACLARACIONES.pdf\" data-type=\"URL\" data-id=\"https:\/\/riograndezac.gob.mx\/informatica\/wp-content\/uploads\/2021\/11\/ACTA-JUNTA-ACLARACIONES.pdf\" target=\"_blank\" rel=\"noreferrer noopener\"><img loading=\"lazy\" decoding=\"async\" width=\"100\" height=\"100\" class=\"wp-image-9073\" style=\"width: 100px;\" src=\"https:\/\/riograndezac.gob.mx\/informatica\/wp-content\/uploads\/2021\/07\/PDFITO-1.png\" alt=\"\" srcset=\"https:\/\/riograndezac.gob.mx\/informatica\/wp-content\/uploads\/2021\/07\/PDFITO-1.png 512w, https:\/\/riograndezac.gob.mx\/informatica\/wp-content\/uploads\/2021\/07\/PDFITO-1-365x365.png 365w\" sizes=\"auto, (max-width: 100px) 100vw, 100px\" \/><\/a><br>ACTA DE ACLARACIONES<\/td><td class=\"has-text-align-center\" data-align=\"center\"><a rel=\"noreferrer noopener\" href=\"https:\/\/riograndezac.gob.mx\/informatica\/wp-content\/uploads\/2021\/11\/ACTA-PRESENTACION-Y-APERTURA.pdf\" data-type=\"URL\" data-id=\"https:\/\/riograndezac.gob.mx\/informatica\/wp-content\/uploads\/2021\/11\/ACTA-PRESENTACION-Y-APERTURA.pdf\" target=\"_blank\"><img loading=\"lazy\" decoding=\"async\" width=\"100\" height=\"100\" class=\"wp-image-9073\" style=\"width: 100px;\" src=\"https:\/\/riograndezac.gob.mx\/informatica\/wp-content\/uploads\/2021\/07\/PDFITO-1.png\" alt=\"\" srcset=\"https:\/\/riograndezac.gob.mx\/informatica\/wp-content\/uploads\/2021\/07\/PDFITO-1.png 512w, https:\/\/riograndezac.gob.mx\/informatica\/wp-content\/uploads\/2021\/07\/PDFITO-1-365x365.png 365w\" sizes=\"auto, (max-width: 100px) 100vw, 100px\" \/><\/a><br>ACTA DE PRESENTACION <br>Y APERTURA<\/td><\/tr><tr><td class=\"has-text-align-center\" data-align=\"center\"><strong>FALLO<\/strong><\/td><td class=\"has-text-align-center\" data-align=\"center\"><\/td><td class=\"has-text-align-center\" data-align=\"center\"><strong>CONTRATO<\/strong><\/td><\/tr><tr><td class=\"has-text-align-center\" data-align=\"center\"><a href=\"https:\/\/riograndezac.gob.mx\/informatica\/wp-content\/uploads\/2021\/11\/ACTA-EMISION-FALLO.pdf\" data-type=\"URL\" data-id=\"https:\/\/riograndezac.gob.mx\/informatica\/wp-content\/uploads\/2021\/11\/ACTA-EMISION-FALLO.pdf\" target=\"_blank\" rel=\"noreferrer noopener\"><img loading=\"lazy\" decoding=\"async\" width=\"100\" height=\"100\" class=\"wp-image-9073\" style=\"width: 100px;\" src=\"https:\/\/riograndezac.gob.mx\/informatica\/wp-content\/uploads\/2021\/07\/PDFITO-1.png\" alt=\"\" srcset=\"https:\/\/riograndezac.gob.mx\/informatica\/wp-content\/uploads\/2021\/07\/PDFITO-1.png 512w, https:\/\/riograndezac.gob.mx\/informatica\/wp-content\/uploads\/2021\/07\/PDFITO-1-365x365.png 365w\" sizes=\"auto, (max-width: 100px) 100vw, 100px\" \/><\/a><br>ACTA DE EMISION DE FALLO<\/td><td class=\"has-text-align-center\" data-align=\"center\"><a href=\"https:\/\/riograndezac.gob.mx\/informatica\/wp-content\/uploads\/2021\/11\/FALLO-LICITACION.pdf\" data-type=\"URL\" data-id=\"https:\/\/riograndezac.gob.mx\/informatica\/wp-content\/uploads\/2021\/11\/FALLO-LICITACION.pdf\" target=\"_blank\" rel=\"noreferrer noopener\"><img loading=\"lazy\" decoding=\"async\" width=\"100\" height=\"100\" class=\"wp-image-9073\" style=\"width: 100px;\" src=\"https:\/\/riograndezac.gob.mx\/informatica\/wp-content\/uploads\/2021\/07\/PDFITO-1.png\" alt=\"\" srcset=\"https:\/\/riograndezac.gob.mx\/informatica\/wp-content\/uploads\/2021\/07\/PDFITO-1.png 512w, https:\/\/riograndezac.gob.mx\/informatica\/wp-content\/uploads\/2021\/07\/PDFITO-1-365x365.png 365w\" sizes=\"auto, (max-width: 100px) 100vw, 100px\" \/><\/a><br>FALLO LICITACION<\/td><td class=\"has-text-align-center\" data-align=\"center\"><a href=\"https:\/\/riograndezac.gob.mx\/informatica\/wp-content\/uploads\/2021\/11\/CONTRATO.pdf\" data-type=\"URL\" data-id=\"https:\/\/riograndezac.gob.mx\/informatica\/wp-content\/uploads\/2021\/11\/CONTRATO.pdf\" target=\"_blank\" rel=\"noreferrer noopener\"><img loading=\"lazy\" decoding=\"async\" width=\"100\" height=\"100\" class=\"wp-image-9073\" style=\"width: 100px;\" src=\"https:\/\/riograndezac.gob.mx\/informatica\/wp-content\/uploads\/2021\/07\/PDFITO-1.png\" alt=\"\" srcset=\"https:\/\/riograndezac.gob.mx\/informatica\/wp-content\/uploads\/2021\/07\/PDFITO-1.png 512w, https:\/\/riograndezac.gob.mx\/informatica\/wp-content\/uploads\/2021\/07\/PDFITO-1-365x365.png 365w\" sizes=\"auto, (max-width: 100px) 100vw, 100px\" \/><\/a><br>CONTRATO<\/td><\/tr><tr><td class=\"has-text-align-center\" data-align=\"center\"><\/td><td class=\"has-text-align-center\" data-align=\"center\"><\/td><td class=\"has-text-align-center\" data-align=\"center\"><\/td><\/tr><tr><td class=\"has-text-align-center\" data-align=\"center\"><\/td><td class=\"has-text-align-center\" data-align=\"center\"><\/td><td class=\"has-text-align-center\" data-align=\"center\"><\/td><\/tr><\/tbody><\/table><\/figure>\n","protected":false},"excerpt":{"rendered":"<p>DESCRIPCI\u00d3N DE LA LICITACI\u00d3N CONVOCANTE R. AYUNTAMIENTO 2018- 2021 LUGAR DONDE SE PUEDEN ADQUIRIR LAS BASES El lugar de reuni\u00f3n ser\u00e1 en la Direcci\u00f3n de Obras y Servicios P\u00fablicos, de R. Ayuntamiento R\u00edo Grande localizado en Calle Constituci\u00f3n #36, R\u00edo Grande, Zac, a las&nbsp;09:00&nbsp;horas, FECHA DE VISITA 1 de septiembre de 2021 a las 10:00 hrs. FECHA DE JUNTA DE ACLARACIONES 10:00 horas del 1 de Septiembre de 2021. SUFICIENCIA PRESUPUESTARIA SUFICIENCIA PRESUPUESTARIA DOMO EMILIANO ZAPATA MORONES Oficio de Ejecuci\u00f3n Emiliano Zapata Morones BASES DE LICITACION INVITACIONES BASES ESTATALESDOMO EMILIANO&hellip;<\/p>\n","protected":false},"author":1,"featured_media":0,"parent":0,"menu_order":0,"comment_status":"closed","ping_status":"closed","template":"","meta":{"_monsterinsights_skip_tracking":false,"_monsterinsights_sitenote_active":false,"_monsterinsights_sitenote_note":"","_monsterinsights_sitenote_category":0,"footnotes":""},"class_list":["post-9757","page","type-page","status-publish","hentry"],"_links":{"self":[{"href":"https:\/\/riograndezac.gob.mx\/informatica\/index.php?rest_route=\/wp\/v2\/pages\/9757","targetHints":{"allow":["GET"]}}],"collection":[{"href":"https:\/\/riograndezac.gob.mx\/informatica\/index.php?rest_route=\/wp\/v2\/pages"}],"about":[{"href":"https:\/\/riograndezac.gob.mx\/informatica\/index.php?rest_route=\/wp\/v2\/types\/page"}],"author":[{"embeddable":true,"href":"https:\/\/riograndezac.gob.mx\/informatica\/index.php?rest_route=\/wp\/v2\/users\/1"}],"replies":[{"embeddable":true,"href":"https:\/\/riograndezac.gob.mx\/informatica\/index.php?rest_route=%2Fwp%2Fv2%2Fcomments&post=9757"}],"version-history":[{"count":4,"href":"https:\/\/riograndezac.gob.mx\/informatica\/index.php?rest_route=\/wp\/v2\/pages\/9757\/revisions"}],"predecessor-version":[{"id":9779,"href":"https:\/\/riograndezac.gob.mx\/informatica\/index.php?rest_route=\/wp\/v2\/pages\/9757\/revisions\/9779"}],"wp:attachment":[{"href":"https:\/\/riograndezac.gob.mx\/informatica\/index.php?rest_route=%2Fwp%2Fv2%2Fmedia&parent=9757"}],"curies":[{"name":"wp","href":"https:\/\/api.w.org\/{rel}","templated":true}]}}