{"id":9807,"date":"2021-11-16T17:30:52","date_gmt":"2021-11-16T23:30:52","guid":{"rendered":"https:\/\/riograndezac.gob.mx\/informatica\/?page_id=9807"},"modified":"2021-11-16T17:50:09","modified_gmt":"2021-11-16T23:50:09","slug":"construccion-de-la-red-de-alcantarillado-sanitario-consistente-en-2-814-metros-de-red-de-atarjeas-de-8-de-diametro-en-pvc-serie-25-construccion-de-38-pozos-de-visitay-150-descargas-domiciliarias","status":"publish","type":"page","link":"https:\/\/riograndezac.gob.mx\/informatica\/?page_id=9807","title":{"rendered":"CONSTRUCCION DE LA RED DE ALCANTARILLADO SANITARIO, CONSISTENTE EN: 2, 814 METROS DE RED DE ATARJEAS DE 8&#8243; DE DIAMETRO EN PVC SERIE 25, CONSTRUCCION DE 38 POZOS DE VISITAY 150 DESCARGAS DOMICILIARIAS (ETAPA 2 DE 3) RIO GRANDE, ZAC."},"content":{"rendered":"\n<p><strong>DESCRIPCI\u00d3N DE LA LICITACI\u00d3N<\/strong><\/p>\n\n\n\n<ul class=\"wp-block-list\"><li><strong>CONVOCANTE<\/strong><ul><li>R. AYUNTAMIENTO 2018- 2021<\/li><\/ul><\/li><li><strong>LUGAR DONDE SE PUEDEN ADQUIRIR LAS BASES<\/strong><ul><li>El lugar de reuni\u00f3n ser\u00e1 en la Direcci\u00f3n de Obras y Servicios P\u00fablicos, de R. Ayuntamiento R\u00edo Grande localizado en Calle Constituci\u00f3n #36, R\u00edo Grande, Zac, a las\u00a0<strong>09:00<\/strong>\u00a0horas,<\/li><\/ul><\/li><li><strong>FECHA DE VISITA<\/strong><ul><li><strong>17 de JULIO de 2020<\/strong> <strong>9:00 hrs<\/strong><\/li><\/ul><\/li><li><strong>FECHA DE JUNTA DE ACLARACIONES<\/strong><ul><li><strong>12:00 horas del 17 de julio de 2020.<\/strong><\/li><\/ul><\/li><\/ul>\n\n\n\n<figure class=\"wp-block-table is-style-stripes\"><table><tbody><tr><td><strong>SUFICIENCIA PRESUPUESTARIA<\/strong><\/td><td><\/td><td><strong>BASES DE LICITACION<\/strong><\/td><\/tr><tr><td><a href=\"https:\/\/riograndezac.gob.mx\/informatica\/wp-content\/uploads\/2021\/11\/IO-832039986-E1-2020_PASTELERA.pdf\" data-type=\"URL\" data-id=\"https:\/\/riograndezac.gob.mx\/informatica\/wp-content\/uploads\/2021\/11\/IO-832039986-E1-2020_PASTELERA.pdf\" target=\"_blank\" rel=\"noreferrer noopener\"><img loading=\"lazy\" decoding=\"async\" width=\"100\" height=\"100\" class=\"wp-image-9073\" style=\"width: 100px;\" src=\"https:\/\/riograndezac.gob.mx\/informatica\/wp-content\/uploads\/2021\/07\/PDFITO-1.png\" alt=\"\" srcset=\"https:\/\/riograndezac.gob.mx\/informatica\/wp-content\/uploads\/2021\/07\/PDFITO-1.png 512w, https:\/\/riograndezac.gob.mx\/informatica\/wp-content\/uploads\/2021\/07\/PDFITO-1-365x365.png 365w\" sizes=\"auto, (max-width: 100px) 100vw, 100px\" \/><\/a><br>IO-832039986-E1-2020<br>PASTELERA<\/td><td><a href=\"https:\/\/riograndezac.gob.mx\/informatica\/wp-content\/uploads\/2021\/11\/CONVENIO-ALCANTARILLADO-PASTELERA.pdf\" data-type=\"URL\" data-id=\"https:\/\/riograndezac.gob.mx\/informatica\/wp-content\/uploads\/2021\/11\/CONVENIO-ALCANTARILLADO-PASTELERA.pdf\" target=\"_blank\" rel=\"noreferrer noopener\"><img loading=\"lazy\" decoding=\"async\" width=\"100\" height=\"100\" class=\"wp-image-9073\" style=\"width: 100px;\" src=\"https:\/\/riograndezac.gob.mx\/informatica\/wp-content\/uploads\/2021\/07\/PDFITO-1.png\" alt=\"\" srcset=\"https:\/\/riograndezac.gob.mx\/informatica\/wp-content\/uploads\/2021\/07\/PDFITO-1.png 512w, https:\/\/riograndezac.gob.mx\/informatica\/wp-content\/uploads\/2021\/07\/PDFITO-1-365x365.png 365w\" sizes=\"auto, (max-width: 100px) 100vw, 100px\" \/><\/a><br>CONVENIO ALCANTARILLADO<br> PASTELERA<\/td><td><a href=\"https:\/\/riograndezac.gob.mx\/informatica\/wp-content\/uploads\/2021\/11\/1.-BASES-E1-ALCANTARILLADO-PASTELERA.pdf\" data-type=\"URL\" data-id=\"https:\/\/riograndezac.gob.mx\/informatica\/wp-content\/uploads\/2021\/11\/1.-BASES-E1-ALCANTARILLADO-PASTELERA.pdf\" target=\"_blank\" rel=\"noreferrer noopener\"><img loading=\"lazy\" decoding=\"async\" width=\"100\" height=\"100\" class=\"wp-image-9073\" style=\"width: 100px;\" src=\"https:\/\/riograndezac.gob.mx\/informatica\/wp-content\/uploads\/2021\/07\/PDFITO-1.png\" alt=\"\" srcset=\"https:\/\/riograndezac.gob.mx\/informatica\/wp-content\/uploads\/2021\/07\/PDFITO-1.png 512w, https:\/\/riograndezac.gob.mx\/informatica\/wp-content\/uploads\/2021\/07\/PDFITO-1-365x365.png 365w\" sizes=\"auto, (max-width: 100px) 100vw, 100px\" \/><\/a><br>BASES E1 ALCANTARILLADO<br>PASTELERA<\/td><\/tr><tr><td><strong>INVITACIONES<\/strong><\/td><td><strong>CATALOGOS Y PLANOS<\/strong><\/td><td><strong>VISITA DE OBRA<\/strong><\/td><\/tr><tr><td><a rel=\"noreferrer noopener\" href=\"https:\/\/riograndezac.gob.mx\/informatica\/wp-content\/uploads\/2021\/11\/INVITACIONES-E-1.pdf\" data-type=\"URL\" data-id=\"https:\/\/riograndezac.gob.mx\/informatica\/wp-content\/uploads\/2021\/11\/INVITACIONES-E-1.pdf\" target=\"_blank\"><img loading=\"lazy\" decoding=\"async\" width=\"100\" height=\"100\" class=\"wp-image-9073\" style=\"width: 100px;\" src=\"https:\/\/riograndezac.gob.mx\/informatica\/wp-content\/uploads\/2021\/07\/PDFITO-1.png\" alt=\"\" srcset=\"https:\/\/riograndezac.gob.mx\/informatica\/wp-content\/uploads\/2021\/07\/PDFITO-1.png 512w, https:\/\/riograndezac.gob.mx\/informatica\/wp-content\/uploads\/2021\/07\/PDFITO-1-365x365.png 365w\" sizes=\"auto, (max-width: 100px) 100vw, 100px\" \/><\/a><br>INVITACIONES<\/td><td><a href=\"https:\/\/riograndezac.gob.mx\/informatica\/wp-content\/uploads\/2021\/11\/04.CATALOGO-Y-PLANOS-1.zip\" data-type=\"URL\" data-id=\"https:\/\/riograndezac.gob.mx\/informatica\/wp-content\/uploads\/2021\/11\/04.CATALOGO-Y-PLANOS-1.zip\" target=\"_blank\" rel=\"noreferrer noopener\"><img loading=\"lazy\" decoding=\"async\" width=\"100\" height=\"100\" class=\"wp-image-9768\" style=\"width: 100px;\" src=\"https:\/\/riograndezac.gob.mx\/informatica\/wp-content\/uploads\/2021\/11\/descarga.jpg\" alt=\"\"><\/a><\/td><td><a href=\"https:\/\/riograndezac.gob.mx\/informatica\/wp-content\/uploads\/2021\/11\/VISITA-DE-OBRA_E1_2020.pdf\" data-type=\"URL\" data-id=\"https:\/\/riograndezac.gob.mx\/informatica\/wp-content\/uploads\/2021\/11\/VISITA-DE-OBRA_E1_2020.pdf\" target=\"_blank\" rel=\"noreferrer noopener\"><img loading=\"lazy\" decoding=\"async\" width=\"100\" height=\"100\" class=\"wp-image-9073\" style=\"width: 100px;\" src=\"https:\/\/riograndezac.gob.mx\/informatica\/wp-content\/uploads\/2021\/07\/PDFITO-1.png\" alt=\"\" srcset=\"https:\/\/riograndezac.gob.mx\/informatica\/wp-content\/uploads\/2021\/07\/PDFITO-1.png 512w, https:\/\/riograndezac.gob.mx\/informatica\/wp-content\/uploads\/2021\/07\/PDFITO-1-365x365.png 365w\" sizes=\"auto, (max-width: 100px) 100vw, 100px\" \/><\/a><\/td><\/tr><tr><td><strong>JUNTA DE ACLARACIONES<\/strong><\/td><td><strong>PRESENTACION Y APERTURA<\/strong><\/td><td><strong>FALLO<\/strong><\/td><\/tr><tr><td><a href=\"https:\/\/riograndezac.gob.mx\/informatica\/wp-content\/uploads\/2021\/11\/JUNTA-DE-ACLARACIONES_E1_2020.pdf\" data-type=\"URL\" data-id=\"https:\/\/riograndezac.gob.mx\/informatica\/wp-content\/uploads\/2021\/11\/JUNTA-DE-ACLARACIONES_E1_2020.pdf\" target=\"_blank\" rel=\"noreferrer noopener\"><img loading=\"lazy\" decoding=\"async\" width=\"100\" height=\"100\" class=\"wp-image-9073\" style=\"width: 100px;\" src=\"https:\/\/riograndezac.gob.mx\/informatica\/wp-content\/uploads\/2021\/07\/PDFITO-1.png\" alt=\"\" srcset=\"https:\/\/riograndezac.gob.mx\/informatica\/wp-content\/uploads\/2021\/07\/PDFITO-1.png 512w, https:\/\/riograndezac.gob.mx\/informatica\/wp-content\/uploads\/2021\/07\/PDFITO-1-365x365.png 365w\" sizes=\"auto, (max-width: 100px) 100vw, 100px\" \/><\/a><\/td><td><a href=\"https:\/\/riograndezac.gob.mx\/informatica\/wp-content\/uploads\/2021\/11\/ACTA-PRESENTACION-DE-APERTURA-E1_2020.pdf\" data-type=\"URL\" data-id=\"https:\/\/riograndezac.gob.mx\/informatica\/wp-content\/uploads\/2021\/11\/ACTA-PRESENTACION-DE-APERTURA-E1_2020.pdf\" target=\"_blank\" rel=\"noreferrer noopener\"><img loading=\"lazy\" decoding=\"async\" width=\"100\" height=\"100\" class=\"wp-image-9073\" style=\"width: 100px;\" src=\"https:\/\/riograndezac.gob.mx\/informatica\/wp-content\/uploads\/2021\/07\/PDFITO-1.png\" alt=\"\" srcset=\"https:\/\/riograndezac.gob.mx\/informatica\/wp-content\/uploads\/2021\/07\/PDFITO-1.png 512w, https:\/\/riograndezac.gob.mx\/informatica\/wp-content\/uploads\/2021\/07\/PDFITO-1-365x365.png 365w\" sizes=\"auto, (max-width: 100px) 100vw, 100px\" \/><\/a><\/td><td><a href=\"https:\/\/riograndezac.gob.mx\/informatica\/wp-content\/uploads\/2021\/11\/ACTA-DE-FALLO-E1-SISTEMA.pdf\" data-type=\"URL\" data-id=\"https:\/\/riograndezac.gob.mx\/informatica\/wp-content\/uploads\/2021\/11\/ACTA-DE-FALLO-E1-SISTEMA.pdf\" target=\"_blank\" rel=\"noreferrer noopener\"><img loading=\"lazy\" decoding=\"async\" width=\"100\" height=\"100\" class=\"wp-image-9073\" style=\"width: 100px;\" src=\"https:\/\/riograndezac.gob.mx\/informatica\/wp-content\/uploads\/2021\/07\/PDFITO-1.png\" alt=\"\" srcset=\"https:\/\/riograndezac.gob.mx\/informatica\/wp-content\/uploads\/2021\/07\/PDFITO-1.png 512w, https:\/\/riograndezac.gob.mx\/informatica\/wp-content\/uploads\/2021\/07\/PDFITO-1-365x365.png 365w\" sizes=\"auto, (max-width: 100px) 100vw, 100px\" \/><\/a><\/td><\/tr><tr><td><strong>CONTRATO<\/strong><\/td><td><\/td><td><\/td><\/tr><tr><td><a href=\"https:\/\/riograndezac.gob.mx\/informatica\/wp-content\/uploads\/2021\/11\/CONTRATO-ALCANTARILLADO-PASTELERA-043.pdf\" data-type=\"URL\" data-id=\"https:\/\/riograndezac.gob.mx\/informatica\/wp-content\/uploads\/2021\/11\/CONTRATO-ALCANTARILLADO-PASTELERA-043.pdf\" target=\"_blank\" rel=\"noreferrer noopener\"><img loading=\"lazy\" decoding=\"async\" width=\"100\" height=\"100\" class=\"wp-image-9073\" style=\"width: 100px;\" src=\"https:\/\/riograndezac.gob.mx\/informatica\/wp-content\/uploads\/2021\/07\/PDFITO-1.png\" alt=\"\" srcset=\"https:\/\/riograndezac.gob.mx\/informatica\/wp-content\/uploads\/2021\/07\/PDFITO-1.png 512w, https:\/\/riograndezac.gob.mx\/informatica\/wp-content\/uploads\/2021\/07\/PDFITO-1-365x365.png 365w\" sizes=\"auto, (max-width: 100px) 100vw, 100px\" \/><\/a><\/td><td><\/td><td><\/td><\/tr><tr><td><\/td><td><\/td><td><\/td><\/tr><tr><td><\/td><td><\/td><td><\/td><\/tr><\/tbody><\/table><\/figure>\n","protected":false},"excerpt":{"rendered":"<p>DESCRIPCI\u00d3N DE LA LICITACI\u00d3N CONVOCANTE R. AYUNTAMIENTO 2018- 2021 LUGAR DONDE SE PUEDEN ADQUIRIR LAS BASES El lugar de reuni\u00f3n ser\u00e1 en la Direcci\u00f3n de Obras y Servicios P\u00fablicos, de R. Ayuntamiento R\u00edo Grande localizado en Calle Constituci\u00f3n #36, R\u00edo Grande, Zac, a las\u00a009:00\u00a0horas, FECHA DE VISITA 17 de JULIO de 2020 9:00 hrs FECHA DE JUNTA DE ACLARACIONES 12:00 horas del 17 de julio de 2020. SUFICIENCIA PRESUPUESTARIA BASES DE LICITACION IO-832039986-E1-2020PASTELERA CONVENIO ALCANTARILLADO PASTELERA BASES E1 ALCANTARILLADOPASTELERA INVITACIONES CATALOGOS Y PLANOS VISITA DE OBRA INVITACIONES JUNTA DE ACLARACIONES&hellip;<\/p>\n","protected":false},"author":1,"featured_media":0,"parent":0,"menu_order":0,"comment_status":"closed","ping_status":"closed","template":"","meta":{"_monsterinsights_skip_tracking":false,"_monsterinsights_sitenote_active":false,"_monsterinsights_sitenote_note":"","_monsterinsights_sitenote_category":0,"footnotes":""},"class_list":["post-9807","page","type-page","status-publish","hentry"],"_links":{"self":[{"href":"https:\/\/riograndezac.gob.mx\/informatica\/index.php?rest_route=\/wp\/v2\/pages\/9807","targetHints":{"allow":["GET"]}}],"collection":[{"href":"https:\/\/riograndezac.gob.mx\/informatica\/index.php?rest_route=\/wp\/v2\/pages"}],"about":[{"href":"https:\/\/riograndezac.gob.mx\/informatica\/index.php?rest_route=\/wp\/v2\/types\/page"}],"author":[{"embeddable":true,"href":"https:\/\/riograndezac.gob.mx\/informatica\/index.php?rest_route=\/wp\/v2\/users\/1"}],"replies":[{"embeddable":true,"href":"https:\/\/riograndezac.gob.mx\/informatica\/index.php?rest_route=%2Fwp%2Fv2%2Fcomments&post=9807"}],"version-history":[{"count":5,"href":"https:\/\/riograndezac.gob.mx\/informatica\/index.php?rest_route=\/wp\/v2\/pages\/9807\/revisions"}],"predecessor-version":[{"id":9825,"href":"https:\/\/riograndezac.gob.mx\/informatica\/index.php?rest_route=\/wp\/v2\/pages\/9807\/revisions\/9825"}],"wp:attachment":[{"href":"https:\/\/riograndezac.gob.mx\/informatica\/index.php?rest_route=%2Fwp%2Fv2%2Fmedia&parent=9807"}],"curies":[{"name":"wp","href":"https:\/\/api.w.org\/{rel}","templated":true}]}}