{"id":9827,"date":"2021-11-16T17:59:56","date_gmt":"2021-11-16T23:59:56","guid":{"rendered":"https:\/\/riograndezac.gob.mx\/informatica\/?page_id=9827"},"modified":"2021-11-16T18:15:50","modified_gmt":"2021-11-17T00:15:50","slug":"mejora-de-colector-consistente-en60-metros-de-emisor-de-60-cm-24-de-diametro-2290-de-tuberia-pvc-con-junta-hermetica-de-40-cm-609-de-diametro-de-serie-25-y-20-descargas-domiciliarias-rio-g","status":"publish","type":"page","link":"https:\/\/riograndezac.gob.mx\/informatica\/?page_id=9827","title":{"rendered":"MEJORA DE COLECTOR CONSISTENTE EN:60 METROS DE EMISOR DE 60 CM (24&#8243;) DE DIAMETRO, 2,290 DE TUBERIA PVC CON JUNTA HERMETICA DE 40 CM (60&#8243;9) DE DIAMETRO DE SERIE 25 Y 20 DESCARGAS DOMICILIARIAS, RIO GRANDE, ZAC."},"content":{"rendered":"\n<p><strong>DESCRIPCI\u00d3N DE LA LICITACI\u00d3N<\/strong><\/p>\n\n\n\n<ul class=\"wp-block-list\"><li><strong>CONVOCANTE<\/strong><ul><li>R. AYUNTAMIENTO 2018- 2021<\/li><\/ul><\/li><li><strong>LUGAR DONDE SE PUEDEN ADQUIRIR LAS BASES<\/strong><ul><li>El lugar de reuni\u00f3n ser\u00e1 en la Direcci\u00f3n de Obras y Servicios P\u00fablicos, de R. Ayuntamiento R\u00edo Grande localizado en Calle Constituci\u00f3n #36, R\u00edo Grande, Zac, a las\u00a0<strong>09:00<\/strong>\u00a0horas,<\/li><\/ul><\/li><li><strong>FECHA DE VISITA<\/strong><ul><li><strong>20 de JULIO de 2020<\/strong> <strong>a las 9:00 hrs.<\/strong><\/li><\/ul><\/li><li><strong>FECHA DE JUNTA DE ACLARACIONES<\/strong><ul><li><strong>12:00 horas del 20 de julio de 2020.<\/strong><\/li><\/ul><\/li><\/ul>\n\n\n\n<figure class=\"wp-block-table is-style-stripes\"><table><tbody><tr><td><strong>SUFICIENCIA PRESUPUESTARIA<\/strong><\/td><td><strong>BASES DE LICITACION<\/strong><\/td><td><strong>INVITACIONES<\/strong><\/td><\/tr><tr><td><a rel=\"noreferrer noopener\" href=\"https:\/\/riograndezac.gob.mx\/informatica\/wp-content\/uploads\/2021\/11\/E2-2020_-OFICIO-COLECTOR.pdf\" data-type=\"URL\" data-id=\"https:\/\/riograndezac.gob.mx\/informatica\/wp-content\/uploads\/2021\/11\/E2-2020_-OFICIO-COLECTOR.pdf\" target=\"_blank\"><img loading=\"lazy\" decoding=\"async\" width=\"100\" height=\"100\" class=\"wp-image-9073\" style=\"width: 100px;\" src=\"https:\/\/riograndezac.gob.mx\/informatica\/wp-content\/uploads\/2021\/07\/PDFITO-1.png\" alt=\"\" srcset=\"https:\/\/riograndezac.gob.mx\/informatica\/wp-content\/uploads\/2021\/07\/PDFITO-1.png 512w, https:\/\/riograndezac.gob.mx\/informatica\/wp-content\/uploads\/2021\/07\/PDFITO-1-365x365.png 365w\" sizes=\"auto, (max-width: 100px) 100vw, 100px\" \/><\/a><br>OFICIO COLECTOR<\/td><td><a href=\"https:\/\/riograndezac.gob.mx\/informatica\/wp-content\/uploads\/2021\/11\/1.-BASES-E2-COLECTOR.pdf\" data-type=\"URL\" data-id=\"https:\/\/riograndezac.gob.mx\/informatica\/wp-content\/uploads\/2021\/11\/1.-BASES-E2-COLECTOR.pdf\" target=\"_blank\" rel=\"noreferrer noopener\"><img loading=\"lazy\" decoding=\"async\" width=\"100\" height=\"100\" class=\"wp-image-9073\" style=\"width: 100px;\" src=\"https:\/\/riograndezac.gob.mx\/informatica\/wp-content\/uploads\/2021\/07\/PDFITO-1.png\" alt=\"\" srcset=\"https:\/\/riograndezac.gob.mx\/informatica\/wp-content\/uploads\/2021\/07\/PDFITO-1.png 512w, https:\/\/riograndezac.gob.mx\/informatica\/wp-content\/uploads\/2021\/07\/PDFITO-1-365x365.png 365w\" sizes=\"auto, (max-width: 100px) 100vw, 100px\" \/><\/a><br>BASE COLECTOR<\/td><td><a href=\"https:\/\/riograndezac.gob.mx\/informatica\/wp-content\/uploads\/2021\/11\/INVITACIONES-E-2.pdf\" data-type=\"URL\" data-id=\"https:\/\/riograndezac.gob.mx\/informatica\/wp-content\/uploads\/2021\/11\/INVITACIONES-E-2.pdf\" target=\"_blank\" rel=\"noreferrer noopener\"><img loading=\"lazy\" decoding=\"async\" width=\"100\" height=\"100\" class=\"wp-image-9073\" style=\"width: 100px;\" src=\"https:\/\/riograndezac.gob.mx\/informatica\/wp-content\/uploads\/2021\/07\/PDFITO-1.png\" alt=\"\" srcset=\"https:\/\/riograndezac.gob.mx\/informatica\/wp-content\/uploads\/2021\/07\/PDFITO-1.png 512w, https:\/\/riograndezac.gob.mx\/informatica\/wp-content\/uploads\/2021\/07\/PDFITO-1-365x365.png 365w\" sizes=\"auto, (max-width: 100px) 100vw, 100px\" \/><\/a><\/td><\/tr><tr><td><strong>CATALOGOS Y PLANOS <\/strong><\/td><td><strong>VISITA DE OBRA<\/strong><\/td><td><strong>JUNTA DE ACLARACIONES<\/strong><\/td><\/tr><tr><td><a href=\"https:\/\/riograndezac.gob.mx\/informatica\/wp-content\/uploads\/2021\/11\/04.CATALOGO-Y-PLANOS-2.zip\" data-type=\"URL\" data-id=\"https:\/\/riograndezac.gob.mx\/informatica\/wp-content\/uploads\/2021\/11\/04.CATALOGO-Y-PLANOS-2.zip\" target=\"_blank\" rel=\"noreferrer noopener\"><img loading=\"lazy\" decoding=\"async\" width=\"100\" height=\"100\" class=\"wp-image-9768\" style=\"width: 100px;\" src=\"https:\/\/riograndezac.gob.mx\/informatica\/wp-content\/uploads\/2021\/11\/descarga.jpg\" alt=\"\"><\/a><\/td><td><a href=\"https:\/\/riograndezac.gob.mx\/informatica\/wp-content\/uploads\/2021\/11\/VISITA-DE-OBRA_E2_2020.pdf\" data-type=\"URL\" data-id=\"https:\/\/riograndezac.gob.mx\/informatica\/wp-content\/uploads\/2021\/11\/VISITA-DE-OBRA_E2_2020.pdf\" target=\"_blank\" rel=\"noreferrer noopener\"><img loading=\"lazy\" decoding=\"async\" width=\"100\" height=\"100\" class=\"wp-image-9073\" style=\"width: 100px;\" src=\"https:\/\/riograndezac.gob.mx\/informatica\/wp-content\/uploads\/2021\/07\/PDFITO-1.png\" alt=\"\" srcset=\"https:\/\/riograndezac.gob.mx\/informatica\/wp-content\/uploads\/2021\/07\/PDFITO-1.png 512w, https:\/\/riograndezac.gob.mx\/informatica\/wp-content\/uploads\/2021\/07\/PDFITO-1-365x365.png 365w\" sizes=\"auto, (max-width: 100px) 100vw, 100px\" \/><\/a><\/td><td><a href=\"https:\/\/riograndezac.gob.mx\/informatica\/wp-content\/uploads\/2021\/11\/JUNTA-DE-ACLARACIONES-E2_2020.pdf\" data-type=\"URL\" data-id=\"https:\/\/riograndezac.gob.mx\/informatica\/wp-content\/uploads\/2021\/11\/JUNTA-DE-ACLARACIONES-E2_2020.pdf\" target=\"_blank\" rel=\"noreferrer noopener\"><img loading=\"lazy\" decoding=\"async\" width=\"100\" height=\"100\" class=\"wp-image-9073\" style=\"width: 100px;\" src=\"https:\/\/riograndezac.gob.mx\/informatica\/wp-content\/uploads\/2021\/07\/PDFITO-1.png\" alt=\"\" srcset=\"https:\/\/riograndezac.gob.mx\/informatica\/wp-content\/uploads\/2021\/07\/PDFITO-1.png 512w, https:\/\/riograndezac.gob.mx\/informatica\/wp-content\/uploads\/2021\/07\/PDFITO-1-365x365.png 365w\" sizes=\"auto, (max-width: 100px) 100vw, 100px\" \/><\/a><\/td><\/tr><tr><td><strong>PRESENTACION Y APERTURA<\/strong><\/td><td><strong>FALLO<\/strong><\/td><td><\/td><\/tr><tr><td><a href=\"https:\/\/riograndezac.gob.mx\/informatica\/wp-content\/uploads\/2021\/11\/ACTA-DE-PRESENTACION-Y-APERTURA-E2-20.pdf\" data-type=\"URL\" data-id=\"https:\/\/riograndezac.gob.mx\/informatica\/wp-content\/uploads\/2021\/11\/ACTA-DE-PRESENTACION-Y-APERTURA-E2-20.pdf\" target=\"_blank\" rel=\"noreferrer noopener\"><img loading=\"lazy\" decoding=\"async\" width=\"100\" height=\"100\" class=\"wp-image-9073\" style=\"width: 100px;\" src=\"https:\/\/riograndezac.gob.mx\/informatica\/wp-content\/uploads\/2021\/07\/PDFITO-1.png\" alt=\"\" srcset=\"https:\/\/riograndezac.gob.mx\/informatica\/wp-content\/uploads\/2021\/07\/PDFITO-1.png 512w, https:\/\/riograndezac.gob.mx\/informatica\/wp-content\/uploads\/2021\/07\/PDFITO-1-365x365.png 365w\" sizes=\"auto, (max-width: 100px) 100vw, 100px\" \/><\/a><\/td><td><a href=\"https:\/\/riograndezac.gob.mx\/informatica\/wp-content\/uploads\/2021\/11\/ACTA-DE-FALLO-E2.pdf\" data-type=\"URL\" data-id=\"https:\/\/riograndezac.gob.mx\/informatica\/wp-content\/uploads\/2021\/11\/ACTA-DE-FALLO-E2.pdf\" target=\"_blank\" rel=\"noreferrer noopener\"><img loading=\"lazy\" decoding=\"async\" width=\"100\" height=\"100\" class=\"wp-image-9073\" style=\"width: 100px;\" src=\"https:\/\/riograndezac.gob.mx\/informatica\/wp-content\/uploads\/2021\/07\/PDFITO-1.png\" alt=\"\" srcset=\"https:\/\/riograndezac.gob.mx\/informatica\/wp-content\/uploads\/2021\/07\/PDFITO-1.png 512w, https:\/\/riograndezac.gob.mx\/informatica\/wp-content\/uploads\/2021\/07\/PDFITO-1-365x365.png 365w\" sizes=\"auto, (max-width: 100px) 100vw, 100px\" \/><\/a><br>ACTA DE FALLO<\/td><td><a href=\"https:\/\/riograndezac.gob.mx\/informatica\/wp-content\/uploads\/2021\/11\/FALLO-E2.pdf\" data-type=\"URL\" data-id=\"https:\/\/riograndezac.gob.mx\/informatica\/wp-content\/uploads\/2021\/11\/FALLO-E2.pdf\" target=\"_blank\" rel=\"noreferrer noopener\"><img loading=\"lazy\" decoding=\"async\" width=\"100\" height=\"100\" class=\"wp-image-9073\" style=\"width: 100px;\" src=\"https:\/\/riograndezac.gob.mx\/informatica\/wp-content\/uploads\/2021\/07\/PDFITO-1.png\" alt=\"\" srcset=\"https:\/\/riograndezac.gob.mx\/informatica\/wp-content\/uploads\/2021\/07\/PDFITO-1.png 512w, https:\/\/riograndezac.gob.mx\/informatica\/wp-content\/uploads\/2021\/07\/PDFITO-1-365x365.png 365w\" sizes=\"auto, (max-width: 100px) 100vw, 100px\" \/><\/a><br>FALLO E2<\/td><\/tr><tr><td><strong>CONTRATO<\/strong><\/td><td><\/td><td><\/td><\/tr><tr><td><a rel=\"noreferrer noopener\" href=\"https:\/\/riograndezac.gob.mx\/informatica\/wp-content\/uploads\/2021\/11\/CONTRATO-DE-OBRA-PUBLICA-E2-COLECTOR-60-MTS-EN-RIO-GRANDE.pdf\" data-type=\"URL\" data-id=\"https:\/\/riograndezac.gob.mx\/informatica\/wp-content\/uploads\/2021\/11\/CONTRATO-DE-OBRA-PUBLICA-E2-COLECTOR-60-MTS-EN-RIO-GRANDE.pdf\" target=\"_blank\"><img loading=\"lazy\" decoding=\"async\" width=\"100\" height=\"100\" class=\"wp-image-9073\" style=\"width: 100px;\" src=\"https:\/\/riograndezac.gob.mx\/informatica\/wp-content\/uploads\/2021\/07\/PDFITO-1.png\" alt=\"\" srcset=\"https:\/\/riograndezac.gob.mx\/informatica\/wp-content\/uploads\/2021\/07\/PDFITO-1.png 512w, https:\/\/riograndezac.gob.mx\/informatica\/wp-content\/uploads\/2021\/07\/PDFITO-1-365x365.png 365w\" sizes=\"auto, (max-width: 100px) 100vw, 100px\" \/><\/a><br>CONTRATO DE OBRA PUBLICA <br>E2 COLECTOR 60 MTS <br>EN RIO GRANDE<\/td><td><\/td><td><\/td><\/tr><tr><td><\/td><td><\/td><td><\/td><\/tr><\/tbody><\/table><\/figure>\n","protected":false},"excerpt":{"rendered":"<p>DESCRIPCI\u00d3N DE LA LICITACI\u00d3N CONVOCANTE R. AYUNTAMIENTO 2018- 2021 LUGAR DONDE SE PUEDEN ADQUIRIR LAS BASES El lugar de reuni\u00f3n ser\u00e1 en la Direcci\u00f3n de Obras y Servicios P\u00fablicos, de R. Ayuntamiento R\u00edo Grande localizado en Calle Constituci\u00f3n #36, R\u00edo Grande, Zac, a las\u00a009:00\u00a0horas, FECHA DE VISITA 20 de JULIO de 2020 a las 9:00 hrs. FECHA DE JUNTA DE ACLARACIONES 12:00 horas del 20 de julio de 2020. SUFICIENCIA PRESUPUESTARIA BASES DE LICITACION INVITACIONES OFICIO COLECTOR BASE COLECTOR CATALOGOS Y PLANOS VISITA DE OBRA JUNTA DE ACLARACIONES PRESENTACION Y&hellip;<\/p>\n","protected":false},"author":1,"featured_media":0,"parent":0,"menu_order":0,"comment_status":"closed","ping_status":"closed","template":"","meta":{"_monsterinsights_skip_tracking":false,"_monsterinsights_sitenote_active":false,"_monsterinsights_sitenote_note":"","_monsterinsights_sitenote_category":0,"footnotes":""},"class_list":["post-9827","page","type-page","status-publish","hentry"],"_links":{"self":[{"href":"https:\/\/riograndezac.gob.mx\/informatica\/index.php?rest_route=\/wp\/v2\/pages\/9827","targetHints":{"allow":["GET"]}}],"collection":[{"href":"https:\/\/riograndezac.gob.mx\/informatica\/index.php?rest_route=\/wp\/v2\/pages"}],"about":[{"href":"https:\/\/riograndezac.gob.mx\/informatica\/index.php?rest_route=\/wp\/v2\/types\/page"}],"author":[{"embeddable":true,"href":"https:\/\/riograndezac.gob.mx\/informatica\/index.php?rest_route=\/wp\/v2\/users\/1"}],"replies":[{"embeddable":true,"href":"https:\/\/riograndezac.gob.mx\/informatica\/index.php?rest_route=%2Fwp%2Fv2%2Fcomments&post=9827"}],"version-history":[{"count":6,"href":"https:\/\/riograndezac.gob.mx\/informatica\/index.php?rest_route=\/wp\/v2\/pages\/9827\/revisions"}],"predecessor-version":[{"id":9848,"href":"https:\/\/riograndezac.gob.mx\/informatica\/index.php?rest_route=\/wp\/v2\/pages\/9827\/revisions\/9848"}],"wp:attachment":[{"href":"https:\/\/riograndezac.gob.mx\/informatica\/index.php?rest_route=%2Fwp%2Fv2%2Fmedia&parent=9827"}],"curies":[{"name":"wp","href":"https:\/\/api.w.org\/{rel}","templated":true}]}}